{"id":49093,"date":"2025-09-22T11:30:06","date_gmt":"2025-09-22T09:30:06","guid":{"rendered":"https:\/\/www.alternatievemiddelen.nl\/?post_type=product&#038;p=49093"},"modified":"2025-12-15T10:56:38","modified_gmt":"2025-12-15T09:56:38","slug":"mom-flow-moms-delight-thee","status":"publish","type":"product","link":"https:\/\/www.alternatievemiddelen.nl\/es\/productos\/mom-flow-moms-delight-tea\/","title":{"rendered":"T\u00e9 Mom Flow Mom's Delight | T\u00e9 para embarazadas - 75 gr"},"content":{"rendered":"<p>El t\u00e9 Mom Flow Mom's Delight es una armoniosa mezcla de hierbas naturales especialmente formulada para las mujeres que desean relajarse y encontrar el equilibrio de forma natural durante el embarazo. Con ingredientes cuidadosamente seleccionados como la ortiga, la paja de avena y la melisa, este t\u00e9 ofrece un apoyo suave durante un periodo especial. Disfrute del relajante sabor de la manzanilla y la rosa mosqueta, con un toque de c\u00e1lido jengibre.<br \/>\n- Mantiene su equilibrio natural en caso de malestar<br \/>\n- Mezcla de especias, mezclada a mano<br \/>\n- Sin hojas de frambuesa<br \/>\n- Contenido: 75 gramos<br \/>\n- 100% descafeinado<br \/>\n&nbsp;<\/p>\n<h3>Ingredientes:<\/h3>\n<p>Ortiga, paja de avena, melisa, jengibre, manzanilla, escaramujo<br \/>\n&nbsp;<\/p>\n<h3>\u00bfQu\u00e9 es el t\u00e9 Mom Flow Mom's Delight?<\/h3>\n<p>El t\u00e9 Mom Flow Mom's Delight es una mezcla org\u00e1nica de hierbas cuidadosamente seleccionadas, especialmente formulada para mujeres que desean relajarse y encontrar el equilibrio de forma natural durante su embarazo. Este t\u00e9 ayuda a tu cuerpo durante este periodo tan especial y te ayuda a relajarte de forma suave y natural. Los ingredientes cuidadosamente elegidos se adaptan a un estilo de vida consciente y solidario.<\/p>\n<p>El t\u00e9 se presenta a granel, para que pueda preparar f\u00e1cilmente su propia taza o tetera de deliciosa infusi\u00f3n.<br \/>\n&nbsp;<\/p>\n<h3>\u00bfC\u00f3mo funciona el t\u00e9 Mom Flow Mom's Delight?<\/h3>\n<p>El t\u00e9 Mom Flow Mom's Delight s\u00f3lo contiene hierbas que pueden contribuir de forma suave y natural a tu bienestar durante el embarazo.<\/p>\n<ul>\n<li>Ortiga: rica en vitaminas y minerales, favorece la vitalidad general y ayuda a mantener una hidrataci\u00f3n saludable*.<\/li>\n<li>Paja de avena - Contiene nutrientes naturales que pueden contribuir a la relajaci\u00f3n y a un estado de \u00e1nimo equilibrado.*<\/li>\n<li>Melisa - Es conocida por sus propiedades calmantes y puede ayudar a promover la paz interior.*<\/li>\n<li>Jengibre - Favorece la digesti\u00f3n y contribuye a una sensaci\u00f3n de bienestar en el est\u00f3mago*.<\/li>\n<li>Manzanilla - Una hierba suave y calmante que ayuda a relajarse y desconectar.*<\/li>\n<li>Rosa mosqueta - Rica en vitamina C y antioxidantes, refuerza el sistema inmunitario y aporta un sabor dulce y fresco.<\/li>\n<\/ul>\n<p>&nbsp;<br \/>\n<i>* Debido a la legislaci\u00f3n vigente, s\u00f3lo puede compartirse informaci\u00f3n limitada sobre los usos potenciales de las hierbas de este t\u00e9. Las declaraciones de propiedades saludables est\u00e1n pendientes de aprobaci\u00f3n por la Comisi\u00f3n Europea.<\/i><br \/>\n&nbsp;<\/p>\n<h4>Contenido:<\/h4>\n<p>Un paquete de t\u00e9 Mom Flow Mom's Delight contiene 75 gramos de t\u00e9 de hierbas a granel. Esto es m\u00e1s que suficiente para un mes, si bebieras de una a dos tazas de t\u00e9 al d\u00eda.<br \/>\nEl producto es vegano y no contiene cafe\u00edna, por lo que tambi\u00e9n es ideal para tomar por la noche.<br \/>\n&nbsp;<\/p>\n<h4>Consejos de ajuste<\/h4>\n<p>C\u00f3mo utilizar y preparar el t\u00e9 Moon Flow se puede leer en <a href=\"https:\/\/www.alternatievemiddelen.nl\/es\/como-utilizar-y-preparar-el-te-moon-flow\/\">nuestra p\u00e1gina dedicada en nuestra biblioteca<\/a>. O lea las respuestas en <a href=\"https:\/\/www.alternatievemiddelen.nl\/es\/preguntas-frecuentes-moon-flow-tea\/\">preguntas frecuentes T\u00e9 Moon Flow<\/a>.<br \/>\n&nbsp;<br \/>\n&nbsp;<br \/>\n<b>\u00a1Atenci\u00f3n!<\/b><br \/>\n- La tisana no sustituye el consejo ni el tratamiento m\u00e9dico; consulte siempre a su m\u00e9dico si tiene alguna duda.<\/p>\n<p>- Si padece alguna enfermedad, toma medicaci\u00f3n, est\u00e1 embarazada o en per\u00edodo de lactancia, consulte a su m\u00e9dico o matrona antes de tomar esta infusi\u00f3n.<\/p>\n<p>- Este t\u00e9 est\u00e1 especialmente dise\u00f1ado para adultos.<\/p>","protected":false},"excerpt":{"rendered":"<p>El t\u00e9 Mom Flow Mom's Delight es una mezcla de hierbas naturales especial para mujeres que desean relajarse y encontrar el equilibrio durante el embarazo.<\/p>\n<p><b>\u00bfAprovecha los descuentos de los paquetes? Configure su <a href=\"https:\/\/www.alternatievemiddelen.nl\/es\/productos\/kit-de-iniciacion-al-te-moon-flow\/\"><b>Crea tu propio paquete de productos de t\u00e9 Moon Flow<\/b><\/a> y reciba un descuento.<\/b>\t<\/p>","protected":false},"featured_media":49105,"comment_status":"open","ping_status":"closed","template":"","meta":[],"product_brand":[],"product_cat":[3042,3771],"product_tag":[2951,3086,2875,3780,3779,3797,3798,3795,3776,3089,3796],"merk":[3768],"class_list":{"0":"post-49093","1":"product","2":"type-product","3":"status-publish","4":"has-post-thumbnail","6":"product_cat-gezonde-voedingsmiddelen","7":"product_cat-mom-flow-thee-tijdens-en-na-zwangerschap-thee","8":"product_tag-biologisch","9":"product_tag-cafeinevrij","10":"product_tag-gezondheid","11":"product_tag-hormoonbalans","12":"product_tag-kruidenthee","13":"product_tag-mom-flow","14":"product_tag-mom-flow-moms-delight","15":"product_tag-mom-flow-moms-delight-thee","16":"product_tag-moon-flow","17":"product_tag-thee","18":"product_tag-zwangerschapsthee","19":"merk-moon-flow-thee","21":"first","22":"instock","23":"taxable","24":"shipping-taxable","25":"purchasable","26":"product-type-simple"},"bundled_by":["49136"],"bundle_stock_status":"instock","bundle_stock_quantity":null,"bundle_virtual":false,"bundle_layout":"","bundle_add_to_cart_form_location":"","bundle_editable_in_cart":false,"bundle_sold_individually_context":"","bundle_item_grouping":"","bundle_min_size":"","bundle_max_size":"","bundle_price":[],"bundled_items":[],"bundle_sell_ids":[44176,49111,49119],"yoast_head":"<!-- This site is optimized with the Yoast SEO plugin v26.1 - https:\/\/yoast.com\/wordpress\/plugins\/seo\/ -->\n<title>Mom Flow Mom\u2019s Delight thee | Zwangerschapsthee - 75 gr - Alternatievemiddelen.nl<\/title>\n<meta name=\"description\" content=\"Mom Flow Mom\u2019s Delight thee is een blend van natuurlijke kruiden, speciaal voor vrouwen die tijdens hun zwangerschap willen ontspannen en balans vinden.\" \/>\n<meta name=\"robots\" content=\"index, follow, max-snippet:-1, max-image-preview:large, max-video-preview:-1\" \/>\n<link rel=\"canonical\" href=\"https:\/\/www.alternatievemiddelen.nl\/es\/wp-json\/wp\/v2\/product\/49093\" \/>\n<meta property=\"og:locale\" content=\"es_ES\" \/>\n<meta property=\"og:type\" content=\"article\" \/>\n<meta property=\"og:title\" content=\"Mom Flow Mom\u2019s Delight thee | Zwangerschapsthee - 75 gr - Alternatievemiddelen.nl\" \/>\n<meta property=\"og:description\" content=\"Mom Flow Mom\u2019s Delight thee is een blend van natuurlijke kruiden, speciaal voor vrouwen die tijdens hun zwangerschap willen ontspannen en balans vinden.\" \/>\n<meta property=\"og:url\" content=\"https:\/\/www.alternatievemiddelen.nl\/es\/productos\/mom-flow-moms-delight-tea\/\" \/>\n<meta property=\"og:site_name\" content=\"Alternatievemiddelen.nl\" \/>\n<meta property=\"article:modified_time\" content=\"2025-12-15T09:56:38+00:00\" \/>\n<meta property=\"og:image\" content=\"\/wp-content\/uploads\/2025\/09\/Mom-Flow-Moms-Delight-thee-1.jpg\" \/>\n\t<meta property=\"og:image:width\" content=\"600\" \/>\n\t<meta property=\"og:image:height\" content=\"800\" \/>\n\t<meta property=\"og:image:type\" content=\"image\/jpeg\" \/>\n<meta name=\"twitter:card\" content=\"summary_large_image\" \/>\n<meta name=\"twitter:label1\" content=\"Tiempo de lectura\" \/>\n\t<meta name=\"twitter:data1\" content=\"3 minutos\" \/>\n<script type=\"application\/ld+json\" class=\"yoast-schema-graph\">{\"@context\":\"https:\/\/schema.org\",\"@graph\":[{\"@type\":[\"WebPage\",\"ItemPage\"],\"@id\":\"https:\/\/www.alternatievemiddelen.nl\/producten\/mom-flow-moms-delight-thee\/\",\"url\":\"https:\/\/www.alternatievemiddelen.nl\/producten\/mom-flow-moms-delight-thee\/\",\"name\":\"Mom Flow Mom\u2019s Delight thee | Zwangerschapsthee - 75 gr - Alternatievemiddelen.nl\",\"isPartOf\":{\"@id\":\"https:\/\/www.alternatievemiddelen.nl\/#website\"},\"primaryImageOfPage\":{\"@id\":\"https:\/\/www.alternatievemiddelen.nl\/producten\/mom-flow-moms-delight-thee\/#primaryimage\"},\"image\":{\"@id\":\"https:\/\/www.alternatievemiddelen.nl\/producten\/mom-flow-moms-delight-thee\/#primaryimage\"},\"thumbnailUrl\":\"https:\/\/www.alternatievemiddelen.nl\/wp-content\/uploads\/2025\/09\/Mom-Flow-Moms-Delight-thee-1.jpg\",\"datePublished\":\"2025-09-22T09:30:06+00:00\",\"dateModified\":\"2025-12-15T09:56:38+00:00\",\"description\":\"Mom Flow Mom\u2019s Delight thee is een blend van natuurlijke kruiden, speciaal voor vrouwen die tijdens hun zwangerschap willen ontspannen en balans vinden.\",\"breadcrumb\":{\"@id\":\"https:\/\/www.alternatievemiddelen.nl\/producten\/mom-flow-moms-delight-thee\/#breadcrumb\"},\"inLanguage\":\"es\",\"potentialAction\":[{\"@type\":\"ReadAction\",\"target\":[\"https:\/\/www.alternatievemiddelen.nl\/producten\/mom-flow-moms-delight-thee\/\"]}]},{\"@type\":\"ImageObject\",\"inLanguage\":\"es\",\"@id\":\"https:\/\/www.alternatievemiddelen.nl\/producten\/mom-flow-moms-delight-thee\/#primaryimage\",\"url\":\"https:\/\/www.alternatievemiddelen.nl\/wp-content\/uploads\/2025\/09\/Mom-Flow-Moms-Delight-thee-1.jpg\",\"contentUrl\":\"https:\/\/www.alternatievemiddelen.nl\/wp-content\/uploads\/2025\/09\/Mom-Flow-Moms-Delight-thee-1.jpg\",\"width\":600,\"height\":800,\"caption\":\"Mom Flow Mom's Delight thee\"},{\"@type\":\"BreadcrumbList\",\"@id\":\"https:\/\/www.alternatievemiddelen.nl\/producten\/mom-flow-moms-delight-thee\/#breadcrumb\",\"itemListElement\":[{\"@type\":\"ListItem\",\"position\":1,\"name\":\"Home\",\"item\":\"https:\/\/www.alternatievemiddelen.nl\/\"},{\"@type\":\"ListItem\",\"position\":2,\"name\":\"Producten\",\"item\":\"https:\/\/www.alternatievemiddelen.nl\/producten\/\"},{\"@type\":\"ListItem\",\"position\":3,\"name\":\"Mom Flow Mom\u2019s Delight thee | Zwangerschapsthee &#8211; 75 gr\"}]},{\"@type\":\"WebSite\",\"@id\":\"https:\/\/www.alternatievemiddelen.nl\/#website\",\"url\":\"https:\/\/www.alternatievemiddelen.nl\/\",\"name\":\"Alternatievemiddelen.nl\",\"description\":\"Webshop met gezonde, duurzame en ecologische alternatieve mogelijkheden in de hedendaagse levenstijl. Alles uit eigen ervaring.\",\"publisher\":{\"@id\":\"https:\/\/www.alternatievemiddelen.nl\/#organization\"},\"potentialAction\":[{\"@type\":\"SearchAction\",\"target\":{\"@type\":\"EntryPoint\",\"urlTemplate\":\"https:\/\/www.alternatievemiddelen.nl\/?s={search_term_string}\"},\"query-input\":{\"@type\":\"PropertyValueSpecification\",\"valueRequired\":true,\"valueName\":\"search_term_string\"}}],\"inLanguage\":\"es\"},{\"@type\":\"Organization\",\"@id\":\"https:\/\/www.alternatievemiddelen.nl\/#organization\",\"name\":\"Alternatievemiddelen.nl\",\"url\":\"https:\/\/www.alternatievemiddelen.nl\/\",\"logo\":{\"@type\":\"ImageObject\",\"inLanguage\":\"es\",\"@id\":\"https:\/\/www.alternatievemiddelen.nl\/#\/schema\/logo\/image\/\",\"url\":\"https:\/\/www.alternatievemiddelen.nl\/wp-content\/uploads\/2023\/10\/alternatievemiddelen-PNG-logo.png\",\"contentUrl\":\"https:\/\/www.alternatievemiddelen.nl\/wp-content\/uploads\/2023\/10\/alternatievemiddelen-PNG-logo.png\",\"width\":6400,\"height\":3062,\"caption\":\"Alternatievemiddelen.nl\"},\"image\":{\"@id\":\"https:\/\/www.alternatievemiddelen.nl\/#\/schema\/logo\/image\/\"}}]}<\/script>\n<!-- \/ Yoast SEO plugin. -->","yoast_head_json":{"title":"Mom Flow Mom\u2019s Delight thee | Zwangerschapsthee - 75 gr - Alternatievemiddelen.nl","description":"Mom Flow Mom\u2019s Delight thee is een blend van natuurlijke kruiden, speciaal voor vrouwen die tijdens hun zwangerschap willen ontspannen en balans vinden.","robots":{"index":"index","follow":"follow","max-snippet":"max-snippet:-1","max-image-preview":"max-image-preview:large","max-video-preview":"max-video-preview:-1"},"canonical":"https:\/\/www.alternatievemiddelen.nl\/es\/wp-json\/wp\/v2\/product\/49093","og_locale":"es_ES","og_type":"article","og_title":"Mom Flow Mom\u2019s Delight thee | Zwangerschapsthee - 75 gr - Alternatievemiddelen.nl","og_description":"Mom Flow Mom\u2019s Delight thee is een blend van natuurlijke kruiden, speciaal voor vrouwen die tijdens hun zwangerschap willen ontspannen en balans vinden.","og_url":"https:\/\/www.alternatievemiddelen.nl\/es\/productos\/mom-flow-moms-delight-tea\/","og_site_name":"Alternatievemiddelen.nl","article_modified_time":"2025-12-15T09:56:38+00:00","og_image":[{"width":600,"height":800,"url":"\/wp-content\/uploads\/2025\/09\/Mom-Flow-Moms-Delight-thee-1.jpg","type":"image\/jpeg"}],"twitter_card":"summary_large_image","twitter_misc":{"Tiempo de lectura":"3 minutos"},"schema":{"@context":"https:\/\/schema.org","@graph":[{"@type":["WebPage","ItemPage"],"@id":"https:\/\/www.alternatievemiddelen.nl\/producten\/mom-flow-moms-delight-thee\/","url":"https:\/\/www.alternatievemiddelen.nl\/producten\/mom-flow-moms-delight-thee\/","name":"Mom Flow Mom\u2019s Delight thee | Zwangerschapsthee - 75 gr - Alternatievemiddelen.nl","isPartOf":{"@id":"https:\/\/www.alternatievemiddelen.nl\/#website"},"primaryImageOfPage":{"@id":"https:\/\/www.alternatievemiddelen.nl\/producten\/mom-flow-moms-delight-thee\/#primaryimage"},"image":{"@id":"https:\/\/www.alternatievemiddelen.nl\/producten\/mom-flow-moms-delight-thee\/#primaryimage"},"thumbnailUrl":"https:\/\/www.alternatievemiddelen.nl\/wp-content\/uploads\/2025\/09\/Mom-Flow-Moms-Delight-thee-1.jpg","datePublished":"2025-09-22T09:30:06+00:00","dateModified":"2025-12-15T09:56:38+00:00","description":"Mom Flow Mom\u2019s Delight thee is een blend van natuurlijke kruiden, speciaal voor vrouwen die tijdens hun zwangerschap willen ontspannen en balans vinden.","breadcrumb":{"@id":"https:\/\/www.alternatievemiddelen.nl\/producten\/mom-flow-moms-delight-thee\/#breadcrumb"},"inLanguage":"es","potentialAction":[{"@type":"ReadAction","target":["https:\/\/www.alternatievemiddelen.nl\/producten\/mom-flow-moms-delight-thee\/"]}]},{"@type":"ImageObject","inLanguage":"es","@id":"https:\/\/www.alternatievemiddelen.nl\/producten\/mom-flow-moms-delight-thee\/#primaryimage","url":"https:\/\/www.alternatievemiddelen.nl\/wp-content\/uploads\/2025\/09\/Mom-Flow-Moms-Delight-thee-1.jpg","contentUrl":"https:\/\/www.alternatievemiddelen.nl\/wp-content\/uploads\/2025\/09\/Mom-Flow-Moms-Delight-thee-1.jpg","width":600,"height":800,"caption":"Mom Flow Mom's Delight thee"},{"@type":"BreadcrumbList","@id":"https:\/\/www.alternatievemiddelen.nl\/producten\/mom-flow-moms-delight-thee\/#breadcrumb","itemListElement":[{"@type":"ListItem","position":1,"name":"Home","item":"https:\/\/www.alternatievemiddelen.nl\/"},{"@type":"ListItem","position":2,"name":"Producten","item":"https:\/\/www.alternatievemiddelen.nl\/producten\/"},{"@type":"ListItem","position":3,"name":"Mom Flow Mom\u2019s Delight thee | Zwangerschapsthee &#8211; 75 gr"}]},{"@type":"WebSite","@id":"https:\/\/www.alternatievemiddelen.nl\/#website","url":"https:\/\/www.alternatievemiddelen.nl\/","name":"Alternatievemiddelen.nl","description":"Webshop met gezonde, duurzame en ecologische alternatieve mogelijkheden in de hedendaagse levenstijl. Alles uit eigen ervaring.","publisher":{"@id":"https:\/\/www.alternatievemiddelen.nl\/#organization"},"potentialAction":[{"@type":"SearchAction","target":{"@type":"EntryPoint","urlTemplate":"https:\/\/www.alternatievemiddelen.nl\/?s={search_term_string}"},"query-input":{"@type":"PropertyValueSpecification","valueRequired":true,"valueName":"search_term_string"}}],"inLanguage":"es"},{"@type":"Organization","@id":"https:\/\/www.alternatievemiddelen.nl\/#organization","name":"Alternatievemiddelen.nl","url":"https:\/\/www.alternatievemiddelen.nl\/","logo":{"@type":"ImageObject","inLanguage":"es","@id":"https:\/\/www.alternatievemiddelen.nl\/#\/schema\/logo\/image\/","url":"https:\/\/www.alternatievemiddelen.nl\/wp-content\/uploads\/2023\/10\/alternatievemiddelen-PNG-logo.png","contentUrl":"https:\/\/www.alternatievemiddelen.nl\/wp-content\/uploads\/2023\/10\/alternatievemiddelen-PNG-logo.png","width":6400,"height":3062,"caption":"Alternatievemiddelen.nl"},"image":{"@id":"https:\/\/www.alternatievemiddelen.nl\/#\/schema\/logo\/image\/"}}]}},"_links":{"self":[{"href":"https:\/\/www.alternatievemiddelen.nl\/es\/wp-json\/wp\/v2\/product\/49093","targetHints":{"allow":["GET"]}}],"collection":[{"href":"https:\/\/www.alternatievemiddelen.nl\/es\/wp-json\/wp\/v2\/product"}],"about":[{"href":"https:\/\/www.alternatievemiddelen.nl\/es\/wp-json\/wp\/v2\/types\/product"}],"replies":[{"embeddable":true,"href":"https:\/\/www.alternatievemiddelen.nl\/es\/wp-json\/wp\/v2\/comments?post=49093"}],"wp:featuredmedia":[{"embeddable":true,"href":"https:\/\/www.alternatievemiddelen.nl\/es\/wp-json\/wp\/v2\/media\/49105"}],"wp:attachment":[{"href":"https:\/\/www.alternatievemiddelen.nl\/es\/wp-json\/wp\/v2\/media?parent=49093"}],"wp:term":[{"taxonomy":"product_brand","embeddable":true,"href":"https:\/\/www.alternatievemiddelen.nl\/es\/wp-json\/wp\/v2\/product_brand?post=49093"},{"taxonomy":"product_cat","embeddable":true,"href":"https:\/\/www.alternatievemiddelen.nl\/es\/wp-json\/wp\/v2\/product_cat?post=49093"},{"taxonomy":"product_tag","embeddable":true,"href":"https:\/\/www.alternatievemiddelen.nl\/es\/wp-json\/wp\/v2\/product_tag?post=49093"},{"taxonomy":"merk","embeddable":true,"href":"https:\/\/www.alternatievemiddelen.nl\/es\/wp-json\/wp\/v2\/merk?post=49093"}],"curies":[{"name":"wp","href":"https:\/\/api.w.org\/{rel}","templated":true}]}}