{"id":49119,"date":"2025-09-22T16:31:45","date_gmt":"2025-09-22T14:31:45","guid":{"rendered":"https:\/\/www.alternatievemiddelen.nl\/?post_type=product&#038;p=49119"},"modified":"2025-12-15T10:58:26","modified_gmt":"2025-12-15T09:58:26","slug":"mom-flow-little-tummy-care-thee","status":"publish","type":"product","link":"https:\/\/www.alternatievemiddelen.nl\/es\/productos\/mama-fluye-pequeno-te-de-cuidado-del-vientre\/","title":{"rendered":"T\u00e9 Mom Flow Little Tummy Care | T\u00e9 de lactancia para los calambres - 75 gr"},"content":{"rendered":"<p><b>T\u00e9 de lactancia para madres con beb\u00e9s que sufren flatulencias o c\u00f3licos.<\/b><\/p>\n<p>La infusi\u00f3n Mom Flow Little Tummy Care es una infusi\u00f3n suave para la lactancia especialmente dise\u00f1ada para las madres lactantes que desean ayudar a las barriguitas de sus beb\u00e9s que necesitan un poco de descanso. Esta infusi\u00f3n cuidadosamente mezclada contiene honeybush, hinojo y an\u00eds, hierbas que se han utilizado durante generaciones por sus propiedades suaves y calmantes. La manzanilla y la ortiga aportan un sabor suave y calmante.<br \/>\n- Favorece la flora intestinal<br \/>\n- Mezcla de especias, mezclada a mano<br \/>\n- Sin fenogreco<br \/>\n- Contenido: 75 gramos<br \/>\n- 100% descafeinado<br \/>\n&nbsp;<\/p>\n<h3>Ingredientes:<\/h3>\n<p>Honeybush, alcaravea, an\u00eds, hinojo, ortiga, manzanilla<br \/>\n&nbsp;<\/p>\n<h3>\u00bfQu\u00e9 es el t\u00e9 Mom Flow Little Tummy Care?<\/h3>\n<p>El t\u00e9 Mom Flow Little Tummy Care es un t\u00e9 suave y natural para la lactancia, especialmente formulado para las madres que desean ayudar a su beb\u00e9 de forma natural. Esta mezcla de hierbas contiene ingredientes cuidadosamente seleccionados que han sido valorados por las madres durante generaciones y tradicionalmente utilizados para promover un vientre c\u00f3modo.<\/p>\n<p>El t\u00e9 se presenta a granel, para que pueda preparar f\u00e1cilmente su propia taza o tetera de deliciosa infusi\u00f3n.<br \/>\n&nbsp;<\/p>\n<h3>\u00bfC\u00f3mo funciona el t\u00e9 Mom Flow Little Tummy Care?<\/h3>\n<p>El t\u00e9 Mom Flow Little Tummy Care s\u00f3lo contiene hierbas naturales que pueden tener un efecto calmante y relajante.<\/p>\n<ul>\n<li>Honeybush - Un t\u00e9 suave, sin cafe\u00edna y rico en antioxidantes, con un sabor ligeramente dulce y calmante*.<\/li>\n<li>Alcaravea - Tradicionalmente utilizada para facilitar la digesti\u00f3n.<\/li>\n<li>An\u00eds - Conocido por su efecto suave y relajante en el est\u00f3mago de los beb\u00e9s*.<\/li>\n<li>Hinojo - Favorece una digesti\u00f3n tranquila y ha sido utilizado por las madres durante generaciones.*<\/li>\n<li>Ortiga - Rica en nutrientes y favorece el bienestar general de la madre y el beb\u00e9*.<\/li>\n<li>Manzanilla - Una hierba calmante que ayuda a relajarse y contribuye a calmar el est\u00f3mago.<\/li>\n<\/ul>\n<p>&nbsp;<br \/>\n<i>* Debido a la legislaci\u00f3n vigente, s\u00f3lo puede compartirse informaci\u00f3n limitada sobre los usos potenciales de las hierbas de este t\u00e9. Las declaraciones de propiedades saludables est\u00e1n pendientes de aprobaci\u00f3n por la Comisi\u00f3n Europea.<\/i><br \/>\n&nbsp;<\/p>\n<h4>Contenido:<\/h4>\n<p>Un paquete de t\u00e9 Mom Flow Little Tummy Care contiene 75 gramos de t\u00e9 de hierbas a granel. Esto es m\u00e1s que suficiente para un mes, si bebieras una o dos tazas de t\u00e9 al d\u00eda.<br \/>\nEl producto es vegano y no contiene cafe\u00edna, por lo que tambi\u00e9n es ideal para tomar por la noche.<br \/>\n&nbsp;<\/p>\n<h4>Consejos de ajuste<\/h4>\n<p>C\u00f3mo utilizar y preparar el t\u00e9 Moon Flow se puede leer en <a href=\"https:\/\/www.alternatievemiddelen.nl\/es\/como-utilizar-y-preparar-el-te-moon-flow\/\">nuestra p\u00e1gina dedicada en nuestra biblioteca<\/a>. O lea las respuestas en <a href=\"https:\/\/www.alternatievemiddelen.nl\/es\/preguntas-frecuentes-moon-flow-tea\/\">preguntas frecuentes T\u00e9 Moon Flow<\/a>.<br \/>\n&nbsp;<br \/>\n&nbsp;<br \/>\n<b>\u00a1Atenci\u00f3n!<\/b><br \/>\n- La tisana no sustituye el consejo ni el tratamiento m\u00e9dico; consulte siempre a su m\u00e9dico si tiene alguna duda.<\/p>\n<p>- Si padece alguna enfermedad, toma medicaci\u00f3n, est\u00e1 embarazada o en per\u00edodo de lactancia, consulte a su m\u00e9dico o matrona antes de tomar esta infusi\u00f3n.<\/p>\n<p>- Este t\u00e9 est\u00e1 especialmente dise\u00f1ado para adultos.<\/p>","protected":false},"excerpt":{"rendered":"<p>La infusi\u00f3n Mom Flow Little Tummy Care es una infusi\u00f3n suave para la lactancia materna especialmente dise\u00f1ada para ayudar a las barriguitas de los beb\u00e9s que necesitan un poco de descanso.<\/p>\n<p><b>\u00bfAprovecha los descuentos de los paquetes? Configure su <a href=\"https:\/\/www.alternatievemiddelen.nl\/es\/productos\/kit-de-iniciacion-al-te-moon-flow\/\"><b>Crea tu propio paquete de productos de t\u00e9 Moon Flow<\/b><\/a> y reciba un descuento.<\/b>\t<\/p>","protected":false},"featured_media":49120,"comment_status":"open","ping_status":"closed","template":"","meta":[],"product_brand":[],"product_cat":[3042,3771],"product_tag":[2951,3799,3802,3086,2875,3780,3779,3805,3797,3804,3803,3776,3089],"merk":[3768],"class_list":{"0":"post-49119","1":"product","2":"type-product","3":"status-publish","4":"has-post-thumbnail","6":"product_cat-gezonde-voedingsmiddelen","7":"product_cat-mom-flow-thee-tijdens-en-na-zwangerschap-thee","8":"product_tag-biologisch","9":"product_tag-borstvoedingsthee","10":"product_tag-borstvoedingsthee-bij-krampjes","11":"product_tag-cafeinevrij","12":"product_tag-gezondheid","13":"product_tag-hormoonbalans","14":"product_tag-kruidenthee","15":"product_tag-little-tummy-care","16":"product_tag-mom-flow","17":"product_tag-mom-flow-little-tummy-care","18":"product_tag-mom-flow-little-tummy-care-thee","19":"product_tag-moon-flow","20":"product_tag-thee","21":"merk-moon-flow-thee","23":"first","24":"instock","25":"taxable","26":"shipping-taxable","27":"purchasable","28":"product-type-simple"},"bundled_by":["49136"],"bundle_stock_status":"instock","bundle_stock_quantity":null,"bundle_virtual":false,"bundle_layout":"","bundle_add_to_cart_form_location":"","bundle_editable_in_cart":false,"bundle_sold_individually_context":"","bundle_item_grouping":"","bundle_min_size":"","bundle_max_size":"","bundle_price":[],"bundled_items":[],"bundle_sell_ids":[44176,49093,49111],"yoast_head":"<!-- This site is optimized with the Yoast SEO plugin v26.1 - https:\/\/yoast.com\/wordpress\/plugins\/seo\/ -->\n<title>Mom Flow Little Tummy Care thee | Borstvoedingsthee bij krampjes - 75 gr - Alternatievemiddelen.nl<\/title>\n<meta name=\"description\" content=\"Mom Flow Little Tummy Care thee is een zachte borstvoedingsthee, speciaal ontwikkeld om baby&#039;s te ondersteunen bij buikjes die wat rust nodig hebben.\" \/>\n<meta name=\"robots\" content=\"index, follow, max-snippet:-1, max-image-preview:large, max-video-preview:-1\" \/>\n<link rel=\"canonical\" href=\"https:\/\/www.alternatievemiddelen.nl\/es\/wp-json\/wp\/v2\/product\/49119\" \/>\n<meta property=\"og:locale\" content=\"es_ES\" \/>\n<meta property=\"og:type\" content=\"article\" \/>\n<meta property=\"og:title\" content=\"Mom Flow Little Tummy Care thee | Borstvoedingsthee bij krampjes - 75 gr - Alternatievemiddelen.nl\" \/>\n<meta property=\"og:description\" content=\"Mom Flow Little Tummy Care thee is een zachte borstvoedingsthee, speciaal ontwikkeld om baby&#039;s te ondersteunen bij buikjes die wat rust nodig hebben.\" \/>\n<meta property=\"og:url\" content=\"https:\/\/www.alternatievemiddelen.nl\/es\/productos\/mama-fluye-pequeno-te-de-cuidado-del-vientre\/\" \/>\n<meta property=\"og:site_name\" content=\"Alternatievemiddelen.nl\" \/>\n<meta property=\"article:modified_time\" content=\"2025-12-15T09:58:26+00:00\" \/>\n<meta property=\"og:image\" content=\"\/wp-content\/uploads\/2025\/09\/Mom-Flow-Little-Tummy-Care-thee.jpg\" \/>\n\t<meta property=\"og:image:width\" content=\"600\" \/>\n\t<meta property=\"og:image:height\" content=\"800\" \/>\n\t<meta property=\"og:image:type\" content=\"image\/jpeg\" \/>\n<meta name=\"twitter:card\" content=\"summary_large_image\" \/>\n<meta name=\"twitter:label1\" content=\"Tiempo de lectura\" \/>\n\t<meta name=\"twitter:data1\" content=\"3 minutos\" \/>\n<script type=\"application\/ld+json\" class=\"yoast-schema-graph\">{\"@context\":\"https:\/\/schema.org\",\"@graph\":[{\"@type\":[\"WebPage\",\"ItemPage\"],\"@id\":\"https:\/\/www.alternatievemiddelen.nl\/producten\/mom-flow-little-tummy-care-thee\/\",\"url\":\"https:\/\/www.alternatievemiddelen.nl\/producten\/mom-flow-little-tummy-care-thee\/\",\"name\":\"Mom Flow Little Tummy Care thee | Borstvoedingsthee bij krampjes - 75 gr - Alternatievemiddelen.nl\",\"isPartOf\":{\"@id\":\"https:\/\/www.alternatievemiddelen.nl\/#website\"},\"primaryImageOfPage\":{\"@id\":\"https:\/\/www.alternatievemiddelen.nl\/producten\/mom-flow-little-tummy-care-thee\/#primaryimage\"},\"image\":{\"@id\":\"https:\/\/www.alternatievemiddelen.nl\/producten\/mom-flow-little-tummy-care-thee\/#primaryimage\"},\"thumbnailUrl\":\"https:\/\/www.alternatievemiddelen.nl\/wp-content\/uploads\/2025\/09\/Mom-Flow-Little-Tummy-Care-thee.jpg\",\"datePublished\":\"2025-09-22T14:31:45+00:00\",\"dateModified\":\"2025-12-15T09:58:26+00:00\",\"description\":\"Mom Flow Little Tummy Care thee is een zachte borstvoedingsthee, speciaal ontwikkeld om baby's te ondersteunen bij buikjes die wat rust nodig hebben.\",\"breadcrumb\":{\"@id\":\"https:\/\/www.alternatievemiddelen.nl\/producten\/mom-flow-little-tummy-care-thee\/#breadcrumb\"},\"inLanguage\":\"es\",\"potentialAction\":[{\"@type\":\"ReadAction\",\"target\":[\"https:\/\/www.alternatievemiddelen.nl\/producten\/mom-flow-little-tummy-care-thee\/\"]}]},{\"@type\":\"ImageObject\",\"inLanguage\":\"es\",\"@id\":\"https:\/\/www.alternatievemiddelen.nl\/producten\/mom-flow-little-tummy-care-thee\/#primaryimage\",\"url\":\"https:\/\/www.alternatievemiddelen.nl\/wp-content\/uploads\/2025\/09\/Mom-Flow-Little-Tummy-Care-thee.jpg\",\"contentUrl\":\"https:\/\/www.alternatievemiddelen.nl\/wp-content\/uploads\/2025\/09\/Mom-Flow-Little-Tummy-Care-thee.jpg\",\"width\":600,\"height\":800,\"caption\":\"Mom Flow Little Tummy Care thee\"},{\"@type\":\"BreadcrumbList\",\"@id\":\"https:\/\/www.alternatievemiddelen.nl\/producten\/mom-flow-little-tummy-care-thee\/#breadcrumb\",\"itemListElement\":[{\"@type\":\"ListItem\",\"position\":1,\"name\":\"Home\",\"item\":\"https:\/\/www.alternatievemiddelen.nl\/\"},{\"@type\":\"ListItem\",\"position\":2,\"name\":\"Producten\",\"item\":\"https:\/\/www.alternatievemiddelen.nl\/producten\/\"},{\"@type\":\"ListItem\",\"position\":3,\"name\":\"Mom Flow Little Tummy Care thee | Borstvoedingsthee bij krampjes &#8211; 75 gr\"}]},{\"@type\":\"WebSite\",\"@id\":\"https:\/\/www.alternatievemiddelen.nl\/#website\",\"url\":\"https:\/\/www.alternatievemiddelen.nl\/\",\"name\":\"Alternatievemiddelen.nl\",\"description\":\"Webshop met gezonde, duurzame en ecologische alternatieve mogelijkheden in de hedendaagse levenstijl. Alles uit eigen ervaring.\",\"publisher\":{\"@id\":\"https:\/\/www.alternatievemiddelen.nl\/#organization\"},\"potentialAction\":[{\"@type\":\"SearchAction\",\"target\":{\"@type\":\"EntryPoint\",\"urlTemplate\":\"https:\/\/www.alternatievemiddelen.nl\/?s={search_term_string}\"},\"query-input\":{\"@type\":\"PropertyValueSpecification\",\"valueRequired\":true,\"valueName\":\"search_term_string\"}}],\"inLanguage\":\"es\"},{\"@type\":\"Organization\",\"@id\":\"https:\/\/www.alternatievemiddelen.nl\/#organization\",\"name\":\"Alternatievemiddelen.nl\",\"url\":\"https:\/\/www.alternatievemiddelen.nl\/\",\"logo\":{\"@type\":\"ImageObject\",\"inLanguage\":\"es\",\"@id\":\"https:\/\/www.alternatievemiddelen.nl\/#\/schema\/logo\/image\/\",\"url\":\"https:\/\/www.alternatievemiddelen.nl\/wp-content\/uploads\/2023\/10\/alternatievemiddelen-PNG-logo.png\",\"contentUrl\":\"https:\/\/www.alternatievemiddelen.nl\/wp-content\/uploads\/2023\/10\/alternatievemiddelen-PNG-logo.png\",\"width\":6400,\"height\":3062,\"caption\":\"Alternatievemiddelen.nl\"},\"image\":{\"@id\":\"https:\/\/www.alternatievemiddelen.nl\/#\/schema\/logo\/image\/\"}}]}<\/script>\n<!-- \/ Yoast SEO plugin. -->","yoast_head_json":{"title":"Mom Flow Little Tummy Care thee | Borstvoedingsthee bij krampjes - 75 gr - Alternatievemiddelen.nl","description":"Mom Flow Little Tummy Care thee is een zachte borstvoedingsthee, speciaal ontwikkeld om baby's te ondersteunen bij buikjes die wat rust nodig hebben.","robots":{"index":"index","follow":"follow","max-snippet":"max-snippet:-1","max-image-preview":"max-image-preview:large","max-video-preview":"max-video-preview:-1"},"canonical":"https:\/\/www.alternatievemiddelen.nl\/es\/wp-json\/wp\/v2\/product\/49119","og_locale":"es_ES","og_type":"article","og_title":"Mom Flow Little Tummy Care thee | Borstvoedingsthee bij krampjes - 75 gr - Alternatievemiddelen.nl","og_description":"Mom Flow Little Tummy Care thee is een zachte borstvoedingsthee, speciaal ontwikkeld om baby's te ondersteunen bij buikjes die wat rust nodig hebben.","og_url":"https:\/\/www.alternatievemiddelen.nl\/es\/productos\/mama-fluye-pequeno-te-de-cuidado-del-vientre\/","og_site_name":"Alternatievemiddelen.nl","article_modified_time":"2025-12-15T09:58:26+00:00","og_image":[{"width":600,"height":800,"url":"\/wp-content\/uploads\/2025\/09\/Mom-Flow-Little-Tummy-Care-thee.jpg","type":"image\/jpeg"}],"twitter_card":"summary_large_image","twitter_misc":{"Tiempo de lectura":"3 minutos"},"schema":{"@context":"https:\/\/schema.org","@graph":[{"@type":["WebPage","ItemPage"],"@id":"https:\/\/www.alternatievemiddelen.nl\/producten\/mom-flow-little-tummy-care-thee\/","url":"https:\/\/www.alternatievemiddelen.nl\/producten\/mom-flow-little-tummy-care-thee\/","name":"Mom Flow Little Tummy Care thee | Borstvoedingsthee bij krampjes - 75 gr - Alternatievemiddelen.nl","isPartOf":{"@id":"https:\/\/www.alternatievemiddelen.nl\/#website"},"primaryImageOfPage":{"@id":"https:\/\/www.alternatievemiddelen.nl\/producten\/mom-flow-little-tummy-care-thee\/#primaryimage"},"image":{"@id":"https:\/\/www.alternatievemiddelen.nl\/producten\/mom-flow-little-tummy-care-thee\/#primaryimage"},"thumbnailUrl":"https:\/\/www.alternatievemiddelen.nl\/wp-content\/uploads\/2025\/09\/Mom-Flow-Little-Tummy-Care-thee.jpg","datePublished":"2025-09-22T14:31:45+00:00","dateModified":"2025-12-15T09:58:26+00:00","description":"Mom Flow Little Tummy Care thee is een zachte borstvoedingsthee, speciaal ontwikkeld om baby's te ondersteunen bij buikjes die wat rust nodig hebben.","breadcrumb":{"@id":"https:\/\/www.alternatievemiddelen.nl\/producten\/mom-flow-little-tummy-care-thee\/#breadcrumb"},"inLanguage":"es","potentialAction":[{"@type":"ReadAction","target":["https:\/\/www.alternatievemiddelen.nl\/producten\/mom-flow-little-tummy-care-thee\/"]}]},{"@type":"ImageObject","inLanguage":"es","@id":"https:\/\/www.alternatievemiddelen.nl\/producten\/mom-flow-little-tummy-care-thee\/#primaryimage","url":"https:\/\/www.alternatievemiddelen.nl\/wp-content\/uploads\/2025\/09\/Mom-Flow-Little-Tummy-Care-thee.jpg","contentUrl":"https:\/\/www.alternatievemiddelen.nl\/wp-content\/uploads\/2025\/09\/Mom-Flow-Little-Tummy-Care-thee.jpg","width":600,"height":800,"caption":"Mom Flow Little Tummy Care thee"},{"@type":"BreadcrumbList","@id":"https:\/\/www.alternatievemiddelen.nl\/producten\/mom-flow-little-tummy-care-thee\/#breadcrumb","itemListElement":[{"@type":"ListItem","position":1,"name":"Home","item":"https:\/\/www.alternatievemiddelen.nl\/"},{"@type":"ListItem","position":2,"name":"Producten","item":"https:\/\/www.alternatievemiddelen.nl\/producten\/"},{"@type":"ListItem","position":3,"name":"Mom Flow Little Tummy Care thee | Borstvoedingsthee bij krampjes &#8211; 75 gr"}]},{"@type":"WebSite","@id":"https:\/\/www.alternatievemiddelen.nl\/#website","url":"https:\/\/www.alternatievemiddelen.nl\/","name":"Alternatievemiddelen.nl","description":"Webshop met gezonde, duurzame en ecologische alternatieve mogelijkheden in de hedendaagse levenstijl. Alles uit eigen ervaring.","publisher":{"@id":"https:\/\/www.alternatievemiddelen.nl\/#organization"},"potentialAction":[{"@type":"SearchAction","target":{"@type":"EntryPoint","urlTemplate":"https:\/\/www.alternatievemiddelen.nl\/?s={search_term_string}"},"query-input":{"@type":"PropertyValueSpecification","valueRequired":true,"valueName":"search_term_string"}}],"inLanguage":"es"},{"@type":"Organization","@id":"https:\/\/www.alternatievemiddelen.nl\/#organization","name":"Alternatievemiddelen.nl","url":"https:\/\/www.alternatievemiddelen.nl\/","logo":{"@type":"ImageObject","inLanguage":"es","@id":"https:\/\/www.alternatievemiddelen.nl\/#\/schema\/logo\/image\/","url":"https:\/\/www.alternatievemiddelen.nl\/wp-content\/uploads\/2023\/10\/alternatievemiddelen-PNG-logo.png","contentUrl":"https:\/\/www.alternatievemiddelen.nl\/wp-content\/uploads\/2023\/10\/alternatievemiddelen-PNG-logo.png","width":6400,"height":3062,"caption":"Alternatievemiddelen.nl"},"image":{"@id":"https:\/\/www.alternatievemiddelen.nl\/#\/schema\/logo\/image\/"}}]}},"_links":{"self":[{"href":"https:\/\/www.alternatievemiddelen.nl\/es\/wp-json\/wp\/v2\/product\/49119","targetHints":{"allow":["GET"]}}],"collection":[{"href":"https:\/\/www.alternatievemiddelen.nl\/es\/wp-json\/wp\/v2\/product"}],"about":[{"href":"https:\/\/www.alternatievemiddelen.nl\/es\/wp-json\/wp\/v2\/types\/product"}],"replies":[{"embeddable":true,"href":"https:\/\/www.alternatievemiddelen.nl\/es\/wp-json\/wp\/v2\/comments?post=49119"}],"wp:featuredmedia":[{"embeddable":true,"href":"https:\/\/www.alternatievemiddelen.nl\/es\/wp-json\/wp\/v2\/media\/49120"}],"wp:attachment":[{"href":"https:\/\/www.alternatievemiddelen.nl\/es\/wp-json\/wp\/v2\/media?parent=49119"}],"wp:term":[{"taxonomy":"product_brand","embeddable":true,"href":"https:\/\/www.alternatievemiddelen.nl\/es\/wp-json\/wp\/v2\/product_brand?post=49119"},{"taxonomy":"product_cat","embeddable":true,"href":"https:\/\/www.alternatievemiddelen.nl\/es\/wp-json\/wp\/v2\/product_cat?post=49119"},{"taxonomy":"product_tag","embeddable":true,"href":"https:\/\/www.alternatievemiddelen.nl\/es\/wp-json\/wp\/v2\/product_tag?post=49119"},{"taxonomy":"merk","embeddable":true,"href":"https:\/\/www.alternatievemiddelen.nl\/es\/wp-json\/wp\/v2\/merk?post=49119"}],"curies":[{"name":"wp","href":"https:\/\/api.w.org\/{rel}","templated":true}]}}