{"id":50583,"date":"2026-01-09T14:44:09","date_gmt":"2026-01-09T13:44:09","guid":{"rendered":"https:\/\/www.alternatievemiddelen.nl\/?post_type=product&#038;p=50583"},"modified":"2026-04-10T13:53:05","modified_gmt":"2026-04-10T11:53:05","slug":"boroux-legacy-compact-waterfilter-saliegroen","status":"publish","type":"product","link":"https:\/\/www.alternatievemiddelen.nl\/es\/productos\/boroux-legacy-filtro-de-agua-compacto-verde-salvia\/","title":{"rendered":"BOROUX Legacy\u2122 Filtro de agua compacto verde salvia 6,8L"},"content":{"rendered":"<p>El filtro de agua BOROUX Legacy\u2122 Compact verde salvia redefine la filtraci\u00f3n de agua en la era actual. No solo ahorra espacio, sino que combina a la perfecci\u00f3n eficacia, estilo y rendimiento. Tanto si vives en un piso acogedor como si simplemente quieres aprovechar al m\u00e1ximo tu espacio, este filtro de agua con capacidad para 6,8 litros est\u00e1 dise\u00f1ado para adaptarse sin esfuerzo a cualquier situaci\u00f3n. Experimente el placer del agua pura y la satisfacci\u00f3n de una soluci\u00f3n sostenible y rentable, todo en un paquete completo.<\/p>\n<p>El filtro de agua BOROUX Legacy\u2122 Compact verde salvia viene de serie con 2 <a href=\"https:\/\/www.alternatievemiddelen.nl\/es\/productos\/elementos-de-filtro-de-agua-boroux-foundation-black\/\">BOROUX Foundation\u2122 Filtros negros<\/a>. Entre otras cosas, estos filtros BOROUX reducen m\u00e1s de 99% de cloro, metales pesados, contaminantes farmac\u00e9uticos (residuos de medicamentos), pesticidas, herbicidas, insecticidas, contaminantes pl\u00e1sticos e industriales (PFAS), compuestos org\u00e1nicos vol\u00e1tiles (COV), micropl\u00e1sticos y contaminantes de desinfecci\u00f3n. Los minerales esenciales que su cuerpo necesita son retenidos en el proceso.<br \/>\n&nbsp;<\/p>\n<h4>Integraci\u00f3n perfecta, dise\u00f1o revolucionario<\/h4>\n<p>Experimente el exclusivo dise\u00f1o de la base, una caracter\u00edstica que diferencia al BOROUX Legacy\u2122 Compact verde salvia tanto en estilo como en sustancia. La base de este filtro de agua ha sido redise\u00f1ada, eliminando la necesidad de un anillo de goma separado y creando una silueta moderna y sin costuras. Este enfoque \u00fanico no s\u00f3lo mejora la estabilidad y la facilidad de uso, sino que tambi\u00e9n elimina la frustraci\u00f3n de los bordes de goma que se pegan a las superficies y se desprenden del filtro de agua. Disfrute de un aspecto m\u00e1s elegante, un mantenimiento m\u00e1s sencillo y una mayor durabilidad, al tiempo que se beneficia de una tecnolog\u00eda de filtrado sin igual.<\/p>\n<p>El material y cada componente se han elegido cuidadosamente. Las bandejas son de acero inoxidable AISI 304 para una mayor resistencia a la corrosi\u00f3n, mientras que una muesca fija en la bandeja inferior evita el vac\u00edo. La elegante tapa, ahora con una leng\u00fceta integrada, elimina la necesidad de un pomo separado y proporciona un aspecto sin juntas. El proceso de montaje es as\u00ed m\u00e1s \u00e1gil, para una instalaci\u00f3n sin complicaciones y un uso c\u00f3modo. Facilidad de uso sin precedentes, \u00a1sin renunciar al estilo!<br \/>\n&nbsp;<\/p>\n<h4>Color diferente, dise\u00f1o \u00fanico<\/h4>\n<p>El filtro de agua BOROUX Legacy\u2122 Compact est\u00e1 disponible en cuatro colores. Adem\u00e1s del <a href=\"https:\/\/www.alternatievemiddelen.nl\/es\/productos\/filtro-de-agua-boroux-legacy-compact\/\">modelo pulido<\/a> tambi\u00e9n est\u00e1 disponible en el color <a href=\"https:\/\/www.alternatievemiddelen.nl\/es\/productos\/boroux-legacy-compact-filtro-de-agua-blanco\/\">blanco<\/a>, <a href=\"https:\/\/www.alternatievemiddelen.nl\/es\/productos\/boroux-legacy-compact-filtro-de-agua-negro\/\">negro<\/a> y <a href=\"https:\/\/www.alternatievemiddelen.nl\/es\/productos\/boroux-legacy-filtro-de-agua-compacto-verde-salvia\/\">verde salvia<\/a>. Estas variantes tienen un revestimiento de alta calidad (s\u00f3lo en el exterior) y, por supuesto, el grifo y todas las dem\u00e1s piezas tambi\u00e9n tienen este color. Un dise\u00f1o \u00fanico.<br \/>\n&nbsp;<\/p>\n<h4>BOROUX Foundation\u2122 Filtros negros<\/h4>\n<p>La avanzada tecnolog\u00eda de filtraci\u00f3n no s\u00f3lo filtra el agua, sino que tambi\u00e9n la transforma. Al eliminar m\u00e1s de 99% de contaminantes nocivos, garantiza <a href=\"https:\/\/www.alternatievemiddelen.nl\/es\/productos\/elementos-de-filtro-de-agua-boroux-foundation-black\/\">BOROUX Foundation\u2122 Filtros negros<\/a> garantizando que su agua sea tan pura y refrescante como la naturaleza pretend\u00eda. Cada reducci\u00f3n de un contaminante contribuye a mejorar su salud y bienestar.<\/p>\n<p>Los filtros incluyen una mezcla especial de carb\u00f3n activado. Los elementos filtrantes BOROUX Foundation\u2122 Black contienen plata, un agente antimicrobiano, para evitar que los microorganismos ataquen al propio producto. Estos filtros no est\u00e1n dise\u00f1ados para filtrar microorganismos.<br \/>\nAdem\u00e1s, son tan potentes que pueden eliminar los colorantes rojos del agua sin eliminar los minerales \u00fatiles que su cuerpo necesita.<br \/>\n&nbsp;<\/p>\n<h4>Informes de pruebas y certificaci\u00f3n<\/h4>\n<p>Los filtros BOROUX Foundation\u2122 Black han sido probados por un laboratorio independiente (IAPMO R&amp;T Lab NJ, ISO\/IEC 17025) de acuerdo con las normas NSF\/ANSI 42, 53 y 401. Ver todos <a href=\"https:\/\/www.alternatievemiddelen.nl\/es\/ufaq\/resultados-de-las-pruebas-de-laboratorio-del-filtro-de-agua-boroux\/\" target=\"_blank\" rel=\"noopener\">informes de ensayo<\/a> para m\u00e1s detalles y, al hacerlo, la claridad y la transparencia son primordiales.<\/p>\n<p>BOROUX cuenta con la certificaci\u00f3n NSF\/ANSI\/CAN de la Water Quality Association (WQA). Este importante logro subraya su compromiso de ofrecer soluciones de filtraci\u00f3n de agua seguras, eficaces y de alta calidad. Esta certificaci\u00f3n no es s\u00f3lo un sello de aprobaci\u00f3n: indica que sus productos cumplen las rigurosas normas de NSF International (NSF) y del American National Standards Institute (ANSI), organizaciones mundialmente reconocidas que velan por la salud p\u00fablica y la seguridad de los productos de consumo.<br \/>\n&nbsp;<\/p>\n<h3>Caracter\u00edsticas BOROUX Legacy\u2122 Filtro de agua compacto verde salvia<\/h3>\n<ul>\n<li>El filtro de agua ideal para el hogar, la oficina y los viajes. Adecuado para su uso por 1 a 3 personas<\/li>\n<li>Reduce m\u00e1s de 99% de cloro, metales pesados, contaminantes farmac\u00e9uticos (residuos de medicamentos), pesticidas, herbicidas, insecticidas, contaminantes pl\u00e1sticos e industriales (PFAS), compuestos org\u00e1nicos vol\u00e1tiles (COV), micropl\u00e1sticos y contaminantes de desinfecci\u00f3n, entre otros.<\/li>\n<li>Se conservan los minerales esenciales que el organismo necesita<\/li>\n<li>Probado por un laboratorio independiente seg\u00fan las normas NSF\/ANSI 42, 53 y 401. Ver todos <a href=\"https:\/\/www.alternatievemiddelen.nl\/es\/ufaq\/resultados-de-las-pruebas-de-laboratorio-del-filtro-de-agua-boroux\/\" target=\"_blank\" rel=\"noopener\">informes de ensayo<\/a><\/li>\n<li>F\u00e1cil de usar<\/li>\n<li>Capacidad para 6,8 litros<\/li>\n<li>Se suministra de serie con 2 <a href=\"https:\/\/www.alternatievemiddelen.nl\/es\/productos\/elementos-de-filtro-de-agua-boroux-foundation-black\/\">Elementos filtrantes BOROUX Foundation\u2122 Negro<\/a><\/li>\n<li>Acero inoxidable AISI 304 de gran durabilidad, tambi\u00e9n disponible en <a href=\"https:\/\/www.alternatievemiddelen.nl\/es\/productos\/filtro-de-agua-boroux-legacy-compact\/\">ACERO INOXIDABLE<\/a> y <a href=\"https:\/\/www.alternatievemiddelen.nl\/es\/productos\/boroux-legacy-compact-filtro-de-agua-negro\/\">negro<\/a><\/li>\n<li>Velocidad m\u00e1xima de filtrado: 7,5 litros por hora con 2 filtros<\/li>\n<li>Altura: 44,5 cm<\/li>\n<li>Di\u00e1metro: 20,3 cm<\/li>\n<\/ul>\n<p>&nbsp;<\/p>\n<h3>El filtro de agua BOROUX Legacy\u2122 Compact verde salvia contiene los siguientes componentes:<\/h3>\n<p>\u25cf 1x Bandeja superior<br \/>\n\u25cf 1x Cubo inferior<br \/>\n\u25cf 1x Tapa<br \/>\n\u25cf 1x grifo de acero inoxidable<br \/>\n\u25cf 2x elementos filtrantes BOROUX Foundation\u2122 Negro<br \/>\n\u25cf 2x <a href=\"https:\/\/www.alternatievemiddelen.nl\/es\/productos\/anillo-para-elementos-filtrantes-black-berkey\/\">Anillos de goma negros<\/a>para entre el elemento filtrante y el recipiente de acero inoxidable<br \/>\n\u25cf 2x <a href=\"https:\/\/www.alternatievemiddelen.nl\/es\/productos\/tuerca-de-mariposa-para-elementos-filtrantes-berkey-negros\/\">Tuercas de mariposa<\/a>para apretar el elemento filtrante<br \/>\n\u25cf 1x <a href=\"https:\/\/www.alternatievemiddelen.nl\/es\/productos\/boton-de-cebado-black-berkey-elements\/\">Bot\u00f3n de cebado<\/a>: anillo de goma marr\u00f3n para cebar los elementos filtrantes con el grifo<br \/>\n\u25cf 1x <a href=\"https:\/\/www.alternatievemiddelen.nl\/es\/productos\/berkey-primerrite-universal-primer-pf-2-adapter\/\">Imprimaci\u00f3n universal PrimeRite<\/a>Grifo de goma azul para cebar los elementos filtrantes<br \/>\n\u25cf 1x Botella de colorante rojo para hacer la prueba del colorante rojo.<br \/>\n\u25cf 1x manual en ingl\u00e9s (se puede descargar un manual en holand\u00e9s en <a href=\"https:\/\/www.alternatievemiddelen.nl\/es\/la-biblioteca\/\"> nuestra biblioteca<\/a> y tambi\u00e9n se env\u00eda por correo electr\u00f3nico despu\u00e9s de hacer el pedido)<br \/>\n\u25cf 1x Bolsa de transporte de lona<br \/>\n&nbsp;<\/p>\n<h3>Instalaci\u00f3n<\/h3>\n<p>Puede montar f\u00e1cilmente el BOROUX Legacy\u2122 Compact verde salvia en cuesti\u00f3n de minutos y sin herramientas. El primer paso es imprimar el <a href=\"https:\/\/www.alternatievemiddelen.nl\/es\/productos\/elementos-de-filtro-de-agua-boroux-foundation-black\/\">Elementos filtrantes BOROUX Foundation\u2122 Negro<\/a>. Es importante que esto se haga correctamente, de lo contrario la purificaci\u00f3n del agua llevar\u00e1 mucho tiempo. Para toda la informaci\u00f3n sobre los filtros de agua BOROUX, consulte nuestro <a href=\"https:\/\/www.alternatievemiddelen.nl\/es\/la-biblioteca\/\">biblioteca<\/a>que incluye manuales, v\u00eddeos de instrucciones y respuestas a las preguntas m\u00e1s frecuentes. Si falla el cebado con el grifo <a href=\"https:\/\/www.alternatievemiddelen.nl\/es\/productos\/bomba-automatica-de-cebado-de-filtro-boroux\/\">bomba autom\u00e1tica de cebado<\/a> o <a href=\"https:\/\/www.alternatievemiddelen.nl\/es\/productos\/black-berkey-primer\/\">bomba de cebado manual<\/a> nos haga un pedido.<br \/>\n&nbsp;<\/p>\n<h4>Cu\u00e1ndo debe sustituir los filtros BOROUX Foundation\u2122 Black?<\/h4>\n<p>Los filtros BOROUX Foundation\u2122 Black est\u00e1n dise\u00f1ados para durar muchos a\u00f1os. Sin embargo, ahora vivimos tiempos diferentes a los de hace unos a\u00f1os. El n\u00famero de contaminantes no ha hecho m\u00e1s que aumentar y son cada vez m\u00e1s graves (pensemos, por ejemplo, en los PFAS o en el fuerte aumento de residuos de medicamentos, pesticidas, etc.). Esto afecta enormemente a los filtros, por lo que es mejor sustituirlos un poco antes. Por lo tanto, recomendamos sustituir los <a href=\"https:\/\/www.alternatievemiddelen.nl\/es\/productos\/elementos-de-filtro-de-agua-boroux-foundation-black\/\">BOROUX Foundation\u2122 Filtros negros<\/a> deben sustituirse cada 3 a\u00f1os como m\u00e1ximo si se utiliza agua del grifo. Si utiliza agua de otra procedencia, el consejo es sustituirla antes.<\/p>","protected":false},"excerpt":{"rendered":"<p>El filtro de agua BOROUX Legacy\u2122 Compact verde salvia <b><u>con 2 filtros originales BOROUX Foundation\u2122 Black<\/u><\/b>. Un filtro de agua \u00fanico para el hogar, la oficina o los viajes.<\/p>","protected":false},"featured_media":50584,"comment_status":"open","ping_status":"closed","template":"","meta":[],"product_brand":[],"product_cat":[3892,2971,2972],"product_tag":[3706,3705,3708,3704,3715,3717,3718,3716,3383,2921,3891,2967,2979,3012,2980,2981,3101],"merk":[3702],"class_list":{"0":"post-50583","1":"product","2":"type-product","3":"status-publish","4":"has-post-thumbnail","6":"product_cat-nieuwe-producten","7":"product_cat-waterfilters","8":"product_cat-waterfilter","9":"product_tag-boroux","10":"product_tag-boroux-foundation","11":"product_tag-boroux-foundation-black","12":"product_tag-boroux-foundation-black-filters","13":"product_tag-boroux-legacy-compact","14":"product_tag-compact","15":"product_tag-legacy","16":"product_tag-legacy-compact","17":"product_tag-op-reis","18":"product_tag-reizen","19":"product_tag-saliegroen","20":"product_tag-schoon","21":"product_tag-waterfilter","22":"product_tag-waterfilters","23":"product_tag-waterzuivering","24":"product_tag-zuiver","25":"product_tag-zuiverelementen","26":"merk-boroux","28":"first","29":"instock","30":"taxable","31":"shipping-taxable","32":"purchasable","33":"product-type-simple"},"bundled_by":[],"bundle_stock_status":"instock","bundle_stock_quantity":1,"bundle_virtual":false,"bundle_layout":"","bundle_add_to_cart_form_location":"","bundle_editable_in_cart":false,"bundle_sold_individually_context":"","bundle_item_grouping":"","bundle_min_size":"","bundle_max_size":"","bundle_price":[],"bundled_items":[],"bundle_sell_ids":[44176,34577,50681,50724,34339,47576,48794,48825,48681],"yoast_head":"<!-- This site is optimized with the Yoast SEO plugin v26.1 - https:\/\/yoast.com\/wordpress\/plugins\/seo\/ -->\n<title>BOROUX Legacy\u2122 Compact waterfilter saliegroen 6,8L - Alternatievemiddelen.nl<\/title>\n<meta name=\"description\" content=\"De BOROUX Legacy\u2122 Compact waterfilter saliegroen met 2 originele BOROUX Foundation\u2122 Black filters. Een unieke waterfilter voor thuis, op kantoor of op reis.\" \/>\n<meta name=\"robots\" content=\"index, follow, max-snippet:-1, max-image-preview:large, max-video-preview:-1\" \/>\n<link rel=\"canonical\" href=\"https:\/\/www.alternatievemiddelen.nl\/es\/wp-json\/wp\/v2\/product\/50583\" \/>\n<meta property=\"og:locale\" content=\"es_ES\" \/>\n<meta property=\"og:type\" content=\"article\" \/>\n<meta property=\"og:title\" content=\"BOROUX Legacy\u2122 Compact waterfilter saliegroen 6,8L - Alternatievemiddelen.nl\" \/>\n<meta property=\"og:description\" content=\"De BOROUX Legacy\u2122 Compact waterfilter saliegroen met 2 originele BOROUX Foundation\u2122 Black filters. Een unieke waterfilter voor thuis, op kantoor of op reis.\" \/>\n<meta property=\"og:url\" content=\"https:\/\/www.alternatievemiddelen.nl\/es\/productos\/boroux-legacy-filtro-de-agua-compacto-verde-salvia\/\" \/>\n<meta property=\"og:site_name\" content=\"Alternatievemiddelen.nl\" \/>\n<meta property=\"article:modified_time\" content=\"2026-04-10T11:53:05+00:00\" \/>\n<meta property=\"og:image\" content=\"\/wp-content\/uploads\/2026\/01\/BOROUX-Legacy-Compact-Waterfilter-saliegroen.jpg\" \/>\n\t<meta property=\"og:image:width\" content=\"900\" \/>\n\t<meta property=\"og:image:height\" content=\"1200\" \/>\n\t<meta property=\"og:image:type\" content=\"image\/jpeg\" \/>\n<meta name=\"twitter:card\" content=\"summary_large_image\" \/>\n<meta name=\"twitter:label1\" content=\"Tiempo de lectura\" \/>\n\t<meta name=\"twitter:data1\" content=\"6 minutos\" \/>\n<script type=\"application\/ld+json\" class=\"yoast-schema-graph\">{\"@context\":\"https:\/\/schema.org\",\"@graph\":[{\"@type\":[\"WebPage\",\"ItemPage\"],\"@id\":\"https:\/\/www.alternatievemiddelen.nl\/producten\/boroux-legacy-compact-waterfilter-saliegroen\/\",\"url\":\"https:\/\/www.alternatievemiddelen.nl\/producten\/boroux-legacy-compact-waterfilter-saliegroen\/\",\"name\":\"BOROUX Legacy\u2122 Compact waterfilter saliegroen 6,8L - Alternatievemiddelen.nl\",\"isPartOf\":{\"@id\":\"https:\/\/www.alternatievemiddelen.nl\/#website\"},\"primaryImageOfPage\":{\"@id\":\"https:\/\/www.alternatievemiddelen.nl\/producten\/boroux-legacy-compact-waterfilter-saliegroen\/#primaryimage\"},\"image\":{\"@id\":\"https:\/\/www.alternatievemiddelen.nl\/producten\/boroux-legacy-compact-waterfilter-saliegroen\/#primaryimage\"},\"thumbnailUrl\":\"https:\/\/www.alternatievemiddelen.nl\/wp-content\/uploads\/2026\/01\/BOROUX-Legacy-Compact-Waterfilter-saliegroen.jpg\",\"datePublished\":\"2026-01-09T13:44:09+00:00\",\"dateModified\":\"2026-04-10T11:53:05+00:00\",\"description\":\"De BOROUX Legacy\u2122 Compact waterfilter saliegroen met 2 originele BOROUX Foundation\u2122 Black filters. Een unieke waterfilter voor thuis, op kantoor of op reis.\",\"breadcrumb\":{\"@id\":\"https:\/\/www.alternatievemiddelen.nl\/producten\/boroux-legacy-compact-waterfilter-saliegroen\/#breadcrumb\"},\"inLanguage\":\"es\",\"potentialAction\":[{\"@type\":\"ReadAction\",\"target\":[\"https:\/\/www.alternatievemiddelen.nl\/producten\/boroux-legacy-compact-waterfilter-saliegroen\/\"]}]},{\"@type\":\"ImageObject\",\"inLanguage\":\"es\",\"@id\":\"https:\/\/www.alternatievemiddelen.nl\/producten\/boroux-legacy-compact-waterfilter-saliegroen\/#primaryimage\",\"url\":\"https:\/\/www.alternatievemiddelen.nl\/wp-content\/uploads\/2026\/01\/BOROUX-Legacy-Compact-Waterfilter-saliegroen.jpg\",\"contentUrl\":\"https:\/\/www.alternatievemiddelen.nl\/wp-content\/uploads\/2026\/01\/BOROUX-Legacy-Compact-Waterfilter-saliegroen.jpg\",\"width\":900,\"height\":1200,\"caption\":\"BOROUX Legacy Compact Waterfilter saliegroen\"},{\"@type\":\"BreadcrumbList\",\"@id\":\"https:\/\/www.alternatievemiddelen.nl\/producten\/boroux-legacy-compact-waterfilter-saliegroen\/#breadcrumb\",\"itemListElement\":[{\"@type\":\"ListItem\",\"position\":1,\"name\":\"Home\",\"item\":\"https:\/\/www.alternatievemiddelen.nl\/\"},{\"@type\":\"ListItem\",\"position\":2,\"name\":\"Producten\",\"item\":\"https:\/\/www.alternatievemiddelen.nl\/producten\/\"},{\"@type\":\"ListItem\",\"position\":3,\"name\":\"BOROUX Legacy\u2122 Compact waterfilter saliegroen 6,8L\"}]},{\"@type\":\"WebSite\",\"@id\":\"https:\/\/www.alternatievemiddelen.nl\/#website\",\"url\":\"https:\/\/www.alternatievemiddelen.nl\/\",\"name\":\"Alternatievemiddelen.nl\",\"description\":\"Webshop met gezonde, duurzame en ecologische alternatieve mogelijkheden in de hedendaagse levenstijl. Alles uit eigen ervaring.\",\"publisher\":{\"@id\":\"https:\/\/www.alternatievemiddelen.nl\/#organization\"},\"potentialAction\":[{\"@type\":\"SearchAction\",\"target\":{\"@type\":\"EntryPoint\",\"urlTemplate\":\"https:\/\/www.alternatievemiddelen.nl\/?s={search_term_string}\"},\"query-input\":{\"@type\":\"PropertyValueSpecification\",\"valueRequired\":true,\"valueName\":\"search_term_string\"}}],\"inLanguage\":\"es\"},{\"@type\":\"Organization\",\"@id\":\"https:\/\/www.alternatievemiddelen.nl\/#organization\",\"name\":\"Alternatievemiddelen.nl\",\"url\":\"https:\/\/www.alternatievemiddelen.nl\/\",\"logo\":{\"@type\":\"ImageObject\",\"inLanguage\":\"es\",\"@id\":\"https:\/\/www.alternatievemiddelen.nl\/#\/schema\/logo\/image\/\",\"url\":\"https:\/\/www.alternatievemiddelen.nl\/wp-content\/uploads\/2023\/10\/alternatievemiddelen-PNG-logo.png\",\"contentUrl\":\"https:\/\/www.alternatievemiddelen.nl\/wp-content\/uploads\/2023\/10\/alternatievemiddelen-PNG-logo.png\",\"width\":6400,\"height\":3062,\"caption\":\"Alternatievemiddelen.nl\"},\"image\":{\"@id\":\"https:\/\/www.alternatievemiddelen.nl\/#\/schema\/logo\/image\/\"}}]}<\/script>\n<!-- \/ Yoast SEO plugin. -->","yoast_head_json":{"title":"BOROUX Legacy\u2122 Compact waterfilter saliegroen 6,8L - Alternatievemiddelen.nl","description":"De BOROUX Legacy\u2122 Compact waterfilter saliegroen met 2 originele BOROUX Foundation\u2122 Black filters. Een unieke waterfilter voor thuis, op kantoor of op reis.","robots":{"index":"index","follow":"follow","max-snippet":"max-snippet:-1","max-image-preview":"max-image-preview:large","max-video-preview":"max-video-preview:-1"},"canonical":"https:\/\/www.alternatievemiddelen.nl\/es\/wp-json\/wp\/v2\/product\/50583","og_locale":"es_ES","og_type":"article","og_title":"BOROUX Legacy\u2122 Compact waterfilter saliegroen 6,8L - Alternatievemiddelen.nl","og_description":"De BOROUX Legacy\u2122 Compact waterfilter saliegroen met 2 originele BOROUX Foundation\u2122 Black filters. Een unieke waterfilter voor thuis, op kantoor of op reis.","og_url":"https:\/\/www.alternatievemiddelen.nl\/es\/productos\/boroux-legacy-filtro-de-agua-compacto-verde-salvia\/","og_site_name":"Alternatievemiddelen.nl","article_modified_time":"2026-04-10T11:53:05+00:00","og_image":[{"width":900,"height":1200,"url":"\/wp-content\/uploads\/2026\/01\/BOROUX-Legacy-Compact-Waterfilter-saliegroen.jpg","type":"image\/jpeg"}],"twitter_card":"summary_large_image","twitter_misc":{"Tiempo de lectura":"6 minutos"},"schema":{"@context":"https:\/\/schema.org","@graph":[{"@type":["WebPage","ItemPage"],"@id":"https:\/\/www.alternatievemiddelen.nl\/producten\/boroux-legacy-compact-waterfilter-saliegroen\/","url":"https:\/\/www.alternatievemiddelen.nl\/producten\/boroux-legacy-compact-waterfilter-saliegroen\/","name":"BOROUX Legacy\u2122 Compact waterfilter saliegroen 6,8L - Alternatievemiddelen.nl","isPartOf":{"@id":"https:\/\/www.alternatievemiddelen.nl\/#website"},"primaryImageOfPage":{"@id":"https:\/\/www.alternatievemiddelen.nl\/producten\/boroux-legacy-compact-waterfilter-saliegroen\/#primaryimage"},"image":{"@id":"https:\/\/www.alternatievemiddelen.nl\/producten\/boroux-legacy-compact-waterfilter-saliegroen\/#primaryimage"},"thumbnailUrl":"https:\/\/www.alternatievemiddelen.nl\/wp-content\/uploads\/2026\/01\/BOROUX-Legacy-Compact-Waterfilter-saliegroen.jpg","datePublished":"2026-01-09T13:44:09+00:00","dateModified":"2026-04-10T11:53:05+00:00","description":"De BOROUX Legacy\u2122 Compact waterfilter saliegroen met 2 originele BOROUX Foundation\u2122 Black filters. Een unieke waterfilter voor thuis, op kantoor of op reis.","breadcrumb":{"@id":"https:\/\/www.alternatievemiddelen.nl\/producten\/boroux-legacy-compact-waterfilter-saliegroen\/#breadcrumb"},"inLanguage":"es","potentialAction":[{"@type":"ReadAction","target":["https:\/\/www.alternatievemiddelen.nl\/producten\/boroux-legacy-compact-waterfilter-saliegroen\/"]}]},{"@type":"ImageObject","inLanguage":"es","@id":"https:\/\/www.alternatievemiddelen.nl\/producten\/boroux-legacy-compact-waterfilter-saliegroen\/#primaryimage","url":"https:\/\/www.alternatievemiddelen.nl\/wp-content\/uploads\/2026\/01\/BOROUX-Legacy-Compact-Waterfilter-saliegroen.jpg","contentUrl":"https:\/\/www.alternatievemiddelen.nl\/wp-content\/uploads\/2026\/01\/BOROUX-Legacy-Compact-Waterfilter-saliegroen.jpg","width":900,"height":1200,"caption":"BOROUX Legacy Compact Waterfilter saliegroen"},{"@type":"BreadcrumbList","@id":"https:\/\/www.alternatievemiddelen.nl\/producten\/boroux-legacy-compact-waterfilter-saliegroen\/#breadcrumb","itemListElement":[{"@type":"ListItem","position":1,"name":"Home","item":"https:\/\/www.alternatievemiddelen.nl\/"},{"@type":"ListItem","position":2,"name":"Producten","item":"https:\/\/www.alternatievemiddelen.nl\/producten\/"},{"@type":"ListItem","position":3,"name":"BOROUX Legacy\u2122 Compact waterfilter saliegroen 6,8L"}]},{"@type":"WebSite","@id":"https:\/\/www.alternatievemiddelen.nl\/#website","url":"https:\/\/www.alternatievemiddelen.nl\/","name":"Alternatievemiddelen.nl","description":"Webshop met gezonde, duurzame en ecologische alternatieve mogelijkheden in de hedendaagse levenstijl. Alles uit eigen ervaring.","publisher":{"@id":"https:\/\/www.alternatievemiddelen.nl\/#organization"},"potentialAction":[{"@type":"SearchAction","target":{"@type":"EntryPoint","urlTemplate":"https:\/\/www.alternatievemiddelen.nl\/?s={search_term_string}"},"query-input":{"@type":"PropertyValueSpecification","valueRequired":true,"valueName":"search_term_string"}}],"inLanguage":"es"},{"@type":"Organization","@id":"https:\/\/www.alternatievemiddelen.nl\/#organization","name":"Alternatievemiddelen.nl","url":"https:\/\/www.alternatievemiddelen.nl\/","logo":{"@type":"ImageObject","inLanguage":"es","@id":"https:\/\/www.alternatievemiddelen.nl\/#\/schema\/logo\/image\/","url":"https:\/\/www.alternatievemiddelen.nl\/wp-content\/uploads\/2023\/10\/alternatievemiddelen-PNG-logo.png","contentUrl":"https:\/\/www.alternatievemiddelen.nl\/wp-content\/uploads\/2023\/10\/alternatievemiddelen-PNG-logo.png","width":6400,"height":3062,"caption":"Alternatievemiddelen.nl"},"image":{"@id":"https:\/\/www.alternatievemiddelen.nl\/#\/schema\/logo\/image\/"}}]}},"_links":{"self":[{"href":"https:\/\/www.alternatievemiddelen.nl\/es\/wp-json\/wp\/v2\/product\/50583","targetHints":{"allow":["GET"]}}],"collection":[{"href":"https:\/\/www.alternatievemiddelen.nl\/es\/wp-json\/wp\/v2\/product"}],"about":[{"href":"https:\/\/www.alternatievemiddelen.nl\/es\/wp-json\/wp\/v2\/types\/product"}],"replies":[{"embeddable":true,"href":"https:\/\/www.alternatievemiddelen.nl\/es\/wp-json\/wp\/v2\/comments?post=50583"}],"wp:featuredmedia":[{"embeddable":true,"href":"https:\/\/www.alternatievemiddelen.nl\/es\/wp-json\/wp\/v2\/media\/50584"}],"wp:attachment":[{"href":"https:\/\/www.alternatievemiddelen.nl\/es\/wp-json\/wp\/v2\/media?parent=50583"}],"wp:term":[{"taxonomy":"product_brand","embeddable":true,"href":"https:\/\/www.alternatievemiddelen.nl\/es\/wp-json\/wp\/v2\/product_brand?post=50583"},{"taxonomy":"product_cat","embeddable":true,"href":"https:\/\/www.alternatievemiddelen.nl\/es\/wp-json\/wp\/v2\/product_cat?post=50583"},{"taxonomy":"product_tag","embeddable":true,"href":"https:\/\/www.alternatievemiddelen.nl\/es\/wp-json\/wp\/v2\/product_tag?post=50583"},{"taxonomy":"merk","embeddable":true,"href":"https:\/\/www.alternatievemiddelen.nl\/es\/wp-json\/wp\/v2\/merk?post=50583"}],"curies":[{"name":"wp","href":"https:\/\/api.w.org\/{rel}","templated":true}]}}