{"id":50640,"date":"2026-01-12T15:13:23","date_gmt":"2026-01-12T14:13:23","guid":{"rendered":"https:\/\/www.alternatievemiddelen.nl\/?post_type=product&#038;p=50640"},"modified":"2026-01-13T16:38:07","modified_gmt":"2026-01-13T15:38:07","slug":"boroux-glazen-drinkfles-1-liter","status":"publish","type":"product","link":"https:\/\/www.alternatievemiddelen.nl\/es\/productos\/botella-de-vidrio-boroux-1-litro\/","title":{"rendered":"Botella de vidrio BOROUX 1 litro"},"content":{"rendered":"<p>Hidrataci\u00f3n port\u00e1til en un dise\u00f1o duradero de vidrio de borosilicato con la botella de vidrio BOROUX de 1 litro. La botella cabe f\u00e1cilmente en la mayor\u00eda de los portavasos, manos y mochilas, d\u00e1ndole por fin la comodidad de una botella grande en todas partes.<br \/>\nLa amplia abertura facilita la adici\u00f3n de hielo y la limpieza de la botella, y el tap\u00f3n de acero inoxidable se cierra herm\u00e9ticamente para un transporte sin fugas. Elija el vidrio en lugar del pl\u00e1stico para una mejora reutilizable y apta para el lavavajillas en su rutina diaria.<br \/>\n&nbsp;<\/p>\n<h3>Dise\u00f1o respetuoso con el medio ambiente, valor cotidiano<\/h3>\n<p>La botella de vidrio BOROUX de 1 litro est\u00e1 fabricada con vidrio de borosilicato de alta calidad, es duradera y asequible. Cada recambio sustituye a numerosas botellas de pl\u00e1stico de un solo uso, manteni\u00e9ndote hidratado de forma sostenible e invirtiendo en calidad a largo plazo.<br \/>\n&nbsp;<\/p>\n<h3>Funcionalidad f\u00e1cil de usar y bien pensada<\/h3>\n<p>La amplia abertura de 5,7 cm facilita la adici\u00f3n de hielo, la infusi\u00f3n de fruta o la limpieza de la taza. Dise\u00f1ada para tu ritmo diario, cabe c\u00f3modamente en portavasos, mochilas y manos, combinando estilo con pura funcionalidad.<br \/>\n&nbsp;<\/p>\n<h3>Materiales seguros, mejor hidrataci\u00f3n<\/h3>\n<p>Esta botella de vidrio BOROUX de 1 litro est\u00e1 fabricada \u00edntegramente en vidrio de borosilicato sin BPA\/BPS, con tap\u00f3n de acero inoxidable y junta de silicona, para mantener el agua clara y pura, tal y como la naturaleza la concibi\u00f3.<br \/>\n&nbsp;<\/p>\n<h3>Sostenibilidad con impacto duradero<\/h3>\n<p>Con cada recambio, elige menos pl\u00e1stico y m\u00e1s prop\u00f3sito. Un dise\u00f1o atemporal hecho para la durabilidad moderna.<br \/>\n&nbsp;<\/p>\n<h3>Caracter\u00edsticas principales de la botella de vidrio BOROUX 1 litro<\/h3>\n<p>\u2714 Capacidad de 1 litro<br \/>\n\u2714 Vidrio de borosilicato sin BPA\/BPS<br \/>\n\u2714 Dimensiones: altura de 27,4 cm y un di\u00e1metro de \u00d8 7,6 cm<br \/>\n\u2714 Resistencia al choque t\u00e9rmico (resistente a los cambios de temperatura)<br \/>\n\u2714 Amplia abertura para facilitar la limpieza<br \/>\n\u2714 Tap\u00f3n estanco de acero inoxidable con junta de silicona<br \/>\n\u2714 Colador extra\u00edble de acero inoxidable (304): mantiene la fruta, las hierbas, el hielo y las semillas fuera de su bebida y puede mantenerla f\u00e1cilmente infusionada<br \/>\n\u2714 Apto para lavavajillas<br \/>\n\u2714 Precio excepcional<br \/>\n&nbsp;<\/p>\n<h4><u>Puesta en marcha y limpieza:<\/u><\/h4>\n<p>\u25cf <u>Lavar antes del primer uso:<\/u> Retire la tapa y el colador y lave todas las piezas a mano con agua tibia y jab\u00f3n. Acl\u00e1relas bien y s\u00e9quelas al aire.<br \/>\n\u25cf <u>Llenar la botella de agua:<\/u> Para bebidas fr\u00edas o a temperatura ambiente. Evitar llenar con l\u00edquidos calientes para evitar cambios bruscos de temperatura. Cerrar bien el tap\u00f3n antes de meterlo en una bolsa o mochila.<br \/>\n\u25cf <u>Cuida tu botella de agua:<\/u> Se recomienda lavar a mano para una mayor duraci\u00f3n. La botella de vidrio puede lavarse en el lavavajillas (rejilla superior). Para mantener la fiabilidad del tap\u00f3n y el colador, lavar s\u00f3lo a mano. Evite los golpes bruscos o los cambios extremos de temperatura para mantener la durabilidad.<\/p>\n<p>Consulte nuestra <a href=\"https:\/\/www.alternatievemiddelen.nl\/es\/la-biblioteca\/\">biblioteca<\/a>que incluye manuales y respuestas a las preguntas m\u00e1s frecuentes.<\/p>","protected":false},"excerpt":{"rendered":"<p>La botella de vidrio BOROUX de 1 litro cabe f\u00e1cilmente en la mayor\u00eda de portavasos y mochilas, ofreci\u00e9ndole por fin la comodidad de una botella grande en todas partes.<\/p>","protected":false},"featured_media":50659,"comment_status":"open","ping_status":"closed","template":"","meta":[],"product_brand":[],"product_cat":[3892,2983,2984,2924,3569],"product_tag":[3842,3600,3115,3255,3706,2975,2987,2929,3116,3117,2875,3118,3119,3120,3121,3004,2989,3122,2921,2879,2990,2880,2991,2967,2992,2885,2995],"merk":[3702],"class_list":{"0":"post-50640","1":"product","2":"type-product","3":"status-publish","4":"has-post-thumbnail","6":"product_cat-nieuwe-producten","7":"product_cat-drinkflessen","8":"product_cat-drinkfles","9":"product_cat-duurzame-huishoudelijke-producten","10":"product_cat-overige-duurzame-huishoudelijke-producten","11":"product_tag-1-liter","12":"product_tag-1l","13":"product_tag-borosilicaat-glas","14":"product_tag-borosilicaatglas","15":"product_tag-boroux","16":"product_tag-bpa-vrij","17":"product_tag-drinkfles","18":"product_tag-duurzaam","19":"product_tag-fruit","20":"product_tag-gezond","21":"product_tag-gezondheid","22":"product_tag-glas","23":"product_tag-glazen-drinkfles","24":"product_tag-glazen-fles","25":"product_tag-lekvrij","26":"product_tag-onderweg","27":"product_tag-outdoor","28":"product_tag-plasticreductie","29":"product_tag-reizen","30":"product_tag-roestvrij-staal","31":"product_tag-roestvrijstalen-waterfles","32":"product_tag-rvs","33":"product_tag-school","34":"product_tag-schoon","35":"product_tag-sport","36":"product_tag-water","37":"product_tag-werk","38":"merk-boroux","40":"first","41":"instock","42":"taxable","43":"shipping-taxable","44":"purchasable","45":"product-type-simple"},"bundled_by":[],"bundle_stock_status":"instock","bundle_stock_quantity":null,"bundle_virtual":false,"bundle_layout":"","bundle_add_to_cart_form_location":"","bundle_editable_in_cart":false,"bundle_sold_individually_context":"","bundle_item_grouping":"","bundle_min_size":"","bundle_max_size":"","bundle_price":[],"bundled_items":[],"bundle_sell_ids":[44176,34480],"yoast_head":"<!-- This site is optimized with the Yoast SEO plugin v26.1 - https:\/\/yoast.com\/wordpress\/plugins\/seo\/ -->\n<title>BOROUX glazen drinkfles 1 liter - Alternatievemiddelen.nl<\/title>\n<meta name=\"description\" content=\"De BOROUX glazen drinkfles 1 liter past gemakkelijk in de meeste bekerhouders en rugzakken, waardoor je eindelijk overal het gemak van een grote fles hebt.\" \/>\n<meta name=\"robots\" content=\"index, follow, max-snippet:-1, max-image-preview:large, max-video-preview:-1\" \/>\n<link rel=\"canonical\" href=\"https:\/\/www.alternatievemiddelen.nl\/es\/wp-json\/wp\/v2\/product\/50640\" \/>\n<meta property=\"og:locale\" content=\"es_ES\" \/>\n<meta property=\"og:type\" content=\"article\" \/>\n<meta property=\"og:title\" content=\"BOROUX glazen drinkfles 1 liter - Alternatievemiddelen.nl\" \/>\n<meta property=\"og:description\" content=\"De BOROUX glazen drinkfles 1 liter past gemakkelijk in de meeste bekerhouders en rugzakken, waardoor je eindelijk overal het gemak van een grote fles hebt.\" \/>\n<meta property=\"og:url\" content=\"https:\/\/www.alternatievemiddelen.nl\/es\/productos\/botella-de-vidrio-boroux-1-litro\/\" \/>\n<meta property=\"og:site_name\" content=\"Alternatievemiddelen.nl\" \/>\n<meta property=\"article:publisher\" content=\"https:\/\/www.facebook.com\/alternatievemiddelen\" \/>\n<meta property=\"article:modified_time\" content=\"2026-01-13T15:38:07+00:00\" \/>\n<meta property=\"og:image\" content=\"\/wp-content\/uploads\/2026\/01\/BOROUX-glazen-drinkfles-1-liter.jpg\" \/>\n\t<meta property=\"og:image:width\" content=\"1200\" \/>\n\t<meta property=\"og:image:height\" content=\"1600\" \/>\n\t<meta property=\"og:image:type\" content=\"image\/jpeg\" \/>\n<meta name=\"twitter:card\" content=\"summary_large_image\" \/>\n<meta name=\"twitter:label1\" content=\"Tiempo de lectura\" \/>\n\t<meta name=\"twitter:data1\" content=\"3 minutos\" \/>\n<script type=\"application\/ld+json\" class=\"yoast-schema-graph\">{\"@context\":\"https:\/\/schema.org\",\"@graph\":[{\"@type\":[\"WebPage\",\"ItemPage\"],\"@id\":\"https:\/\/www.alternatievemiddelen.nl\/producten\/boroux-glazen-drinkfles-1-liter\/\",\"url\":\"https:\/\/www.alternatievemiddelen.nl\/producten\/boroux-glazen-drinkfles-1-liter\/\",\"name\":\"BOROUX glazen drinkfles 1 liter - Alternatievemiddelen.nl\",\"isPartOf\":{\"@id\":\"https:\/\/www.alternatievemiddelen.nl\/#website\"},\"primaryImageOfPage\":{\"@id\":\"https:\/\/www.alternatievemiddelen.nl\/producten\/boroux-glazen-drinkfles-1-liter\/#primaryimage\"},\"image\":{\"@id\":\"https:\/\/www.alternatievemiddelen.nl\/producten\/boroux-glazen-drinkfles-1-liter\/#primaryimage\"},\"thumbnailUrl\":\"https:\/\/www.alternatievemiddelen.nl\/wp-content\/uploads\/2026\/01\/BOROUX-glazen-drinkfles-1-liter.jpg\",\"datePublished\":\"2026-01-12T14:13:23+00:00\",\"dateModified\":\"2026-01-13T15:38:07+00:00\",\"description\":\"De BOROUX glazen drinkfles 1 liter past gemakkelijk in de meeste bekerhouders en rugzakken, waardoor je eindelijk overal het gemak van een grote fles hebt.\",\"breadcrumb\":{\"@id\":\"https:\/\/www.alternatievemiddelen.nl\/producten\/boroux-glazen-drinkfles-1-liter\/#breadcrumb\"},\"inLanguage\":\"es\",\"potentialAction\":[{\"@type\":\"ReadAction\",\"target\":[\"https:\/\/www.alternatievemiddelen.nl\/producten\/boroux-glazen-drinkfles-1-liter\/\"]}]},{\"@type\":\"ImageObject\",\"inLanguage\":\"es\",\"@id\":\"https:\/\/www.alternatievemiddelen.nl\/producten\/boroux-glazen-drinkfles-1-liter\/#primaryimage\",\"url\":\"https:\/\/www.alternatievemiddelen.nl\/wp-content\/uploads\/2026\/01\/BOROUX-glazen-drinkfles-1-liter.jpg\",\"contentUrl\":\"https:\/\/www.alternatievemiddelen.nl\/wp-content\/uploads\/2026\/01\/BOROUX-glazen-drinkfles-1-liter.jpg\",\"width\":1200,\"height\":1600,\"caption\":\"BOROUX glazen drinkfles 1 liter\"},{\"@type\":\"BreadcrumbList\",\"@id\":\"https:\/\/www.alternatievemiddelen.nl\/producten\/boroux-glazen-drinkfles-1-liter\/#breadcrumb\",\"itemListElement\":[{\"@type\":\"ListItem\",\"position\":1,\"name\":\"Home\",\"item\":\"https:\/\/www.alternatievemiddelen.nl\/\"},{\"@type\":\"ListItem\",\"position\":2,\"name\":\"Producten\",\"item\":\"https:\/\/www.alternatievemiddelen.nl\/producten\/\"},{\"@type\":\"ListItem\",\"position\":3,\"name\":\"BOROUX glazen drinkfles 1 liter\"}]},{\"@type\":\"WebSite\",\"@id\":\"https:\/\/www.alternatievemiddelen.nl\/#website\",\"url\":\"https:\/\/www.alternatievemiddelen.nl\/\",\"name\":\"Alternatievemiddelen.nl\",\"description\":\"Webshop met gezonde, duurzame en ecologische alternatieve mogelijkheden in de hedendaagse levenstijl. Alles uit eigen ervaring.\",\"publisher\":{\"@id\":\"https:\/\/www.alternatievemiddelen.nl\/#organization\"},\"alternateName\":\"Alternatieve Middelen\",\"potentialAction\":[{\"@type\":\"SearchAction\",\"target\":{\"@type\":\"EntryPoint\",\"urlTemplate\":\"https:\/\/www.alternatievemiddelen.nl\/?s={search_term_string}\"},\"query-input\":{\"@type\":\"PropertyValueSpecification\",\"valueRequired\":true,\"valueName\":\"search_term_string\"}}],\"inLanguage\":\"es\"},{\"@type\":\"Organization\",\"@id\":\"https:\/\/www.alternatievemiddelen.nl\/#organization\",\"name\":\"Alternatievemiddelen.nl\",\"alternateName\":\"Alternatieve Middelen\",\"url\":\"https:\/\/www.alternatievemiddelen.nl\/\",\"logo\":{\"@type\":\"ImageObject\",\"inLanguage\":\"es\",\"@id\":\"https:\/\/www.alternatievemiddelen.nl\/#\/schema\/logo\/image\/\",\"url\":\"https:\/\/www.alternatievemiddelen.nl\/wp-content\/uploads\/2023\/10\/alternatievemiddelen-PNG-logo.png\",\"contentUrl\":\"https:\/\/www.alternatievemiddelen.nl\/wp-content\/uploads\/2023\/10\/alternatievemiddelen-PNG-logo.png\",\"width\":6400,\"height\":3062,\"caption\":\"Alternatievemiddelen.nl\"},\"image\":{\"@id\":\"https:\/\/www.alternatievemiddelen.nl\/#\/schema\/logo\/image\/\"},\"sameAs\":[\"https:\/\/www.facebook.com\/alternatievemiddelen\",\"https:\/\/www.instagram.com\/alternatievemiddelen.nl\/\"]}]}<\/script>\n<!-- \/ Yoast SEO plugin. -->","yoast_head_json":{"title":"BOROUX glazen drinkfles 1 liter - Alternatievemiddelen.nl","description":"De BOROUX glazen drinkfles 1 liter past gemakkelijk in de meeste bekerhouders en rugzakken, waardoor je eindelijk overal het gemak van een grote fles hebt.","robots":{"index":"index","follow":"follow","max-snippet":"max-snippet:-1","max-image-preview":"max-image-preview:large","max-video-preview":"max-video-preview:-1"},"canonical":"https:\/\/www.alternatievemiddelen.nl\/es\/wp-json\/wp\/v2\/product\/50640","og_locale":"es_ES","og_type":"article","og_title":"BOROUX glazen drinkfles 1 liter - Alternatievemiddelen.nl","og_description":"De BOROUX glazen drinkfles 1 liter past gemakkelijk in de meeste bekerhouders en rugzakken, waardoor je eindelijk overal het gemak van een grote fles hebt.","og_url":"https:\/\/www.alternatievemiddelen.nl\/es\/productos\/botella-de-vidrio-boroux-1-litro\/","og_site_name":"Alternatievemiddelen.nl","article_publisher":"https:\/\/www.facebook.com\/alternatievemiddelen","article_modified_time":"2026-01-13T15:38:07+00:00","og_image":[{"width":1200,"height":1600,"url":"\/wp-content\/uploads\/2026\/01\/BOROUX-glazen-drinkfles-1-liter.jpg","type":"image\/jpeg"}],"twitter_card":"summary_large_image","twitter_misc":{"Tiempo de lectura":"3 minutos"},"schema":{"@context":"https:\/\/schema.org","@graph":[{"@type":["WebPage","ItemPage"],"@id":"https:\/\/www.alternatievemiddelen.nl\/producten\/boroux-glazen-drinkfles-1-liter\/","url":"https:\/\/www.alternatievemiddelen.nl\/producten\/boroux-glazen-drinkfles-1-liter\/","name":"BOROUX glazen drinkfles 1 liter - Alternatievemiddelen.nl","isPartOf":{"@id":"https:\/\/www.alternatievemiddelen.nl\/#website"},"primaryImageOfPage":{"@id":"https:\/\/www.alternatievemiddelen.nl\/producten\/boroux-glazen-drinkfles-1-liter\/#primaryimage"},"image":{"@id":"https:\/\/www.alternatievemiddelen.nl\/producten\/boroux-glazen-drinkfles-1-liter\/#primaryimage"},"thumbnailUrl":"https:\/\/www.alternatievemiddelen.nl\/wp-content\/uploads\/2026\/01\/BOROUX-glazen-drinkfles-1-liter.jpg","datePublished":"2026-01-12T14:13:23+00:00","dateModified":"2026-01-13T15:38:07+00:00","description":"De BOROUX glazen drinkfles 1 liter past gemakkelijk in de meeste bekerhouders en rugzakken, waardoor je eindelijk overal het gemak van een grote fles hebt.","breadcrumb":{"@id":"https:\/\/www.alternatievemiddelen.nl\/producten\/boroux-glazen-drinkfles-1-liter\/#breadcrumb"},"inLanguage":"es","potentialAction":[{"@type":"ReadAction","target":["https:\/\/www.alternatievemiddelen.nl\/producten\/boroux-glazen-drinkfles-1-liter\/"]}]},{"@type":"ImageObject","inLanguage":"es","@id":"https:\/\/www.alternatievemiddelen.nl\/producten\/boroux-glazen-drinkfles-1-liter\/#primaryimage","url":"https:\/\/www.alternatievemiddelen.nl\/wp-content\/uploads\/2026\/01\/BOROUX-glazen-drinkfles-1-liter.jpg","contentUrl":"https:\/\/www.alternatievemiddelen.nl\/wp-content\/uploads\/2026\/01\/BOROUX-glazen-drinkfles-1-liter.jpg","width":1200,"height":1600,"caption":"BOROUX glazen drinkfles 1 liter"},{"@type":"BreadcrumbList","@id":"https:\/\/www.alternatievemiddelen.nl\/producten\/boroux-glazen-drinkfles-1-liter\/#breadcrumb","itemListElement":[{"@type":"ListItem","position":1,"name":"Home","item":"https:\/\/www.alternatievemiddelen.nl\/"},{"@type":"ListItem","position":2,"name":"Producten","item":"https:\/\/www.alternatievemiddelen.nl\/producten\/"},{"@type":"ListItem","position":3,"name":"BOROUX glazen drinkfles 1 liter"}]},{"@type":"WebSite","@id":"https:\/\/www.alternatievemiddelen.nl\/#website","url":"https:\/\/www.alternatievemiddelen.nl\/","name":"Alternatievemiddelen.nl","description":"Webshop met gezonde, duurzame en ecologische alternatieve mogelijkheden in de hedendaagse levenstijl. Alles uit eigen ervaring.","publisher":{"@id":"https:\/\/www.alternatievemiddelen.nl\/#organization"},"alternateName":"Alternatieve Middelen","potentialAction":[{"@type":"SearchAction","target":{"@type":"EntryPoint","urlTemplate":"https:\/\/www.alternatievemiddelen.nl\/?s={search_term_string}"},"query-input":{"@type":"PropertyValueSpecification","valueRequired":true,"valueName":"search_term_string"}}],"inLanguage":"es"},{"@type":"Organization","@id":"https:\/\/www.alternatievemiddelen.nl\/#organization","name":"Alternatievemiddelen.nl","alternateName":"Alternatieve Middelen","url":"https:\/\/www.alternatievemiddelen.nl\/","logo":{"@type":"ImageObject","inLanguage":"es","@id":"https:\/\/www.alternatievemiddelen.nl\/#\/schema\/logo\/image\/","url":"https:\/\/www.alternatievemiddelen.nl\/wp-content\/uploads\/2023\/10\/alternatievemiddelen-PNG-logo.png","contentUrl":"https:\/\/www.alternatievemiddelen.nl\/wp-content\/uploads\/2023\/10\/alternatievemiddelen-PNG-logo.png","width":6400,"height":3062,"caption":"Alternatievemiddelen.nl"},"image":{"@id":"https:\/\/www.alternatievemiddelen.nl\/#\/schema\/logo\/image\/"},"sameAs":["https:\/\/www.facebook.com\/alternatievemiddelen","https:\/\/www.instagram.com\/alternatievemiddelen.nl\/"]}]}},"_links":{"self":[{"href":"https:\/\/www.alternatievemiddelen.nl\/es\/wp-json\/wp\/v2\/product\/50640","targetHints":{"allow":["GET"]}}],"collection":[{"href":"https:\/\/www.alternatievemiddelen.nl\/es\/wp-json\/wp\/v2\/product"}],"about":[{"href":"https:\/\/www.alternatievemiddelen.nl\/es\/wp-json\/wp\/v2\/types\/product"}],"replies":[{"embeddable":true,"href":"https:\/\/www.alternatievemiddelen.nl\/es\/wp-json\/wp\/v2\/comments?post=50640"}],"wp:featuredmedia":[{"embeddable":true,"href":"https:\/\/www.alternatievemiddelen.nl\/es\/wp-json\/wp\/v2\/media\/50659"}],"wp:attachment":[{"href":"https:\/\/www.alternatievemiddelen.nl\/es\/wp-json\/wp\/v2\/media?parent=50640"}],"wp:term":[{"taxonomy":"product_brand","embeddable":true,"href":"https:\/\/www.alternatievemiddelen.nl\/es\/wp-json\/wp\/v2\/product_brand?post=50640"},{"taxonomy":"product_cat","embeddable":true,"href":"https:\/\/www.alternatievemiddelen.nl\/es\/wp-json\/wp\/v2\/product_cat?post=50640"},{"taxonomy":"product_tag","embeddable":true,"href":"https:\/\/www.alternatievemiddelen.nl\/es\/wp-json\/wp\/v2\/product_tag?post=50640"},{"taxonomy":"merk","embeddable":true,"href":"https:\/\/www.alternatievemiddelen.nl\/es\/wp-json\/wp\/v2\/merk?post=50640"}],"curies":[{"name":"wp","href":"https:\/\/api.w.org\/{rel}","templated":true}]}}