{"id":50717,"date":"2026-01-19T10:20:17","date_gmt":"2026-01-19T09:20:17","guid":{"rendered":"https:\/\/www.alternatievemiddelen.nl\/?post_type=product&#038;p=50717"},"modified":"2026-02-19T07:15:09","modified_gmt":"2026-02-19T06:15:09","slug":"kijkglaskraantje-rvs-voor-boroux-legacy-waterfilter-saliegroen","status":"publish","type":"product","link":"https:\/\/www.alternatievemiddelen.nl\/es\/productos\/grifo-con-mirilla-de-acero-inoxidable-para-filtro-de-agua-boroux-legacy-verde-salvia\/","title":{"rendered":"Grifo con mirilla BOROUX acero inoxidable para filtro de agua BOROUX Legacy\u2122 verde salvia"},"content":{"rendered":"<p>\u00a1El grifo visor de acero inoxidable para el filtro de agua BOROUX Legacy\u2122 verde salvia! Este grifo de vidrio verde salvia de acero inoxidable ofrece una soluci\u00f3n sencilla y elegante para ver cu\u00e1nta agua queda en el recipiente inferior de su filtro de agua BOROUX verde salvia. Dispone de una peque\u00f1a bola que encaja perfectamente en el tubo de vidrio. La bolita flota en el agua, permiti\u00e9ndole ver claramente el nivel de agua a distancia.<\/p>\n<p>La mirilla grifo de acero inoxidable para <a href=\"https:\/\/www.alternatievemiddelen.nl\/es\/productos\/boroux-legacy-filtro-de-agua-verde-salvia\/\">BOROUX Legacy\u2122 filtro de agua verde salvia<\/a> es una mejora de primera calidad para su sistema de filtraci\u00f3n de agua de acero inoxidable. Completamente libre de pl\u00e1stico y fabricado en acero inoxidable 304 de alta calidad con anillos de silicona aprobados (aptos para alimentos) y revestimiento verde salvia de alta calidad. Esta variante de mirilla de acero inoxidable est\u00e1 disponible en dos tama\u00f1os para garantizar que una se adapte a cada modelo de filtro de agua de acero inoxidable BOROUX. As\u00ed, adem\u00e1s de este modelo, tambi\u00e9n puede conseguir uno para el <a href=\"https:\/\/www.alternatievemiddelen.nl\/es\/productos\/grifo-con-mirilla-de-acero-inoxidable-para-filtro-de-agua-boroux-legacy-compact-verde-salvia\/\">BOROUX Legacy\u2122 Compact verde salvia<\/a>. Adem\u00e1s, tambi\u00e9n puede elegir el <a href=\"https:\/\/www.alternatievemiddelen.nl\/es\/productos\/grifo-mirilla-acero-inoxidable-para-filtro-de-agua-boroux-legacy-y-royal-berkey\/\">ACERO INOXIDABLE<\/a>, <a href=\"https:\/\/www.alternatievemiddelen.nl\/es\/productos\/grifo-mirilla-acero-inoxidable-para-filtro-de-agua-boroux-legacy-negro\/\">versi\u00f3n en negro<\/a> o <a href=\"https:\/\/www.alternatievemiddelen.nl\/es\/productos\/mirilla-grifo-acero-inoxidable-para-boroux-legacy-filtro-de-agua-blanco\/\">versi\u00f3n en blanco<\/a>, ya que el filtro de agua BOROUX Legacy\u2122 tambi\u00e9n <a href=\"https:\/\/www.alternatievemiddelen.nl\/es\/productos\/filtro-de-agua-boroux-legacy\/\">en acero inoxidable<\/a>, <a href=\"https:\/\/www.alternatievemiddelen.nl\/es\/productos\/boroux-legacy-filtro-de-agua-negro\/\">en negro<\/a> o <a href=\"https:\/\/www.alternatievemiddelen.nl\/es\/productos\/boroux-legacy-filtro-de-agua-blanco\/\">en blanco<\/a> para conseguirlo.<\/p>\n<p>El grifo se extiende unos 7,5 cent\u00edmetros desde el filtro de agua cuando est\u00e1 instalado.<br \/>\n&nbsp;<\/p>\n<h4>Ficha del producto grifo de acero inoxidable con mirilla para filtro de agua BOROUX Legacy\u2122 verde salvia<\/h4>\n<ul>\n<li>Adecuado para el <a href=\"https:\/\/www.alternatievemiddelen.nl\/es\/productos\/boroux-legacy-filtro-de-agua-verde-salvia\/\">BOROUX Legacy\u2122 filtro de agua verde salvia<\/a><\/li>\n<li>Altura total: 31 cm<\/li>\n<li>Longitud del tubo: aprox. 25 cm<\/li>\n<\/ul>\n<p>&nbsp;<\/p>\n<h4>Material del grifo con mirilla de acero inoxidable<\/h4>\n<ul>\n<li>Grifo, tuerca, placas de cubierta y camisa: acero inoxidable 304<\/li>\n<li>Revestimiento de alta calidad (s\u00f3lo exterior)<\/li>\n<li>Mirilla (tubo): Vidrio<\/li>\n<li>Juntas de estanqueidad: Silicona (apta para alimentos)<\/li>\n<li>Mecanismo del grifo: cer\u00e1mica<\/li>\n<\/ul>\n<p>&nbsp;<\/p>\n<h4>Incluido en la caja:<\/h4>\n<ul>\n<li>Grifo de mirilla de acero inoxidable para <a href=\"https:\/\/www.alternatievemiddelen.nl\/es\/productos\/boroux-legacy-filtro-de-agua-verde-salvia\/\">BOROUX Legacy\u2122 filtro de agua verde salvia<\/a><\/li>\n<li>Tuerca de acero inoxidable<\/li>\n<li>2x placas de cubierta de acero inoxidable<\/li>\n<li>2 juntas de silicona<\/li>\n<li>Bola azul (flotante)<\/li>\n<\/ul>","protected":false},"excerpt":{"rendered":"<p>Compruebe el nivel de agua en el recipiente inferior de su filtro de agua BOROUX verde salvia con el grifo de vidrio de visi\u00f3n de acero inoxidable para filtro de agua BOROUX Legacy\u2122 verde salvia.<\/p>","protected":false},"featured_media":50718,"comment_status":"open","ping_status":"closed","template":"","meta":[],"product_brand":[],"product_cat":[3892,2971,3013],"product_tag":[3230,3231,3706,3725,3228,3033,3034,3009,3718,2879,2880,3891,2885,2979,3012,3229,2980],"merk":[3702],"class_list":{"0":"post-50717","1":"product","2":"type-product","3":"status-publish","4":"has-post-thumbnail","6":"product_cat-nieuwe-producten","7":"product_cat-waterfilters","8":"product_cat-waterfilter-accessoires","9":"product_tag-accessoire","10":"product_tag-accessoires","11":"product_tag-boroux","12":"product_tag-boroux-legacy","13":"product_tag-kijkglas","14":"product_tag-kijkglaskraantje","15":"product_tag-kijkglaskraantje-rvs","16":"product_tag-kraantje","17":"product_tag-legacy","18":"product_tag-roestvrij-staal","19":"product_tag-rvs","20":"product_tag-saliegroen","21":"product_tag-water","22":"product_tag-waterfilter","23":"product_tag-waterfilters","24":"product_tag-waterniveau","25":"product_tag-waterzuivering","26":"merk-boroux","28":"first","29":"instock","30":"taxable","31":"shipping-taxable","32":"purchasable","33":"product-type-simple"},"bundled_by":[],"bundle_stock_status":"instock","bundle_stock_quantity":2,"bundle_virtual":false,"bundle_layout":"","bundle_add_to_cart_form_location":"","bundle_editable_in_cart":false,"bundle_sold_individually_context":"","bundle_item_grouping":"","bundle_min_size":"","bundle_max_size":"","bundle_price":[],"bundled_items":[],"bundle_sell_ids":[44176,50602],"yoast_head":"<!-- This site is optimized with the Yoast SEO plugin v26.1 - https:\/\/yoast.com\/wordpress\/plugins\/seo\/ -->\n<title>BOROUX kijkglaskraantje RVS voor BOROUX Legacy\u2122 waterfilter saliegroen - Alternatievemiddelen.nl<\/title>\n<meta name=\"description\" content=\"Bekijk het waterniveau in de onderste bak van jouw saliegroene BOROUX waterfilter met het kijkglaskraantje RVS voor BOROUX Legacy\u2122 waterfilter saliegroen.\" \/>\n<meta name=\"robots\" content=\"index, follow, max-snippet:-1, max-image-preview:large, max-video-preview:-1\" \/>\n<link rel=\"canonical\" href=\"https:\/\/www.alternatievemiddelen.nl\/es\/wp-json\/wp\/v2\/product\/50717\" \/>\n<meta property=\"og:locale\" content=\"es_ES\" \/>\n<meta property=\"og:type\" content=\"article\" \/>\n<meta property=\"og:title\" content=\"BOROUX kijkglaskraantje RVS voor BOROUX Legacy\u2122 waterfilter saliegroen - Alternatievemiddelen.nl\" \/>\n<meta property=\"og:description\" content=\"Bekijk het waterniveau in de onderste bak van jouw saliegroene BOROUX waterfilter met het kijkglaskraantje RVS voor BOROUX Legacy\u2122 waterfilter saliegroen.\" \/>\n<meta property=\"og:url\" content=\"https:\/\/www.alternatievemiddelen.nl\/es\/productos\/grifo-con-mirilla-de-acero-inoxidable-para-filtro-de-agua-boroux-legacy-verde-salvia\/\" \/>\n<meta property=\"og:site_name\" content=\"Alternatievemiddelen.nl\" \/>\n<meta property=\"article:modified_time\" content=\"2026-02-19T06:15:09+00:00\" \/>\n<meta property=\"og:image\" content=\"\/wp-content\/uploads\/2026\/01\/Kijkglaskraantje-RVS-BOROUX-saliegroen.jpg\" \/>\n\t<meta property=\"og:image:width\" content=\"900\" \/>\n\t<meta property=\"og:image:height\" content=\"1200\" \/>\n\t<meta property=\"og:image:type\" content=\"image\/jpeg\" \/>\n<meta name=\"twitter:card\" content=\"summary_large_image\" \/>\n<meta name=\"twitter:label1\" content=\"Tiempo de lectura\" \/>\n\t<meta name=\"twitter:data1\" content=\"2 minutos\" \/>\n<script type=\"application\/ld+json\" class=\"yoast-schema-graph\">{\"@context\":\"https:\/\/schema.org\",\"@graph\":[{\"@type\":[\"WebPage\",\"ItemPage\"],\"@id\":\"https:\/\/www.alternatievemiddelen.nl\/producten\/kijkglaskraantje-rvs-voor-boroux-legacy-waterfilter-saliegroen\/\",\"url\":\"https:\/\/www.alternatievemiddelen.nl\/producten\/kijkglaskraantje-rvs-voor-boroux-legacy-waterfilter-saliegroen\/\",\"name\":\"BOROUX kijkglaskraantje RVS voor BOROUX Legacy\u2122 waterfilter saliegroen - Alternatievemiddelen.nl\",\"isPartOf\":{\"@id\":\"https:\/\/www.alternatievemiddelen.nl\/#website\"},\"primaryImageOfPage\":{\"@id\":\"https:\/\/www.alternatievemiddelen.nl\/producten\/kijkglaskraantje-rvs-voor-boroux-legacy-waterfilter-saliegroen\/#primaryimage\"},\"image\":{\"@id\":\"https:\/\/www.alternatievemiddelen.nl\/producten\/kijkglaskraantje-rvs-voor-boroux-legacy-waterfilter-saliegroen\/#primaryimage\"},\"thumbnailUrl\":\"https:\/\/www.alternatievemiddelen.nl\/wp-content\/uploads\/2026\/01\/Kijkglaskraantje-RVS-BOROUX-saliegroen.jpg\",\"datePublished\":\"2026-01-19T09:20:17+00:00\",\"dateModified\":\"2026-02-19T06:15:09+00:00\",\"description\":\"Bekijk het waterniveau in de onderste bak van jouw saliegroene BOROUX waterfilter met het kijkglaskraantje RVS voor BOROUX Legacy\u2122 waterfilter saliegroen.\",\"breadcrumb\":{\"@id\":\"https:\/\/www.alternatievemiddelen.nl\/producten\/kijkglaskraantje-rvs-voor-boroux-legacy-waterfilter-saliegroen\/#breadcrumb\"},\"inLanguage\":\"es\",\"potentialAction\":[{\"@type\":\"ReadAction\",\"target\":[\"https:\/\/www.alternatievemiddelen.nl\/producten\/kijkglaskraantje-rvs-voor-boroux-legacy-waterfilter-saliegroen\/\"]}]},{\"@type\":\"ImageObject\",\"inLanguage\":\"es\",\"@id\":\"https:\/\/www.alternatievemiddelen.nl\/producten\/kijkglaskraantje-rvs-voor-boroux-legacy-waterfilter-saliegroen\/#primaryimage\",\"url\":\"https:\/\/www.alternatievemiddelen.nl\/wp-content\/uploads\/2026\/01\/Kijkglaskraantje-RVS-BOROUX-saliegroen.jpg\",\"contentUrl\":\"https:\/\/www.alternatievemiddelen.nl\/wp-content\/uploads\/2026\/01\/Kijkglaskraantje-RVS-BOROUX-saliegroen.jpg\",\"width\":900,\"height\":1200,\"caption\":\"Kijkglaskraantje RVS BOROUX saliegroen\"},{\"@type\":\"BreadcrumbList\",\"@id\":\"https:\/\/www.alternatievemiddelen.nl\/producten\/kijkglaskraantje-rvs-voor-boroux-legacy-waterfilter-saliegroen\/#breadcrumb\",\"itemListElement\":[{\"@type\":\"ListItem\",\"position\":1,\"name\":\"Home\",\"item\":\"https:\/\/www.alternatievemiddelen.nl\/\"},{\"@type\":\"ListItem\",\"position\":2,\"name\":\"Producten\",\"item\":\"https:\/\/www.alternatievemiddelen.nl\/producten\/\"},{\"@type\":\"ListItem\",\"position\":3,\"name\":\"BOROUX kijkglaskraantje RVS voor BOROUX Legacy\u2122 waterfilter saliegroen\"}]},{\"@type\":\"WebSite\",\"@id\":\"https:\/\/www.alternatievemiddelen.nl\/#website\",\"url\":\"https:\/\/www.alternatievemiddelen.nl\/\",\"name\":\"Alternatievemiddelen.nl\",\"description\":\"Webshop met gezonde, duurzame en ecologische alternatieve mogelijkheden in de hedendaagse levenstijl. Alles uit eigen ervaring.\",\"publisher\":{\"@id\":\"https:\/\/www.alternatievemiddelen.nl\/#organization\"},\"potentialAction\":[{\"@type\":\"SearchAction\",\"target\":{\"@type\":\"EntryPoint\",\"urlTemplate\":\"https:\/\/www.alternatievemiddelen.nl\/?s={search_term_string}\"},\"query-input\":{\"@type\":\"PropertyValueSpecification\",\"valueRequired\":true,\"valueName\":\"search_term_string\"}}],\"inLanguage\":\"es\"},{\"@type\":\"Organization\",\"@id\":\"https:\/\/www.alternatievemiddelen.nl\/#organization\",\"name\":\"Alternatievemiddelen.nl\",\"url\":\"https:\/\/www.alternatievemiddelen.nl\/\",\"logo\":{\"@type\":\"ImageObject\",\"inLanguage\":\"es\",\"@id\":\"https:\/\/www.alternatievemiddelen.nl\/#\/schema\/logo\/image\/\",\"url\":\"https:\/\/www.alternatievemiddelen.nl\/wp-content\/uploads\/2023\/10\/alternatievemiddelen-PNG-logo.png\",\"contentUrl\":\"https:\/\/www.alternatievemiddelen.nl\/wp-content\/uploads\/2023\/10\/alternatievemiddelen-PNG-logo.png\",\"width\":6400,\"height\":3062,\"caption\":\"Alternatievemiddelen.nl\"},\"image\":{\"@id\":\"https:\/\/www.alternatievemiddelen.nl\/#\/schema\/logo\/image\/\"}}]}<\/script>\n<!-- \/ Yoast SEO plugin. -->","yoast_head_json":{"title":"BOROUX kijkglaskraantje RVS voor BOROUX Legacy\u2122 waterfilter saliegroen - Alternatievemiddelen.nl","description":"Bekijk het waterniveau in de onderste bak van jouw saliegroene BOROUX waterfilter met het kijkglaskraantje RVS voor BOROUX Legacy\u2122 waterfilter saliegroen.","robots":{"index":"index","follow":"follow","max-snippet":"max-snippet:-1","max-image-preview":"max-image-preview:large","max-video-preview":"max-video-preview:-1"},"canonical":"https:\/\/www.alternatievemiddelen.nl\/es\/wp-json\/wp\/v2\/product\/50717","og_locale":"es_ES","og_type":"article","og_title":"BOROUX kijkglaskraantje RVS voor BOROUX Legacy\u2122 waterfilter saliegroen - Alternatievemiddelen.nl","og_description":"Bekijk het waterniveau in de onderste bak van jouw saliegroene BOROUX waterfilter met het kijkglaskraantje RVS voor BOROUX Legacy\u2122 waterfilter saliegroen.","og_url":"https:\/\/www.alternatievemiddelen.nl\/es\/productos\/grifo-con-mirilla-de-acero-inoxidable-para-filtro-de-agua-boroux-legacy-verde-salvia\/","og_site_name":"Alternatievemiddelen.nl","article_modified_time":"2026-02-19T06:15:09+00:00","og_image":[{"width":900,"height":1200,"url":"\/wp-content\/uploads\/2026\/01\/Kijkglaskraantje-RVS-BOROUX-saliegroen.jpg","type":"image\/jpeg"}],"twitter_card":"summary_large_image","twitter_misc":{"Tiempo de lectura":"2 minutos"},"schema":{"@context":"https:\/\/schema.org","@graph":[{"@type":["WebPage","ItemPage"],"@id":"https:\/\/www.alternatievemiddelen.nl\/producten\/kijkglaskraantje-rvs-voor-boroux-legacy-waterfilter-saliegroen\/","url":"https:\/\/www.alternatievemiddelen.nl\/producten\/kijkglaskraantje-rvs-voor-boroux-legacy-waterfilter-saliegroen\/","name":"BOROUX kijkglaskraantje RVS voor BOROUX Legacy\u2122 waterfilter saliegroen - Alternatievemiddelen.nl","isPartOf":{"@id":"https:\/\/www.alternatievemiddelen.nl\/#website"},"primaryImageOfPage":{"@id":"https:\/\/www.alternatievemiddelen.nl\/producten\/kijkglaskraantje-rvs-voor-boroux-legacy-waterfilter-saliegroen\/#primaryimage"},"image":{"@id":"https:\/\/www.alternatievemiddelen.nl\/producten\/kijkglaskraantje-rvs-voor-boroux-legacy-waterfilter-saliegroen\/#primaryimage"},"thumbnailUrl":"https:\/\/www.alternatievemiddelen.nl\/wp-content\/uploads\/2026\/01\/Kijkglaskraantje-RVS-BOROUX-saliegroen.jpg","datePublished":"2026-01-19T09:20:17+00:00","dateModified":"2026-02-19T06:15:09+00:00","description":"Bekijk het waterniveau in de onderste bak van jouw saliegroene BOROUX waterfilter met het kijkglaskraantje RVS voor BOROUX Legacy\u2122 waterfilter saliegroen.","breadcrumb":{"@id":"https:\/\/www.alternatievemiddelen.nl\/producten\/kijkglaskraantje-rvs-voor-boroux-legacy-waterfilter-saliegroen\/#breadcrumb"},"inLanguage":"es","potentialAction":[{"@type":"ReadAction","target":["https:\/\/www.alternatievemiddelen.nl\/producten\/kijkglaskraantje-rvs-voor-boroux-legacy-waterfilter-saliegroen\/"]}]},{"@type":"ImageObject","inLanguage":"es","@id":"https:\/\/www.alternatievemiddelen.nl\/producten\/kijkglaskraantje-rvs-voor-boroux-legacy-waterfilter-saliegroen\/#primaryimage","url":"https:\/\/www.alternatievemiddelen.nl\/wp-content\/uploads\/2026\/01\/Kijkglaskraantje-RVS-BOROUX-saliegroen.jpg","contentUrl":"https:\/\/www.alternatievemiddelen.nl\/wp-content\/uploads\/2026\/01\/Kijkglaskraantje-RVS-BOROUX-saliegroen.jpg","width":900,"height":1200,"caption":"Kijkglaskraantje RVS BOROUX saliegroen"},{"@type":"BreadcrumbList","@id":"https:\/\/www.alternatievemiddelen.nl\/producten\/kijkglaskraantje-rvs-voor-boroux-legacy-waterfilter-saliegroen\/#breadcrumb","itemListElement":[{"@type":"ListItem","position":1,"name":"Home","item":"https:\/\/www.alternatievemiddelen.nl\/"},{"@type":"ListItem","position":2,"name":"Producten","item":"https:\/\/www.alternatievemiddelen.nl\/producten\/"},{"@type":"ListItem","position":3,"name":"BOROUX kijkglaskraantje RVS voor BOROUX Legacy\u2122 waterfilter saliegroen"}]},{"@type":"WebSite","@id":"https:\/\/www.alternatievemiddelen.nl\/#website","url":"https:\/\/www.alternatievemiddelen.nl\/","name":"Alternatievemiddelen.nl","description":"Webshop met gezonde, duurzame en ecologische alternatieve mogelijkheden in de hedendaagse levenstijl. Alles uit eigen ervaring.","publisher":{"@id":"https:\/\/www.alternatievemiddelen.nl\/#organization"},"potentialAction":[{"@type":"SearchAction","target":{"@type":"EntryPoint","urlTemplate":"https:\/\/www.alternatievemiddelen.nl\/?s={search_term_string}"},"query-input":{"@type":"PropertyValueSpecification","valueRequired":true,"valueName":"search_term_string"}}],"inLanguage":"es"},{"@type":"Organization","@id":"https:\/\/www.alternatievemiddelen.nl\/#organization","name":"Alternatievemiddelen.nl","url":"https:\/\/www.alternatievemiddelen.nl\/","logo":{"@type":"ImageObject","inLanguage":"es","@id":"https:\/\/www.alternatievemiddelen.nl\/#\/schema\/logo\/image\/","url":"https:\/\/www.alternatievemiddelen.nl\/wp-content\/uploads\/2023\/10\/alternatievemiddelen-PNG-logo.png","contentUrl":"https:\/\/www.alternatievemiddelen.nl\/wp-content\/uploads\/2023\/10\/alternatievemiddelen-PNG-logo.png","width":6400,"height":3062,"caption":"Alternatievemiddelen.nl"},"image":{"@id":"https:\/\/www.alternatievemiddelen.nl\/#\/schema\/logo\/image\/"}}]}},"_links":{"self":[{"href":"https:\/\/www.alternatievemiddelen.nl\/es\/wp-json\/wp\/v2\/product\/50717","targetHints":{"allow":["GET"]}}],"collection":[{"href":"https:\/\/www.alternatievemiddelen.nl\/es\/wp-json\/wp\/v2\/product"}],"about":[{"href":"https:\/\/www.alternatievemiddelen.nl\/es\/wp-json\/wp\/v2\/types\/product"}],"replies":[{"embeddable":true,"href":"https:\/\/www.alternatievemiddelen.nl\/es\/wp-json\/wp\/v2\/comments?post=50717"}],"wp:featuredmedia":[{"embeddable":true,"href":"https:\/\/www.alternatievemiddelen.nl\/es\/wp-json\/wp\/v2\/media\/50718"}],"wp:attachment":[{"href":"https:\/\/www.alternatievemiddelen.nl\/es\/wp-json\/wp\/v2\/media?parent=50717"}],"wp:term":[{"taxonomy":"product_brand","embeddable":true,"href":"https:\/\/www.alternatievemiddelen.nl\/es\/wp-json\/wp\/v2\/product_brand?post=50717"},{"taxonomy":"product_cat","embeddable":true,"href":"https:\/\/www.alternatievemiddelen.nl\/es\/wp-json\/wp\/v2\/product_cat?post=50717"},{"taxonomy":"product_tag","embeddable":true,"href":"https:\/\/www.alternatievemiddelen.nl\/es\/wp-json\/wp\/v2\/product_tag?post=50717"},{"taxonomy":"merk","embeddable":true,"href":"https:\/\/www.alternatievemiddelen.nl\/es\/wp-json\/wp\/v2\/merk?post=50717"}],"curies":[{"name":"wp","href":"https:\/\/api.w.org\/{rel}","templated":true}]}}