{"id":51081,"date":"2026-02-26T11:18:55","date_gmt":"2026-02-26T10:18:55","guid":{"rendered":"https:\/\/www.alternatievemiddelen.nl\/?post_type=product&#038;p=51081"},"modified":"2026-04-12T12:12:42","modified_gmt":"2026-04-12T10:12:42","slug":"natural-care-company-electrolyten-100-ml","status":"publish","type":"product","link":"https:\/\/www.alternatievemiddelen.nl\/es\/productos\/natural-care-company-electrolitos-100-ml\/","title":{"rendered":"Natural Care Company Electrolitos - suplemento mineral - 100 ml"},"content":{"rendered":"<p>Natural Care Company Electrolitos (soluci\u00f3n mineral l\u00edquida) es una mezcla cuidadosamente formulada de minerales esenciales que su cuerpo necesita para una hidrataci\u00f3n \u00f3ptima, equilibrio energ\u00e9tico y bienestar general. Con una composici\u00f3n equilibrada de sodio, magnesio, potasio, calcio y otros oligoelementos, este producto proporciona el apoyo perfecto para su salud y rendimiento diarios.<\/p>\n<p>Los electrolitos l\u00edquidos se absorben m\u00e1s r\u00e1pidamente que otras formas, y tienen la ventaja a\u00f1adida de ser muy f\u00e1ciles y finos de usar. No se apelmazan debido a la humedad, ni durante su uso.<\/p>\n<p><u>Adecuado para:<\/u><\/p>\n<ul>\n<li><b>Deportistas y atletas:<\/b> Ideal para quienes hacen ejercicio intenso y desean reponer los minerales perdidos a trav\u00e9s del sudor.<\/li>\n<li><b>Personas con estilos de vida activos:<\/b> Ayuda a mantener la energ\u00eda y la hidrataci\u00f3n durante todo el d\u00eda.<\/li>\n<li><b>Personas con mayores necesidades de minerales:<\/b> Por ejemplo, si tiene un estilo de vida estresante o necesidades diet\u00e9ticas especiales.<\/li>\n<li><b>Cualquier persona que desee mejorar su salud en general:<\/b> La ingesta diaria de electrolitos puede contribuir a mejorar el bienestar y el buen funcionamiento del organismo.<\/li>\n<\/ul>\n<p>&nbsp;<\/p>\n<h3>Beneficios Natural Care Company Electrolitos:<\/h3>\n<p><b>1. Hidrataci\u00f3n \u00f3ptima:<\/b><br \/>\nEl sodio y el potasio son cruciales para mantener el equilibrio de l\u00edquidos en el organismo, especialmente durante y despu\u00e9s del ejercicio. Esto ayuda a prevenir la deshidrataci\u00f3n y favorece la recuperaci\u00f3n.<br \/>\n<b>2. Favorece la funci\u00f3n muscular:<\/b><br \/>\nEl magnesio y el calcio desempe\u00f1an un papel clave en la contracci\u00f3n y relajaci\u00f3n muscular, contribuyendo a un mejor rendimiento deportivo y menos calambres musculares .<br \/>\n<b>3. Producci\u00f3n de energ\u00eda:<\/b><br \/>\nEl magnesio es esencial para la producci\u00f3n de energ\u00eda a nivel celular, lo que significa que se sentir\u00e1 con energ\u00eda y alerta durante todo el d\u00eda .<br \/>\n<b>4. Apoyo a la tiroides:<\/b><br \/>\nEl yodo contribuye al funcionamiento normal de la tiroides, que es importante para regular el metabolismo.<br \/>\n<b>5. Refuerzo inmunitario:<\/b><br \/>\nEl selenio y el zinc contribuyen a la salud del sistema inmunitario, protegi\u00e9ndole mejor contra las enfermedades.<br \/>\n&nbsp;<br \/>\n&nbsp;<\/p>\n<h3>Aplicaci\u00f3n de electrolitos Natural Care Company:<\/h3>\n<p><b><u>General:<\/u><\/b> Una cucharadita en un vaso de agua dos veces al d\u00eda y beber.<br \/>\n&nbsp;<br \/>\n<b><u>Adultos:<\/u><\/b> Mezclar 3 ml (1 cucharadita) en un vaso de agua (200-250 ml). Tome esta dosis una o dos veces al d\u00eda, en funci\u00f3n de sus necesidades de hidrataci\u00f3n y actividad.<br \/>\n<b><u>Ni\u00f1os (a partir de 12 a\u00f1os):<\/u><\/b> Utilizar de 1,5 a 3 ml (aproximadamente de \u00bd a 1 cucharadita) mezclados en un vaso de agua (250 ml) al d\u00eda, a menos que un profesional aconseje lo contrario.<br \/>\n&nbsp;<br \/>\n<b><u>Momentos ideales de ingesta:<\/u><\/b><br \/>\n<b>Antes o durante el ejercicio:<\/b> Beba 30 minutos antes del ejercicio para preparar el cuerpo y durante el ejercicio para mantener el equilibrio de l\u00edquidos y electrolitos.<br \/>\n<b>Despu\u00e9s del esfuerzo:<\/b> Tomar inmediatamente despu\u00e9s del ejercicio para reponer los minerales perdidos y favorecer la recuperaci\u00f3n.<br \/>\n<b>Cuando hace calor o se suda mucho:<\/b> Tome una dosis extra para evitar la deshidrataci\u00f3n y mantener el equilibrio h\u00eddrico.<br \/>\n&nbsp;<br \/>\n<b><u>Ingredientes:<\/u><\/b>  Agua, Atoligomer\u00ae (concentrado de agua de mar).<br \/>\n&nbsp;<br \/>\n<b><u>Informaci\u00f3n sobre al\u00e9rgenos:<\/u><\/b> Este producto no contiene al\u00e9rgenos conocidos.<br \/>\n&nbsp;<br \/>\n<u><b>Composici\u00f3n por dosis diaria (2 cucharaditas = 6 ml)<\/b><\/u><\/p>\n<table>\n<tbody>\n<tr>\n<td><u><b>Ingrediente<\/b><\/u><\/td>\n<td><u><b>Cantidad<\/b><\/u><\/td>\n<td><u><b>RI *<\/b><\/u><\/td>\n<\/tr>\n<tr>\n<td><b>Minerales<\/b><\/td>\n<td><\/td>\n<td><\/td>\n<\/tr>\n<tr>\n<td>Sodio<\/td>\n<td>183 mg<\/td>\n<td>9,2%<\/td>\n<\/tr>\n<tr>\n<td>Magnesio<\/td>\n<td>204 mg<\/td>\n<td>54,4%<\/td>\n<\/tr>\n<tr>\n<td>Calcio<\/td>\n<td>3 mg<\/td>\n<td>0,4%<\/td>\n<\/tr>\n<tr>\n<td>Potasio<\/td>\n<td>63 mg<\/td>\n<td>3,2%<\/td>\n<\/tr>\n<tr>\n<td>F\u00f3sforo<\/td>\n<td>3 mg<\/td>\n<td>0,4%<\/td>\n<\/tr>\n<tr>\n<td>Yodo<\/td>\n<td>120 mcg<\/td>\n<td>80%<\/td>\n<\/tr>\n<tr>\n<td>Manganeso<\/td>\n<td>0,01 mg<\/td>\n<td>0,6%<\/td>\n<\/tr>\n<tr>\n<td>Hierro<\/td>\n<td>0,1 mg<\/td>\n<td>0,7%<\/td>\n<\/tr>\n<tr>\n<td>Zinc<\/td>\n<td>0,03 mg<\/td>\n<td>0,3%<\/td>\n<\/tr>\n<tr>\n<td>Selenio<\/td>\n<td>0,6 mcg<\/td>\n<td>1,1%<\/td>\n<\/tr>\n<tr>\n<td>Cobre<\/td>\n<td>0,01 mg<\/td>\n<td>0,5%<\/td>\n<\/tr>\n<\/tbody>\n<\/table>\n<p>*) Ingesta de referencia.<br \/>\n&nbsp;<\/p>\n<h3>Resultados previstos:<\/h3>\n<ul>\n<li>Mejora la hidrataci\u00f3n y la recuperaci\u00f3n tras el esfuerzo f\u00edsico. (1)<\/li>\n<li>Reducci\u00f3n del riesgo de calambres musculares y fatiga. (2,6)<\/li>\n<li>Mejores niveles de energ\u00eda a lo largo del d\u00eda. (2)<\/li>\n<li>Favorece la funci\u00f3n tiroidea y el metabolismo. (3)<\/li>\n<li>Fortalecimiento del sistema inmunitario para una mayor resistencia. (4, 5)<\/li>\n<\/ul>\n<p>&nbsp;<br \/>\nFuente de referencia de los resultados mencionados<\/p>\n<p><i>1.  Estudio: Balance de sodio y potasio en relaci\u00f3n con la hidrataci\u00f3n durante el ejercicio f\u00edsico.<\/i><br \/>\n<u>Fuente:<\/u> Sawka, M. N., &amp; Montain, S. J. (2000). Regulaci\u00f3n de los fluidos corporales por el sodio y el potasio durante el ejercicio. Journal of Nutrition. PMID: 10801945<\/p>\n<p><i>2.  Estudio: El papel del magnesio en el rendimiento del ejercicio y la funci\u00f3n muscular.<\/i><br \/>\n<u>Fuente:<\/u> Volpe, S. L. (2015). El magnesio en la prevenci\u00f3n de enfermedades y la salud en general. Avances en nutrici\u00f3n. PMID: 26178026<\/p>\n<p><i>3. Estudio: El papel del yodo en la funci\u00f3n tiroidea y la salud.<\/i><br \/>\n<u>Fuente:<\/u> Zimmermann, M. B. (2011). Deficiencia de yodo. Endocrine Reviews. PMID: 21493812<\/p>\n<p><i>4. Estudio: El impacto del selenio y el zinc en la funci\u00f3n inmunitaria.<\/i><br \/>\n<u>Fuente:<\/u> Shankar, A. H., &amp; Prasad, A. S. (1998). Zinc and Immune Function: The Biological Basis of Altered Resistance to Infection. Revista Americana de Nutrici\u00f3n Cl\u00ednica. PMID: 9701160<\/p>\n<p><i>5. Estudio: Papel del selenio en la funci\u00f3n inmunitaria y la inflamaci\u00f3n.<\/i><br \/>\n<u>Fuente:<\/u> Hoffmann, P. R., &amp; Berry, M. J. (2008). The Influence of Selenium on Immune Responses (Influencia del selenio en las respuestas inmunitarias). Molecular Nutrition &amp; Food Research. PMID: 18496815<\/p>\n<p><i>6. Estudio: Calcio y magnesio en la funci\u00f3n muscular y la prevenci\u00f3n de calambres.<\/i><br \/>\n<u>Fuente:<\/u> Brilla, L. R., &amp; Haley, T. F. (1992). Magnesium and Calcium Dietary Supplementation Reduces Symptoms of Muscle Cramping. Revista Americana de Medicina Deportiva. PMID: 15659026<br \/>\n&nbsp;<\/p>\n<h2>Preguntas frecuentes sobre Natural Care Company Electrolitos<\/h2>\n<p><b>\u00bfDurante cu\u00e1nto tiempo puedo utilizar Electrolyen?<\/b><br \/>\nPuede utilizar este suplemento durante mucho tiempo.<\/p>\n<p><b>\u00bfC\u00f3mo debo conservar Electrolyen?<\/b><br \/>\nConservar a temperatura ambiente y en lugar seco. Mantener fuera del alcance de los ni\u00f1os peque\u00f1os.<\/p>\n<p><b>\u00bfCu\u00e1l es la mejor manera de tomar Electrolyen?<\/b><br \/>\nLo mejor es tomar este suplemento con agua.<\/p>\n<p><b>\u00bfEs Electrolyen de origen vegetal?<\/b><br \/>\nS\u00ed, y eso hace que este producto sea apto tanto para veganos como para vegetarianos.<\/p>\n<p><b>\u00bfPuedo utilizar Electrolyen durante el embarazo o la lactancia?<\/b><br \/>\nS\u00ed, puede utilizarlo durante el embarazo o la lactancia.<\/p>\n<p><b>\u00bfPuedo utilizar Electrolyen roll junto con sus otros suplementos?<\/b><br \/>\nEs posible, incluso en algunos casos se potenciar\u00e1 el efecto positivo.<\/p>\n<p><b>\u00bfQu\u00e9 al\u00e9rgenos contiene Electrolyen?<\/b><br \/>\nEste suplemento no contiene al\u00e9rgenos conocidos.<\/p>\n<p><b>\u00bfCu\u00e1ndo es mejor no utilizar Electrolen?<\/b><br \/>\nSi est\u00e1 bajo tratamiento m\u00e9dico, le aconsejamos que consulte siempre antes de tomar suplementos. Los suplementos nunca sustituyen a una dieta variada, y es importante llevar un estilo de vida saludable.<\/p>","protected":false},"excerpt":{"rendered":"<p>Natural Care Company Electrolitos (100 ml) es una mezcla de minerales esenciales extra\u00eddos de concentrado de agua de mar y para personas con estilos de vida activos, entre otros.<\/p>","protected":false},"featured_media":51083,"comment_status":"open","ping_status":"closed","template":"","meta":[],"product_brand":[],"product_cat":[2870,3460,2938],"product_tag":[3923,3589,3590,3592,3924,3591],"merk":[3920],"class_list":{"0":"post-51081","1":"product","2":"type-product","3":"status-publish","4":"has-post-thumbnail","6":"product_cat-vitalisers-en-energetische-platen","7":"product_cat-mayu-swirl","8":"product_cat-vitamines-mineralen-en-supplementen","9":"product_tag-electrolyten-natural-care-company","10":"product_tag-electrolytes","11":"product_tag-mineraal","12":"product_tag-mineraal-supplement","13":"product_tag-natural-care-company","14":"product_tag-supplement","15":"merk-natural-care-company","17":"first","18":"instock","19":"taxable","20":"shipping-taxable","21":"purchasable","22":"product-type-simple"},"bundled_by":[],"bundle_stock_status":"instock","bundle_stock_quantity":2,"bundle_virtual":false,"bundle_layout":"","bundle_add_to_cart_form_location":"","bundle_editable_in_cart":false,"bundle_sold_individually_context":"","bundle_item_grouping":"","bundle_min_size":"","bundle_max_size":"","bundle_price":[],"bundled_items":[],"bundle_sell_ids":[44176,34335,34343,34349],"yoast_head":"<!-- This site is optimized with the Yoast SEO plugin v26.1 - https:\/\/yoast.com\/wordpress\/plugins\/seo\/ -->\n<title>Natural Care Company Electrolyten - mineraal supplement - 100 ml - Alternatievemiddelen.nl<\/title>\n<meta name=\"description\" content=\"Natural Care Company Electrolyten is een mix van essenti\u00eble mineralen, gewonnen uit zeewater concentraat en voor o.a. mensen met een actieve leefstijl.\" \/>\n<meta name=\"robots\" content=\"index, follow, max-snippet:-1, max-image-preview:large, max-video-preview:-1\" \/>\n<link rel=\"canonical\" href=\"https:\/\/www.alternatievemiddelen.nl\/es\/wp-json\/wp\/v2\/product\/51081\" \/>\n<meta property=\"og:locale\" content=\"es_ES\" \/>\n<meta property=\"og:type\" content=\"article\" \/>\n<meta property=\"og:title\" content=\"Natural Care Company Electrolyten - mineraal supplement - 100 ml - Alternatievemiddelen.nl\" \/>\n<meta property=\"og:description\" content=\"Natural Care Company Electrolyten is een mix van essenti\u00eble mineralen, gewonnen uit zeewater concentraat en voor o.a. mensen met een actieve leefstijl.\" \/>\n<meta property=\"og:url\" content=\"https:\/\/www.alternatievemiddelen.nl\/es\/productos\/natural-care-company-electrolitos-100-ml\/\" \/>\n<meta property=\"og:site_name\" content=\"Alternatievemiddelen.nl\" \/>\n<meta property=\"article:modified_time\" content=\"2026-04-12T10:12:42+00:00\" \/>\n<meta property=\"og:image\" content=\"\/wp-content\/uploads\/2026\/02\/Electrolyten-Natural-Care-Company.jpg\" \/>\n\t<meta property=\"og:image:width\" content=\"900\" \/>\n\t<meta property=\"og:image:height\" content=\"1200\" \/>\n\t<meta property=\"og:image:type\" content=\"image\/jpeg\" \/>\n<meta name=\"twitter:card\" content=\"summary_large_image\" \/>\n<meta name=\"twitter:label1\" content=\"Tiempo de lectura\" \/>\n\t<meta name=\"twitter:data1\" content=\"5 minutos\" \/>\n<script type=\"application\/ld+json\" class=\"yoast-schema-graph\">{\"@context\":\"https:\/\/schema.org\",\"@graph\":[{\"@type\":[\"WebPage\",\"ItemPage\"],\"@id\":\"https:\/\/www.alternatievemiddelen.nl\/producten\/natural-care-company-electrolyten-100-ml\/\",\"url\":\"https:\/\/www.alternatievemiddelen.nl\/producten\/natural-care-company-electrolyten-100-ml\/\",\"name\":\"Natural Care Company Electrolyten - mineraal supplement - 100 ml - Alternatievemiddelen.nl\",\"isPartOf\":{\"@id\":\"https:\/\/www.alternatievemiddelen.nl\/#website\"},\"primaryImageOfPage\":{\"@id\":\"https:\/\/www.alternatievemiddelen.nl\/producten\/natural-care-company-electrolyten-100-ml\/#primaryimage\"},\"image\":{\"@id\":\"https:\/\/www.alternatievemiddelen.nl\/producten\/natural-care-company-electrolyten-100-ml\/#primaryimage\"},\"thumbnailUrl\":\"https:\/\/www.alternatievemiddelen.nl\/wp-content\/uploads\/2026\/02\/Electrolyten-Natural-Care-Company.jpg\",\"datePublished\":\"2026-02-26T10:18:55+00:00\",\"dateModified\":\"2026-04-12T10:12:42+00:00\",\"description\":\"Natural Care Company Electrolyten is een mix van essenti\u00eble mineralen, gewonnen uit zeewater concentraat en voor o.a. mensen met een actieve leefstijl.\",\"breadcrumb\":{\"@id\":\"https:\/\/www.alternatievemiddelen.nl\/producten\/natural-care-company-electrolyten-100-ml\/#breadcrumb\"},\"inLanguage\":\"es\",\"potentialAction\":[{\"@type\":\"ReadAction\",\"target\":[\"https:\/\/www.alternatievemiddelen.nl\/producten\/natural-care-company-electrolyten-100-ml\/\"]}]},{\"@type\":\"ImageObject\",\"inLanguage\":\"es\",\"@id\":\"https:\/\/www.alternatievemiddelen.nl\/producten\/natural-care-company-electrolyten-100-ml\/#primaryimage\",\"url\":\"https:\/\/www.alternatievemiddelen.nl\/wp-content\/uploads\/2026\/02\/Electrolyten-Natural-Care-Company.jpg\",\"contentUrl\":\"https:\/\/www.alternatievemiddelen.nl\/wp-content\/uploads\/2026\/02\/Electrolyten-Natural-Care-Company.jpg\",\"width\":900,\"height\":1200,\"caption\":\"Electrolyten Natural Care Company\"},{\"@type\":\"BreadcrumbList\",\"@id\":\"https:\/\/www.alternatievemiddelen.nl\/producten\/natural-care-company-electrolyten-100-ml\/#breadcrumb\",\"itemListElement\":[{\"@type\":\"ListItem\",\"position\":1,\"name\":\"Home\",\"item\":\"https:\/\/www.alternatievemiddelen.nl\/\"},{\"@type\":\"ListItem\",\"position\":2,\"name\":\"Producten\",\"item\":\"https:\/\/www.alternatievemiddelen.nl\/producten\/\"},{\"@type\":\"ListItem\",\"position\":3,\"name\":\"Natural Care Company Electrolyten &#8211; mineraal supplement &#8211; 100 ml\"}]},{\"@type\":\"WebSite\",\"@id\":\"https:\/\/www.alternatievemiddelen.nl\/#website\",\"url\":\"https:\/\/www.alternatievemiddelen.nl\/\",\"name\":\"Alternatievemiddelen.nl\",\"description\":\"Webshop met gezonde, duurzame en ecologische alternatieve mogelijkheden in de hedendaagse levenstijl. Alles uit eigen ervaring.\",\"publisher\":{\"@id\":\"https:\/\/www.alternatievemiddelen.nl\/#organization\"},\"potentialAction\":[{\"@type\":\"SearchAction\",\"target\":{\"@type\":\"EntryPoint\",\"urlTemplate\":\"https:\/\/www.alternatievemiddelen.nl\/?s={search_term_string}\"},\"query-input\":{\"@type\":\"PropertyValueSpecification\",\"valueRequired\":true,\"valueName\":\"search_term_string\"}}],\"inLanguage\":\"es\"},{\"@type\":\"Organization\",\"@id\":\"https:\/\/www.alternatievemiddelen.nl\/#organization\",\"name\":\"Alternatievemiddelen.nl\",\"url\":\"https:\/\/www.alternatievemiddelen.nl\/\",\"logo\":{\"@type\":\"ImageObject\",\"inLanguage\":\"es\",\"@id\":\"https:\/\/www.alternatievemiddelen.nl\/#\/schema\/logo\/image\/\",\"url\":\"https:\/\/www.alternatievemiddelen.nl\/wp-content\/uploads\/2023\/10\/alternatievemiddelen-PNG-logo.png\",\"contentUrl\":\"https:\/\/www.alternatievemiddelen.nl\/wp-content\/uploads\/2023\/10\/alternatievemiddelen-PNG-logo.png\",\"width\":6400,\"height\":3062,\"caption\":\"Alternatievemiddelen.nl\"},\"image\":{\"@id\":\"https:\/\/www.alternatievemiddelen.nl\/#\/schema\/logo\/image\/\"}}]}<\/script>\n<!-- \/ Yoast SEO plugin. -->","yoast_head_json":{"title":"Natural Care Company Electrolyten - mineraal supplement - 100 ml - Alternatievemiddelen.nl","description":"Natural Care Company Electrolyten is een mix van essenti\u00eble mineralen, gewonnen uit zeewater concentraat en voor o.a. mensen met een actieve leefstijl.","robots":{"index":"index","follow":"follow","max-snippet":"max-snippet:-1","max-image-preview":"max-image-preview:large","max-video-preview":"max-video-preview:-1"},"canonical":"https:\/\/www.alternatievemiddelen.nl\/es\/wp-json\/wp\/v2\/product\/51081","og_locale":"es_ES","og_type":"article","og_title":"Natural Care Company Electrolyten - mineraal supplement - 100 ml - Alternatievemiddelen.nl","og_description":"Natural Care Company Electrolyten is een mix van essenti\u00eble mineralen, gewonnen uit zeewater concentraat en voor o.a. mensen met een actieve leefstijl.","og_url":"https:\/\/www.alternatievemiddelen.nl\/es\/productos\/natural-care-company-electrolitos-100-ml\/","og_site_name":"Alternatievemiddelen.nl","article_modified_time":"2026-04-12T10:12:42+00:00","og_image":[{"width":900,"height":1200,"url":"\/wp-content\/uploads\/2026\/02\/Electrolyten-Natural-Care-Company.jpg","type":"image\/jpeg"}],"twitter_card":"summary_large_image","twitter_misc":{"Tiempo de lectura":"5 minutos"},"schema":{"@context":"https:\/\/schema.org","@graph":[{"@type":["WebPage","ItemPage"],"@id":"https:\/\/www.alternatievemiddelen.nl\/producten\/natural-care-company-electrolyten-100-ml\/","url":"https:\/\/www.alternatievemiddelen.nl\/producten\/natural-care-company-electrolyten-100-ml\/","name":"Natural Care Company Electrolyten - mineraal supplement - 100 ml - Alternatievemiddelen.nl","isPartOf":{"@id":"https:\/\/www.alternatievemiddelen.nl\/#website"},"primaryImageOfPage":{"@id":"https:\/\/www.alternatievemiddelen.nl\/producten\/natural-care-company-electrolyten-100-ml\/#primaryimage"},"image":{"@id":"https:\/\/www.alternatievemiddelen.nl\/producten\/natural-care-company-electrolyten-100-ml\/#primaryimage"},"thumbnailUrl":"https:\/\/www.alternatievemiddelen.nl\/wp-content\/uploads\/2026\/02\/Electrolyten-Natural-Care-Company.jpg","datePublished":"2026-02-26T10:18:55+00:00","dateModified":"2026-04-12T10:12:42+00:00","description":"Natural Care Company Electrolyten is een mix van essenti\u00eble mineralen, gewonnen uit zeewater concentraat en voor o.a. mensen met een actieve leefstijl.","breadcrumb":{"@id":"https:\/\/www.alternatievemiddelen.nl\/producten\/natural-care-company-electrolyten-100-ml\/#breadcrumb"},"inLanguage":"es","potentialAction":[{"@type":"ReadAction","target":["https:\/\/www.alternatievemiddelen.nl\/producten\/natural-care-company-electrolyten-100-ml\/"]}]},{"@type":"ImageObject","inLanguage":"es","@id":"https:\/\/www.alternatievemiddelen.nl\/producten\/natural-care-company-electrolyten-100-ml\/#primaryimage","url":"https:\/\/www.alternatievemiddelen.nl\/wp-content\/uploads\/2026\/02\/Electrolyten-Natural-Care-Company.jpg","contentUrl":"https:\/\/www.alternatievemiddelen.nl\/wp-content\/uploads\/2026\/02\/Electrolyten-Natural-Care-Company.jpg","width":900,"height":1200,"caption":"Electrolyten Natural Care Company"},{"@type":"BreadcrumbList","@id":"https:\/\/www.alternatievemiddelen.nl\/producten\/natural-care-company-electrolyten-100-ml\/#breadcrumb","itemListElement":[{"@type":"ListItem","position":1,"name":"Home","item":"https:\/\/www.alternatievemiddelen.nl\/"},{"@type":"ListItem","position":2,"name":"Producten","item":"https:\/\/www.alternatievemiddelen.nl\/producten\/"},{"@type":"ListItem","position":3,"name":"Natural Care Company Electrolyten &#8211; mineraal supplement &#8211; 100 ml"}]},{"@type":"WebSite","@id":"https:\/\/www.alternatievemiddelen.nl\/#website","url":"https:\/\/www.alternatievemiddelen.nl\/","name":"Alternatievemiddelen.nl","description":"Webshop met gezonde, duurzame en ecologische alternatieve mogelijkheden in de hedendaagse levenstijl. Alles uit eigen ervaring.","publisher":{"@id":"https:\/\/www.alternatievemiddelen.nl\/#organization"},"potentialAction":[{"@type":"SearchAction","target":{"@type":"EntryPoint","urlTemplate":"https:\/\/www.alternatievemiddelen.nl\/?s={search_term_string}"},"query-input":{"@type":"PropertyValueSpecification","valueRequired":true,"valueName":"search_term_string"}}],"inLanguage":"es"},{"@type":"Organization","@id":"https:\/\/www.alternatievemiddelen.nl\/#organization","name":"Alternatievemiddelen.nl","url":"https:\/\/www.alternatievemiddelen.nl\/","logo":{"@type":"ImageObject","inLanguage":"es","@id":"https:\/\/www.alternatievemiddelen.nl\/#\/schema\/logo\/image\/","url":"https:\/\/www.alternatievemiddelen.nl\/wp-content\/uploads\/2023\/10\/alternatievemiddelen-PNG-logo.png","contentUrl":"https:\/\/www.alternatievemiddelen.nl\/wp-content\/uploads\/2023\/10\/alternatievemiddelen-PNG-logo.png","width":6400,"height":3062,"caption":"Alternatievemiddelen.nl"},"image":{"@id":"https:\/\/www.alternatievemiddelen.nl\/#\/schema\/logo\/image\/"}}]}},"_links":{"self":[{"href":"https:\/\/www.alternatievemiddelen.nl\/es\/wp-json\/wp\/v2\/product\/51081","targetHints":{"allow":["GET"]}}],"collection":[{"href":"https:\/\/www.alternatievemiddelen.nl\/es\/wp-json\/wp\/v2\/product"}],"about":[{"href":"https:\/\/www.alternatievemiddelen.nl\/es\/wp-json\/wp\/v2\/types\/product"}],"replies":[{"embeddable":true,"href":"https:\/\/www.alternatievemiddelen.nl\/es\/wp-json\/wp\/v2\/comments?post=51081"}],"wp:featuredmedia":[{"embeddable":true,"href":"https:\/\/www.alternatievemiddelen.nl\/es\/wp-json\/wp\/v2\/media\/51083"}],"wp:attachment":[{"href":"https:\/\/www.alternatievemiddelen.nl\/es\/wp-json\/wp\/v2\/media?parent=51081"}],"wp:term":[{"taxonomy":"product_brand","embeddable":true,"href":"https:\/\/www.alternatievemiddelen.nl\/es\/wp-json\/wp\/v2\/product_brand?post=51081"},{"taxonomy":"product_cat","embeddable":true,"href":"https:\/\/www.alternatievemiddelen.nl\/es\/wp-json\/wp\/v2\/product_cat?post=51081"},{"taxonomy":"product_tag","embeddable":true,"href":"https:\/\/www.alternatievemiddelen.nl\/es\/wp-json\/wp\/v2\/product_tag?post=51081"},{"taxonomy":"merk","embeddable":true,"href":"https:\/\/www.alternatievemiddelen.nl\/es\/wp-json\/wp\/v2\/merk?post=51081"}],"curies":[{"name":"wp","href":"https:\/\/api.w.org\/{rel}","templated":true}]}}