{"id":51118,"date":"2026-03-03T14:47:24","date_gmt":"2026-03-03T13:47:24","guid":{"rendered":"https:\/\/www.alternatievemiddelen.nl\/?post_type=product&#038;p=51118"},"modified":"2026-03-05T06:11:01","modified_gmt":"2026-03-05T05:11:01","slug":"natural-care-company-magnesium-bisglycinaat-poeder-lemon-250gr","status":"publish","type":"product","link":"https:\/\/www.alternatievemiddelen.nl\/es\/productos\/natural-care-company-bisglicinato-de-magnesio-en-polvo-limon-250gr\/","title":{"rendered":"Natural Care Company Bisglicinato de magnesio en polvo (lim\u00f3n) 250g"},"content":{"rendered":"<p>El magnesio es realmente un multitalento. Esta variante en polvo de bisglicinato de magnesio de Natural Care Company es un producto combinado muy agradable, que tambi\u00e9n contiene taurina, vitamina B6 y L-glicina. Es adecuado tanto para adultos como para ni\u00f1os, ya que se presenta en forma de polvo.<\/p>\n<p>El magnesio es un mineral importante para el cuerpo humano. Interviene en m\u00e1s de 300 sistemas enzim\u00e1ticos que regulan diversas reacciones bioqu\u00edmicas del organismo.<br \/>\n\u2714 Con sinergistas Taurina y L-Glicina<br \/>\n\u2714 Mejor absorci\u00f3n gracias al piridoxal-5-fosfato (forma activa de la vitamina B6)<br \/>\n\u2714 Muy adecuado para adultos y ni\u00f1os (f\u00e1cil de dosificar)<br \/>\n\u2714 Mejor compuesto absorbible y f\u00f3rmula activa, alta biodisponibilidad.<br \/>\n&nbsp;<\/p>\n<h3>Magnesio<\/h3>\n<p>En primer lugar, unas palabras sobre los ni\u00f1os. \u00bfDeben ellos tambi\u00e9n tomar suplementos de magnesio? Los ni\u00f1os que hacen mucho deporte se benefician de tomar magnesio por su recuperaci\u00f3n. El magnesio tambi\u00e9n puede ayudar con la fatiga no relacionada con el deporte o durante la recuperaci\u00f3n de enfermedades o traumatismos.<\/p>\n<p>El magnesio es un mineral natural y el gran regulador de nuestro organismo. Nuestro cuerpo consume magnesio constantemente y no lo almacena. Nuestro cuerpo utiliza lo que necesita y un excedente desaparece de nuestro cuerpo a trav\u00e9s de los ri\u00f1ones o a trav\u00e9s de la transpiraci\u00f3n. Esto tambi\u00e9n significa que es dif\u00edcil que consumamos demasiado, pero podemos tener s\u00edntomas debido a deficiencias.<\/p>\n<p>El magnesio tiene un efecto positivo sobre el funcionamiento del sistema nervioso y contribuye al metabolismo energ\u00e9tico. Tambi\u00e9n contribuye a reducir la fatiga. Adem\u00e1s, contribuye a las funciones cerebrales y nerviosas implicadas en la concentraci\u00f3n, la capacidad de aprendizaje, la memoria y la capacidad de razonamiento. El magnesio es beneficioso para un buen equilibrio mental.<br \/>\n&nbsp;<\/p>\n<h3>Bisglicinato de magnesio<\/h3>\n<p>Una caracter\u00edstica especial de este producto es que contiene magnesio en forma de bisglicinato de magnesio. En este caso, cada part\u00edcula de magnesio est\u00e1 unida (quelada) a dos mol\u00e9culas del amino\u00e1cido glicina, lo que garantiza una excelente capacidad de absorci\u00f3n. El magnesio quelado con amino\u00e1cidos tiene una mayor biodisponibilidad que otras formas de magnesio, como el \u00f3xido de magnesio (que s\u00f3lo se absorbe en un 4%). Esto se debe a que la uni\u00f3n entre el magnesio y el amino\u00e1cido es tan fuerte en un quelato que no se divide bajo la influencia del \u00e1cido estomacal, a diferencia de otros compuestos de magnesio. La ventaja de esto es que el bisglicinato de magnesio llega al intestino delgado como un amino\u00e1cido y se absorbe all\u00ed a trav\u00e9s de los receptores de amino\u00e1cidos.<br \/>\n&nbsp;<\/p>\n<h3>Taurina y vitamina B6<\/h3>\n<p>Se han a\u00f1adido al polvo taurina (un amino\u00e1cido) y vitamina B6 (piridoxal-5-fosfato). Estas sustancias tienen un efecto sin\u00e9rgico sobre el magnesio. Favorecen la absorci\u00f3n de este mineral en las c\u00e9lulas y apoyan as\u00ed la eficacia del magnesio. La vitamina B6 tambi\u00e9n tiene un efecto positivo sobre el sistema nervioso.<br \/>\n&nbsp;<\/p>\n<h3>Glicina<\/h3>\n<p>El bisglicinato de magnesio es un compuesto entre magnesio y glicina. La glicina es un amino\u00e1cido y los amino\u00e1cidos se absorben muy bien a trav\u00e9s de vasos de transporte espec\u00edficos en los intestinos. A trav\u00e9s del enlace entre el magnesio y un amino\u00e1cido, el magnesio es transportado al organismo junto con la glicina. De ah\u00ed su alta absorci\u00f3n y, por tanto, su eficacia.<br \/>\n&nbsp;<\/p>\n<h3>Aplicaci\u00f3n del Bisglicinato de Magnesio en polvo (lim\u00f3n) de Natural Care Company:<\/h3>\n<p><u>Adultos:<\/u> De 1 a 2 cacitos de 2,5 gramos al d\u00eda.<br \/>\n<u>Hijos:<\/u> 1 cacito de 2,5 gramos al d\u00eda.<br \/>\nA\u00f1ada una cucharada a 50 ml de bebida fr\u00eda o caliente, seg\u00fan sus preferencias. A mucha gente le encanta el sabor a lim\u00f3n. Si no es tu caso... d\u00e9jalo unos minutos, el sabor desaparecer\u00e1 por s\u00ed solo.<br \/>\n&nbsp;<br \/>\n<b><u>Ingredientes:<\/u><\/b> Minerales, \u00e1cido c\u00edtrico (regulador de la acidez), taurina, L-glicina, aroma de lim\u00f3n (aroma natural), vitaminas, di\u00f3xido de silicio (antiaglomerante).<br \/>\n&nbsp;<br \/>\n<b><u>Informaci\u00f3n sobre al\u00e9rgenos:<\/u><\/b> Este producto no contiene al\u00e9rgenos conocidos.<br \/>\n&nbsp;<br \/>\n<u><b>Composici\u00f3n por dosis diaria (2,5 g)<\/b><\/u><\/p>\n<table>\n<tbody>\n<tr>\n<td><u><b>Ingrediente<\/b><\/u><\/td>\n<td><u><b>Cantidad<\/b><\/u><\/td>\n<td><u><b>RI *<\/b><\/u><\/td>\n<td><u><b>Conexi\u00f3n<\/b><\/u><\/td>\n<\/tr>\n<tr>\n<td><b>Vitaminas<\/b><\/td>\n<td><\/td>\n<td><\/td>\n<td><\/td>\n<\/tr>\n<tr>\n<td>Vitamina B6<\/td>\n<td>1,2 mg<\/td>\n<td>85,7%<\/td>\n<td>Piridoxal 5 fosfato<\/td>\n<\/tr>\n<tr>\n<td><b>Minerales<\/b><\/td>\n<td><\/td>\n<td><\/td>\n<td><\/td>\n<\/tr>\n<tr>\n<td>Magnesio<\/td>\n<td>125 mg<\/td>\n<td>33,3%<\/td>\n<td>Bisglicinato<\/td>\n<\/tr>\n<tr>\n<td><b>Amino\u00e1cidos<\/b><\/td>\n<td><\/td>\n<td><\/td>\n<td><\/td>\n<\/tr>\n<tr>\n<td>L-glicina<\/td>\n<td>70 mg<\/td>\n<td><\/td>\n<td><\/td>\n<\/tr>\n<tr>\n<td><b>Otros<\/b><\/td>\n<td><\/td>\n<td><\/td>\n<td><\/td>\n<\/tr>\n<tr>\n<td>Taurina<\/td>\n<td>239 mg<\/td>\n<td><\/td>\n<td><\/td>\n<\/tr>\n<\/tbody>\n<\/table>\n<p>*) Ingesta de referencia.<br \/>\n&nbsp;<br \/>\n&nbsp;<\/p>\n<h2>Preguntas frecuentes sobre Natural Care Company Bisglicinato de magnesio en polvo (lim\u00f3n)<\/h2>\n<p><b>\u00bfCu\u00e1ndo y con qu\u00e9 frecuencia es mejor tomar bisglicinato de magnesio en polvo (lim\u00f3n)?<\/b><br \/>\n1 cacito antes de acostarse. Los adultos pueden tomar un cacito adicional por la ma\u00f1ana. Ponga este cacito en 50 ml de bebida fr\u00eda o caliente, seg\u00fan su preferencia. A muchas personas les encanta el sabor a lim\u00f3n. Si a usted no... d\u00e9jelo unos minutos, el sabor desaparecer\u00e1 por s\u00ed solo.<\/p>\n<p><b>\u00bfDurante cu\u00e1nto tiempo puedo utilizar Bisglicinato de magnesio en polvo (lim\u00f3n)?<\/b><br \/>\nPuede utilizar Bisglicinato de Magnesio en polvo (lim\u00f3n) de forma permanente. \u00a1Este es un producto b\u00e1sico que recomendamos a todo el mundo a diario!<\/p>\n<p><b>Hay un trozo de magnesio en la olla, \u00bfest\u00e1 bien?<\/b><br \/>\nS\u00ed, no pasa nada. Desgraciadamente puede ocurrir... Eso es porque el magnesio es muy sensible a la humedad. No afecta a su calidad ni a su funci\u00f3n. Basta con sacudirlo para que se suelte o pincharlo \ud83d\ude42 .<\/p>\n<p><b>\u00bfPuedo utilizar bisglicinato de magnesio en polvo (lim\u00f3n) siendo adulto? \u00bfIncluso si estoy embarazada o en periodo de lactancia?<\/b><br \/>\nS\u00ed, el bisglicinato de magnesio en polvo (lim\u00f3n) es seguro para los adultos. Se recomienda si tiene dificultad para tragar c\u00e1psulas y comprimidos. En ese caso, tome una dosis diaria de 2 cacitos; 1 por la ma\u00f1ana con el desayuno y 1 justo antes de acostarse. Tambi\u00e9n puede tomar este suplemento para adultos si est\u00e1 embarazada o en per\u00edodo de lactancia.<\/p>\n<p><b>\u00bfC\u00f3mo debo conservar el bisglicinato de magnesio en polvo (lim\u00f3n)?<\/b><br \/>\nConservar el Bisglicinato de Magnesio en polvo (lim\u00f3n) a temperatura ambiente y en un lugar seco. Mantener fuera del alcance de los ni\u00f1os.<\/p>\n<p><b>\u00bfCu\u00e1l es la mejor manera de tomar Bisglicinato de magnesio en polvo (lim\u00f3n)?<\/b><br \/>\nTomar el producto con 50 ml de bebida caliente o fr\u00eda.<\/p>\n<p><b>\u00bfEl bisglicinato de magnesio en polvo (lim\u00f3n) es de origen vegetal?<\/b><br \/>\nS\u00ed. Por lo tanto, este producto es apto tanto para vegetarianos como para veganos.<\/p>\n<p><b>\u00bfPuedo utilizar bisglicinato de magnesio en polvo (lim\u00f3n) durante el embarazo o la lactancia?<\/b><br \/>\nS\u00ed, el bisglicinato de magnesio en polvo (lim\u00f3n) es seguro durante el embarazo o la lactancia.<\/p>\n<p><b>\u00bfPuedo utilizar bisglicinato de magnesio en polvo (lim\u00f3n) junto con sus otros suplementos?<\/b><br \/>\nEs posible, incluso en algunos casos se potenciar\u00e1 el efecto positivo.<\/p>\n<p><b>\u00bfQu\u00e9 al\u00e9rgenos contiene el bisglicinato de magnesio en polvo (lim\u00f3n)?<\/b><br \/>\nEl bisglicinato de magnesio en polvo (lim\u00f3n) no contiene al\u00e9rgenos conocidos.<\/p>\n<p><b>\u00bfCu\u00e1ndo es mejor no utilizar bisglicinato de magnesio en polvo (lim\u00f3n)?<\/b><br \/>\nSi est\u00e1 bajo tratamiento m\u00e9dico, le aconsejamos que consulte siempre antes de tomar suplementos. Adem\u00e1s, los suplementos nunca sustituyen a una dieta variada, y es importante llevar un estilo de vida saludable.<\/p>","protected":false},"excerpt":{"rendered":"<p>Esta variante en polvo de Bisglicinato de Magnesio de Natural Care Company es un producto combinado muy agradable que tambi\u00e9n contiene taurina, vitamina B6 y L-Glicina.<\/p>","protected":false},"featured_media":51119,"comment_status":"open","ping_status":"closed","template":"","meta":[],"product_brand":[],"product_cat":[2938],"product_tag":[3926,3613,3423,3927,3924,3925,3928,3591],"merk":[3920],"class_list":{"0":"post-51118","1":"product","2":"type-product","3":"status-publish","4":"has-post-thumbnail","6":"product_cat-vitamines-mineralen-en-supplementen","7":"product_tag-250-gram","8":"product_tag-lemon","9":"product_tag-magnesium","10":"product_tag-magnesium-bisglycinaat","11":"product_tag-natural-care-company","12":"product_tag-natural-care-company-magnesium-bisglycinaat-poeder-lemon-250-gram","13":"product_tag-poeder","14":"product_tag-supplement","15":"merk-natural-care-company","17":"first","18":"instock","19":"taxable","20":"shipping-taxable","21":"purchasable","22":"product-type-simple"},"bundled_by":[],"bundle_stock_status":"instock","bundle_stock_quantity":null,"bundle_virtual":false,"bundle_layout":"","bundle_add_to_cart_form_location":"","bundle_editable_in_cart":false,"bundle_sold_individually_context":"","bundle_item_grouping":"","bundle_min_size":"","bundle_max_size":"","bundle_price":[],"bundled_items":[],"bundle_sell_ids":[44176],"yoast_head":"<!-- This site is optimized with the Yoast SEO plugin v26.1 - https:\/\/yoast.com\/wordpress\/plugins\/seo\/ -->\n<title>Natural Care Company Magnesium Bisglycinaat poeder (lemon) 250 gram - Alternatievemiddelen.nl<\/title>\n<meta name=\"description\" content=\"Deze Natural Care Company Magnesium Bisglycinaat poedervariant is een heel mooi combinatie product, dat ook taurine, vitamine B6 en L-Glycine bevat.\" \/>\n<meta name=\"robots\" content=\"index, follow, max-snippet:-1, max-image-preview:large, max-video-preview:-1\" \/>\n<link rel=\"canonical\" href=\"https:\/\/www.alternatievemiddelen.nl\/es\/wp-json\/wp\/v2\/product\/51118\" \/>\n<meta property=\"og:locale\" content=\"es_ES\" \/>\n<meta property=\"og:type\" content=\"article\" \/>\n<meta property=\"og:title\" content=\"Natural Care Company Magnesium Bisglycinaat poeder (lemon) 250 gram - Alternatievemiddelen.nl\" \/>\n<meta property=\"og:description\" content=\"Deze Natural Care Company Magnesium Bisglycinaat poedervariant is een heel mooi combinatie product, dat ook taurine, vitamine B6 en L-Glycine bevat.\" \/>\n<meta property=\"og:url\" content=\"https:\/\/www.alternatievemiddelen.nl\/es\/productos\/natural-care-company-bisglicinato-de-magnesio-en-polvo-limon-250gr\/\" \/>\n<meta property=\"og:site_name\" content=\"Alternatievemiddelen.nl\" \/>\n<meta property=\"article:modified_time\" content=\"2026-03-05T05:11:01+00:00\" \/>\n<meta property=\"og:image\" content=\"\/wp-content\/uploads\/2026\/03\/Natural-Care-Company-Magnesium-Bisglycinaat-poeder-lemon-250-gram.jpg\" \/>\n\t<meta property=\"og:image:width\" content=\"900\" \/>\n\t<meta property=\"og:image:height\" content=\"1200\" \/>\n\t<meta property=\"og:image:type\" content=\"image\/jpeg\" \/>\n<meta name=\"twitter:card\" content=\"summary_large_image\" \/>\n<meta name=\"twitter:label1\" content=\"Tiempo de lectura\" \/>\n\t<meta name=\"twitter:data1\" content=\"6 minutos\" \/>\n<script type=\"application\/ld+json\" class=\"yoast-schema-graph\">{\"@context\":\"https:\/\/schema.org\",\"@graph\":[{\"@type\":[\"WebPage\",\"ItemPage\"],\"@id\":\"https:\/\/www.alternatievemiddelen.nl\/producten\/natural-care-company-magnesium-bisglycinaat-poeder-lemon-250gr\/\",\"url\":\"https:\/\/www.alternatievemiddelen.nl\/producten\/natural-care-company-magnesium-bisglycinaat-poeder-lemon-250gr\/\",\"name\":\"Natural Care Company Magnesium Bisglycinaat poeder (lemon) 250 gram - Alternatievemiddelen.nl\",\"isPartOf\":{\"@id\":\"https:\/\/www.alternatievemiddelen.nl\/#website\"},\"primaryImageOfPage\":{\"@id\":\"https:\/\/www.alternatievemiddelen.nl\/producten\/natural-care-company-magnesium-bisglycinaat-poeder-lemon-250gr\/#primaryimage\"},\"image\":{\"@id\":\"https:\/\/www.alternatievemiddelen.nl\/producten\/natural-care-company-magnesium-bisglycinaat-poeder-lemon-250gr\/#primaryimage\"},\"thumbnailUrl\":\"https:\/\/www.alternatievemiddelen.nl\/wp-content\/uploads\/2026\/03\/Natural-Care-Company-Magnesium-Bisglycinaat-poeder-lemon-250-gram.jpg\",\"datePublished\":\"2026-03-03T13:47:24+00:00\",\"dateModified\":\"2026-03-05T05:11:01+00:00\",\"description\":\"Deze Natural Care Company Magnesium Bisglycinaat poedervariant is een heel mooi combinatie product, dat ook taurine, vitamine B6 en L-Glycine bevat.\",\"breadcrumb\":{\"@id\":\"https:\/\/www.alternatievemiddelen.nl\/producten\/natural-care-company-magnesium-bisglycinaat-poeder-lemon-250gr\/#breadcrumb\"},\"inLanguage\":\"es\",\"potentialAction\":[{\"@type\":\"ReadAction\",\"target\":[\"https:\/\/www.alternatievemiddelen.nl\/producten\/natural-care-company-magnesium-bisglycinaat-poeder-lemon-250gr\/\"]}]},{\"@type\":\"ImageObject\",\"inLanguage\":\"es\",\"@id\":\"https:\/\/www.alternatievemiddelen.nl\/producten\/natural-care-company-magnesium-bisglycinaat-poeder-lemon-250gr\/#primaryimage\",\"url\":\"https:\/\/www.alternatievemiddelen.nl\/wp-content\/uploads\/2026\/03\/Natural-Care-Company-Magnesium-Bisglycinaat-poeder-lemon-250-gram.jpg\",\"contentUrl\":\"https:\/\/www.alternatievemiddelen.nl\/wp-content\/uploads\/2026\/03\/Natural-Care-Company-Magnesium-Bisglycinaat-poeder-lemon-250-gram.jpg\",\"width\":900,\"height\":1200,\"caption\":\"Natural Care Company Magnesium Bisglycinaat poeder (lemon) 250 gram\"},{\"@type\":\"BreadcrumbList\",\"@id\":\"https:\/\/www.alternatievemiddelen.nl\/producten\/natural-care-company-magnesium-bisglycinaat-poeder-lemon-250gr\/#breadcrumb\",\"itemListElement\":[{\"@type\":\"ListItem\",\"position\":1,\"name\":\"Home\",\"item\":\"https:\/\/www.alternatievemiddelen.nl\/\"},{\"@type\":\"ListItem\",\"position\":2,\"name\":\"Producten\",\"item\":\"https:\/\/www.alternatievemiddelen.nl\/producten\/\"},{\"@type\":\"ListItem\",\"position\":3,\"name\":\"Natural Care Company Magnesium Bisglycinaat poeder (lemon) 250 gram\"}]},{\"@type\":\"WebSite\",\"@id\":\"https:\/\/www.alternatievemiddelen.nl\/#website\",\"url\":\"https:\/\/www.alternatievemiddelen.nl\/\",\"name\":\"Alternatievemiddelen.nl\",\"description\":\"Webshop met gezonde, duurzame en ecologische alternatieve mogelijkheden in de hedendaagse levenstijl. Alles uit eigen ervaring.\",\"publisher\":{\"@id\":\"https:\/\/www.alternatievemiddelen.nl\/#organization\"},\"potentialAction\":[{\"@type\":\"SearchAction\",\"target\":{\"@type\":\"EntryPoint\",\"urlTemplate\":\"https:\/\/www.alternatievemiddelen.nl\/?s={search_term_string}\"},\"query-input\":{\"@type\":\"PropertyValueSpecification\",\"valueRequired\":true,\"valueName\":\"search_term_string\"}}],\"inLanguage\":\"es\"},{\"@type\":\"Organization\",\"@id\":\"https:\/\/www.alternatievemiddelen.nl\/#organization\",\"name\":\"Alternatievemiddelen.nl\",\"url\":\"https:\/\/www.alternatievemiddelen.nl\/\",\"logo\":{\"@type\":\"ImageObject\",\"inLanguage\":\"es\",\"@id\":\"https:\/\/www.alternatievemiddelen.nl\/#\/schema\/logo\/image\/\",\"url\":\"https:\/\/www.alternatievemiddelen.nl\/wp-content\/uploads\/2023\/10\/alternatievemiddelen-PNG-logo.png\",\"contentUrl\":\"https:\/\/www.alternatievemiddelen.nl\/wp-content\/uploads\/2023\/10\/alternatievemiddelen-PNG-logo.png\",\"width\":6400,\"height\":3062,\"caption\":\"Alternatievemiddelen.nl\"},\"image\":{\"@id\":\"https:\/\/www.alternatievemiddelen.nl\/#\/schema\/logo\/image\/\"}}]}<\/script>\n<!-- \/ Yoast SEO plugin. -->","yoast_head_json":{"title":"Natural Care Company Magnesium Bisglycinaat poeder (lemon) 250 gram - Alternatievemiddelen.nl","description":"Deze Natural Care Company Magnesium Bisglycinaat poedervariant is een heel mooi combinatie product, dat ook taurine, vitamine B6 en L-Glycine bevat.","robots":{"index":"index","follow":"follow","max-snippet":"max-snippet:-1","max-image-preview":"max-image-preview:large","max-video-preview":"max-video-preview:-1"},"canonical":"https:\/\/www.alternatievemiddelen.nl\/es\/wp-json\/wp\/v2\/product\/51118","og_locale":"es_ES","og_type":"article","og_title":"Natural Care Company Magnesium Bisglycinaat poeder (lemon) 250 gram - Alternatievemiddelen.nl","og_description":"Deze Natural Care Company Magnesium Bisglycinaat poedervariant is een heel mooi combinatie product, dat ook taurine, vitamine B6 en L-Glycine bevat.","og_url":"https:\/\/www.alternatievemiddelen.nl\/es\/productos\/natural-care-company-bisglicinato-de-magnesio-en-polvo-limon-250gr\/","og_site_name":"Alternatievemiddelen.nl","article_modified_time":"2026-03-05T05:11:01+00:00","og_image":[{"width":900,"height":1200,"url":"\/wp-content\/uploads\/2026\/03\/Natural-Care-Company-Magnesium-Bisglycinaat-poeder-lemon-250-gram.jpg","type":"image\/jpeg"}],"twitter_card":"summary_large_image","twitter_misc":{"Tiempo de lectura":"6 minutos"},"schema":{"@context":"https:\/\/schema.org","@graph":[{"@type":["WebPage","ItemPage"],"@id":"https:\/\/www.alternatievemiddelen.nl\/producten\/natural-care-company-magnesium-bisglycinaat-poeder-lemon-250gr\/","url":"https:\/\/www.alternatievemiddelen.nl\/producten\/natural-care-company-magnesium-bisglycinaat-poeder-lemon-250gr\/","name":"Natural Care Company Magnesium Bisglycinaat poeder (lemon) 250 gram - Alternatievemiddelen.nl","isPartOf":{"@id":"https:\/\/www.alternatievemiddelen.nl\/#website"},"primaryImageOfPage":{"@id":"https:\/\/www.alternatievemiddelen.nl\/producten\/natural-care-company-magnesium-bisglycinaat-poeder-lemon-250gr\/#primaryimage"},"image":{"@id":"https:\/\/www.alternatievemiddelen.nl\/producten\/natural-care-company-magnesium-bisglycinaat-poeder-lemon-250gr\/#primaryimage"},"thumbnailUrl":"https:\/\/www.alternatievemiddelen.nl\/wp-content\/uploads\/2026\/03\/Natural-Care-Company-Magnesium-Bisglycinaat-poeder-lemon-250-gram.jpg","datePublished":"2026-03-03T13:47:24+00:00","dateModified":"2026-03-05T05:11:01+00:00","description":"Deze Natural Care Company Magnesium Bisglycinaat poedervariant is een heel mooi combinatie product, dat ook taurine, vitamine B6 en L-Glycine bevat.","breadcrumb":{"@id":"https:\/\/www.alternatievemiddelen.nl\/producten\/natural-care-company-magnesium-bisglycinaat-poeder-lemon-250gr\/#breadcrumb"},"inLanguage":"es","potentialAction":[{"@type":"ReadAction","target":["https:\/\/www.alternatievemiddelen.nl\/producten\/natural-care-company-magnesium-bisglycinaat-poeder-lemon-250gr\/"]}]},{"@type":"ImageObject","inLanguage":"es","@id":"https:\/\/www.alternatievemiddelen.nl\/producten\/natural-care-company-magnesium-bisglycinaat-poeder-lemon-250gr\/#primaryimage","url":"https:\/\/www.alternatievemiddelen.nl\/wp-content\/uploads\/2026\/03\/Natural-Care-Company-Magnesium-Bisglycinaat-poeder-lemon-250-gram.jpg","contentUrl":"https:\/\/www.alternatievemiddelen.nl\/wp-content\/uploads\/2026\/03\/Natural-Care-Company-Magnesium-Bisglycinaat-poeder-lemon-250-gram.jpg","width":900,"height":1200,"caption":"Natural Care Company Magnesium Bisglycinaat poeder (lemon) 250 gram"},{"@type":"BreadcrumbList","@id":"https:\/\/www.alternatievemiddelen.nl\/producten\/natural-care-company-magnesium-bisglycinaat-poeder-lemon-250gr\/#breadcrumb","itemListElement":[{"@type":"ListItem","position":1,"name":"Home","item":"https:\/\/www.alternatievemiddelen.nl\/"},{"@type":"ListItem","position":2,"name":"Producten","item":"https:\/\/www.alternatievemiddelen.nl\/producten\/"},{"@type":"ListItem","position":3,"name":"Natural Care Company Magnesium Bisglycinaat poeder (lemon) 250 gram"}]},{"@type":"WebSite","@id":"https:\/\/www.alternatievemiddelen.nl\/#website","url":"https:\/\/www.alternatievemiddelen.nl\/","name":"Alternatievemiddelen.nl","description":"Webshop met gezonde, duurzame en ecologische alternatieve mogelijkheden in de hedendaagse levenstijl. Alles uit eigen ervaring.","publisher":{"@id":"https:\/\/www.alternatievemiddelen.nl\/#organization"},"potentialAction":[{"@type":"SearchAction","target":{"@type":"EntryPoint","urlTemplate":"https:\/\/www.alternatievemiddelen.nl\/?s={search_term_string}"},"query-input":{"@type":"PropertyValueSpecification","valueRequired":true,"valueName":"search_term_string"}}],"inLanguage":"es"},{"@type":"Organization","@id":"https:\/\/www.alternatievemiddelen.nl\/#organization","name":"Alternatievemiddelen.nl","url":"https:\/\/www.alternatievemiddelen.nl\/","logo":{"@type":"ImageObject","inLanguage":"es","@id":"https:\/\/www.alternatievemiddelen.nl\/#\/schema\/logo\/image\/","url":"https:\/\/www.alternatievemiddelen.nl\/wp-content\/uploads\/2023\/10\/alternatievemiddelen-PNG-logo.png","contentUrl":"https:\/\/www.alternatievemiddelen.nl\/wp-content\/uploads\/2023\/10\/alternatievemiddelen-PNG-logo.png","width":6400,"height":3062,"caption":"Alternatievemiddelen.nl"},"image":{"@id":"https:\/\/www.alternatievemiddelen.nl\/#\/schema\/logo\/image\/"}}]}},"_links":{"self":[{"href":"https:\/\/www.alternatievemiddelen.nl\/es\/wp-json\/wp\/v2\/product\/51118","targetHints":{"allow":["GET"]}}],"collection":[{"href":"https:\/\/www.alternatievemiddelen.nl\/es\/wp-json\/wp\/v2\/product"}],"about":[{"href":"https:\/\/www.alternatievemiddelen.nl\/es\/wp-json\/wp\/v2\/types\/product"}],"replies":[{"embeddable":true,"href":"https:\/\/www.alternatievemiddelen.nl\/es\/wp-json\/wp\/v2\/comments?post=51118"}],"wp:featuredmedia":[{"embeddable":true,"href":"https:\/\/www.alternatievemiddelen.nl\/es\/wp-json\/wp\/v2\/media\/51119"}],"wp:attachment":[{"href":"https:\/\/www.alternatievemiddelen.nl\/es\/wp-json\/wp\/v2\/media?parent=51118"}],"wp:term":[{"taxonomy":"product_brand","embeddable":true,"href":"https:\/\/www.alternatievemiddelen.nl\/es\/wp-json\/wp\/v2\/product_brand?post=51118"},{"taxonomy":"product_cat","embeddable":true,"href":"https:\/\/www.alternatievemiddelen.nl\/es\/wp-json\/wp\/v2\/product_cat?post=51118"},{"taxonomy":"product_tag","embeddable":true,"href":"https:\/\/www.alternatievemiddelen.nl\/es\/wp-json\/wp\/v2\/product_tag?post=51118"},{"taxonomy":"merk","embeddable":true,"href":"https:\/\/www.alternatievemiddelen.nl\/es\/wp-json\/wp\/v2\/merk?post=51118"}],"curies":[{"name":"wp","href":"https:\/\/api.w.org\/{rel}","templated":true}]}}