{"id":51497,"date":"2026-04-12T07:07:52","date_gmt":"2026-04-12T05:07:52","guid":{"rendered":"https:\/\/www.alternatievemiddelen.nl\/?post_type=product&#038;p=51497"},"modified":"2026-04-12T07:44:14","modified_gmt":"2026-04-12T05:44:14","slug":"mayu-swirl-onyx","status":"publish","type":"product","link":"https:\/\/www.alternatievemiddelen.nl\/es\/productos\/mayu-swirl-onyx\/","title":{"rendered":"MAYU Swirl Jarra Onyx - vitalizante con tecnolog\u00eda Vortex (movimiento natural en espiral)"},"content":{"rendered":"<p>MAYU Swirl Onyx - \u00a1ac\u00e9rquese a la esencia del agua de manantial natural!<br \/>\nEl MAYU Swirl Onyx utiliza el poder natural del movimiento en espiral (implosi\u00f3n) que se encuentra en todo el universo. Como resultado, el agua se refresca, oxigena, equilibra y rejuvenece para que sepa mejor y se hidrate mejor, tal y como pretende la naturaleza.<br \/>\n&nbsp;<\/p>\n<h3>\u00bfPor qu\u00e9 el MAYU Swirl Onyx?<\/h3>\n<p>\u00bfPor qu\u00e9 airear? El agua conserva su vitalidad y frescura al moverse, pero cuando se aprieta y se estanca en las tuber\u00edas, pierde la energ\u00eda, la vitalidad, que su cuerpo necesita para una hidrataci\u00f3n completa. Al igual que el vino necesita respirar para expresar su mejor sabor, el movimiento de v\u00f3rtice del MAYU Swirl Onyx restaura la vitalidad perdida aportando ox\u00edgeno y equilibrando y alcalinizando el verdadero sabor y textura de su agua (aumentando el pH - el CO2 disuelto provoca una reacci\u00f3n qu\u00edmica que eleva el pH) - s\u00f3lo 6000 veces m\u00e1s r\u00e1pido que un decantador normal.<\/p>\n<p><b>Inspirado en la naturaleza. Apoyado por la ciencia.<\/b><br \/>\nLa naturaleza funciona de forma muy sencilla. Tiene dos movimientos b\u00e1sicos. Uno para descomponer y reciclar la vida y otro para construirla. El movimiento de descomposici\u00f3n es la espiral de adentro hacia afuera en 3D, la explosi\u00f3n, el movimiento centr\u00edfugo. Este movimiento va acompa\u00f1ado de ruido, calor y fricci\u00f3n creciente. El movimiento de construcci\u00f3n de la naturaleza es de fuera hacia dentro, el movimiento centr\u00edpeto. O el v\u00f3rtice. Va acompa\u00f1ado de silencio, enfriamiento y atracci\u00f3n creciente. Por eso, todo lo \"vivo\" en la naturaleza utiliza este movimiento. Es el movimiento que eleva, que vitaliza. De hecho, es la raz\u00f3n por la que puedes ponerte de pie o una planta puede elevarse contra la gravedad. La sangre de cada ser fluye en un v\u00f3rtice y la savia de los \u00e1rboles y las plantas tambi\u00e9n.<br \/>\nSi fuerzas el agua u otro l\u00edquido, o incluso el aire, para crear un v\u00f3rtice, cambias sus propiedades para mejor. As\u00ed que los fundamentos del MAYU Swirl Onyx son bastante sencillos: <i>\"Comprender y copiar la naturaleza\"<\/i>. El v\u00f3rtice natural disuelve el ox\u00edgeno fresco a la velocidad del rayo y acelera la evaporaci\u00f3n de las sustancias vol\u00e1tiles nocivas.<br \/>\nAirea el agua, como el buen vino, pero 6000 veces m\u00e1s r\u00e1pido que una jarra normal. As\u00ed que esta jarra tambi\u00e9n es muy buena para usar con vino.<br \/>\nDevuelva la vida a su agua con este decantador de \u00faltima generaci\u00f3n con tecnolog\u00eda de v\u00f3rtice que mejora el agua.<br \/>\n&nbsp;<\/p>\n<h3>\u00bfEn qu\u00e9 consiste el MAYU Swirl Onyx?<\/h3>\n<p><b><u>La jarra<\/u><\/b><br \/>\nLa jarra de cristal soplado a mano MAYU Swirl Onyx es ligera, de cristal, apta para lavavajillas y de borosilicato templado de clase A. El dise\u00f1o de gota de agua evita zonas estancadas en la jarra, permitiendo que toda el agua fluya libremente. La marca de 1,5 litros est\u00e1 grabada en el lateral de la jarra.<\/p>\n<p><b><u>Aspectos b\u00e1sicos<\/u><\/b><br \/>\nEl generador Vortex se asienta en la base de porcelana del MAYU Swirl. Las c\u00e9lulas de carga de estado s\u00f3lido detectan la presencia de la jarra, que inicia autom\u00e1ticamente el movimiento de remolino. En funci\u00f3n de la cantidad de agua que haya en la jarra, la fuerza y la velocidad del v\u00f3rtice se controlan autom\u00e1ticamente, creando un v\u00f3rtice constante y perfecto. Puede volver a apagar f\u00e1cilmente el generador de v\u00f3rtice mediante el bot\u00f3n de la pantalla t\u00e1ctil.<br \/>\nFabricado en porcelana pura de Jingdezhen coloreada \u00fanicamente con tintes minerales naturales, el dise\u00f1o se inspira en un guijarro que se encuentra en el fondo de un r\u00edo caudaloso. <b>POR FAVOR TENGA EN CUENTA: Cada base es \u00fanica y por lo tanto ninguna base es igual en t\u00e9rminos de gradiente de color ya que es una mezcla de porcelana. Por lo tanto, el dise\u00f1o que aparece en las fotos con este producto puede diferir ligeramente del producto entregado. Puede ver en las fotos que cada base tiene un aspecto ligeramente diferente.<\/b><br \/>\n&nbsp;<\/p>\n<h3>Todas las ventajas de un vistazo:<\/h3>\n<p>\u2714 INSPIRADO POR LA NATURALEZA: El MAYU Swirl aprovecha el movimiento en espiral natural utilizado en todo el universo para construir la vida. Incluso tu sangre fluye de esta manera. El MAYU vuelve a oxigenar y equilibrar el agua del grifo, haci\u00e9ndola m\u00e1s sabrosa e hidratante. Agua de manantial tal y como la naturaleza la concibi\u00f3.<br \/>\n\u2714 MEJOR AGUA: La verdadera magia de la aireaci\u00f3n llega cuando saboreas la sedosa dulzura del agua MAYU. Se acabaron los olores y el cloro. Se acabaron los sabores fuertes. El agua MAYU es un agua m\u00e1s suave, sabrosa y equilibrada a la que tu cuerpo responde al instante. \u00bfQu\u00e9 tan buena es? 85% de las personas que probaron el agua prefirieron el agua MAYU al agua del grifo o mineral. Especialmente los ni\u00f1os notaron la diferencia.<br \/>\n\u2714 DISE\u00d1O magn\u00edfico: Pocas cosas transmiten la armon\u00eda visual y espiritual de forma tan completa y bella como la forma de espiral perfecta de la naturaleza. El remolino en espiral de la jarra MAYU atrae la mirada humana y desencadena una conversaci\u00f3n sobre el agua y la naturaleza. El MAYU Swirl es un complemento para cualquier mesa, tanto si se mira como si se bebe de \u00e9l.<br \/>\n\u2714 UN MUNDO MEJOR: \u00a1Ayuda a eliminar el pl\u00e1stico del mundo! Es hora de reflexionar sobre todas esas botellas de pl\u00e1stico que se usan una vez y luego tardan cientos de a\u00f1os en descomponerse. Adem\u00e1s de reducir esos residuos contaminantes con nuestras garrafas y botellas de agua totalmente de vidrio, MAYU tambi\u00e9n se ha comprometido a destinar 1% de nuestras ventas a organizaciones medioambientales que ayudan a resolver los problemas del mundo.<br \/>\n\u2714 DISE\u00d1OS \u00daNICOS: El MAYU Swirl es similar en varias variantes: <a href=\"https:\/\/www.alternatievemiddelen.nl\/es\/productos\/mayu-remolino-tierra\/\">MAYU Swirl Tierra<\/a>, <a href=\"https:\/\/www.alternatievemiddelen.nl\/es\/productos\/mayu-remolino-dolomita\/\">MAYU Swirl Dolomita<\/a>, <a href=\"https:\/\/www.alternatievemiddelen.nl\/es\/productos\/mayu-swirl-graystone\/\">MAYU Swirl Piedra gris<\/a> y <a href=\"https:\/\/www.alternatievemiddelen.nl\/es\/productos\/mayu-swirl-onyx\/\">MAYU Swirl \u00d3nix<\/a>.<br \/>\n&nbsp;<\/p>\n<h4>Instrucciones de uso:<\/h4>\n<p>Haga funcionar el MAYU Swirl Onyx durante unos 5 a 10 minutos para airear suficientemente el agua.<br \/>\n<a href=\"https:\/\/www.alternatievemiddelen.nl\/es\/la-biblioteca\/\">Haga clic aqu\u00ed para ver v\u00eddeos de instrucciones y respuestas a las preguntas m\u00e1s frecuentes sobre el MAYU Swirl en nuestra biblioteca.<\/a><\/p>\n<p>El MAYU Swirl produce un ligero zumbido durante su funcionamiento. Esto se debe a la naturaleza t\u00e9cnica del aparato y es el resultado de la unidad de accionamiento giratoria, que crea el preciso movimiento de remolino del agua.<\/p>\n<p>Es bueno saberlo:<br \/>\nEste sonido es normal durante el uso e indica que el Swirl est\u00e1 estructurando y oxigenando el agua de forma \u00f3ptima, un signo sutil de agua fresca y revitalizada.<br \/>\n&nbsp;<\/p>\n<h4>La caja del MAYU Swirl contiene (contenido de la caja):<\/h4>\n<p>- Jarra de vidrio de 1,5L (vidrio de borosilicato clase A soplado a mano; ligero, cristalino y apto para lavavajillas).<br \/>\n- Ventilador blanco suelto para garrafa.<br \/>\n- Vertedor de acero inoxidable (304) con junta de silicona homologada para productos alimenticios.<br \/>\n- Base generadora de v\u00f3rtices - porcelana hecha a mano con un dise\u00f1o \u00fanico, combinada con carga autom\u00e1tica y sensores t\u00e1ctiles para un v\u00f3rtice perfecto y sin problemas.<br \/>\n- Bater\u00eda recargable de iones de litio (integrada en la base): hasta 7 horas de uso inal\u00e1mbrico con una sola carga.<br \/>\n- Enchufe USB.<br \/>\n- Cable USB A a USB C: f\u00e1cil de conectar.<br \/>\n- Manual (ingl\u00e9s, franc\u00e9s, espa\u00f1ol y alem\u00e1n).<\/p>\n<p>Consulte nuestra <a href=\"https:\/\/www.alternatievemiddelen.nl\/es\/la-biblioteca\/\">biblioteca<\/a>, aqu\u00ed se incluyen v\u00eddeos instructivos y respuestas a las preguntas m\u00e1s frecuentes.<\/p>","protected":false},"excerpt":{"rendered":"<p>El MAYU Swirl Onyx mejora la calidad y el sabor del agua. El v\u00f3rtice natural, reestructura y airea el agua con ox\u00edgeno fresco.<\/p>","protected":false},"featured_media":51502,"comment_status":"open","ping_status":"closed","template":"","meta":[],"product_brand":[],"product_cat":[3892,2870,3461,3460],"product_tag":[3255,3256,3258,3259,3260,3261,3248,3250,3251,2878,3051,3935,3263,3253,3011,2884,3264,3254,3265,3266,3267,2885,3268,3269,2886],"merk":[3452],"class_list":{"0":"post-51497","1":"product","2":"type-product","3":"status-publish","4":"has-post-thumbnail","6":"product_cat-nieuwe-producten","7":"product_cat-vitalisers-en-energetische-platen","8":"product_cat-watervitalisers","9":"product_cat-mayu-swirl","10":"product_tag-borosilicaatglas","11":"product_tag-de-natuur-begrijpen-en-kopieren","12":"product_tag-draaikolk","13":"product_tag-hydratatie","14":"product_tag-implosie","15":"product_tag-karaf","16":"product_tag-mayu","17":"product_tag-mayu-swirl","18":"product_tag-minder-plastic","19":"product_tag-natuur","20":"product_tag-natuurlijk","21":"product_tag-onyx","22":"product_tag-spiraalbeweging","23":"product_tag-swirl","24":"product_tag-vitaliser","25":"product_tag-vitaliseren","26":"product_tag-vitaliserende-beweging","27":"product_tag-vitaliteit","28":"product_tag-vortex","29":"product_tag-vortex-technologie","30":"product_tag-waaier","31":"product_tag-water","32":"product_tag-watervitaliser","33":"product_tag-wijn","34":"product_tag-zuurstof","35":"merk-mayu","37":"first","38":"instock","39":"taxable","40":"shipping-taxable","41":"purchasable","42":"product-type-simple"},"bundled_by":[],"bundle_stock_status":"instock","bundle_stock_quantity":null,"bundle_virtual":false,"bundle_layout":"","bundle_add_to_cart_form_location":"","bundle_editable_in_cart":false,"bundle_sold_individually_context":"","bundle_item_grouping":"","bundle_min_size":"","bundle_max_size":"","bundle_price":[],"bundled_items":[],"bundle_sell_ids":[44176,34535,44906,51081,35328,49525,35329,49547,49575,49577],"yoast_head":"<!-- This site is optimized with the Yoast SEO plugin v26.1 - https:\/\/yoast.com\/wordpress\/plugins\/seo\/ -->\n<title>MAYU Swirl Onyx karaf - vitaliseren met Vortex-technologie (natuurlijke spiraalbeweging) - Alternatievemiddelen.nl<\/title>\n<meta name=\"description\" content=\"De MAYU Swirl Onyx verbetert de kwaliteit en smaak van het water. De natuurlijke vortex, herstructureert en belucht het water met verse zuurstof.\" \/>\n<meta name=\"robots\" content=\"index, follow, max-snippet:-1, max-image-preview:large, max-video-preview:-1\" \/>\n<link rel=\"canonical\" href=\"https:\/\/www.alternatievemiddelen.nl\/es\/wp-json\/wp\/v2\/product\/51497\" \/>\n<meta property=\"og:locale\" content=\"es_ES\" \/>\n<meta property=\"og:type\" content=\"article\" \/>\n<meta property=\"og:title\" content=\"MAYU Swirl Onyx karaf - vitaliseren met Vortex-technologie (natuurlijke spiraalbeweging) - Alternatievemiddelen.nl\" \/>\n<meta property=\"og:description\" content=\"De MAYU Swirl Onyx verbetert de kwaliteit en smaak van het water. De natuurlijke vortex, herstructureert en belucht het water met verse zuurstof.\" \/>\n<meta property=\"og:url\" content=\"https:\/\/www.alternatievemiddelen.nl\/es\/productos\/mayu-swirl-onyx\/\" \/>\n<meta property=\"og:site_name\" content=\"Alternatievemiddelen.nl\" \/>\n<meta property=\"article:modified_time\" content=\"2026-04-12T05:44:14+00:00\" \/>\n<meta property=\"og:image\" content=\"\/wp-content\/uploads\/2026\/04\/MAYU-Swirl_Onyx-new.jpg\" \/>\n\t<meta property=\"og:image:width\" content=\"900\" \/>\n\t<meta property=\"og:image:height\" content=\"1200\" \/>\n\t<meta property=\"og:image:type\" content=\"image\/jpeg\" \/>\n<meta name=\"twitter:card\" content=\"summary_large_image\" \/>\n<meta name=\"twitter:label1\" content=\"Tiempo de lectura\" \/>\n\t<meta name=\"twitter:data1\" content=\"6 minutos\" \/>\n<script type=\"application\/ld+json\" class=\"yoast-schema-graph\">{\"@context\":\"https:\/\/schema.org\",\"@graph\":[{\"@type\":[\"WebPage\",\"ItemPage\"],\"@id\":\"https:\/\/www.alternatievemiddelen.nl\/producten\/mayu-swirl-onyx\/\",\"url\":\"https:\/\/www.alternatievemiddelen.nl\/producten\/mayu-swirl-onyx\/\",\"name\":\"MAYU Swirl Onyx karaf - vitaliseren met Vortex-technologie (natuurlijke spiraalbeweging) - Alternatievemiddelen.nl\",\"isPartOf\":{\"@id\":\"https:\/\/www.alternatievemiddelen.nl\/#website\"},\"primaryImageOfPage\":{\"@id\":\"https:\/\/www.alternatievemiddelen.nl\/producten\/mayu-swirl-onyx\/#primaryimage\"},\"image\":{\"@id\":\"https:\/\/www.alternatievemiddelen.nl\/producten\/mayu-swirl-onyx\/#primaryimage\"},\"thumbnailUrl\":\"https:\/\/www.alternatievemiddelen.nl\/wp-content\/uploads\/2026\/04\/MAYU-Swirl_Onyx-new.jpg\",\"datePublished\":\"2026-04-12T05:07:52+00:00\",\"dateModified\":\"2026-04-12T05:44:14+00:00\",\"description\":\"De MAYU Swirl Onyx verbetert de kwaliteit en smaak van het water. De natuurlijke vortex, herstructureert en belucht het water met verse zuurstof.\",\"breadcrumb\":{\"@id\":\"https:\/\/www.alternatievemiddelen.nl\/producten\/mayu-swirl-onyx\/#breadcrumb\"},\"inLanguage\":\"es\",\"potentialAction\":[{\"@type\":\"ReadAction\",\"target\":[\"https:\/\/www.alternatievemiddelen.nl\/producten\/mayu-swirl-onyx\/\"]}]},{\"@type\":\"ImageObject\",\"inLanguage\":\"es\",\"@id\":\"https:\/\/www.alternatievemiddelen.nl\/producten\/mayu-swirl-onyx\/#primaryimage\",\"url\":\"https:\/\/www.alternatievemiddelen.nl\/wp-content\/uploads\/2026\/04\/MAYU-Swirl_Onyx-new.jpg\",\"contentUrl\":\"https:\/\/www.alternatievemiddelen.nl\/wp-content\/uploads\/2026\/04\/MAYU-Swirl_Onyx-new.jpg\",\"width\":900,\"height\":1200,\"caption\":\"MAYU Swirl Onyx\"},{\"@type\":\"BreadcrumbList\",\"@id\":\"https:\/\/www.alternatievemiddelen.nl\/producten\/mayu-swirl-onyx\/#breadcrumb\",\"itemListElement\":[{\"@type\":\"ListItem\",\"position\":1,\"name\":\"Home\",\"item\":\"https:\/\/www.alternatievemiddelen.nl\/\"},{\"@type\":\"ListItem\",\"position\":2,\"name\":\"Producten\",\"item\":\"https:\/\/www.alternatievemiddelen.nl\/producten\/\"},{\"@type\":\"ListItem\",\"position\":3,\"name\":\"MAYU Swirl Onyx karaf &#8211; vitaliseren met Vortex-technologie (natuurlijke spiraalbeweging)\"}]},{\"@type\":\"WebSite\",\"@id\":\"https:\/\/www.alternatievemiddelen.nl\/#website\",\"url\":\"https:\/\/www.alternatievemiddelen.nl\/\",\"name\":\"Alternatievemiddelen.nl\",\"description\":\"Webshop met gezonde, duurzame en ecologische alternatieve mogelijkheden in de hedendaagse levenstijl. Alles uit eigen ervaring.\",\"publisher\":{\"@id\":\"https:\/\/www.alternatievemiddelen.nl\/#organization\"},\"potentialAction\":[{\"@type\":\"SearchAction\",\"target\":{\"@type\":\"EntryPoint\",\"urlTemplate\":\"https:\/\/www.alternatievemiddelen.nl\/?s={search_term_string}\"},\"query-input\":{\"@type\":\"PropertyValueSpecification\",\"valueRequired\":true,\"valueName\":\"search_term_string\"}}],\"inLanguage\":\"es\"},{\"@type\":\"Organization\",\"@id\":\"https:\/\/www.alternatievemiddelen.nl\/#organization\",\"name\":\"Alternatievemiddelen.nl\",\"url\":\"https:\/\/www.alternatievemiddelen.nl\/\",\"logo\":{\"@type\":\"ImageObject\",\"inLanguage\":\"es\",\"@id\":\"https:\/\/www.alternatievemiddelen.nl\/#\/schema\/logo\/image\/\",\"url\":\"https:\/\/www.alternatievemiddelen.nl\/wp-content\/uploads\/2023\/10\/alternatievemiddelen-PNG-logo.png\",\"contentUrl\":\"https:\/\/www.alternatievemiddelen.nl\/wp-content\/uploads\/2023\/10\/alternatievemiddelen-PNG-logo.png\",\"width\":6400,\"height\":3062,\"caption\":\"Alternatievemiddelen.nl\"},\"image\":{\"@id\":\"https:\/\/www.alternatievemiddelen.nl\/#\/schema\/logo\/image\/\"}}]}<\/script>\n<!-- \/ Yoast SEO plugin. -->","yoast_head_json":{"title":"MAYU Swirl Onyx karaf - vitaliseren met Vortex-technologie (natuurlijke spiraalbeweging) - Alternatievemiddelen.nl","description":"De MAYU Swirl Onyx verbetert de kwaliteit en smaak van het water. De natuurlijke vortex, herstructureert en belucht het water met verse zuurstof.","robots":{"index":"index","follow":"follow","max-snippet":"max-snippet:-1","max-image-preview":"max-image-preview:large","max-video-preview":"max-video-preview:-1"},"canonical":"https:\/\/www.alternatievemiddelen.nl\/es\/wp-json\/wp\/v2\/product\/51497","og_locale":"es_ES","og_type":"article","og_title":"MAYU Swirl Onyx karaf - vitaliseren met Vortex-technologie (natuurlijke spiraalbeweging) - Alternatievemiddelen.nl","og_description":"De MAYU Swirl Onyx verbetert de kwaliteit en smaak van het water. De natuurlijke vortex, herstructureert en belucht het water met verse zuurstof.","og_url":"https:\/\/www.alternatievemiddelen.nl\/es\/productos\/mayu-swirl-onyx\/","og_site_name":"Alternatievemiddelen.nl","article_modified_time":"2026-04-12T05:44:14+00:00","og_image":[{"width":900,"height":1200,"url":"\/wp-content\/uploads\/2026\/04\/MAYU-Swirl_Onyx-new.jpg","type":"image\/jpeg"}],"twitter_card":"summary_large_image","twitter_misc":{"Tiempo de lectura":"6 minutos"},"schema":{"@context":"https:\/\/schema.org","@graph":[{"@type":["WebPage","ItemPage"],"@id":"https:\/\/www.alternatievemiddelen.nl\/producten\/mayu-swirl-onyx\/","url":"https:\/\/www.alternatievemiddelen.nl\/producten\/mayu-swirl-onyx\/","name":"MAYU Swirl Onyx karaf - vitaliseren met Vortex-technologie (natuurlijke spiraalbeweging) - Alternatievemiddelen.nl","isPartOf":{"@id":"https:\/\/www.alternatievemiddelen.nl\/#website"},"primaryImageOfPage":{"@id":"https:\/\/www.alternatievemiddelen.nl\/producten\/mayu-swirl-onyx\/#primaryimage"},"image":{"@id":"https:\/\/www.alternatievemiddelen.nl\/producten\/mayu-swirl-onyx\/#primaryimage"},"thumbnailUrl":"https:\/\/www.alternatievemiddelen.nl\/wp-content\/uploads\/2026\/04\/MAYU-Swirl_Onyx-new.jpg","datePublished":"2026-04-12T05:07:52+00:00","dateModified":"2026-04-12T05:44:14+00:00","description":"De MAYU Swirl Onyx verbetert de kwaliteit en smaak van het water. De natuurlijke vortex, herstructureert en belucht het water met verse zuurstof.","breadcrumb":{"@id":"https:\/\/www.alternatievemiddelen.nl\/producten\/mayu-swirl-onyx\/#breadcrumb"},"inLanguage":"es","potentialAction":[{"@type":"ReadAction","target":["https:\/\/www.alternatievemiddelen.nl\/producten\/mayu-swirl-onyx\/"]}]},{"@type":"ImageObject","inLanguage":"es","@id":"https:\/\/www.alternatievemiddelen.nl\/producten\/mayu-swirl-onyx\/#primaryimage","url":"https:\/\/www.alternatievemiddelen.nl\/wp-content\/uploads\/2026\/04\/MAYU-Swirl_Onyx-new.jpg","contentUrl":"https:\/\/www.alternatievemiddelen.nl\/wp-content\/uploads\/2026\/04\/MAYU-Swirl_Onyx-new.jpg","width":900,"height":1200,"caption":"MAYU Swirl Onyx"},{"@type":"BreadcrumbList","@id":"https:\/\/www.alternatievemiddelen.nl\/producten\/mayu-swirl-onyx\/#breadcrumb","itemListElement":[{"@type":"ListItem","position":1,"name":"Home","item":"https:\/\/www.alternatievemiddelen.nl\/"},{"@type":"ListItem","position":2,"name":"Producten","item":"https:\/\/www.alternatievemiddelen.nl\/producten\/"},{"@type":"ListItem","position":3,"name":"MAYU Swirl Onyx karaf &#8211; vitaliseren met Vortex-technologie (natuurlijke spiraalbeweging)"}]},{"@type":"WebSite","@id":"https:\/\/www.alternatievemiddelen.nl\/#website","url":"https:\/\/www.alternatievemiddelen.nl\/","name":"Alternatievemiddelen.nl","description":"Webshop met gezonde, duurzame en ecologische alternatieve mogelijkheden in de hedendaagse levenstijl. Alles uit eigen ervaring.","publisher":{"@id":"https:\/\/www.alternatievemiddelen.nl\/#organization"},"potentialAction":[{"@type":"SearchAction","target":{"@type":"EntryPoint","urlTemplate":"https:\/\/www.alternatievemiddelen.nl\/?s={search_term_string}"},"query-input":{"@type":"PropertyValueSpecification","valueRequired":true,"valueName":"search_term_string"}}],"inLanguage":"es"},{"@type":"Organization","@id":"https:\/\/www.alternatievemiddelen.nl\/#organization","name":"Alternatievemiddelen.nl","url":"https:\/\/www.alternatievemiddelen.nl\/","logo":{"@type":"ImageObject","inLanguage":"es","@id":"https:\/\/www.alternatievemiddelen.nl\/#\/schema\/logo\/image\/","url":"https:\/\/www.alternatievemiddelen.nl\/wp-content\/uploads\/2023\/10\/alternatievemiddelen-PNG-logo.png","contentUrl":"https:\/\/www.alternatievemiddelen.nl\/wp-content\/uploads\/2023\/10\/alternatievemiddelen-PNG-logo.png","width":6400,"height":3062,"caption":"Alternatievemiddelen.nl"},"image":{"@id":"https:\/\/www.alternatievemiddelen.nl\/#\/schema\/logo\/image\/"}}]}},"_links":{"self":[{"href":"https:\/\/www.alternatievemiddelen.nl\/es\/wp-json\/wp\/v2\/product\/51497","targetHints":{"allow":["GET"]}}],"collection":[{"href":"https:\/\/www.alternatievemiddelen.nl\/es\/wp-json\/wp\/v2\/product"}],"about":[{"href":"https:\/\/www.alternatievemiddelen.nl\/es\/wp-json\/wp\/v2\/types\/product"}],"replies":[{"embeddable":true,"href":"https:\/\/www.alternatievemiddelen.nl\/es\/wp-json\/wp\/v2\/comments?post=51497"}],"wp:featuredmedia":[{"embeddable":true,"href":"https:\/\/www.alternatievemiddelen.nl\/es\/wp-json\/wp\/v2\/media\/51502"}],"wp:attachment":[{"href":"https:\/\/www.alternatievemiddelen.nl\/es\/wp-json\/wp\/v2\/media?parent=51497"}],"wp:term":[{"taxonomy":"product_brand","embeddable":true,"href":"https:\/\/www.alternatievemiddelen.nl\/es\/wp-json\/wp\/v2\/product_brand?post=51497"},{"taxonomy":"product_cat","embeddable":true,"href":"https:\/\/www.alternatievemiddelen.nl\/es\/wp-json\/wp\/v2\/product_cat?post=51497"},{"taxonomy":"product_tag","embeddable":true,"href":"https:\/\/www.alternatievemiddelen.nl\/es\/wp-json\/wp\/v2\/product_tag?post=51497"},{"taxonomy":"merk","embeddable":true,"href":"https:\/\/www.alternatievemiddelen.nl\/es\/wp-json\/wp\/v2\/merk?post=51497"}],"curies":[{"name":"wp","href":"https:\/\/api.w.org\/{rel}","templated":true}]}}