{"id":51536,"date":"2026-04-15T09:21:59","date_gmt":"2026-04-15T07:21:59","guid":{"rendered":"https:\/\/www.alternatievemiddelen.nl\/?post_type=product&#038;p=51536"},"modified":"2026-04-15T17:11:26","modified_gmt":"2026-04-15T15:11:26","slug":"boroux-douchefilter","status":"publish","type":"product","link":"https:\/\/www.alternatievemiddelen.nl\/es\/productos\/filtro-de-ducha-boroux\/","title":{"rendered":"Filtro de ducha BOROUX"},"content":{"rendered":"<p>Una ducha mejor empieza por un agua mejor. El filtro de ducha BOROUX reduce la exposici\u00f3n a cualquier producto qu\u00edmico, ayudando a aliviar la sequedad y la irritaci\u00f3n, a la vez que favorece el equilibrio natural de hidrataci\u00f3n de su piel y el brillo natural de su cabello.<br \/>\n&nbsp;<\/p>\n<h3>El filtro de ducha BOROUX<\/h3>\n<p>D\u00fachese con este filtro de ducha y compru\u00e9belo usted mismo. El agua con la que se ducha puede contener tantos contaminantes como el agua potable sin filtrar. Las sustancias qu\u00edmicas del agua de la ducha pueden resecar el cabello y la piel. Peque\u00f1as mejoras pueden mejorar realmente su calidad de vida. Experimente la notable diferencia que este filtro de ducha de alta calidad puede suponer en su vida diaria. Disfrute de un cabello y una piel m\u00e1s suaves en cada ducha, dise\u00f1ado para el uso diario.<\/p>\n<p>En su interior, una mezcla de aleaci\u00f3n de cobre y zinc de alta calidad y sulfito c\u00e1lcico neutraliza las sustancias qu\u00edmicas antes de que lleguen a la piel y el cabello. El resultado es un agua m\u00e1s limpia y suave desde la primera ducha.<\/p>\n<p>No requiere una instalaci\u00f3n complicada. Este filtro es adecuado para la conexi\u00f3n de ducha est\u00e1ndar de 1\/2\u2033 (entrada) y, naturalmente, tambi\u00e9n funciona con muchas mangueras de ducha y cabezales de ducha (salida). Este filtro de ducha tambi\u00e9n se puede combinar con el <a href=\"https:\/\/www.alternatievemiddelen.nl\/es\/productos\/alcachofa-de-ducha-universal\/\" rel=\"noopener\">alcachofa de ducha universal<\/a>.<br \/>\nEl filtro de ducha BOROUX se instala en cuesti\u00f3n de minutos con la cinta de sellado suministrada. Simplemente col\u00f3quelo, apri\u00e9telo y disfrute inmediatamente de un agua m\u00e1s limpia.<\/p>\n<p>El filtro de la ducha debe sustituirse cada 3 a 6 meses.<br \/>\n&nbsp;<\/p>\n<h3>Caracter\u00edsticas principales de este filtro de ducha:<\/h3>\n<ul>\n<li>Bonito acabado<\/li>\n<li>Material filtrante de alta calidad: utiliza una aleaci\u00f3n de cobre y zinc de gran pureza y sulfito de calcio para reducir eficazmente los productos qu\u00edmicos y hacer que el agua resulte m\u00e1s agradable al tacto<\/li>\n<li>Reduce los productos qu\u00edmicos que eliminan los aceites naturales de la piel, dejando la piel y el cabello m\u00e1s suaves<\/li>\n<li>Dimensiones aproximadas: 6,5 cm (di\u00e1metro) por 11,5 cm (altura)<\/li>\n<li>F\u00e1cil de instalar sin herramientas (el producto tambi\u00e9n viene con bastante cinta de sellado, por si fuera necesario).<\/li>\n<li>Duraci\u00f3n del filtro: de 3 a 6 meses (la duraci\u00f3n y el rendimiento del filtro var\u00edan en funci\u00f3n de las condiciones dom\u00e9sticas)<\/li>\n<li>De pl\u00e1stico apto para alimentos<\/li>\n<li>Adecuado para conexi\u00f3n de ducha est\u00e1ndar de 1\/2\u2033.<\/li>\n<li>Posiblemente combinado con el <a href=\"https:\/\/www.alternatievemiddelen.nl\/es\/productos\/alcachofa-de-ducha-universal\/\" rel=\"noopener\">alcachofa de ducha universal<\/a><\/li>\n<\/ul>\n<p>&nbsp;<\/p>\n<h4>Instrucciones de instalaci\u00f3n:<\/h4>\n<p>1. Limpie la conexi\u00f3n del grifo o brazo de ducha y la manguera o alcachofa de ducha (es decir, donde desea conectar el filtro de ducha)<br \/>\n2. Aplique 3 capas de cinta selladora en la conexi\u00f3n y en la conexi\u00f3n inferior del filtro de ducha (en el sentido de las agujas del reloj)<br \/>\n3. Fije el filtro de ducha al grifo o brazo de ducha y a la manguera o alcachofa de ducha y apri\u00e9telo en el sentido de las agujas del reloj (\u00a1ATENCI\u00d3N! NO lo apriete en exceso).<br \/>\n4. Abra el grifo a la temperatura deseada<br \/>\n5. Deja correr el agua durante unos minutos sin ponerte debajo de ella<br \/>\n6. Ya ha terminado y puede disfrutar del filtro de ducha BOROUX<\/p>\n<p><b><u>Observaci\u00f3n:<\/u><\/b><br \/>\n- Si hay fugas en las conexiones, pruebe a apretar el filtro de la ducha. Si esto no ayuda, afloje el filtro de la ducha y compruebe o sustituya la cinta de sellado. <\/p>\n<p>Consulte nuestra <a href=\"https:\/\/www.alternatievemiddelen.nl\/es\/la-biblioteca\/\">biblioteca<\/a>que incluye manuales y respuestas a las preguntas m\u00e1s frecuentes.<\/p>","protected":false},"excerpt":{"rendered":"<p>El filtro de ducha BOROUX reduce la exposici\u00f3n a los productos qu\u00edmicos, ayudando a aliviar la sequedad y la irritaci\u00f3n. Disfrute de un cabello y una piel m\u00e1s suaves.<\/p>","protected":false},"featured_media":51542,"comment_status":"open","ping_status":"closed","template":"","meta":[],"product_brand":[],"product_cat":[3892,2971,2887],"product_tag":[3706,3937,2962,2888,2963,2964,3936,2965,2966,2967,2968,2969,2885,2970],"merk":[3702],"class_list":{"0":"post-51536","1":"product","2":"type-product","3":"status-publish","4":"has-post-thumbnail","6":"product_cat-nieuwe-producten","7":"product_cat-waterfilters","8":"product_cat-douchefilters","9":"product_tag-boroux","10":"product_tag-boroux-douchefilter","11":"product_tag-chloorvrij","12":"product_tag-douche","13":"product_tag-douchefilter","14":"product_tag-filter","15":"product_tag-kalk","16":"product_tag-reuk","17":"product_tag-schimmels","18":"product_tag-schoon","19":"product_tag-vermindering","20":"product_tag-vuil","21":"product_tag-water","22":"product_tag-zuivering","23":"merk-boroux","25":"first","26":"instock","27":"taxable","28":"shipping-taxable","29":"purchasable","30":"product-type-simple"},"bundled_by":[],"bundle_stock_status":"instock","bundle_stock_quantity":null,"bundle_virtual":false,"bundle_layout":"","bundle_add_to_cart_form_location":"","bundle_editable_in_cart":false,"bundle_sold_individually_context":"","bundle_item_grouping":"","bundle_min_size":"","bundle_max_size":"","bundle_price":[],"bundled_items":[],"bundle_sell_ids":[44176,34565],"yoast_head":"<!-- This site is optimized with the Yoast SEO plugin v26.1 - https:\/\/yoast.com\/wordpress\/plugins\/seo\/ -->\n<title>BOROUX Douchefilter - Alternatievemiddelen.nl<\/title>\n<meta name=\"description\" content=\"De BOROUX douchefilter vermindert de blootstelling aan chemicali\u00ebn, wat helpt om droogheid en irritatie te verlichten. Ervaar zachter haar en zachtere huid!\" \/>\n<meta name=\"robots\" content=\"index, follow, max-snippet:-1, max-image-preview:large, max-video-preview:-1\" \/>\n<link rel=\"canonical\" href=\"https:\/\/www.alternatievemiddelen.nl\/es\/wp-json\/wp\/v2\/product\/51536\" \/>\n<meta property=\"og:locale\" content=\"es_ES\" \/>\n<meta property=\"og:type\" content=\"article\" \/>\n<meta property=\"og:title\" content=\"BOROUX Douchefilter - Alternatievemiddelen.nl\" \/>\n<meta property=\"og:description\" content=\"De BOROUX douchefilter vermindert de blootstelling aan chemicali\u00ebn, wat helpt om droogheid en irritatie te verlichten. Ervaar zachter haar en zachtere huid!\" \/>\n<meta property=\"og:url\" content=\"https:\/\/www.alternatievemiddelen.nl\/es\/productos\/filtro-de-ducha-boroux\/\" \/>\n<meta property=\"og:site_name\" content=\"Alternatievemiddelen.nl\" \/>\n<meta property=\"article:modified_time\" content=\"2026-04-15T15:11:26+00:00\" \/>\n<meta property=\"og:image\" content=\"\/wp-content\/uploads\/2026\/04\/BOROUX-douchefilter.jpg\" \/>\n\t<meta property=\"og:image:width\" content=\"900\" \/>\n\t<meta property=\"og:image:height\" content=\"1200\" \/>\n\t<meta property=\"og:image:type\" content=\"image\/jpeg\" \/>\n<meta name=\"twitter:card\" content=\"summary_large_image\" \/>\n<meta name=\"twitter:label1\" content=\"Tiempo de lectura\" \/>\n\t<meta name=\"twitter:data1\" content=\"3 minutos\" \/>\n<script type=\"application\/ld+json\" class=\"yoast-schema-graph\">{\"@context\":\"https:\/\/schema.org\",\"@graph\":[{\"@type\":[\"WebPage\",\"ItemPage\"],\"@id\":\"https:\/\/www.alternatievemiddelen.nl\/producten\/boroux-douchefilter\/\",\"url\":\"https:\/\/www.alternatievemiddelen.nl\/producten\/boroux-douchefilter\/\",\"name\":\"BOROUX Douchefilter - Alternatievemiddelen.nl\",\"isPartOf\":{\"@id\":\"https:\/\/www.alternatievemiddelen.nl\/#website\"},\"primaryImageOfPage\":{\"@id\":\"https:\/\/www.alternatievemiddelen.nl\/producten\/boroux-douchefilter\/#primaryimage\"},\"image\":{\"@id\":\"https:\/\/www.alternatievemiddelen.nl\/producten\/boroux-douchefilter\/#primaryimage\"},\"thumbnailUrl\":\"https:\/\/www.alternatievemiddelen.nl\/wp-content\/uploads\/2026\/04\/BOROUX-douchefilter.jpg\",\"datePublished\":\"2026-04-15T07:21:59+00:00\",\"dateModified\":\"2026-04-15T15:11:26+00:00\",\"description\":\"De BOROUX douchefilter vermindert de blootstelling aan chemicali\u00ebn, wat helpt om droogheid en irritatie te verlichten. Ervaar zachter haar en zachtere huid!\",\"breadcrumb\":{\"@id\":\"https:\/\/www.alternatievemiddelen.nl\/producten\/boroux-douchefilter\/#breadcrumb\"},\"inLanguage\":\"es\",\"potentialAction\":[{\"@type\":\"ReadAction\",\"target\":[\"https:\/\/www.alternatievemiddelen.nl\/producten\/boroux-douchefilter\/\"]}]},{\"@type\":\"ImageObject\",\"inLanguage\":\"es\",\"@id\":\"https:\/\/www.alternatievemiddelen.nl\/producten\/boroux-douchefilter\/#primaryimage\",\"url\":\"https:\/\/www.alternatievemiddelen.nl\/wp-content\/uploads\/2026\/04\/BOROUX-douchefilter.jpg\",\"contentUrl\":\"https:\/\/www.alternatievemiddelen.nl\/wp-content\/uploads\/2026\/04\/BOROUX-douchefilter.jpg\",\"width\":900,\"height\":1200,\"caption\":\"BOROUX douchefilter\"},{\"@type\":\"BreadcrumbList\",\"@id\":\"https:\/\/www.alternatievemiddelen.nl\/producten\/boroux-douchefilter\/#breadcrumb\",\"itemListElement\":[{\"@type\":\"ListItem\",\"position\":1,\"name\":\"Home\",\"item\":\"https:\/\/www.alternatievemiddelen.nl\/\"},{\"@type\":\"ListItem\",\"position\":2,\"name\":\"Producten\",\"item\":\"https:\/\/www.alternatievemiddelen.nl\/producten\/\"},{\"@type\":\"ListItem\",\"position\":3,\"name\":\"BOROUX Douchefilter\"}]},{\"@type\":\"WebSite\",\"@id\":\"https:\/\/www.alternatievemiddelen.nl\/#website\",\"url\":\"https:\/\/www.alternatievemiddelen.nl\/\",\"name\":\"Alternatievemiddelen.nl\",\"description\":\"Webshop met gezonde, duurzame en ecologische alternatieve mogelijkheden in de hedendaagse levenstijl. Alles uit eigen ervaring.\",\"publisher\":{\"@id\":\"https:\/\/www.alternatievemiddelen.nl\/#organization\"},\"potentialAction\":[{\"@type\":\"SearchAction\",\"target\":{\"@type\":\"EntryPoint\",\"urlTemplate\":\"https:\/\/www.alternatievemiddelen.nl\/?s={search_term_string}\"},\"query-input\":{\"@type\":\"PropertyValueSpecification\",\"valueRequired\":true,\"valueName\":\"search_term_string\"}}],\"inLanguage\":\"es\"},{\"@type\":\"Organization\",\"@id\":\"https:\/\/www.alternatievemiddelen.nl\/#organization\",\"name\":\"Alternatievemiddelen.nl\",\"url\":\"https:\/\/www.alternatievemiddelen.nl\/\",\"logo\":{\"@type\":\"ImageObject\",\"inLanguage\":\"es\",\"@id\":\"https:\/\/www.alternatievemiddelen.nl\/#\/schema\/logo\/image\/\",\"url\":\"https:\/\/www.alternatievemiddelen.nl\/wp-content\/uploads\/2023\/10\/alternatievemiddelen-PNG-logo.png\",\"contentUrl\":\"https:\/\/www.alternatievemiddelen.nl\/wp-content\/uploads\/2023\/10\/alternatievemiddelen-PNG-logo.png\",\"width\":6400,\"height\":3062,\"caption\":\"Alternatievemiddelen.nl\"},\"image\":{\"@id\":\"https:\/\/www.alternatievemiddelen.nl\/#\/schema\/logo\/image\/\"}}]}<\/script>\n<!-- \/ Yoast SEO plugin. -->","yoast_head_json":{"title":"BOROUX Douchefilter - Alternatievemiddelen.nl","description":"De BOROUX douchefilter vermindert de blootstelling aan chemicali\u00ebn, wat helpt om droogheid en irritatie te verlichten. Ervaar zachter haar en zachtere huid!","robots":{"index":"index","follow":"follow","max-snippet":"max-snippet:-1","max-image-preview":"max-image-preview:large","max-video-preview":"max-video-preview:-1"},"canonical":"https:\/\/www.alternatievemiddelen.nl\/es\/wp-json\/wp\/v2\/product\/51536","og_locale":"es_ES","og_type":"article","og_title":"BOROUX Douchefilter - Alternatievemiddelen.nl","og_description":"De BOROUX douchefilter vermindert de blootstelling aan chemicali\u00ebn, wat helpt om droogheid en irritatie te verlichten. Ervaar zachter haar en zachtere huid!","og_url":"https:\/\/www.alternatievemiddelen.nl\/es\/productos\/filtro-de-ducha-boroux\/","og_site_name":"Alternatievemiddelen.nl","article_modified_time":"2026-04-15T15:11:26+00:00","og_image":[{"width":900,"height":1200,"url":"\/wp-content\/uploads\/2026\/04\/BOROUX-douchefilter.jpg","type":"image\/jpeg"}],"twitter_card":"summary_large_image","twitter_misc":{"Tiempo de lectura":"3 minutos"},"schema":{"@context":"https:\/\/schema.org","@graph":[{"@type":["WebPage","ItemPage"],"@id":"https:\/\/www.alternatievemiddelen.nl\/producten\/boroux-douchefilter\/","url":"https:\/\/www.alternatievemiddelen.nl\/producten\/boroux-douchefilter\/","name":"BOROUX Douchefilter - Alternatievemiddelen.nl","isPartOf":{"@id":"https:\/\/www.alternatievemiddelen.nl\/#website"},"primaryImageOfPage":{"@id":"https:\/\/www.alternatievemiddelen.nl\/producten\/boroux-douchefilter\/#primaryimage"},"image":{"@id":"https:\/\/www.alternatievemiddelen.nl\/producten\/boroux-douchefilter\/#primaryimage"},"thumbnailUrl":"https:\/\/www.alternatievemiddelen.nl\/wp-content\/uploads\/2026\/04\/BOROUX-douchefilter.jpg","datePublished":"2026-04-15T07:21:59+00:00","dateModified":"2026-04-15T15:11:26+00:00","description":"De BOROUX douchefilter vermindert de blootstelling aan chemicali\u00ebn, wat helpt om droogheid en irritatie te verlichten. Ervaar zachter haar en zachtere huid!","breadcrumb":{"@id":"https:\/\/www.alternatievemiddelen.nl\/producten\/boroux-douchefilter\/#breadcrumb"},"inLanguage":"es","potentialAction":[{"@type":"ReadAction","target":["https:\/\/www.alternatievemiddelen.nl\/producten\/boroux-douchefilter\/"]}]},{"@type":"ImageObject","inLanguage":"es","@id":"https:\/\/www.alternatievemiddelen.nl\/producten\/boroux-douchefilter\/#primaryimage","url":"https:\/\/www.alternatievemiddelen.nl\/wp-content\/uploads\/2026\/04\/BOROUX-douchefilter.jpg","contentUrl":"https:\/\/www.alternatievemiddelen.nl\/wp-content\/uploads\/2026\/04\/BOROUX-douchefilter.jpg","width":900,"height":1200,"caption":"BOROUX douchefilter"},{"@type":"BreadcrumbList","@id":"https:\/\/www.alternatievemiddelen.nl\/producten\/boroux-douchefilter\/#breadcrumb","itemListElement":[{"@type":"ListItem","position":1,"name":"Home","item":"https:\/\/www.alternatievemiddelen.nl\/"},{"@type":"ListItem","position":2,"name":"Producten","item":"https:\/\/www.alternatievemiddelen.nl\/producten\/"},{"@type":"ListItem","position":3,"name":"BOROUX Douchefilter"}]},{"@type":"WebSite","@id":"https:\/\/www.alternatievemiddelen.nl\/#website","url":"https:\/\/www.alternatievemiddelen.nl\/","name":"Alternatievemiddelen.nl","description":"Webshop met gezonde, duurzame en ecologische alternatieve mogelijkheden in de hedendaagse levenstijl. Alles uit eigen ervaring.","publisher":{"@id":"https:\/\/www.alternatievemiddelen.nl\/#organization"},"potentialAction":[{"@type":"SearchAction","target":{"@type":"EntryPoint","urlTemplate":"https:\/\/www.alternatievemiddelen.nl\/?s={search_term_string}"},"query-input":{"@type":"PropertyValueSpecification","valueRequired":true,"valueName":"search_term_string"}}],"inLanguage":"es"},{"@type":"Organization","@id":"https:\/\/www.alternatievemiddelen.nl\/#organization","name":"Alternatievemiddelen.nl","url":"https:\/\/www.alternatievemiddelen.nl\/","logo":{"@type":"ImageObject","inLanguage":"es","@id":"https:\/\/www.alternatievemiddelen.nl\/#\/schema\/logo\/image\/","url":"https:\/\/www.alternatievemiddelen.nl\/wp-content\/uploads\/2023\/10\/alternatievemiddelen-PNG-logo.png","contentUrl":"https:\/\/www.alternatievemiddelen.nl\/wp-content\/uploads\/2023\/10\/alternatievemiddelen-PNG-logo.png","width":6400,"height":3062,"caption":"Alternatievemiddelen.nl"},"image":{"@id":"https:\/\/www.alternatievemiddelen.nl\/#\/schema\/logo\/image\/"}}]}},"_links":{"self":[{"href":"https:\/\/www.alternatievemiddelen.nl\/es\/wp-json\/wp\/v2\/product\/51536","targetHints":{"allow":["GET"]}}],"collection":[{"href":"https:\/\/www.alternatievemiddelen.nl\/es\/wp-json\/wp\/v2\/product"}],"about":[{"href":"https:\/\/www.alternatievemiddelen.nl\/es\/wp-json\/wp\/v2\/types\/product"}],"replies":[{"embeddable":true,"href":"https:\/\/www.alternatievemiddelen.nl\/es\/wp-json\/wp\/v2\/comments?post=51536"}],"wp:featuredmedia":[{"embeddable":true,"href":"https:\/\/www.alternatievemiddelen.nl\/es\/wp-json\/wp\/v2\/media\/51542"}],"wp:attachment":[{"href":"https:\/\/www.alternatievemiddelen.nl\/es\/wp-json\/wp\/v2\/media?parent=51536"}],"wp:term":[{"taxonomy":"product_brand","embeddable":true,"href":"https:\/\/www.alternatievemiddelen.nl\/es\/wp-json\/wp\/v2\/product_brand?post=51536"},{"taxonomy":"product_cat","embeddable":true,"href":"https:\/\/www.alternatievemiddelen.nl\/es\/wp-json\/wp\/v2\/product_cat?post=51536"},{"taxonomy":"product_tag","embeddable":true,"href":"https:\/\/www.alternatievemiddelen.nl\/es\/wp-json\/wp\/v2\/product_tag?post=51536"},{"taxonomy":"merk","embeddable":true,"href":"https:\/\/www.alternatievemiddelen.nl\/es\/wp-json\/wp\/v2\/merk?post=51536"}],"curies":[{"name":"wp","href":"https:\/\/api.w.org\/{rel}","templated":true}]}}