{"id":34325,"date":"2024-02-27T08:20:58","date_gmt":"2024-02-27T07:20:58","guid":{"rendered":"https:\/\/www.alternatievemiddelen.nl\/?post_type=product&#038;p=34325"},"modified":"2025-02-19T02:17:00","modified_gmt":"2025-02-19T01:17:00","slug":"aqua-aurora-ademvitaliser","status":"publish","type":"product","link":"https:\/\/www.alternatievemiddelen.nl\/fr\/produits\/aqua-aurora-breath-vitaliser\/","title":{"rendered":"Aqua Aurora Vitalisateur de souffle"},"content":{"rendered":"<p>Un Aqua Aurora Breath Vitaliser fournit plus d'\u00e9nergie et peut \u00e9ventuellement \u00eatre efficace pour les probl\u00e8mes pulmonaires tels que la BPCO et l'asthme. Il augmente l'absorption d'oxyg\u00e8ne dans le sang, ce qui peut avoir un effet positif sur la maladie de Lyme, entre autres. Il veille \u00e0 ce que l'air retrouve sa vibration naturelle. Le vitalisateur fonctionne sur la fr\u00e9quence du calcaire coquillier. Il \u00e9limine ainsi les fr\u00e9quences de rayonnement non naturelles et les charges \u00e9nerg\u00e9tiques d'autres substances toxiques. Les hommes, les plantes et les animaux r\u00e9agissent imm\u00e9diatement et retrouvent leur vitalit\u00e9. Il en r\u00e9sulte moins de probl\u00e8mes de sant\u00e9 chez les personnes et moins de maladies et d'\u00e9checs chez les plantes et les animaux.<br \/>\n&nbsp;<\/p>\n<h3>Le vitalisateur de souffle Aqua Aurora<\/h3>\n<p>En inspirant \u00e0 travers le vitalisateur environ 5 fois par jour, trois \u00e0 cinq fois, vous donnez plus d'oxyg\u00e8ne \u00e0 vos poumons. Tous les autres organes re\u00e7oivent imm\u00e9diatement plus d'\u00e9nergie. Pour ce faire, placez le c\u00f4t\u00e9 \u00e9troit au niveau de votre bouche. Le <a href=\"https:\/\/www.alternatievemiddelen.nl\/fr\/produits\/aqua-aurora-vitalisateur-de-robinet\/\">vitalisateur de robinet<\/a> et le <a href=\"https:\/\/www.alternatievemiddelen.nl\/fr\/produits\/aqua-aurora-travel-vitaliser\/\">vitalisateur de voyage<\/a> peuvent \u00e9galement \u00eatre utilis\u00e9s comme vitalisateurs de l'haleine. Les <a href=\"https:\/\/www.alternatievemiddelen.nl\/fr\/produits\/aqua-aurora-vitalisateur-de-robinet\/\">vitalisateur de robinet<\/a> est probablement le plus facile \u00e0 utiliser. Vissez le raccord combin\u00e9 du vitalisateur de robinet sur le robinet et serrez ensuite le vitalisateur d'un demi-tour. Il est ainsi possible de le d\u00e9brancher pour respirer en un rien de temps et de le remettre en place rapidement.<\/p>\n<p>Le fonctionnement du vitalisateur de souffle Aqua Aurora est simple. Le vitalisateur se compose d'un tube en acier inoxydable dans lequel circule de l'air. Le tube \u00e0 double paroi transportant l'eau est en acier inoxydable 316, certifi\u00e9 pour l'industrie alimentaire. Le vitalisateur est rempli d'une mati\u00e8re dans laquelle est stock\u00e9e la fr\u00e9quence souhait\u00e9e (chaux de coquillage). Il \u00e9met cette fr\u00e9quence dans l'air ambiant. Le vitalisateur efface les fr\u00e9quences incrimin\u00e9es et les remplace par la fr\u00e9quence de la mati\u00e8re (chaux coquilli\u00e8re) contenue dans le vitalisateur.<br \/>\n&nbsp;<\/p>\n<h3>Vitalise<\/h3>\n<p>Lors de la vitalisation avec le vitalisateur de souffle Aqua Aurora, une fr\u00e9quence est transmise. Dans le cas des vitalisateurs Aqua Aurora, contrairement \u00e0 d'autres vitalisateurs, on utilise des fr\u00e9quences bas\u00e9es sur le calcaire coquillier (qui est encore tr\u00e8s proche de l'information primitive originelle de notre terre, en quelque sorte la vibration de notre m\u00e8re la terre). C'est pourquoi ces vitalisateurs sont uniques par rapport aux autres vitalisateurs. Les vitalisateurs peuvent effacer des informations compromettantes et les remplacer par les fr\u00e9quences du calcaire coquillier. Par exemple, l'air ou l'eau retrouvent leur puissance d'origine et les fr\u00e9quences n\u00e9gatives sont effac\u00e9es. Les vitalisateurs peuvent non seulement fournir plus d'\u00e9nergie, mais aussi transf\u00e9rer des informations.<br \/>\n&nbsp;<\/p>\n<h3>Applications<\/h3>\n<p>Il est possible de vitaliser non seulement l'eau, mais aussi d'autres liquides, des gaz et des solides. En vitalisant l'air, on voit la teneur en oxyg\u00e8ne augmenter et, dans le cas des semences et des plants, on voit le pouvoir de germination augmenter, la qualit\u00e9 s'am\u00e9liorer et le rendement s'accro\u00eetre. La teneur en oxyg\u00e8ne du sang augmente \u00e9galement lorsque l'on respire, par exemple, \u00e0 l'aide de ce vitalisateur d'haleine. Les vitrificateurs de calcaire coquillier sont universellement applicables et constituent un investissement tr\u00e8s efficace pour les consommateurs et les entreprises. Ils sont bons pour notre sant\u00e9, dans toutes sortes de processus et pour notre environnement.<\/p>\n<p>Pour tous les vitrificateurs de chaux en coquille Aqua Aurora, voir notre gamme, <a href=\"https:\/\/www.alternatievemiddelen.nl\/fr\/categorie-de-produits-2\/vitrificateurs-et-plaques-energetiques\/\">la page de pr\u00e9sentation<\/a>.<br \/>\n&nbsp;<\/p>\n<h3>Sp\u00e9cifications du vitalisateur de souffle Aqua Aurora<\/h3>\n<p><u>Informations g\u00e9n\u00e9rales<\/u><br \/>\nApplication : pour obtenir plus d'\u00e9nergie et peut \u00eatre en mesure de soutenir les probl\u00e8mes pulmonaires tels que la BPCO et l'asthme. Pour une meilleure absorption de l'oxyg\u00e8ne dans le sang, ce qui peut avoir un effet positif sur la maladie de Lyme.<br \/>\n\u25cf Entretien : aucun<br \/>\n\u25cf Dur\u00e9e de vie : avec une utilisation normale, ils durent toute une vie.<br \/>\nGarantie sur les mat\u00e9riaux : 5 ans<br \/>\n\u25cf Laissez toujours l'eau et l'air s'\u00e9couler \u00e0 travers le vitalisateur du c\u00f4t\u00e9 \u00e9pais vers le c\u00f4t\u00e9 fin !<br \/>\n<u>Sp\u00e9cifications techniques<\/u><br \/>\n\u25cf Mat\u00e9riau : acier inoxydable 316 (conforme aux exigences de l'industrie alimentaire).<br \/>\n\u25cf Passage : 10 mm<br \/>\n\u25cf Raccordement : 3\/8 pouce<br \/>\n<u>Dimensions ext\u00e9rieures<\/u><br \/>\n\u25cf Longueur : environ 70 mm<br \/>\n\u25cf Largeur : environ 40 mm<br \/>\nClasse de pression : PN 10<br \/>\n\u25cf Sens d'\u00e9coulement de l'entr\u00e9e : c\u00f4t\u00e9 obtus.<br \/>\n\u25cf Sens d'\u00e9coulement de la sortie : c\u00f4t\u00e9 conique<br \/>\n&nbsp;<\/p>\n<h3>Mode d'emploi du Aqua Aurora Breath Vitaliser<\/h3>\n<p>Inspirez \u00e0 l'extr\u00e9mit\u00e9 \u00e9troite du vitalisateur de souffle. Faites-le 3 \u00e0 5 fois par jour, au moins 5 fois de suite. Il est \u00e9galement possible de prendre le vitalisateur dans la main et d'inspirer avec la bouche contre la main.<\/p>","protected":false},"excerpt":{"rendered":"<p>Aqua Aurora Vitalisant respiratoire (\u00e0 base de calcaire), stimule l'\u00e9nergie et l'oxyg\u00e9nation du sang.<\/p>","protected":false},"featured_media":31403,"comment_status":"open","ping_status":"closed","template":"","meta":[],"product_brand":[],"product_cat":[2870,3469],"product_tag":[2872,2873,2874,2875,2876,2877,2878,2879,2880,2881,2882,2883,2884,2885,2886],"merk":[3447],"class_list":{"0":"post-34325","1":"product","2":"type-product","3":"status-publish","4":"has-post-thumbnail","6":"product_cat-vitalisers-en-energetische-platen","7":"product_cat-ademvitaliser","8":"product_tag-adem","9":"product_tag-ademvitaliser","10":"product_tag-frequentie","11":"product_tag-gezondheid","12":"product_tag-lucht","13":"product_tag-moeder-aarde","14":"product_tag-natuur","15":"product_tag-roestvrij-staal","16":"product_tag-rvs","17":"product_tag-schelpkalk","18":"product_tag-trilling","19":"product_tag-vitaal","20":"product_tag-vitaliseren","21":"product_tag-water","22":"product_tag-zuurstof","23":"merk-aqua-aurora","25":"first","26":"instock","27":"taxable","28":"shipping-taxable","29":"purchasable","30":"product-type-simple"},"bundled_by":[],"bundle_stock_status":"instock","bundle_stock_quantity":null,"bundle_virtual":false,"bundle_layout":"","bundle_add_to_cart_form_location":"","bundle_editable_in_cart":false,"bundle_sold_individually_context":"","bundle_item_grouping":"","bundle_min_size":"","bundle_max_size":"","bundle_price":[],"bundled_items":[],"bundle_sell_ids":[44176,34326,34327,34350,34336],"yoast_head":"<!-- This site is optimized with the Yoast SEO plugin v26.1 - https:\/\/yoast.com\/wordpress\/plugins\/seo\/ -->\n<title>Aqua Aurora Ademvitaliser - Alternatievemiddelen.nl<\/title>\n<meta name=\"description\" content=\"Aqua Aurora Ademvitaliser (o.b.v. schelpkalk), zorgt voor het verkrijgen van meer energie en meer zuurstofopname in het bloed.\" \/>\n<meta name=\"robots\" content=\"index, follow, max-snippet:-1, max-image-preview:large, max-video-preview:-1\" \/>\n<link rel=\"canonical\" href=\"https:\/\/www.alternatievemiddelen.nl\/fr\/wp-json\/wp\/v2\/product\/34325\" \/>\n<meta property=\"og:locale\" content=\"fr_FR\" \/>\n<meta property=\"og:type\" content=\"article\" \/>\n<meta property=\"og:title\" content=\"Aqua Aurora Ademvitaliser - Alternatievemiddelen.nl\" \/>\n<meta property=\"og:description\" content=\"Aqua Aurora Ademvitaliser (o.b.v. schelpkalk), zorgt voor het verkrijgen van meer energie en meer zuurstofopname in het bloed.\" \/>\n<meta property=\"og:url\" content=\"https:\/\/www.alternatievemiddelen.nl\/fr\/produits\/aqua-aurora-breath-vitaliser\/\" \/>\n<meta property=\"og:site_name\" content=\"Alternatievemiddelen.nl\" \/>\n<meta property=\"article:publisher\" content=\"https:\/\/www.facebook.com\/alternatievemiddelen\" \/>\n<meta property=\"article:modified_time\" content=\"2025-02-19T01:17:00+00:00\" \/>\n<meta property=\"og:image\" content=\"\/wp-content\/uploads\/2023\/12\/Aqua-Aurora-Ademvitaliser-4.jpg\" \/>\n\t<meta property=\"og:image:width\" content=\"1200\" \/>\n\t<meta property=\"og:image:height\" content=\"1600\" \/>\n\t<meta property=\"og:image:type\" content=\"image\/jpeg\" \/>\n<meta name=\"twitter:card\" content=\"summary_large_image\" \/>\n<meta name=\"twitter:label1\" content=\"Dur\u00e9e de lecture estim\u00e9e\" \/>\n\t<meta name=\"twitter:data1\" content=\"4 minutes\" \/>\n<script type=\"application\/ld+json\" class=\"yoast-schema-graph\">{\"@context\":\"https:\/\/schema.org\",\"@graph\":[{\"@type\":[\"WebPage\",\"ItemPage\"],\"@id\":\"https:\/\/www.alternatievemiddelen.nl\/producten\/aqua-aurora-ademvitaliser\/\",\"url\":\"https:\/\/www.alternatievemiddelen.nl\/producten\/aqua-aurora-ademvitaliser\/\",\"name\":\"Aqua Aurora Ademvitaliser - Alternatievemiddelen.nl\",\"isPartOf\":{\"@id\":\"https:\/\/www.alternatievemiddelen.nl\/#website\"},\"primaryImageOfPage\":{\"@id\":\"https:\/\/www.alternatievemiddelen.nl\/producten\/aqua-aurora-ademvitaliser\/#primaryimage\"},\"image\":{\"@id\":\"https:\/\/www.alternatievemiddelen.nl\/producten\/aqua-aurora-ademvitaliser\/#primaryimage\"},\"thumbnailUrl\":\"https:\/\/www.alternatievemiddelen.nl\/wp-content\/uploads\/2023\/12\/Aqua-Aurora-Ademvitaliser-4.jpg\",\"datePublished\":\"2024-02-27T07:20:58+00:00\",\"dateModified\":\"2025-02-19T01:17:00+00:00\",\"description\":\"Aqua Aurora Ademvitaliser (o.b.v. schelpkalk), zorgt voor het verkrijgen van meer energie en meer zuurstofopname in het bloed.\",\"breadcrumb\":{\"@id\":\"https:\/\/www.alternatievemiddelen.nl\/producten\/aqua-aurora-ademvitaliser\/#breadcrumb\"},\"inLanguage\":\"fr-FR\",\"potentialAction\":[{\"@type\":\"ReadAction\",\"target\":[\"https:\/\/www.alternatievemiddelen.nl\/producten\/aqua-aurora-ademvitaliser\/\"]}]},{\"@type\":\"ImageObject\",\"inLanguage\":\"fr-FR\",\"@id\":\"https:\/\/www.alternatievemiddelen.nl\/producten\/aqua-aurora-ademvitaliser\/#primaryimage\",\"url\":\"https:\/\/www.alternatievemiddelen.nl\/wp-content\/uploads\/2023\/12\/Aqua-Aurora-Ademvitaliser-4.jpg\",\"contentUrl\":\"https:\/\/www.alternatievemiddelen.nl\/wp-content\/uploads\/2023\/12\/Aqua-Aurora-Ademvitaliser-4.jpg\",\"width\":1200,\"height\":1600,\"caption\":\"ademvitaliser Aqua Aurora\"},{\"@type\":\"BreadcrumbList\",\"@id\":\"https:\/\/www.alternatievemiddelen.nl\/producten\/aqua-aurora-ademvitaliser\/#breadcrumb\",\"itemListElement\":[{\"@type\":\"ListItem\",\"position\":1,\"name\":\"Home\",\"item\":\"https:\/\/www.alternatievemiddelen.nl\/\"},{\"@type\":\"ListItem\",\"position\":2,\"name\":\"Producten\",\"item\":\"https:\/\/www.alternatievemiddelen.nl\/producten\/\"},{\"@type\":\"ListItem\",\"position\":3,\"name\":\"Aqua Aurora Ademvitaliser\"}]},{\"@type\":\"WebSite\",\"@id\":\"https:\/\/www.alternatievemiddelen.nl\/#website\",\"url\":\"https:\/\/www.alternatievemiddelen.nl\/\",\"name\":\"Alternatievemiddelen.nl\",\"description\":\"Webshop met gezonde, duurzame en ecologische alternatieve mogelijkheden in de hedendaagse levenstijl. Alles uit eigen ervaring.\",\"publisher\":{\"@id\":\"https:\/\/www.alternatievemiddelen.nl\/#organization\"},\"alternateName\":\"Alternatieve Middelen\",\"potentialAction\":[{\"@type\":\"SearchAction\",\"target\":{\"@type\":\"EntryPoint\",\"urlTemplate\":\"https:\/\/www.alternatievemiddelen.nl\/?s={search_term_string}\"},\"query-input\":{\"@type\":\"PropertyValueSpecification\",\"valueRequired\":true,\"valueName\":\"search_term_string\"}}],\"inLanguage\":\"fr-FR\"},{\"@type\":\"Organization\",\"@id\":\"https:\/\/www.alternatievemiddelen.nl\/#organization\",\"name\":\"Alternatievemiddelen.nl\",\"alternateName\":\"Alternatieve Middelen\",\"url\":\"https:\/\/www.alternatievemiddelen.nl\/\",\"logo\":{\"@type\":\"ImageObject\",\"inLanguage\":\"fr-FR\",\"@id\":\"https:\/\/www.alternatievemiddelen.nl\/#\/schema\/logo\/image\/\",\"url\":\"https:\/\/www.alternatievemiddelen.nl\/wp-content\/uploads\/2023\/10\/alternatievemiddelen-PNG-logo.png\",\"contentUrl\":\"https:\/\/www.alternatievemiddelen.nl\/wp-content\/uploads\/2023\/10\/alternatievemiddelen-PNG-logo.png\",\"width\":6400,\"height\":3062,\"caption\":\"Alternatievemiddelen.nl\"},\"image\":{\"@id\":\"https:\/\/www.alternatievemiddelen.nl\/#\/schema\/logo\/image\/\"},\"sameAs\":[\"https:\/\/www.facebook.com\/alternatievemiddelen\",\"https:\/\/www.instagram.com\/alternatievemiddelen.nl\/\"]}]}<\/script>\n<!-- \/ Yoast SEO plugin. -->","yoast_head_json":{"title":"Aqua Aurora Ademvitaliser - Alternatievemiddelen.nl","description":"Aqua Aurora Ademvitaliser (o.b.v. schelpkalk), zorgt voor het verkrijgen van meer energie en meer zuurstofopname in het bloed.","robots":{"index":"index","follow":"follow","max-snippet":"max-snippet:-1","max-image-preview":"max-image-preview:large","max-video-preview":"max-video-preview:-1"},"canonical":"https:\/\/www.alternatievemiddelen.nl\/fr\/wp-json\/wp\/v2\/product\/34325","og_locale":"fr_FR","og_type":"article","og_title":"Aqua Aurora Ademvitaliser - Alternatievemiddelen.nl","og_description":"Aqua Aurora Ademvitaliser (o.b.v. schelpkalk), zorgt voor het verkrijgen van meer energie en meer zuurstofopname in het bloed.","og_url":"https:\/\/www.alternatievemiddelen.nl\/fr\/produits\/aqua-aurora-breath-vitaliser\/","og_site_name":"Alternatievemiddelen.nl","article_publisher":"https:\/\/www.facebook.com\/alternatievemiddelen","article_modified_time":"2025-02-19T01:17:00+00:00","og_image":[{"width":1200,"height":1600,"url":"\/wp-content\/uploads\/2023\/12\/Aqua-Aurora-Ademvitaliser-4.jpg","type":"image\/jpeg"}],"twitter_card":"summary_large_image","twitter_misc":{"Dur\u00e9e de lecture estim\u00e9e":"4 minutes"},"schema":{"@context":"https:\/\/schema.org","@graph":[{"@type":["WebPage","ItemPage"],"@id":"https:\/\/www.alternatievemiddelen.nl\/producten\/aqua-aurora-ademvitaliser\/","url":"https:\/\/www.alternatievemiddelen.nl\/producten\/aqua-aurora-ademvitaliser\/","name":"Aqua Aurora Ademvitaliser - Alternatievemiddelen.nl","isPartOf":{"@id":"https:\/\/www.alternatievemiddelen.nl\/#website"},"primaryImageOfPage":{"@id":"https:\/\/www.alternatievemiddelen.nl\/producten\/aqua-aurora-ademvitaliser\/#primaryimage"},"image":{"@id":"https:\/\/www.alternatievemiddelen.nl\/producten\/aqua-aurora-ademvitaliser\/#primaryimage"},"thumbnailUrl":"https:\/\/www.alternatievemiddelen.nl\/wp-content\/uploads\/2023\/12\/Aqua-Aurora-Ademvitaliser-4.jpg","datePublished":"2024-02-27T07:20:58+00:00","dateModified":"2025-02-19T01:17:00+00:00","description":"Aqua Aurora Ademvitaliser (o.b.v. schelpkalk), zorgt voor het verkrijgen van meer energie en meer zuurstofopname in het bloed.","breadcrumb":{"@id":"https:\/\/www.alternatievemiddelen.nl\/producten\/aqua-aurora-ademvitaliser\/#breadcrumb"},"inLanguage":"fr-FR","potentialAction":[{"@type":"ReadAction","target":["https:\/\/www.alternatievemiddelen.nl\/producten\/aqua-aurora-ademvitaliser\/"]}]},{"@type":"ImageObject","inLanguage":"fr-FR","@id":"https:\/\/www.alternatievemiddelen.nl\/producten\/aqua-aurora-ademvitaliser\/#primaryimage","url":"https:\/\/www.alternatievemiddelen.nl\/wp-content\/uploads\/2023\/12\/Aqua-Aurora-Ademvitaliser-4.jpg","contentUrl":"https:\/\/www.alternatievemiddelen.nl\/wp-content\/uploads\/2023\/12\/Aqua-Aurora-Ademvitaliser-4.jpg","width":1200,"height":1600,"caption":"ademvitaliser Aqua Aurora"},{"@type":"BreadcrumbList","@id":"https:\/\/www.alternatievemiddelen.nl\/producten\/aqua-aurora-ademvitaliser\/#breadcrumb","itemListElement":[{"@type":"ListItem","position":1,"name":"Home","item":"https:\/\/www.alternatievemiddelen.nl\/"},{"@type":"ListItem","position":2,"name":"Producten","item":"https:\/\/www.alternatievemiddelen.nl\/producten\/"},{"@type":"ListItem","position":3,"name":"Aqua Aurora Ademvitaliser"}]},{"@type":"WebSite","@id":"https:\/\/www.alternatievemiddelen.nl\/#website","url":"https:\/\/www.alternatievemiddelen.nl\/","name":"Alternatievemiddelen.nl","description":"Webshop met gezonde, duurzame en ecologische alternatieve mogelijkheden in de hedendaagse levenstijl. Alles uit eigen ervaring.","publisher":{"@id":"https:\/\/www.alternatievemiddelen.nl\/#organization"},"alternateName":"Alternatieve Middelen","potentialAction":[{"@type":"SearchAction","target":{"@type":"EntryPoint","urlTemplate":"https:\/\/www.alternatievemiddelen.nl\/?s={search_term_string}"},"query-input":{"@type":"PropertyValueSpecification","valueRequired":true,"valueName":"search_term_string"}}],"inLanguage":"fr-FR"},{"@type":"Organization","@id":"https:\/\/www.alternatievemiddelen.nl\/#organization","name":"Alternatievemiddelen.nl","alternateName":"Alternatieve Middelen","url":"https:\/\/www.alternatievemiddelen.nl\/","logo":{"@type":"ImageObject","inLanguage":"fr-FR","@id":"https:\/\/www.alternatievemiddelen.nl\/#\/schema\/logo\/image\/","url":"https:\/\/www.alternatievemiddelen.nl\/wp-content\/uploads\/2023\/10\/alternatievemiddelen-PNG-logo.png","contentUrl":"https:\/\/www.alternatievemiddelen.nl\/wp-content\/uploads\/2023\/10\/alternatievemiddelen-PNG-logo.png","width":6400,"height":3062,"caption":"Alternatievemiddelen.nl"},"image":{"@id":"https:\/\/www.alternatievemiddelen.nl\/#\/schema\/logo\/image\/"},"sameAs":["https:\/\/www.facebook.com\/alternatievemiddelen","https:\/\/www.instagram.com\/alternatievemiddelen.nl\/"]}]}},"_links":{"self":[{"href":"https:\/\/www.alternatievemiddelen.nl\/fr\/wp-json\/wp\/v2\/product\/34325","targetHints":{"allow":["GET"]}}],"collection":[{"href":"https:\/\/www.alternatievemiddelen.nl\/fr\/wp-json\/wp\/v2\/product"}],"about":[{"href":"https:\/\/www.alternatievemiddelen.nl\/fr\/wp-json\/wp\/v2\/types\/product"}],"replies":[{"embeddable":true,"href":"https:\/\/www.alternatievemiddelen.nl\/fr\/wp-json\/wp\/v2\/comments?post=34325"}],"wp:featuredmedia":[{"embeddable":true,"href":"https:\/\/www.alternatievemiddelen.nl\/fr\/wp-json\/wp\/v2\/media\/31403"}],"wp:attachment":[{"href":"https:\/\/www.alternatievemiddelen.nl\/fr\/wp-json\/wp\/v2\/media?parent=34325"}],"wp:term":[{"taxonomy":"product_brand","embeddable":true,"href":"https:\/\/www.alternatievemiddelen.nl\/fr\/wp-json\/wp\/v2\/product_brand?post=34325"},{"taxonomy":"product_cat","embeddable":true,"href":"https:\/\/www.alternatievemiddelen.nl\/fr\/wp-json\/wp\/v2\/product_cat?post=34325"},{"taxonomy":"product_tag","embeddable":true,"href":"https:\/\/www.alternatievemiddelen.nl\/fr\/wp-json\/wp\/v2\/product_tag?post=34325"},{"taxonomy":"merk","embeddable":true,"href":"https:\/\/www.alternatievemiddelen.nl\/fr\/wp-json\/wp\/v2\/merk?post=34325"}],"curies":[{"name":"wp","href":"https:\/\/api.w.org\/{rel}","templated":true}]}}