{"id":34326,"date":"2024-02-27T08:21:02","date_gmt":"2024-02-27T07:21:02","guid":{"rendered":"https:\/\/www.alternatievemiddelen.nl\/?post_type=product&#038;p=34326"},"modified":"2025-12-05T02:30:10","modified_gmt":"2025-12-05T01:30:10","slug":"aqua-aurora-energetische-pen","status":"publish","type":"product","link":"https:\/\/www.alternatievemiddelen.nl\/fr\/produits\/aqua-aurora-energetic-pen\/","title":{"rendered":"Aqua Aurora Stylo \u00e9nergique"},"content":{"rendered":"<p>Un stylo \u00e9nerg\u00e9tique Aqua Aurora permet \u00e0 l'eau ou \u00e0 d'autres liquides de retrouver sa vibration naturelle. Le stylo fonctionne sur la fr\u00e9quence du calcaire coquillier. Il \u00e9limine les fr\u00e9quences non naturelles des radiations et les charges \u00e9nerg\u00e9tiques d'autres substances toxiques. Les personnes, les plantes et les animaux r\u00e9agissent imm\u00e9diatement et retrouvent leur vitalit\u00e9. Il en r\u00e9sulte moins de probl\u00e8mes de sant\u00e9 chez les personnes et moins de maladies et d'\u00e9checs chez les plantes et les animaux.<br \/>\n&nbsp;<\/p>\n<h3>Le stylo \u00e9nerg\u00e9tique Aqua Aurora<\/h3>\n<p>Le fonctionnement d'un stylo \u00e9nergisant Aqua Aurora est simple. Le vitalisateur est un stylo en acier inoxydable. Le vitalisateur stocke la fr\u00e9quence souhait\u00e9e (calcium coquillier). Le stylo \u00e9met cette fr\u00e9quence dans tous les liquides dans lesquels il est agit\u00e9. Le vitalisateur \u00e9limine les fr\u00e9quences incrimin\u00e9es et les remplace par les fr\u00e9quences de la mati\u00e8re (calcium coquillier) contenue dans le vitalisateur.<br \/>\n&nbsp;<\/p>\n<h3>Vitaliser l'eau ou d'autres liquides<\/h3>\n<p>Lors de la vitalisation de l'eau ou d'autres liquides avec le stylo \u00e9nerg\u00e9tique Aqua Aurora, une fr\u00e9quence est transf\u00e9r\u00e9e. Dans le cas des vitalisateurs Aqua Aurora, \u00e0 la diff\u00e9rence des autres vitalisateurs, les fr\u00e9quences sont principalement travaill\u00e9es sur la base de la chaux de coquillage (ce qui est encore tr\u00e8s proche de l'information primitive originelle de notre terre, en quelque sorte la vibration de notre m\u00e8re la terre). Ces vitalisateurs sont donc uniques par rapport aux autres vitalisateurs. Outre l'augmentation de l'\u00e9nergie, les vitrificateurs peuvent \u00e9galement transmettre des informations.<\/p>\n<p>Par exemple, l'eau qui sort aujourd'hui de nos robinets est fortement influenc\u00e9e par son environnement non naturel. L'eau est purifi\u00e9e chimiquement, puis transport\u00e9e jusqu'aux consommateurs par des syst\u00e8mes de canalisations \u00e9labor\u00e9s. Au cours de ce processus, l'eau perd sa force d'origine et absorbe toutes sortes d'informations contraignantes. Par exemple, nous savons que l'eau est charg\u00e9e de radiations provenant des lignes \u00e9lectriques, des tours de transmission et des g\u00e9n\u00e9rateurs. Mais nous savons aussi que lorsque l'eau est nettoy\u00e9e chimiquement, les charges sont encore pr\u00e9sentes \u00e9nerg\u00e9tiquement. Les vitalisateurs peuvent effacer ces informations pesantes et les remplacer par les fr\u00e9quences de la chaux coquilli\u00e8re. Ainsi, l'eau retrouve sa puissance d'origine et les fr\u00e9quences n\u00e9gatives sont effac\u00e9es.<br \/>\n&nbsp;<\/p>\n<h3>Applications<\/h3>\n<p>Il est possible de vitaliser non seulement l'eau, mais aussi d'autres liquides, des gaz et des solides. Lors de la vitalisation de l'air, on constate une augmentation de la teneur en oxyg\u00e8ne et, dans le cas des semences et des plants, une augmentation du taux de germination, une am\u00e9lioration de la qualit\u00e9 et une augmentation du rendement. La teneur en oxyg\u00e8ne du sang augmente \u00e9galement lorsque l'on subit une <a href=\"https:\/\/www.alternatievemiddelen.nl\/fr\/produits\/aqua-aurora-breath-vitaliser\/\">vitalisateur de souffle<\/a> respirer. Les vitrificateurs de chaux Shell sont universellement applicables et constituent un investissement tr\u00e8s efficace pour les consommateurs et les entreprises. Ils sont bons pour notre sant\u00e9, dans toutes sortes de processus et pour notre environnement.<\/p>\n<p>Pour tous les vitrificateurs de chaux en coquille Aqua Aurora, voir notre gamme, <a href=\"https:\/\/www.alternatievemiddelen.nl\/fr\/categorie-de-produits-2\/vitrificateurs-et-plaques-energetiques\/\">la page de pr\u00e9sentation<\/a>.<br \/>\n&nbsp;<\/p>\n<h3>Sp\u00e9cifications du stylo \u00e9nergique Aqua Aurora<\/h3>\n<p><u>Informations g\u00e9n\u00e9rales<\/u><br \/>\nApplication : vitaliser les liquides en les remuant.<br \/>\n\u25cf Entretien : aucun<br \/>\n\u25cf Long\u00e9vit\u00e9 : avec une utilisation normale, ils durent toute une vie en termes de fonction, la dorure peut s'user un peu \u00e0 l'usage.<br \/>\n<u>Sp\u00e9cifications techniques<\/u><br \/>\n\u25cf Mat\u00e9riau : acier inoxydable or 18 carats<br \/>\n<u>Dimensions ext\u00e9rieures<\/u><br \/>\n\u25cf Longueur : environ 130 mm<\/p>","protected":false},"excerpt":{"rendered":"<p>Aqua Aurora Energetic Pen (obv fr\u00e9quence de calcaire coquill\u00e9), vitalise tous les liquides par agitation, pratique \u00e0 emporter en ext\u00e9rieur.<\/p>","protected":false},"featured_media":31411,"comment_status":"open","ping_status":"closed","template":"","meta":[],"product_brand":[],"product_cat":[2870,2892],"product_tag":[2893,2894,2874,2875,2890,2877,2878,2895,2879,2880,2881,2882,2883,2891,2884,2885],"merk":[3447],"class_list":{"0":"post-34326","1":"product","2":"type-product","3":"status-publish","4":"has-post-thumbnail","6":"product_cat-vitalisers-en-energetische-platen","7":"product_cat-energetische-pen","8":"product_tag-energetisch","9":"product_tag-energetische-pen","10":"product_tag-frequentie","11":"product_tag-gezondheid","12":"product_tag-kraan","13":"product_tag-moeder-aarde","14":"product_tag-natuur","15":"product_tag-pen","16":"product_tag-roestvrij-staal","17":"product_tag-rvs","18":"product_tag-schelpkalk","19":"product_tag-trilling","20":"product_tag-vitaal","21":"product_tag-vitaal-water","22":"product_tag-vitaliseren","23":"product_tag-water","24":"merk-aqua-aurora","26":"first","27":"instock","28":"taxable","29":"shipping-taxable","30":"purchasable","31":"product-type-simple"},"bundled_by":[],"bundle_stock_status":"instock","bundle_stock_quantity":null,"bundle_virtual":false,"bundle_layout":"","bundle_add_to_cart_form_location":"","bundle_editable_in_cart":false,"bundle_sold_individually_context":"","bundle_item_grouping":"","bundle_min_size":"","bundle_max_size":"","bundle_price":[],"bundled_items":[],"bundle_sell_ids":{"0":44176,"1":34327,"2":34350,"4":34336,"5":34338},"yoast_head":"<!-- This site is optimized with the Yoast SEO plugin v26.1 - https:\/\/yoast.com\/wordpress\/plugins\/seo\/ -->\n<title>Aqua Aurora Energetische Pen - Alternatievemiddelen.nl<\/title>\n<meta name=\"description\" content=\"Aqua Aurora Energetische Pen (obv frequentie van schelpkalk), vitaliseert d.m.v. roeren alle vloeistoffen, handig om mee te nemen buitenshuis.\" \/>\n<meta name=\"robots\" content=\"index, follow, max-snippet:-1, max-image-preview:large, max-video-preview:-1\" \/>\n<link rel=\"canonical\" href=\"https:\/\/www.alternatievemiddelen.nl\/fr\/wp-json\/wp\/v2\/product\/34326\" \/>\n<meta property=\"og:locale\" content=\"fr_FR\" \/>\n<meta property=\"og:type\" content=\"article\" \/>\n<meta property=\"og:title\" content=\"Aqua Aurora Energetische Pen - Alternatievemiddelen.nl\" \/>\n<meta property=\"og:description\" content=\"Aqua Aurora Energetische Pen (obv frequentie van schelpkalk), vitaliseert d.m.v. roeren alle vloeistoffen, handig om mee te nemen buitenshuis.\" \/>\n<meta property=\"og:url\" content=\"https:\/\/www.alternatievemiddelen.nl\/fr\/produits\/aqua-aurora-energetic-pen\/\" \/>\n<meta property=\"og:site_name\" content=\"Alternatievemiddelen.nl\" \/>\n<meta property=\"article:modified_time\" content=\"2025-12-05T01:30:10+00:00\" \/>\n<meta property=\"og:image\" content=\"\/wp-content\/uploads\/2023\/12\/Aqua-Aurora-Energetische-Pen.jpg\" \/>\n\t<meta property=\"og:image:width\" content=\"1200\" \/>\n\t<meta property=\"og:image:height\" content=\"1600\" \/>\n\t<meta property=\"og:image:type\" content=\"image\/jpeg\" \/>\n<meta name=\"twitter:card\" content=\"summary_large_image\" \/>\n<meta name=\"twitter:label1\" content=\"Dur\u00e9e de lecture estim\u00e9e\" \/>\n\t<meta name=\"twitter:data1\" content=\"3 minutes\" \/>\n<script type=\"application\/ld+json\" class=\"yoast-schema-graph\">{\"@context\":\"https:\/\/schema.org\",\"@graph\":[{\"@type\":[\"WebPage\",\"ItemPage\"],\"@id\":\"https:\/\/www.alternatievemiddelen.nl\/producten\/aqua-aurora-energetische-pen\/\",\"url\":\"https:\/\/www.alternatievemiddelen.nl\/producten\/aqua-aurora-energetische-pen\/\",\"name\":\"Aqua Aurora Energetische Pen - Alternatievemiddelen.nl\",\"isPartOf\":{\"@id\":\"https:\/\/www.alternatievemiddelen.nl\/#website\"},\"primaryImageOfPage\":{\"@id\":\"https:\/\/www.alternatievemiddelen.nl\/producten\/aqua-aurora-energetische-pen\/#primaryimage\"},\"image\":{\"@id\":\"https:\/\/www.alternatievemiddelen.nl\/producten\/aqua-aurora-energetische-pen\/#primaryimage\"},\"thumbnailUrl\":\"https:\/\/www.alternatievemiddelen.nl\/wp-content\/uploads\/2023\/12\/Aqua-Aurora-Energetische-Pen.jpg\",\"datePublished\":\"2024-02-27T07:21:02+00:00\",\"dateModified\":\"2025-12-05T01:30:10+00:00\",\"description\":\"Aqua Aurora Energetische Pen (obv frequentie van schelpkalk), vitaliseert d.m.v. roeren alle vloeistoffen, handig om mee te nemen buitenshuis.\",\"breadcrumb\":{\"@id\":\"https:\/\/www.alternatievemiddelen.nl\/producten\/aqua-aurora-energetische-pen\/#breadcrumb\"},\"inLanguage\":\"fr-FR\",\"potentialAction\":[{\"@type\":\"ReadAction\",\"target\":[\"https:\/\/www.alternatievemiddelen.nl\/producten\/aqua-aurora-energetische-pen\/\"]}]},{\"@type\":\"ImageObject\",\"inLanguage\":\"fr-FR\",\"@id\":\"https:\/\/www.alternatievemiddelen.nl\/producten\/aqua-aurora-energetische-pen\/#primaryimage\",\"url\":\"https:\/\/www.alternatievemiddelen.nl\/wp-content\/uploads\/2023\/12\/Aqua-Aurora-Energetische-Pen.jpg\",\"contentUrl\":\"https:\/\/www.alternatievemiddelen.nl\/wp-content\/uploads\/2023\/12\/Aqua-Aurora-Energetische-Pen.jpg\",\"width\":1200,\"height\":1600,\"caption\":\"Energetische pen Aqua Aurora\"},{\"@type\":\"BreadcrumbList\",\"@id\":\"https:\/\/www.alternatievemiddelen.nl\/producten\/aqua-aurora-energetische-pen\/#breadcrumb\",\"itemListElement\":[{\"@type\":\"ListItem\",\"position\":1,\"name\":\"Home\",\"item\":\"https:\/\/www.alternatievemiddelen.nl\/\"},{\"@type\":\"ListItem\",\"position\":2,\"name\":\"Producten\",\"item\":\"https:\/\/www.alternatievemiddelen.nl\/producten\/\"},{\"@type\":\"ListItem\",\"position\":3,\"name\":\"Aqua Aurora Energetische Pen\"}]},{\"@type\":\"WebSite\",\"@id\":\"https:\/\/www.alternatievemiddelen.nl\/#website\",\"url\":\"https:\/\/www.alternatievemiddelen.nl\/\",\"name\":\"Alternatievemiddelen.nl\",\"description\":\"Webshop met gezonde, duurzame en ecologische alternatieve mogelijkheden in de hedendaagse levenstijl. Alles uit eigen ervaring.\",\"publisher\":{\"@id\":\"https:\/\/www.alternatievemiddelen.nl\/#organization\"},\"potentialAction\":[{\"@type\":\"SearchAction\",\"target\":{\"@type\":\"EntryPoint\",\"urlTemplate\":\"https:\/\/www.alternatievemiddelen.nl\/?s={search_term_string}\"},\"query-input\":{\"@type\":\"PropertyValueSpecification\",\"valueRequired\":true,\"valueName\":\"search_term_string\"}}],\"inLanguage\":\"fr-FR\"},{\"@type\":\"Organization\",\"@id\":\"https:\/\/www.alternatievemiddelen.nl\/#organization\",\"name\":\"Alternatievemiddelen.nl\",\"url\":\"https:\/\/www.alternatievemiddelen.nl\/\",\"logo\":{\"@type\":\"ImageObject\",\"inLanguage\":\"fr-FR\",\"@id\":\"https:\/\/www.alternatievemiddelen.nl\/#\/schema\/logo\/image\/\",\"url\":\"https:\/\/www.alternatievemiddelen.nl\/wp-content\/uploads\/2023\/10\/alternatievemiddelen-PNG-logo.png\",\"contentUrl\":\"https:\/\/www.alternatievemiddelen.nl\/wp-content\/uploads\/2023\/10\/alternatievemiddelen-PNG-logo.png\",\"width\":6400,\"height\":3062,\"caption\":\"Alternatievemiddelen.nl\"},\"image\":{\"@id\":\"https:\/\/www.alternatievemiddelen.nl\/#\/schema\/logo\/image\/\"}}]}<\/script>\n<!-- \/ Yoast SEO plugin. -->","yoast_head_json":{"title":"Aqua Aurora Energetische Pen - Alternatievemiddelen.nl","description":"Aqua Aurora Energetische Pen (obv frequentie van schelpkalk), vitaliseert d.m.v. roeren alle vloeistoffen, handig om mee te nemen buitenshuis.","robots":{"index":"index","follow":"follow","max-snippet":"max-snippet:-1","max-image-preview":"max-image-preview:large","max-video-preview":"max-video-preview:-1"},"canonical":"https:\/\/www.alternatievemiddelen.nl\/fr\/wp-json\/wp\/v2\/product\/34326","og_locale":"fr_FR","og_type":"article","og_title":"Aqua Aurora Energetische Pen - Alternatievemiddelen.nl","og_description":"Aqua Aurora Energetische Pen (obv frequentie van schelpkalk), vitaliseert d.m.v. roeren alle vloeistoffen, handig om mee te nemen buitenshuis.","og_url":"https:\/\/www.alternatievemiddelen.nl\/fr\/produits\/aqua-aurora-energetic-pen\/","og_site_name":"Alternatievemiddelen.nl","article_modified_time":"2025-12-05T01:30:10+00:00","og_image":[{"width":1200,"height":1600,"url":"\/wp-content\/uploads\/2023\/12\/Aqua-Aurora-Energetische-Pen.jpg","type":"image\/jpeg"}],"twitter_card":"summary_large_image","twitter_misc":{"Dur\u00e9e de lecture estim\u00e9e":"3 minutes"},"schema":{"@context":"https:\/\/schema.org","@graph":[{"@type":["WebPage","ItemPage"],"@id":"https:\/\/www.alternatievemiddelen.nl\/producten\/aqua-aurora-energetische-pen\/","url":"https:\/\/www.alternatievemiddelen.nl\/producten\/aqua-aurora-energetische-pen\/","name":"Aqua Aurora Energetische Pen - Alternatievemiddelen.nl","isPartOf":{"@id":"https:\/\/www.alternatievemiddelen.nl\/#website"},"primaryImageOfPage":{"@id":"https:\/\/www.alternatievemiddelen.nl\/producten\/aqua-aurora-energetische-pen\/#primaryimage"},"image":{"@id":"https:\/\/www.alternatievemiddelen.nl\/producten\/aqua-aurora-energetische-pen\/#primaryimage"},"thumbnailUrl":"https:\/\/www.alternatievemiddelen.nl\/wp-content\/uploads\/2023\/12\/Aqua-Aurora-Energetische-Pen.jpg","datePublished":"2024-02-27T07:21:02+00:00","dateModified":"2025-12-05T01:30:10+00:00","description":"Aqua Aurora Energetische Pen (obv frequentie van schelpkalk), vitaliseert d.m.v. roeren alle vloeistoffen, handig om mee te nemen buitenshuis.","breadcrumb":{"@id":"https:\/\/www.alternatievemiddelen.nl\/producten\/aqua-aurora-energetische-pen\/#breadcrumb"},"inLanguage":"fr-FR","potentialAction":[{"@type":"ReadAction","target":["https:\/\/www.alternatievemiddelen.nl\/producten\/aqua-aurora-energetische-pen\/"]}]},{"@type":"ImageObject","inLanguage":"fr-FR","@id":"https:\/\/www.alternatievemiddelen.nl\/producten\/aqua-aurora-energetische-pen\/#primaryimage","url":"https:\/\/www.alternatievemiddelen.nl\/wp-content\/uploads\/2023\/12\/Aqua-Aurora-Energetische-Pen.jpg","contentUrl":"https:\/\/www.alternatievemiddelen.nl\/wp-content\/uploads\/2023\/12\/Aqua-Aurora-Energetische-Pen.jpg","width":1200,"height":1600,"caption":"Energetische pen Aqua Aurora"},{"@type":"BreadcrumbList","@id":"https:\/\/www.alternatievemiddelen.nl\/producten\/aqua-aurora-energetische-pen\/#breadcrumb","itemListElement":[{"@type":"ListItem","position":1,"name":"Home","item":"https:\/\/www.alternatievemiddelen.nl\/"},{"@type":"ListItem","position":2,"name":"Producten","item":"https:\/\/www.alternatievemiddelen.nl\/producten\/"},{"@type":"ListItem","position":3,"name":"Aqua Aurora Energetische Pen"}]},{"@type":"WebSite","@id":"https:\/\/www.alternatievemiddelen.nl\/#website","url":"https:\/\/www.alternatievemiddelen.nl\/","name":"Alternatievemiddelen.nl","description":"Webshop met gezonde, duurzame en ecologische alternatieve mogelijkheden in de hedendaagse levenstijl. Alles uit eigen ervaring.","publisher":{"@id":"https:\/\/www.alternatievemiddelen.nl\/#organization"},"potentialAction":[{"@type":"SearchAction","target":{"@type":"EntryPoint","urlTemplate":"https:\/\/www.alternatievemiddelen.nl\/?s={search_term_string}"},"query-input":{"@type":"PropertyValueSpecification","valueRequired":true,"valueName":"search_term_string"}}],"inLanguage":"fr-FR"},{"@type":"Organization","@id":"https:\/\/www.alternatievemiddelen.nl\/#organization","name":"Alternatievemiddelen.nl","url":"https:\/\/www.alternatievemiddelen.nl\/","logo":{"@type":"ImageObject","inLanguage":"fr-FR","@id":"https:\/\/www.alternatievemiddelen.nl\/#\/schema\/logo\/image\/","url":"https:\/\/www.alternatievemiddelen.nl\/wp-content\/uploads\/2023\/10\/alternatievemiddelen-PNG-logo.png","contentUrl":"https:\/\/www.alternatievemiddelen.nl\/wp-content\/uploads\/2023\/10\/alternatievemiddelen-PNG-logo.png","width":6400,"height":3062,"caption":"Alternatievemiddelen.nl"},"image":{"@id":"https:\/\/www.alternatievemiddelen.nl\/#\/schema\/logo\/image\/"}}]}},"_links":{"self":[{"href":"https:\/\/www.alternatievemiddelen.nl\/fr\/wp-json\/wp\/v2\/product\/34326","targetHints":{"allow":["GET"]}}],"collection":[{"href":"https:\/\/www.alternatievemiddelen.nl\/fr\/wp-json\/wp\/v2\/product"}],"about":[{"href":"https:\/\/www.alternatievemiddelen.nl\/fr\/wp-json\/wp\/v2\/types\/product"}],"replies":[{"embeddable":true,"href":"https:\/\/www.alternatievemiddelen.nl\/fr\/wp-json\/wp\/v2\/comments?post=34326"}],"wp:featuredmedia":[{"embeddable":true,"href":"https:\/\/www.alternatievemiddelen.nl\/fr\/wp-json\/wp\/v2\/media\/31411"}],"wp:attachment":[{"href":"https:\/\/www.alternatievemiddelen.nl\/fr\/wp-json\/wp\/v2\/media?parent=34326"}],"wp:term":[{"taxonomy":"product_brand","embeddable":true,"href":"https:\/\/www.alternatievemiddelen.nl\/fr\/wp-json\/wp\/v2\/product_brand?post=34326"},{"taxonomy":"product_cat","embeddable":true,"href":"https:\/\/www.alternatievemiddelen.nl\/fr\/wp-json\/wp\/v2\/product_cat?post=34326"},{"taxonomy":"product_tag","embeddable":true,"href":"https:\/\/www.alternatievemiddelen.nl\/fr\/wp-json\/wp\/v2\/product_tag?post=34326"},{"taxonomy":"merk","embeddable":true,"href":"https:\/\/www.alternatievemiddelen.nl\/fr\/wp-json\/wp\/v2\/merk?post=34326"}],"curies":[{"name":"wp","href":"https:\/\/api.w.org\/{rel}","templated":true}]}}