{"id":34327,"date":"2024-02-27T08:21:02","date_gmt":"2024-02-27T07:21:02","guid":{"rendered":"https:\/\/www.alternatievemiddelen.nl\/?post_type=product&#038;p=34327"},"modified":"2026-02-10T11:21:49","modified_gmt":"2026-02-10T10:21:49","slug":"aqua-aurora-energetische-plaat-30cm","status":"publish","type":"product","link":"https:\/\/www.alternatievemiddelen.nl\/fr\/produits\/aqua-aurora-assiette-energetique-30cm\/","title":{"rendered":"Aqua Aurora Assiette \u00e9nerg\u00e9tique 30 cm"},"content":{"rendered":"<p>Une plaque \u00e9nerg\u00e9tique Aqua Aurora de 30 cm peut transmettre non seulement plus d'\u00e9nergie, mais aussi des informations. Ainsi, toutes sortes de fr\u00e9quences stressantes sont effac\u00e9es et remplac\u00e9es par le mod\u00e8le de fr\u00e9quence du calcaire coquillier (vibration naturelle). L'\u00e9nergie est transmise par contact avec la plaque ou en pla\u00e7ant la plaque dans la pi\u00e8ce \u00e0 traiter pendant une p\u00e9riode prolong\u00e9e. Les personnes, les plantes et les animaux r\u00e9agissent imm\u00e9diatement et retrouvent leur vitalit\u00e9. Il en r\u00e9sulte des conditions moins stressantes, moins de probl\u00e8mes de sant\u00e9 chez les personnes et moins de maladies et d'\u00e9checs chez les plantes et les animaux.<br \/>\n&nbsp;<\/p>\n<h3>La plaque \u00e9nerg\u00e9tique Aqua Aurora de 30 cm<\/h3>\n<p>La plaque a un diam\u00e8tre de 30 cm et se compose d'une seule plaque en acier inoxydable avec un bord en caoutchouc.<\/p>\n<p>Le fonctionnement d'une plaque \u00e9nerg\u00e9tique Aqua Aurora est simple. Il s'agit d'une plaque en acier inoxydable, dans laquelle est stock\u00e9e la fr\u00e9quence souhait\u00e9e (calcium coquillier). La plaque \u00e9met cette fr\u00e9quence dans son environnement. La plaque efface les fr\u00e9quences encombrantes et les remplace par les fr\u00e9quences de la mati\u00e8re (calcium coquillier). Le temps de traitement des produits est d'au moins 30 minutes.<br \/>\n&nbsp;<\/p>\n<h3>Que pourriez-vous faire avec la plaque \u00e9nerg\u00e9tique Aqua Aurora ? Quelques exemples :<\/h3>\n<ul>\n<li>Tenez-vous debout, pieds nus, pour vous \u00e9quilibrer et vous mettre \u00e0 la terre. La charge de rayonnement dans votre corps est neutralis\u00e9e.<\/li>\n<li>Vous dormez mal ? Placez la plaque sous le matelas au niveau de votre poitrine. Vous dormirez peut-\u00eatre mieux et vous vous sentirez plus repos\u00e9.<\/li>\n<li>Fatigu\u00e9 ? Asseyez-vous sur la dalle pendant un moment.<\/li>\n<li>Placez les appareils sur la plaque pendant 30 minutes pour neutraliser l'exposition aux rayonnements de vos appareils (pensez \u00e0 votre t\u00e9l\u00e9phone, votre montre, votre routeur, votre moniteur pour b\u00e9b\u00e9, etc.)<\/li>\n<li>Placez l'assiette sous le clavier de votre ordinateur si vous restez assis un peu plus longtemps (une n\u00e9cessit\u00e9 lorsque l'ordinateur portable est sur vos genoux !)<\/li>\n<li>Glissez r\u00e9guli\u00e8rement l'assiette sur l'\u00e9tag\u00e8re centrale de votre r\u00e9frig\u00e9rateur pendant au moins 30 minutes. Et sous la coupe de fruits.<\/li>\n<li>Posez votre sac de courses plein sur l'assiette pendant 30 minutes avant de le d\u00e9baller.<\/li>\n<li>Appliquer un m\u00e9dicament pendant 30 minutes (il peut se trouver dans l'emballage).<\/li>\n<li>Placez la plaque sous le si\u00e8ge de la voiture pendant un long trajet et vous serez moins fatigu\u00e9 (un must dans une voiture \u00e9lectrique !!).<\/li>\n<li>Suspendez la plaque au plafond au milieu d'une pi\u00e8ce. L'air devient plus frais et les odeurs ont tendance \u00e0 dispara\u00eetre.<\/li>\n<li>Posez vos v\u00eatements dessus et augmentez ainsi votre r\u00e9sistance aux radiations.<\/li>\n<li>et........tout ce que vous inventez vous-m\u00eame !<\/li>\n<\/ul>\n<p>&nbsp;<\/p>\n<h3>Il existe plusieurs mod\u00e8les :<\/h3>\n<p>&#8211; <a href=\"https:\/\/www.alternatievemiddelen.nl\/fr\/produits\/aqua-aurora-assiette-energetique-30cm\/\">Aqua Aurora Plaque \u00e9nerg\u00e9tique de 30 cm<\/a><br \/>\n&#8211; <a href=\"https:\/\/www.alternatievemiddelen.nl\/fr\/produits\/aqua-aurora-assiette-energetique-extra-forte-30-cm\/\">Aqua Aurora Plaque \u00e9nerg\u00e9tique 30 cm extra forte<\/a><br \/>\n&#8211; <a href=\"https:\/\/www.alternatievemiddelen.nl\/fr\/produits\/aqua-aurora-assiette-energetique-80-cm\/\">Aqua Aurora Plaque \u00e9nerg\u00e9tique de 80 cm<\/a><br \/>\n&nbsp;<\/p>\n<h3>Applications d'autres vitrificateurs Aqua Aurora<\/h3>\n<p>Pas seulement de l'eau avec le <a href=\"https:\/\/www.alternatievemiddelen.nl\/fr\/produits\/aqua-aurora-vitalisateur-de-robinet\/\">vitalisateur de robinet<\/a>L'air, mais aussi d'autres liquides, des gaz et des solides peuvent \u00eatre vitalis\u00e9s. Lors de la vitalisation de l'air, on constate une augmentation de la teneur en oxyg\u00e8ne et, dans le cas des semences et des plants, une augmentation du pouvoir germinatif, une am\u00e9lioration de la qualit\u00e9 et une augmentation du rendement. La teneur en oxyg\u00e8ne du sang augmente \u00e9galement lorsque l'on subit une <a href=\"https:\/\/www.alternatievemiddelen.nl\/fr\/produits\/aqua-aurora-breath-vitaliser\/\">vitalisateur de souffle<\/a> respirer. Les vitrificateurs de chaux Shell sont universellement applicables et constituent un investissement tr\u00e8s efficace pour les consommateurs et les entreprises. Ils sont bons pour notre sant\u00e9, dans toutes sortes de processus et pour notre environnement.<\/p>\n<p>Pour tous les vitrificateurs de chaux en coquille Aqua Aurora, voir notre gamme, <a href=\"https:\/\/www.alternatievemiddelen.nl\/fr\/categorie-de-produits-2\/vitrificateurs-et-plaques-energetiques\/\">la page de pr\u00e9sentation<\/a>.<br \/>\n&nbsp;<\/p>\n<h3>Sp\u00e9cifications de la plaque \u00e9nerg\u00e9tique Aqua Aurora<\/h3>\n<p><u>Informations g\u00e9n\u00e9rales<\/u><br \/>\n\u25cf Application : pour obtenir plus d'\u00e9nergie et r\u00e9duire les conditions stressantes (telles que les radiations, la pollution de l'air et les toxines) dans la maison, la voiture, l'environnement de travail et l'alimentation.<br \/>\n\u25cf Entretien : aucun<br \/>\n\u25cf Dur\u00e9e de vie : avec une utilisation normale, ils durent toute une vie.<br \/>\nGarantie sur les mat\u00e9riaux : 5 ans<br \/>\n<u>Sp\u00e9cifications techniques<\/u><br \/>\n\u25cf Mat\u00e9riau : acier inoxydable 316<br \/>\n<u>Dimensions ext\u00e9rieures<\/u><br \/>\n\u25cf Longueur : 30 cm<br \/>\n\u25cf Largeur : 30 cm<br \/>\n&nbsp;<\/p>\n<h3>Mode d'emploi de la plaque \u00e9nerg\u00e9tique Aqua Aurora<\/h3>\n<p>Utilisez toujours la plaque pendant au moins 30 minutes pour vous charger \u00e9nerg\u00e9tiquement ou charger les produits. Toutes les plaques peuvent \u00eatre utilis\u00e9es des deux c\u00f4t\u00e9s, durent toute une vie et ne n\u00e9cessitent aucun entretien. Elles peuvent \u00eatre nettoy\u00e9es \u00e0 l'aide d'un chiffon doux, sec ou humide. Utilisez la plaque de mani\u00e8re \u00e0 ne pas l'endommager. Le fait de percer ou de souder les plaques entrave leur fonctionnement.<\/p>","protected":false},"excerpt":{"rendered":"<p>Aqua Aurora plaque \u00e9nerg\u00e9tique (obv fr\u00e9quence de calcaire coquill\u00e9) pour les conditions stressantes (par ex. radiations, toxines) dans la maison, l'environnement de travail et l'alimentation.<\/p>","protected":false},"featured_media":31414,"comment_status":"open","ping_status":"closed","template":"","meta":[],"product_brand":[],"product_cat":[2870,2896],"product_tag":[2897,2898,2893,2899,2874,2875,2900,2890,2901,2877,2878,2902,2879,2880,2881,2903,2882,2883,2884,2904],"merk":[3447],"class_list":{"0":"post-34327","1":"product","2":"type-product","3":"status-publish","4":"has-post-thumbnail","6":"product_cat-vitalisers-en-energetische-platen","7":"product_cat-energetische-platen","8":"product_tag-30cm","9":"product_tag-auto","10":"product_tag-energetisch","11":"product_tag-energetische-plaat","12":"product_tag-frequentie","13":"product_tag-gezondheid","14":"product_tag-huis","15":"product_tag-kraan","16":"product_tag-luchtvervuiling","17":"product_tag-moeder-aarde","18":"product_tag-natuur","19":"product_tag-plaat","20":"product_tag-roestvrij-staal","21":"product_tag-rvs","22":"product_tag-schelpkalk","23":"product_tag-straling","24":"product_tag-trilling","25":"product_tag-vitaal","26":"product_tag-vitaliseren","27":"product_tag-werkomgeving","28":"merk-aqua-aurora","30":"first","31":"instock","32":"sale","33":"taxable","34":"shipping-taxable","35":"purchasable","36":"product-type-simple"},"bundled_by":[],"bundle_stock_status":"instock","bundle_stock_quantity":2,"bundle_virtual":false,"bundle_layout":"","bundle_add_to_cart_form_location":"","bundle_editable_in_cart":false,"bundle_sold_individually_context":"","bundle_item_grouping":"","bundle_min_size":"","bundle_max_size":"","bundle_price":[],"bundled_items":[],"bundle_sell_ids":[44176,34326,34336],"yoast_head":"<!-- This site is optimized with the Yoast SEO plugin v26.1 - https:\/\/yoast.com\/wordpress\/plugins\/seo\/ -->\n<title>Aqua Aurora Energetische Plaat 30 cm - Alternatievemiddelen.nl<\/title>\n<meta name=\"description\" content=\"Aqua Aurora energetische plaat (obv frequentie van schelpkalk) bij belastende omstandigheden (bijv. straling, gifstoffen) in huis, werkomgeving en voeding.\" \/>\n<meta name=\"robots\" content=\"index, follow, max-snippet:-1, max-image-preview:large, max-video-preview:-1\" \/>\n<link rel=\"canonical\" href=\"https:\/\/www.alternatievemiddelen.nl\/fr\/wp-json\/wp\/v2\/product\/34327\" \/>\n<meta property=\"og:locale\" content=\"fr_FR\" \/>\n<meta property=\"og:type\" content=\"article\" \/>\n<meta property=\"og:title\" content=\"Aqua Aurora Energetische Plaat 30 cm - Alternatievemiddelen.nl\" \/>\n<meta property=\"og:description\" content=\"Aqua Aurora energetische plaat (obv frequentie van schelpkalk) bij belastende omstandigheden (bijv. straling, gifstoffen) in huis, werkomgeving en voeding.\" \/>\n<meta property=\"og:url\" content=\"https:\/\/www.alternatievemiddelen.nl\/fr\/produits\/aqua-aurora-assiette-energetique-30cm\/\" \/>\n<meta property=\"og:site_name\" content=\"Alternatievemiddelen.nl\" \/>\n<meta property=\"article:modified_time\" content=\"2026-02-10T10:21:49+00:00\" \/>\n<meta property=\"og:image\" content=\"\/wp-content\/uploads\/2023\/12\/Aqua-Aurora-Energetische-Plaat-30cm.jpg\" \/>\n\t<meta property=\"og:image:width\" content=\"1200\" \/>\n\t<meta property=\"og:image:height\" content=\"1600\" \/>\n\t<meta property=\"og:image:type\" content=\"image\/jpeg\" \/>\n<meta name=\"twitter:card\" content=\"summary_large_image\" \/>\n<meta name=\"twitter:label1\" content=\"Dur\u00e9e de lecture estim\u00e9e\" \/>\n\t<meta name=\"twitter:data1\" content=\"4 minutes\" \/>\n<script type=\"application\/ld+json\" class=\"yoast-schema-graph\">{\"@context\":\"https:\/\/schema.org\",\"@graph\":[{\"@type\":[\"WebPage\",\"ItemPage\"],\"@id\":\"https:\/\/www.alternatievemiddelen.nl\/producten\/aqua-aurora-energetische-plaat-30cm\/\",\"url\":\"https:\/\/www.alternatievemiddelen.nl\/producten\/aqua-aurora-energetische-plaat-30cm\/\",\"name\":\"Aqua Aurora Energetische Plaat 30 cm - Alternatievemiddelen.nl\",\"isPartOf\":{\"@id\":\"https:\/\/www.alternatievemiddelen.nl\/#website\"},\"primaryImageOfPage\":{\"@id\":\"https:\/\/www.alternatievemiddelen.nl\/producten\/aqua-aurora-energetische-plaat-30cm\/#primaryimage\"},\"image\":{\"@id\":\"https:\/\/www.alternatievemiddelen.nl\/producten\/aqua-aurora-energetische-plaat-30cm\/#primaryimage\"},\"thumbnailUrl\":\"https:\/\/www.alternatievemiddelen.nl\/wp-content\/uploads\/2023\/12\/Aqua-Aurora-Energetische-Plaat-30cm.jpg\",\"datePublished\":\"2024-02-27T07:21:02+00:00\",\"dateModified\":\"2026-02-10T10:21:49+00:00\",\"description\":\"Aqua Aurora energetische plaat (obv frequentie van schelpkalk) bij belastende omstandigheden (bijv. straling, gifstoffen) in huis, werkomgeving en voeding.\",\"breadcrumb\":{\"@id\":\"https:\/\/www.alternatievemiddelen.nl\/producten\/aqua-aurora-energetische-plaat-30cm\/#breadcrumb\"},\"inLanguage\":\"fr-FR\",\"potentialAction\":[{\"@type\":\"ReadAction\",\"target\":[\"https:\/\/www.alternatievemiddelen.nl\/producten\/aqua-aurora-energetische-plaat-30cm\/\"]}]},{\"@type\":\"ImageObject\",\"inLanguage\":\"fr-FR\",\"@id\":\"https:\/\/www.alternatievemiddelen.nl\/producten\/aqua-aurora-energetische-plaat-30cm\/#primaryimage\",\"url\":\"https:\/\/www.alternatievemiddelen.nl\/wp-content\/uploads\/2023\/12\/Aqua-Aurora-Energetische-Plaat-30cm.jpg\",\"contentUrl\":\"https:\/\/www.alternatievemiddelen.nl\/wp-content\/uploads\/2023\/12\/Aqua-Aurora-Energetische-Plaat-30cm.jpg\",\"width\":1200,\"height\":1600,\"caption\":\"Energetische platen Aqua Aurora\"},{\"@type\":\"BreadcrumbList\",\"@id\":\"https:\/\/www.alternatievemiddelen.nl\/producten\/aqua-aurora-energetische-plaat-30cm\/#breadcrumb\",\"itemListElement\":[{\"@type\":\"ListItem\",\"position\":1,\"name\":\"Home\",\"item\":\"https:\/\/www.alternatievemiddelen.nl\/\"},{\"@type\":\"ListItem\",\"position\":2,\"name\":\"Producten\",\"item\":\"https:\/\/www.alternatievemiddelen.nl\/producten\/\"},{\"@type\":\"ListItem\",\"position\":3,\"name\":\"Aqua Aurora Energetische Plaat 30 cm\"}]},{\"@type\":\"WebSite\",\"@id\":\"https:\/\/www.alternatievemiddelen.nl\/#website\",\"url\":\"https:\/\/www.alternatievemiddelen.nl\/\",\"name\":\"Alternatievemiddelen.nl\",\"description\":\"Webshop met gezonde, duurzame en ecologische alternatieve mogelijkheden in de hedendaagse levenstijl. Alles uit eigen ervaring.\",\"publisher\":{\"@id\":\"https:\/\/www.alternatievemiddelen.nl\/#organization\"},\"potentialAction\":[{\"@type\":\"SearchAction\",\"target\":{\"@type\":\"EntryPoint\",\"urlTemplate\":\"https:\/\/www.alternatievemiddelen.nl\/?s={search_term_string}\"},\"query-input\":{\"@type\":\"PropertyValueSpecification\",\"valueRequired\":true,\"valueName\":\"search_term_string\"}}],\"inLanguage\":\"fr-FR\"},{\"@type\":\"Organization\",\"@id\":\"https:\/\/www.alternatievemiddelen.nl\/#organization\",\"name\":\"Alternatievemiddelen.nl\",\"url\":\"https:\/\/www.alternatievemiddelen.nl\/\",\"logo\":{\"@type\":\"ImageObject\",\"inLanguage\":\"fr-FR\",\"@id\":\"https:\/\/www.alternatievemiddelen.nl\/#\/schema\/logo\/image\/\",\"url\":\"https:\/\/www.alternatievemiddelen.nl\/wp-content\/uploads\/2023\/10\/alternatievemiddelen-PNG-logo.png\",\"contentUrl\":\"https:\/\/www.alternatievemiddelen.nl\/wp-content\/uploads\/2023\/10\/alternatievemiddelen-PNG-logo.png\",\"width\":6400,\"height\":3062,\"caption\":\"Alternatievemiddelen.nl\"},\"image\":{\"@id\":\"https:\/\/www.alternatievemiddelen.nl\/#\/schema\/logo\/image\/\"}}]}<\/script>\n<!-- \/ Yoast SEO plugin. -->","yoast_head_json":{"title":"Aqua Aurora Energetische Plaat 30 cm - Alternatievemiddelen.nl","description":"Aqua Aurora energetische plaat (obv frequentie van schelpkalk) bij belastende omstandigheden (bijv. straling, gifstoffen) in huis, werkomgeving en voeding.","robots":{"index":"index","follow":"follow","max-snippet":"max-snippet:-1","max-image-preview":"max-image-preview:large","max-video-preview":"max-video-preview:-1"},"canonical":"https:\/\/www.alternatievemiddelen.nl\/fr\/wp-json\/wp\/v2\/product\/34327","og_locale":"fr_FR","og_type":"article","og_title":"Aqua Aurora Energetische Plaat 30 cm - Alternatievemiddelen.nl","og_description":"Aqua Aurora energetische plaat (obv frequentie van schelpkalk) bij belastende omstandigheden (bijv. straling, gifstoffen) in huis, werkomgeving en voeding.","og_url":"https:\/\/www.alternatievemiddelen.nl\/fr\/produits\/aqua-aurora-assiette-energetique-30cm\/","og_site_name":"Alternatievemiddelen.nl","article_modified_time":"2026-02-10T10:21:49+00:00","og_image":[{"width":1200,"height":1600,"url":"\/wp-content\/uploads\/2023\/12\/Aqua-Aurora-Energetische-Plaat-30cm.jpg","type":"image\/jpeg"}],"twitter_card":"summary_large_image","twitter_misc":{"Dur\u00e9e de lecture estim\u00e9e":"4 minutes"},"schema":{"@context":"https:\/\/schema.org","@graph":[{"@type":["WebPage","ItemPage"],"@id":"https:\/\/www.alternatievemiddelen.nl\/producten\/aqua-aurora-energetische-plaat-30cm\/","url":"https:\/\/www.alternatievemiddelen.nl\/producten\/aqua-aurora-energetische-plaat-30cm\/","name":"Aqua Aurora Energetische Plaat 30 cm - Alternatievemiddelen.nl","isPartOf":{"@id":"https:\/\/www.alternatievemiddelen.nl\/#website"},"primaryImageOfPage":{"@id":"https:\/\/www.alternatievemiddelen.nl\/producten\/aqua-aurora-energetische-plaat-30cm\/#primaryimage"},"image":{"@id":"https:\/\/www.alternatievemiddelen.nl\/producten\/aqua-aurora-energetische-plaat-30cm\/#primaryimage"},"thumbnailUrl":"https:\/\/www.alternatievemiddelen.nl\/wp-content\/uploads\/2023\/12\/Aqua-Aurora-Energetische-Plaat-30cm.jpg","datePublished":"2024-02-27T07:21:02+00:00","dateModified":"2026-02-10T10:21:49+00:00","description":"Aqua Aurora energetische plaat (obv frequentie van schelpkalk) bij belastende omstandigheden (bijv. straling, gifstoffen) in huis, werkomgeving en voeding.","breadcrumb":{"@id":"https:\/\/www.alternatievemiddelen.nl\/producten\/aqua-aurora-energetische-plaat-30cm\/#breadcrumb"},"inLanguage":"fr-FR","potentialAction":[{"@type":"ReadAction","target":["https:\/\/www.alternatievemiddelen.nl\/producten\/aqua-aurora-energetische-plaat-30cm\/"]}]},{"@type":"ImageObject","inLanguage":"fr-FR","@id":"https:\/\/www.alternatievemiddelen.nl\/producten\/aqua-aurora-energetische-plaat-30cm\/#primaryimage","url":"https:\/\/www.alternatievemiddelen.nl\/wp-content\/uploads\/2023\/12\/Aqua-Aurora-Energetische-Plaat-30cm.jpg","contentUrl":"https:\/\/www.alternatievemiddelen.nl\/wp-content\/uploads\/2023\/12\/Aqua-Aurora-Energetische-Plaat-30cm.jpg","width":1200,"height":1600,"caption":"Energetische platen Aqua Aurora"},{"@type":"BreadcrumbList","@id":"https:\/\/www.alternatievemiddelen.nl\/producten\/aqua-aurora-energetische-plaat-30cm\/#breadcrumb","itemListElement":[{"@type":"ListItem","position":1,"name":"Home","item":"https:\/\/www.alternatievemiddelen.nl\/"},{"@type":"ListItem","position":2,"name":"Producten","item":"https:\/\/www.alternatievemiddelen.nl\/producten\/"},{"@type":"ListItem","position":3,"name":"Aqua Aurora Energetische Plaat 30 cm"}]},{"@type":"WebSite","@id":"https:\/\/www.alternatievemiddelen.nl\/#website","url":"https:\/\/www.alternatievemiddelen.nl\/","name":"Alternatievemiddelen.nl","description":"Webshop met gezonde, duurzame en ecologische alternatieve mogelijkheden in de hedendaagse levenstijl. Alles uit eigen ervaring.","publisher":{"@id":"https:\/\/www.alternatievemiddelen.nl\/#organization"},"potentialAction":[{"@type":"SearchAction","target":{"@type":"EntryPoint","urlTemplate":"https:\/\/www.alternatievemiddelen.nl\/?s={search_term_string}"},"query-input":{"@type":"PropertyValueSpecification","valueRequired":true,"valueName":"search_term_string"}}],"inLanguage":"fr-FR"},{"@type":"Organization","@id":"https:\/\/www.alternatievemiddelen.nl\/#organization","name":"Alternatievemiddelen.nl","url":"https:\/\/www.alternatievemiddelen.nl\/","logo":{"@type":"ImageObject","inLanguage":"fr-FR","@id":"https:\/\/www.alternatievemiddelen.nl\/#\/schema\/logo\/image\/","url":"https:\/\/www.alternatievemiddelen.nl\/wp-content\/uploads\/2023\/10\/alternatievemiddelen-PNG-logo.png","contentUrl":"https:\/\/www.alternatievemiddelen.nl\/wp-content\/uploads\/2023\/10\/alternatievemiddelen-PNG-logo.png","width":6400,"height":3062,"caption":"Alternatievemiddelen.nl"},"image":{"@id":"https:\/\/www.alternatievemiddelen.nl\/#\/schema\/logo\/image\/"}}]}},"_links":{"self":[{"href":"https:\/\/www.alternatievemiddelen.nl\/fr\/wp-json\/wp\/v2\/product\/34327","targetHints":{"allow":["GET"]}}],"collection":[{"href":"https:\/\/www.alternatievemiddelen.nl\/fr\/wp-json\/wp\/v2\/product"}],"about":[{"href":"https:\/\/www.alternatievemiddelen.nl\/fr\/wp-json\/wp\/v2\/types\/product"}],"replies":[{"embeddable":true,"href":"https:\/\/www.alternatievemiddelen.nl\/fr\/wp-json\/wp\/v2\/comments?post=34327"}],"wp:featuredmedia":[{"embeddable":true,"href":"https:\/\/www.alternatievemiddelen.nl\/fr\/wp-json\/wp\/v2\/media\/31414"}],"wp:attachment":[{"href":"https:\/\/www.alternatievemiddelen.nl\/fr\/wp-json\/wp\/v2\/media?parent=34327"}],"wp:term":[{"taxonomy":"product_brand","embeddable":true,"href":"https:\/\/www.alternatievemiddelen.nl\/fr\/wp-json\/wp\/v2\/product_brand?post=34327"},{"taxonomy":"product_cat","embeddable":true,"href":"https:\/\/www.alternatievemiddelen.nl\/fr\/wp-json\/wp\/v2\/product_cat?post=34327"},{"taxonomy":"product_tag","embeddable":true,"href":"https:\/\/www.alternatievemiddelen.nl\/fr\/wp-json\/wp\/v2\/product_tag?post=34327"},{"taxonomy":"merk","embeddable":true,"href":"https:\/\/www.alternatievemiddelen.nl\/fr\/wp-json\/wp\/v2\/merk?post=34327"}],"curies":[{"name":"wp","href":"https:\/\/api.w.org\/{rel}","templated":true}]}}