{"id":34334,"date":"2024-02-27T08:21:06","date_gmt":"2024-02-27T07:21:06","guid":{"rendered":"https:\/\/www.alternatievemiddelen.nl\/?post_type=product&#038;p=34334"},"modified":"2025-12-09T14:30:12","modified_gmt":"2025-12-09T13:30:12","slug":"go-berkey-waterfilter-set","status":"publish","type":"product","link":"https:\/\/www.alternatievemiddelen.nl\/fr\/produits\/go-berkey-water-filter-set\/","title":{"rendered":"Jeu de filtres \u00e0 eau Go Berkey avec appr\u00eat Black Berkey"},"content":{"rendered":"<p>Go Berkey water filter set - Berkey est l'une des marques de filtres \u00e0 eau et de syst\u00e8mes de purification les plus vendues au monde. Elle est recommand\u00e9e par plusieurs magazines de sant\u00e9, laboratoires et sites Internet ind\u00e9pendants consacr\u00e9s \u00e0 la sant\u00e9. Elle compte des millions de clients satisfaits dans le monde entier.<br \/>\n&nbsp;<\/p>\n<h3>Informations sur le set de filtres \u00e0 eau Go Berkey<\/h3>\n<p>Les filtres \u00e0 eau Berkey filtrent plus de 95% de chlore, de virus, de bact\u00e9ries, de kystes, de r\u00e9sidus de m\u00e9dicaments, de parasites, de m\u00e9taux lourds et de contaminants chimiques dangereux. Les min\u00e9raux essentiels dont votre corps a besoin sont retenus au cours du processus.<\/p>\n<p>Le filtre \u00e0 eau Go Berkey est facile \u00e0 transporter, l\u00e9ger et donc id\u00e9al pour les voyages, le camping, les d\u00e9placements, les tourn\u00e9es ou pour le bureau. Vous pouvez utiliser le filtre pendant environ 10 ans, ce qui est un grand avantage par rapport aux autres filtres \u00e0 eau. Le kit de filtre \u00e0 eau Go Berkey comprend : des chambres sup\u00e9rieure et inf\u00e9rieure en acier inoxydable, 1 filtre \u00e0 eau en acier inoxydable, 1 filtre \u00e0 eau en acier inoxydable et 1 filtre \u00e0 eau en acier inoxydable. <a href=\"https:\/\/www.alternatievemiddelen.nl\/fr\/produits\/element-de-filtre-a-eau-black-berkey\/\">\u00c9l\u00e9ment filtrant noir Berkey<\/a>, 1 <a href=\"https:\/\/www.alternatievemiddelen.nl\/fr\/produits\/ecrou-papillon-pour-elements-filtrants-black-berkey\/\">\u00e9crou papillon<\/a>, 1 <a href=\"https:\/\/www.alternatievemiddelen.nl\/fr\/produits\/anneau-pour-elements-filtrants-black-berkey\/\">laveuse<\/a>, 1 <a href=\"https:\/\/www.alternatievemiddelen.nl\/fr\/produits\/bouton-damorcage-black-berkey-elements\/\">bouton d'amor\u00e7age<\/a>1 couvercle en acier inoxydable, 1 <a href=\"https:\/\/www.alternatievemiddelen.nl\/fr\/produits\/sport-berkey\/\">Sport Berkey Bouteille avec filtre<\/a>, <a href=\"https:\/\/www.alternatievemiddelen.nl\/fr\/produits\/amorce-black-berkey\/\">Appr\u00eat noir Berkey<\/a> et une mallette de transport. La partie sup\u00e9rieure se glisse dans la partie inf\u00e9rieure pendant le transport.<\/p>\n<p><a href=\"https:\/\/www.alternatievemiddelen.nl\/fr\/produits\/elements-de-filtre-a-eau-black-berkey\/\">\u00c9l\u00e9ments filtrants Berkey noirs<\/a> utilisent les derniers d\u00e9veloppements technologiques en mati\u00e8re de purification de l'eau. Les filtres \u00e0 eau Berkey sont donc consid\u00e9r\u00e9s comme les meilleurs et les plus durables syst\u00e8mes de filtration d'eau sur le march\u00e9 et sont les filtres \u00e0 eau portables les plus performants. Les \u00e9l\u00e9ments filtrants Black Berkey ont \u00e9t\u00e9 test\u00e9s par un laboratoire ind\u00e9pendant conform\u00e9ment aux normes 42 et 53 de la NSF\/ANSI. <a href=\"https:\/\/www.alternatievemiddelen.nl\/wp-content\/uploads\/2023\/07\/Testrapport-Black-Berkey-filterelementen.pdf\" target=\"_blank\" rel=\"noopener\">rapport de laboratoire<\/a> pour plus de d\u00e9tails.<\/p>\n<p>Le bo\u00eetier est en acier inoxydable poli (304), pour une longue dur\u00e9e de vie.<br \/>\n&nbsp;<\/p>\n<h3>Caract\u00e9ristiques Go Berkey Kit de filtre \u00e0 eau<\/h3>\n<ul>\n<li>Le filtre \u00e0 eau id\u00e9al pour les voyages, le camping, les d\u00e9placements, les tourn\u00e9es ou pour le bureau. Convient \u00e0 une utilisation par 1 ou 2 personnes.<\/li>\n<li>Le kit comprend : les chambres sup\u00e9rieure et inf\u00e9rieure en acier inoxydable, 1 <a href=\"https:\/\/www.alternatievemiddelen.nl\/fr\/produits\/element-de-filtre-a-eau-black-berkey\/\">\u00c9l\u00e9ment filtrant noir Berkey<\/a>, 1 <a href=\"https:\/\/www.alternatievemiddelen.nl\/fr\/produits\/ecrou-papillon-pour-elements-filtrants-black-berkey\/\">\u00e9crou papillon<\/a>, 1 <a href=\"https:\/\/www.alternatievemiddelen.nl\/fr\/produits\/anneau-pour-elements-filtrants-black-berkey\/\">laveuse<\/a>, 1 <a href=\"https:\/\/www.alternatievemiddelen.nl\/fr\/produits\/bouton-damorcage-black-berkey-elements\/\">bouton d'amor\u00e7age<\/a>1 couvercle en acier inoxydable, 1 <a href=\"https:\/\/www.alternatievemiddelen.nl\/fr\/produits\/sport-berkey\/\">Sport Berkey Bouteille avec filtre<\/a>, <a href=\"https:\/\/www.alternatievemiddelen.nl\/fr\/produits\/amorce-black-berkey\/\">Appr\u00eat noir Berkey<\/a> et sac de transport<\/li>\n<li>Filtre les virus, les bact\u00e9ries, les kystes et les parasites pour plus de 99%<\/li>\n<li>Filtre les pesticides et les r\u00e9sidus de m\u00e9dicaments si bien qu'il n'est plus mesurable<\/li>\n<li>Filtre les m\u00e9taux lourds pour plus de 95%<\/li>\n<li>Facile \u00e0 utiliser<\/li>\n<li>Capacit\u00e9 d'environ 1 litre<\/li>\n<li>Acier inoxydable AISI 304 poli et tr\u00e8s durable<\/li>\n<li>Filtre 3,8 litres par heure avec 1 \u00e9l\u00e9ment<\/li>\n<li>Hauteur pendant le filtrage : environ 35 cm<\/li>\n<li>Diam\u00e8tre : 10 cm<\/li>\n<li>Poids : environ 1 kg<\/li>\n<li>Ne convient pas pour <a href=\"https:\/\/www.alternatievemiddelen.nl\/fr\/produits\/elements-filtrants-pour-le-fluorure-et-larsenic\/\">Berkey \u00c9l\u00e9ments filtrants pour le fluor et l'arsenic<\/a><\/li>\n<\/ul>\n<p>&nbsp;<\/p>\n<h3>Installation<\/h3>\n<p>Vous pouvez facilement assembler le filtre \u00e0 eau Go Berkey sans outils en quelques minutes. La premi\u00e8re \u00e9tape de la pr\u00e9paration d'un filtre \u00e0 eau Berkey est l'amor\u00e7age du filtre. <a href=\"https:\/\/www.alternatievemiddelen.nl\/fr\/produits\/element-de-filtre-a-eau-black-berkey\/\">\u00c9l\u00e9ment filtrant noir Berkey<\/a>. Il est important que cela soit fait correctement, sinon la purification de l'eau prendra beaucoup de temps. Pour toute information sur les filtres \u00e0 eau Berkey, veuillez vous r\u00e9f\u00e9rer \u00e0 notre site web <a href=\"https:\/\/www.alternatievemiddelen.nl\/fr\/la-bibliotheque\/\">biblioth\u00e8que<\/a>qui comprend des manuels, des vid\u00e9os d'instruction et des r\u00e9ponses aux questions les plus fr\u00e9quentes.<\/p>","protected":false},"excerpt":{"rendered":"<p>Le filtre \u00e0 eau Go Berkey est facile \u00e0 transporter, l\u00e9ger et donc id\u00e9al pour les d\u00e9placements, le camping, les voyages, les tourn\u00e9es, etc.<\/p>","protected":false},"featured_media":48618,"comment_status":"open","ping_status":"closed","template":"","meta":[],"product_brand":[],"product_cat":[2971,2972],"product_tag":[2961,2974,3218,2976,2875,3219,3220,3221,2977,3004,3010,2967,3030,2885,2979,2980,2981],"merk":[3432],"class_list":{"0":"post-34334","1":"product","2":"type-product","3":"status-publish","4":"has-post-thumbnail","6":"product_cat-waterfilters","7":"product_cat-waterfilter","8":"product_tag-berkey","9":"product_tag-black-berkey","10":"product_tag-black-berkey-primer","11":"product_tag-filterelement","12":"product_tag-gezondheid","13":"product_tag-go-berkey","14":"product_tag-go-berkey-kit","15":"product_tag-go-berkey-waterfilter-set","16":"product_tag-hormoonvrij","17":"product_tag-onderweg","18":"product_tag-roestvrij","19":"product_tag-schoon","20":"product_tag-set","21":"product_tag-water","22":"product_tag-waterfilter","23":"product_tag-waterzuivering","24":"product_tag-zuiver","25":"merk-berkey","27":"first","28":"instock","29":"taxable","30":"shipping-taxable","31":"purchasable","32":"product-type-simple"},"bundled_by":[],"bundle_stock_status":"instock","bundle_stock_quantity":null,"bundle_virtual":false,"bundle_layout":"","bundle_add_to_cart_form_location":"","bundle_editable_in_cart":false,"bundle_sold_individually_context":"","bundle_item_grouping":"","bundle_min_size":"","bundle_max_size":"","bundle_price":[],"bundled_items":[],"bundle_sell_ids":[44176,47890,34510],"yoast_head":"<!-- This site is optimized with the Yoast SEO plugin v26.1 - https:\/\/yoast.com\/wordpress\/plugins\/seo\/ -->\n<title>Go Berkey waterfilter set met Black Berkey primer - Alternatievemiddelen.nl<\/title>\n<meta name=\"description\" content=\"De Go Berkey waterfilter is gemakkelijk mee te nemen, lichtgewicht en daardoor de ideale waterfilter voor onderweg, kamperen, reizen, rondtrekken, etc.\" \/>\n<meta name=\"robots\" content=\"index, follow, max-snippet:-1, max-image-preview:large, max-video-preview:-1\" \/>\n<link rel=\"canonical\" href=\"https:\/\/www.alternatievemiddelen.nl\/fr\/wp-json\/wp\/v2\/product\/34334\" \/>\n<meta property=\"og:locale\" content=\"fr_FR\" \/>\n<meta property=\"og:type\" content=\"article\" \/>\n<meta property=\"og:title\" content=\"Go Berkey waterfilter set met Black Berkey primer - Alternatievemiddelen.nl\" \/>\n<meta property=\"og:description\" content=\"De Go Berkey waterfilter is gemakkelijk mee te nemen, lichtgewicht en daardoor de ideale waterfilter voor onderweg, kamperen, reizen, rondtrekken, etc.\" \/>\n<meta property=\"og:url\" content=\"https:\/\/www.alternatievemiddelen.nl\/fr\/produits\/go-berkey-water-filter-set\/\" \/>\n<meta property=\"og:site_name\" content=\"Alternatievemiddelen.nl\" \/>\n<meta property=\"article:modified_time\" content=\"2025-12-09T13:30:12+00:00\" \/>\n<meta property=\"og:image\" content=\"\/wp-content\/uploads\/2025\/08\/Go-Berkey-Kit-nieuw.jpg\" \/>\n\t<meta property=\"og:image:width\" content=\"1200\" \/>\n\t<meta property=\"og:image:height\" content=\"1600\" \/>\n\t<meta property=\"og:image:type\" content=\"image\/jpeg\" \/>\n<meta name=\"twitter:card\" content=\"summary_large_image\" \/>\n<meta name=\"twitter:label1\" content=\"Dur\u00e9e de lecture estim\u00e9e\" \/>\n\t<meta name=\"twitter:data1\" content=\"3 minutes\" \/>\n<script type=\"application\/ld+json\" class=\"yoast-schema-graph\">{\"@context\":\"https:\/\/schema.org\",\"@graph\":[{\"@type\":[\"WebPage\",\"ItemPage\"],\"@id\":\"https:\/\/www.alternatievemiddelen.nl\/producten\/go-berkey-waterfilter-set\/\",\"url\":\"https:\/\/www.alternatievemiddelen.nl\/producten\/go-berkey-waterfilter-set\/\",\"name\":\"Go Berkey waterfilter set met Black Berkey primer - Alternatievemiddelen.nl\",\"isPartOf\":{\"@id\":\"https:\/\/www.alternatievemiddelen.nl\/#website\"},\"primaryImageOfPage\":{\"@id\":\"https:\/\/www.alternatievemiddelen.nl\/producten\/go-berkey-waterfilter-set\/#primaryimage\"},\"image\":{\"@id\":\"https:\/\/www.alternatievemiddelen.nl\/producten\/go-berkey-waterfilter-set\/#primaryimage\"},\"thumbnailUrl\":\"https:\/\/www.alternatievemiddelen.nl\/wp-content\/uploads\/2025\/08\/Go-Berkey-Kit-nieuw.jpg\",\"datePublished\":\"2024-02-27T07:21:06+00:00\",\"dateModified\":\"2025-12-09T13:30:12+00:00\",\"description\":\"De Go Berkey waterfilter is gemakkelijk mee te nemen, lichtgewicht en daardoor de ideale waterfilter voor onderweg, kamperen, reizen, rondtrekken, etc.\",\"breadcrumb\":{\"@id\":\"https:\/\/www.alternatievemiddelen.nl\/producten\/go-berkey-waterfilter-set\/#breadcrumb\"},\"inLanguage\":\"fr-FR\",\"potentialAction\":[{\"@type\":\"ReadAction\",\"target\":[\"https:\/\/www.alternatievemiddelen.nl\/producten\/go-berkey-waterfilter-set\/\"]}]},{\"@type\":\"ImageObject\",\"inLanguage\":\"fr-FR\",\"@id\":\"https:\/\/www.alternatievemiddelen.nl\/producten\/go-berkey-waterfilter-set\/#primaryimage\",\"url\":\"https:\/\/www.alternatievemiddelen.nl\/wp-content\/uploads\/2025\/08\/Go-Berkey-Kit-nieuw.jpg\",\"contentUrl\":\"https:\/\/www.alternatievemiddelen.nl\/wp-content\/uploads\/2025\/08\/Go-Berkey-Kit-nieuw.jpg\",\"width\":1200,\"height\":1600,\"caption\":\"Go Berkey Kit waterfilter\"},{\"@type\":\"BreadcrumbList\",\"@id\":\"https:\/\/www.alternatievemiddelen.nl\/producten\/go-berkey-waterfilter-set\/#breadcrumb\",\"itemListElement\":[{\"@type\":\"ListItem\",\"position\":1,\"name\":\"Home\",\"item\":\"https:\/\/www.alternatievemiddelen.nl\/\"},{\"@type\":\"ListItem\",\"position\":2,\"name\":\"Producten\",\"item\":\"https:\/\/www.alternatievemiddelen.nl\/producten\/\"},{\"@type\":\"ListItem\",\"position\":3,\"name\":\"Go Berkey waterfilter set met Black Berkey primer\"}]},{\"@type\":\"WebSite\",\"@id\":\"https:\/\/www.alternatievemiddelen.nl\/#website\",\"url\":\"https:\/\/www.alternatievemiddelen.nl\/\",\"name\":\"Alternatievemiddelen.nl\",\"description\":\"Webshop met gezonde, duurzame en ecologische alternatieve mogelijkheden in de hedendaagse levenstijl. Alles uit eigen ervaring.\",\"publisher\":{\"@id\":\"https:\/\/www.alternatievemiddelen.nl\/#organization\"},\"potentialAction\":[{\"@type\":\"SearchAction\",\"target\":{\"@type\":\"EntryPoint\",\"urlTemplate\":\"https:\/\/www.alternatievemiddelen.nl\/?s={search_term_string}\"},\"query-input\":{\"@type\":\"PropertyValueSpecification\",\"valueRequired\":true,\"valueName\":\"search_term_string\"}}],\"inLanguage\":\"fr-FR\"},{\"@type\":\"Organization\",\"@id\":\"https:\/\/www.alternatievemiddelen.nl\/#organization\",\"name\":\"Alternatievemiddelen.nl\",\"url\":\"https:\/\/www.alternatievemiddelen.nl\/\",\"logo\":{\"@type\":\"ImageObject\",\"inLanguage\":\"fr-FR\",\"@id\":\"https:\/\/www.alternatievemiddelen.nl\/#\/schema\/logo\/image\/\",\"url\":\"https:\/\/www.alternatievemiddelen.nl\/wp-content\/uploads\/2023\/10\/alternatievemiddelen-PNG-logo.png\",\"contentUrl\":\"https:\/\/www.alternatievemiddelen.nl\/wp-content\/uploads\/2023\/10\/alternatievemiddelen-PNG-logo.png\",\"width\":6400,\"height\":3062,\"caption\":\"Alternatievemiddelen.nl\"},\"image\":{\"@id\":\"https:\/\/www.alternatievemiddelen.nl\/#\/schema\/logo\/image\/\"}}]}<\/script>\n<!-- \/ Yoast SEO plugin. -->","yoast_head_json":{"title":"Go Berkey waterfilter set met Black Berkey primer - Alternatievemiddelen.nl","description":"De Go Berkey waterfilter is gemakkelijk mee te nemen, lichtgewicht en daardoor de ideale waterfilter voor onderweg, kamperen, reizen, rondtrekken, etc.","robots":{"index":"index","follow":"follow","max-snippet":"max-snippet:-1","max-image-preview":"max-image-preview:large","max-video-preview":"max-video-preview:-1"},"canonical":"https:\/\/www.alternatievemiddelen.nl\/fr\/wp-json\/wp\/v2\/product\/34334","og_locale":"fr_FR","og_type":"article","og_title":"Go Berkey waterfilter set met Black Berkey primer - Alternatievemiddelen.nl","og_description":"De Go Berkey waterfilter is gemakkelijk mee te nemen, lichtgewicht en daardoor de ideale waterfilter voor onderweg, kamperen, reizen, rondtrekken, etc.","og_url":"https:\/\/www.alternatievemiddelen.nl\/fr\/produits\/go-berkey-water-filter-set\/","og_site_name":"Alternatievemiddelen.nl","article_modified_time":"2025-12-09T13:30:12+00:00","og_image":[{"width":1200,"height":1600,"url":"\/wp-content\/uploads\/2025\/08\/Go-Berkey-Kit-nieuw.jpg","type":"image\/jpeg"}],"twitter_card":"summary_large_image","twitter_misc":{"Dur\u00e9e de lecture estim\u00e9e":"3 minutes"},"schema":{"@context":"https:\/\/schema.org","@graph":[{"@type":["WebPage","ItemPage"],"@id":"https:\/\/www.alternatievemiddelen.nl\/producten\/go-berkey-waterfilter-set\/","url":"https:\/\/www.alternatievemiddelen.nl\/producten\/go-berkey-waterfilter-set\/","name":"Go Berkey waterfilter set met Black Berkey primer - Alternatievemiddelen.nl","isPartOf":{"@id":"https:\/\/www.alternatievemiddelen.nl\/#website"},"primaryImageOfPage":{"@id":"https:\/\/www.alternatievemiddelen.nl\/producten\/go-berkey-waterfilter-set\/#primaryimage"},"image":{"@id":"https:\/\/www.alternatievemiddelen.nl\/producten\/go-berkey-waterfilter-set\/#primaryimage"},"thumbnailUrl":"https:\/\/www.alternatievemiddelen.nl\/wp-content\/uploads\/2025\/08\/Go-Berkey-Kit-nieuw.jpg","datePublished":"2024-02-27T07:21:06+00:00","dateModified":"2025-12-09T13:30:12+00:00","description":"De Go Berkey waterfilter is gemakkelijk mee te nemen, lichtgewicht en daardoor de ideale waterfilter voor onderweg, kamperen, reizen, rondtrekken, etc.","breadcrumb":{"@id":"https:\/\/www.alternatievemiddelen.nl\/producten\/go-berkey-waterfilter-set\/#breadcrumb"},"inLanguage":"fr-FR","potentialAction":[{"@type":"ReadAction","target":["https:\/\/www.alternatievemiddelen.nl\/producten\/go-berkey-waterfilter-set\/"]}]},{"@type":"ImageObject","inLanguage":"fr-FR","@id":"https:\/\/www.alternatievemiddelen.nl\/producten\/go-berkey-waterfilter-set\/#primaryimage","url":"https:\/\/www.alternatievemiddelen.nl\/wp-content\/uploads\/2025\/08\/Go-Berkey-Kit-nieuw.jpg","contentUrl":"https:\/\/www.alternatievemiddelen.nl\/wp-content\/uploads\/2025\/08\/Go-Berkey-Kit-nieuw.jpg","width":1200,"height":1600,"caption":"Go Berkey Kit waterfilter"},{"@type":"BreadcrumbList","@id":"https:\/\/www.alternatievemiddelen.nl\/producten\/go-berkey-waterfilter-set\/#breadcrumb","itemListElement":[{"@type":"ListItem","position":1,"name":"Home","item":"https:\/\/www.alternatievemiddelen.nl\/"},{"@type":"ListItem","position":2,"name":"Producten","item":"https:\/\/www.alternatievemiddelen.nl\/producten\/"},{"@type":"ListItem","position":3,"name":"Go Berkey waterfilter set met Black Berkey primer"}]},{"@type":"WebSite","@id":"https:\/\/www.alternatievemiddelen.nl\/#website","url":"https:\/\/www.alternatievemiddelen.nl\/","name":"Alternatievemiddelen.nl","description":"Webshop met gezonde, duurzame en ecologische alternatieve mogelijkheden in de hedendaagse levenstijl. Alles uit eigen ervaring.","publisher":{"@id":"https:\/\/www.alternatievemiddelen.nl\/#organization"},"potentialAction":[{"@type":"SearchAction","target":{"@type":"EntryPoint","urlTemplate":"https:\/\/www.alternatievemiddelen.nl\/?s={search_term_string}"},"query-input":{"@type":"PropertyValueSpecification","valueRequired":true,"valueName":"search_term_string"}}],"inLanguage":"fr-FR"},{"@type":"Organization","@id":"https:\/\/www.alternatievemiddelen.nl\/#organization","name":"Alternatievemiddelen.nl","url":"https:\/\/www.alternatievemiddelen.nl\/","logo":{"@type":"ImageObject","inLanguage":"fr-FR","@id":"https:\/\/www.alternatievemiddelen.nl\/#\/schema\/logo\/image\/","url":"https:\/\/www.alternatievemiddelen.nl\/wp-content\/uploads\/2023\/10\/alternatievemiddelen-PNG-logo.png","contentUrl":"https:\/\/www.alternatievemiddelen.nl\/wp-content\/uploads\/2023\/10\/alternatievemiddelen-PNG-logo.png","width":6400,"height":3062,"caption":"Alternatievemiddelen.nl"},"image":{"@id":"https:\/\/www.alternatievemiddelen.nl\/#\/schema\/logo\/image\/"}}]}},"_links":{"self":[{"href":"https:\/\/www.alternatievemiddelen.nl\/fr\/wp-json\/wp\/v2\/product\/34334","targetHints":{"allow":["GET"]}}],"collection":[{"href":"https:\/\/www.alternatievemiddelen.nl\/fr\/wp-json\/wp\/v2\/product"}],"about":[{"href":"https:\/\/www.alternatievemiddelen.nl\/fr\/wp-json\/wp\/v2\/types\/product"}],"replies":[{"embeddable":true,"href":"https:\/\/www.alternatievemiddelen.nl\/fr\/wp-json\/wp\/v2\/comments?post=34334"}],"wp:featuredmedia":[{"embeddable":true,"href":"https:\/\/www.alternatievemiddelen.nl\/fr\/wp-json\/wp\/v2\/media\/48618"}],"wp:attachment":[{"href":"https:\/\/www.alternatievemiddelen.nl\/fr\/wp-json\/wp\/v2\/media?parent=34334"}],"wp:term":[{"taxonomy":"product_brand","embeddable":true,"href":"https:\/\/www.alternatievemiddelen.nl\/fr\/wp-json\/wp\/v2\/product_brand?post=34334"},{"taxonomy":"product_cat","embeddable":true,"href":"https:\/\/www.alternatievemiddelen.nl\/fr\/wp-json\/wp\/v2\/product_cat?post=34334"},{"taxonomy":"product_tag","embeddable":true,"href":"https:\/\/www.alternatievemiddelen.nl\/fr\/wp-json\/wp\/v2\/product_tag?post=34334"},{"taxonomy":"merk","embeddable":true,"href":"https:\/\/www.alternatievemiddelen.nl\/fr\/wp-json\/wp\/v2\/merk?post=34334"}],"curies":[{"name":"wp","href":"https:\/\/api.w.org\/{rel}","templated":true}]}}