{"id":34336,"date":"2024-02-27T08:21:07","date_gmt":"2024-02-27T07:21:07","guid":{"rendered":"https:\/\/www.alternatievemiddelen.nl\/?post_type=product&#038;p=34336"},"modified":"2025-01-02T10:35:28","modified_gmt":"2025-01-02T09:35:28","slug":"aqua-aurora-douchevitaliser","status":"publish","type":"product","link":"https:\/\/www.alternatievemiddelen.nl\/fr\/produits\/aqua-aurora-douche-vitalisante\/","title":{"rendered":"Aqua Aurora Vitalisateur de douche avec connecteurs"},"content":{"rendered":"<p>Un vitalisateur de douche Aqua Aurora redonne \u00e0 l'eau sa vibration naturelle. Le vitalisateur fonctionne sur la fr\u00e9quence du calcaire coquillier. Il \u00e9limine les fr\u00e9quences de rayonnement non naturelles et les charges \u00e9nerg\u00e9tiques d'autres substances toxiques. Les hommes, les plantes et les animaux r\u00e9agissent imm\u00e9diatement et retrouvent leur vitalit\u00e9. Il en r\u00e9sulte moins de probl\u00e8mes de sant\u00e9 chez les personnes et moins de maladies et d'\u00e9checs chez les plantes et les animaux.<br \/>\n&nbsp;<\/p>\n<h3>Le Showervitalisateur Aqua Aurora<\/h3>\n<p>Raccordez le vitalisateur au mitigeur de votre douche ou de votre baignoire afin de pouvoir y brancher le flexible de douche.<\/p>\n<p>Livr\u00e9 avec les raccords n\u00e9cessaires et le ruban d'installation pour sceller les raccords filet\u00e9s o\u00f9 aucun caoutchouc n'a \u00e9t\u00e9 appliqu\u00e9.<\/p>\n<p>Le fonctionnement d'un vitalisateur de douche Aqua Aurora est simple. Le vitalisateur se compose d'un tube en acier inoxydable dans lequel circule de l'eau. Le tube \u00e0 double paroi transportant l'eau est en acier inoxydable 316, certifi\u00e9 pour l'industrie alimentaire. Le vitalisateur est rempli de mati\u00e8re dans laquelle est stock\u00e9e la fr\u00e9quence souhait\u00e9e (chaux de coquillage). Il lib\u00e8re cette fr\u00e9quence dans l'eau qui passe. Le vitalisateur efface les fr\u00e9quences incrimin\u00e9es et les remplace par la fr\u00e9quence de la mati\u00e8re (chaux coquilli\u00e8re) contenue dans le vitalisateur.<br \/>\n&nbsp;<\/p>\n<h3>Eau vitale<\/h3>\n<p>Lors de la vitalisation de l'eau avec le Vitalisateur de douche Aqua Aurora, une fr\u00e9quence est transf\u00e9r\u00e9e. Dans le cas des vitrificateurs Aqua Aurora, contrairement \u00e0 d'autres vitalisateurs, on utilise des fr\u00e9quences bas\u00e9es sur le calcaire coquillier (qui est encore tr\u00e8s proche de l'information primitive originelle de notre terre, en quelque sorte la vibration de la terre m\u00e8re). Ces vitalisateurs sont donc uniques par rapport aux autres vitalisateurs. Outre l'augmentation de l'\u00e9nergie, les vitrificateurs peuvent \u00e9galement transmettre des informations.<\/p>\n<p>L'eau qui sort aujourd'hui de nos robinets est fortement influenc\u00e9e par son environnement non naturel. L'eau est purifi\u00e9e chimiquement, puis transport\u00e9e jusqu'aux consommateurs par des syst\u00e8mes de canalisation \u00e9labor\u00e9s. Au cours de ce processus, l'eau perd sa force d'origine et absorbe toutes sortes d'informations contraignantes. Par exemple, nous savons que l'eau est charg\u00e9e de radiations provenant des lignes \u00e9lectriques, des tours de transmission et des g\u00e9n\u00e9rateurs. Mais nous savons aussi que lorsque l'eau est nettoy\u00e9e chimiquement, les charges sont encore pr\u00e9sentes \u00e9nerg\u00e9tiquement. Les vitalisateurs peuvent effacer ces informations pesantes et les remplacer par les fr\u00e9quences de la chaux coquilli\u00e8re. Ainsi, l'eau retrouve sa puissance d'origine et les fr\u00e9quences n\u00e9gatives sont effac\u00e9es.<br \/>\n&nbsp;<\/p>\n<h3>Applications<\/h3>\n<p>Il est possible de vitaliser non seulement l'eau, mais aussi d'autres liquides, des gaz et des solides. Lors de la vitalisation de l'air, on constate une augmentation de la teneur en oxyg\u00e8ne et, dans le cas des semences et des plants, une augmentation du taux de germination, une am\u00e9lioration de la qualit\u00e9 et une augmentation du rendement. La teneur en oxyg\u00e8ne du sang augmente \u00e9galement lorsque l'on subit une <a href=\"https:\/\/www.alternatievemiddelen.nl\/fr\/produits\/aqua-aurora-breath-vitaliser\/\">vitalisateur de souffle<\/a> respirer. Les vitrificateurs de chaux Shell sont universellement applicables et constituent un investissement tr\u00e8s efficace pour les consommateurs et les entreprises. Ils sont bons pour notre sant\u00e9, dans toutes sortes de processus et pour notre environnement.<\/p>\n<p>Pour tous les vitrificateurs de chaux en coquille Aqua Aurora, voir notre gamme, <a href=\"https:\/\/www.alternatievemiddelen.nl\/fr\/categorie-de-produits-2\/vitrificateurs-et-plaques-energetiques\/\">la page de pr\u00e9sentation<\/a>.<br \/>\n&nbsp;<\/p>\n<h3>Sp\u00e9cifications du vitalisateur de douche Aqua Aurora<\/h3>\n<p><u>Informations g\u00e9n\u00e9rales<\/u><br \/>\n\u25cf Application : comme extension sur le mitigeur.<br \/>\n\u25cf Entretien : aucun<br \/>\n\u25cf Dur\u00e9e de vie : avec une utilisation normale, ils durent toute une vie.<br \/>\nGarantie sur les mat\u00e9riaux : 5 ans<br \/>\n\u25cf Laissez toujours l'eau et l'air s'\u00e9couler \u00e0 travers le vitalisateur du c\u00f4t\u00e9 \u00e9pais vers le c\u00f4t\u00e9 fin !<br \/>\n<u>Sp\u00e9cifications techniques<\/u><br \/>\n\u25cf Mat\u00e9riau : acier inoxydable 316 (conforme aux exigences de l'industrie alimentaire).<br \/>\n\u25cf Passage : 10 mm<br \/>\n\u25cf Raccordement : 3\/8 pouce<br \/>\n<u>Dimensions ext\u00e9rieures<\/u><br \/>\n\u25cf Longueur : environ 70 mm<br \/>\n\u25cf Largeur : environ 40 mm<br \/>\nClasse de pression : PN 10<br \/>\n\u25cf Sens d'\u00e9coulement de l'entr\u00e9e : c\u00f4t\u00e9 obtus.<br \/>\n\u25cf Sens d'\u00e9coulement de la sortie : c\u00f4t\u00e9 conique<br \/>\nMat\u00e9riaux de raccordement : par l'interm\u00e9diaire d'un raccord combin\u00e9 fourni, filetage int\u00e9rieur et ext\u00e9rieur<br \/>\n&nbsp;<\/p>\n<h3>Instructions de montage et d'utilisation du vitalisateur de douche Aqua Aurora<\/h3>\n<p>D\u00e9monter le flexible de douche du mitigeur. Placer le manchon r\u00e9ducteur fourni sur le mitigeur, puis placer le mamelon r\u00e9ducteur fourni sur le c\u00f4t\u00e9 conique du vitalisateur. Raccorder le vitalisateur de douche au manchon r\u00e9ducteur. Reconnecter le tuyau de douche au mamelon r\u00e9ducteur. Utiliser du ruban d'\u00e9tanch\u00e9it\u00e9 pour le montage.<\/p>","protected":false},"excerpt":{"rendered":"<p>Aqua Aurora Vitalisateur de douche (\u00e0 base de calcaire), y compris les raccords, pour un branchement direct sur le mitigeur de la douche. De l'eau vitale !<\/p>","protected":false},"featured_media":31400,"comment_status":"open","ping_status":"closed","template":"","meta":[],"product_brand":[],"product_cat":[2870,3461,2971,2887],"product_tag":[2888,2889,2874,2875,2890,2877,2878,2879,2880,2881,2882,2883,2891,2884,2885],"merk":[3447],"class_list":{"0":"post-34336","1":"product","2":"type-product","3":"status-publish","4":"has-post-thumbnail","6":"product_cat-vitalisers-en-energetische-platen","7":"product_cat-watervitalisers","8":"product_cat-waterfilters","9":"product_cat-douchefilters","10":"product_tag-douche","11":"product_tag-douchevitaliser","12":"product_tag-frequentie","13":"product_tag-gezondheid","14":"product_tag-kraan","15":"product_tag-moeder-aarde","16":"product_tag-natuur","17":"product_tag-roestvrij-staal","18":"product_tag-rvs","19":"product_tag-schelpkalk","20":"product_tag-trilling","21":"product_tag-vitaal","22":"product_tag-vitaal-water","23":"product_tag-vitaliseren","24":"product_tag-water","25":"merk-aqua-aurora","27":"first","28":"instock","29":"taxable","30":"shipping-taxable","31":"purchasable","32":"product-type-simple"},"bundled_by":[],"bundle_stock_status":"instock","bundle_stock_quantity":null,"bundle_virtual":false,"bundle_layout":"","bundle_add_to_cart_form_location":"","bundle_editable_in_cart":false,"bundle_sold_individually_context":"","bundle_item_grouping":"","bundle_min_size":"","bundle_max_size":"","bundle_price":[],"bundled_items":[],"bundle_sell_ids":[44176,34326,34327,34350],"yoast_head":"<!-- This site is optimized with the Yoast SEO plugin v26.1 - https:\/\/yoast.com\/wordpress\/plugins\/seo\/ -->\n<title>Aqua Aurora Douchevitaliser met aansluitstukken - Alternatievemiddelen.nl<\/title>\n<meta name=\"description\" content=\"Aqua Aurora Douchevitaliser (o.b.v. schelpkalk) incl. aansluitstukken, om direct aan te sluiten op de mengkraan van de douche. Vitaal water!\" \/>\n<meta name=\"robots\" content=\"index, follow, max-snippet:-1, max-image-preview:large, max-video-preview:-1\" \/>\n<link rel=\"canonical\" href=\"https:\/\/www.alternatievemiddelen.nl\/fr\/wp-json\/wp\/v2\/product\/34336\" \/>\n<meta property=\"og:locale\" content=\"fr_FR\" \/>\n<meta property=\"og:type\" content=\"article\" \/>\n<meta property=\"og:title\" content=\"Aqua Aurora Douchevitaliser met aansluitstukken - Alternatievemiddelen.nl\" \/>\n<meta property=\"og:description\" content=\"Aqua Aurora Douchevitaliser (o.b.v. schelpkalk) incl. aansluitstukken, om direct aan te sluiten op de mengkraan van de douche. Vitaal water!\" \/>\n<meta property=\"og:url\" content=\"https:\/\/www.alternatievemiddelen.nl\/fr\/produits\/aqua-aurora-douche-vitalisante\/\" \/>\n<meta property=\"og:site_name\" content=\"Alternatievemiddelen.nl\" \/>\n<meta property=\"article:modified_time\" content=\"2025-01-02T09:35:28+00:00\" \/>\n<meta property=\"og:image\" content=\"\/wp-content\/uploads\/2023\/12\/Aqua-Aurora-Douchevitaliser.jpg\" \/>\n\t<meta property=\"og:image:width\" content=\"1200\" \/>\n\t<meta property=\"og:image:height\" content=\"1600\" \/>\n\t<meta property=\"og:image:type\" content=\"image\/jpeg\" \/>\n<meta name=\"twitter:card\" content=\"summary_large_image\" \/>\n<meta name=\"twitter:label1\" content=\"Dur\u00e9e de lecture estim\u00e9e\" \/>\n\t<meta name=\"twitter:data1\" content=\"4 minutes\" \/>\n<script type=\"application\/ld+json\" class=\"yoast-schema-graph\">{\"@context\":\"https:\/\/schema.org\",\"@graph\":[{\"@type\":[\"WebPage\",\"ItemPage\"],\"@id\":\"https:\/\/www.alternatievemiddelen.nl\/producten\/aqua-aurora-douchevitaliser\/\",\"url\":\"https:\/\/www.alternatievemiddelen.nl\/producten\/aqua-aurora-douchevitaliser\/\",\"name\":\"Aqua Aurora Douchevitaliser met aansluitstukken - Alternatievemiddelen.nl\",\"isPartOf\":{\"@id\":\"https:\/\/www.alternatievemiddelen.nl\/#website\"},\"primaryImageOfPage\":{\"@id\":\"https:\/\/www.alternatievemiddelen.nl\/producten\/aqua-aurora-douchevitaliser\/#primaryimage\"},\"image\":{\"@id\":\"https:\/\/www.alternatievemiddelen.nl\/producten\/aqua-aurora-douchevitaliser\/#primaryimage\"},\"thumbnailUrl\":\"https:\/\/www.alternatievemiddelen.nl\/wp-content\/uploads\/2023\/12\/Aqua-Aurora-Douchevitaliser.jpg\",\"datePublished\":\"2024-02-27T07:21:07+00:00\",\"dateModified\":\"2025-01-02T09:35:28+00:00\",\"description\":\"Aqua Aurora Douchevitaliser (o.b.v. schelpkalk) incl. aansluitstukken, om direct aan te sluiten op de mengkraan van de douche. Vitaal water!\",\"breadcrumb\":{\"@id\":\"https:\/\/www.alternatievemiddelen.nl\/producten\/aqua-aurora-douchevitaliser\/#breadcrumb\"},\"inLanguage\":\"fr-FR\",\"potentialAction\":[{\"@type\":\"ReadAction\",\"target\":[\"https:\/\/www.alternatievemiddelen.nl\/producten\/aqua-aurora-douchevitaliser\/\"]}]},{\"@type\":\"ImageObject\",\"inLanguage\":\"fr-FR\",\"@id\":\"https:\/\/www.alternatievemiddelen.nl\/producten\/aqua-aurora-douchevitaliser\/#primaryimage\",\"url\":\"https:\/\/www.alternatievemiddelen.nl\/wp-content\/uploads\/2023\/12\/Aqua-Aurora-Douchevitaliser.jpg\",\"contentUrl\":\"https:\/\/www.alternatievemiddelen.nl\/wp-content\/uploads\/2023\/12\/Aqua-Aurora-Douchevitaliser.jpg\",\"width\":1200,\"height\":1600,\"caption\":\"douchevitaliser Aqua Aurora\"},{\"@type\":\"BreadcrumbList\",\"@id\":\"https:\/\/www.alternatievemiddelen.nl\/producten\/aqua-aurora-douchevitaliser\/#breadcrumb\",\"itemListElement\":[{\"@type\":\"ListItem\",\"position\":1,\"name\":\"Home\",\"item\":\"https:\/\/www.alternatievemiddelen.nl\/\"},{\"@type\":\"ListItem\",\"position\":2,\"name\":\"Producten\",\"item\":\"https:\/\/www.alternatievemiddelen.nl\/producten\/\"},{\"@type\":\"ListItem\",\"position\":3,\"name\":\"Aqua Aurora Douchevitaliser met aansluitstukken\"}]},{\"@type\":\"WebSite\",\"@id\":\"https:\/\/www.alternatievemiddelen.nl\/#website\",\"url\":\"https:\/\/www.alternatievemiddelen.nl\/\",\"name\":\"Alternatievemiddelen.nl\",\"description\":\"Webshop met gezonde, duurzame en ecologische alternatieve mogelijkheden in de hedendaagse levenstijl. Alles uit eigen ervaring.\",\"publisher\":{\"@id\":\"https:\/\/www.alternatievemiddelen.nl\/#organization\"},\"potentialAction\":[{\"@type\":\"SearchAction\",\"target\":{\"@type\":\"EntryPoint\",\"urlTemplate\":\"https:\/\/www.alternatievemiddelen.nl\/?s={search_term_string}\"},\"query-input\":{\"@type\":\"PropertyValueSpecification\",\"valueRequired\":true,\"valueName\":\"search_term_string\"}}],\"inLanguage\":\"fr-FR\"},{\"@type\":\"Organization\",\"@id\":\"https:\/\/www.alternatievemiddelen.nl\/#organization\",\"name\":\"Alternatievemiddelen.nl\",\"url\":\"https:\/\/www.alternatievemiddelen.nl\/\",\"logo\":{\"@type\":\"ImageObject\",\"inLanguage\":\"fr-FR\",\"@id\":\"https:\/\/www.alternatievemiddelen.nl\/#\/schema\/logo\/image\/\",\"url\":\"https:\/\/www.alternatievemiddelen.nl\/wp-content\/uploads\/2023\/10\/alternatievemiddelen-PNG-logo.png\",\"contentUrl\":\"https:\/\/www.alternatievemiddelen.nl\/wp-content\/uploads\/2023\/10\/alternatievemiddelen-PNG-logo.png\",\"width\":6400,\"height\":3062,\"caption\":\"Alternatievemiddelen.nl\"},\"image\":{\"@id\":\"https:\/\/www.alternatievemiddelen.nl\/#\/schema\/logo\/image\/\"}}]}<\/script>\n<!-- \/ Yoast SEO plugin. -->","yoast_head_json":{"title":"Aqua Aurora Douchevitaliser met aansluitstukken - Alternatievemiddelen.nl","description":"Aqua Aurora Douchevitaliser (o.b.v. schelpkalk) incl. aansluitstukken, om direct aan te sluiten op de mengkraan van de douche. Vitaal water!","robots":{"index":"index","follow":"follow","max-snippet":"max-snippet:-1","max-image-preview":"max-image-preview:large","max-video-preview":"max-video-preview:-1"},"canonical":"https:\/\/www.alternatievemiddelen.nl\/fr\/wp-json\/wp\/v2\/product\/34336","og_locale":"fr_FR","og_type":"article","og_title":"Aqua Aurora Douchevitaliser met aansluitstukken - Alternatievemiddelen.nl","og_description":"Aqua Aurora Douchevitaliser (o.b.v. schelpkalk) incl. aansluitstukken, om direct aan te sluiten op de mengkraan van de douche. Vitaal water!","og_url":"https:\/\/www.alternatievemiddelen.nl\/fr\/produits\/aqua-aurora-douche-vitalisante\/","og_site_name":"Alternatievemiddelen.nl","article_modified_time":"2025-01-02T09:35:28+00:00","og_image":[{"width":1200,"height":1600,"url":"\/wp-content\/uploads\/2023\/12\/Aqua-Aurora-Douchevitaliser.jpg","type":"image\/jpeg"}],"twitter_card":"summary_large_image","twitter_misc":{"Dur\u00e9e de lecture estim\u00e9e":"4 minutes"},"schema":{"@context":"https:\/\/schema.org","@graph":[{"@type":["WebPage","ItemPage"],"@id":"https:\/\/www.alternatievemiddelen.nl\/producten\/aqua-aurora-douchevitaliser\/","url":"https:\/\/www.alternatievemiddelen.nl\/producten\/aqua-aurora-douchevitaliser\/","name":"Aqua Aurora Douchevitaliser met aansluitstukken - Alternatievemiddelen.nl","isPartOf":{"@id":"https:\/\/www.alternatievemiddelen.nl\/#website"},"primaryImageOfPage":{"@id":"https:\/\/www.alternatievemiddelen.nl\/producten\/aqua-aurora-douchevitaliser\/#primaryimage"},"image":{"@id":"https:\/\/www.alternatievemiddelen.nl\/producten\/aqua-aurora-douchevitaliser\/#primaryimage"},"thumbnailUrl":"https:\/\/www.alternatievemiddelen.nl\/wp-content\/uploads\/2023\/12\/Aqua-Aurora-Douchevitaliser.jpg","datePublished":"2024-02-27T07:21:07+00:00","dateModified":"2025-01-02T09:35:28+00:00","description":"Aqua Aurora Douchevitaliser (o.b.v. schelpkalk) incl. aansluitstukken, om direct aan te sluiten op de mengkraan van de douche. Vitaal water!","breadcrumb":{"@id":"https:\/\/www.alternatievemiddelen.nl\/producten\/aqua-aurora-douchevitaliser\/#breadcrumb"},"inLanguage":"fr-FR","potentialAction":[{"@type":"ReadAction","target":["https:\/\/www.alternatievemiddelen.nl\/producten\/aqua-aurora-douchevitaliser\/"]}]},{"@type":"ImageObject","inLanguage":"fr-FR","@id":"https:\/\/www.alternatievemiddelen.nl\/producten\/aqua-aurora-douchevitaliser\/#primaryimage","url":"https:\/\/www.alternatievemiddelen.nl\/wp-content\/uploads\/2023\/12\/Aqua-Aurora-Douchevitaliser.jpg","contentUrl":"https:\/\/www.alternatievemiddelen.nl\/wp-content\/uploads\/2023\/12\/Aqua-Aurora-Douchevitaliser.jpg","width":1200,"height":1600,"caption":"douchevitaliser Aqua Aurora"},{"@type":"BreadcrumbList","@id":"https:\/\/www.alternatievemiddelen.nl\/producten\/aqua-aurora-douchevitaliser\/#breadcrumb","itemListElement":[{"@type":"ListItem","position":1,"name":"Home","item":"https:\/\/www.alternatievemiddelen.nl\/"},{"@type":"ListItem","position":2,"name":"Producten","item":"https:\/\/www.alternatievemiddelen.nl\/producten\/"},{"@type":"ListItem","position":3,"name":"Aqua Aurora Douchevitaliser met aansluitstukken"}]},{"@type":"WebSite","@id":"https:\/\/www.alternatievemiddelen.nl\/#website","url":"https:\/\/www.alternatievemiddelen.nl\/","name":"Alternatievemiddelen.nl","description":"Webshop met gezonde, duurzame en ecologische alternatieve mogelijkheden in de hedendaagse levenstijl. Alles uit eigen ervaring.","publisher":{"@id":"https:\/\/www.alternatievemiddelen.nl\/#organization"},"potentialAction":[{"@type":"SearchAction","target":{"@type":"EntryPoint","urlTemplate":"https:\/\/www.alternatievemiddelen.nl\/?s={search_term_string}"},"query-input":{"@type":"PropertyValueSpecification","valueRequired":true,"valueName":"search_term_string"}}],"inLanguage":"fr-FR"},{"@type":"Organization","@id":"https:\/\/www.alternatievemiddelen.nl\/#organization","name":"Alternatievemiddelen.nl","url":"https:\/\/www.alternatievemiddelen.nl\/","logo":{"@type":"ImageObject","inLanguage":"fr-FR","@id":"https:\/\/www.alternatievemiddelen.nl\/#\/schema\/logo\/image\/","url":"https:\/\/www.alternatievemiddelen.nl\/wp-content\/uploads\/2023\/10\/alternatievemiddelen-PNG-logo.png","contentUrl":"https:\/\/www.alternatievemiddelen.nl\/wp-content\/uploads\/2023\/10\/alternatievemiddelen-PNG-logo.png","width":6400,"height":3062,"caption":"Alternatievemiddelen.nl"},"image":{"@id":"https:\/\/www.alternatievemiddelen.nl\/#\/schema\/logo\/image\/"}}]}},"_links":{"self":[{"href":"https:\/\/www.alternatievemiddelen.nl\/fr\/wp-json\/wp\/v2\/product\/34336","targetHints":{"allow":["GET"]}}],"collection":[{"href":"https:\/\/www.alternatievemiddelen.nl\/fr\/wp-json\/wp\/v2\/product"}],"about":[{"href":"https:\/\/www.alternatievemiddelen.nl\/fr\/wp-json\/wp\/v2\/types\/product"}],"replies":[{"embeddable":true,"href":"https:\/\/www.alternatievemiddelen.nl\/fr\/wp-json\/wp\/v2\/comments?post=34336"}],"wp:featuredmedia":[{"embeddable":true,"href":"https:\/\/www.alternatievemiddelen.nl\/fr\/wp-json\/wp\/v2\/media\/31400"}],"wp:attachment":[{"href":"https:\/\/www.alternatievemiddelen.nl\/fr\/wp-json\/wp\/v2\/media?parent=34336"}],"wp:term":[{"taxonomy":"product_brand","embeddable":true,"href":"https:\/\/www.alternatievemiddelen.nl\/fr\/wp-json\/wp\/v2\/product_brand?post=34336"},{"taxonomy":"product_cat","embeddable":true,"href":"https:\/\/www.alternatievemiddelen.nl\/fr\/wp-json\/wp\/v2\/product_cat?post=34336"},{"taxonomy":"product_tag","embeddable":true,"href":"https:\/\/www.alternatievemiddelen.nl\/fr\/wp-json\/wp\/v2\/product_tag?post=34336"},{"taxonomy":"merk","embeddable":true,"href":"https:\/\/www.alternatievemiddelen.nl\/fr\/wp-json\/wp\/v2\/merk?post=34336"}],"curies":[{"name":"wp","href":"https:\/\/api.w.org\/{rel}","templated":true}]}}