{"id":34337,"date":"2024-02-27T08:21:07","date_gmt":"2024-02-27T07:21:07","guid":{"rendered":"https:\/\/www.alternatievemiddelen.nl\/?post_type=product&#038;p=34337"},"modified":"2025-05-12T15:17:36","modified_gmt":"2025-05-12T13:17:36","slug":"aqua-aurora-kraanvitaliser","status":"publish","type":"product","link":"https:\/\/www.alternatievemiddelen.nl\/fr\/produits\/aqua-aurora-vitalisateur-de-robinet\/","title":{"rendered":"Aqua Aurora Vitalisateur de grue avec accouplements combin\u00e9s"},"content":{"rendered":"<p>Un vitalisateur de robinet Aqua Aurora redonne \u00e0 l'eau sa vibration naturelle. Le vitalisateur fonctionne sur la fr\u00e9quence du calcaire coquillier. Il \u00e9limine les fr\u00e9quences de rayonnement non naturelles et les charges \u00e9nerg\u00e9tiques d'autres substances toxiques. Les personnes, les plantes et les animaux r\u00e9agissent imm\u00e9diatement et deviennent eux-m\u00eames plus vitaux. Il en r\u00e9sulte moins de probl\u00e8mes de sant\u00e9 chez les personnes et moins de maladies et d'\u00e9checs chez les plantes et les animaux.<br \/>\n&nbsp;<\/p>\n<h3>Le vitalisateur de grue Aqua Aurora<\/h3>\n<p>Connectez ce vitalisateur au robinet de la cuisine ou de la salle de bain et vous avez un robinet vitalis\u00e9.<\/p>\n<p>Le coupleur combin\u00e9 se compose de deux parties. Si le robinet a un filetage ext\u00e9rieur, ne montez que la plus grande partie du coupleur combin\u00e9. Si le robinet a un filetage femelle, utilisez \u00e9galement la petite partie du coupleur combin\u00e9.<\/p>\n<p>Le fonctionnement d'un vitalisateur de robinet Aqua Aurora est simple. Le vitalisateur se compose d'un tube en acier inoxydable dans lequel circule de l'eau. Le tube \u00e0 double paroi transportant l'eau est en acier inoxydable 316, certifi\u00e9 pour l'industrie alimentaire. Le vitalisateur est rempli de mati\u00e8re dans laquelle est stock\u00e9e la fr\u00e9quence souhait\u00e9e (chaux de coquillage). Il lib\u00e8re cette fr\u00e9quence dans l'eau qui passe. Le vitalisateur efface les fr\u00e9quences incrimin\u00e9es et les remplace par la fr\u00e9quence de la mati\u00e8re (chaux coquilli\u00e8re) contenue dans le vitalisateur.<br \/>\n&nbsp;<\/p>\n<h3>Eau vitale<\/h3>\n<p>Lors de la vitalisation de l'eau avec le vitalisateur Aqua Aurora Crane, une fr\u00e9quence est transmise. Dans le cas des vitrificateurs Aqua Aurora, \u00e0 la diff\u00e9rence des autres vitrificateurs, les fr\u00e9quences sont principalement travaill\u00e9es sur la base de la chaux de coquillage (ce qui est encore tr\u00e8s proche de l'information primitive originelle de notre terre, en quelque sorte la vibration de notre m\u00e8re la terre). Ces vitalisateurs sont donc uniques par rapport aux autres vitalisateurs. Outre l'augmentation de l'\u00e9nergie, les vitrificateurs peuvent \u00e9galement transmettre des informations.<\/p>\n<p>L'eau qui sort aujourd'hui de nos robinets est fortement influenc\u00e9e par son environnement non naturel. L'eau est purifi\u00e9e chimiquement, puis transport\u00e9e jusqu'aux consommateurs par des syst\u00e8mes de canalisation \u00e9labor\u00e9s. Au cours de ce processus, l'eau perd sa force d'origine et absorbe toutes sortes d'informations contraignantes. Par exemple, nous savons que l'eau est charg\u00e9e de radiations provenant des lignes \u00e9lectriques, des tours de transmission et des g\u00e9n\u00e9rateurs. Mais nous savons aussi que lorsque l'eau est nettoy\u00e9e chimiquement, les charges sont encore pr\u00e9sentes \u00e9nerg\u00e9tiquement. Les vitalisateurs peuvent effacer ces informations pesantes et les remplacer par les fr\u00e9quences de la chaux coquilli\u00e8re. Ainsi, l'eau retrouve sa puissance d'origine et les fr\u00e9quences n\u00e9gatives sont effac\u00e9es.<br \/>\n&nbsp;<\/p>\n<h3>Applications<\/h3>\n<p>Il est possible de vitaliser non seulement l'eau, mais aussi d'autres liquides, des gaz et des solides. Lors de la vitalisation de l'air, on constate une augmentation de la teneur en oxyg\u00e8ne et, dans le cas des semences et des plants, une augmentation du taux de germination, une am\u00e9lioration de la qualit\u00e9 et une augmentation du rendement. La teneur en oxyg\u00e8ne du sang augmente \u00e9galement lorsque l'on subit une <a href=\"https:\/\/www.alternatievemiddelen.nl\/fr\/produits\/aqua-aurora-breath-vitaliser\/\">vitalisateur de souffle<\/a> respirer. Les vitrificateurs de chaux Shell sont universellement applicables et constituent un investissement tr\u00e8s efficace pour les consommateurs et les entreprises. Ils sont bons pour notre sant\u00e9, dans toutes sortes de processus et pour notre environnement.<\/p>\n<p>Pour tous les vitrificateurs de chaux en coquille Aqua Aurora, voir notre gamme, <a href=\"https:\/\/www.alternatievemiddelen.nl\/fr\/categorie-de-produits-2\/vitrificateurs-et-plaques-energetiques\/\">la page de pr\u00e9sentation<\/a>.<br \/>\n&nbsp;<\/p>\n<h3>Sp\u00e9cifications du vitalisateur de grue Aqua Aurora<\/h3>\n<p><u>Informations g\u00e9n\u00e9rales<\/u><br \/>\n\u25cf Application : \u00e0 raccorder \u00e0 des robinets (ext\u00e9rieurs).<br \/>\n\u25cf Entretien : aucun<br \/>\n\u25cf Dur\u00e9e de vie : avec une utilisation normale, ils durent toute une vie.<br \/>\nGarantie sur les mat\u00e9riaux : 5 ans<br \/>\n\u25cf Laissez toujours l'eau et l'air s'\u00e9couler \u00e0 travers le vitalisateur du c\u00f4t\u00e9 \u00e9pais vers le c\u00f4t\u00e9 fin !<br \/>\nDesign : Un vitalisateur coule toujours un peu, mais ce produit est \u00e9galement disponible en version anti-goutte (c'est-\u00e0-dire avec le perlateur).<br \/>\n\u25cf Remarques : d'application universelle, permet d'obtenir un go\u00fbt neutre et doux de l'eau.<br \/>\n<u>Sp\u00e9cifications techniques<\/u><br \/>\n\u25cf Mat\u00e9riau : acier inoxydable 316 (conforme aux exigences de l'industrie alimentaire).<br \/>\n\u25cf Passage : 10 mm<br \/>\n\u25cf Raccordement : 3\/8 pouce<br \/>\n<u>Dimensions ext\u00e9rieures<\/u><br \/>\n\u25cf Longueur : environ 70 mm<br \/>\n\u25cf Largeur : environ 40 mm<br \/>\nClasse de pression : PN 10<br \/>\n\u25cf Sens d'\u00e9coulement de l'entr\u00e9e : c\u00f4t\u00e9 obtus.<br \/>\n\u25cf Sens d'\u00e9coulement de la sortie : c\u00f4t\u00e9 conique<br \/>\nMat\u00e9riaux de raccordement : par l'interm\u00e9diaire d'un raccord combin\u00e9 fourni, filetage int\u00e9rieur et ext\u00e9rieur<br \/>\n&nbsp;<\/p>\n<h3>Instructions de montage et d'utilisation du vitalisateur de grue Aqua Aurora<\/h3>\n<p>Retirer le pergulateur du robinet et brancher le connecteur sur le robinet. Visser ensuite le vitalisateur de robinet sur le connecteur. Le coupleur combin\u00e9 convient aux robinets de la s\u00e9rie 90%. Si le coupleur standard n'est pas adapt\u00e9 au robinet, demandez \u00e0 un plombier de vous indiquer le coupleur adapt\u00e9 \u00e0 votre robinet ou recherchez en ligne sur les sites Internet de Wasco ou OEG, par exemple, le coupleur ad\u00e9quat. Utilisez du ruban adh\u00e9sif si n\u00e9cessaire.<\/p>","protected":false},"excerpt":{"rendered":"<p>Aqua Aurora Vitalisant pour robinet (\u00e0 base de calcaire coquillier), vous vitalisez instantan\u00e9ment l'eau du robinet et en r\u00e9coltez les b\u00e9n\u00e9fices. Une eau vitale !<\/p>","protected":false},"featured_media":31395,"comment_status":"open","ping_status":"closed","template":"","meta":[],"product_brand":[],"product_cat":[2870,3461],"product_tag":[2874,2875,2890,2911,2877,2878,2879,2880,2881,2882,2883,2891,2884,2885],"merk":[3447],"class_list":{"0":"post-34337","1":"product","2":"type-product","3":"status-publish","4":"has-post-thumbnail","6":"product_cat-vitalisers-en-energetische-platen","7":"product_cat-watervitalisers","8":"product_tag-frequentie","9":"product_tag-gezondheid","10":"product_tag-kraan","11":"product_tag-kraanvitaliser","12":"product_tag-moeder-aarde","13":"product_tag-natuur","14":"product_tag-roestvrij-staal","15":"product_tag-rvs","16":"product_tag-schelpkalk","17":"product_tag-trilling","18":"product_tag-vitaal","19":"product_tag-vitaal-water","20":"product_tag-vitaliseren","21":"product_tag-water","22":"merk-aqua-aurora","24":"first","25":"instock","26":"taxable","27":"shipping-taxable","28":"purchasable","29":"product-type-variable"},"bundled_by":[],"bundle_stock_status":"instock","bundle_stock_quantity":null,"bundle_virtual":false,"bundle_layout":"","bundle_add_to_cart_form_location":"","bundle_editable_in_cart":false,"bundle_sold_individually_context":"","bundle_item_grouping":"","bundle_min_size":"","bundle_max_size":"","bundle_price":[],"bundled_items":[],"bundle_sell_ids":[44176,34326,34327,34350,34336],"yoast_head":"<!-- This site is optimized with the Yoast SEO plugin v26.1 - https:\/\/yoast.com\/wordpress\/plugins\/seo\/ -->\n<title>Aqua Aurora Kraanvitaliser met combikoppelingen - Alternatievemiddelen.nl<\/title>\n<meta name=\"description\" content=\"Aqua Aurora Kraanvitaliser (o.b.v. schelpkalk), je vitaliseert direct het kraanwater en profiteert van de voordelen. Vitaal water!\" \/>\n<meta name=\"robots\" content=\"index, follow, max-snippet:-1, max-image-preview:large, max-video-preview:-1\" \/>\n<link rel=\"canonical\" href=\"https:\/\/www.alternatievemiddelen.nl\/fr\/wp-json\/wp\/v2\/product\/34337\" \/>\n<meta property=\"og:locale\" content=\"fr_FR\" \/>\n<meta property=\"og:type\" content=\"article\" \/>\n<meta property=\"og:title\" content=\"Aqua Aurora Kraanvitaliser met combikoppelingen - Alternatievemiddelen.nl\" \/>\n<meta property=\"og:description\" content=\"Aqua Aurora Kraanvitaliser (o.b.v. schelpkalk), je vitaliseert direct het kraanwater en profiteert van de voordelen. Vitaal water!\" \/>\n<meta property=\"og:url\" content=\"https:\/\/www.alternatievemiddelen.nl\/fr\/produits\/aqua-aurora-vitalisateur-de-robinet\/\" \/>\n<meta property=\"og:site_name\" content=\"Alternatievemiddelen.nl\" \/>\n<meta property=\"article:modified_time\" content=\"2025-05-12T13:17:36+00:00\" \/>\n<meta property=\"og:image\" content=\"\/wp-content\/uploads\/2023\/12\/Aqua-Aurora-Kraanvitaliser.jpg\" \/>\n\t<meta property=\"og:image:width\" content=\"1200\" \/>\n\t<meta property=\"og:image:height\" content=\"1600\" \/>\n\t<meta property=\"og:image:type\" content=\"image\/jpeg\" \/>\n<meta name=\"twitter:card\" content=\"summary_large_image\" \/>\n<meta name=\"twitter:label1\" content=\"Dur\u00e9e de lecture estim\u00e9e\" \/>\n\t<meta name=\"twitter:data1\" content=\"4 minutes\" \/>\n<script type=\"application\/ld+json\" class=\"yoast-schema-graph\">{\"@context\":\"https:\/\/schema.org\",\"@graph\":[{\"@type\":[\"WebPage\",\"ItemPage\"],\"@id\":\"https:\/\/www.alternatievemiddelen.nl\/producten\/aqua-aurora-kraanvitaliser\/\",\"url\":\"https:\/\/www.alternatievemiddelen.nl\/producten\/aqua-aurora-kraanvitaliser\/\",\"name\":\"Aqua Aurora Kraanvitaliser met combikoppelingen - Alternatievemiddelen.nl\",\"isPartOf\":{\"@id\":\"https:\/\/www.alternatievemiddelen.nl\/#website\"},\"primaryImageOfPage\":{\"@id\":\"https:\/\/www.alternatievemiddelen.nl\/producten\/aqua-aurora-kraanvitaliser\/#primaryimage\"},\"image\":{\"@id\":\"https:\/\/www.alternatievemiddelen.nl\/producten\/aqua-aurora-kraanvitaliser\/#primaryimage\"},\"thumbnailUrl\":\"https:\/\/www.alternatievemiddelen.nl\/wp-content\/uploads\/2023\/12\/Aqua-Aurora-Kraanvitaliser.jpg\",\"datePublished\":\"2024-02-27T07:21:07+00:00\",\"dateModified\":\"2025-05-12T13:17:36+00:00\",\"description\":\"Aqua Aurora Kraanvitaliser (o.b.v. schelpkalk), je vitaliseert direct het kraanwater en profiteert van de voordelen. Vitaal water!\",\"breadcrumb\":{\"@id\":\"https:\/\/www.alternatievemiddelen.nl\/producten\/aqua-aurora-kraanvitaliser\/#breadcrumb\"},\"inLanguage\":\"fr-FR\",\"potentialAction\":[{\"@type\":\"ReadAction\",\"target\":[\"https:\/\/www.alternatievemiddelen.nl\/producten\/aqua-aurora-kraanvitaliser\/\"]}]},{\"@type\":\"ImageObject\",\"inLanguage\":\"fr-FR\",\"@id\":\"https:\/\/www.alternatievemiddelen.nl\/producten\/aqua-aurora-kraanvitaliser\/#primaryimage\",\"url\":\"https:\/\/www.alternatievemiddelen.nl\/wp-content\/uploads\/2023\/12\/Aqua-Aurora-Kraanvitaliser.jpg\",\"contentUrl\":\"https:\/\/www.alternatievemiddelen.nl\/wp-content\/uploads\/2023\/12\/Aqua-Aurora-Kraanvitaliser.jpg\",\"width\":1200,\"height\":1600,\"caption\":\"Kraanvitaliser Aqua Aurora\"},{\"@type\":\"BreadcrumbList\",\"@id\":\"https:\/\/www.alternatievemiddelen.nl\/producten\/aqua-aurora-kraanvitaliser\/#breadcrumb\",\"itemListElement\":[{\"@type\":\"ListItem\",\"position\":1,\"name\":\"Home\",\"item\":\"https:\/\/www.alternatievemiddelen.nl\/\"},{\"@type\":\"ListItem\",\"position\":2,\"name\":\"Producten\",\"item\":\"https:\/\/www.alternatievemiddelen.nl\/producten\/\"},{\"@type\":\"ListItem\",\"position\":3,\"name\":\"Aqua Aurora Kraanvitaliser met combikoppelingen\"}]},{\"@type\":\"WebSite\",\"@id\":\"https:\/\/www.alternatievemiddelen.nl\/#website\",\"url\":\"https:\/\/www.alternatievemiddelen.nl\/\",\"name\":\"Alternatievemiddelen.nl\",\"description\":\"Webshop met gezonde, duurzame en ecologische alternatieve mogelijkheden in de hedendaagse levenstijl. Alles uit eigen ervaring.\",\"publisher\":{\"@id\":\"https:\/\/www.alternatievemiddelen.nl\/#organization\"},\"potentialAction\":[{\"@type\":\"SearchAction\",\"target\":{\"@type\":\"EntryPoint\",\"urlTemplate\":\"https:\/\/www.alternatievemiddelen.nl\/?s={search_term_string}\"},\"query-input\":{\"@type\":\"PropertyValueSpecification\",\"valueRequired\":true,\"valueName\":\"search_term_string\"}}],\"inLanguage\":\"fr-FR\"},{\"@type\":\"Organization\",\"@id\":\"https:\/\/www.alternatievemiddelen.nl\/#organization\",\"name\":\"Alternatievemiddelen.nl\",\"url\":\"https:\/\/www.alternatievemiddelen.nl\/\",\"logo\":{\"@type\":\"ImageObject\",\"inLanguage\":\"fr-FR\",\"@id\":\"https:\/\/www.alternatievemiddelen.nl\/#\/schema\/logo\/image\/\",\"url\":\"https:\/\/www.alternatievemiddelen.nl\/wp-content\/uploads\/2023\/10\/alternatievemiddelen-PNG-logo.png\",\"contentUrl\":\"https:\/\/www.alternatievemiddelen.nl\/wp-content\/uploads\/2023\/10\/alternatievemiddelen-PNG-logo.png\",\"width\":6400,\"height\":3062,\"caption\":\"Alternatievemiddelen.nl\"},\"image\":{\"@id\":\"https:\/\/www.alternatievemiddelen.nl\/#\/schema\/logo\/image\/\"}}]}<\/script>\n<!-- \/ Yoast SEO plugin. -->","yoast_head_json":{"title":"Aqua Aurora Kraanvitaliser met combikoppelingen - Alternatievemiddelen.nl","description":"Aqua Aurora Kraanvitaliser (o.b.v. schelpkalk), je vitaliseert direct het kraanwater en profiteert van de voordelen. Vitaal water!","robots":{"index":"index","follow":"follow","max-snippet":"max-snippet:-1","max-image-preview":"max-image-preview:large","max-video-preview":"max-video-preview:-1"},"canonical":"https:\/\/www.alternatievemiddelen.nl\/fr\/wp-json\/wp\/v2\/product\/34337","og_locale":"fr_FR","og_type":"article","og_title":"Aqua Aurora Kraanvitaliser met combikoppelingen - Alternatievemiddelen.nl","og_description":"Aqua Aurora Kraanvitaliser (o.b.v. schelpkalk), je vitaliseert direct het kraanwater en profiteert van de voordelen. Vitaal water!","og_url":"https:\/\/www.alternatievemiddelen.nl\/fr\/produits\/aqua-aurora-vitalisateur-de-robinet\/","og_site_name":"Alternatievemiddelen.nl","article_modified_time":"2025-05-12T13:17:36+00:00","og_image":[{"width":1200,"height":1600,"url":"\/wp-content\/uploads\/2023\/12\/Aqua-Aurora-Kraanvitaliser.jpg","type":"image\/jpeg"}],"twitter_card":"summary_large_image","twitter_misc":{"Dur\u00e9e de lecture estim\u00e9e":"4 minutes"},"schema":{"@context":"https:\/\/schema.org","@graph":[{"@type":["WebPage","ItemPage"],"@id":"https:\/\/www.alternatievemiddelen.nl\/producten\/aqua-aurora-kraanvitaliser\/","url":"https:\/\/www.alternatievemiddelen.nl\/producten\/aqua-aurora-kraanvitaliser\/","name":"Aqua Aurora Kraanvitaliser met combikoppelingen - Alternatievemiddelen.nl","isPartOf":{"@id":"https:\/\/www.alternatievemiddelen.nl\/#website"},"primaryImageOfPage":{"@id":"https:\/\/www.alternatievemiddelen.nl\/producten\/aqua-aurora-kraanvitaliser\/#primaryimage"},"image":{"@id":"https:\/\/www.alternatievemiddelen.nl\/producten\/aqua-aurora-kraanvitaliser\/#primaryimage"},"thumbnailUrl":"https:\/\/www.alternatievemiddelen.nl\/wp-content\/uploads\/2023\/12\/Aqua-Aurora-Kraanvitaliser.jpg","datePublished":"2024-02-27T07:21:07+00:00","dateModified":"2025-05-12T13:17:36+00:00","description":"Aqua Aurora Kraanvitaliser (o.b.v. schelpkalk), je vitaliseert direct het kraanwater en profiteert van de voordelen. Vitaal water!","breadcrumb":{"@id":"https:\/\/www.alternatievemiddelen.nl\/producten\/aqua-aurora-kraanvitaliser\/#breadcrumb"},"inLanguage":"fr-FR","potentialAction":[{"@type":"ReadAction","target":["https:\/\/www.alternatievemiddelen.nl\/producten\/aqua-aurora-kraanvitaliser\/"]}]},{"@type":"ImageObject","inLanguage":"fr-FR","@id":"https:\/\/www.alternatievemiddelen.nl\/producten\/aqua-aurora-kraanvitaliser\/#primaryimage","url":"https:\/\/www.alternatievemiddelen.nl\/wp-content\/uploads\/2023\/12\/Aqua-Aurora-Kraanvitaliser.jpg","contentUrl":"https:\/\/www.alternatievemiddelen.nl\/wp-content\/uploads\/2023\/12\/Aqua-Aurora-Kraanvitaliser.jpg","width":1200,"height":1600,"caption":"Kraanvitaliser Aqua Aurora"},{"@type":"BreadcrumbList","@id":"https:\/\/www.alternatievemiddelen.nl\/producten\/aqua-aurora-kraanvitaliser\/#breadcrumb","itemListElement":[{"@type":"ListItem","position":1,"name":"Home","item":"https:\/\/www.alternatievemiddelen.nl\/"},{"@type":"ListItem","position":2,"name":"Producten","item":"https:\/\/www.alternatievemiddelen.nl\/producten\/"},{"@type":"ListItem","position":3,"name":"Aqua Aurora Kraanvitaliser met combikoppelingen"}]},{"@type":"WebSite","@id":"https:\/\/www.alternatievemiddelen.nl\/#website","url":"https:\/\/www.alternatievemiddelen.nl\/","name":"Alternatievemiddelen.nl","description":"Webshop met gezonde, duurzame en ecologische alternatieve mogelijkheden in de hedendaagse levenstijl. Alles uit eigen ervaring.","publisher":{"@id":"https:\/\/www.alternatievemiddelen.nl\/#organization"},"potentialAction":[{"@type":"SearchAction","target":{"@type":"EntryPoint","urlTemplate":"https:\/\/www.alternatievemiddelen.nl\/?s={search_term_string}"},"query-input":{"@type":"PropertyValueSpecification","valueRequired":true,"valueName":"search_term_string"}}],"inLanguage":"fr-FR"},{"@type":"Organization","@id":"https:\/\/www.alternatievemiddelen.nl\/#organization","name":"Alternatievemiddelen.nl","url":"https:\/\/www.alternatievemiddelen.nl\/","logo":{"@type":"ImageObject","inLanguage":"fr-FR","@id":"https:\/\/www.alternatievemiddelen.nl\/#\/schema\/logo\/image\/","url":"https:\/\/www.alternatievemiddelen.nl\/wp-content\/uploads\/2023\/10\/alternatievemiddelen-PNG-logo.png","contentUrl":"https:\/\/www.alternatievemiddelen.nl\/wp-content\/uploads\/2023\/10\/alternatievemiddelen-PNG-logo.png","width":6400,"height":3062,"caption":"Alternatievemiddelen.nl"},"image":{"@id":"https:\/\/www.alternatievemiddelen.nl\/#\/schema\/logo\/image\/"}}]}},"_links":{"self":[{"href":"https:\/\/www.alternatievemiddelen.nl\/fr\/wp-json\/wp\/v2\/product\/34337","targetHints":{"allow":["GET"]}}],"collection":[{"href":"https:\/\/www.alternatievemiddelen.nl\/fr\/wp-json\/wp\/v2\/product"}],"about":[{"href":"https:\/\/www.alternatievemiddelen.nl\/fr\/wp-json\/wp\/v2\/types\/product"}],"replies":[{"embeddable":true,"href":"https:\/\/www.alternatievemiddelen.nl\/fr\/wp-json\/wp\/v2\/comments?post=34337"}],"wp:featuredmedia":[{"embeddable":true,"href":"https:\/\/www.alternatievemiddelen.nl\/fr\/wp-json\/wp\/v2\/media\/31395"}],"wp:attachment":[{"href":"https:\/\/www.alternatievemiddelen.nl\/fr\/wp-json\/wp\/v2\/media?parent=34337"}],"wp:term":[{"taxonomy":"product_brand","embeddable":true,"href":"https:\/\/www.alternatievemiddelen.nl\/fr\/wp-json\/wp\/v2\/product_brand?post=34337"},{"taxonomy":"product_cat","embeddable":true,"href":"https:\/\/www.alternatievemiddelen.nl\/fr\/wp-json\/wp\/v2\/product_cat?post=34337"},{"taxonomy":"product_tag","embeddable":true,"href":"https:\/\/www.alternatievemiddelen.nl\/fr\/wp-json\/wp\/v2\/product_tag?post=34337"},{"taxonomy":"merk","embeddable":true,"href":"https:\/\/www.alternatievemiddelen.nl\/fr\/wp-json\/wp\/v2\/merk?post=34337"}],"curies":[{"name":"wp","href":"https:\/\/api.w.org\/{rel}","templated":true}]}}