{"id":34341,"date":"2024-02-27T08:21:09","date_gmt":"2024-02-27T07:21:09","guid":{"rendered":"https:\/\/www.alternatievemiddelen.nl\/?post_type=product&#038;p=34341"},"modified":"2026-02-24T15:13:38","modified_gmt":"2026-02-24T14:13:38","slug":"black-berkey-waterfilter-elementen","status":"publish","type":"product","link":"https:\/\/www.alternatievemiddelen.nl\/fr\/produits\/elements-de-filtre-a-eau-black-berkey\/","title":{"rendered":"El\u00e9ments de filtre \u00e0 eau Berkey noir (2 pi\u00e8ces)"},"content":{"rendered":"<p>\u00c9l\u00e9ments filtrants noirs pour l'eau Berkey - Berkey est l'une des marques de filtres \u00e0 eau et de syst\u00e8mes de purification les plus vendues dans le monde. Elle est recommand\u00e9e par plusieurs magazines de sant\u00e9, laboratoires et sites Internet ind\u00e9pendants consacr\u00e9s \u00e0 la sant\u00e9. Elle compte des millions de clients satisfaits dans le monde entier.<\/p>\n<p>Les filtres \u00e0 eau Berkey filtrent plus de 99,9% du chlore, des virus, des bact\u00e9ries, des kystes, des r\u00e9sidus de m\u00e9dicaments, des parasites et des contaminants chimiques dangereux.  Les m\u00e9taux lourds sont filtr\u00e9s pendant 95% (jusqu'\u00e0 100% m\u00eame avec un filtre \u00e0 eau de Berkey).\u00a0<a href=\"https:\/\/www.alternatievemiddelen.nl\/fr\/produits\/elements-filtrants-pour-le-fluorure-et-larsenic\/\">filtres \u00e0 fluorure et \u00e0 arsenic<\/a>). Cela permet de pr\u00e9server les min\u00e9raux essentiels dont votre corps a besoin.<\/p>\n<p><b>En tant que revendeur officiel de Berkey, nous ne vendons que des \u00e9l\u00e9ments filtrants Black Berkey d'origine.<\/b><br \/>\n&nbsp;<\/p>\n<h4>Les \u00e9l\u00e9ments filtrants Berkey noirs sont uniques<\/h4>\n<p>Ces \u00e9l\u00e9ments filtrants utilisent les derni\u00e8res avanc\u00e9es technologiques en mati\u00e8re de purification de l'eau. Les filtres \u00e0 eau Berkey sont donc consid\u00e9r\u00e9s comme les meilleurs et les plus durables syst\u00e8mes de filtration d'eau sur le march\u00e9 et sont les filtres \u00e0 eau portables les plus performants.<\/p>\n<p>Le filtre \u00e0 eau Berkey est livr\u00e9 en standard avec 2 \u00e9l\u00e9ments filtrants Black Berkey d'origine. Vous pouvez bien s\u00fbr les commander s\u00e9par\u00e9ment pour \u00e9tendre votre filtre \u00e0 eau Berkey \u00e0 4, 6 ou 8 \u00e9l\u00e9ments filtrants, si n\u00e9cessaire. Ainsi, m\u00eame si vos \u00e9l\u00e9ments actuels ont besoin d'\u00eatre remplac\u00e9s, ils peuvent \u00eatre command\u00e9s s\u00e9par\u00e9ment.<\/p>\n<p>Les \u00e9l\u00e9ments filtrants Black Berkey sont l'un des meilleurs \u00e9l\u00e9ments filtrants par gravit\u00e9 au monde. Les syst\u00e8mes Berkey \u00e9quip\u00e9s de ces \u00e9l\u00e9ments \u00e9liminent bien plus que les filtres \u00e0 eau standard. Les micropores des \u00e9l\u00e9ments Black Berkey sont si petits que les bact\u00e9ries ne peuvent tout simplement pas les traverser. Ils sont \u00e9galement si puissants qu'ils peuvent \u00e9liminer les colorants rouges de l'eau sans \u00e9liminer les min\u00e9raux b\u00e9n\u00e9fiques dont votre corps a besoin.<\/p>\n<p>Les \u00e9l\u00e9ments filtrants Black Berkey \u00e9liminent ou r\u00e9duisent \u00e9galement les virus, les kystes pathog\u00e8nes, les parasites, les produits chimiques nocifs ou ind\u00e9sirables tels que les herbicides et les pesticides, les COV, les d\u00e9tergents, les solvants organiques, la turbidit\u00e9, les trihalom\u00e9thanes, les boues, les s\u00e9diments, les m\u00e9taux lourds, les saveurs et les odeurs fines, mais ils laissent derri\u00e8re eux les min\u00e9raux sains et bons dont votre corps a besoin. Ils sont test\u00e9s par un laboratoire ind\u00e9pendant conform\u00e9ment aux normes 42 et 53 de la NSF\/ANSI. <a href=\"https:\/\/www.alternatievemiddelen.nl\/wp-content\/uploads\/2023\/07\/Testrapport-Black-Berkey-filterelementen.pdf\" target=\"_blank\" rel=\"noopener\">rapport de laboratoire<\/a> pour plus de d\u00e9tails.<\/p>\n<p>Chaque \u00e9l\u00e9ment Black Berkey filtre jusqu'\u00e0 11 350 litres d'eau. Avec 2 filtres, une utilisation moyenne et un entretien correct des filtres, vous obtiendrez une dur\u00e9e de vie de 5 \u00e0 10 ans. Cependant, nous recommandons de remplacer les filtres Black Berkey tous les 3 ans maximum. En effet, nous vivons \u00e0 une \u00e9poque diff\u00e9rente de celle d'il y a quelques ann\u00e9es. Le nombre de polluants n'a fait qu'augmenter et ils sont devenus de plus en plus graves (pensez aux PFAS, par exemple, ou \u00e0 l'augmentation consid\u00e9rable des r\u00e9sidus de m\u00e9dicaments, des pesticides, etc.) ). Cela a un effet consid\u00e9rable sur les filtres, d'o\u00f9 l'int\u00e9r\u00eat de les remplacer un peu plus t\u00f4t.<br \/>\n&nbsp;<\/p>\n<h4>La bo\u00eete des \u00e9l\u00e9ments filtrants Black Berkey contient les \u00e9l\u00e9ments suivants :<\/h4>\n<p>\u25cf 2x \u00e9l\u00e9ments filtrants Berkey noirs<br \/>\n\u25cf 2x <a href=\"https:\/\/www.alternatievemiddelen.nl\/fr\/produits\/anneau-pour-elements-filtrants-black-berkey\/\">Anneaux en caoutchouc noir<\/a>: entre l'\u00e9l\u00e9ment filtrant et le conteneur en acier inoxydable<br \/>\n\u25cf 2x <a href=\"https:\/\/www.alternatievemiddelen.nl\/fr\/produits\/ecrou-papillon-pour-elements-filtrants-black-berkey\/\">Ecrous \u00e0 ailettes<\/a>: pour le serrage de l'\u00e9l\u00e9ment filtrant<br \/>\n\u25cf 1x <a href=\"https:\/\/www.alternatievemiddelen.nl\/fr\/produits\/bouton-damorcage-black-berkey-elements\/\">Bouton d'amor\u00e7age<\/a>: anneau en caoutchouc marron pour l'amor\u00e7age des \u00e9l\u00e9ments filtrants avec le robinet<br \/>\n\u25cf 1x <a href=\"https:\/\/www.alternatievemiddelen.nl\/fr\/produits\/berkey-primerrite-universal-primer-pf-2-adapter\/\">Berkey PrimeRite Universal Primer + adaptateur PF-2<\/a>Le filtre \u00e0 eau est un accessoire en caoutchouc bleu pour le robinet permettant d'amorcer les \u00e9l\u00e9ments filtrants, avec un adaptateur permettant d'amorcer \u00e9galement le filtre \u00e0 eau de l'appareil. <a href=\"https:\/\/www.alternatievemiddelen.nl\/fr\/produits\/elements-filtrants-pour-le-fluorure-et-larsenic\/\">Filtres \u00e0 fluor et \u00e0 arsenic<\/a> pour pouvoir amorcer<br \/>\n\u25cf 1x le manuel en anglais<br \/>\n&nbsp;<br \/>\n<u><b>Pr\u00e9paration \u00e0 l'utilisation<\/b><\/u><br \/>\nLa premi\u00e8re \u00e9tape consiste \u00e0 amorcer les \u00e9l\u00e9ments filtrants Black Berkey. Il est important que cette op\u00e9ration soit effectu\u00e9e correctement, sinon la purification de l'eau prendra beaucoup de temps. Pour toute information sur les filtres \u00e0 eau Berkey, veuillez vous r\u00e9f\u00e9rer \u00e0 notre site web. <a href=\"https:\/\/www.alternatievemiddelen.nl\/fr\/la-bibliotheque\/\">biblioth\u00e8que<\/a>qui comprend des manuels, des vid\u00e9os d'instruction et des r\u00e9ponses aux questions les plus fr\u00e9quemment pos\u00e9es. En cas d'\u00e9chec de l'amor\u00e7age avec le robinet, un <a href=\"https:\/\/www.alternatievemiddelen.nl\/fr\/produits\/pompe-damorcage-de-filtre-automatique-boroux\/\">pompe d'amor\u00e7age automatique<\/a> ou <a href=\"https:\/\/www.alternatievemiddelen.nl\/fr\/produits\/amorce-black-berkey\/\">pompe d'amor\u00e7age manuelle<\/a> commander chez nous.<br \/>\n&nbsp;<br \/>\n<strong><\/p>\n<h4>-&gt; Vous pouvez \u00e9galement placer ces \u00e9l\u00e9ments filtrants dans le filtre \u00e0 eau ProOne<\/a> et\/ou dans un filtre \u00e0 eau British Berkefeld.<\/strong><\/h4>","protected":false},"excerpt":{"rendered":"<p>Les \u00e9l\u00e9ments filtrants Black Berkey utilisent les derniers d\u00e9veloppements technologiques en mati\u00e8re de traitement de l'eau. A commander par lot de 2.<\/p>","protected":false},"featured_media":44055,"comment_status":"open","ping_status":"closed","template":"","meta":[],"product_brand":[],"product_cat":[2971,3099],"product_tag":[2961,2974,3008,3100,2976,2967,2885,2979,3012,2980,3101],"merk":[3432],"class_list":{"0":"post-34341","1":"product","2":"type-product","3":"status-publish","4":"has-post-thumbnail","6":"product_cat-waterfilters","7":"product_cat-waterfilter-elementen","8":"product_tag-berkey","9":"product_tag-black-berkey","10":"product_tag-drinkwater","11":"product_tag-elementen","12":"product_tag-filterelement","13":"product_tag-schoon","14":"product_tag-water","15":"product_tag-waterfilter","16":"product_tag-waterfilters","17":"product_tag-waterzuivering","18":"product_tag-zuiverelementen","19":"merk-berkey","21":"first","22":"outofstock","23":"taxable","24":"shipping-taxable","25":"purchasable","26":"product-type-simple"},"bundled_by":["34363","34412"],"bundle_stock_status":"outofstock","bundle_stock_quantity":0,"bundle_virtual":false,"bundle_layout":"","bundle_add_to_cart_form_location":"","bundle_editable_in_cart":false,"bundle_sold_individually_context":"","bundle_item_grouping":"","bundle_min_size":"","bundle_max_size":"","bundle_price":[],"bundled_items":[],"bundle_sell_ids":[44176,34415,48794,48825,48681,34414,34416],"yoast_head":"<!-- This site is optimized with the Yoast SEO plugin v26.1 - https:\/\/yoast.com\/wordpress\/plugins\/seo\/ -->\n<title>Black Berkey Waterfilter Elementen (2 stuks) - Alternatievemiddelen.nl<\/title>\n<meta name=\"description\" content=\"Black Berkey filerelementen maken gebruik van de nieuwste technologische ontwikkelingen in waterzuivering. Per set van 2 te bestellen.\" \/>\n<meta name=\"robots\" content=\"index, follow, max-snippet:-1, max-image-preview:large, max-video-preview:-1\" \/>\n<link rel=\"canonical\" href=\"https:\/\/www.alternatievemiddelen.nl\/fr\/wp-json\/wp\/v2\/product\/34341\" \/>\n<meta property=\"og:locale\" content=\"fr_FR\" \/>\n<meta property=\"og:type\" content=\"article\" \/>\n<meta property=\"og:title\" content=\"Black Berkey Waterfilter Elementen (2 stuks) - Alternatievemiddelen.nl\" \/>\n<meta property=\"og:description\" content=\"Black Berkey filerelementen maken gebruik van de nieuwste technologische ontwikkelingen in waterzuivering. Per set van 2 te bestellen.\" \/>\n<meta property=\"og:url\" content=\"https:\/\/www.alternatievemiddelen.nl\/fr\/produits\/elements-de-filtre-a-eau-black-berkey\/\" \/>\n<meta property=\"og:site_name\" content=\"Alternatievemiddelen.nl\" \/>\n<meta property=\"article:publisher\" content=\"https:\/\/www.facebook.com\/alternatievemiddelen\" \/>\n<meta property=\"article:modified_time\" content=\"2026-02-24T14:13:38+00:00\" \/>\n<meta property=\"og:image\" content=\"\/wp-content\/uploads\/2024\/02\/Black-Berkey-filterelementen-met-accessoires-1.jpg\" \/>\n\t<meta property=\"og:image:width\" content=\"1200\" \/>\n\t<meta property=\"og:image:height\" content=\"1600\" \/>\n\t<meta property=\"og:image:type\" content=\"image\/jpeg\" \/>\n<meta name=\"twitter:card\" content=\"summary_large_image\" \/>\n<meta name=\"twitter:label1\" content=\"Dur\u00e9e de lecture estim\u00e9e\" \/>\n\t<meta name=\"twitter:data1\" content=\"4 minutes\" \/>\n<script type=\"application\/ld+json\" class=\"yoast-schema-graph\">{\"@context\":\"https:\/\/schema.org\",\"@graph\":[{\"@type\":[\"WebPage\",\"ItemPage\"],\"@id\":\"https:\/\/www.alternatievemiddelen.nl\/producten\/black-berkey-waterfilter-elementen\/\",\"url\":\"https:\/\/www.alternatievemiddelen.nl\/producten\/black-berkey-waterfilter-elementen\/\",\"name\":\"Black Berkey Waterfilter Elementen (2 stuks) - Alternatievemiddelen.nl\",\"isPartOf\":{\"@id\":\"https:\/\/www.alternatievemiddelen.nl\/#website\"},\"primaryImageOfPage\":{\"@id\":\"https:\/\/www.alternatievemiddelen.nl\/producten\/black-berkey-waterfilter-elementen\/#primaryimage\"},\"image\":{\"@id\":\"https:\/\/www.alternatievemiddelen.nl\/producten\/black-berkey-waterfilter-elementen\/#primaryimage\"},\"thumbnailUrl\":\"https:\/\/www.alternatievemiddelen.nl\/wp-content\/uploads\/2024\/02\/Black-Berkey-filterelementen-met-accessoires-1.jpg\",\"datePublished\":\"2024-02-27T07:21:09+00:00\",\"dateModified\":\"2026-02-24T14:13:38+00:00\",\"description\":\"Black Berkey filerelementen maken gebruik van de nieuwste technologische ontwikkelingen in waterzuivering. Per set van 2 te bestellen.\",\"breadcrumb\":{\"@id\":\"https:\/\/www.alternatievemiddelen.nl\/producten\/black-berkey-waterfilter-elementen\/#breadcrumb\"},\"inLanguage\":\"fr-FR\",\"potentialAction\":[{\"@type\":\"ReadAction\",\"target\":[\"https:\/\/www.alternatievemiddelen.nl\/producten\/black-berkey-waterfilter-elementen\/\"]}]},{\"@type\":\"ImageObject\",\"inLanguage\":\"fr-FR\",\"@id\":\"https:\/\/www.alternatievemiddelen.nl\/producten\/black-berkey-waterfilter-elementen\/#primaryimage\",\"url\":\"https:\/\/www.alternatievemiddelen.nl\/wp-content\/uploads\/2024\/02\/Black-Berkey-filterelementen-met-accessoires-1.jpg\",\"contentUrl\":\"https:\/\/www.alternatievemiddelen.nl\/wp-content\/uploads\/2024\/02\/Black-Berkey-filterelementen-met-accessoires-1.jpg\",\"width\":1200,\"height\":1600,\"caption\":\"Black Berkey filterelementen met priming accessoires\"},{\"@type\":\"BreadcrumbList\",\"@id\":\"https:\/\/www.alternatievemiddelen.nl\/producten\/black-berkey-waterfilter-elementen\/#breadcrumb\",\"itemListElement\":[{\"@type\":\"ListItem\",\"position\":1,\"name\":\"Home\",\"item\":\"https:\/\/www.alternatievemiddelen.nl\/\"},{\"@type\":\"ListItem\",\"position\":2,\"name\":\"Producten\",\"item\":\"https:\/\/www.alternatievemiddelen.nl\/producten\/\"},{\"@type\":\"ListItem\",\"position\":3,\"name\":\"Black Berkey Waterfilter Elementen (2 stuks)\"}]},{\"@type\":\"WebSite\",\"@id\":\"https:\/\/www.alternatievemiddelen.nl\/#website\",\"url\":\"https:\/\/www.alternatievemiddelen.nl\/\",\"name\":\"Alternatievemiddelen.nl\",\"description\":\"Webshop met gezonde, duurzame en ecologische alternatieve mogelijkheden in de hedendaagse levenstijl. Alles uit eigen ervaring.\",\"publisher\":{\"@id\":\"https:\/\/www.alternatievemiddelen.nl\/#organization\"},\"alternateName\":\"Alternatieve Middelen\",\"potentialAction\":[{\"@type\":\"SearchAction\",\"target\":{\"@type\":\"EntryPoint\",\"urlTemplate\":\"https:\/\/www.alternatievemiddelen.nl\/?s={search_term_string}\"},\"query-input\":{\"@type\":\"PropertyValueSpecification\",\"valueRequired\":true,\"valueName\":\"search_term_string\"}}],\"inLanguage\":\"fr-FR\"},{\"@type\":\"Organization\",\"@id\":\"https:\/\/www.alternatievemiddelen.nl\/#organization\",\"name\":\"Alternatievemiddelen.nl\",\"alternateName\":\"Alternatieve Middelen\",\"url\":\"https:\/\/www.alternatievemiddelen.nl\/\",\"logo\":{\"@type\":\"ImageObject\",\"inLanguage\":\"fr-FR\",\"@id\":\"https:\/\/www.alternatievemiddelen.nl\/#\/schema\/logo\/image\/\",\"url\":\"https:\/\/www.alternatievemiddelen.nl\/wp-content\/uploads\/2023\/10\/alternatievemiddelen-PNG-logo.png\",\"contentUrl\":\"https:\/\/www.alternatievemiddelen.nl\/wp-content\/uploads\/2023\/10\/alternatievemiddelen-PNG-logo.png\",\"width\":6400,\"height\":3062,\"caption\":\"Alternatievemiddelen.nl\"},\"image\":{\"@id\":\"https:\/\/www.alternatievemiddelen.nl\/#\/schema\/logo\/image\/\"},\"sameAs\":[\"https:\/\/www.facebook.com\/alternatievemiddelen\",\"https:\/\/www.instagram.com\/alternatievemiddelen.nl\/\"]}]}<\/script>\n<!-- \/ Yoast SEO plugin. -->","yoast_head_json":{"title":"Black Berkey Waterfilter Elementen (2 stuks) - Alternatievemiddelen.nl","description":"Black Berkey filerelementen maken gebruik van de nieuwste technologische ontwikkelingen in waterzuivering. Per set van 2 te bestellen.","robots":{"index":"index","follow":"follow","max-snippet":"max-snippet:-1","max-image-preview":"max-image-preview:large","max-video-preview":"max-video-preview:-1"},"canonical":"https:\/\/www.alternatievemiddelen.nl\/fr\/wp-json\/wp\/v2\/product\/34341","og_locale":"fr_FR","og_type":"article","og_title":"Black Berkey Waterfilter Elementen (2 stuks) - Alternatievemiddelen.nl","og_description":"Black Berkey filerelementen maken gebruik van de nieuwste technologische ontwikkelingen in waterzuivering. Per set van 2 te bestellen.","og_url":"https:\/\/www.alternatievemiddelen.nl\/fr\/produits\/elements-de-filtre-a-eau-black-berkey\/","og_site_name":"Alternatievemiddelen.nl","article_publisher":"https:\/\/www.facebook.com\/alternatievemiddelen","article_modified_time":"2026-02-24T14:13:38+00:00","og_image":[{"width":1200,"height":1600,"url":"\/wp-content\/uploads\/2024\/02\/Black-Berkey-filterelementen-met-accessoires-1.jpg","type":"image\/jpeg"}],"twitter_card":"summary_large_image","twitter_misc":{"Dur\u00e9e de lecture estim\u00e9e":"4 minutes"},"schema":{"@context":"https:\/\/schema.org","@graph":[{"@type":["WebPage","ItemPage"],"@id":"https:\/\/www.alternatievemiddelen.nl\/producten\/black-berkey-waterfilter-elementen\/","url":"https:\/\/www.alternatievemiddelen.nl\/producten\/black-berkey-waterfilter-elementen\/","name":"Black Berkey Waterfilter Elementen (2 stuks) - Alternatievemiddelen.nl","isPartOf":{"@id":"https:\/\/www.alternatievemiddelen.nl\/#website"},"primaryImageOfPage":{"@id":"https:\/\/www.alternatievemiddelen.nl\/producten\/black-berkey-waterfilter-elementen\/#primaryimage"},"image":{"@id":"https:\/\/www.alternatievemiddelen.nl\/producten\/black-berkey-waterfilter-elementen\/#primaryimage"},"thumbnailUrl":"https:\/\/www.alternatievemiddelen.nl\/wp-content\/uploads\/2024\/02\/Black-Berkey-filterelementen-met-accessoires-1.jpg","datePublished":"2024-02-27T07:21:09+00:00","dateModified":"2026-02-24T14:13:38+00:00","description":"Black Berkey filerelementen maken gebruik van de nieuwste technologische ontwikkelingen in waterzuivering. Per set van 2 te bestellen.","breadcrumb":{"@id":"https:\/\/www.alternatievemiddelen.nl\/producten\/black-berkey-waterfilter-elementen\/#breadcrumb"},"inLanguage":"fr-FR","potentialAction":[{"@type":"ReadAction","target":["https:\/\/www.alternatievemiddelen.nl\/producten\/black-berkey-waterfilter-elementen\/"]}]},{"@type":"ImageObject","inLanguage":"fr-FR","@id":"https:\/\/www.alternatievemiddelen.nl\/producten\/black-berkey-waterfilter-elementen\/#primaryimage","url":"https:\/\/www.alternatievemiddelen.nl\/wp-content\/uploads\/2024\/02\/Black-Berkey-filterelementen-met-accessoires-1.jpg","contentUrl":"https:\/\/www.alternatievemiddelen.nl\/wp-content\/uploads\/2024\/02\/Black-Berkey-filterelementen-met-accessoires-1.jpg","width":1200,"height":1600,"caption":"Black Berkey filterelementen met priming accessoires"},{"@type":"BreadcrumbList","@id":"https:\/\/www.alternatievemiddelen.nl\/producten\/black-berkey-waterfilter-elementen\/#breadcrumb","itemListElement":[{"@type":"ListItem","position":1,"name":"Home","item":"https:\/\/www.alternatievemiddelen.nl\/"},{"@type":"ListItem","position":2,"name":"Producten","item":"https:\/\/www.alternatievemiddelen.nl\/producten\/"},{"@type":"ListItem","position":3,"name":"Black Berkey Waterfilter Elementen (2 stuks)"}]},{"@type":"WebSite","@id":"https:\/\/www.alternatievemiddelen.nl\/#website","url":"https:\/\/www.alternatievemiddelen.nl\/","name":"Alternatievemiddelen.nl","description":"Webshop met gezonde, duurzame en ecologische alternatieve mogelijkheden in de hedendaagse levenstijl. Alles uit eigen ervaring.","publisher":{"@id":"https:\/\/www.alternatievemiddelen.nl\/#organization"},"alternateName":"Alternatieve Middelen","potentialAction":[{"@type":"SearchAction","target":{"@type":"EntryPoint","urlTemplate":"https:\/\/www.alternatievemiddelen.nl\/?s={search_term_string}"},"query-input":{"@type":"PropertyValueSpecification","valueRequired":true,"valueName":"search_term_string"}}],"inLanguage":"fr-FR"},{"@type":"Organization","@id":"https:\/\/www.alternatievemiddelen.nl\/#organization","name":"Alternatievemiddelen.nl","alternateName":"Alternatieve Middelen","url":"https:\/\/www.alternatievemiddelen.nl\/","logo":{"@type":"ImageObject","inLanguage":"fr-FR","@id":"https:\/\/www.alternatievemiddelen.nl\/#\/schema\/logo\/image\/","url":"https:\/\/www.alternatievemiddelen.nl\/wp-content\/uploads\/2023\/10\/alternatievemiddelen-PNG-logo.png","contentUrl":"https:\/\/www.alternatievemiddelen.nl\/wp-content\/uploads\/2023\/10\/alternatievemiddelen-PNG-logo.png","width":6400,"height":3062,"caption":"Alternatievemiddelen.nl"},"image":{"@id":"https:\/\/www.alternatievemiddelen.nl\/#\/schema\/logo\/image\/"},"sameAs":["https:\/\/www.facebook.com\/alternatievemiddelen","https:\/\/www.instagram.com\/alternatievemiddelen.nl\/"]}]}},"_links":{"self":[{"href":"https:\/\/www.alternatievemiddelen.nl\/fr\/wp-json\/wp\/v2\/product\/34341","targetHints":{"allow":["GET"]}}],"collection":[{"href":"https:\/\/www.alternatievemiddelen.nl\/fr\/wp-json\/wp\/v2\/product"}],"about":[{"href":"https:\/\/www.alternatievemiddelen.nl\/fr\/wp-json\/wp\/v2\/types\/product"}],"replies":[{"embeddable":true,"href":"https:\/\/www.alternatievemiddelen.nl\/fr\/wp-json\/wp\/v2\/comments?post=34341"}],"wp:featuredmedia":[{"embeddable":true,"href":"https:\/\/www.alternatievemiddelen.nl\/fr\/wp-json\/wp\/v2\/media\/44055"}],"wp:attachment":[{"href":"https:\/\/www.alternatievemiddelen.nl\/fr\/wp-json\/wp\/v2\/media?parent=34341"}],"wp:term":[{"taxonomy":"product_brand","embeddable":true,"href":"https:\/\/www.alternatievemiddelen.nl\/fr\/wp-json\/wp\/v2\/product_brand?post=34341"},{"taxonomy":"product_cat","embeddable":true,"href":"https:\/\/www.alternatievemiddelen.nl\/fr\/wp-json\/wp\/v2\/product_cat?post=34341"},{"taxonomy":"product_tag","embeddable":true,"href":"https:\/\/www.alternatievemiddelen.nl\/fr\/wp-json\/wp\/v2\/product_tag?post=34341"},{"taxonomy":"merk","embeddable":true,"href":"https:\/\/www.alternatievemiddelen.nl\/fr\/wp-json\/wp\/v2\/merk?post=34341"}],"curies":[{"name":"wp","href":"https:\/\/api.w.org\/{rel}","templated":true}]}}