{"id":34348,"date":"2024-02-27T08:21:11","date_gmt":"2024-02-27T07:21:11","guid":{"rendered":"https:\/\/www.alternatievemiddelen.nl\/?post_type=product&#038;p=34348"},"modified":"2025-10-04T06:49:06","modified_gmt":"2025-10-04T04:49:06","slug":"deodorant-roller-wild-life-for-men-zonder-aluminium","status":"publish","type":"product","link":"https:\/\/www.alternatievemiddelen.nl\/fr\/produits\/deodorant-roller-wild-life-for-men-sans-aluminium\/","title":{"rendered":"D\u00e9odorant Roller Wild Life pour hommes (sans aluminium) 50 ml"},"content":{"rendered":"<p>Le d\u00e9odorant Roller Wild Life pour hommes de i+m Naturkosmetik Berlin d\u00e9sodorise gr\u00e2ce \u00e0 sa formule efficace, offrant la meilleure qualit\u00e9 biologique et un parfum unisexe rafra\u00eechissant de citronnelle. La composition sophistiqu\u00e9e de romarin, de bicarbonate de sodium et de zinc offre une protection efficace et s\u00fbre contre les odeurs ind\u00e9sirables - sans alcool, sels d'aluminium ou alun.<\/p>\n<p>Le d\u00e9odorant Roller Wild Life pour hommes offre une protection durable, instantan\u00e9ment et \u00e0 tout moment.<br \/>\n&nbsp;<\/p>\n<h3>Citronnelle, romarin et zinc<\/h3>\n<p>Les propri\u00e9t\u00e9s antibact\u00e9riennes du romarin et son parfum \u00e9pic\u00e9 et aromatique compl\u00e8tent le parfum d'agrumes de la citronnelle. Le bicarbonate de sodium et le zinc assurent une protection d\u00e9odorante min\u00e9rale du matin au soir. Sans perturber la r\u00e9gulation naturelle de la transpiration de la peau, ils neutralisent et d\u00e9sodorisent m\u00eame les odeurs corporelles pr\u00e9existantes. Le d\u00e9odorant bille Wild Life pour hommes laisse une sensation de fra\u00eecheur naturelle sur la peau.<br \/>\n&nbsp;<\/p>\n<h3>Frais et soign\u00e9 gr\u00e2ce \u00e0 une protection d\u00e9odorante naturelle<\/h3>\n<p>Le rouleau d\u00e9odorant pratique fait plus que rafra\u00eechir vos aisselles. Il soigne en douceur la peau sensible des aisselles gr\u00e2ce \u00e0 la pr\u00e9cieuse huile d'amande issue du commerce \u00e9quitable. La vitamine E favorise la cicatrisation des plaies, ce qui le rend parfait pour une utilisation apr\u00e8s le rasage. L'aloe vera adoucit en m\u00eame temps la peau. En tant que rouleau d\u00e9odorant, le rouleau en verre \u00e9cologique est toujours \u00e0 port\u00e9e de main pour un soin id\u00e9al de chaque aisselle - du matin au soir.<br \/>\n&nbsp;<\/p>\n<h3>Informations sur le d\u00e9odorant bille Wild Life pour hommes<\/h3>\n<p><u>Utilisation :<\/u> Appliquez le d\u00e9odorant selon vos besoins sous les aisselles et profitez de la journ\u00e9e ou de la nuit qui s'annonce en toute fra\u00eecheur.<\/p>\n<p><b>Un travail de premier ordre<\/b><br \/>\nM\u00eame les odeurs corporelles existantes sont neutralis\u00e9es par le D\u00e9odorant Roller Wild Life for Men - instantan\u00e9ment et \u00e0 tout moment. Les odeurs corporelles ind\u00e9sirables sont d\u00e9sormais officiellement d\u00e9pass\u00e9es.<\/p>\n<p><u>Contenu :<\/u> 50 ml<\/p>\n<p><strong>La vie sauvage pour les hommes<\/strong><br \/>\nLa vie en rose !<br \/>\nLa gamme Wild Life for Men de i+m Naturkosmetik Berlin couvre efficacement les besoins fondamentaux de la peau masculine et, gr\u00e2ce \u00e0 son parfum vibrant, elle apporte une touche de fra\u00eecheur pour un d\u00e9but de journ\u00e9e ou de soir\u00e9e parfait. i+m Naturkosmetik Berlin a d\u00e9velopp\u00e9 une gamme sp\u00e9cialement pour les hommes qui se concentre sur une combinaison efficace d'ingr\u00e9dients naturels de qualit\u00e9 v\u00e9g\u00e9talienne.<\/p>\n<p><u>Ingr\u00e9dients (en anglais) :<\/u> AQUA, JUS DE FEUILLES D'ALOE BARBADENSIS* (<strong>ALOE VERA*<\/strong>), PENTYL\u00c8NE GLYCOL, RICINOL\u00c9ATE DE ZINC, HUILE DE PRUNUS AMYGDALUS DULCIS* (<strong>ALMOND*<\/strong>), OLEA EUROPAEA FRUIT OIL* (<strong>OLIVE*<\/strong>), amidon de tapioca*, BICARBONATE DE SODIUM, BEURRE DE PARKII DE BUTYROSPERMUM (<strong>BEURRE DE SHEA<\/strong>), EXTRAIT DE FEUILLE DE ROSMARINUS OFFICINALIS* (<strong>ROSEMARY*<\/strong>), HUILE DE CYMBOPOGON FLEXUOSUS* (<strong>LEMONGRASS*<\/strong>), EXTRAIT DE FEUILLE DE THYMUS VULGARIS (THYMIEN), EXTRAIT DE HUMULUS LUPULUS (HOUBLON), TOCOPH\u00c9ROL (<strong>VITAMINE E<\/strong>), GOMME XANTHANE, ST\u00c9AROYL GLUTAMATE DE SODIUM, CAPRYLATE DE GLYC\u00c9RYLE, HUILE DE GRAINE D'HELIANTHUS ANNUUS (<strong>TOURNESOL<\/strong>), SODIUM PHYTATE, ALCOOL, PARFUM**, CITRAL**, CITRONELLOL**, GERANIOL**, LIMONENE**, LINALOOL**<br \/>\n<i>* agriculture biologique contr\u00f4l\u00e9e ** \u00e0 partir d'huiles essentielles naturelles<\/i><br \/>\n&nbsp;<\/p>\n<h4>\u00c0 propos de i+m Naturkosmetik Berlin<\/h4>\n<p>Nous sommes des gens bien : des ma\u00eetres dans la cr\u00e9ation des meilleurs cosm\u00e9tiques naturels, des pionniers du bio, des rebelles de la cosm\u00e9tique v\u00e9g\u00e9talienne, des fairplayers, des experts en \u00e9nergie v\u00e9g\u00e9tale, des utilisateurs respectueux des ressources pr\u00e9cieuses, des gens bien, des \u00e9cologistes neutres sur le plan climatique, des fans d'individualit\u00e9, des Berlinois depuis 78, des \u00e9vitants d\u00e9vou\u00e9s des d\u00e9chets et des laur\u00e9ats du Prix allemand du d\u00e9veloppement durable 2019 et 2020.<br \/>\n&nbsp;<\/p>\n<h4>Informations compl\u00e9mentaires :<\/h4>\n<p><b>D\u00e9odorants sans aluminium et d\u00e9odorants \u00e0 base d'aluminium :<\/b> Les d\u00e9odorants conventionnels contenant des sels d'aluminium\/chlorure d'aluminium ou de l'alun r\u00e9tr\u00e9cissent et ferment les pores de la transpiration. Ils suppriment ainsi la formation naturelle de sueur et emp\u00eachent le refroidissement du corps. Avec les d\u00e9odorants de i+m Naturkosmetik Berlin, le syst\u00e8me de climatisation du corps peut continuer \u00e0 fonctionner - seule l'odeur est \u00e9vit\u00e9e.<br \/>\n<b>Patience dans le changement :<\/b> Lorsque l'on passe d'un d\u00e9odorant conventionnel \u00e0 un d\u00e9odorant cosm\u00e9tique naturel, il se peut que l'on transpire davantage dans un premier temps. Cependant, celle-ci se r\u00e9gule d'elle-m\u00eame pour revenir \u00e0 un niveau naturel une fois que les pores de la transpiration se sont habitu\u00e9s \u00e0 leur libert\u00e9 retrouv\u00e9e. La sensation agr\u00e9able sur votre peau vous r\u00e9compensera alors d'avoir fait le changement. Enfin, pas de prise quotidienne d'ingr\u00e9dients controvers\u00e9s et plus jamais de peau irrit\u00e9e - m\u00eame apr\u00e8s le rasage.<\/p>","protected":false},"excerpt":{"rendered":"<p>Le d\u00e9odorant Roller Wild Life pour hommes, sans sels d'aluminium ni alun, procure une fra\u00eecheur vivifiante du matin au soir.<\/p>","protected":false},"featured_media":31302,"comment_status":"open","ping_status":"closed","template":"","meta":[],"product_brand":[],"product_cat":[2945,3174],"product_tag":[3175,3176,3177,3178,3207,3180,3182,3183,3184,3185,3186,3187,3208,3209,2960,3188,3201,3189,3190,3060,3191,3192,3193,3194,3195,3210,3211,3196],"merk":[3454],"class_list":{"0":"post-34348","1":"product","2":"type-product","3":"status-publish","4":"has-post-thumbnail","6":"product_cat-natuurlijke-verzorging","7":"product_cat-deodorant","8":"product_tag-alcoholvrij","9":"product_tag-aluminiumvrij","10":"product_tag-bio","11":"product_tag-deodorant","12":"product_tag-deodorant-roller","13":"product_tag-dierproefvrij","14":"product_tag-fairtrade","15":"product_tag-glutenvrij","16":"product_tag-im","17":"product_tag-im-naturkosmetik-berlin","18":"product_tag-kleurstofvrij","19":"product_tag-lactosevrij","20":"product_tag-mannen","21":"product_tag-men","22":"product_tag-ongeparfumeerd","23":"product_tag-organisch","24":"product_tag-parfumvrij","25":"product_tag-peg-vrij","26":"product_tag-siliconenvrij","27":"product_tag-vegan","28":"product_tag-veganistisch","29":"product_tag-vrij-van-minerale-olien","30":"product_tag-vrij-van-nanodeeltjes","31":"product_tag-vrij-van-parabenen","32":"product_tag-vrij-van-paraffine","33":"product_tag-wild-life","34":"product_tag-wild-life-for-men","35":"product_tag-zonder-aluminium","36":"merk-im-naturkosmetik-berlin","38":"first","39":"instock","40":"taxable","41":"shipping-taxable","42":"purchasable","43":"product-type-simple"},"bundled_by":[],"bundle_stock_status":"instock","bundle_stock_quantity":null,"bundle_virtual":false,"bundle_layout":"","bundle_add_to_cart_form_location":"","bundle_editable_in_cart":false,"bundle_sold_individually_context":"","bundle_item_grouping":"","bundle_min_size":"","bundle_max_size":"","bundle_price":[],"bundled_items":[],"bundle_sell_ids":[44176,49489,49493,34454,34371],"yoast_head":"<!-- This site is optimized with the Yoast SEO plugin v26.1 - https:\/\/yoast.com\/wordpress\/plugins\/seo\/ -->\n<title>Deodorant Roller Wild Life for Men (zonder aluminium) 50 ml - Alternatievemiddelen.nl<\/title>\n<meta name=\"description\" content=\"Deodorant Roller Wild Life for Men, zonder gebruik van aluminiumzouten of aluin, zorgt voor verkwikkende frisheid - van &#039;s morgens vroeg tot&#039; s avonds laat.\" \/>\n<meta name=\"robots\" content=\"index, follow, max-snippet:-1, max-image-preview:large, max-video-preview:-1\" \/>\n<link rel=\"canonical\" href=\"https:\/\/www.alternatievemiddelen.nl\/fr\/wp-json\/wp\/v2\/product\/34348\" \/>\n<meta property=\"og:locale\" content=\"fr_FR\" \/>\n<meta property=\"og:type\" content=\"article\" \/>\n<meta property=\"og:title\" content=\"Deodorant Roller Wild Life for Men (zonder aluminium) 50 ml - Alternatievemiddelen.nl\" \/>\n<meta property=\"og:description\" content=\"Deodorant Roller Wild Life for Men, zonder gebruik van aluminiumzouten of aluin, zorgt voor verkwikkende frisheid - van &#039;s morgens vroeg tot&#039; s avonds laat.\" \/>\n<meta property=\"og:url\" content=\"https:\/\/www.alternatievemiddelen.nl\/fr\/produits\/deodorant-roller-wild-life-for-men-sans-aluminium\/\" \/>\n<meta property=\"og:site_name\" content=\"Alternatievemiddelen.nl\" \/>\n<meta property=\"article:publisher\" content=\"https:\/\/www.facebook.com\/alternatievemiddelen\" \/>\n<meta property=\"article:modified_time\" content=\"2025-10-04T04:49:06+00:00\" \/>\n<meta property=\"og:image\" content=\"\/wp-content\/uploads\/2023\/12\/Wild-Life-for-Men-deodorant-roller-1.jpg\" \/>\n\t<meta property=\"og:image:width\" content=\"1200\" \/>\n\t<meta property=\"og:image:height\" content=\"1600\" \/>\n\t<meta property=\"og:image:type\" content=\"image\/jpeg\" \/>\n<meta name=\"twitter:card\" content=\"summary_large_image\" \/>\n<meta name=\"twitter:label1\" content=\"Dur\u00e9e de lecture estim\u00e9e\" \/>\n\t<meta name=\"twitter:data1\" content=\"3 minutes\" \/>\n<script type=\"application\/ld+json\" class=\"yoast-schema-graph\">{\"@context\":\"https:\/\/schema.org\",\"@graph\":[{\"@type\":[\"WebPage\",\"ItemPage\"],\"@id\":\"https:\/\/www.alternatievemiddelen.nl\/producten\/deodorant-roller-wild-life-for-men-zonder-aluminium\/\",\"url\":\"https:\/\/www.alternatievemiddelen.nl\/producten\/deodorant-roller-wild-life-for-men-zonder-aluminium\/\",\"name\":\"Deodorant Roller Wild Life for Men (zonder aluminium) 50 ml - Alternatievemiddelen.nl\",\"isPartOf\":{\"@id\":\"https:\/\/www.alternatievemiddelen.nl\/#website\"},\"primaryImageOfPage\":{\"@id\":\"https:\/\/www.alternatievemiddelen.nl\/producten\/deodorant-roller-wild-life-for-men-zonder-aluminium\/#primaryimage\"},\"image\":{\"@id\":\"https:\/\/www.alternatievemiddelen.nl\/producten\/deodorant-roller-wild-life-for-men-zonder-aluminium\/#primaryimage\"},\"thumbnailUrl\":\"https:\/\/www.alternatievemiddelen.nl\/wp-content\/uploads\/2023\/12\/Wild-Life-for-Men-deodorant-roller-1.jpg\",\"datePublished\":\"2024-02-27T07:21:11+00:00\",\"dateModified\":\"2025-10-04T04:49:06+00:00\",\"description\":\"Deodorant Roller Wild Life for Men, zonder gebruik van aluminiumzouten of aluin, zorgt voor verkwikkende frisheid - van 's morgens vroeg tot' s avonds laat.\",\"breadcrumb\":{\"@id\":\"https:\/\/www.alternatievemiddelen.nl\/producten\/deodorant-roller-wild-life-for-men-zonder-aluminium\/#breadcrumb\"},\"inLanguage\":\"fr-FR\",\"potentialAction\":[{\"@type\":\"ReadAction\",\"target\":[\"https:\/\/www.alternatievemiddelen.nl\/producten\/deodorant-roller-wild-life-for-men-zonder-aluminium\/\"]}]},{\"@type\":\"ImageObject\",\"inLanguage\":\"fr-FR\",\"@id\":\"https:\/\/www.alternatievemiddelen.nl\/producten\/deodorant-roller-wild-life-for-men-zonder-aluminium\/#primaryimage\",\"url\":\"https:\/\/www.alternatievemiddelen.nl\/wp-content\/uploads\/2023\/12\/Wild-Life-for-Men-deodorant-roller-1.jpg\",\"contentUrl\":\"https:\/\/www.alternatievemiddelen.nl\/wp-content\/uploads\/2023\/12\/Wild-Life-for-Men-deodorant-roller-1.jpg\",\"width\":1200,\"height\":1600,\"caption\":\"Deodorant Roller Wild Life for Men (zonder aluminium) 50 ml\"},{\"@type\":\"BreadcrumbList\",\"@id\":\"https:\/\/www.alternatievemiddelen.nl\/producten\/deodorant-roller-wild-life-for-men-zonder-aluminium\/#breadcrumb\",\"itemListElement\":[{\"@type\":\"ListItem\",\"position\":1,\"name\":\"Home\",\"item\":\"https:\/\/www.alternatievemiddelen.nl\/\"},{\"@type\":\"ListItem\",\"position\":2,\"name\":\"Producten\",\"item\":\"https:\/\/www.alternatievemiddelen.nl\/producten\/\"},{\"@type\":\"ListItem\",\"position\":3,\"name\":\"Deodorant Roller Wild Life for Men (zonder aluminium) 50 ml\"}]},{\"@type\":\"WebSite\",\"@id\":\"https:\/\/www.alternatievemiddelen.nl\/#website\",\"url\":\"https:\/\/www.alternatievemiddelen.nl\/\",\"name\":\"Alternatievemiddelen.nl\",\"description\":\"Webshop met gezonde, duurzame en ecologische alternatieve mogelijkheden in de hedendaagse levenstijl. Alles uit eigen ervaring.\",\"publisher\":{\"@id\":\"https:\/\/www.alternatievemiddelen.nl\/#organization\"},\"alternateName\":\"Alternatieve Middelen\",\"potentialAction\":[{\"@type\":\"SearchAction\",\"target\":{\"@type\":\"EntryPoint\",\"urlTemplate\":\"https:\/\/www.alternatievemiddelen.nl\/?s={search_term_string}\"},\"query-input\":{\"@type\":\"PropertyValueSpecification\",\"valueRequired\":true,\"valueName\":\"search_term_string\"}}],\"inLanguage\":\"fr-FR\"},{\"@type\":\"Organization\",\"@id\":\"https:\/\/www.alternatievemiddelen.nl\/#organization\",\"name\":\"Alternatievemiddelen.nl\",\"alternateName\":\"Alternatieve Middelen\",\"url\":\"https:\/\/www.alternatievemiddelen.nl\/\",\"logo\":{\"@type\":\"ImageObject\",\"inLanguage\":\"fr-FR\",\"@id\":\"https:\/\/www.alternatievemiddelen.nl\/#\/schema\/logo\/image\/\",\"url\":\"https:\/\/www.alternatievemiddelen.nl\/wp-content\/uploads\/2023\/10\/alternatievemiddelen-PNG-logo.png\",\"contentUrl\":\"https:\/\/www.alternatievemiddelen.nl\/wp-content\/uploads\/2023\/10\/alternatievemiddelen-PNG-logo.png\",\"width\":6400,\"height\":3062,\"caption\":\"Alternatievemiddelen.nl\"},\"image\":{\"@id\":\"https:\/\/www.alternatievemiddelen.nl\/#\/schema\/logo\/image\/\"},\"sameAs\":[\"https:\/\/www.facebook.com\/alternatievemiddelen\",\"https:\/\/www.instagram.com\/alternatievemiddelen.nl\/\"]}]}<\/script>\n<!-- \/ Yoast SEO plugin. -->","yoast_head_json":{"title":"Deodorant Roller Wild Life for Men (zonder aluminium) 50 ml - Alternatievemiddelen.nl","description":"Deodorant Roller Wild Life for Men, zonder gebruik van aluminiumzouten of aluin, zorgt voor verkwikkende frisheid - van 's morgens vroeg tot' s avonds laat.","robots":{"index":"index","follow":"follow","max-snippet":"max-snippet:-1","max-image-preview":"max-image-preview:large","max-video-preview":"max-video-preview:-1"},"canonical":"https:\/\/www.alternatievemiddelen.nl\/fr\/wp-json\/wp\/v2\/product\/34348","og_locale":"fr_FR","og_type":"article","og_title":"Deodorant Roller Wild Life for Men (zonder aluminium) 50 ml - Alternatievemiddelen.nl","og_description":"Deodorant Roller Wild Life for Men, zonder gebruik van aluminiumzouten of aluin, zorgt voor verkwikkende frisheid - van 's morgens vroeg tot' s avonds laat.","og_url":"https:\/\/www.alternatievemiddelen.nl\/fr\/produits\/deodorant-roller-wild-life-for-men-sans-aluminium\/","og_site_name":"Alternatievemiddelen.nl","article_publisher":"https:\/\/www.facebook.com\/alternatievemiddelen","article_modified_time":"2025-10-04T04:49:06+00:00","og_image":[{"width":1200,"height":1600,"url":"\/wp-content\/uploads\/2023\/12\/Wild-Life-for-Men-deodorant-roller-1.jpg","type":"image\/jpeg"}],"twitter_card":"summary_large_image","twitter_misc":{"Dur\u00e9e de lecture estim\u00e9e":"3 minutes"},"schema":{"@context":"https:\/\/schema.org","@graph":[{"@type":["WebPage","ItemPage"],"@id":"https:\/\/www.alternatievemiddelen.nl\/producten\/deodorant-roller-wild-life-for-men-zonder-aluminium\/","url":"https:\/\/www.alternatievemiddelen.nl\/producten\/deodorant-roller-wild-life-for-men-zonder-aluminium\/","name":"Deodorant Roller Wild Life for Men (zonder aluminium) 50 ml - Alternatievemiddelen.nl","isPartOf":{"@id":"https:\/\/www.alternatievemiddelen.nl\/#website"},"primaryImageOfPage":{"@id":"https:\/\/www.alternatievemiddelen.nl\/producten\/deodorant-roller-wild-life-for-men-zonder-aluminium\/#primaryimage"},"image":{"@id":"https:\/\/www.alternatievemiddelen.nl\/producten\/deodorant-roller-wild-life-for-men-zonder-aluminium\/#primaryimage"},"thumbnailUrl":"https:\/\/www.alternatievemiddelen.nl\/wp-content\/uploads\/2023\/12\/Wild-Life-for-Men-deodorant-roller-1.jpg","datePublished":"2024-02-27T07:21:11+00:00","dateModified":"2025-10-04T04:49:06+00:00","description":"Deodorant Roller Wild Life for Men, zonder gebruik van aluminiumzouten of aluin, zorgt voor verkwikkende frisheid - van 's morgens vroeg tot' s avonds laat.","breadcrumb":{"@id":"https:\/\/www.alternatievemiddelen.nl\/producten\/deodorant-roller-wild-life-for-men-zonder-aluminium\/#breadcrumb"},"inLanguage":"fr-FR","potentialAction":[{"@type":"ReadAction","target":["https:\/\/www.alternatievemiddelen.nl\/producten\/deodorant-roller-wild-life-for-men-zonder-aluminium\/"]}]},{"@type":"ImageObject","inLanguage":"fr-FR","@id":"https:\/\/www.alternatievemiddelen.nl\/producten\/deodorant-roller-wild-life-for-men-zonder-aluminium\/#primaryimage","url":"https:\/\/www.alternatievemiddelen.nl\/wp-content\/uploads\/2023\/12\/Wild-Life-for-Men-deodorant-roller-1.jpg","contentUrl":"https:\/\/www.alternatievemiddelen.nl\/wp-content\/uploads\/2023\/12\/Wild-Life-for-Men-deodorant-roller-1.jpg","width":1200,"height":1600,"caption":"Deodorant Roller Wild Life for Men (zonder aluminium) 50 ml"},{"@type":"BreadcrumbList","@id":"https:\/\/www.alternatievemiddelen.nl\/producten\/deodorant-roller-wild-life-for-men-zonder-aluminium\/#breadcrumb","itemListElement":[{"@type":"ListItem","position":1,"name":"Home","item":"https:\/\/www.alternatievemiddelen.nl\/"},{"@type":"ListItem","position":2,"name":"Producten","item":"https:\/\/www.alternatievemiddelen.nl\/producten\/"},{"@type":"ListItem","position":3,"name":"Deodorant Roller Wild Life for Men (zonder aluminium) 50 ml"}]},{"@type":"WebSite","@id":"https:\/\/www.alternatievemiddelen.nl\/#website","url":"https:\/\/www.alternatievemiddelen.nl\/","name":"Alternatievemiddelen.nl","description":"Webshop met gezonde, duurzame en ecologische alternatieve mogelijkheden in de hedendaagse levenstijl. Alles uit eigen ervaring.","publisher":{"@id":"https:\/\/www.alternatievemiddelen.nl\/#organization"},"alternateName":"Alternatieve Middelen","potentialAction":[{"@type":"SearchAction","target":{"@type":"EntryPoint","urlTemplate":"https:\/\/www.alternatievemiddelen.nl\/?s={search_term_string}"},"query-input":{"@type":"PropertyValueSpecification","valueRequired":true,"valueName":"search_term_string"}}],"inLanguage":"fr-FR"},{"@type":"Organization","@id":"https:\/\/www.alternatievemiddelen.nl\/#organization","name":"Alternatievemiddelen.nl","alternateName":"Alternatieve Middelen","url":"https:\/\/www.alternatievemiddelen.nl\/","logo":{"@type":"ImageObject","inLanguage":"fr-FR","@id":"https:\/\/www.alternatievemiddelen.nl\/#\/schema\/logo\/image\/","url":"https:\/\/www.alternatievemiddelen.nl\/wp-content\/uploads\/2023\/10\/alternatievemiddelen-PNG-logo.png","contentUrl":"https:\/\/www.alternatievemiddelen.nl\/wp-content\/uploads\/2023\/10\/alternatievemiddelen-PNG-logo.png","width":6400,"height":3062,"caption":"Alternatievemiddelen.nl"},"image":{"@id":"https:\/\/www.alternatievemiddelen.nl\/#\/schema\/logo\/image\/"},"sameAs":["https:\/\/www.facebook.com\/alternatievemiddelen","https:\/\/www.instagram.com\/alternatievemiddelen.nl\/"]}]}},"_links":{"self":[{"href":"https:\/\/www.alternatievemiddelen.nl\/fr\/wp-json\/wp\/v2\/product\/34348","targetHints":{"allow":["GET"]}}],"collection":[{"href":"https:\/\/www.alternatievemiddelen.nl\/fr\/wp-json\/wp\/v2\/product"}],"about":[{"href":"https:\/\/www.alternatievemiddelen.nl\/fr\/wp-json\/wp\/v2\/types\/product"}],"replies":[{"embeddable":true,"href":"https:\/\/www.alternatievemiddelen.nl\/fr\/wp-json\/wp\/v2\/comments?post=34348"}],"wp:featuredmedia":[{"embeddable":true,"href":"https:\/\/www.alternatievemiddelen.nl\/fr\/wp-json\/wp\/v2\/media\/31302"}],"wp:attachment":[{"href":"https:\/\/www.alternatievemiddelen.nl\/fr\/wp-json\/wp\/v2\/media?parent=34348"}],"wp:term":[{"taxonomy":"product_brand","embeddable":true,"href":"https:\/\/www.alternatievemiddelen.nl\/fr\/wp-json\/wp\/v2\/product_brand?post=34348"},{"taxonomy":"product_cat","embeddable":true,"href":"https:\/\/www.alternatievemiddelen.nl\/fr\/wp-json\/wp\/v2\/product_cat?post=34348"},{"taxonomy":"product_tag","embeddable":true,"href":"https:\/\/www.alternatievemiddelen.nl\/fr\/wp-json\/wp\/v2\/product_tag?post=34348"},{"taxonomy":"merk","embeddable":true,"href":"https:\/\/www.alternatievemiddelen.nl\/fr\/wp-json\/wp\/v2\/merk?post=34348"}],"curies":[{"name":"wp","href":"https:\/\/api.w.org\/{rel}","templated":true}]}}