{"id":34364,"date":"2024-02-27T08:21:18","date_gmt":"2024-02-27T07:21:18","guid":{"rendered":"https:\/\/www.alternatievemiddelen.nl\/?post_type=product&#038;p=34364"},"modified":"2025-10-05T07:47:15","modified_gmt":"2025-10-05T05:47:15","slug":"deodorant-creme-sensitive-care-zonder-aluminium","status":"publish","type":"product","link":"https:\/\/www.alternatievemiddelen.nl\/fr\/produits\/creme-deodorante-sensitive-care-sans-aluminium\/","title":{"rendered":"D\u00e9odorant cr\u00e8me Sensitive Care (sans aluminium) 30 ml"},"content":{"rendered":"<p>Le d\u00e9odorant cr\u00e8me Sensitive Care de i+m Naturkosmetik Berlin offre une protection durable \u00e0 la peau sensible et allergique des aisselles. Extra doux mais efficace : la composition active naturelle d\u00e9sodorise et neutralise les odeurs corporelles existantes pendant des heures - sans bicarbonate de soude. Exempte d'huiles essentielles, elle laisse la peau sensible totalement neutre sur le plan olfactif et la rafra\u00eechit de mani\u00e8re fiable.<br \/>\n&nbsp;<\/p>\n<h3>Cr\u00e8me d\u00e9odorante sans bicarbonate de soude<\/h3>\n<p>La formule efficace \u00e0 base de magn\u00e9sium et de zinc offre une protection instantan\u00e9e. Elle \u00e9limine en toute s\u00e9curit\u00e9 les odeurs corporelles sans affecter la r\u00e9gulation naturelle de la transpiration de la peau par l'utilisation d'alcool, d'aluminium ou d'alun. Parall\u00e8lement, le D\u00e9odorant Cr\u00e8me Sensitive Care prot\u00e8ge en douceur la peau des odeurs d\u00e9sagr\u00e9ables des aisselles, sans utiliser de bicarbonate de sodium. Ainsi, m\u00eame les aisselles sensibles peuvent transpirer sans \u00eatre irrit\u00e9es, ce qui est id\u00e9al pour les personnes intol\u00e9rantes au bicarbonate de sodium.<br \/>\n&nbsp;<\/p>\n<h3>Protection d\u00e9odorante extra-douce<\/h3>\n<p>L'oxyde de zinc anti-irritant apaise les zones sensibles des aisselles, ce qui est particuli\u00e8rement b\u00e9n\u00e9fique apr\u00e8s le rasage. Parall\u00e8lement, la vitamine E nourrit et adoucit la peau sensible des aisselles. L'huile d'amande et l'huile d'olive issues du commerce \u00e9quitable rendent la peau velout\u00e9e. Le D\u00e9odorant Cr\u00e8me Sensitive Care sans parfum offre un soin apaisant aux peaux sensibles et irrit\u00e9es, ainsi qu'une protection fiable, sans aucun parfum. La peau se r\u00e9g\u00e9n\u00e8re et se sent fra\u00eeche.<br \/>\n&nbsp;<\/p>\n<h3>Cr\u00e8me d\u00e9odorante Sensitive Care information<\/h3>\n<p><u>Utilisation :<\/u> Si n\u00e9cessaire, appliquez une petite quantit\u00e9 de D\u00e9odorant Cr\u00e8me Sensitive Care sur les aisselles et profitez de la fra\u00eecheur naturelle.<\/p>\n<p><b>Un avantage suppl\u00e9mentaire<\/b><br \/>\nLe D\u00e9odorant Cr\u00e8me Sensitive Care neutralise instantan\u00e9ment les odeurs corporelles existantes, sans utiliser de bicarbonate de sodium. Les premiers soins sont donc toujours \u00e0 port\u00e9e de main, m\u00eame en d\u00e9placement, si le besoin s'en fait sentir.<\/p>\n<p><u>Contenu :<\/u> 30 ml<\/p>\n<p><u>Ingr\u00e9dients (en anglais) :<\/u> HUILE DE COCOS NUCIFERA* (<strong>NOIX DE COCO*<\/strong>), HUILE DE COLZA HYDROG\u00c9N\u00c9E (<strong>RAPESEED<\/strong>), HYDROXYDE DE MAGN\u00c9SIUM, HUILE DE PRUNUS AMYGDALUS DULCIS* (<strong>ALMOND*<\/strong>), OLEA EUROPAEA FRUIT OIL* (<strong>OLIVE*<\/strong>), OXYDE DE ZINC, LAURATE D'ISOAMYLE, AMIDON DE TAPIOCA*, TRIGLYC\u00c9RIDE CAPRYLIQUE\/CAPRIQUE, RICINOL\u00c9ATE DE ZINC, CAPRYLATE DE GLYC\u00c9RYLE, ACIDE POLYHYDROXYST\u00c9ARIQUE, POLYRINCINOL\u00c9ATE DE POLYGLYC\u00c9RYLE-3, TOCOPH\u00c9ROL (<strong>VITAMINE E<\/strong>), HYDROXYDE DE CARBONATE DE MAGN\u00c9SIUM, HUILE DE GRAINE D'H\u00c9LIANTHUS ANNUUS* (<strong>TOURNESOL*<\/strong>)<br \/>\n<i>* l'agriculture biologique contr\u00f4l\u00e9e<\/i><br \/>\n&nbsp;<\/p>\n<h4>\u00c0 propos de i+m Naturkosmetik Berlin<\/h4>\n<p>Nous sommes des gens bien : des ma\u00eetres dans la cr\u00e9ation des meilleurs cosm\u00e9tiques naturels, des pionniers du bio, des rebelles de la cosm\u00e9tique v\u00e9g\u00e9talienne, des fairplayers, des experts en \u00e9nergie v\u00e9g\u00e9tale, des utilisateurs respectueux des ressources pr\u00e9cieuses, des gens bien, des \u00e9cologistes neutres sur le plan climatique, des fans d'individualit\u00e9, des Berlinois depuis 78, des \u00e9vitants d\u00e9vou\u00e9s des d\u00e9chets et des laur\u00e9ats du Prix allemand du d\u00e9veloppement durable 2019 et 2020.<br \/>\n&nbsp;<\/p>\n<h4>Informations compl\u00e9mentaires :<\/h4>\n<p><b>Cr\u00e8mes d\u00e9odorantes contre d\u00e9odorants \u00e0 l'aluminium :<\/b> Les d\u00e9odorants conventionnels contenant des sels d'aluminium\/chlorure d'aluminium ou de l'alun r\u00e9tr\u00e9cissent et ferment les pores de la transpiration. Ils suppriment ainsi la formation naturelle de sueur et emp\u00eachent le refroidissement du corps. Avec les d\u00e9odorants de i+m Naturkosmetik Berlin, le syst\u00e8me de climatisation du corps peut continuer \u00e0 fonctionner - seule l'odeur est \u00e9vit\u00e9e.<br \/>\n<b>Patience dans le changement :<\/b> Lorsque l'on passe d'un d\u00e9odorant conventionnel \u00e0 un d\u00e9odorant cosm\u00e9tique naturel, il se peut que l'on transpire davantage dans un premier temps. Cependant, celle-ci se r\u00e9gule d'elle-m\u00eame pour revenir \u00e0 un niveau naturel une fois que les pores de la transpiration se sont habitu\u00e9s \u00e0 leur libert\u00e9 retrouv\u00e9e.<\/p>","protected":false},"excerpt":{"rendered":"<p>Le D\u00e9odorant Cr\u00e8me Sensitive Care de i+m Naturkosmetik est super doux et sans soda, il d\u00e9sodorise et neutralise les odeurs corporelles avec une formule efficace !<\/p>","protected":false},"featured_media":45071,"comment_status":"open","ping_status":"closed","template":"","meta":[],"product_brand":[],"product_cat":[2945,3174],"product_tag":[3612,3178,3179,3373,3184,3185,3611,3196],"merk":[3454],"class_list":{"0":"post-34364","1":"product","2":"type-product","3":"status-publish","4":"has-post-thumbnail","6":"product_cat-natuurlijke-verzorging","7":"product_cat-deodorant","8":"product_tag-30-ml","9":"product_tag-deodorant","10":"product_tag-deodorant-creme","11":"product_tag-gevoelige-huid","12":"product_tag-im","13":"product_tag-im-naturkosmetik-berlin","14":"product_tag-sensitive-care","15":"product_tag-zonder-aluminium","16":"merk-im-naturkosmetik-berlin","18":"first","19":"instock","20":"taxable","21":"shipping-taxable","22":"purchasable","23":"product-type-simple"},"bundled_by":[],"bundle_stock_status":"instock","bundle_stock_quantity":null,"bundle_virtual":false,"bundle_layout":"","bundle_add_to_cart_form_location":"","bundle_editable_in_cart":false,"bundle_sold_individually_context":"","bundle_item_grouping":"","bundle_min_size":"","bundle_max_size":"","bundle_price":[],"bundled_items":[],"bundle_sell_ids":[44176,34333,34360,34366,34380,34388,34410,35331],"yoast_head":"<!-- This site is optimized with the Yoast SEO plugin v26.1 - https:\/\/yoast.com\/wordpress\/plugins\/seo\/ -->\n<title>Deodorant Creme Sensitive Care (zonder aluminium) 30 ml - Alternatievemiddelen.nl<\/title>\n<meta name=\"description\" content=\"Deodorant Creme Sensitive Care van i+m Naturkosmetik is superzacht en sodavrij, het deodoriseert en neutraliseert lichaamsgeur met een effectieve formule!\" \/>\n<meta name=\"robots\" content=\"index, follow, max-snippet:-1, max-image-preview:large, max-video-preview:-1\" \/>\n<link rel=\"canonical\" href=\"https:\/\/www.alternatievemiddelen.nl\/fr\/wp-json\/wp\/v2\/product\/34364\" \/>\n<meta property=\"og:locale\" content=\"fr_FR\" \/>\n<meta property=\"og:type\" content=\"article\" \/>\n<meta property=\"og:title\" content=\"Deodorant Creme Sensitive Care (zonder aluminium) 30 ml - Alternatievemiddelen.nl\" \/>\n<meta property=\"og:description\" content=\"Deodorant Creme Sensitive Care van i+m Naturkosmetik is superzacht en sodavrij, het deodoriseert en neutraliseert lichaamsgeur met een effectieve formule!\" \/>\n<meta property=\"og:url\" content=\"https:\/\/www.alternatievemiddelen.nl\/fr\/produits\/creme-deodorante-sensitive-care-sans-aluminium\/\" \/>\n<meta property=\"og:site_name\" content=\"Alternatievemiddelen.nl\" \/>\n<meta property=\"article:publisher\" content=\"https:\/\/www.facebook.com\/alternatievemiddelen\" \/>\n<meta property=\"article:modified_time\" content=\"2025-10-05T05:47:15+00:00\" \/>\n<meta property=\"og:image\" content=\"\/wp-content\/uploads\/2024\/02\/Deodorant-Creme-Sensitive-Care-3.jpg\" \/>\n\t<meta property=\"og:image:width\" content=\"600\" \/>\n\t<meta property=\"og:image:height\" content=\"800\" \/>\n\t<meta property=\"og:image:type\" content=\"image\/jpeg\" \/>\n<meta name=\"twitter:card\" content=\"summary_large_image\" \/>\n<meta name=\"twitter:label1\" content=\"Dur\u00e9e de lecture estim\u00e9e\" \/>\n\t<meta name=\"twitter:data1\" content=\"3 minutes\" \/>\n<script type=\"application\/ld+json\" class=\"yoast-schema-graph\">{\"@context\":\"https:\/\/schema.org\",\"@graph\":[{\"@type\":[\"WebPage\",\"ItemPage\"],\"@id\":\"https:\/\/www.alternatievemiddelen.nl\/producten\/deodorant-creme-sensitive-care-zonder-aluminium\/\",\"url\":\"https:\/\/www.alternatievemiddelen.nl\/producten\/deodorant-creme-sensitive-care-zonder-aluminium\/\",\"name\":\"Deodorant Creme Sensitive Care (zonder aluminium) 30 ml - Alternatievemiddelen.nl\",\"isPartOf\":{\"@id\":\"https:\/\/www.alternatievemiddelen.nl\/#website\"},\"primaryImageOfPage\":{\"@id\":\"https:\/\/www.alternatievemiddelen.nl\/producten\/deodorant-creme-sensitive-care-zonder-aluminium\/#primaryimage\"},\"image\":{\"@id\":\"https:\/\/www.alternatievemiddelen.nl\/producten\/deodorant-creme-sensitive-care-zonder-aluminium\/#primaryimage\"},\"thumbnailUrl\":\"https:\/\/www.alternatievemiddelen.nl\/wp-content\/uploads\/2024\/02\/Deodorant-Creme-Sensitive-Care-3.jpg\",\"datePublished\":\"2024-02-27T07:21:18+00:00\",\"dateModified\":\"2025-10-05T05:47:15+00:00\",\"description\":\"Deodorant Creme Sensitive Care van i+m Naturkosmetik is superzacht en sodavrij, het deodoriseert en neutraliseert lichaamsgeur met een effectieve formule!\",\"breadcrumb\":{\"@id\":\"https:\/\/www.alternatievemiddelen.nl\/producten\/deodorant-creme-sensitive-care-zonder-aluminium\/#breadcrumb\"},\"inLanguage\":\"fr-FR\",\"potentialAction\":[{\"@type\":\"ReadAction\",\"target\":[\"https:\/\/www.alternatievemiddelen.nl\/producten\/deodorant-creme-sensitive-care-zonder-aluminium\/\"]}]},{\"@type\":\"ImageObject\",\"inLanguage\":\"fr-FR\",\"@id\":\"https:\/\/www.alternatievemiddelen.nl\/producten\/deodorant-creme-sensitive-care-zonder-aluminium\/#primaryimage\",\"url\":\"https:\/\/www.alternatievemiddelen.nl\/wp-content\/uploads\/2024\/02\/Deodorant-Creme-Sensitive-Care-3.jpg\",\"contentUrl\":\"https:\/\/www.alternatievemiddelen.nl\/wp-content\/uploads\/2024\/02\/Deodorant-Creme-Sensitive-Care-3.jpg\",\"width\":600,\"height\":800,\"caption\":\"Deodorant Creme I+M Sensitive Care\"},{\"@type\":\"BreadcrumbList\",\"@id\":\"https:\/\/www.alternatievemiddelen.nl\/producten\/deodorant-creme-sensitive-care-zonder-aluminium\/#breadcrumb\",\"itemListElement\":[{\"@type\":\"ListItem\",\"position\":1,\"name\":\"Home\",\"item\":\"https:\/\/www.alternatievemiddelen.nl\/\"},{\"@type\":\"ListItem\",\"position\":2,\"name\":\"Producten\",\"item\":\"https:\/\/www.alternatievemiddelen.nl\/producten\/\"},{\"@type\":\"ListItem\",\"position\":3,\"name\":\"Deodorant Creme Sensitive Care (zonder aluminium) 30 ml\"}]},{\"@type\":\"WebSite\",\"@id\":\"https:\/\/www.alternatievemiddelen.nl\/#website\",\"url\":\"https:\/\/www.alternatievemiddelen.nl\/\",\"name\":\"Alternatievemiddelen.nl\",\"description\":\"Webshop met gezonde, duurzame en ecologische alternatieve mogelijkheden in de hedendaagse levenstijl. Alles uit eigen ervaring.\",\"publisher\":{\"@id\":\"https:\/\/www.alternatievemiddelen.nl\/#organization\"},\"alternateName\":\"Alternatieve Middelen\",\"potentialAction\":[{\"@type\":\"SearchAction\",\"target\":{\"@type\":\"EntryPoint\",\"urlTemplate\":\"https:\/\/www.alternatievemiddelen.nl\/?s={search_term_string}\"},\"query-input\":{\"@type\":\"PropertyValueSpecification\",\"valueRequired\":true,\"valueName\":\"search_term_string\"}}],\"inLanguage\":\"fr-FR\"},{\"@type\":\"Organization\",\"@id\":\"https:\/\/www.alternatievemiddelen.nl\/#organization\",\"name\":\"Alternatievemiddelen.nl\",\"alternateName\":\"Alternatieve Middelen\",\"url\":\"https:\/\/www.alternatievemiddelen.nl\/\",\"logo\":{\"@type\":\"ImageObject\",\"inLanguage\":\"fr-FR\",\"@id\":\"https:\/\/www.alternatievemiddelen.nl\/#\/schema\/logo\/image\/\",\"url\":\"https:\/\/www.alternatievemiddelen.nl\/wp-content\/uploads\/2023\/10\/alternatievemiddelen-PNG-logo.png\",\"contentUrl\":\"https:\/\/www.alternatievemiddelen.nl\/wp-content\/uploads\/2023\/10\/alternatievemiddelen-PNG-logo.png\",\"width\":6400,\"height\":3062,\"caption\":\"Alternatievemiddelen.nl\"},\"image\":{\"@id\":\"https:\/\/www.alternatievemiddelen.nl\/#\/schema\/logo\/image\/\"},\"sameAs\":[\"https:\/\/www.facebook.com\/alternatievemiddelen\",\"https:\/\/www.instagram.com\/alternatievemiddelen.nl\/\"]}]}<\/script>\n<!-- \/ Yoast SEO plugin. -->","yoast_head_json":{"title":"Deodorant Creme Sensitive Care (zonder aluminium) 30 ml - Alternatievemiddelen.nl","description":"Deodorant Creme Sensitive Care van i+m Naturkosmetik is superzacht en sodavrij, het deodoriseert en neutraliseert lichaamsgeur met een effectieve formule!","robots":{"index":"index","follow":"follow","max-snippet":"max-snippet:-1","max-image-preview":"max-image-preview:large","max-video-preview":"max-video-preview:-1"},"canonical":"https:\/\/www.alternatievemiddelen.nl\/fr\/wp-json\/wp\/v2\/product\/34364","og_locale":"fr_FR","og_type":"article","og_title":"Deodorant Creme Sensitive Care (zonder aluminium) 30 ml - Alternatievemiddelen.nl","og_description":"Deodorant Creme Sensitive Care van i+m Naturkosmetik is superzacht en sodavrij, het deodoriseert en neutraliseert lichaamsgeur met een effectieve formule!","og_url":"https:\/\/www.alternatievemiddelen.nl\/fr\/produits\/creme-deodorante-sensitive-care-sans-aluminium\/","og_site_name":"Alternatievemiddelen.nl","article_publisher":"https:\/\/www.facebook.com\/alternatievemiddelen","article_modified_time":"2025-10-05T05:47:15+00:00","og_image":[{"width":600,"height":800,"url":"\/wp-content\/uploads\/2024\/02\/Deodorant-Creme-Sensitive-Care-3.jpg","type":"image\/jpeg"}],"twitter_card":"summary_large_image","twitter_misc":{"Dur\u00e9e de lecture estim\u00e9e":"3 minutes"},"schema":{"@context":"https:\/\/schema.org","@graph":[{"@type":["WebPage","ItemPage"],"@id":"https:\/\/www.alternatievemiddelen.nl\/producten\/deodorant-creme-sensitive-care-zonder-aluminium\/","url":"https:\/\/www.alternatievemiddelen.nl\/producten\/deodorant-creme-sensitive-care-zonder-aluminium\/","name":"Deodorant Creme Sensitive Care (zonder aluminium) 30 ml - Alternatievemiddelen.nl","isPartOf":{"@id":"https:\/\/www.alternatievemiddelen.nl\/#website"},"primaryImageOfPage":{"@id":"https:\/\/www.alternatievemiddelen.nl\/producten\/deodorant-creme-sensitive-care-zonder-aluminium\/#primaryimage"},"image":{"@id":"https:\/\/www.alternatievemiddelen.nl\/producten\/deodorant-creme-sensitive-care-zonder-aluminium\/#primaryimage"},"thumbnailUrl":"https:\/\/www.alternatievemiddelen.nl\/wp-content\/uploads\/2024\/02\/Deodorant-Creme-Sensitive-Care-3.jpg","datePublished":"2024-02-27T07:21:18+00:00","dateModified":"2025-10-05T05:47:15+00:00","description":"Deodorant Creme Sensitive Care van i+m Naturkosmetik is superzacht en sodavrij, het deodoriseert en neutraliseert lichaamsgeur met een effectieve formule!","breadcrumb":{"@id":"https:\/\/www.alternatievemiddelen.nl\/producten\/deodorant-creme-sensitive-care-zonder-aluminium\/#breadcrumb"},"inLanguage":"fr-FR","potentialAction":[{"@type":"ReadAction","target":["https:\/\/www.alternatievemiddelen.nl\/producten\/deodorant-creme-sensitive-care-zonder-aluminium\/"]}]},{"@type":"ImageObject","inLanguage":"fr-FR","@id":"https:\/\/www.alternatievemiddelen.nl\/producten\/deodorant-creme-sensitive-care-zonder-aluminium\/#primaryimage","url":"https:\/\/www.alternatievemiddelen.nl\/wp-content\/uploads\/2024\/02\/Deodorant-Creme-Sensitive-Care-3.jpg","contentUrl":"https:\/\/www.alternatievemiddelen.nl\/wp-content\/uploads\/2024\/02\/Deodorant-Creme-Sensitive-Care-3.jpg","width":600,"height":800,"caption":"Deodorant Creme I+M Sensitive Care"},{"@type":"BreadcrumbList","@id":"https:\/\/www.alternatievemiddelen.nl\/producten\/deodorant-creme-sensitive-care-zonder-aluminium\/#breadcrumb","itemListElement":[{"@type":"ListItem","position":1,"name":"Home","item":"https:\/\/www.alternatievemiddelen.nl\/"},{"@type":"ListItem","position":2,"name":"Producten","item":"https:\/\/www.alternatievemiddelen.nl\/producten\/"},{"@type":"ListItem","position":3,"name":"Deodorant Creme Sensitive Care (zonder aluminium) 30 ml"}]},{"@type":"WebSite","@id":"https:\/\/www.alternatievemiddelen.nl\/#website","url":"https:\/\/www.alternatievemiddelen.nl\/","name":"Alternatievemiddelen.nl","description":"Webshop met gezonde, duurzame en ecologische alternatieve mogelijkheden in de hedendaagse levenstijl. Alles uit eigen ervaring.","publisher":{"@id":"https:\/\/www.alternatievemiddelen.nl\/#organization"},"alternateName":"Alternatieve Middelen","potentialAction":[{"@type":"SearchAction","target":{"@type":"EntryPoint","urlTemplate":"https:\/\/www.alternatievemiddelen.nl\/?s={search_term_string}"},"query-input":{"@type":"PropertyValueSpecification","valueRequired":true,"valueName":"search_term_string"}}],"inLanguage":"fr-FR"},{"@type":"Organization","@id":"https:\/\/www.alternatievemiddelen.nl\/#organization","name":"Alternatievemiddelen.nl","alternateName":"Alternatieve Middelen","url":"https:\/\/www.alternatievemiddelen.nl\/","logo":{"@type":"ImageObject","inLanguage":"fr-FR","@id":"https:\/\/www.alternatievemiddelen.nl\/#\/schema\/logo\/image\/","url":"https:\/\/www.alternatievemiddelen.nl\/wp-content\/uploads\/2023\/10\/alternatievemiddelen-PNG-logo.png","contentUrl":"https:\/\/www.alternatievemiddelen.nl\/wp-content\/uploads\/2023\/10\/alternatievemiddelen-PNG-logo.png","width":6400,"height":3062,"caption":"Alternatievemiddelen.nl"},"image":{"@id":"https:\/\/www.alternatievemiddelen.nl\/#\/schema\/logo\/image\/"},"sameAs":["https:\/\/www.facebook.com\/alternatievemiddelen","https:\/\/www.instagram.com\/alternatievemiddelen.nl\/"]}]}},"_links":{"self":[{"href":"https:\/\/www.alternatievemiddelen.nl\/fr\/wp-json\/wp\/v2\/product\/34364","targetHints":{"allow":["GET"]}}],"collection":[{"href":"https:\/\/www.alternatievemiddelen.nl\/fr\/wp-json\/wp\/v2\/product"}],"about":[{"href":"https:\/\/www.alternatievemiddelen.nl\/fr\/wp-json\/wp\/v2\/types\/product"}],"replies":[{"embeddable":true,"href":"https:\/\/www.alternatievemiddelen.nl\/fr\/wp-json\/wp\/v2\/comments?post=34364"}],"wp:featuredmedia":[{"embeddable":true,"href":"https:\/\/www.alternatievemiddelen.nl\/fr\/wp-json\/wp\/v2\/media\/45071"}],"wp:attachment":[{"href":"https:\/\/www.alternatievemiddelen.nl\/fr\/wp-json\/wp\/v2\/media?parent=34364"}],"wp:term":[{"taxonomy":"product_brand","embeddable":true,"href":"https:\/\/www.alternatievemiddelen.nl\/fr\/wp-json\/wp\/v2\/product_brand?post=34364"},{"taxonomy":"product_cat","embeddable":true,"href":"https:\/\/www.alternatievemiddelen.nl\/fr\/wp-json\/wp\/v2\/product_cat?post=34364"},{"taxonomy":"product_tag","embeddable":true,"href":"https:\/\/www.alternatievemiddelen.nl\/fr\/wp-json\/wp\/v2\/product_tag?post=34364"},{"taxonomy":"merk","embeddable":true,"href":"https:\/\/www.alternatievemiddelen.nl\/fr\/wp-json\/wp\/v2\/merk?post=34364"}],"curies":[{"name":"wp","href":"https:\/\/api.w.org\/{rel}","templated":true}]}}