{"id":34388,"date":"2024-02-27T08:21:28","date_gmt":"2024-02-27T07:21:28","guid":{"rendered":"https:\/\/www.alternatievemiddelen.nl\/?post_type=product&#038;p=34388"},"modified":"2026-05-05T17:43:08","modified_gmt":"2026-05-05T15:43:08","slug":"we-reduce-deodorant-creme-lavendel-zonder-aluminium","status":"publish","type":"product","link":"https:\/\/www.alternatievemiddelen.nl\/fr\/produits\/we-reduce-creme-deodorante-lavendel-sans-aluminium\/","title":{"rendered":"NOUS R\u00c9DUISONS ! D\u00e9odorant Cr\u00e8me Lavande (sans aluminium) 30 ml"},"content":{"rendered":"<p>Profitez du parfum apaisant de la lavande avec le D\u00e9odorant Cr\u00e8me Lavande, dont la formule active pendant 24 heures s'attaque instantan\u00e9ment aux odeurs corporelles. La formule \u00e0 base de noix de coco et de bicarbonate de soude offre une protection efficace sans alcool ni aluminium. Le conditionnement, dans un pot sans plastique fabriqu\u00e9 \u00e0 partir de restes de bois, est \u00e0 la fois \u00e9l\u00e9gant et respectueux de l'environnement.<br \/>\n&nbsp;<\/p>\n<h3>Zinc, amande et olive<\/h3>\n<p>L'oxyde de zinc apaise la peau sensible des aisselles, tandis que les huiles d'olive et d'amande issues du commerce \u00e9quitable apportent une douceur luxueuse \u00e0 la peau, en particulier apr\u00e8s le rasage. Cette cr\u00e8me d\u00e9odorante respecte la r\u00e9gulation naturelle de la transpiration et neutralise efficacement les odeurs corporelles, pour une fra\u00eecheur lavande durable.<br \/>\n&nbsp;<\/p>\n<h3>100% emballage sans plastique<\/h3>\n<p>Ce pot durable offre une alternative \u00e9cologique au plastique. Fabriqu\u00e9 \u00e0 partir de r\u00e9sidus de production de bois certifi\u00e9s durables et de liants \u00e0 base de plantes, il est naturel, pr\u00e9sente tous les avantages du plastique en mati\u00e8re d'emballage et est enti\u00e8rement compostable. Bien qu'il soit trois fois plus cher que les pots en verre, l'entreprise donne la priorit\u00e9 \u00e0 la durabilit\u00e9 plut\u00f4t qu'au profit, ce qui permet \u00e0 ces produits de rester abordables.<br \/>\n&nbsp;<\/p>\n<h3>Informations sur la cr\u00e8me d\u00e9odorante \u00e0 la lavande<\/h3>\n<p><u>Utilisation :<\/u> Appliquez une quantit\u00e9 de D\u00e9odorant Cr\u00e8me Lavande de la taille d'un petit pois sous les aisselles selon les besoins et profitez de la sensation de fra\u00eecheur naturelle.<\/p>\n<p><b>Un avantage suppl\u00e9mentaire<\/b><br \/>\nLe D\u00e9odorant Cr\u00e8me Lavande neutralise instantan\u00e9ment les odeurs corporelles existantes. Il y a donc toujours un premier secours pour les odeurs, m\u00eame en d\u00e9placement.<\/p>\n<p><u>\u00c9limination des d\u00e9chets :<\/u> enlever toutes les \u00e9tiquettes et jeter le pot de lignine avec les ordures m\u00e9nag\u00e8res ou sur le tas de compost dans le jardin.<\/p>\n<p><u>Contenu :<\/u> 30 ml<\/p>\n<p><b>NOUS R\u00c9DUISONS !<\/b><br \/>\nR\u00e9duit au maximum : avec le waterless WE REDUCE !<br \/>\nAvec les cosm\u00e9tiques naturels WE REDUCE !, vous posez les bases d'une salle de bains sans plastique. En effet, les nouveaux cosm\u00e9tiques solides d'i+m utilisent des emballages r\u00e9duits, compostables et recycl\u00e9s. Ces favoris minimalistes sont d\u00e9pourvus de fioritures inutiles, ne contiennent pas d'eau et permettent d'\u00e9conomiser du CO2 lors du transport.<\/p>\n<p><u>Ingr\u00e9dients (en anglais) :<\/u> HUILE DE COCOS NUCIFERA* (<strong>NOIX DE COCO*<\/strong>), OXYDE DE ZINC, HUILE DE COLZA HYDROG\u00c9N\u00c9E (<strong>RAPESEED<\/strong>), HUILE DE PRUNUS AMYGDALUS DULCIS* (<strong>ALMOND*<\/strong>), OLEA EUROPAEA FRUIT OIL* (<strong>OLIVE*<\/strong>), TRIGLYC\u00c9RIDE CAPRYLIQUE\/CAPRIQUE, LAURATE D'ISOAMYLE, BICARBONATE DE SODIUM, RICINOL\u00c9ATE DE ZINC, AMIDON DE TAPIOCA*, PARFUM**, ACIDE POLYHYDROXYST\u00c9ARIQUE, POLYRICINOL\u00c9ATE DE POLYGLYC\u00c9RYLE-3, TOCOPH\u00c9ROL (<strong>VITAMINE E<\/strong>), GLYCERYL CAPRYLATE, HELIANTHUS ANNUUS SEED OIL* (<strong>TOURNESOL*<\/strong>), HUILE DE LAVANDULA HYBRIDA**(<strong>LAVANDE**<\/strong>), B\u00caTA-CARYOPHYLL\u00c8NE**, CAMPHRE**, LIMON\u00c8NE**, LINALOL**, AC\u00c9TATE DE LINALYLE**, PIN\u00c8NE**, TERPINOL\u00c8NE**, TERPIN\u00c9OL**.<br \/>\n<i>* agriculture biologique contr\u00f4l\u00e9e ** \u00e0 partir d'huiles essentielles naturelles<\/i><br \/>\n&nbsp;<\/p>\n<h4>\u00c0 propos de i+m Naturkosmetik Berlin<\/h4>\n<p>Nous sommes des gens bien : des ma\u00eetres dans la cr\u00e9ation des meilleurs cosm\u00e9tiques naturels, des pionniers du bio, des rebelles de la cosm\u00e9tique v\u00e9g\u00e9talienne, des fairplayers, des experts en \u00e9nergie v\u00e9g\u00e9tale, des utilisateurs respectueux des ressources pr\u00e9cieuses, des gens bien, des \u00e9cologistes neutres sur le plan climatique, des fans d'individualit\u00e9, des Berlinois depuis 78, des \u00e9vitants d\u00e9vou\u00e9s des d\u00e9chets et des laur\u00e9ats du Prix allemand du d\u00e9veloppement durable 2019 et 2020.<br \/>\n&nbsp;<\/p>\n<h4>Informations compl\u00e9mentaires :<\/h4>\n<p><b>Voyage durable :<\/b> Le d\u00e9odorant cr\u00e8me lavande dans le pot en lignine n'est pas seulement joli \u00e0 regarder en tant que compagnon de voyage d\u00e9coratif, il est aussi tr\u00e8s l\u00e9ger \u00e0 transporter.<br \/>\n<b>Compostable et durable :<\/b> Ne vous inqui\u00e9tez pas, le processus de d\u00e9composition ne commence pas dans la salle de bain ou dans votre sac lorsque vous voyagez. Il ne commence que lorsque le pot est expos\u00e9 \u00e0 la chaleur, ou plut\u00f4t \u00e0 la chaleur et \u00e0 l'humidit\u00e9, pendant une longue p\u00e9riode.<br \/>\n<b>Recyclage de la lignine :<\/b> m\u00eame si les bioplastiques sont biod\u00e9gradables, ils doivent \u00eatre jet\u00e9s avec les d\u00e9chets r\u00e9siduels et non dans la poubelle des d\u00e9chets organiques. Ils ne se distinguent pas visuellement des plastiques conventionnels et sont tri\u00e9s. De plus, les bioplastiques se d\u00e9composent g\u00e9n\u00e9ralement beaucoup plus lentement que les biod\u00e9chets de la poubelle verte.<\/p>","protected":false},"excerpt":{"rendered":"<p>Ce d\u00e9odorant cr\u00e8me lavande sans aluminium au parfum apaisant de lavande offre une protection durable contre les odeurs corporelles. Dans un pot compostable.<\/p>","protected":false},"featured_media":47386,"comment_status":"open","ping_status":"closed","template":"","meta":[],"product_brand":[],"product_cat":[2945,3174],"product_tag":[3175,3176,3177,3178,3179,3180,3182,3183,3184,3185,3186,3187,3701,3188,3189,3415,3190,3416,3060,3191,3192,3193,3194,3195,3417,3418,3196],"merk":[3454],"class_list":{"0":"post-34388","1":"product","2":"type-product","3":"status-publish","4":"has-post-thumbnail","6":"product_cat-natuurlijke-verzorging","7":"product_cat-deodorant","8":"product_tag-alcoholvrij","9":"product_tag-aluminiumvrij","10":"product_tag-bio","11":"product_tag-deodorant","12":"product_tag-deodorant-creme","13":"product_tag-dierproefvrij","14":"product_tag-fairtrade","15":"product_tag-glutenvrij","16":"product_tag-im","17":"product_tag-im-naturkosmetik-berlin","18":"product_tag-kleurstofvrij","19":"product_tag-lactosevrij","20":"product_tag-lavendel","21":"product_tag-organisch","22":"product_tag-peg-vrij","23":"product_tag-recycle","24":"product_tag-siliconenvrij","25":"product_tag-soepel","26":"product_tag-vegan","27":"product_tag-veganistisch","28":"product_tag-vrij-van-minerale-olien","29":"product_tag-vrij-van-nanodeeltjes","30":"product_tag-vrij-van-parabenen","31":"product_tag-vrij-van-paraffine","32":"product_tag-watervrij","33":"product_tag-we-reduce","34":"product_tag-zonder-aluminium","35":"merk-im-naturkosmetik-berlin","37":"first","38":"instock","39":"taxable","40":"shipping-taxable","41":"purchasable","42":"product-type-simple"},"bundled_by":[],"bundle_stock_status":"instock","bundle_stock_quantity":null,"bundle_virtual":false,"bundle_layout":"","bundle_add_to_cart_form_location":"","bundle_editable_in_cart":false,"bundle_sold_individually_context":"","bundle_item_grouping":"","bundle_min_size":"","bundle_max_size":"","bundle_price":[],"bundled_items":[],"bundle_sell_ids":[44176,34364,34366,35331,34333,34360,34380,34410],"yoast_head":"<!-- This site is optimized with the Yoast SEO plugin v26.1 - https:\/\/yoast.com\/wordpress\/plugins\/seo\/ -->\n<title>WE REDUCE! Deodorant Creme Lavendel (zonder aluminium) 30 ml - Alternatievemiddelen.nl<\/title>\n<meta name=\"description\" content=\"Deze aluminiumvrije Deodorant Creme Lavendel met rustgevende lavendel geur geeft langdurige bescherming tegen lichaamsgeurtjes. In composteerbare pot.\" \/>\n<meta name=\"robots\" content=\"index, follow, max-snippet:-1, max-image-preview:large, max-video-preview:-1\" \/>\n<link rel=\"canonical\" href=\"https:\/\/www.alternatievemiddelen.nl\/fr\/wp-json\/wp\/v2\/product\/34388\" \/>\n<meta property=\"og:locale\" content=\"fr_FR\" \/>\n<meta property=\"og:type\" content=\"article\" \/>\n<meta property=\"og:title\" content=\"WE REDUCE! Deodorant Creme Lavendel (zonder aluminium) 30 ml - Alternatievemiddelen.nl\" \/>\n<meta property=\"og:description\" content=\"Deze aluminiumvrije Deodorant Creme Lavendel met rustgevende lavendel geur geeft langdurige bescherming tegen lichaamsgeurtjes. In composteerbare pot.\" \/>\n<meta property=\"og:url\" content=\"https:\/\/www.alternatievemiddelen.nl\/fr\/produits\/we-reduce-creme-deodorante-lavendel-sans-aluminium\/\" \/>\n<meta property=\"og:site_name\" content=\"Alternatievemiddelen.nl\" \/>\n<meta property=\"article:publisher\" content=\"https:\/\/www.facebook.com\/alternatievemiddelen\" \/>\n<meta property=\"article:modified_time\" content=\"2026-05-05T15:43:08+00:00\" \/>\n<meta property=\"og:image\" content=\"\/wp-content\/uploads\/2024\/02\/Deodorant-Creme-Lavendel.jpg\" \/>\n\t<meta property=\"og:image:width\" content=\"600\" \/>\n\t<meta property=\"og:image:height\" content=\"800\" \/>\n\t<meta property=\"og:image:type\" content=\"image\/jpeg\" \/>\n<meta name=\"twitter:card\" content=\"summary_large_image\" \/>\n<meta name=\"twitter:label1\" content=\"Dur\u00e9e de lecture estim\u00e9e\" \/>\n\t<meta name=\"twitter:data1\" content=\"3 minutes\" \/>\n<script type=\"application\/ld+json\" class=\"yoast-schema-graph\">{\"@context\":\"https:\/\/schema.org\",\"@graph\":[{\"@type\":[\"WebPage\",\"ItemPage\"],\"@id\":\"https:\/\/www.alternatievemiddelen.nl\/producten\/we-reduce-deodorant-creme-lavendel-zonder-aluminium\/\",\"url\":\"https:\/\/www.alternatievemiddelen.nl\/producten\/we-reduce-deodorant-creme-lavendel-zonder-aluminium\/\",\"name\":\"WE REDUCE! Deodorant Creme Lavendel (zonder aluminium) 30 ml - Alternatievemiddelen.nl\",\"isPartOf\":{\"@id\":\"https:\/\/www.alternatievemiddelen.nl\/#website\"},\"primaryImageOfPage\":{\"@id\":\"https:\/\/www.alternatievemiddelen.nl\/producten\/we-reduce-deodorant-creme-lavendel-zonder-aluminium\/#primaryimage\"},\"image\":{\"@id\":\"https:\/\/www.alternatievemiddelen.nl\/producten\/we-reduce-deodorant-creme-lavendel-zonder-aluminium\/#primaryimage\"},\"thumbnailUrl\":\"https:\/\/www.alternatievemiddelen.nl\/wp-content\/uploads\/2024\/02\/Deodorant-Creme-Lavendel.jpg\",\"datePublished\":\"2024-02-27T07:21:28+00:00\",\"dateModified\":\"2026-05-05T15:43:08+00:00\",\"description\":\"Deze aluminiumvrije Deodorant Creme Lavendel met rustgevende lavendel geur geeft langdurige bescherming tegen lichaamsgeurtjes. In composteerbare pot.\",\"breadcrumb\":{\"@id\":\"https:\/\/www.alternatievemiddelen.nl\/producten\/we-reduce-deodorant-creme-lavendel-zonder-aluminium\/#breadcrumb\"},\"inLanguage\":\"fr-FR\",\"potentialAction\":[{\"@type\":\"ReadAction\",\"target\":[\"https:\/\/www.alternatievemiddelen.nl\/producten\/we-reduce-deodorant-creme-lavendel-zonder-aluminium\/\"]}]},{\"@type\":\"ImageObject\",\"inLanguage\":\"fr-FR\",\"@id\":\"https:\/\/www.alternatievemiddelen.nl\/producten\/we-reduce-deodorant-creme-lavendel-zonder-aluminium\/#primaryimage\",\"url\":\"https:\/\/www.alternatievemiddelen.nl\/wp-content\/uploads\/2024\/02\/Deodorant-Creme-Lavendel.jpg\",\"contentUrl\":\"https:\/\/www.alternatievemiddelen.nl\/wp-content\/uploads\/2024\/02\/Deodorant-Creme-Lavendel.jpg\",\"width\":600,\"height\":800,\"caption\":\"WE REDUCE! Deodorant Creme Lavendel (zonder aluminium)\"},{\"@type\":\"BreadcrumbList\",\"@id\":\"https:\/\/www.alternatievemiddelen.nl\/producten\/we-reduce-deodorant-creme-lavendel-zonder-aluminium\/#breadcrumb\",\"itemListElement\":[{\"@type\":\"ListItem\",\"position\":1,\"name\":\"Home\",\"item\":\"https:\/\/www.alternatievemiddelen.nl\/\"},{\"@type\":\"ListItem\",\"position\":2,\"name\":\"Producten\",\"item\":\"https:\/\/www.alternatievemiddelen.nl\/producten\/\"},{\"@type\":\"ListItem\",\"position\":3,\"name\":\"WE REDUCE! Deodorant Creme Lavendel (zonder aluminium) 30 ml\"}]},{\"@type\":\"WebSite\",\"@id\":\"https:\/\/www.alternatievemiddelen.nl\/#website\",\"url\":\"https:\/\/www.alternatievemiddelen.nl\/\",\"name\":\"Alternatievemiddelen.nl\",\"description\":\"Webshop met gezonde, duurzame en ecologische alternatieve mogelijkheden in de hedendaagse levenstijl. Alles uit eigen ervaring.\",\"publisher\":{\"@id\":\"https:\/\/www.alternatievemiddelen.nl\/#organization\"},\"alternateName\":\"Alternatieve Middelen\",\"potentialAction\":[{\"@type\":\"SearchAction\",\"target\":{\"@type\":\"EntryPoint\",\"urlTemplate\":\"https:\/\/www.alternatievemiddelen.nl\/?s={search_term_string}\"},\"query-input\":{\"@type\":\"PropertyValueSpecification\",\"valueRequired\":true,\"valueName\":\"search_term_string\"}}],\"inLanguage\":\"fr-FR\"},{\"@type\":\"Organization\",\"@id\":\"https:\/\/www.alternatievemiddelen.nl\/#organization\",\"name\":\"Alternatievemiddelen.nl\",\"alternateName\":\"Alternatieve Middelen\",\"url\":\"https:\/\/www.alternatievemiddelen.nl\/\",\"logo\":{\"@type\":\"ImageObject\",\"inLanguage\":\"fr-FR\",\"@id\":\"https:\/\/www.alternatievemiddelen.nl\/#\/schema\/logo\/image\/\",\"url\":\"https:\/\/www.alternatievemiddelen.nl\/wp-content\/uploads\/2023\/10\/alternatievemiddelen-PNG-logo.png\",\"contentUrl\":\"https:\/\/www.alternatievemiddelen.nl\/wp-content\/uploads\/2023\/10\/alternatievemiddelen-PNG-logo.png\",\"width\":6400,\"height\":3062,\"caption\":\"Alternatievemiddelen.nl\"},\"image\":{\"@id\":\"https:\/\/www.alternatievemiddelen.nl\/#\/schema\/logo\/image\/\"},\"sameAs\":[\"https:\/\/www.facebook.com\/alternatievemiddelen\",\"https:\/\/www.instagram.com\/alternatievemiddelen.nl\/\"]}]}<\/script>\n<!-- \/ Yoast SEO plugin. -->","yoast_head_json":{"title":"WE REDUCE! Deodorant Creme Lavendel (zonder aluminium) 30 ml - Alternatievemiddelen.nl","description":"Deze aluminiumvrije Deodorant Creme Lavendel met rustgevende lavendel geur geeft langdurige bescherming tegen lichaamsgeurtjes. In composteerbare pot.","robots":{"index":"index","follow":"follow","max-snippet":"max-snippet:-1","max-image-preview":"max-image-preview:large","max-video-preview":"max-video-preview:-1"},"canonical":"https:\/\/www.alternatievemiddelen.nl\/fr\/wp-json\/wp\/v2\/product\/34388","og_locale":"fr_FR","og_type":"article","og_title":"WE REDUCE! Deodorant Creme Lavendel (zonder aluminium) 30 ml - Alternatievemiddelen.nl","og_description":"Deze aluminiumvrije Deodorant Creme Lavendel met rustgevende lavendel geur geeft langdurige bescherming tegen lichaamsgeurtjes. In composteerbare pot.","og_url":"https:\/\/www.alternatievemiddelen.nl\/fr\/produits\/we-reduce-creme-deodorante-lavendel-sans-aluminium\/","og_site_name":"Alternatievemiddelen.nl","article_publisher":"https:\/\/www.facebook.com\/alternatievemiddelen","article_modified_time":"2026-05-05T15:43:08+00:00","og_image":[{"width":600,"height":800,"url":"\/wp-content\/uploads\/2024\/02\/Deodorant-Creme-Lavendel.jpg","type":"image\/jpeg"}],"twitter_card":"summary_large_image","twitter_misc":{"Dur\u00e9e de lecture estim\u00e9e":"3 minutes"},"schema":{"@context":"https:\/\/schema.org","@graph":[{"@type":["WebPage","ItemPage"],"@id":"https:\/\/www.alternatievemiddelen.nl\/producten\/we-reduce-deodorant-creme-lavendel-zonder-aluminium\/","url":"https:\/\/www.alternatievemiddelen.nl\/producten\/we-reduce-deodorant-creme-lavendel-zonder-aluminium\/","name":"WE REDUCE! Deodorant Creme Lavendel (zonder aluminium) 30 ml - Alternatievemiddelen.nl","isPartOf":{"@id":"https:\/\/www.alternatievemiddelen.nl\/#website"},"primaryImageOfPage":{"@id":"https:\/\/www.alternatievemiddelen.nl\/producten\/we-reduce-deodorant-creme-lavendel-zonder-aluminium\/#primaryimage"},"image":{"@id":"https:\/\/www.alternatievemiddelen.nl\/producten\/we-reduce-deodorant-creme-lavendel-zonder-aluminium\/#primaryimage"},"thumbnailUrl":"https:\/\/www.alternatievemiddelen.nl\/wp-content\/uploads\/2024\/02\/Deodorant-Creme-Lavendel.jpg","datePublished":"2024-02-27T07:21:28+00:00","dateModified":"2026-05-05T15:43:08+00:00","description":"Deze aluminiumvrije Deodorant Creme Lavendel met rustgevende lavendel geur geeft langdurige bescherming tegen lichaamsgeurtjes. In composteerbare pot.","breadcrumb":{"@id":"https:\/\/www.alternatievemiddelen.nl\/producten\/we-reduce-deodorant-creme-lavendel-zonder-aluminium\/#breadcrumb"},"inLanguage":"fr-FR","potentialAction":[{"@type":"ReadAction","target":["https:\/\/www.alternatievemiddelen.nl\/producten\/we-reduce-deodorant-creme-lavendel-zonder-aluminium\/"]}]},{"@type":"ImageObject","inLanguage":"fr-FR","@id":"https:\/\/www.alternatievemiddelen.nl\/producten\/we-reduce-deodorant-creme-lavendel-zonder-aluminium\/#primaryimage","url":"https:\/\/www.alternatievemiddelen.nl\/wp-content\/uploads\/2024\/02\/Deodorant-Creme-Lavendel.jpg","contentUrl":"https:\/\/www.alternatievemiddelen.nl\/wp-content\/uploads\/2024\/02\/Deodorant-Creme-Lavendel.jpg","width":600,"height":800,"caption":"WE REDUCE! Deodorant Creme Lavendel (zonder aluminium)"},{"@type":"BreadcrumbList","@id":"https:\/\/www.alternatievemiddelen.nl\/producten\/we-reduce-deodorant-creme-lavendel-zonder-aluminium\/#breadcrumb","itemListElement":[{"@type":"ListItem","position":1,"name":"Home","item":"https:\/\/www.alternatievemiddelen.nl\/"},{"@type":"ListItem","position":2,"name":"Producten","item":"https:\/\/www.alternatievemiddelen.nl\/producten\/"},{"@type":"ListItem","position":3,"name":"WE REDUCE! Deodorant Creme Lavendel (zonder aluminium) 30 ml"}]},{"@type":"WebSite","@id":"https:\/\/www.alternatievemiddelen.nl\/#website","url":"https:\/\/www.alternatievemiddelen.nl\/","name":"Alternatievemiddelen.nl","description":"Webshop met gezonde, duurzame en ecologische alternatieve mogelijkheden in de hedendaagse levenstijl. Alles uit eigen ervaring.","publisher":{"@id":"https:\/\/www.alternatievemiddelen.nl\/#organization"},"alternateName":"Alternatieve Middelen","potentialAction":[{"@type":"SearchAction","target":{"@type":"EntryPoint","urlTemplate":"https:\/\/www.alternatievemiddelen.nl\/?s={search_term_string}"},"query-input":{"@type":"PropertyValueSpecification","valueRequired":true,"valueName":"search_term_string"}}],"inLanguage":"fr-FR"},{"@type":"Organization","@id":"https:\/\/www.alternatievemiddelen.nl\/#organization","name":"Alternatievemiddelen.nl","alternateName":"Alternatieve Middelen","url":"https:\/\/www.alternatievemiddelen.nl\/","logo":{"@type":"ImageObject","inLanguage":"fr-FR","@id":"https:\/\/www.alternatievemiddelen.nl\/#\/schema\/logo\/image\/","url":"https:\/\/www.alternatievemiddelen.nl\/wp-content\/uploads\/2023\/10\/alternatievemiddelen-PNG-logo.png","contentUrl":"https:\/\/www.alternatievemiddelen.nl\/wp-content\/uploads\/2023\/10\/alternatievemiddelen-PNG-logo.png","width":6400,"height":3062,"caption":"Alternatievemiddelen.nl"},"image":{"@id":"https:\/\/www.alternatievemiddelen.nl\/#\/schema\/logo\/image\/"},"sameAs":["https:\/\/www.facebook.com\/alternatievemiddelen","https:\/\/www.instagram.com\/alternatievemiddelen.nl\/"]}]}},"_links":{"self":[{"href":"https:\/\/www.alternatievemiddelen.nl\/fr\/wp-json\/wp\/v2\/product\/34388","targetHints":{"allow":["GET"]}}],"collection":[{"href":"https:\/\/www.alternatievemiddelen.nl\/fr\/wp-json\/wp\/v2\/product"}],"about":[{"href":"https:\/\/www.alternatievemiddelen.nl\/fr\/wp-json\/wp\/v2\/types\/product"}],"replies":[{"embeddable":true,"href":"https:\/\/www.alternatievemiddelen.nl\/fr\/wp-json\/wp\/v2\/comments?post=34388"}],"wp:featuredmedia":[{"embeddable":true,"href":"https:\/\/www.alternatievemiddelen.nl\/fr\/wp-json\/wp\/v2\/media\/47386"}],"wp:attachment":[{"href":"https:\/\/www.alternatievemiddelen.nl\/fr\/wp-json\/wp\/v2\/media?parent=34388"}],"wp:term":[{"taxonomy":"product_brand","embeddable":true,"href":"https:\/\/www.alternatievemiddelen.nl\/fr\/wp-json\/wp\/v2\/product_brand?post=34388"},{"taxonomy":"product_cat","embeddable":true,"href":"https:\/\/www.alternatievemiddelen.nl\/fr\/wp-json\/wp\/v2\/product_cat?post=34388"},{"taxonomy":"product_tag","embeddable":true,"href":"https:\/\/www.alternatievemiddelen.nl\/fr\/wp-json\/wp\/v2\/product_tag?post=34388"},{"taxonomy":"merk","embeddable":true,"href":"https:\/\/www.alternatievemiddelen.nl\/fr\/wp-json\/wp\/v2\/merk?post=34388"}],"curies":[{"name":"wp","href":"https:\/\/api.w.org\/{rel}","templated":true}]}}