{"id":34402,"date":"2024-02-27T08:21:35","date_gmt":"2024-02-27T07:21:35","guid":{"rendered":"https:\/\/www.alternatievemiddelen.nl\/?post_type=product&#038;p=34402"},"modified":"2024-07-01T11:03:01","modified_gmt":"2024-07-01T09:03:01","slug":"nanotowels-poetsdoeken-groen-poetsen-zonder-poetsmiddel","status":"publish","type":"product","link":"https:\/\/www.alternatievemiddelen.nl\/fr\/produits\/nanotowels-chiffons-de-nettoyage-polish-vert-sans-polish\/","title":{"rendered":"NanoTowels chiffons de nettoyage 35 x 35 cm vert 4 pi\u00e8ces - polir sans polir"},"content":{"rendered":"<p>Les chiffons de nettoyage NanoTowels sont les chiffons de nettoyage \u00e9cologiques et sans produits chimiques les plus vendus aux \u00c9tats-Unis. Gr\u00e2ce \u00e0 cette technologie de pointe, il suffit de nettoyer avec de l'eau, ce qui remplace les serviettes en papier, les chiffons de nettoyage, les lingettes, les chiffons en microfibres et les produits de nettoyage chimiques souvent toxiques qui co\u00fbtent cher. Cela permet, par exemple, de rendre votre maison plus s\u00fbre, plus saine et plus \u00e9cologique, tout en \u00e9conomisant de l'argent.<\/p>\n<h3>\u00c0 quoi peuvent servir les chiffons de nettoyage NanoTowels ?<\/h3>\n<p>Les chiffons de nettoyage NanoTowels peuvent \u00eatre utilis\u00e9s de diff\u00e9rentes mani\u00e8res et sur de nombreuses surfaces dures. Lors du nettoyage, utilisez uniquement les chiffons de nettoyage NanoTowels au lieu, par exemple, d'autres chiffons de nettoyage et d'essuie-tout contenant des produits chimiques (cirages). Utilisez-les pour d\u00e9poussi\u00e9rer, laver les plans de travail, les sols, les plinthes, les carrelages, le granit, les salles de bains, le verre, l'acier inoxydable et partout o\u00f9 il y a eu des \u00e9claboussures.<br \/>\nVous pouvez \u00e9galement nettoyer l'int\u00e9rieur et l'ext\u00e9rieur de votre voiture, de votre SUV, de votre bateau ou de votre camping-car avec ce produit. Utilisez-le dans la salle de bains pour garder les miroirs propres et exempts de dentifrice, de laque et de maquillage. Essuyez facilement l'\u00e9vier et les accessoires chrom\u00e9s, de mani\u00e8re efficace et plus s\u00fbre.<\/p>\n<p>En fait, chaque fois que vous ressentez le besoin d'utiliser un chiffon de nettoyage ou une serviette en papier avec des produits d'entretien, il vous suffit de prendre un chiffon de nettoyage NanoTowels. Utilisez-la humide ou s\u00e8che et d\u00e9couvrez les innombrables fa\u00e7ons dont la fibre brevet\u00e9e Nanolon\u00ae peut vous aider \u00e0 mieux nettoyer votre maison. Ce faisant, vous pr\u00e9serverez l'environnement et vous \u00e9conomiserez de l'argent, bien s\u00fbr.<\/p>\n<h3>Qu'est-ce que la fibre Nanolon\u00ae ?<\/h3>\n<p>La fibre Nanolon est une technologie de tissu unique et r\u00e9volutionnaire qui est des centaines de fois plus fine qu'un cheveu humain et qui compte pr\u00e8s de 40 000 fibres Nanolon par centim\u00e8tre carr\u00e9. Elle capture facilement les liquides, la poussi\u00e8re et la salet\u00e9, comme un aimant et sans produits chimiques toxiques. Vous pouvez l'utiliser pour nettoyer et s\u00e9cher presque toutes les surfaces sans papier de cuisine et sans produits chimiques. Si le chiffon se salit, il suffit de le laver en machine et de le r\u00e9utiliser.<\/p>\n<h3>Comment puis-je utiliser les chiffons de nettoyage NanoTowels ?<\/h3>\n<p>Du moins sans produits de nettoyage chimiques. Les NanoTowels sont sp\u00e9cialement con\u00e7us pour offrir un nettoyage optimal avec uniquement de l'eau et sont tr\u00e8s faciles \u00e0 utiliser. Il suffit de vaporiser ou d'essuyer la zone \u00e0 nettoyer avec de l'eau, de la nettoyer avec le chiffon de polissage NanoTowels et de l'essuyer avec le c\u00f4t\u00e9 sec (ou d'utiliser un autre chiffon de polissage NanoTowels sec). Vous obtiendrez alors une surface propre, vraiment propre, car exempte de r\u00e9sidus chimiques. M\u00eame les surfaces difficiles \u00e0 nettoyer, comme les appareils en acier inoxydable et le verre, deviennent propres et sans traces avec seulement des chiffons de polissage NanoTowels et de l'eau. Ces chiffons de polissage uniques sont plus faciles et plus pratiques \u00e0 utiliser, tout aussi efficaces, potentiellement plus s\u00fbrs pour votre sant\u00e9 et exceptionnellement moins chers au fil du temps.<\/p>\n<h2>Les principaux avantages des chiffons de nettoyage NanoTowels (polissage sans lustre) en un coup d'\u0153il :<\/h2>\n<p>\u2714 <b>\u00c9pargne<\/b> - Des \u00e9conomies pour votre portefeuille, mais aussi pour l'environnement.<br \/>\n\u2714 <b>Un chiffon de nettoyage polyvalent<\/b> - Utilisez les chiffons de polissage NanoTowels pour nettoyer le verre, les plans de travail, les \u00e9viers, les baignoires, les sols, le bois, le granit, les tissus d'ameublement et m\u00eame l'acier inoxydable difficile \u00e0 nettoyer.<br \/>\n\u2714 <b>Plus facile et plus pratique \u00e0 utiliser<\/b> - Il faut moins d'\u00e9nergie et d'efforts pour acheter des vernis en permanence, et le fait de n'utiliser que de l'eau rend les choses encore plus faciles.<br \/>\n\u2714 <b>La sant\u00e9 pour vous et votre famille<\/b> - Certains probl\u00e8mes de sant\u00e9 peuvent \u00eatre attribu\u00e9s \u00e0 l'utilisation de nettoyants chimiques qui ne sont plus n\u00e9cessaires.<br \/>\n\u2714 <b>Rendre le monde un peu meilleur<\/b> - A titre d'exemple : Des millions d'arbres et de for\u00eats primaires sont abattus chaque ann\u00e9e pour satisfaire notre d\u00e9sir de serviettes en papier jetables. Seuls 2% de ce papier sont recycl\u00e9s.<br \/>\n\u2714 <b>Un bon retour sur investissement (ROI)<\/b> - Nous vivons dans un monde o\u00f9 les produits sont utilis\u00e9s et facilement jet\u00e9s. Les NanoTowels sont fabriqu\u00e9s en bonne qualit\u00e9 pour durer.<\/p>\n<h4>Contenu :<\/h4>\n<p>4 chiffons de nettoyage verts NanoTowels d'environ 35 x 35 cm<\/p>\n<p>Ce chiffon de polissage est disponible en diff\u00e9rentes couleurs. Pour tous les produits NanoTowels, voir la page d'accueil. <a href=\"https:\/\/www.alternatievemiddelen.nl\/fr\/categorie-de-produits-2\/produits-menagers-durables\/polissage-sans-polissage\/\">page de pr\u00e9sentation<\/a>.<\/p>","protected":false},"excerpt":{"rendered":"<p>NanoTowels chiffons de nettoyage verts (polir sans polir) - remplacent les serviettes en papier co\u00fbteuses, les chiffons de polissage et les nettoyants chimiques souvent toxiques.<\/p>","protected":false},"featured_media":31735,"comment_status":"open","ping_status":"closed","template":"","meta":[],"product_brand":[],"product_cat":[2924,3297],"product_tag":[3283,2929,2932,3298,3299,3300,3301,3302],"merk":[3455],"class_list":{"0":"post-34402","1":"product","2":"type-product","3":"status-publish","4":"has-post-thumbnail","6":"product_cat-duurzame-huishoudelijke-producten","7":"product_cat-poetsen-zonder-poetsmiddel","8":"product_tag-bespaart-geld","9":"product_tag-duurzaam","10":"product_tag-milieuvriendelijk","11":"product_tag-nanolon","12":"product_tag-nanotowels","13":"product_tag-poetsdoeken","14":"product_tag-poetsen","15":"product_tag-poetsen-zonder-poetsmiddel","16":"merk-life-miracle-usa","18":"first","19":"instock","20":"taxable","21":"shipping-taxable","22":"purchasable","23":"product-type-simple"},"bundled_by":[],"bundle_stock_status":"instock","bundle_stock_quantity":null,"bundle_virtual":false,"bundle_layout":"","bundle_add_to_cart_form_location":"","bundle_editable_in_cart":false,"bundle_sold_individually_context":"","bundle_item_grouping":"","bundle_min_size":"","bundle_max_size":"","bundle_price":[],"bundled_items":[],"bundle_sell_ids":[],"yoast_head":"<!-- This site is optimized with the Yoast SEO plugin v26.1 - https:\/\/yoast.com\/wordpress\/plugins\/seo\/ -->\n<title>NanoTowels poetsdoeken 35 x 35 cm groen 4 stuks - poetsen zonder poetsmiddel - Alternatievemiddelen.nl<\/title>\n<meta name=\"description\" content=\"NanoTowels poetsdoeken groen (poetsen zonder poetsmiddel) - vervangt dure papieren handdoeken, poetsdoeken en vaak giftige chemische reinigingsmiddelen.\" \/>\n<meta name=\"robots\" content=\"index, follow, max-snippet:-1, max-image-preview:large, max-video-preview:-1\" \/>\n<link rel=\"canonical\" href=\"https:\/\/www.alternatievemiddelen.nl\/fr\/wp-json\/wp\/v2\/product\/34402\" \/>\n<meta property=\"og:locale\" content=\"fr_FR\" \/>\n<meta property=\"og:type\" content=\"article\" \/>\n<meta property=\"og:title\" content=\"NanoTowels poetsdoeken 35 x 35 cm groen 4 stuks - poetsen zonder poetsmiddel - Alternatievemiddelen.nl\" \/>\n<meta property=\"og:description\" content=\"NanoTowels poetsdoeken groen (poetsen zonder poetsmiddel) - vervangt dure papieren handdoeken, poetsdoeken en vaak giftige chemische reinigingsmiddelen.\" \/>\n<meta property=\"og:url\" content=\"https:\/\/www.alternatievemiddelen.nl\/fr\/produits\/nanotowels-chiffons-de-nettoyage-polish-vert-sans-polish\/\" \/>\n<meta property=\"og:site_name\" content=\"Alternatievemiddelen.nl\" \/>\n<meta property=\"article:modified_time\" content=\"2024-07-01T09:03:01+00:00\" \/>\n<meta property=\"og:image\" content=\"\/wp-content\/uploads\/2023\/12\/NanoTowels-groen-poetsen-zonder-poetsmiddel.jpg\" \/>\n\t<meta property=\"og:image:width\" content=\"1200\" \/>\n\t<meta property=\"og:image:height\" content=\"1600\" \/>\n\t<meta property=\"og:image:type\" content=\"image\/jpeg\" \/>\n<meta name=\"twitter:card\" content=\"summary_large_image\" \/>\n<meta name=\"twitter:label1\" content=\"Dur\u00e9e de lecture estim\u00e9e\" \/>\n\t<meta name=\"twitter:data1\" content=\"4 minutes\" \/>\n<script type=\"application\/ld+json\" class=\"yoast-schema-graph\">{\"@context\":\"https:\/\/schema.org\",\"@graph\":[{\"@type\":[\"WebPage\",\"ItemPage\"],\"@id\":\"https:\/\/www.alternatievemiddelen.nl\/producten\/nanotowels-poetsdoeken-groen-poetsen-zonder-poetsmiddel\/\",\"url\":\"https:\/\/www.alternatievemiddelen.nl\/producten\/nanotowels-poetsdoeken-groen-poetsen-zonder-poetsmiddel\/\",\"name\":\"NanoTowels poetsdoeken 35 x 35 cm groen 4 stuks - poetsen zonder poetsmiddel - Alternatievemiddelen.nl\",\"isPartOf\":{\"@id\":\"https:\/\/www.alternatievemiddelen.nl\/#website\"},\"primaryImageOfPage\":{\"@id\":\"https:\/\/www.alternatievemiddelen.nl\/producten\/nanotowels-poetsdoeken-groen-poetsen-zonder-poetsmiddel\/#primaryimage\"},\"image\":{\"@id\":\"https:\/\/www.alternatievemiddelen.nl\/producten\/nanotowels-poetsdoeken-groen-poetsen-zonder-poetsmiddel\/#primaryimage\"},\"thumbnailUrl\":\"https:\/\/www.alternatievemiddelen.nl\/wp-content\/uploads\/2023\/12\/NanoTowels-groen-poetsen-zonder-poetsmiddel.jpg\",\"datePublished\":\"2024-02-27T07:21:35+00:00\",\"dateModified\":\"2024-07-01T09:03:01+00:00\",\"description\":\"NanoTowels poetsdoeken groen (poetsen zonder poetsmiddel) - vervangt dure papieren handdoeken, poetsdoeken en vaak giftige chemische reinigingsmiddelen.\",\"breadcrumb\":{\"@id\":\"https:\/\/www.alternatievemiddelen.nl\/producten\/nanotowels-poetsdoeken-groen-poetsen-zonder-poetsmiddel\/#breadcrumb\"},\"inLanguage\":\"fr-FR\",\"potentialAction\":[{\"@type\":\"ReadAction\",\"target\":[\"https:\/\/www.alternatievemiddelen.nl\/producten\/nanotowels-poetsdoeken-groen-poetsen-zonder-poetsmiddel\/\"]}]},{\"@type\":\"ImageObject\",\"inLanguage\":\"fr-FR\",\"@id\":\"https:\/\/www.alternatievemiddelen.nl\/producten\/nanotowels-poetsdoeken-groen-poetsen-zonder-poetsmiddel\/#primaryimage\",\"url\":\"https:\/\/www.alternatievemiddelen.nl\/wp-content\/uploads\/2023\/12\/NanoTowels-groen-poetsen-zonder-poetsmiddel.jpg\",\"contentUrl\":\"https:\/\/www.alternatievemiddelen.nl\/wp-content\/uploads\/2023\/12\/NanoTowels-groen-poetsen-zonder-poetsmiddel.jpg\",\"width\":1200,\"height\":1600,\"caption\":\"NanoTowels groen\"},{\"@type\":\"BreadcrumbList\",\"@id\":\"https:\/\/www.alternatievemiddelen.nl\/producten\/nanotowels-poetsdoeken-groen-poetsen-zonder-poetsmiddel\/#breadcrumb\",\"itemListElement\":[{\"@type\":\"ListItem\",\"position\":1,\"name\":\"Home\",\"item\":\"https:\/\/www.alternatievemiddelen.nl\/\"},{\"@type\":\"ListItem\",\"position\":2,\"name\":\"Producten\",\"item\":\"https:\/\/www.alternatievemiddelen.nl\/producten\/\"},{\"@type\":\"ListItem\",\"position\":3,\"name\":\"NanoTowels poetsdoeken 35 x 35 cm groen 4 stuks &#8211; poetsen zonder poetsmiddel\"}]},{\"@type\":\"WebSite\",\"@id\":\"https:\/\/www.alternatievemiddelen.nl\/#website\",\"url\":\"https:\/\/www.alternatievemiddelen.nl\/\",\"name\":\"Alternatievemiddelen.nl\",\"description\":\"Webshop met gezonde, duurzame en ecologische alternatieve mogelijkheden in de hedendaagse levenstijl. Alles uit eigen ervaring.\",\"publisher\":{\"@id\":\"https:\/\/www.alternatievemiddelen.nl\/#organization\"},\"potentialAction\":[{\"@type\":\"SearchAction\",\"target\":{\"@type\":\"EntryPoint\",\"urlTemplate\":\"https:\/\/www.alternatievemiddelen.nl\/?s={search_term_string}\"},\"query-input\":{\"@type\":\"PropertyValueSpecification\",\"valueRequired\":true,\"valueName\":\"search_term_string\"}}],\"inLanguage\":\"fr-FR\"},{\"@type\":\"Organization\",\"@id\":\"https:\/\/www.alternatievemiddelen.nl\/#organization\",\"name\":\"Alternatievemiddelen.nl\",\"url\":\"https:\/\/www.alternatievemiddelen.nl\/\",\"logo\":{\"@type\":\"ImageObject\",\"inLanguage\":\"fr-FR\",\"@id\":\"https:\/\/www.alternatievemiddelen.nl\/#\/schema\/logo\/image\/\",\"url\":\"https:\/\/www.alternatievemiddelen.nl\/wp-content\/uploads\/2023\/10\/alternatievemiddelen-PNG-logo.png\",\"contentUrl\":\"https:\/\/www.alternatievemiddelen.nl\/wp-content\/uploads\/2023\/10\/alternatievemiddelen-PNG-logo.png\",\"width\":6400,\"height\":3062,\"caption\":\"Alternatievemiddelen.nl\"},\"image\":{\"@id\":\"https:\/\/www.alternatievemiddelen.nl\/#\/schema\/logo\/image\/\"}}]}<\/script>\n<!-- \/ Yoast SEO plugin. -->","yoast_head_json":{"title":"NanoTowels poetsdoeken 35 x 35 cm groen 4 stuks - poetsen zonder poetsmiddel - Alternatievemiddelen.nl","description":"NanoTowels poetsdoeken groen (poetsen zonder poetsmiddel) - vervangt dure papieren handdoeken, poetsdoeken en vaak giftige chemische reinigingsmiddelen.","robots":{"index":"index","follow":"follow","max-snippet":"max-snippet:-1","max-image-preview":"max-image-preview:large","max-video-preview":"max-video-preview:-1"},"canonical":"https:\/\/www.alternatievemiddelen.nl\/fr\/wp-json\/wp\/v2\/product\/34402","og_locale":"fr_FR","og_type":"article","og_title":"NanoTowels poetsdoeken 35 x 35 cm groen 4 stuks - poetsen zonder poetsmiddel - Alternatievemiddelen.nl","og_description":"NanoTowels poetsdoeken groen (poetsen zonder poetsmiddel) - vervangt dure papieren handdoeken, poetsdoeken en vaak giftige chemische reinigingsmiddelen.","og_url":"https:\/\/www.alternatievemiddelen.nl\/fr\/produits\/nanotowels-chiffons-de-nettoyage-polish-vert-sans-polish\/","og_site_name":"Alternatievemiddelen.nl","article_modified_time":"2024-07-01T09:03:01+00:00","og_image":[{"width":1200,"height":1600,"url":"\/wp-content\/uploads\/2023\/12\/NanoTowels-groen-poetsen-zonder-poetsmiddel.jpg","type":"image\/jpeg"}],"twitter_card":"summary_large_image","twitter_misc":{"Dur\u00e9e de lecture estim\u00e9e":"4 minutes"},"schema":{"@context":"https:\/\/schema.org","@graph":[{"@type":["WebPage","ItemPage"],"@id":"https:\/\/www.alternatievemiddelen.nl\/producten\/nanotowels-poetsdoeken-groen-poetsen-zonder-poetsmiddel\/","url":"https:\/\/www.alternatievemiddelen.nl\/producten\/nanotowels-poetsdoeken-groen-poetsen-zonder-poetsmiddel\/","name":"NanoTowels poetsdoeken 35 x 35 cm groen 4 stuks - poetsen zonder poetsmiddel - Alternatievemiddelen.nl","isPartOf":{"@id":"https:\/\/www.alternatievemiddelen.nl\/#website"},"primaryImageOfPage":{"@id":"https:\/\/www.alternatievemiddelen.nl\/producten\/nanotowels-poetsdoeken-groen-poetsen-zonder-poetsmiddel\/#primaryimage"},"image":{"@id":"https:\/\/www.alternatievemiddelen.nl\/producten\/nanotowels-poetsdoeken-groen-poetsen-zonder-poetsmiddel\/#primaryimage"},"thumbnailUrl":"https:\/\/www.alternatievemiddelen.nl\/wp-content\/uploads\/2023\/12\/NanoTowels-groen-poetsen-zonder-poetsmiddel.jpg","datePublished":"2024-02-27T07:21:35+00:00","dateModified":"2024-07-01T09:03:01+00:00","description":"NanoTowels poetsdoeken groen (poetsen zonder poetsmiddel) - vervangt dure papieren handdoeken, poetsdoeken en vaak giftige chemische reinigingsmiddelen.","breadcrumb":{"@id":"https:\/\/www.alternatievemiddelen.nl\/producten\/nanotowels-poetsdoeken-groen-poetsen-zonder-poetsmiddel\/#breadcrumb"},"inLanguage":"fr-FR","potentialAction":[{"@type":"ReadAction","target":["https:\/\/www.alternatievemiddelen.nl\/producten\/nanotowels-poetsdoeken-groen-poetsen-zonder-poetsmiddel\/"]}]},{"@type":"ImageObject","inLanguage":"fr-FR","@id":"https:\/\/www.alternatievemiddelen.nl\/producten\/nanotowels-poetsdoeken-groen-poetsen-zonder-poetsmiddel\/#primaryimage","url":"https:\/\/www.alternatievemiddelen.nl\/wp-content\/uploads\/2023\/12\/NanoTowels-groen-poetsen-zonder-poetsmiddel.jpg","contentUrl":"https:\/\/www.alternatievemiddelen.nl\/wp-content\/uploads\/2023\/12\/NanoTowels-groen-poetsen-zonder-poetsmiddel.jpg","width":1200,"height":1600,"caption":"NanoTowels groen"},{"@type":"BreadcrumbList","@id":"https:\/\/www.alternatievemiddelen.nl\/producten\/nanotowels-poetsdoeken-groen-poetsen-zonder-poetsmiddel\/#breadcrumb","itemListElement":[{"@type":"ListItem","position":1,"name":"Home","item":"https:\/\/www.alternatievemiddelen.nl\/"},{"@type":"ListItem","position":2,"name":"Producten","item":"https:\/\/www.alternatievemiddelen.nl\/producten\/"},{"@type":"ListItem","position":3,"name":"NanoTowels poetsdoeken 35 x 35 cm groen 4 stuks &#8211; poetsen zonder poetsmiddel"}]},{"@type":"WebSite","@id":"https:\/\/www.alternatievemiddelen.nl\/#website","url":"https:\/\/www.alternatievemiddelen.nl\/","name":"Alternatievemiddelen.nl","description":"Webshop met gezonde, duurzame en ecologische alternatieve mogelijkheden in de hedendaagse levenstijl. Alles uit eigen ervaring.","publisher":{"@id":"https:\/\/www.alternatievemiddelen.nl\/#organization"},"potentialAction":[{"@type":"SearchAction","target":{"@type":"EntryPoint","urlTemplate":"https:\/\/www.alternatievemiddelen.nl\/?s={search_term_string}"},"query-input":{"@type":"PropertyValueSpecification","valueRequired":true,"valueName":"search_term_string"}}],"inLanguage":"fr-FR"},{"@type":"Organization","@id":"https:\/\/www.alternatievemiddelen.nl\/#organization","name":"Alternatievemiddelen.nl","url":"https:\/\/www.alternatievemiddelen.nl\/","logo":{"@type":"ImageObject","inLanguage":"fr-FR","@id":"https:\/\/www.alternatievemiddelen.nl\/#\/schema\/logo\/image\/","url":"https:\/\/www.alternatievemiddelen.nl\/wp-content\/uploads\/2023\/10\/alternatievemiddelen-PNG-logo.png","contentUrl":"https:\/\/www.alternatievemiddelen.nl\/wp-content\/uploads\/2023\/10\/alternatievemiddelen-PNG-logo.png","width":6400,"height":3062,"caption":"Alternatievemiddelen.nl"},"image":{"@id":"https:\/\/www.alternatievemiddelen.nl\/#\/schema\/logo\/image\/"}}]}},"_links":{"self":[{"href":"https:\/\/www.alternatievemiddelen.nl\/fr\/wp-json\/wp\/v2\/product\/34402","targetHints":{"allow":["GET"]}}],"collection":[{"href":"https:\/\/www.alternatievemiddelen.nl\/fr\/wp-json\/wp\/v2\/product"}],"about":[{"href":"https:\/\/www.alternatievemiddelen.nl\/fr\/wp-json\/wp\/v2\/types\/product"}],"replies":[{"embeddable":true,"href":"https:\/\/www.alternatievemiddelen.nl\/fr\/wp-json\/wp\/v2\/comments?post=34402"}],"wp:featuredmedia":[{"embeddable":true,"href":"https:\/\/www.alternatievemiddelen.nl\/fr\/wp-json\/wp\/v2\/media\/31735"}],"wp:attachment":[{"href":"https:\/\/www.alternatievemiddelen.nl\/fr\/wp-json\/wp\/v2\/media?parent=34402"}],"wp:term":[{"taxonomy":"product_brand","embeddable":true,"href":"https:\/\/www.alternatievemiddelen.nl\/fr\/wp-json\/wp\/v2\/product_brand?post=34402"},{"taxonomy":"product_cat","embeddable":true,"href":"https:\/\/www.alternatievemiddelen.nl\/fr\/wp-json\/wp\/v2\/product_cat?post=34402"},{"taxonomy":"product_tag","embeddable":true,"href":"https:\/\/www.alternatievemiddelen.nl\/fr\/wp-json\/wp\/v2\/product_tag?post=34402"},{"taxonomy":"merk","embeddable":true,"href":"https:\/\/www.alternatievemiddelen.nl\/fr\/wp-json\/wp\/v2\/merk?post=34402"}],"curies":[{"name":"wp","href":"https:\/\/api.w.org\/{rel}","templated":true}]}}