{"id":34412,"date":"2024-02-27T08:21:42","date_gmt":"2024-02-27T07:21:42","guid":{"rendered":"https:\/\/www.alternatievemiddelen.nl\/?post_type=product&#038;p=34412"},"modified":"2026-03-28T14:28:35","modified_gmt":"2026-03-28T13:28:35","slug":"royal-berkey-waterfilter","status":"publish","type":"product","link":"https:\/\/www.alternatievemiddelen.nl\/fr\/produits\/filtre-a-eau-royal-berkey\/","title":{"rendered":"Royal Berkey Filtre \u00e0 eau 12.3L"},"content":{"rendered":"<p>Le filtre \u00e0 eau Royal Berkey - Berkey est l'une des marques de filtres \u00e0 eau et de syst\u00e8mes de purification les plus vendues au monde. Il est recommand\u00e9 par plusieurs magazines de sant\u00e9, laboratoires et sites Internet ind\u00e9pendants consacr\u00e9s \u00e0 la sant\u00e9. Elle compte des millions de clients satisfaits dans le monde entier.<br \/>\n&nbsp;<\/p>\n<h3>Informations sur le filtre \u00e0 eau Royal Berkey<\/h3>\n<p>Les filtres \u00e0 eau Berkey filtrent plus de 99,9% du chlore, des virus, des bact\u00e9ries, des kystes, des r\u00e9sidus de m\u00e9dicaments, des parasites et des contaminants chimiques dangereux. Les m\u00e9taux lourds sont filtr\u00e9s pendant 95% (jusqu'\u00e0 pr\u00e8s de 100% m\u00eame avec un filtre \u00e0 eau de Berkey).\u00a0<a href=\"https:\/\/www.alternatievemiddelen.nl\/fr\/produits\/elements-filtrants-pour-le-fluorure-et-larsenic\/\">filtres \u00e0 fluorure et \u00e0 arsenic<\/a>). Cela permet de pr\u00e9server les min\u00e9raux essentiels dont votre corps a besoin.<\/p>\n<p>Le filtre \u00e0 eau Royal Berkey est livr\u00e9 avec 2 pi\u00e8ces d'origine <a href=\"https:\/\/www.alternatievemiddelen.nl\/fr\/produits\/elements-de-filtre-a-eau-black-berkey\/\">\u00c9l\u00e9ments filtrants Berkey noirs<\/a> et peut \u00eatre \u00e9tendu \u00e0 quatre \u00e9l\u00e9ments. <a href=\"https:\/\/www.alternatievemiddelen.nl\/fr\/produits\/elements-de-filtre-a-eau-black-berkey\/\">\u00c9l\u00e9ments filtrants Berkey noirs<\/a> utilisent les derniers d\u00e9veloppements technologiques en mati\u00e8re de purification de l'eau. Les filtres \u00e0 eau Berkey sont donc consid\u00e9r\u00e9s comme les meilleurs et les plus durables syst\u00e8mes de filtration d'eau sur le march\u00e9 et sont les filtres \u00e0 eau portables les plus performants. Les \u00e9l\u00e9ments filtrants Black Berkey ont \u00e9t\u00e9 test\u00e9s par un laboratoire ind\u00e9pendant conform\u00e9ment aux normes 42 et 53 de la NSF\/ANSI. <a href=\"https:\/\/www.alternatievemiddelen.nl\/wp-content\/uploads\/2023\/07\/Testrapport-Black-Berkey-filterelementen.pdf\" target=\"_blank\" rel=\"noopener\">rapport de laboratoire<\/a> pour plus de d\u00e9tails.<\/p>\n<p>L'appareil a une capacit\u00e9 d'environ 12,3 litres d'eau, ce qui est largement suffisant pour la plupart des besoins. Vous pouvez utiliser les \u00e9l\u00e9ments filtrants Black Berkey pendant plusieurs ann\u00e9es, ce qui signifie que vous r\u00e9cup\u00e9rerez rapidement l'unit\u00e9 par rapport \u00e0 d'autres marques de filtres \u00e0 eau.<\/p>\n<p>Le bo\u00eetier est en acier inoxydable poli (304), pour une longue dur\u00e9e de vie.<br \/>\n&nbsp;<\/p>\n<h3>Caract\u00e9ristiques Royal Berkey Filtre \u00e0 eau<\/h3>\n<ul>\n<li>Le filtre \u00e0 eau id\u00e9al pour la maison et le bureau. Convient pour une utilisation par 2 \u00e0 6 personnes<\/li>\n<li>Filtre les virus, les bact\u00e9ries, les kystes et les parasites pendant plus de 99,9%<\/li>\n<li>Filtre les pesticides et les r\u00e9sidus de m\u00e9dicaments si bien qu'il n'est plus mesurable<\/li>\n<li>Filtre les m\u00e9taux lourds pendant plus de 95% (jusqu'\u00e0 pr\u00e8s de 100% m\u00eame avec des filtres \u00e0 particules).\u00a0<a href=\"https:\/\/www.alternatievemiddelen.nl\/fr\/produits\/elements-filtrants-pour-le-fluorure-et-larsenic\/\">filtres \u00e0 fluorure et \u00e0 arsenic<\/a>)<\/li>\n<li>Facile \u00e0 utiliser<\/li>\n<li>Capacit\u00e9 de 12,3 litres<\/li>\n<li>Fourni en standard avec 2 <a href=\"https:\/\/www.alternatievemiddelen.nl\/fr\/produits\/elements-de-filtre-a-eau-black-berkey\/\">\u00c9l\u00e9ments filtrants Berkey noirs<\/a><\/li>\n<li>Extensible jusqu'\u00e0 4\u00a0<a href=\"https:\/\/www.alternatievemiddelen.nl\/fr\/produits\/elements-de-filtre-a-eau-black-berkey\/\">\u00c9l\u00e9ments filtrants Berkey noirs<\/a><\/li>\n<li>Acier inoxydable AISI 304 poli et tr\u00e8s durable<\/li>\n<li>Filtre 15,1 litres par heure avec 2 \u00e9l\u00e9ments<\/li>\n<li>Filtre 30,2 litres par heure avec 4 \u00e9l\u00e9ments<\/li>\n<li>Hauteur : 58,4 cm<\/li>\n<li>Diam\u00e8tre : 24 cm<\/li>\n<\/ul>\n<p>&nbsp;<\/p>\n<h3>Contenu de la bo\u00eete<\/h3>\n<p>La bo\u00eete du filtre \u00e0 eau Royal Berkey comprend : 2 chambres en acier inoxydable (haut et bas), 2 \u00e9l\u00e9ments filtrants Black Berkey, 1 couvercle en acier inoxydable, 1 robinet en plastique (avec mat\u00e9riel de montage), 2 \u00e9crous \u00e0 oreilles (pour les \u00e9l\u00e9ments filtrants Black Berkey), 2 rondelles (pour les \u00e9l\u00e9ments filtrants Black Berkey), 1 bouton d'amor\u00e7age (pour amorcer les \u00e9l\u00e9ments filtrants Black Berkey), 2 bouchons de blocage (pour remplir les trous libres, qui peuvent ainsi \u00eatre utilis\u00e9s pour \u00e9tendre le filtre \u00e0 eau avec des \u00e9l\u00e9ments filtrants Black Berkey suppl\u00e9mentaires) et l'\u00e9tiquette du filtre \u00e0 eau Royal Berkey (pour les \u00e9l\u00e9ments filtrants Black Berkey). <a href=\"https:\/\/www.alternatievemiddelen.nl\/fr\/produits\/kit-damorcage-pour-filtres-a-eau-berkey\/\">D\u00e9marreur d'amor\u00e7age Kit<\/a>.<br \/>\n&nbsp;<\/p>\n<h3>Installation<\/h3>\n<p>Vous pouvez facilement assembler le Royal Berkey en quelques minutes sans outils. La premi\u00e8re \u00e9tape de la pr\u00e9paration d'un filtre \u00e0 eau Berkey est l'amor\u00e7age. <a href=\"https:\/\/www.alternatievemiddelen.nl\/fr\/produits\/elements-de-filtre-a-eau-black-berkey\/\">\u00c9l\u00e9ments filtrants Berkey noirs<\/a>. Il est important que cela soit fait correctement, sinon la purification de l'eau prendra beaucoup de temps. Pour toute information sur les filtres \u00e0 eau Berkey, veuillez vous r\u00e9f\u00e9rer \u00e0 notre site web <a href=\"https:\/\/www.alternatievemiddelen.nl\/fr\/la-bibliotheque\/\">biblioth\u00e8que<\/a>qui comprend des manuels, des vid\u00e9os d'instruction et des r\u00e9ponses aux questions les plus fr\u00e9quemment pos\u00e9es. En cas d'\u00e9chec de l'amor\u00e7age avec le robinet, un <a href=\"https:\/\/www.alternatievemiddelen.nl\/fr\/produits\/pompe-damorcage-de-filtre-automatique-boroux\/\">pompe d'amor\u00e7age automatique<\/a> ou <a href=\"https:\/\/www.alternatievemiddelen.nl\/fr\/produits\/amorce-black-berkey\/\">pompe d'amor\u00e7age manuelle<\/a> commander chez nous.<\/p>","protected":false},"excerpt":{"rendered":"<p>Le filtre \u00e0 eau Royal Berkey <b><u>avec 2 \u00e9l\u00e9ments filtrants Berkey noirs d'origine<\/u><\/b>. Le filtre \u00e0 eau id\u00e9al pour la maison. Convient pour une utilisation par 2 \u00e0 6 personnes.<\/p>","protected":false},"featured_media":50548,"comment_status":"open","ping_status":"closed","template":"","meta":[],"product_brand":[],"product_cat":[2971,2972],"product_tag":[2961,2974,2929,2976,2875,2977,3010,3235,2967,2885,2979,2980,2981],"merk":[3432],"class_list":{"0":"post-34412","1":"product","2":"type-product","3":"status-publish","4":"has-post-thumbnail","6":"product_cat-waterfilters","7":"product_cat-waterfilter","8":"product_tag-berkey","9":"product_tag-black-berkey","10":"product_tag-duurzaam","11":"product_tag-filterelement","12":"product_tag-gezondheid","13":"product_tag-hormoonvrij","14":"product_tag-roestvrij","15":"product_tag-royal-berkey","16":"product_tag-schoon","17":"product_tag-water","18":"product_tag-waterfilter","19":"product_tag-waterzuivering","20":"product_tag-zuiver","21":"merk-berkey","23":"first","24":"instock","25":"taxable","26":"shipping-taxable","27":"purchasable","28":"product-type-simple"},"bundled_by":["34566","34471","34527"],"bundle_stock_status":"instock","bundle_stock_quantity":null,"bundle_virtual":false,"bundle_layout":"","bundle_add_to_cart_form_location":"","bundle_editable_in_cart":false,"bundle_sold_individually_context":"","bundle_item_grouping":"","bundle_min_size":"","bundle_max_size":"","bundle_price":[],"bundled_items":[],"bundle_sell_ids":[44176,34567,50681,34442,34521,34525,34339,47576,34415,48681,34414],"yoast_head":"<!-- This site is optimized with the Yoast SEO plugin v26.1 - https:\/\/yoast.com\/wordpress\/plugins\/seo\/ -->\n<title>Royal Berkey Waterfilter 12,3L - Alternatievemiddelen.nl<\/title>\n<meta name=\"description\" content=\"De Royal Berkey waterfilter met 2 of 4 originele Black Berkey filterelementen. De ideale waterfilter voor thuis. Geschikt voor gebruik door 2-6 personen.\" \/>\n<meta name=\"robots\" content=\"index, follow, max-snippet:-1, max-image-preview:large, max-video-preview:-1\" \/>\n<link rel=\"canonical\" href=\"https:\/\/www.alternatievemiddelen.nl\/fr\/wp-json\/wp\/v2\/product\/34412\" \/>\n<meta property=\"og:locale\" content=\"fr_FR\" \/>\n<meta property=\"og:type\" content=\"article\" \/>\n<meta property=\"og:title\" content=\"Royal Berkey Waterfilter 12,3L - Alternatievemiddelen.nl\" \/>\n<meta property=\"og:description\" content=\"De Royal Berkey waterfilter met 2 of 4 originele Black Berkey filterelementen. De ideale waterfilter voor thuis. Geschikt voor gebruik door 2-6 personen.\" \/>\n<meta property=\"og:url\" content=\"https:\/\/www.alternatievemiddelen.nl\/fr\/produits\/filtre-a-eau-royal-berkey\/\" \/>\n<meta property=\"og:site_name\" content=\"Alternatievemiddelen.nl\" \/>\n<meta property=\"article:publisher\" content=\"https:\/\/www.facebook.com\/alternatievemiddelen\" \/>\n<meta property=\"article:modified_time\" content=\"2026-03-28T13:28:35+00:00\" \/>\n<meta property=\"og:image\" content=\"\/wp-content\/uploads\/2026\/01\/Royal-Berkey-originele-black-berkey-filters.jpg\" \/>\n\t<meta property=\"og:image:width\" content=\"1200\" \/>\n\t<meta property=\"og:image:height\" content=\"1600\" \/>\n\t<meta property=\"og:image:type\" content=\"image\/jpeg\" \/>\n<meta name=\"twitter:card\" content=\"summary_large_image\" \/>\n<meta name=\"twitter:label1\" content=\"Dur\u00e9e de lecture estim\u00e9e\" \/>\n\t<meta name=\"twitter:data1\" content=\"3 minutes\" \/>\n<script type=\"application\/ld+json\" class=\"yoast-schema-graph\">{\"@context\":\"https:\/\/schema.org\",\"@graph\":[{\"@type\":[\"WebPage\",\"ItemPage\"],\"@id\":\"https:\/\/www.alternatievemiddelen.nl\/producten\/royal-berkey-waterfilter\/\",\"url\":\"https:\/\/www.alternatievemiddelen.nl\/producten\/royal-berkey-waterfilter\/\",\"name\":\"Royal Berkey Waterfilter 12,3L - Alternatievemiddelen.nl\",\"isPartOf\":{\"@id\":\"https:\/\/www.alternatievemiddelen.nl\/#website\"},\"primaryImageOfPage\":{\"@id\":\"https:\/\/www.alternatievemiddelen.nl\/producten\/royal-berkey-waterfilter\/#primaryimage\"},\"image\":{\"@id\":\"https:\/\/www.alternatievemiddelen.nl\/producten\/royal-berkey-waterfilter\/#primaryimage\"},\"thumbnailUrl\":\"https:\/\/www.alternatievemiddelen.nl\/wp-content\/uploads\/2026\/01\/Royal-Berkey-originele-black-berkey-filters.jpg\",\"datePublished\":\"2024-02-27T07:21:42+00:00\",\"dateModified\":\"2026-03-28T13:28:35+00:00\",\"description\":\"De Royal Berkey waterfilter met 2 of 4 originele Black Berkey filterelementen. De ideale waterfilter voor thuis. Geschikt voor gebruik door 2-6 personen.\",\"breadcrumb\":{\"@id\":\"https:\/\/www.alternatievemiddelen.nl\/producten\/royal-berkey-waterfilter\/#breadcrumb\"},\"inLanguage\":\"fr-FR\",\"potentialAction\":[{\"@type\":\"ReadAction\",\"target\":[\"https:\/\/www.alternatievemiddelen.nl\/producten\/royal-berkey-waterfilter\/\"]}]},{\"@type\":\"ImageObject\",\"inLanguage\":\"fr-FR\",\"@id\":\"https:\/\/www.alternatievemiddelen.nl\/producten\/royal-berkey-waterfilter\/#primaryimage\",\"url\":\"https:\/\/www.alternatievemiddelen.nl\/wp-content\/uploads\/2026\/01\/Royal-Berkey-originele-black-berkey-filters.jpg\",\"contentUrl\":\"https:\/\/www.alternatievemiddelen.nl\/wp-content\/uploads\/2026\/01\/Royal-Berkey-originele-black-berkey-filters.jpg\",\"width\":1200,\"height\":1600,\"caption\":\"Royal Berkey met originele Black Berkey filters\"},{\"@type\":\"BreadcrumbList\",\"@id\":\"https:\/\/www.alternatievemiddelen.nl\/producten\/royal-berkey-waterfilter\/#breadcrumb\",\"itemListElement\":[{\"@type\":\"ListItem\",\"position\":1,\"name\":\"Home\",\"item\":\"https:\/\/www.alternatievemiddelen.nl\/\"},{\"@type\":\"ListItem\",\"position\":2,\"name\":\"Producten\",\"item\":\"https:\/\/www.alternatievemiddelen.nl\/producten\/\"},{\"@type\":\"ListItem\",\"position\":3,\"name\":\"Royal Berkey Waterfilter 12,3L\"}]},{\"@type\":\"WebSite\",\"@id\":\"https:\/\/www.alternatievemiddelen.nl\/#website\",\"url\":\"https:\/\/www.alternatievemiddelen.nl\/\",\"name\":\"Alternatievemiddelen.nl\",\"description\":\"Webshop met gezonde, duurzame en ecologische alternatieve mogelijkheden in de hedendaagse levenstijl. Alles uit eigen ervaring.\",\"publisher\":{\"@id\":\"https:\/\/www.alternatievemiddelen.nl\/#organization\"},\"alternateName\":\"Alternatieve Middelen\",\"potentialAction\":[{\"@type\":\"SearchAction\",\"target\":{\"@type\":\"EntryPoint\",\"urlTemplate\":\"https:\/\/www.alternatievemiddelen.nl\/?s={search_term_string}\"},\"query-input\":{\"@type\":\"PropertyValueSpecification\",\"valueRequired\":true,\"valueName\":\"search_term_string\"}}],\"inLanguage\":\"fr-FR\"},{\"@type\":\"Organization\",\"@id\":\"https:\/\/www.alternatievemiddelen.nl\/#organization\",\"name\":\"Alternatievemiddelen.nl\",\"alternateName\":\"Alternatieve Middelen\",\"url\":\"https:\/\/www.alternatievemiddelen.nl\/\",\"logo\":{\"@type\":\"ImageObject\",\"inLanguage\":\"fr-FR\",\"@id\":\"https:\/\/www.alternatievemiddelen.nl\/#\/schema\/logo\/image\/\",\"url\":\"https:\/\/www.alternatievemiddelen.nl\/wp-content\/uploads\/2023\/10\/alternatievemiddelen-PNG-logo.png\",\"contentUrl\":\"https:\/\/www.alternatievemiddelen.nl\/wp-content\/uploads\/2023\/10\/alternatievemiddelen-PNG-logo.png\",\"width\":6400,\"height\":3062,\"caption\":\"Alternatievemiddelen.nl\"},\"image\":{\"@id\":\"https:\/\/www.alternatievemiddelen.nl\/#\/schema\/logo\/image\/\"},\"sameAs\":[\"https:\/\/www.facebook.com\/alternatievemiddelen\",\"https:\/\/www.instagram.com\/alternatievemiddelen.nl\/\"]}]}<\/script>\n<!-- \/ Yoast SEO plugin. -->","yoast_head_json":{"title":"Royal Berkey Waterfilter 12,3L - Alternatievemiddelen.nl","description":"De Royal Berkey waterfilter met 2 of 4 originele Black Berkey filterelementen. De ideale waterfilter voor thuis. Geschikt voor gebruik door 2-6 personen.","robots":{"index":"index","follow":"follow","max-snippet":"max-snippet:-1","max-image-preview":"max-image-preview:large","max-video-preview":"max-video-preview:-1"},"canonical":"https:\/\/www.alternatievemiddelen.nl\/fr\/wp-json\/wp\/v2\/product\/34412","og_locale":"fr_FR","og_type":"article","og_title":"Royal Berkey Waterfilter 12,3L - Alternatievemiddelen.nl","og_description":"De Royal Berkey waterfilter met 2 of 4 originele Black Berkey filterelementen. De ideale waterfilter voor thuis. Geschikt voor gebruik door 2-6 personen.","og_url":"https:\/\/www.alternatievemiddelen.nl\/fr\/produits\/filtre-a-eau-royal-berkey\/","og_site_name":"Alternatievemiddelen.nl","article_publisher":"https:\/\/www.facebook.com\/alternatievemiddelen","article_modified_time":"2026-03-28T13:28:35+00:00","og_image":[{"width":1200,"height":1600,"url":"\/wp-content\/uploads\/2026\/01\/Royal-Berkey-originele-black-berkey-filters.jpg","type":"image\/jpeg"}],"twitter_card":"summary_large_image","twitter_misc":{"Dur\u00e9e de lecture estim\u00e9e":"3 minutes"},"schema":{"@context":"https:\/\/schema.org","@graph":[{"@type":["WebPage","ItemPage"],"@id":"https:\/\/www.alternatievemiddelen.nl\/producten\/royal-berkey-waterfilter\/","url":"https:\/\/www.alternatievemiddelen.nl\/producten\/royal-berkey-waterfilter\/","name":"Royal Berkey Waterfilter 12,3L - Alternatievemiddelen.nl","isPartOf":{"@id":"https:\/\/www.alternatievemiddelen.nl\/#website"},"primaryImageOfPage":{"@id":"https:\/\/www.alternatievemiddelen.nl\/producten\/royal-berkey-waterfilter\/#primaryimage"},"image":{"@id":"https:\/\/www.alternatievemiddelen.nl\/producten\/royal-berkey-waterfilter\/#primaryimage"},"thumbnailUrl":"https:\/\/www.alternatievemiddelen.nl\/wp-content\/uploads\/2026\/01\/Royal-Berkey-originele-black-berkey-filters.jpg","datePublished":"2024-02-27T07:21:42+00:00","dateModified":"2026-03-28T13:28:35+00:00","description":"De Royal Berkey waterfilter met 2 of 4 originele Black Berkey filterelementen. De ideale waterfilter voor thuis. Geschikt voor gebruik door 2-6 personen.","breadcrumb":{"@id":"https:\/\/www.alternatievemiddelen.nl\/producten\/royal-berkey-waterfilter\/#breadcrumb"},"inLanguage":"fr-FR","potentialAction":[{"@type":"ReadAction","target":["https:\/\/www.alternatievemiddelen.nl\/producten\/royal-berkey-waterfilter\/"]}]},{"@type":"ImageObject","inLanguage":"fr-FR","@id":"https:\/\/www.alternatievemiddelen.nl\/producten\/royal-berkey-waterfilter\/#primaryimage","url":"https:\/\/www.alternatievemiddelen.nl\/wp-content\/uploads\/2026\/01\/Royal-Berkey-originele-black-berkey-filters.jpg","contentUrl":"https:\/\/www.alternatievemiddelen.nl\/wp-content\/uploads\/2026\/01\/Royal-Berkey-originele-black-berkey-filters.jpg","width":1200,"height":1600,"caption":"Royal Berkey met originele Black Berkey filters"},{"@type":"BreadcrumbList","@id":"https:\/\/www.alternatievemiddelen.nl\/producten\/royal-berkey-waterfilter\/#breadcrumb","itemListElement":[{"@type":"ListItem","position":1,"name":"Home","item":"https:\/\/www.alternatievemiddelen.nl\/"},{"@type":"ListItem","position":2,"name":"Producten","item":"https:\/\/www.alternatievemiddelen.nl\/producten\/"},{"@type":"ListItem","position":3,"name":"Royal Berkey Waterfilter 12,3L"}]},{"@type":"WebSite","@id":"https:\/\/www.alternatievemiddelen.nl\/#website","url":"https:\/\/www.alternatievemiddelen.nl\/","name":"Alternatievemiddelen.nl","description":"Webshop met gezonde, duurzame en ecologische alternatieve mogelijkheden in de hedendaagse levenstijl. Alles uit eigen ervaring.","publisher":{"@id":"https:\/\/www.alternatievemiddelen.nl\/#organization"},"alternateName":"Alternatieve Middelen","potentialAction":[{"@type":"SearchAction","target":{"@type":"EntryPoint","urlTemplate":"https:\/\/www.alternatievemiddelen.nl\/?s={search_term_string}"},"query-input":{"@type":"PropertyValueSpecification","valueRequired":true,"valueName":"search_term_string"}}],"inLanguage":"fr-FR"},{"@type":"Organization","@id":"https:\/\/www.alternatievemiddelen.nl\/#organization","name":"Alternatievemiddelen.nl","alternateName":"Alternatieve Middelen","url":"https:\/\/www.alternatievemiddelen.nl\/","logo":{"@type":"ImageObject","inLanguage":"fr-FR","@id":"https:\/\/www.alternatievemiddelen.nl\/#\/schema\/logo\/image\/","url":"https:\/\/www.alternatievemiddelen.nl\/wp-content\/uploads\/2023\/10\/alternatievemiddelen-PNG-logo.png","contentUrl":"https:\/\/www.alternatievemiddelen.nl\/wp-content\/uploads\/2023\/10\/alternatievemiddelen-PNG-logo.png","width":6400,"height":3062,"caption":"Alternatievemiddelen.nl"},"image":{"@id":"https:\/\/www.alternatievemiddelen.nl\/#\/schema\/logo\/image\/"},"sameAs":["https:\/\/www.facebook.com\/alternatievemiddelen","https:\/\/www.instagram.com\/alternatievemiddelen.nl\/"]}]}},"_links":{"self":[{"href":"https:\/\/www.alternatievemiddelen.nl\/fr\/wp-json\/wp\/v2\/product\/34412","targetHints":{"allow":["GET"]}}],"collection":[{"href":"https:\/\/www.alternatievemiddelen.nl\/fr\/wp-json\/wp\/v2\/product"}],"about":[{"href":"https:\/\/www.alternatievemiddelen.nl\/fr\/wp-json\/wp\/v2\/types\/product"}],"replies":[{"embeddable":true,"href":"https:\/\/www.alternatievemiddelen.nl\/fr\/wp-json\/wp\/v2\/comments?post=34412"}],"wp:featuredmedia":[{"embeddable":true,"href":"https:\/\/www.alternatievemiddelen.nl\/fr\/wp-json\/wp\/v2\/media\/50548"}],"wp:attachment":[{"href":"https:\/\/www.alternatievemiddelen.nl\/fr\/wp-json\/wp\/v2\/media?parent=34412"}],"wp:term":[{"taxonomy":"product_brand","embeddable":true,"href":"https:\/\/www.alternatievemiddelen.nl\/fr\/wp-json\/wp\/v2\/product_brand?post=34412"},{"taxonomy":"product_cat","embeddable":true,"href":"https:\/\/www.alternatievemiddelen.nl\/fr\/wp-json\/wp\/v2\/product_cat?post=34412"},{"taxonomy":"product_tag","embeddable":true,"href":"https:\/\/www.alternatievemiddelen.nl\/fr\/wp-json\/wp\/v2\/product_tag?post=34412"},{"taxonomy":"merk","embeddable":true,"href":"https:\/\/www.alternatievemiddelen.nl\/fr\/wp-json\/wp\/v2\/merk?post=34412"}],"curies":[{"name":"wp","href":"https:\/\/api.w.org\/{rel}","templated":true}]}}