{"id":34414,"date":"2024-02-27T08:21:44","date_gmt":"2024-02-27T07:21:44","guid":{"rendered":"https:\/\/www.alternatievemiddelen.nl\/?post_type=product&#038;p=34414"},"modified":"2026-01-13T02:29:39","modified_gmt":"2026-01-13T01:29:39","slug":"black-berkey-primer","status":"publish","type":"product","link":"https:\/\/www.alternatievemiddelen.nl\/fr\/produits\/amorce-black-berkey\/","title":{"rendered":"Appr\u00eat noir Berkey"},"content":{"rendered":"<p>Appr\u00eat noir Berkey - Vous pouvez appliquer un appr\u00eat sur les \u00e9l\u00e9ments filtrants noirs Berkey ou BOROUX Foundation\u2122 Black de deux mani\u00e8res. L'appr\u00eat doit \u00eatre effectu\u00e9 avant d'appliquer le <a href=\"https:\/\/www.alternatievemiddelen.nl\/fr\/produits\/elements-de-filtre-a-eau-black-berkey\/\">\u00c9l\u00e9ments noirs Berkey<\/a> ou <a href=\"https:\/\/www.alternatievemiddelen.nl\/fr\/produits\/elements-de-filtre-a-eau-boroux-foundation-black\/\">BOROUX Foundation\u2122 \u00c9l\u00e9ments noirs<\/a> Le filtre \u00e0 eau est mis en service apr\u00e8s avoir \u00e9t\u00e9 amorc\u00e9. L'amor\u00e7age consiste \u00e0 faire passer un peu d'eau \u00e0 travers l'\u00e9l\u00e9ment sous une l\u00e9g\u00e8re pression pour s'assurer que l'\u00e9l\u00e9ment filtrant Black Berkey est mouill\u00e9 \u00e0 l'int\u00e9rieur (l'air s'\u00e9chappe de l'\u00e9l\u00e9ment). Vous b\u00e9n\u00e9ficiez ainsi d'un volume important pour chaque \u00e9l\u00e9ment.<\/p>\n<p>Pour amorcer, vous pouvez utiliser un <a href=\"https:\/\/www.alternatievemiddelen.nl\/fr\/produits\/bouton-damorcage-black-berkey-elements\/\">Bouton d'amor\u00e7age<\/a> (un petit anneau en caoutchouc) ou le <a href=\"https:\/\/www.alternatievemiddelen.nl\/fr\/produits\/berkey-primerrite-universal-primer-pf-2-adapter\/\">PrimeRite<\/a> (un bec en caoutchouc bleu). Ces instruments permettent de vidanger l'\u00e9l\u00e9ment filtrant \u00e0 l'aide d'un robinet. Ces robinets sont fournis en standard avec le <a href=\"https:\/\/www.alternatievemiddelen.nl\/fr\/produits\/elements-de-filtre-a-eau-black-berkey\/\">\u00c9l\u00e9ments noirs Berkey<\/a> et <a href=\"https:\/\/www.alternatievemiddelen.nl\/fr\/produits\/elements-de-filtre-a-eau-boroux-foundation-black\/\">BOROUX Foundation\u2122 \u00c9l\u00e9ments noirs<\/a> livr\u00e9s dans la bo\u00eete. Si vous les perdez, vous pouvez les commander s\u00e9par\u00e9ment aupr\u00e8s de nous. Si l'amor\u00e7age avec le robinet ne fonctionne pas ou si le robinet n'est pas adapt\u00e9, vous pouvez utiliser l'appr\u00eat noir Berkey propos\u00e9 ici ou l'appr\u00eat noir Berkey propos\u00e9 ici. <a href=\"https:\/\/www.alternatievemiddelen.nl\/fr\/produits\/pompe-damorcage-de-filtre-automatique-boroux\/\">Pompe d'amor\u00e7age de filtre automatique BOROUX<\/a>.<br \/>\n&nbsp;<\/p>\n<h3>L'appr\u00eat noir Berkey<\/h3>\n<p>L'amorceur Black Berkey est une pompe d'amor\u00e7age \u00e0 main qui permet d'amorcer facilement les \u00e9l\u00e9ments Black Berkey ou BOROUX Foundation\u2122 Black sans avoir besoin d'un robinet ou d'une autre source d'alimentation en eau. L'amor\u00e7age sature les \u00e9l\u00e9ments d'eau avant utilisation, cela permet \u00e0 l'eau d'\u00eatre bien purifi\u00e9e sur l'ensemble de l'\u00e9l\u00e9ment et d'avoir une vitesse suffisante. Pour utiliser l'amorce, immergez l'\u00e9l\u00e9ment filtrant dans l'eau et fixez l'amorce sur la tige de l'\u00e9l\u00e9ment. En pressant l'ampoule, l'eau est aspir\u00e9e au centre de l'\u00e9l\u00e9ment filtrant. Une fois l'\u00e9l\u00e9ment satur\u00e9, l'eau s'\u00e9coule \u00e0 travers l'amorce et ressort de l'autre c\u00f4t\u00e9. L'\u00e9l\u00e9ment Berkey- ou BOROUX Foundation\u2122 Black est pr\u00eat \u00e0 l'emploi.<\/p>\n<p>Le Black Berkey Primer peut \u00e9galement nettoyer (ou r\u00e9trolaver) les \u00e9l\u00e9ments avec de l'air plut\u00f4t qu'avec de l'eau. Cela permet de nettoyer les pores perfor\u00e9s de la paroi du filtre \u00e0 charbon. Le nettoyage des \u00e9l\u00e9ments a deux effets : (1) il \u00e9limine la salet\u00e9 accumul\u00e9e dans les pores au cours de l'utilisation et (2) il r\u00e9duit le temps n\u00e9cessaire pour s\u00e9cher les filtres avant de les stocker.<\/p>","protected":false},"excerpt":{"rendered":"<p>L'amorce Black Berkey permet d'amorcer facilement les \u00e9l\u00e9ments filtrants Black Berkey ou BOROUX Foundation\u2122 Black sans avoir recours \u00e0 un robinet.<\/p>","protected":false},"featured_media":31236,"comment_status":"open","ping_status":"closed","template":"","meta":[],"product_brand":[],"product_cat":[2971,3099,3013],"product_tag":[2961,2974,3706,2976,3098,3026,3027,3028,3030,2885,2979,3012,2980,2981],"merk":[3432,3702],"class_list":{"0":"post-34414","1":"product","2":"type-product","3":"status-publish","4":"has-post-thumbnail","6":"product_cat-waterfilters","7":"product_cat-waterfilter-elementen","8":"product_cat-waterfilter-accessoires","9":"product_tag-berkey","10":"product_tag-black-berkey","11":"product_tag-boroux","12":"product_tag-filterelement","13":"product_tag-pomp","14":"product_tag-primen","15":"product_tag-primer","16":"product_tag-reinigen","17":"product_tag-set","18":"product_tag-water","19":"product_tag-waterfilter","20":"product_tag-waterfilters","21":"product_tag-waterzuivering","22":"product_tag-zuiver","23":"merk-berkey","24":"merk-boroux","26":"first","27":"instock","28":"taxable","29":"shipping-taxable","30":"purchasable","31":"product-type-simple"},"bundled_by":["34363","34412","34413"],"bundle_stock_status":"instock","bundle_stock_quantity":null,"bundle_virtual":false,"bundle_layout":"","bundle_add_to_cart_form_location":"","bundle_editable_in_cart":false,"bundle_sold_individually_context":"","bundle_item_grouping":"","bundle_min_size":"","bundle_max_size":"","bundle_price":[],"bundled_items":[],"bundle_sell_ids":[44176,34341,34462,47576,47890],"yoast_head":"<!-- This site is optimized with the Yoast SEO plugin v26.1 - https:\/\/yoast.com\/wordpress\/plugins\/seo\/ -->\n<title>Black Berkey Primer - Alternatievemiddelen.nl<\/title>\n<meta name=\"description\" content=\"De Black Berkey Primer maakt het mogelijk om eenvoudig Black Berkey- of BOROUX Foundation\u2122 Black filterelementen te primen zonder dat er een kraan nodig is.\" \/>\n<meta name=\"robots\" content=\"index, follow, max-snippet:-1, max-image-preview:large, max-video-preview:-1\" \/>\n<link rel=\"canonical\" href=\"https:\/\/www.alternatievemiddelen.nl\/fr\/wp-json\/wp\/v2\/product\/34414\" \/>\n<meta property=\"og:locale\" content=\"fr_FR\" \/>\n<meta property=\"og:type\" content=\"article\" \/>\n<meta property=\"og:title\" content=\"Black Berkey Primer - Alternatievemiddelen.nl\" \/>\n<meta property=\"og:description\" content=\"De Black Berkey Primer maakt het mogelijk om eenvoudig Black Berkey- of BOROUX Foundation\u2122 Black filterelementen te primen zonder dat er een kraan nodig is.\" \/>\n<meta property=\"og:url\" content=\"https:\/\/www.alternatievemiddelen.nl\/fr\/produits\/amorce-black-berkey\/\" \/>\n<meta property=\"og:site_name\" content=\"Alternatievemiddelen.nl\" \/>\n<meta property=\"article:publisher\" content=\"https:\/\/www.facebook.com\/alternatievemiddelen\" \/>\n<meta property=\"article:modified_time\" content=\"2026-01-13T01:29:39+00:00\" \/>\n<meta property=\"og:image\" content=\"\/wp-content\/uploads\/2023\/12\/Black-Berkey-primer-1.jpg\" \/>\n\t<meta property=\"og:image:width\" content=\"600\" \/>\n\t<meta property=\"og:image:height\" content=\"800\" \/>\n\t<meta property=\"og:image:type\" content=\"image\/jpeg\" \/>\n<meta name=\"twitter:card\" content=\"summary_large_image\" \/>\n<meta name=\"twitter:label1\" content=\"Dur\u00e9e de lecture estim\u00e9e\" \/>\n\t<meta name=\"twitter:data1\" content=\"3 minutes\" \/>\n<script type=\"application\/ld+json\" class=\"yoast-schema-graph\">{\"@context\":\"https:\/\/schema.org\",\"@graph\":[{\"@type\":[\"WebPage\",\"ItemPage\"],\"@id\":\"https:\/\/www.alternatievemiddelen.nl\/producten\/black-berkey-primer\/\",\"url\":\"https:\/\/www.alternatievemiddelen.nl\/producten\/black-berkey-primer\/\",\"name\":\"Black Berkey Primer - Alternatievemiddelen.nl\",\"isPartOf\":{\"@id\":\"https:\/\/www.alternatievemiddelen.nl\/#website\"},\"primaryImageOfPage\":{\"@id\":\"https:\/\/www.alternatievemiddelen.nl\/producten\/black-berkey-primer\/#primaryimage\"},\"image\":{\"@id\":\"https:\/\/www.alternatievemiddelen.nl\/producten\/black-berkey-primer\/#primaryimage\"},\"thumbnailUrl\":\"https:\/\/www.alternatievemiddelen.nl\/wp-content\/uploads\/2023\/12\/Black-Berkey-primer-1.jpg\",\"datePublished\":\"2024-02-27T07:21:44+00:00\",\"dateModified\":\"2026-01-13T01:29:39+00:00\",\"description\":\"De Black Berkey Primer maakt het mogelijk om eenvoudig Black Berkey- of BOROUX Foundation\u2122 Black filterelementen te primen zonder dat er een kraan nodig is.\",\"breadcrumb\":{\"@id\":\"https:\/\/www.alternatievemiddelen.nl\/producten\/black-berkey-primer\/#breadcrumb\"},\"inLanguage\":\"fr-FR\",\"potentialAction\":[{\"@type\":\"ReadAction\",\"target\":[\"https:\/\/www.alternatievemiddelen.nl\/producten\/black-berkey-primer\/\"]}]},{\"@type\":\"ImageObject\",\"inLanguage\":\"fr-FR\",\"@id\":\"https:\/\/www.alternatievemiddelen.nl\/producten\/black-berkey-primer\/#primaryimage\",\"url\":\"https:\/\/www.alternatievemiddelen.nl\/wp-content\/uploads\/2023\/12\/Black-Berkey-primer-1.jpg\",\"contentUrl\":\"https:\/\/www.alternatievemiddelen.nl\/wp-content\/uploads\/2023\/12\/Black-Berkey-primer-1.jpg\",\"width\":600,\"height\":800,\"caption\":\"Black Berkey primer\"},{\"@type\":\"BreadcrumbList\",\"@id\":\"https:\/\/www.alternatievemiddelen.nl\/producten\/black-berkey-primer\/#breadcrumb\",\"itemListElement\":[{\"@type\":\"ListItem\",\"position\":1,\"name\":\"Home\",\"item\":\"https:\/\/www.alternatievemiddelen.nl\/\"},{\"@type\":\"ListItem\",\"position\":2,\"name\":\"Producten\",\"item\":\"https:\/\/www.alternatievemiddelen.nl\/producten\/\"},{\"@type\":\"ListItem\",\"position\":3,\"name\":\"Black Berkey Primer\"}]},{\"@type\":\"WebSite\",\"@id\":\"https:\/\/www.alternatievemiddelen.nl\/#website\",\"url\":\"https:\/\/www.alternatievemiddelen.nl\/\",\"name\":\"Alternatievemiddelen.nl\",\"description\":\"Webshop met gezonde, duurzame en ecologische alternatieve mogelijkheden in de hedendaagse levenstijl. Alles uit eigen ervaring.\",\"publisher\":{\"@id\":\"https:\/\/www.alternatievemiddelen.nl\/#organization\"},\"alternateName\":\"Alternatieve Middelen\",\"potentialAction\":[{\"@type\":\"SearchAction\",\"target\":{\"@type\":\"EntryPoint\",\"urlTemplate\":\"https:\/\/www.alternatievemiddelen.nl\/?s={search_term_string}\"},\"query-input\":{\"@type\":\"PropertyValueSpecification\",\"valueRequired\":true,\"valueName\":\"search_term_string\"}}],\"inLanguage\":\"fr-FR\"},{\"@type\":\"Organization\",\"@id\":\"https:\/\/www.alternatievemiddelen.nl\/#organization\",\"name\":\"Alternatievemiddelen.nl\",\"alternateName\":\"Alternatieve Middelen\",\"url\":\"https:\/\/www.alternatievemiddelen.nl\/\",\"logo\":{\"@type\":\"ImageObject\",\"inLanguage\":\"fr-FR\",\"@id\":\"https:\/\/www.alternatievemiddelen.nl\/#\/schema\/logo\/image\/\",\"url\":\"https:\/\/www.alternatievemiddelen.nl\/wp-content\/uploads\/2023\/10\/alternatievemiddelen-PNG-logo.png\",\"contentUrl\":\"https:\/\/www.alternatievemiddelen.nl\/wp-content\/uploads\/2023\/10\/alternatievemiddelen-PNG-logo.png\",\"width\":6400,\"height\":3062,\"caption\":\"Alternatievemiddelen.nl\"},\"image\":{\"@id\":\"https:\/\/www.alternatievemiddelen.nl\/#\/schema\/logo\/image\/\"},\"sameAs\":[\"https:\/\/www.facebook.com\/alternatievemiddelen\",\"https:\/\/www.instagram.com\/alternatievemiddelen.nl\/\"]}]}<\/script>\n<!-- \/ Yoast SEO plugin. -->","yoast_head_json":{"title":"Black Berkey Primer - Alternatievemiddelen.nl","description":"De Black Berkey Primer maakt het mogelijk om eenvoudig Black Berkey- of BOROUX Foundation\u2122 Black filterelementen te primen zonder dat er een kraan nodig is.","robots":{"index":"index","follow":"follow","max-snippet":"max-snippet:-1","max-image-preview":"max-image-preview:large","max-video-preview":"max-video-preview:-1"},"canonical":"https:\/\/www.alternatievemiddelen.nl\/fr\/wp-json\/wp\/v2\/product\/34414","og_locale":"fr_FR","og_type":"article","og_title":"Black Berkey Primer - Alternatievemiddelen.nl","og_description":"De Black Berkey Primer maakt het mogelijk om eenvoudig Black Berkey- of BOROUX Foundation\u2122 Black filterelementen te primen zonder dat er een kraan nodig is.","og_url":"https:\/\/www.alternatievemiddelen.nl\/fr\/produits\/amorce-black-berkey\/","og_site_name":"Alternatievemiddelen.nl","article_publisher":"https:\/\/www.facebook.com\/alternatievemiddelen","article_modified_time":"2026-01-13T01:29:39+00:00","og_image":[{"width":600,"height":800,"url":"\/wp-content\/uploads\/2023\/12\/Black-Berkey-primer-1.jpg","type":"image\/jpeg"}],"twitter_card":"summary_large_image","twitter_misc":{"Dur\u00e9e de lecture estim\u00e9e":"3 minutes"},"schema":{"@context":"https:\/\/schema.org","@graph":[{"@type":["WebPage","ItemPage"],"@id":"https:\/\/www.alternatievemiddelen.nl\/producten\/black-berkey-primer\/","url":"https:\/\/www.alternatievemiddelen.nl\/producten\/black-berkey-primer\/","name":"Black Berkey Primer - Alternatievemiddelen.nl","isPartOf":{"@id":"https:\/\/www.alternatievemiddelen.nl\/#website"},"primaryImageOfPage":{"@id":"https:\/\/www.alternatievemiddelen.nl\/producten\/black-berkey-primer\/#primaryimage"},"image":{"@id":"https:\/\/www.alternatievemiddelen.nl\/producten\/black-berkey-primer\/#primaryimage"},"thumbnailUrl":"https:\/\/www.alternatievemiddelen.nl\/wp-content\/uploads\/2023\/12\/Black-Berkey-primer-1.jpg","datePublished":"2024-02-27T07:21:44+00:00","dateModified":"2026-01-13T01:29:39+00:00","description":"De Black Berkey Primer maakt het mogelijk om eenvoudig Black Berkey- of BOROUX Foundation\u2122 Black filterelementen te primen zonder dat er een kraan nodig is.","breadcrumb":{"@id":"https:\/\/www.alternatievemiddelen.nl\/producten\/black-berkey-primer\/#breadcrumb"},"inLanguage":"fr-FR","potentialAction":[{"@type":"ReadAction","target":["https:\/\/www.alternatievemiddelen.nl\/producten\/black-berkey-primer\/"]}]},{"@type":"ImageObject","inLanguage":"fr-FR","@id":"https:\/\/www.alternatievemiddelen.nl\/producten\/black-berkey-primer\/#primaryimage","url":"https:\/\/www.alternatievemiddelen.nl\/wp-content\/uploads\/2023\/12\/Black-Berkey-primer-1.jpg","contentUrl":"https:\/\/www.alternatievemiddelen.nl\/wp-content\/uploads\/2023\/12\/Black-Berkey-primer-1.jpg","width":600,"height":800,"caption":"Black Berkey primer"},{"@type":"BreadcrumbList","@id":"https:\/\/www.alternatievemiddelen.nl\/producten\/black-berkey-primer\/#breadcrumb","itemListElement":[{"@type":"ListItem","position":1,"name":"Home","item":"https:\/\/www.alternatievemiddelen.nl\/"},{"@type":"ListItem","position":2,"name":"Producten","item":"https:\/\/www.alternatievemiddelen.nl\/producten\/"},{"@type":"ListItem","position":3,"name":"Black Berkey Primer"}]},{"@type":"WebSite","@id":"https:\/\/www.alternatievemiddelen.nl\/#website","url":"https:\/\/www.alternatievemiddelen.nl\/","name":"Alternatievemiddelen.nl","description":"Webshop met gezonde, duurzame en ecologische alternatieve mogelijkheden in de hedendaagse levenstijl. Alles uit eigen ervaring.","publisher":{"@id":"https:\/\/www.alternatievemiddelen.nl\/#organization"},"alternateName":"Alternatieve Middelen","potentialAction":[{"@type":"SearchAction","target":{"@type":"EntryPoint","urlTemplate":"https:\/\/www.alternatievemiddelen.nl\/?s={search_term_string}"},"query-input":{"@type":"PropertyValueSpecification","valueRequired":true,"valueName":"search_term_string"}}],"inLanguage":"fr-FR"},{"@type":"Organization","@id":"https:\/\/www.alternatievemiddelen.nl\/#organization","name":"Alternatievemiddelen.nl","alternateName":"Alternatieve Middelen","url":"https:\/\/www.alternatievemiddelen.nl\/","logo":{"@type":"ImageObject","inLanguage":"fr-FR","@id":"https:\/\/www.alternatievemiddelen.nl\/#\/schema\/logo\/image\/","url":"https:\/\/www.alternatievemiddelen.nl\/wp-content\/uploads\/2023\/10\/alternatievemiddelen-PNG-logo.png","contentUrl":"https:\/\/www.alternatievemiddelen.nl\/wp-content\/uploads\/2023\/10\/alternatievemiddelen-PNG-logo.png","width":6400,"height":3062,"caption":"Alternatievemiddelen.nl"},"image":{"@id":"https:\/\/www.alternatievemiddelen.nl\/#\/schema\/logo\/image\/"},"sameAs":["https:\/\/www.facebook.com\/alternatievemiddelen","https:\/\/www.instagram.com\/alternatievemiddelen.nl\/"]}]}},"_links":{"self":[{"href":"https:\/\/www.alternatievemiddelen.nl\/fr\/wp-json\/wp\/v2\/product\/34414","targetHints":{"allow":["GET"]}}],"collection":[{"href":"https:\/\/www.alternatievemiddelen.nl\/fr\/wp-json\/wp\/v2\/product"}],"about":[{"href":"https:\/\/www.alternatievemiddelen.nl\/fr\/wp-json\/wp\/v2\/types\/product"}],"replies":[{"embeddable":true,"href":"https:\/\/www.alternatievemiddelen.nl\/fr\/wp-json\/wp\/v2\/comments?post=34414"}],"wp:featuredmedia":[{"embeddable":true,"href":"https:\/\/www.alternatievemiddelen.nl\/fr\/wp-json\/wp\/v2\/media\/31236"}],"wp:attachment":[{"href":"https:\/\/www.alternatievemiddelen.nl\/fr\/wp-json\/wp\/v2\/media?parent=34414"}],"wp:term":[{"taxonomy":"product_brand","embeddable":true,"href":"https:\/\/www.alternatievemiddelen.nl\/fr\/wp-json\/wp\/v2\/product_brand?post=34414"},{"taxonomy":"product_cat","embeddable":true,"href":"https:\/\/www.alternatievemiddelen.nl\/fr\/wp-json\/wp\/v2\/product_cat?post=34414"},{"taxonomy":"product_tag","embeddable":true,"href":"https:\/\/www.alternatievemiddelen.nl\/fr\/wp-json\/wp\/v2\/product_tag?post=34414"},{"taxonomy":"merk","embeddable":true,"href":"https:\/\/www.alternatievemiddelen.nl\/fr\/wp-json\/wp\/v2\/merk?post=34414"}],"curies":[{"name":"wp","href":"https:\/\/api.w.org\/{rel}","templated":true}]}}