{"id":34415,"date":"2024-02-27T08:21:44","date_gmt":"2024-02-27T07:21:44","guid":{"rendered":"https:\/\/www.alternatievemiddelen.nl\/?post_type=product&#038;p=34415"},"modified":"2026-05-07T15:28:20","modified_gmt":"2026-05-07T13:28:20","slug":"fluoride-en-arsenicum-filter-elementen","status":"publish","type":"product","link":"https:\/\/www.alternatievemiddelen.nl\/fr\/produits\/elements-filtrants-pour-le-fluorure-et-larsenic\/","title":{"rendered":"Berkey \u00c9l\u00e9ments filtrants pour fluorure et arsenic (PF-2) (2 pi\u00e8ces)"},"content":{"rendered":"<p>Les \u00e9l\u00e9ments filtrants pour fluorure et arsenic (PF-2) Berkey peuvent \u00eatre ajout\u00e9s \u00e0 votre filtre \u00e0 eau Berkey avec <a href=\"https:\/\/www.alternatievemiddelen.nl\/fr\/produits\/elements-de-filtre-a-eau-black-berkey\/\">\u00c9l\u00e9ments noirs Berkey<\/a>. Ces \u00e9l\u00e9ments filtrants \u00e9liminent les contaminants tels que le fluorure, l'arsenic, le MTBE (Methyl tert-butyl ether) et d'autres m\u00e9taux lourds. Ces \u00e9l\u00e9ments filtrants sont viss\u00e9s aux \u00e9l\u00e9ments de purification Black Berkey, dans la chambre inf\u00e9rieure du filtre \u00e0 eau Berkey. Ces \u00e9l\u00e9ments filtrants au fluorure et \u00e0 l'arsenic (PF-2) agissent donc comme un post-filtre pour le filtre \u00e0 eau Black Berkey, dans la chambre inf\u00e9rieure du filtre \u00e0 eau Berkey. <a href=\"https:\/\/www.alternatievemiddelen.nl\/fr\/produits\/elements-de-filtre-a-eau-black-berkey\/\">\u00c9l\u00e9ments noirs Berkey<\/a> et conviennent \u00e0 tous les syst\u00e8mes de filtration d'eau Berkey.<\/p>\n<p><b>En tant que revendeur officiel Berkey, nous ne vendons que les \u00e9l\u00e9ments filtrants originaux Berkey pour le fluorure et l'arsenic (PF-2).<\/b><br \/>\n&nbsp;<\/p>\n<h3>Avantages Berkey \u00c9l\u00e9ments filtrants pour le fluor et l'arsenic (PF-2) :<\/h3>\n<ul>\n<li>R\u00e9duit efficacement les polluants de l'eau suivants : Fluorure, arsenic V et arsenic III pr\u00e9-oxyd\u00e9 et autres ions r\u00e9siduels de m\u00e9taux lourds.<\/li>\n<li>R\u00e9duit la quantit\u00e9 de fluorure dans l'eau de 95%<\/li>\n<li>Agit comme un post-filtre pour le <a href=\"https:\/\/www.alternatievemiddelen.nl\/fr\/produits\/elements-de-filtre-a-eau-black-berkey\/\">\u00c9l\u00e9ments noirs Berkey<\/a><\/li>\n<li>Convient \u00e0 la <a href=\"https:\/\/www.alternatievemiddelen.nl\/fr\/produits\/filtre-a-eau-berkey-light\/\">Berkey Light<\/a>, <a href=\"https:\/\/www.alternatievemiddelen.nl\/fr\/produits\/filtre-a-eau-travel-berkey\/\">Travel Berkey<\/a>, <a href=\"https:\/\/www.alternatievemiddelen.nl\/fr\/produits\/filtre-a-eau-big-berkey\/\">Big Berkey<\/a>, <a href=\"https:\/\/www.alternatievemiddelen.nl\/fr\/produits\/filtre-a-eau-royal-berkey\/\">Royal Berkey<\/a>, <a href=\"https:\/\/www.alternatievemiddelen.nl\/fr\/produits\/filtre-a-eau-imperial-berkey\/\">Imperial Berkey<\/a> et <a href=\"https:\/\/www.alternatievemiddelen.nl\/fr\/produits\/filtre-a-eau-crown-berkey\/\">Crown Berkey<\/a><\/li>\n<li>Facile \u00e0 utiliser et \u00e0 installer<\/li>\n<\/ul>\n<p>Ces \u00e9l\u00e9ments filtrants Berkey utilisent une m\u00e9thode test\u00e9e et d\u00e9velopp\u00e9e pour r\u00e9duire le fluorure dans l'eau potable. Berkey a d\u00e9velopp\u00e9 ce filtre pour r\u00e9pondre aux pr\u00e9occupations de nombreuses personnes qui jugent inacceptable l'ajout de fluorure \u00e0 l'eau potable. Dans certains pays, le fluorure a \u00e9t\u00e9 d\u00e9lib\u00e9r\u00e9ment ajout\u00e9 \u00e0 de nombreux r\u00e9seaux municipaux d'approvisionnement en eau depuis les ann\u00e9es 1950. Ces filtres peuvent donc \u00eatre une aubaine, surtout en voyage.<\/p>\n<p>De nouveaux rapports et \u00e9tudes sont constamment publi\u00e9s sur les effets n\u00e9fastes de l'ajout de fluorure \u00e0 l'eau potable. Ces \u00e9l\u00e9ments filtrants Berkey pour le fluor et l'arsenic (PF-2) vous permettent de r\u00e9duire la quantit\u00e9 de fluorure dans l'eau jusqu'\u00e0 95%. Ils ont \u00e9t\u00e9 test\u00e9s par un laboratoire ind\u00e9pendant. <a href=\"https:\/\/www.alternatievemiddelen.nl\/wp-content\/uploads\/2023\/07\/Testrapport-Berkey-PF-2-filterelementen.pdf\" target=\"_blank\" rel=\"noopener\">rapport de laboratoire<\/a> pour plus de d\u00e9tails.<\/p>\n<p>Les \u00e9l\u00e9ments filtrants pour le fluorure et l'arsenic durent jusqu'\u00e0 3 700 litres d'eau ou 1 an, selon la premi\u00e8re \u00e9ventualit\u00e9.<br \/>\n&nbsp;<\/p>\n<h4>Pr\u00e9paration \u00e0 l'utilisation<\/h4>\n<p>La premi\u00e8re \u00e9tape consiste \u00e0 amorcer les filtres \u00e0 fluorure et \u00e0 arsenic. Il est important que cette op\u00e9ration soit effectu\u00e9e correctement, afin que les filtres soient compl\u00e8tement propres \u00e0 l'int\u00e9rieur. Pour obtenir de l'aide \u00e0 l'installation, des FAQ et des vid\u00e9os d'instruction, veuillez consulter les sites suivants <a href=\"https:\/\/www.alternatievemiddelen.nl\/fr\/la-bibliotheque\/\">notre biblioth\u00e8que<\/a>. En cas d'\u00e9chec de l'amor\u00e7age, un <a href=\"https:\/\/www.alternatievemiddelen.nl\/fr\/produits\/kit-damorcage-pour-filtres-a-eau-berkey\/\">D\u00e9marreur d'amor\u00e7age Kit<\/a> commander chez nous.<br \/>\n&nbsp;<\/p>\n<h4>-&gt; Vous pouvez \u00e9galement placer ces \u00e9l\u00e9ments filtrants Fluorure &amp; Arsenic (PF-2) dans d'autres marques de filtres \u00e0 eau par gravit\u00e9 et s'adapter \u00e9galement aux filtres BOROUX Foundation\u2122 Black et aux filtres Phoenix Gravity New Millennium Edition\u2122. Mais ATTENTION ! Uniquement en combinaison avec les \u00e9l\u00e9ments filtrants Black Berkey-, BOROUX Foundation\u2122 Black ou Phoenix Gravity New Millennium Edition\u2122 !<\/h4>","protected":false},"excerpt":{"rendered":"<p>Ces \u00e9l\u00e9ments filtrants pour fluorure et arsenic (PF-2) du filtre \u00e0 eau Berkey absorbent le fluorure, l'arsenic, le MTBE et d'autres m\u00e9taux lourds pr\u00e9sents dans l'eau potable.<\/p>","protected":false},"featured_media":30593,"comment_status":"open","ping_status":"closed","template":"","meta":[],"product_brand":[],"product_cat":[2971,3099,3013],"product_tag":[3215,2961,2964,2976,3216,3217,2979,3012],"merk":[3432,3702],"class_list":{"0":"post-34415","1":"product","2":"type-product","3":"status-publish","4":"has-post-thumbnail","6":"product_cat-waterfilters","7":"product_cat-waterfilter-elementen","8":"product_cat-waterfilter-accessoires","9":"product_tag-arsenicum","10":"product_tag-berkey","11":"product_tag-filter","12":"product_tag-filterelement","13":"product_tag-filterelementen","14":"product_tag-fluoride","15":"product_tag-waterfilter","16":"product_tag-waterfilters","17":"merk-berkey","18":"merk-boroux","20":"first","21":"instock","22":"taxable","23":"shipping-taxable","24":"purchasable","25":"product-type-simple"},"bundled_by":["34363","34341","34412","34413"],"bundle_stock_status":"instock","bundle_stock_quantity":null,"bundle_virtual":false,"bundle_layout":"","bundle_add_to_cart_form_location":"","bundle_editable_in_cart":false,"bundle_sold_individually_context":"","bundle_item_grouping":"","bundle_min_size":"","bundle_max_size":"","bundle_price":[],"bundled_items":[],"bundle_sell_ids":[44176,34341,49757,47576,34416],"yoast_head":"<!-- This site is optimized with the Yoast SEO plugin v26.1 - https:\/\/yoast.com\/wordpress\/plugins\/seo\/ -->\n<title>Berkey Fluoride en Arsenicum (PF-2) filterelementen (2 stuks) - Alternatievemiddelen.nl<\/title>\n<meta name=\"description\" content=\"Deze fluoride en arsenicum (PF-2) filterelementen voor de Berkey waterfilter absorberen fluoride, arsenicum, MTBE en andere zware metalen uit drinkwater.\" \/>\n<meta name=\"robots\" content=\"index, follow, max-snippet:-1, max-image-preview:large, max-video-preview:-1\" \/>\n<link rel=\"canonical\" href=\"https:\/\/www.alternatievemiddelen.nl\/fr\/wp-json\/wp\/v2\/product\/34415\" \/>\n<meta property=\"og:locale\" content=\"fr_FR\" \/>\n<meta property=\"og:type\" content=\"article\" \/>\n<meta property=\"og:title\" content=\"Berkey Fluoride en Arsenicum (PF-2) filterelementen (2 stuks) - Alternatievemiddelen.nl\" \/>\n<meta property=\"og:description\" content=\"Deze fluoride en arsenicum (PF-2) filterelementen voor de Berkey waterfilter absorberen fluoride, arsenicum, MTBE en andere zware metalen uit drinkwater.\" \/>\n<meta property=\"og:url\" content=\"https:\/\/www.alternatievemiddelen.nl\/fr\/produits\/elements-filtrants-pour-le-fluorure-et-larsenic\/\" \/>\n<meta property=\"og:site_name\" content=\"Alternatievemiddelen.nl\" \/>\n<meta property=\"article:publisher\" content=\"https:\/\/www.facebook.com\/alternatievemiddelen\" \/>\n<meta property=\"article:modified_time\" content=\"2026-05-07T13:28:20+00:00\" \/>\n<meta property=\"og:image\" content=\"\/wp-content\/uploads\/2017\/11\/Fluoride-Arsenicum-PF-2-filterelementen.jpg\" \/>\n\t<meta property=\"og:image:width\" content=\"1200\" \/>\n\t<meta property=\"og:image:height\" content=\"1600\" \/>\n\t<meta property=\"og:image:type\" content=\"image\/jpeg\" \/>\n<meta name=\"twitter:card\" content=\"summary_large_image\" \/>\n<meta name=\"twitter:label1\" content=\"Dur\u00e9e de lecture estim\u00e9e\" \/>\n\t<meta name=\"twitter:data1\" content=\"3 minutes\" \/>\n<script type=\"application\/ld+json\" class=\"yoast-schema-graph\">{\"@context\":\"https:\/\/schema.org\",\"@graph\":[{\"@type\":[\"WebPage\",\"ItemPage\"],\"@id\":\"https:\/\/www.alternatievemiddelen.nl\/producten\/fluoride-en-arsenicum-filter-elementen\/\",\"url\":\"https:\/\/www.alternatievemiddelen.nl\/producten\/fluoride-en-arsenicum-filter-elementen\/\",\"name\":\"Berkey Fluoride en Arsenicum (PF-2) filterelementen (2 stuks) - Alternatievemiddelen.nl\",\"isPartOf\":{\"@id\":\"https:\/\/www.alternatievemiddelen.nl\/#website\"},\"primaryImageOfPage\":{\"@id\":\"https:\/\/www.alternatievemiddelen.nl\/producten\/fluoride-en-arsenicum-filter-elementen\/#primaryimage\"},\"image\":{\"@id\":\"https:\/\/www.alternatievemiddelen.nl\/producten\/fluoride-en-arsenicum-filter-elementen\/#primaryimage\"},\"thumbnailUrl\":\"https:\/\/www.alternatievemiddelen.nl\/wp-content\/uploads\/2017\/11\/Fluoride-Arsenicum-PF-2-filterelementen.jpg\",\"datePublished\":\"2024-02-27T07:21:44+00:00\",\"dateModified\":\"2026-05-07T13:28:20+00:00\",\"description\":\"Deze fluoride en arsenicum (PF-2) filterelementen voor de Berkey waterfilter absorberen fluoride, arsenicum, MTBE en andere zware metalen uit drinkwater.\",\"breadcrumb\":{\"@id\":\"https:\/\/www.alternatievemiddelen.nl\/producten\/fluoride-en-arsenicum-filter-elementen\/#breadcrumb\"},\"inLanguage\":\"fr-FR\",\"potentialAction\":[{\"@type\":\"ReadAction\",\"target\":[\"https:\/\/www.alternatievemiddelen.nl\/producten\/fluoride-en-arsenicum-filter-elementen\/\"]}]},{\"@type\":\"ImageObject\",\"inLanguage\":\"fr-FR\",\"@id\":\"https:\/\/www.alternatievemiddelen.nl\/producten\/fluoride-en-arsenicum-filter-elementen\/#primaryimage\",\"url\":\"https:\/\/www.alternatievemiddelen.nl\/wp-content\/uploads\/2017\/11\/Fluoride-Arsenicum-PF-2-filterelementen.jpg\",\"contentUrl\":\"https:\/\/www.alternatievemiddelen.nl\/wp-content\/uploads\/2017\/11\/Fluoride-Arsenicum-PF-2-filterelementen.jpg\",\"width\":1200,\"height\":1600,\"caption\":\"Fluoride en Arsenicum PF-2 filterelementen\"},{\"@type\":\"BreadcrumbList\",\"@id\":\"https:\/\/www.alternatievemiddelen.nl\/producten\/fluoride-en-arsenicum-filter-elementen\/#breadcrumb\",\"itemListElement\":[{\"@type\":\"ListItem\",\"position\":1,\"name\":\"Home\",\"item\":\"https:\/\/www.alternatievemiddelen.nl\/\"},{\"@type\":\"ListItem\",\"position\":2,\"name\":\"Producten\",\"item\":\"https:\/\/www.alternatievemiddelen.nl\/producten\/\"},{\"@type\":\"ListItem\",\"position\":3,\"name\":\"Berkey Fluoride en Arsenicum (PF-2) filterelementen (2 stuks)\"}]},{\"@type\":\"WebSite\",\"@id\":\"https:\/\/www.alternatievemiddelen.nl\/#website\",\"url\":\"https:\/\/www.alternatievemiddelen.nl\/\",\"name\":\"Alternatievemiddelen.nl\",\"description\":\"Webshop met gezonde, duurzame en ecologische alternatieve mogelijkheden in de hedendaagse levenstijl. Alles uit eigen ervaring.\",\"publisher\":{\"@id\":\"https:\/\/www.alternatievemiddelen.nl\/#organization\"},\"alternateName\":\"Alternatieve Middelen\",\"potentialAction\":[{\"@type\":\"SearchAction\",\"target\":{\"@type\":\"EntryPoint\",\"urlTemplate\":\"https:\/\/www.alternatievemiddelen.nl\/?s={search_term_string}\"},\"query-input\":{\"@type\":\"PropertyValueSpecification\",\"valueRequired\":true,\"valueName\":\"search_term_string\"}}],\"inLanguage\":\"fr-FR\"},{\"@type\":\"Organization\",\"@id\":\"https:\/\/www.alternatievemiddelen.nl\/#organization\",\"name\":\"Alternatievemiddelen.nl\",\"alternateName\":\"Alternatieve Middelen\",\"url\":\"https:\/\/www.alternatievemiddelen.nl\/\",\"logo\":{\"@type\":\"ImageObject\",\"inLanguage\":\"fr-FR\",\"@id\":\"https:\/\/www.alternatievemiddelen.nl\/#\/schema\/logo\/image\/\",\"url\":\"https:\/\/www.alternatievemiddelen.nl\/wp-content\/uploads\/2023\/10\/alternatievemiddelen-PNG-logo.png\",\"contentUrl\":\"https:\/\/www.alternatievemiddelen.nl\/wp-content\/uploads\/2023\/10\/alternatievemiddelen-PNG-logo.png\",\"width\":6400,\"height\":3062,\"caption\":\"Alternatievemiddelen.nl\"},\"image\":{\"@id\":\"https:\/\/www.alternatievemiddelen.nl\/#\/schema\/logo\/image\/\"},\"sameAs\":[\"https:\/\/www.facebook.com\/alternatievemiddelen\",\"https:\/\/www.instagram.com\/alternatievemiddelen.nl\/\"]}]}<\/script>\n<!-- \/ Yoast SEO plugin. -->","yoast_head_json":{"title":"Berkey Fluoride en Arsenicum (PF-2) filterelementen (2 stuks) - Alternatievemiddelen.nl","description":"Deze fluoride en arsenicum (PF-2) filterelementen voor de Berkey waterfilter absorberen fluoride, arsenicum, MTBE en andere zware metalen uit drinkwater.","robots":{"index":"index","follow":"follow","max-snippet":"max-snippet:-1","max-image-preview":"max-image-preview:large","max-video-preview":"max-video-preview:-1"},"canonical":"https:\/\/www.alternatievemiddelen.nl\/fr\/wp-json\/wp\/v2\/product\/34415","og_locale":"fr_FR","og_type":"article","og_title":"Berkey Fluoride en Arsenicum (PF-2) filterelementen (2 stuks) - Alternatievemiddelen.nl","og_description":"Deze fluoride en arsenicum (PF-2) filterelementen voor de Berkey waterfilter absorberen fluoride, arsenicum, MTBE en andere zware metalen uit drinkwater.","og_url":"https:\/\/www.alternatievemiddelen.nl\/fr\/produits\/elements-filtrants-pour-le-fluorure-et-larsenic\/","og_site_name":"Alternatievemiddelen.nl","article_publisher":"https:\/\/www.facebook.com\/alternatievemiddelen","article_modified_time":"2026-05-07T13:28:20+00:00","og_image":[{"width":1200,"height":1600,"url":"\/wp-content\/uploads\/2017\/11\/Fluoride-Arsenicum-PF-2-filterelementen.jpg","type":"image\/jpeg"}],"twitter_card":"summary_large_image","twitter_misc":{"Dur\u00e9e de lecture estim\u00e9e":"3 minutes"},"schema":{"@context":"https:\/\/schema.org","@graph":[{"@type":["WebPage","ItemPage"],"@id":"https:\/\/www.alternatievemiddelen.nl\/producten\/fluoride-en-arsenicum-filter-elementen\/","url":"https:\/\/www.alternatievemiddelen.nl\/producten\/fluoride-en-arsenicum-filter-elementen\/","name":"Berkey Fluoride en Arsenicum (PF-2) filterelementen (2 stuks) - Alternatievemiddelen.nl","isPartOf":{"@id":"https:\/\/www.alternatievemiddelen.nl\/#website"},"primaryImageOfPage":{"@id":"https:\/\/www.alternatievemiddelen.nl\/producten\/fluoride-en-arsenicum-filter-elementen\/#primaryimage"},"image":{"@id":"https:\/\/www.alternatievemiddelen.nl\/producten\/fluoride-en-arsenicum-filter-elementen\/#primaryimage"},"thumbnailUrl":"https:\/\/www.alternatievemiddelen.nl\/wp-content\/uploads\/2017\/11\/Fluoride-Arsenicum-PF-2-filterelementen.jpg","datePublished":"2024-02-27T07:21:44+00:00","dateModified":"2026-05-07T13:28:20+00:00","description":"Deze fluoride en arsenicum (PF-2) filterelementen voor de Berkey waterfilter absorberen fluoride, arsenicum, MTBE en andere zware metalen uit drinkwater.","breadcrumb":{"@id":"https:\/\/www.alternatievemiddelen.nl\/producten\/fluoride-en-arsenicum-filter-elementen\/#breadcrumb"},"inLanguage":"fr-FR","potentialAction":[{"@type":"ReadAction","target":["https:\/\/www.alternatievemiddelen.nl\/producten\/fluoride-en-arsenicum-filter-elementen\/"]}]},{"@type":"ImageObject","inLanguage":"fr-FR","@id":"https:\/\/www.alternatievemiddelen.nl\/producten\/fluoride-en-arsenicum-filter-elementen\/#primaryimage","url":"https:\/\/www.alternatievemiddelen.nl\/wp-content\/uploads\/2017\/11\/Fluoride-Arsenicum-PF-2-filterelementen.jpg","contentUrl":"https:\/\/www.alternatievemiddelen.nl\/wp-content\/uploads\/2017\/11\/Fluoride-Arsenicum-PF-2-filterelementen.jpg","width":1200,"height":1600,"caption":"Fluoride en Arsenicum PF-2 filterelementen"},{"@type":"BreadcrumbList","@id":"https:\/\/www.alternatievemiddelen.nl\/producten\/fluoride-en-arsenicum-filter-elementen\/#breadcrumb","itemListElement":[{"@type":"ListItem","position":1,"name":"Home","item":"https:\/\/www.alternatievemiddelen.nl\/"},{"@type":"ListItem","position":2,"name":"Producten","item":"https:\/\/www.alternatievemiddelen.nl\/producten\/"},{"@type":"ListItem","position":3,"name":"Berkey Fluoride en Arsenicum (PF-2) filterelementen (2 stuks)"}]},{"@type":"WebSite","@id":"https:\/\/www.alternatievemiddelen.nl\/#website","url":"https:\/\/www.alternatievemiddelen.nl\/","name":"Alternatievemiddelen.nl","description":"Webshop met gezonde, duurzame en ecologische alternatieve mogelijkheden in de hedendaagse levenstijl. Alles uit eigen ervaring.","publisher":{"@id":"https:\/\/www.alternatievemiddelen.nl\/#organization"},"alternateName":"Alternatieve Middelen","potentialAction":[{"@type":"SearchAction","target":{"@type":"EntryPoint","urlTemplate":"https:\/\/www.alternatievemiddelen.nl\/?s={search_term_string}"},"query-input":{"@type":"PropertyValueSpecification","valueRequired":true,"valueName":"search_term_string"}}],"inLanguage":"fr-FR"},{"@type":"Organization","@id":"https:\/\/www.alternatievemiddelen.nl\/#organization","name":"Alternatievemiddelen.nl","alternateName":"Alternatieve Middelen","url":"https:\/\/www.alternatievemiddelen.nl\/","logo":{"@type":"ImageObject","inLanguage":"fr-FR","@id":"https:\/\/www.alternatievemiddelen.nl\/#\/schema\/logo\/image\/","url":"https:\/\/www.alternatievemiddelen.nl\/wp-content\/uploads\/2023\/10\/alternatievemiddelen-PNG-logo.png","contentUrl":"https:\/\/www.alternatievemiddelen.nl\/wp-content\/uploads\/2023\/10\/alternatievemiddelen-PNG-logo.png","width":6400,"height":3062,"caption":"Alternatievemiddelen.nl"},"image":{"@id":"https:\/\/www.alternatievemiddelen.nl\/#\/schema\/logo\/image\/"},"sameAs":["https:\/\/www.facebook.com\/alternatievemiddelen","https:\/\/www.instagram.com\/alternatievemiddelen.nl\/"]}]}},"_links":{"self":[{"href":"https:\/\/www.alternatievemiddelen.nl\/fr\/wp-json\/wp\/v2\/product\/34415","targetHints":{"allow":["GET"]}}],"collection":[{"href":"https:\/\/www.alternatievemiddelen.nl\/fr\/wp-json\/wp\/v2\/product"}],"about":[{"href":"https:\/\/www.alternatievemiddelen.nl\/fr\/wp-json\/wp\/v2\/types\/product"}],"replies":[{"embeddable":true,"href":"https:\/\/www.alternatievemiddelen.nl\/fr\/wp-json\/wp\/v2\/comments?post=34415"}],"wp:featuredmedia":[{"embeddable":true,"href":"https:\/\/www.alternatievemiddelen.nl\/fr\/wp-json\/wp\/v2\/media\/30593"}],"wp:attachment":[{"href":"https:\/\/www.alternatievemiddelen.nl\/fr\/wp-json\/wp\/v2\/media?parent=34415"}],"wp:term":[{"taxonomy":"product_brand","embeddable":true,"href":"https:\/\/www.alternatievemiddelen.nl\/fr\/wp-json\/wp\/v2\/product_brand?post=34415"},{"taxonomy":"product_cat","embeddable":true,"href":"https:\/\/www.alternatievemiddelen.nl\/fr\/wp-json\/wp\/v2\/product_cat?post=34415"},{"taxonomy":"product_tag","embeddable":true,"href":"https:\/\/www.alternatievemiddelen.nl\/fr\/wp-json\/wp\/v2\/product_tag?post=34415"},{"taxonomy":"merk","embeddable":true,"href":"https:\/\/www.alternatievemiddelen.nl\/fr\/wp-json\/wp\/v2\/merk?post=34415"}],"curies":[{"name":"wp","href":"https:\/\/api.w.org\/{rel}","templated":true}]}}