{"id":34435,"date":"2024-02-27T08:22:03","date_gmt":"2024-02-27T07:22:03","guid":{"rendered":"https:\/\/www.alternatievemiddelen.nl\/?post_type=product&#038;p=34435"},"modified":"2025-12-07T14:30:07","modified_gmt":"2025-12-07T13:30:07","slug":"berkey-waterfilters-priming-starter-kit","status":"publish","type":"product","link":"https:\/\/www.alternatievemiddelen.nl\/fr\/produits\/kit-damorcage-pour-filtres-a-eau-berkey\/","title":{"rendered":"Berkey Filtres \u00e0 eau D\u00e9marrage d'amor\u00e7age Kit"},"content":{"rendered":"<p>Berkey Water Filter Priming Starter Kit - Ce kit est id\u00e9al pour les utilisateurs de Berkey afin de les aider \u00e0 amorcer les \u00e9l\u00e9ments filtrants Black Berkey, \u00e0 assembler correctement le filtre \u00e0 eau et \u00e0 v\u00e9rifier que tout est assembl\u00e9 correctement.<\/p>\n<h4>Le d\u00e9marreur d'amor\u00e7age Kit contient les composants suivants :<\/h4>\n<p>\u25cf 1x PrimeRite Universal Primer : outil pratique pour r\u00e9aliser les <a href=\"https:\/\/www.alternatievemiddelen.nl\/fr\/produits\/elements-de-filtre-a-eau-black-berkey\/\">\u00c9l\u00e9ments filtrants Berkey noirs<\/a> l'amor\u00e7age avec le robinet.<br \/>\n\u25cf 1x PrimeRite Fluoride &amp; Arsenic filter adapter : un adaptateur permettant d'utiliser \u00e9galement les filtres de la gamme PrimeRite Fluoride &amp; Arsenic. <a href=\"https:\/\/www.alternatievemiddelen.nl\/fr\/produits\/elements-filtrants-pour-le-fluorure-et-larsenic\/\">Filtres \u00e0 fluor et \u00e0 arsenic<\/a> facile \u00e0 appr\u00eater.<br \/>\n\u25cf 1x Anti-Airlock Clip (Vapor Lock Clip) : il arrive qu'un filtre \u00e0 eau Berkey fasse le vide dans le r\u00e9cipient inf\u00e9rieur, ce clip veille \u00e0 ce que cela ne se produise pas et se place facilement sur le bord du r\u00e9cipient inf\u00e9rieur.<br \/>\n\u25cf 2x petite bouteille de colorant rouge : vous pouvez utiliser le colorant rouge pour tester si vous avez mont\u00e9 correctement votre filtre \u00e0 eau Berkey la 1\u00e8re fois ou apr\u00e8s un nettoyage. Pour ce test, voir aussi notre <a href=\"https:\/\/www.alternatievemiddelen.nl\/fr\/videos-dinstruction-filtres-a-eau-berkey\/\">vid\u00e9os p\u00e9dagogiques<\/a>.<\/p>\n<p>En effet, la premi\u00e8re \u00e9tape de la pr\u00e9paration d'un filtre \u00e0 eau Berkey est l'amor\u00e7age <a href=\"https:\/\/www.alternatievemiddelen.nl\/fr\/produits\/elements-de-filtre-a-eau-black-berkey\/\">\u00c9l\u00e9ments filtrants Berkey noirs<\/a>. Il est important que cette op\u00e9ration soit effectu\u00e9e correctement, sinon la purification de l'eau prendra beaucoup de temps. L'amor\u00e7age doit \u00eatre effectu\u00e9 avant d'ins\u00e9rer les \u00e9l\u00e9ments Black Berkey dans le filtre \u00e0 eau Berkey. L'amor\u00e7age consiste \u00e0 faire passer un peu d'eau \u00e0 travers l'\u00e9l\u00e9ment sous une l\u00e9g\u00e8re pression pour s'assurer que l'\u00e9l\u00e9ment de purification Black Berkey est mouill\u00e9 \u00e0 l'int\u00e9rieur (l'air s'\u00e9chappe de l'\u00e9l\u00e9ment). Vous b\u00e9n\u00e9ficiez ainsi d'une vitesse de filtration \u00e9lev\u00e9e pour chaque \u00e9l\u00e9ment. Pour l'amor\u00e7age, vous pouvez utiliser un <a href=\"https:\/\/www.alternatievemiddelen.nl\/fr\/produits\/bouton-damorcage-black-berkey-elements\/\">Bouton d'amor\u00e7age<\/a>L'\u00e9l\u00e9ment filtrant est muni d'un petit anneau en caoutchouc qui permet de le faire fonctionner sur un robinet. Il est livr\u00e9 en standard avec les \u00e9l\u00e9ments filtrants Berkey noirs dans la bo\u00eete. Vous pouvez \u00e9galement utiliser l'amorce universelle PrimeRite, qui fait partie de l'amorce Kit. En outre, ce kit comprend un adaptateur pour l'\u00e9l\u00e9ment filtrant noir Berkey dans la bo\u00eete. <a href=\"https:\/\/www.alternatievemiddelen.nl\/fr\/produits\/elements-filtrants-pour-le-fluorure-et-larsenic\/\">Filtres \u00e0 fluor et \u00e0 arsenic<\/a>, a <a href=\"https:\/\/www.alternatievemiddelen.nl\/fr\/produits\/berkey-waterfilter-anti-airlock-clip\/\">Clip anti-blocage (Vapor Lock Clip)<\/a> pour les cas o\u00f9 le filtre \u00e0 eau Berkey se vide et du colorant rouge pour v\u00e9rifier si le filtre \u00e0 eau Berkey est correctement install\u00e9. Ainsi, vous \u00eates pr\u00eat \u00e0 vivre une exp\u00e9rience Berkey parfaite !<\/p>\n<p><b>Le manuel de ce d\u00e9marreur d'amor\u00e7age Kit peut \u00eatre t\u00e9l\u00e9charg\u00e9 ici : <a href=\"https:\/\/www.alternatievemiddelen.nl\/wp-content\/uploads\/2022\/04\/Handleiding-Berkey-Waterfilters-Priming-Starter-Kit.pdf\" target=\"_blank\" rel=\"noopener\">cliquez ici<\/a>.<\/b><br \/>\n&nbsp;<\/p>\n<h4><b>-&gt; REMARQUE : L'amorce Kit est livr\u00e9e en standard dans la bo\u00eete d'un filtre \u00e0 eau Berkey (sauf pour les mod\u00e8les endommag\u00e9s) et n'a donc pas besoin d'\u00eatre command\u00e9e s\u00e9par\u00e9ment !<\/b><\/h4>\n<p>&nbsp;<\/p>","protected":false},"excerpt":{"rendered":"<p>L'amorce de filtre \u00e0 eau Berkey Kit permet d'amorcer les filtres noirs Berkey et de v\u00e9rifier votre filtre \u00e0 eau Berkey avec du colorant rouge ! <\/p>","protected":false},"featured_media":23807,"comment_status":"open","ping_status":"closed","template":"","meta":[],"product_brand":[],"product_cat":[2971,3099,3013],"product_tag":[2961,3021,2974,3022,2976,3023,3024,3025,3026,3027,3019,3028,3029,3030,3020,2885,2979,3012,2980,2981],"merk":[3432,3702],"class_list":{"0":"post-34435","1":"product","2":"type-product","3":"status-publish","4":"has-post-thumbnail","6":"product_cat-waterfilters","7":"product_cat-waterfilter-elementen","8":"product_cat-waterfilter-accessoires","9":"product_tag-berkey","10":"product_tag-berkey-waterfilters-priming-starter-kit","11":"product_tag-black-berkey","12":"product_tag-faucet","13":"product_tag-filterelement","14":"product_tag-prime-rite","15":"product_tag-prime-rite-fluoride-element-adaptor","16":"product_tag-prime-rite-universal-primer","17":"product_tag-primen","18":"product_tag-primer","19":"product_tag-priming-starter-kit","20":"product_tag-reinigen","21":"product_tag-rode-kleurstof","22":"product_tag-set","23":"product_tag-vapor-lock-clip","24":"product_tag-water","25":"product_tag-waterfilter","26":"product_tag-waterfilters","27":"product_tag-waterzuivering","28":"product_tag-zuiver","29":"merk-berkey","30":"merk-boroux","32":"first","33":"instock","34":"taxable","35":"shipping-taxable","36":"purchasable","37":"product-type-simple"},"bundled_by":[],"bundle_stock_status":"instock","bundle_stock_quantity":null,"bundle_virtual":false,"bundle_layout":"","bundle_add_to_cart_form_location":"","bundle_editable_in_cart":false,"bundle_sold_individually_context":"","bundle_item_grouping":"","bundle_min_size":"","bundle_max_size":"","bundle_price":[],"bundled_items":[],"bundle_sell_ids":[44176,34341,34462,34415],"yoast_head":"<!-- This site is optimized with the Yoast SEO plugin v26.1 - https:\/\/yoast.com\/wordpress\/plugins\/seo\/ -->\n<title>Berkey Waterfilters Priming Starter Kit - Alternatievemiddelen.nl<\/title>\n<meta name=\"description\" content=\"De Berkey Waterfilters Priming Starter Kit helpt bij het primen van Black Berkey filters en het controleren van jouw Berkey waterfilter met rode kleurstof!\" \/>\n<meta name=\"robots\" content=\"index, follow, max-snippet:-1, max-image-preview:large, max-video-preview:-1\" \/>\n<link rel=\"canonical\" href=\"https:\/\/www.alternatievemiddelen.nl\/fr\/wp-json\/wp\/v2\/product\/34435\" \/>\n<meta property=\"og:locale\" content=\"fr_FR\" \/>\n<meta property=\"og:type\" content=\"article\" \/>\n<meta property=\"og:title\" content=\"Berkey Waterfilters Priming Starter Kit - Alternatievemiddelen.nl\" \/>\n<meta property=\"og:description\" content=\"De Berkey Waterfilters Priming Starter Kit helpt bij het primen van Black Berkey filters en het controleren van jouw Berkey waterfilter met rode kleurstof!\" \/>\n<meta property=\"og:url\" content=\"https:\/\/www.alternatievemiddelen.nl\/fr\/produits\/kit-damorcage-pour-filtres-a-eau-berkey\/\" \/>\n<meta property=\"og:site_name\" content=\"Alternatievemiddelen.nl\" \/>\n<meta property=\"article:publisher\" content=\"https:\/\/www.facebook.com\/alternatievemiddelen\" \/>\n<meta property=\"article:modified_time\" content=\"2025-12-07T13:30:07+00:00\" \/>\n<meta property=\"og:image\" content=\"\/wp-content\/uploads\/2022\/04\/Berkey-Waterfilters-Priming-Starter-Kit-2.jpg\" \/>\n\t<meta property=\"og:image:width\" content=\"600\" \/>\n\t<meta property=\"og:image:height\" content=\"800\" \/>\n\t<meta property=\"og:image:type\" content=\"image\/jpeg\" \/>\n<meta name=\"twitter:card\" content=\"summary_large_image\" \/>\n<meta name=\"twitter:label1\" content=\"Dur\u00e9e de lecture estim\u00e9e\" \/>\n\t<meta name=\"twitter:data1\" content=\"3 minutes\" \/>\n<script type=\"application\/ld+json\" class=\"yoast-schema-graph\">{\"@context\":\"https:\/\/schema.org\",\"@graph\":[{\"@type\":[\"WebPage\",\"ItemPage\"],\"@id\":\"https:\/\/www.alternatievemiddelen.nl\/producten\/berkey-waterfilters-priming-starter-kit\/\",\"url\":\"https:\/\/www.alternatievemiddelen.nl\/producten\/berkey-waterfilters-priming-starter-kit\/\",\"name\":\"Berkey Waterfilters Priming Starter Kit - Alternatievemiddelen.nl\",\"isPartOf\":{\"@id\":\"https:\/\/www.alternatievemiddelen.nl\/#website\"},\"primaryImageOfPage\":{\"@id\":\"https:\/\/www.alternatievemiddelen.nl\/producten\/berkey-waterfilters-priming-starter-kit\/#primaryimage\"},\"image\":{\"@id\":\"https:\/\/www.alternatievemiddelen.nl\/producten\/berkey-waterfilters-priming-starter-kit\/#primaryimage\"},\"thumbnailUrl\":\"https:\/\/www.alternatievemiddelen.nl\/wp-content\/uploads\/2022\/04\/Berkey-Waterfilters-Priming-Starter-Kit-2.jpg\",\"datePublished\":\"2024-02-27T07:22:03+00:00\",\"dateModified\":\"2025-12-07T13:30:07+00:00\",\"description\":\"De Berkey Waterfilters Priming Starter Kit helpt bij het primen van Black Berkey filters en het controleren van jouw Berkey waterfilter met rode kleurstof!\",\"breadcrumb\":{\"@id\":\"https:\/\/www.alternatievemiddelen.nl\/producten\/berkey-waterfilters-priming-starter-kit\/#breadcrumb\"},\"inLanguage\":\"fr-FR\",\"potentialAction\":[{\"@type\":\"ReadAction\",\"target\":[\"https:\/\/www.alternatievemiddelen.nl\/producten\/berkey-waterfilters-priming-starter-kit\/\"]}]},{\"@type\":\"ImageObject\",\"inLanguage\":\"fr-FR\",\"@id\":\"https:\/\/www.alternatievemiddelen.nl\/producten\/berkey-waterfilters-priming-starter-kit\/#primaryimage\",\"url\":\"https:\/\/www.alternatievemiddelen.nl\/wp-content\/uploads\/2022\/04\/Berkey-Waterfilters-Priming-Starter-Kit-2.jpg\",\"contentUrl\":\"https:\/\/www.alternatievemiddelen.nl\/wp-content\/uploads\/2022\/04\/Berkey-Waterfilters-Priming-Starter-Kit-2.jpg\",\"width\":600,\"height\":800,\"caption\":\"Berkey Waterfilters Priming Starter Kit\"},{\"@type\":\"BreadcrumbList\",\"@id\":\"https:\/\/www.alternatievemiddelen.nl\/producten\/berkey-waterfilters-priming-starter-kit\/#breadcrumb\",\"itemListElement\":[{\"@type\":\"ListItem\",\"position\":1,\"name\":\"Home\",\"item\":\"https:\/\/www.alternatievemiddelen.nl\/\"},{\"@type\":\"ListItem\",\"position\":2,\"name\":\"Producten\",\"item\":\"https:\/\/www.alternatievemiddelen.nl\/producten\/\"},{\"@type\":\"ListItem\",\"position\":3,\"name\":\"Berkey Waterfilters Priming Starter Kit\"}]},{\"@type\":\"WebSite\",\"@id\":\"https:\/\/www.alternatievemiddelen.nl\/#website\",\"url\":\"https:\/\/www.alternatievemiddelen.nl\/\",\"name\":\"Alternatievemiddelen.nl\",\"description\":\"Webshop met gezonde, duurzame en ecologische alternatieve mogelijkheden in de hedendaagse levenstijl. Alles uit eigen ervaring.\",\"publisher\":{\"@id\":\"https:\/\/www.alternatievemiddelen.nl\/#organization\"},\"alternateName\":\"Alternatieve Middelen\",\"potentialAction\":[{\"@type\":\"SearchAction\",\"target\":{\"@type\":\"EntryPoint\",\"urlTemplate\":\"https:\/\/www.alternatievemiddelen.nl\/?s={search_term_string}\"},\"query-input\":{\"@type\":\"PropertyValueSpecification\",\"valueRequired\":true,\"valueName\":\"search_term_string\"}}],\"inLanguage\":\"fr-FR\"},{\"@type\":\"Organization\",\"@id\":\"https:\/\/www.alternatievemiddelen.nl\/#organization\",\"name\":\"Alternatievemiddelen.nl\",\"alternateName\":\"Alternatieve Middelen\",\"url\":\"https:\/\/www.alternatievemiddelen.nl\/\",\"logo\":{\"@type\":\"ImageObject\",\"inLanguage\":\"fr-FR\",\"@id\":\"https:\/\/www.alternatievemiddelen.nl\/#\/schema\/logo\/image\/\",\"url\":\"https:\/\/www.alternatievemiddelen.nl\/wp-content\/uploads\/2023\/10\/alternatievemiddelen-PNG-logo.png\",\"contentUrl\":\"https:\/\/www.alternatievemiddelen.nl\/wp-content\/uploads\/2023\/10\/alternatievemiddelen-PNG-logo.png\",\"width\":6400,\"height\":3062,\"caption\":\"Alternatievemiddelen.nl\"},\"image\":{\"@id\":\"https:\/\/www.alternatievemiddelen.nl\/#\/schema\/logo\/image\/\"},\"sameAs\":[\"https:\/\/www.facebook.com\/alternatievemiddelen\",\"https:\/\/www.instagram.com\/alternatievemiddelen.nl\/\"]}]}<\/script>\n<!-- \/ Yoast SEO plugin. -->","yoast_head_json":{"title":"Berkey Waterfilters Priming Starter Kit - Alternatievemiddelen.nl","description":"De Berkey Waterfilters Priming Starter Kit helpt bij het primen van Black Berkey filters en het controleren van jouw Berkey waterfilter met rode kleurstof!","robots":{"index":"index","follow":"follow","max-snippet":"max-snippet:-1","max-image-preview":"max-image-preview:large","max-video-preview":"max-video-preview:-1"},"canonical":"https:\/\/www.alternatievemiddelen.nl\/fr\/wp-json\/wp\/v2\/product\/34435","og_locale":"fr_FR","og_type":"article","og_title":"Berkey Waterfilters Priming Starter Kit - Alternatievemiddelen.nl","og_description":"De Berkey Waterfilters Priming Starter Kit helpt bij het primen van Black Berkey filters en het controleren van jouw Berkey waterfilter met rode kleurstof!","og_url":"https:\/\/www.alternatievemiddelen.nl\/fr\/produits\/kit-damorcage-pour-filtres-a-eau-berkey\/","og_site_name":"Alternatievemiddelen.nl","article_publisher":"https:\/\/www.facebook.com\/alternatievemiddelen","article_modified_time":"2025-12-07T13:30:07+00:00","og_image":[{"width":600,"height":800,"url":"\/wp-content\/uploads\/2022\/04\/Berkey-Waterfilters-Priming-Starter-Kit-2.jpg","type":"image\/jpeg"}],"twitter_card":"summary_large_image","twitter_misc":{"Dur\u00e9e de lecture estim\u00e9e":"3 minutes"},"schema":{"@context":"https:\/\/schema.org","@graph":[{"@type":["WebPage","ItemPage"],"@id":"https:\/\/www.alternatievemiddelen.nl\/producten\/berkey-waterfilters-priming-starter-kit\/","url":"https:\/\/www.alternatievemiddelen.nl\/producten\/berkey-waterfilters-priming-starter-kit\/","name":"Berkey Waterfilters Priming Starter Kit - Alternatievemiddelen.nl","isPartOf":{"@id":"https:\/\/www.alternatievemiddelen.nl\/#website"},"primaryImageOfPage":{"@id":"https:\/\/www.alternatievemiddelen.nl\/producten\/berkey-waterfilters-priming-starter-kit\/#primaryimage"},"image":{"@id":"https:\/\/www.alternatievemiddelen.nl\/producten\/berkey-waterfilters-priming-starter-kit\/#primaryimage"},"thumbnailUrl":"https:\/\/www.alternatievemiddelen.nl\/wp-content\/uploads\/2022\/04\/Berkey-Waterfilters-Priming-Starter-Kit-2.jpg","datePublished":"2024-02-27T07:22:03+00:00","dateModified":"2025-12-07T13:30:07+00:00","description":"De Berkey Waterfilters Priming Starter Kit helpt bij het primen van Black Berkey filters en het controleren van jouw Berkey waterfilter met rode kleurstof!","breadcrumb":{"@id":"https:\/\/www.alternatievemiddelen.nl\/producten\/berkey-waterfilters-priming-starter-kit\/#breadcrumb"},"inLanguage":"fr-FR","potentialAction":[{"@type":"ReadAction","target":["https:\/\/www.alternatievemiddelen.nl\/producten\/berkey-waterfilters-priming-starter-kit\/"]}]},{"@type":"ImageObject","inLanguage":"fr-FR","@id":"https:\/\/www.alternatievemiddelen.nl\/producten\/berkey-waterfilters-priming-starter-kit\/#primaryimage","url":"https:\/\/www.alternatievemiddelen.nl\/wp-content\/uploads\/2022\/04\/Berkey-Waterfilters-Priming-Starter-Kit-2.jpg","contentUrl":"https:\/\/www.alternatievemiddelen.nl\/wp-content\/uploads\/2022\/04\/Berkey-Waterfilters-Priming-Starter-Kit-2.jpg","width":600,"height":800,"caption":"Berkey Waterfilters Priming Starter Kit"},{"@type":"BreadcrumbList","@id":"https:\/\/www.alternatievemiddelen.nl\/producten\/berkey-waterfilters-priming-starter-kit\/#breadcrumb","itemListElement":[{"@type":"ListItem","position":1,"name":"Home","item":"https:\/\/www.alternatievemiddelen.nl\/"},{"@type":"ListItem","position":2,"name":"Producten","item":"https:\/\/www.alternatievemiddelen.nl\/producten\/"},{"@type":"ListItem","position":3,"name":"Berkey Waterfilters Priming Starter Kit"}]},{"@type":"WebSite","@id":"https:\/\/www.alternatievemiddelen.nl\/#website","url":"https:\/\/www.alternatievemiddelen.nl\/","name":"Alternatievemiddelen.nl","description":"Webshop met gezonde, duurzame en ecologische alternatieve mogelijkheden in de hedendaagse levenstijl. Alles uit eigen ervaring.","publisher":{"@id":"https:\/\/www.alternatievemiddelen.nl\/#organization"},"alternateName":"Alternatieve Middelen","potentialAction":[{"@type":"SearchAction","target":{"@type":"EntryPoint","urlTemplate":"https:\/\/www.alternatievemiddelen.nl\/?s={search_term_string}"},"query-input":{"@type":"PropertyValueSpecification","valueRequired":true,"valueName":"search_term_string"}}],"inLanguage":"fr-FR"},{"@type":"Organization","@id":"https:\/\/www.alternatievemiddelen.nl\/#organization","name":"Alternatievemiddelen.nl","alternateName":"Alternatieve Middelen","url":"https:\/\/www.alternatievemiddelen.nl\/","logo":{"@type":"ImageObject","inLanguage":"fr-FR","@id":"https:\/\/www.alternatievemiddelen.nl\/#\/schema\/logo\/image\/","url":"https:\/\/www.alternatievemiddelen.nl\/wp-content\/uploads\/2023\/10\/alternatievemiddelen-PNG-logo.png","contentUrl":"https:\/\/www.alternatievemiddelen.nl\/wp-content\/uploads\/2023\/10\/alternatievemiddelen-PNG-logo.png","width":6400,"height":3062,"caption":"Alternatievemiddelen.nl"},"image":{"@id":"https:\/\/www.alternatievemiddelen.nl\/#\/schema\/logo\/image\/"},"sameAs":["https:\/\/www.facebook.com\/alternatievemiddelen","https:\/\/www.instagram.com\/alternatievemiddelen.nl\/"]}]}},"_links":{"self":[{"href":"https:\/\/www.alternatievemiddelen.nl\/fr\/wp-json\/wp\/v2\/product\/34435","targetHints":{"allow":["GET"]}}],"collection":[{"href":"https:\/\/www.alternatievemiddelen.nl\/fr\/wp-json\/wp\/v2\/product"}],"about":[{"href":"https:\/\/www.alternatievemiddelen.nl\/fr\/wp-json\/wp\/v2\/types\/product"}],"replies":[{"embeddable":true,"href":"https:\/\/www.alternatievemiddelen.nl\/fr\/wp-json\/wp\/v2\/comments?post=34435"}],"wp:featuredmedia":[{"embeddable":true,"href":"https:\/\/www.alternatievemiddelen.nl\/fr\/wp-json\/wp\/v2\/media\/23807"}],"wp:attachment":[{"href":"https:\/\/www.alternatievemiddelen.nl\/fr\/wp-json\/wp\/v2\/media?parent=34435"}],"wp:term":[{"taxonomy":"product_brand","embeddable":true,"href":"https:\/\/www.alternatievemiddelen.nl\/fr\/wp-json\/wp\/v2\/product_brand?post=34435"},{"taxonomy":"product_cat","embeddable":true,"href":"https:\/\/www.alternatievemiddelen.nl\/fr\/wp-json\/wp\/v2\/product_cat?post=34435"},{"taxonomy":"product_tag","embeddable":true,"href":"https:\/\/www.alternatievemiddelen.nl\/fr\/wp-json\/wp\/v2\/product_tag?post=34435"},{"taxonomy":"merk","embeddable":true,"href":"https:\/\/www.alternatievemiddelen.nl\/fr\/wp-json\/wp\/v2\/merk?post=34435"}],"curies":[{"name":"wp","href":"https:\/\/api.w.org\/{rel}","templated":true}]}}