{"id":34442,"date":"2024-02-27T08:29:57","date_gmt":"2024-02-27T07:29:57","guid":{"rendered":"https:\/\/www.alternatievemiddelen.nl\/?post_type=product&#038;p=34442"},"modified":"2026-03-28T14:28:35","modified_gmt":"2026-03-28T13:28:35","slug":"rvs-kraantje-berkey-systemen","status":"publish","type":"product","link":"https:\/\/www.alternatievemiddelen.nl\/fr\/produits\/robinet-en-acier-inoxydable-berkey-systems\/","title":{"rendered":"Vanne en acier inoxydable pour le filtre \u00e0 eau Berkey et d'autres marques de filtres \u00e0 eau en acier inoxydable (original de Berkey)"},"content":{"rendered":"<p>Vous ne voulez pas utiliser de pi\u00e8ces en plastique ? Ce robinet en acier inoxydable pour filtre \u00e0 eau en acier inoxydable Berkey est alors id\u00e9al. Il vous permet de remplacer le robinet (en plastique) fourni et, si n\u00e9cessaire, une autre pi\u00e8ce en plastique a \u00e9t\u00e9 remplac\u00e9e par une pi\u00e8ce en acier inoxydable.<\/p>\n<p>Ce robinet en acier inoxydable est d'une grande qualit\u00e9 et d'une belle finition. Il compl\u00e8te votre filtre \u00e0 eau. Il s'adapte \u00e0 tous les filtres en acier inoxydable. <a href=\"https:\/\/www.alternatievemiddelen.nl\/fr\/categorie-de-produits-2\/filtres-a-eau\/filtre-a-eau\/filtrer-les-resultats\/berkey-3\/\">Filtres \u00e0 eau Berkey (pas sur le Berkey Light)<\/a> et m\u00eame sur le <a href=\"https:\/\/www.alternatievemiddelen.nl\/fr\/categorie-de-produits-2\/filtres-a-eau\/filtre-a-eau\/filtrer-les-resultats\/boroux\/\">Filtres \u00e0 eau BOROUX<\/a> (ATTENTION ! Il s'agit d\u00e9j\u00e0 d'un robinet en acier inoxydable) et <a href=\"https:\/\/www.alternatievemiddelen.nl\/fr\/categorie-de-produits-2\/filtres-a-eau\/filtre-a-eau\/filtrer-les-resultats\/filtres-purs\/\">Filtres \u00e0 eau Pure Filters<\/a> (ATTENTION ! Ceci inclut d\u00e9j\u00e0 un robinet en acier inoxydable). Mais aussi sur les filtres \u00e0 eau en acier inoxydable de British Berkefeld, ProOne, Phoenix, Aqua Logic, Monderma, Newton et autres.<\/b><br \/>\n&nbsp;<\/p>\n<h3>Robinet en acier inoxydable :<\/h3>\n<ul>\n<li>Fabriqu\u00e9 en acier inoxydable de haute qualit\u00e9<\/li>\n<li>Finition magnifiquement polie<\/li>\n<li>Grande ouverture<\/li>\n<li>Position de la poign\u00e9e facile \u00e0 mettre en place et \u00e0 retirer<\/li>\n<li>Remplir un verre de 250 ml en quelques secondes<\/li>\n<li>Comprend toutes les fournitures telles que l'\u00e9crou et les joints d'\u00e9tanch\u00e9it\u00e9 en silicone (tout ce qui est n\u00e9cessaire pour une installation facile).<\/li>\n<\/ul>\n<p>&nbsp;<\/p>\n<h3>Compl\u00e9ment \u00e0 votre filtre \u00e0 eau en acier inoxydable Berkey ou d'une autre marque<\/h3>\n<p>Commandez-la donc facilement \u00e0 votre <a href=\"https:\/\/www.alternatievemiddelen.nl\/fr\/categorie-de-produits-2\/filtres-a-eau\/filtre-a-eau\/filtrer-les-resultats\/berkey-3\/\">Filtre \u00e0 eau Berkey<\/a> ou le commander avec un filtre \u00e0 eau en acier inoxydable d'une autre marque. Le robinet est un compl\u00e9ment tr\u00e8s appr\u00e9ci\u00e9 du filtre \u00e0 eau Berkey, c'est pourquoi nous avons compos\u00e9 des ensembles complets comprenant ce robinet. Un set se compose donc d'un filtre \u00e0 eau, d'un support et de ce robinet. Bien entendu, vous b\u00e9n\u00e9ficiez d'une remise sur le set. Vous trouverez ces sets avantageux sur notre site <a href=\"https:\/\/www.alternatievemiddelen.nl\/fr\/categorie-de-produits-2\/filtres-a-eau\/offres-combinees\/\">page des offres<\/a>.<br \/>\n&nbsp;<\/p>\n<h3>Assembl\u00e9e<\/h3>\n<p>L'installation est tr\u00e8s facile. En effet, le robinet est livr\u00e9 avec un \u00e9crou, 2 bagues d'\u00e9tanch\u00e9it\u00e9 en silicone et 2 plaques de recouvrement en acier inoxydable. Ins\u00e9rez le robinet dans le trou du plateau inf\u00e9rieur du filtre \u00e0 eau. Veillez \u00e0 ce qu'il y ait un joint d'\u00e9tanch\u00e9it\u00e9 en silicone et une plaque de recouvrement en acier inoxydable \u00e0 l'int\u00e9rieur et \u00e0 l'ext\u00e9rieur. Ensuite, vissez le petit \u00e9crou sur le filetage du robinet (\u00e0 l'int\u00e9rieur du filtre \u00e0 eau) et serrez-le bien. Cette derni\u00e8re partie est tr\u00e8s importante, car si elle n'est pas bien serr\u00e9e, vous risquez une fuite d'eau. Serrez-le donc fermement ! Vous \u00eates alors pr\u00eat \u00e0 utiliser l'eau du robinet du filtre \u00e0 eau.<\/p>","protected":false},"excerpt":{"rendered":"<p>Un robinet en acier inoxydable pour le filtre \u00e0 eau Berkey et d'autres marques de filtres \u00e0 eau en acier inoxydable, qui peut remplacer le robinet (en plastique) \u00e9ventuellement fourni.<\/p>","protected":false},"featured_media":31253,"comment_status":"open","ping_status":"closed","template":"","meta":[],"product_brand":[],"product_cat":[2971,3013],"product_tag":[2961,3008,2890,3009,3010,2879,2880,2979,3012,2980],"merk":[3432,3450],"class_list":{"0":"post-34442","1":"product","2":"type-product","3":"status-publish","4":"has-post-thumbnail","6":"product_cat-waterfilters","7":"product_cat-waterfilter-accessoires","8":"product_tag-berkey","9":"product_tag-drinkwater","10":"product_tag-kraan","11":"product_tag-kraantje","12":"product_tag-roestvrij","13":"product_tag-roestvrij-staal","14":"product_tag-rvs","15":"product_tag-waterfilter","16":"product_tag-waterfilters","17":"product_tag-waterzuivering","18":"merk-berkey","19":"merk-british-berkefeld","21":"first","22":"instock","23":"taxable","24":"shipping-taxable","25":"purchasable","26":"product-type-simple"},"bundled_by":["34363","34412","34413","34365","34426","34471","34448","35863","34484","34486","34482"],"bundle_stock_status":"instock","bundle_stock_quantity":null,"bundle_virtual":false,"bundle_layout":"","bundle_add_to_cart_form_location":"","bundle_editable_in_cart":false,"bundle_sold_individually_context":"","bundle_item_grouping":"","bundle_min_size":"","bundle_max_size":"","bundle_price":[],"bundled_items":[],"bundle_sell_ids":[44176],"yoast_head":"<!-- This site is optimized with the Yoast SEO plugin v26.1 - https:\/\/yoast.com\/wordpress\/plugins\/seo\/ -->\n<title>RVS Kraantje voor Berkey waterfilter en andere merken RVS waterfilters (origineel van Berkey) - Alternatievemiddelen.nl<\/title>\n<meta name=\"description\" content=\"Een RVS kraantje voor Berkey waterfilter en andere merken RVS waterfilters, die het eventueel meegeleverde (plastic) kraantje kan vervangen.\" \/>\n<meta name=\"robots\" content=\"index, follow, max-snippet:-1, max-image-preview:large, max-video-preview:-1\" \/>\n<link rel=\"canonical\" href=\"https:\/\/www.alternatievemiddelen.nl\/fr\/wp-json\/wp\/v2\/product\/34442\" \/>\n<meta property=\"og:locale\" content=\"fr_FR\" \/>\n<meta property=\"og:type\" content=\"article\" \/>\n<meta property=\"og:title\" content=\"RVS Kraantje voor Berkey waterfilter en andere merken RVS waterfilters (origineel van Berkey) - Alternatievemiddelen.nl\" \/>\n<meta property=\"og:description\" content=\"Een RVS kraantje voor Berkey waterfilter en andere merken RVS waterfilters, die het eventueel meegeleverde (plastic) kraantje kan vervangen.\" \/>\n<meta property=\"og:url\" content=\"https:\/\/www.alternatievemiddelen.nl\/fr\/produits\/robinet-en-acier-inoxydable-berkey-systems\/\" \/>\n<meta property=\"og:site_name\" content=\"Alternatievemiddelen.nl\" \/>\n<meta property=\"article:publisher\" content=\"https:\/\/www.facebook.com\/alternatievemiddelen\" \/>\n<meta property=\"article:modified_time\" content=\"2026-03-28T13:28:35+00:00\" \/>\n<meta property=\"og:image\" content=\"\/wp-content\/uploads\/2023\/12\/Berkey-rvs-kraantje.jpg\" \/>\n\t<meta property=\"og:image:width\" content=\"1200\" \/>\n\t<meta property=\"og:image:height\" content=\"1600\" \/>\n\t<meta property=\"og:image:type\" content=\"image\/jpeg\" \/>\n<meta name=\"twitter:card\" content=\"summary_large_image\" \/>\n<meta name=\"twitter:label1\" content=\"Dur\u00e9e de lecture estim\u00e9e\" \/>\n\t<meta name=\"twitter:data1\" content=\"2 minutes\" \/>\n<script type=\"application\/ld+json\" class=\"yoast-schema-graph\">{\"@context\":\"https:\/\/schema.org\",\"@graph\":[{\"@type\":[\"WebPage\",\"ItemPage\"],\"@id\":\"https:\/\/www.alternatievemiddelen.nl\/producten\/rvs-kraantje-berkey-systemen\/\",\"url\":\"https:\/\/www.alternatievemiddelen.nl\/producten\/rvs-kraantje-berkey-systemen\/\",\"name\":\"RVS Kraantje voor Berkey waterfilter en andere merken RVS waterfilters (origineel van Berkey) - Alternatievemiddelen.nl\",\"isPartOf\":{\"@id\":\"https:\/\/www.alternatievemiddelen.nl\/#website\"},\"primaryImageOfPage\":{\"@id\":\"https:\/\/www.alternatievemiddelen.nl\/producten\/rvs-kraantje-berkey-systemen\/#primaryimage\"},\"image\":{\"@id\":\"https:\/\/www.alternatievemiddelen.nl\/producten\/rvs-kraantje-berkey-systemen\/#primaryimage\"},\"thumbnailUrl\":\"https:\/\/www.alternatievemiddelen.nl\/wp-content\/uploads\/2023\/12\/Berkey-rvs-kraantje.jpg\",\"datePublished\":\"2024-02-27T07:29:57+00:00\",\"dateModified\":\"2026-03-28T13:28:35+00:00\",\"description\":\"Een RVS kraantje voor Berkey waterfilter en andere merken RVS waterfilters, die het eventueel meegeleverde (plastic) kraantje kan vervangen.\",\"breadcrumb\":{\"@id\":\"https:\/\/www.alternatievemiddelen.nl\/producten\/rvs-kraantje-berkey-systemen\/#breadcrumb\"},\"inLanguage\":\"fr-FR\",\"potentialAction\":[{\"@type\":\"ReadAction\",\"target\":[\"https:\/\/www.alternatievemiddelen.nl\/producten\/rvs-kraantje-berkey-systemen\/\"]}]},{\"@type\":\"ImageObject\",\"inLanguage\":\"fr-FR\",\"@id\":\"https:\/\/www.alternatievemiddelen.nl\/producten\/rvs-kraantje-berkey-systemen\/#primaryimage\",\"url\":\"https:\/\/www.alternatievemiddelen.nl\/wp-content\/uploads\/2023\/12\/Berkey-rvs-kraantje.jpg\",\"contentUrl\":\"https:\/\/www.alternatievemiddelen.nl\/wp-content\/uploads\/2023\/12\/Berkey-rvs-kraantje.jpg\",\"width\":1200,\"height\":1600,\"caption\":\"RVS kraantje Berkey\"},{\"@type\":\"BreadcrumbList\",\"@id\":\"https:\/\/www.alternatievemiddelen.nl\/producten\/rvs-kraantje-berkey-systemen\/#breadcrumb\",\"itemListElement\":[{\"@type\":\"ListItem\",\"position\":1,\"name\":\"Home\",\"item\":\"https:\/\/www.alternatievemiddelen.nl\/\"},{\"@type\":\"ListItem\",\"position\":2,\"name\":\"Producten\",\"item\":\"https:\/\/www.alternatievemiddelen.nl\/producten\/\"},{\"@type\":\"ListItem\",\"position\":3,\"name\":\"RVS Kraantje voor Berkey waterfilter en andere merken RVS waterfilters (origineel van Berkey)\"}]},{\"@type\":\"WebSite\",\"@id\":\"https:\/\/www.alternatievemiddelen.nl\/#website\",\"url\":\"https:\/\/www.alternatievemiddelen.nl\/\",\"name\":\"Alternatievemiddelen.nl\",\"description\":\"Webshop met gezonde, duurzame en ecologische alternatieve mogelijkheden in de hedendaagse levenstijl. Alles uit eigen ervaring.\",\"publisher\":{\"@id\":\"https:\/\/www.alternatievemiddelen.nl\/#organization\"},\"alternateName\":\"Alternatieve Middelen\",\"potentialAction\":[{\"@type\":\"SearchAction\",\"target\":{\"@type\":\"EntryPoint\",\"urlTemplate\":\"https:\/\/www.alternatievemiddelen.nl\/?s={search_term_string}\"},\"query-input\":{\"@type\":\"PropertyValueSpecification\",\"valueRequired\":true,\"valueName\":\"search_term_string\"}}],\"inLanguage\":\"fr-FR\"},{\"@type\":\"Organization\",\"@id\":\"https:\/\/www.alternatievemiddelen.nl\/#organization\",\"name\":\"Alternatievemiddelen.nl\",\"alternateName\":\"Alternatieve Middelen\",\"url\":\"https:\/\/www.alternatievemiddelen.nl\/\",\"logo\":{\"@type\":\"ImageObject\",\"inLanguage\":\"fr-FR\",\"@id\":\"https:\/\/www.alternatievemiddelen.nl\/#\/schema\/logo\/image\/\",\"url\":\"https:\/\/www.alternatievemiddelen.nl\/wp-content\/uploads\/2023\/10\/alternatievemiddelen-PNG-logo.png\",\"contentUrl\":\"https:\/\/www.alternatievemiddelen.nl\/wp-content\/uploads\/2023\/10\/alternatievemiddelen-PNG-logo.png\",\"width\":6400,\"height\":3062,\"caption\":\"Alternatievemiddelen.nl\"},\"image\":{\"@id\":\"https:\/\/www.alternatievemiddelen.nl\/#\/schema\/logo\/image\/\"},\"sameAs\":[\"https:\/\/www.facebook.com\/alternatievemiddelen\",\"https:\/\/www.instagram.com\/alternatievemiddelen.nl\/\"]}]}<\/script>\n<!-- \/ Yoast SEO plugin. -->","yoast_head_json":{"title":"RVS Kraantje voor Berkey waterfilter en andere merken RVS waterfilters (origineel van Berkey) - Alternatievemiddelen.nl","description":"Een RVS kraantje voor Berkey waterfilter en andere merken RVS waterfilters, die het eventueel meegeleverde (plastic) kraantje kan vervangen.","robots":{"index":"index","follow":"follow","max-snippet":"max-snippet:-1","max-image-preview":"max-image-preview:large","max-video-preview":"max-video-preview:-1"},"canonical":"https:\/\/www.alternatievemiddelen.nl\/fr\/wp-json\/wp\/v2\/product\/34442","og_locale":"fr_FR","og_type":"article","og_title":"RVS Kraantje voor Berkey waterfilter en andere merken RVS waterfilters (origineel van Berkey) - Alternatievemiddelen.nl","og_description":"Een RVS kraantje voor Berkey waterfilter en andere merken RVS waterfilters, die het eventueel meegeleverde (plastic) kraantje kan vervangen.","og_url":"https:\/\/www.alternatievemiddelen.nl\/fr\/produits\/robinet-en-acier-inoxydable-berkey-systems\/","og_site_name":"Alternatievemiddelen.nl","article_publisher":"https:\/\/www.facebook.com\/alternatievemiddelen","article_modified_time":"2026-03-28T13:28:35+00:00","og_image":[{"width":1200,"height":1600,"url":"\/wp-content\/uploads\/2023\/12\/Berkey-rvs-kraantje.jpg","type":"image\/jpeg"}],"twitter_card":"summary_large_image","twitter_misc":{"Dur\u00e9e de lecture estim\u00e9e":"2 minutes"},"schema":{"@context":"https:\/\/schema.org","@graph":[{"@type":["WebPage","ItemPage"],"@id":"https:\/\/www.alternatievemiddelen.nl\/producten\/rvs-kraantje-berkey-systemen\/","url":"https:\/\/www.alternatievemiddelen.nl\/producten\/rvs-kraantje-berkey-systemen\/","name":"RVS Kraantje voor Berkey waterfilter en andere merken RVS waterfilters (origineel van Berkey) - Alternatievemiddelen.nl","isPartOf":{"@id":"https:\/\/www.alternatievemiddelen.nl\/#website"},"primaryImageOfPage":{"@id":"https:\/\/www.alternatievemiddelen.nl\/producten\/rvs-kraantje-berkey-systemen\/#primaryimage"},"image":{"@id":"https:\/\/www.alternatievemiddelen.nl\/producten\/rvs-kraantje-berkey-systemen\/#primaryimage"},"thumbnailUrl":"https:\/\/www.alternatievemiddelen.nl\/wp-content\/uploads\/2023\/12\/Berkey-rvs-kraantje.jpg","datePublished":"2024-02-27T07:29:57+00:00","dateModified":"2026-03-28T13:28:35+00:00","description":"Een RVS kraantje voor Berkey waterfilter en andere merken RVS waterfilters, die het eventueel meegeleverde (plastic) kraantje kan vervangen.","breadcrumb":{"@id":"https:\/\/www.alternatievemiddelen.nl\/producten\/rvs-kraantje-berkey-systemen\/#breadcrumb"},"inLanguage":"fr-FR","potentialAction":[{"@type":"ReadAction","target":["https:\/\/www.alternatievemiddelen.nl\/producten\/rvs-kraantje-berkey-systemen\/"]}]},{"@type":"ImageObject","inLanguage":"fr-FR","@id":"https:\/\/www.alternatievemiddelen.nl\/producten\/rvs-kraantje-berkey-systemen\/#primaryimage","url":"https:\/\/www.alternatievemiddelen.nl\/wp-content\/uploads\/2023\/12\/Berkey-rvs-kraantje.jpg","contentUrl":"https:\/\/www.alternatievemiddelen.nl\/wp-content\/uploads\/2023\/12\/Berkey-rvs-kraantje.jpg","width":1200,"height":1600,"caption":"RVS kraantje Berkey"},{"@type":"BreadcrumbList","@id":"https:\/\/www.alternatievemiddelen.nl\/producten\/rvs-kraantje-berkey-systemen\/#breadcrumb","itemListElement":[{"@type":"ListItem","position":1,"name":"Home","item":"https:\/\/www.alternatievemiddelen.nl\/"},{"@type":"ListItem","position":2,"name":"Producten","item":"https:\/\/www.alternatievemiddelen.nl\/producten\/"},{"@type":"ListItem","position":3,"name":"RVS Kraantje voor Berkey waterfilter en andere merken RVS waterfilters (origineel van Berkey)"}]},{"@type":"WebSite","@id":"https:\/\/www.alternatievemiddelen.nl\/#website","url":"https:\/\/www.alternatievemiddelen.nl\/","name":"Alternatievemiddelen.nl","description":"Webshop met gezonde, duurzame en ecologische alternatieve mogelijkheden in de hedendaagse levenstijl. Alles uit eigen ervaring.","publisher":{"@id":"https:\/\/www.alternatievemiddelen.nl\/#organization"},"alternateName":"Alternatieve Middelen","potentialAction":[{"@type":"SearchAction","target":{"@type":"EntryPoint","urlTemplate":"https:\/\/www.alternatievemiddelen.nl\/?s={search_term_string}"},"query-input":{"@type":"PropertyValueSpecification","valueRequired":true,"valueName":"search_term_string"}}],"inLanguage":"fr-FR"},{"@type":"Organization","@id":"https:\/\/www.alternatievemiddelen.nl\/#organization","name":"Alternatievemiddelen.nl","alternateName":"Alternatieve Middelen","url":"https:\/\/www.alternatievemiddelen.nl\/","logo":{"@type":"ImageObject","inLanguage":"fr-FR","@id":"https:\/\/www.alternatievemiddelen.nl\/#\/schema\/logo\/image\/","url":"https:\/\/www.alternatievemiddelen.nl\/wp-content\/uploads\/2023\/10\/alternatievemiddelen-PNG-logo.png","contentUrl":"https:\/\/www.alternatievemiddelen.nl\/wp-content\/uploads\/2023\/10\/alternatievemiddelen-PNG-logo.png","width":6400,"height":3062,"caption":"Alternatievemiddelen.nl"},"image":{"@id":"https:\/\/www.alternatievemiddelen.nl\/#\/schema\/logo\/image\/"},"sameAs":["https:\/\/www.facebook.com\/alternatievemiddelen","https:\/\/www.instagram.com\/alternatievemiddelen.nl\/"]}]}},"_links":{"self":[{"href":"https:\/\/www.alternatievemiddelen.nl\/fr\/wp-json\/wp\/v2\/product\/34442","targetHints":{"allow":["GET"]}}],"collection":[{"href":"https:\/\/www.alternatievemiddelen.nl\/fr\/wp-json\/wp\/v2\/product"}],"about":[{"href":"https:\/\/www.alternatievemiddelen.nl\/fr\/wp-json\/wp\/v2\/types\/product"}],"replies":[{"embeddable":true,"href":"https:\/\/www.alternatievemiddelen.nl\/fr\/wp-json\/wp\/v2\/comments?post=34442"}],"wp:featuredmedia":[{"embeddable":true,"href":"https:\/\/www.alternatievemiddelen.nl\/fr\/wp-json\/wp\/v2\/media\/31253"}],"wp:attachment":[{"href":"https:\/\/www.alternatievemiddelen.nl\/fr\/wp-json\/wp\/v2\/media?parent=34442"}],"wp:term":[{"taxonomy":"product_brand","embeddable":true,"href":"https:\/\/www.alternatievemiddelen.nl\/fr\/wp-json\/wp\/v2\/product_brand?post=34442"},{"taxonomy":"product_cat","embeddable":true,"href":"https:\/\/www.alternatievemiddelen.nl\/fr\/wp-json\/wp\/v2\/product_cat?post=34442"},{"taxonomy":"product_tag","embeddable":true,"href":"https:\/\/www.alternatievemiddelen.nl\/fr\/wp-json\/wp\/v2\/product_tag?post=34442"},{"taxonomy":"merk","embeddable":true,"href":"https:\/\/www.alternatievemiddelen.nl\/fr\/wp-json\/wp\/v2\/merk?post=34442"}],"curies":[{"name":"wp","href":"https:\/\/api.w.org\/{rel}","templated":true}]}}