{"id":34453,"date":"2024-02-27T08:30:09","date_gmt":"2024-02-27T07:30:09","guid":{"rendered":"https:\/\/www.alternatievemiddelen.nl\/?post_type=product&#038;p=34453"},"modified":"2025-04-28T08:09:09","modified_gmt":"2025-04-28T06:09:09","slug":"vitakruid-zink-methionine-koper","status":"publish","type":"product","link":"https:\/\/www.alternatievemiddelen.nl\/fr\/produits\/vitakruid-zinc-methionine-cuivre-90\/","title":{"rendered":"Vitakruid Zinc M\u00e9thionine &amp; Cuivre 90 g\u00e9lules"},"content":{"rendered":"<p>Vitakruid Zinc Methionine &amp; Copper 90 g\u00e9lules - Pr\u00e9paration min\u00e9rale<\/p>\n<p><u>Zinc et cuivre sous les formes les plus biodisponibles<\/u><br \/>\nLa m\u00e9thionine de zinc est la seule forme de zinc qui ne se lie pas au phytate, \u00e0 l'oxalate ou aux tanins. En fait, la liaison \u00e0 l'un de ces antinutriments r\u00e9duit consid\u00e9rablement l'absorption. De plus, Vitakruid a ajout\u00e9 \u00e0 cette formule du cuivre sous forme de gluconate. Le gluconate de cuivre est le sel de cuivre biodisponible de l'acide D-gluconique et la meilleure forme de cuivre absorbable disponible.<\/p>\n<p><u>Cuivre attach\u00e9 pour assurer le bilan<\/u><br \/>\nLe titre l'indique peut-\u00eatre d\u00e9j\u00e0, mais en plus du zinc, nous avons inclus le cuivre dans la formule Zinc-M\u00e9thionine &amp; Cuivre. En effet, l'\u00e9quilibre est le mot sur lequel repose l'efficacit\u00e9 de notre \u00e9quilibre min\u00e9ral. Comme sur une balance, les diff\u00e9rents \u00e9l\u00e9ments de notre corps sont pes\u00e9s en permanence. Les min\u00e9raux que nous connaissons ont des relations diff\u00e9rentes entre eux. Le zinc et le cuivre, par exemple, ont un effet dit synergique. Cela signifie que ces \u00e9l\u00e9ments ont \u00e0 la fois des effets stimulants et inhibiteurs l'un sur l'autre. Il est donc important de toujours compl\u00e9ter les \u00e9l\u00e9ments synergiques ensemble, afin d'\u00e9viter tout d\u00e9s\u00e9quilibre.<\/p>\n<p><u>Le zinc est appel\u00e9 l'oligo-\u00e9l\u00e9ment le plus important<\/u><br \/>\nLe zinc est peut-\u00eatre l'oligo-\u00e9l\u00e9ment le plus important pour le corps humain. Le corps entier contient environ deux \u00e0 trois grammes de zinc, dont la majeure partie se trouve dans les grands muscles. Cet oligo-\u00e9l\u00e9ment essentiel \u00e9tant rapidement \u00e9puis\u00e9, les r\u00e9serves de zinc doivent \u00e9galement \u00eatre reconstitu\u00e9es de mani\u00e8re ad\u00e9quate. Il est donc conseill\u00e9 de consommer quotidiennement des aliments riches en zinc, mais nous bafouons massivement ce conseil apparemment facile \u00e0 suivre. Le d\u00e9veloppement de l'agriculture au cours des derni\u00e8res d\u00e9cennies a tout simplement eu pour cons\u00e9quence que nos fruits et l\u00e9gumes contiennent jusqu'\u00e0 60% de vitamines et de min\u00e9raux en moins qu'il y a 20 ans. En outre, les v\u00e9g\u00e9tariens et les v\u00e9g\u00e9taliens constituent un groupe \u00e0 risque pour les niveaux insuffisants de zinc. En effet, le zinc d'origine v\u00e9g\u00e9tale est mal absorb\u00e9 par l'organisme par rapport aux sources de zinc d'origine animale. La suppl\u00e9mentation en zinc est donc conseill\u00e9e \u00e0 un groupe plus important que ce que l'on pourrait supposer a priori.<\/p>\n<p>- Le zinc est bon pour le squelette, le processus de division cellulaire, la vue, la concentration, les cheveux, les ongles et la fertilit\u00e9 masculine.<br \/>\n- Le zinc contribue \u00e0 la synth\u00e8se normale de l'ADN et \u00e0 des niveaux normaux de testost\u00e9rone dans le sang.<br \/>\n- Le zinc contribue \u00e0 la formation de prot\u00e9ines corporelles<br \/>\n- Le zinc nourrit la peau<br \/>\n- Le zinc contribue au m\u00e9tabolisme normal des macronutriments et au m\u00e9tabolisme acido-basique.<br \/>\n- Le zinc et le cuivre ont des effets positifs sur le syst\u00e8me immunitaire<br \/>\n- Le zinc et le cuivre sont des antioxydants<br \/>\n- Le cuivre est bon pour les tissus conjonctifs de la peau et le syst\u00e8me nerveux.<br \/>\n- Le cuivre favorise le m\u00e9tabolisme \u00e9nerg\u00e9tique et une pigmentation normale de la peau.<br \/>\n- Le cuivre favorise le transport du fer dans l'organisme<\/p>\n<table>\n<tbody>\n<tr>\n<td><u><b>Composition par dose journali\u00e8re de 1 g\u00e9lule :<\/b><\/u><\/td>\n<td><\/td>\n<td><u><b>RI*<\/b><\/u><\/td>\n<\/tr>\n<tr>\n<td>Zinc (sous forme de 157 mg de zinc L-monom\u00e9thionine)<\/td>\n<td>30 mg<\/td>\n<td>300%<\/td>\n<\/tr>\n<tr>\n<td>Cuivre (gluconate)<\/td>\n<td>2 mg<\/td>\n<td>200%<\/td>\n<\/tr>\n<\/tbody>\n<\/table>\n<p>* Apports de r\u00e9f\u00e9rence<\/p>\n<p><u><b>Ingr\u00e9dients<\/b><\/u><br \/>\nAmidon de pomme de terre (charge), Zinc L-monom\u00e9thionine, Capsule v\u00e9g\u00e9tale HPMC, Gluconate de cuivre, Huile de tournesol (anti-agglom\u00e9rant), St\u00e9arate de magn\u00e9sium (anti-agglom\u00e9rant).<\/p>\n<p><u><b>Utilisation<\/b><\/u><br \/>\nPrendre 1 g\u00e9lule de pr\u00e9f\u00e9rence le soir avec le repas du soir, sauf prescription contraire.<\/p>\n<p>Ce produit est un compl\u00e9ment alimentaire.<\/p>\n<p>Ne pas d\u00e9passer la dose recommand\u00e9e.<\/p>\n<p>Une alimentation vari\u00e9e et \u00e9quilibr\u00e9e et un mode de vie sain sont importants. Un compl\u00e9ment alimentaire ne remplace pas une alimentation vari\u00e9e.<\/p>\n<p>Tenir hors de port\u00e9e des jeunes enfants.<\/p>\n<p>Conserver au sec, ferm\u00e9 et \u00e0 temp\u00e9rature ambiante, sauf indication contraire sur l'\u00e9tiquette.<\/p>\n<p>Consultez un expert avant de prendre des suppl\u00e9ments en cas de grossesse, d'allaitement, de prise de m\u00e9dicaments et de maladie.<\/p>","protected":false},"excerpt":{"rendered":"<p>Vitakruid Zinc Methionine &amp; Copper 90 g\u00e9lules - Pr\u00e9paration min\u00e9rale<\/p>","protected":false},"featured_media":31844,"comment_status":"open","ping_status":"closed","template":"","meta":[],"product_brand":[],"product_cat":[2938],"product_tag":[3388,3406,3407],"merk":[3436],"class_list":{"0":"post-34453","1":"product","2":"type-product","3":"status-publish","4":"has-post-thumbnail","6":"product_cat-vitamines-mineralen-en-supplementen","7":"product_tag-vitakruid","8":"product_tag-vitakruid-zink-methionine-koper","9":"product_tag-zink-methionine-koper","10":"merk-vitakruid","12":"first","13":"instock","14":"taxable","15":"shipping-taxable","16":"purchasable","17":"product-type-simple"},"bundled_by":[],"bundle_stock_status":"instock","bundle_stock_quantity":null,"bundle_virtual":false,"bundle_layout":"","bundle_add_to_cart_form_location":"","bundle_editable_in_cart":false,"bundle_sold_individually_context":"","bundle_item_grouping":"","bundle_min_size":"","bundle_max_size":"","bundle_price":[],"bundled_items":[],"bundle_sell_ids":[],"yoast_head":"<!-- This site is optimized with the Yoast SEO plugin v26.1 - https:\/\/yoast.com\/wordpress\/plugins\/seo\/ -->\n<title>Vitakruid Zink Methionine &amp; Koper 90 capsules - Alternatievemiddelen.nl<\/title>\n<meta name=\"description\" content=\"Vitakruid Zink Methionine &amp; Koper 90 capsules - Mineralenpreparaat\" \/>\n<meta name=\"robots\" content=\"noindex, follow\" \/>\n<meta property=\"og:locale\" content=\"fr_FR\" \/>\n<meta property=\"og:type\" content=\"article\" \/>\n<meta property=\"og:title\" content=\"Vitakruid Zink Methionine &amp; Koper 90 capsules - Alternatievemiddelen.nl\" \/>\n<meta property=\"og:description\" content=\"Vitakruid Zink Methionine &amp; Koper 90 capsules - Mineralenpreparaat\" \/>\n<meta property=\"og:url\" content=\"https:\/\/www.alternatievemiddelen.nl\/fr\/produits\/vitakruid-zinc-methionine-cuivre-90\/\" \/>\n<meta property=\"og:site_name\" content=\"Alternatievemiddelen.nl\" \/>\n<meta property=\"article:modified_time\" content=\"2025-04-28T06:09:09+00:00\" \/>\n<meta property=\"og:image\" content=\"\/wp-content\/uploads\/2023\/12\/Vitakruid-Zink-Methionine-Koper.jpg\" \/>\n\t<meta property=\"og:image:width\" content=\"600\" \/>\n\t<meta property=\"og:image:height\" content=\"800\" \/>\n\t<meta property=\"og:image:type\" content=\"image\/jpeg\" \/>\n<meta name=\"twitter:card\" content=\"summary_large_image\" \/>\n<meta name=\"twitter:label1\" content=\"Dur\u00e9e de lecture estim\u00e9e\" \/>\n\t<meta name=\"twitter:data1\" content=\"3 minutes\" \/>\n<script type=\"application\/ld+json\" class=\"yoast-schema-graph\">{\"@context\":\"https:\/\/schema.org\",\"@graph\":[{\"@type\":[\"WebPage\",\"ItemPage\"],\"@id\":\"https:\/\/www.alternatievemiddelen.nl\/producten\/vitakruid-zink-methionine-koper\/\",\"url\":\"https:\/\/www.alternatievemiddelen.nl\/producten\/vitakruid-zink-methionine-koper\/\",\"name\":\"Vitakruid Zink Methionine & Koper 90 capsules - Alternatievemiddelen.nl\",\"isPartOf\":{\"@id\":\"https:\/\/www.alternatievemiddelen.nl\/#website\"},\"primaryImageOfPage\":{\"@id\":\"https:\/\/www.alternatievemiddelen.nl\/producten\/vitakruid-zink-methionine-koper\/#primaryimage\"},\"image\":{\"@id\":\"https:\/\/www.alternatievemiddelen.nl\/producten\/vitakruid-zink-methionine-koper\/#primaryimage\"},\"thumbnailUrl\":\"https:\/\/www.alternatievemiddelen.nl\/wp-content\/uploads\/2023\/12\/Vitakruid-Zink-Methionine-Koper.jpg\",\"datePublished\":\"2024-02-27T07:30:09+00:00\",\"dateModified\":\"2025-04-28T06:09:09+00:00\",\"description\":\"Vitakruid Zink Methionine & Koper 90 capsules - Mineralenpreparaat\",\"breadcrumb\":{\"@id\":\"https:\/\/www.alternatievemiddelen.nl\/producten\/vitakruid-zink-methionine-koper\/#breadcrumb\"},\"inLanguage\":\"fr-FR\",\"potentialAction\":[{\"@type\":\"ReadAction\",\"target\":[\"https:\/\/www.alternatievemiddelen.nl\/producten\/vitakruid-zink-methionine-koper\/\"]}]},{\"@type\":\"ImageObject\",\"inLanguage\":\"fr-FR\",\"@id\":\"https:\/\/www.alternatievemiddelen.nl\/producten\/vitakruid-zink-methionine-koper\/#primaryimage\",\"url\":\"https:\/\/www.alternatievemiddelen.nl\/wp-content\/uploads\/2023\/12\/Vitakruid-Zink-Methionine-Koper.jpg\",\"contentUrl\":\"https:\/\/www.alternatievemiddelen.nl\/wp-content\/uploads\/2023\/12\/Vitakruid-Zink-Methionine-Koper.jpg\",\"width\":600,\"height\":800,\"caption\":\"Virtakruid Zink-Methionine en Koper\"},{\"@type\":\"BreadcrumbList\",\"@id\":\"https:\/\/www.alternatievemiddelen.nl\/producten\/vitakruid-zink-methionine-koper\/#breadcrumb\",\"itemListElement\":[{\"@type\":\"ListItem\",\"position\":1,\"name\":\"Home\",\"item\":\"https:\/\/www.alternatievemiddelen.nl\/\"},{\"@type\":\"ListItem\",\"position\":2,\"name\":\"Producten\",\"item\":\"https:\/\/www.alternatievemiddelen.nl\/producten\/\"},{\"@type\":\"ListItem\",\"position\":3,\"name\":\"Vitakruid Zink Methionine &#038; Koper 90 capsules\"}]},{\"@type\":\"WebSite\",\"@id\":\"https:\/\/www.alternatievemiddelen.nl\/#website\",\"url\":\"https:\/\/www.alternatievemiddelen.nl\/\",\"name\":\"Alternatievemiddelen.nl\",\"description\":\"Webshop met gezonde, duurzame en ecologische alternatieve mogelijkheden in de hedendaagse levenstijl. Alles uit eigen ervaring.\",\"publisher\":{\"@id\":\"https:\/\/www.alternatievemiddelen.nl\/#organization\"},\"potentialAction\":[{\"@type\":\"SearchAction\",\"target\":{\"@type\":\"EntryPoint\",\"urlTemplate\":\"https:\/\/www.alternatievemiddelen.nl\/?s={search_term_string}\"},\"query-input\":{\"@type\":\"PropertyValueSpecification\",\"valueRequired\":true,\"valueName\":\"search_term_string\"}}],\"inLanguage\":\"fr-FR\"},{\"@type\":\"Organization\",\"@id\":\"https:\/\/www.alternatievemiddelen.nl\/#organization\",\"name\":\"Alternatievemiddelen.nl\",\"url\":\"https:\/\/www.alternatievemiddelen.nl\/\",\"logo\":{\"@type\":\"ImageObject\",\"inLanguage\":\"fr-FR\",\"@id\":\"https:\/\/www.alternatievemiddelen.nl\/#\/schema\/logo\/image\/\",\"url\":\"https:\/\/www.alternatievemiddelen.nl\/wp-content\/uploads\/2023\/10\/alternatievemiddelen-PNG-logo.png\",\"contentUrl\":\"https:\/\/www.alternatievemiddelen.nl\/wp-content\/uploads\/2023\/10\/alternatievemiddelen-PNG-logo.png\",\"width\":6400,\"height\":3062,\"caption\":\"Alternatievemiddelen.nl\"},\"image\":{\"@id\":\"https:\/\/www.alternatievemiddelen.nl\/#\/schema\/logo\/image\/\"}}]}<\/script>\n<!-- \/ Yoast SEO plugin. -->","yoast_head_json":{"title":"Vitakruid Zink Methionine & Koper 90 capsules - Alternatievemiddelen.nl","description":"Vitakruid Zink Methionine & Koper 90 capsules - Mineralenpreparaat","robots":{"index":"noindex","follow":"follow"},"og_locale":"fr_FR","og_type":"article","og_title":"Vitakruid Zink Methionine & Koper 90 capsules - Alternatievemiddelen.nl","og_description":"Vitakruid Zink Methionine & Koper 90 capsules - Mineralenpreparaat","og_url":"https:\/\/www.alternatievemiddelen.nl\/fr\/produits\/vitakruid-zinc-methionine-cuivre-90\/","og_site_name":"Alternatievemiddelen.nl","article_modified_time":"2025-04-28T06:09:09+00:00","og_image":[{"width":600,"height":800,"url":"\/wp-content\/uploads\/2023\/12\/Vitakruid-Zink-Methionine-Koper.jpg","type":"image\/jpeg"}],"twitter_card":"summary_large_image","twitter_misc":{"Dur\u00e9e de lecture estim\u00e9e":"3 minutes"},"schema":{"@context":"https:\/\/schema.org","@graph":[{"@type":["WebPage","ItemPage"],"@id":"https:\/\/www.alternatievemiddelen.nl\/producten\/vitakruid-zink-methionine-koper\/","url":"https:\/\/www.alternatievemiddelen.nl\/producten\/vitakruid-zink-methionine-koper\/","name":"Vitakruid Zink Methionine & Koper 90 capsules - Alternatievemiddelen.nl","isPartOf":{"@id":"https:\/\/www.alternatievemiddelen.nl\/#website"},"primaryImageOfPage":{"@id":"https:\/\/www.alternatievemiddelen.nl\/producten\/vitakruid-zink-methionine-koper\/#primaryimage"},"image":{"@id":"https:\/\/www.alternatievemiddelen.nl\/producten\/vitakruid-zink-methionine-koper\/#primaryimage"},"thumbnailUrl":"https:\/\/www.alternatievemiddelen.nl\/wp-content\/uploads\/2023\/12\/Vitakruid-Zink-Methionine-Koper.jpg","datePublished":"2024-02-27T07:30:09+00:00","dateModified":"2025-04-28T06:09:09+00:00","description":"Vitakruid Zink Methionine & Koper 90 capsules - Mineralenpreparaat","breadcrumb":{"@id":"https:\/\/www.alternatievemiddelen.nl\/producten\/vitakruid-zink-methionine-koper\/#breadcrumb"},"inLanguage":"fr-FR","potentialAction":[{"@type":"ReadAction","target":["https:\/\/www.alternatievemiddelen.nl\/producten\/vitakruid-zink-methionine-koper\/"]}]},{"@type":"ImageObject","inLanguage":"fr-FR","@id":"https:\/\/www.alternatievemiddelen.nl\/producten\/vitakruid-zink-methionine-koper\/#primaryimage","url":"https:\/\/www.alternatievemiddelen.nl\/wp-content\/uploads\/2023\/12\/Vitakruid-Zink-Methionine-Koper.jpg","contentUrl":"https:\/\/www.alternatievemiddelen.nl\/wp-content\/uploads\/2023\/12\/Vitakruid-Zink-Methionine-Koper.jpg","width":600,"height":800,"caption":"Virtakruid Zink-Methionine en Koper"},{"@type":"BreadcrumbList","@id":"https:\/\/www.alternatievemiddelen.nl\/producten\/vitakruid-zink-methionine-koper\/#breadcrumb","itemListElement":[{"@type":"ListItem","position":1,"name":"Home","item":"https:\/\/www.alternatievemiddelen.nl\/"},{"@type":"ListItem","position":2,"name":"Producten","item":"https:\/\/www.alternatievemiddelen.nl\/producten\/"},{"@type":"ListItem","position":3,"name":"Vitakruid Zink Methionine &#038; Koper 90 capsules"}]},{"@type":"WebSite","@id":"https:\/\/www.alternatievemiddelen.nl\/#website","url":"https:\/\/www.alternatievemiddelen.nl\/","name":"Alternatievemiddelen.nl","description":"Webshop met gezonde, duurzame en ecologische alternatieve mogelijkheden in de hedendaagse levenstijl. Alles uit eigen ervaring.","publisher":{"@id":"https:\/\/www.alternatievemiddelen.nl\/#organization"},"potentialAction":[{"@type":"SearchAction","target":{"@type":"EntryPoint","urlTemplate":"https:\/\/www.alternatievemiddelen.nl\/?s={search_term_string}"},"query-input":{"@type":"PropertyValueSpecification","valueRequired":true,"valueName":"search_term_string"}}],"inLanguage":"fr-FR"},{"@type":"Organization","@id":"https:\/\/www.alternatievemiddelen.nl\/#organization","name":"Alternatievemiddelen.nl","url":"https:\/\/www.alternatievemiddelen.nl\/","logo":{"@type":"ImageObject","inLanguage":"fr-FR","@id":"https:\/\/www.alternatievemiddelen.nl\/#\/schema\/logo\/image\/","url":"https:\/\/www.alternatievemiddelen.nl\/wp-content\/uploads\/2023\/10\/alternatievemiddelen-PNG-logo.png","contentUrl":"https:\/\/www.alternatievemiddelen.nl\/wp-content\/uploads\/2023\/10\/alternatievemiddelen-PNG-logo.png","width":6400,"height":3062,"caption":"Alternatievemiddelen.nl"},"image":{"@id":"https:\/\/www.alternatievemiddelen.nl\/#\/schema\/logo\/image\/"}}]}},"_links":{"self":[{"href":"https:\/\/www.alternatievemiddelen.nl\/fr\/wp-json\/wp\/v2\/product\/34453","targetHints":{"allow":["GET"]}}],"collection":[{"href":"https:\/\/www.alternatievemiddelen.nl\/fr\/wp-json\/wp\/v2\/product"}],"about":[{"href":"https:\/\/www.alternatievemiddelen.nl\/fr\/wp-json\/wp\/v2\/types\/product"}],"replies":[{"embeddable":true,"href":"https:\/\/www.alternatievemiddelen.nl\/fr\/wp-json\/wp\/v2\/comments?post=34453"}],"wp:featuredmedia":[{"embeddable":true,"href":"https:\/\/www.alternatievemiddelen.nl\/fr\/wp-json\/wp\/v2\/media\/31844"}],"wp:attachment":[{"href":"https:\/\/www.alternatievemiddelen.nl\/fr\/wp-json\/wp\/v2\/media?parent=34453"}],"wp:term":[{"taxonomy":"product_brand","embeddable":true,"href":"https:\/\/www.alternatievemiddelen.nl\/fr\/wp-json\/wp\/v2\/product_brand?post=34453"},{"taxonomy":"product_cat","embeddable":true,"href":"https:\/\/www.alternatievemiddelen.nl\/fr\/wp-json\/wp\/v2\/product_cat?post=34453"},{"taxonomy":"product_tag","embeddable":true,"href":"https:\/\/www.alternatievemiddelen.nl\/fr\/wp-json\/wp\/v2\/product_tag?post=34453"},{"taxonomy":"merk","embeddable":true,"href":"https:\/\/www.alternatievemiddelen.nl\/fr\/wp-json\/wp\/v2\/merk?post=34453"}],"curies":[{"name":"wp","href":"https:\/\/api.w.org\/{rel}","templated":true}]}}