{"id":34459,"date":"2024-02-27T08:36:42","date_gmt":"2024-02-27T07:36:42","guid":{"rendered":"https:\/\/www.alternatievemiddelen.nl\/?post_type=product&#038;p=34459"},"modified":"2025-04-28T08:08:54","modified_gmt":"2025-04-28T06:08:54","slug":"zechsal-magnesium-voetbadzout-navulling-4-kg","status":"publish","type":"product","link":"https:\/\/www.alternatievemiddelen.nl\/fr\/produits\/zechsal-sels-de-bain-de-pieds-au-magnesium-recharge-4-kg\/","title":{"rendered":"Zechsal Sel de bain de pieds au magn\u00e9sium, recharge 4 kg"},"content":{"rendered":"<p><u><b>La recharge de sel de bain de pied au magn\u00e9sium de Zechsal (4 kg) offre.. :<\/b><\/u><br \/>\n- D\u00e9tente naturelle<br \/>\n- Des muscles et des articulations souples<br \/>\n- Une bonne nuit de sommeil<br \/>\n- Efficace pour les probl\u00e8mes de peau<br \/>\n- Absorption par la peau<\/p>\n<h4>Ingr\u00e9dients Zechsal Sels de bain de pieds au magn\u00e9sium recharge 4 kg<\/h4>\n<p>47% chlorure de magn\u00e9sium, eau cristalline.<\/p>\n<h4>Utilisation<\/h4>\n<p>Pour un bain de pieds, utilisez 125 grammes (3 fois une poign\u00e9e) de cristaux de magn\u00e9sium pour 4 litres d'eau. La temp\u00e9rature de l'eau recommand\u00e9e est de 37 degr\u00e9s C. Saupoudrez les cristaux dans une baignoire. Ils se dissolvent rapidement. Les amateurs de parfum peuvent ajouter quelques gouttes d'huile essentielle. Au bout d'une vingtaine de minutes, vos pieds sont doux et lisses. Votre peau est agr\u00e9ablement souple et vous pouvez profiter du double effet : l'absorption de magn\u00e9sium vous d\u00e9tend et vous dormez sur vos deux oreilles.<\/p>\n<p>Ce sac est id\u00e9al pour ranger vos <a href=\"https:\/\/www.alternatievemiddelen.nl\/fr\/produits\/zechsal-sels-de-bain-de-pieds-au-magnesium-en-pot-750-gr\/\">Zechsal Sel de bain de pieds au magn\u00e9sium en pot (750 gr)<\/a> reconstituer.<br \/>\nBien refermer l'emballage apr\u00e8s utilisation. Le produit attire l'eau.<\/p>","protected":false},"excerpt":{"rendered":"<p>Zechsal Recharge de sel de bain de pieds au magn\u00e9sium (4kg) pour une relaxation naturelle, des muscles et des articulations souples, un sommeil r\u00e9parateur et un traitement efficace des probl\u00e8mes de peau.<\/p>","protected":false},"featured_media":31693,"comment_status":"open","ping_status":"closed","template":"","meta":[],"product_brand":[],"product_cat":[2938],"product_tag":[3421,3422,3423,3424,3431,3425,3426,3427,3428,3429,3430],"merk":[3443],"class_list":{"0":"post-34459","1":"product","2":"type-product","3":"status-publish","4":"has-post-thumbnail","6":"product_cat-vitamines-mineralen-en-supplementen","7":"product_tag-effectief-bij-huidproblemen","8":"product_tag-goede-nachtrust","9":"product_tag-magnesium","10":"product_tag-natuurlijke-ontspanning","11":"product_tag-navulling","12":"product_tag-ontspanning","13":"product_tag-soepele-spieren-en-gewrichten","14":"product_tag-voetbadzout","15":"product_tag-zechsal","16":"product_tag-zechsal-magnesium","17":"product_tag-zechsal-magnesium-voetbadzout","18":"merk-zechsal","20":"first","21":"instock","22":"taxable","23":"shipping-taxable","24":"purchasable","25":"product-type-simple"},"bundled_by":[],"bundle_stock_status":"instock","bundle_stock_quantity":null,"bundle_virtual":false,"bundle_layout":"","bundle_add_to_cart_form_location":"","bundle_editable_in_cart":false,"bundle_sold_individually_context":"","bundle_item_grouping":"","bundle_min_size":"","bundle_max_size":"","bundle_price":[],"bundled_items":[],"bundle_sell_ids":[],"yoast_head":"<!-- This site is optimized with the Yoast SEO plugin v26.1 - https:\/\/yoast.com\/wordpress\/plugins\/seo\/ -->\n<title>Zechsal Magnesium voetbadzout navulling 4 kg - Alternatievemiddelen.nl<\/title>\n<meta name=\"description\" content=\"Zechsal Magnesium voetbadzout navulling (4kg) voor natuurlijke ontspanning, soepele spieren en gewrichten, goede nachtrust en effectief bij huidproblemen.\" \/>\n<meta name=\"robots\" content=\"noindex, follow\" \/>\n<meta property=\"og:locale\" content=\"fr_FR\" \/>\n<meta property=\"og:type\" content=\"article\" \/>\n<meta property=\"og:title\" content=\"Zechsal Magnesium voetbadzout navulling 4 kg - Alternatievemiddelen.nl\" \/>\n<meta property=\"og:description\" content=\"Zechsal Magnesium voetbadzout navulling (4kg) voor natuurlijke ontspanning, soepele spieren en gewrichten, goede nachtrust en effectief bij huidproblemen.\" \/>\n<meta property=\"og:url\" content=\"https:\/\/www.alternatievemiddelen.nl\/fr\/produits\/zechsal-sels-de-bain-de-pieds-au-magnesium-recharge-4-kg\/\" \/>\n<meta property=\"og:site_name\" content=\"Alternatievemiddelen.nl\" \/>\n<meta property=\"article:modified_time\" content=\"2025-04-28T06:08:54+00:00\" \/>\n<meta property=\"og:image\" content=\"\/wp-content\/uploads\/2023\/12\/Zechsal-Magnesium-voetbadzout-navulling-4kg.jpg\" \/>\n\t<meta property=\"og:image:width\" content=\"600\" \/>\n\t<meta property=\"og:image:height\" content=\"800\" \/>\n\t<meta property=\"og:image:type\" content=\"image\/jpeg\" \/>\n<meta name=\"twitter:card\" content=\"summary_large_image\" \/>\n<meta name=\"twitter:label1\" content=\"Dur\u00e9e de lecture estim\u00e9e\" \/>\n\t<meta name=\"twitter:data1\" content=\"1 minute\" \/>\n<script type=\"application\/ld+json\" class=\"yoast-schema-graph\">{\"@context\":\"https:\/\/schema.org\",\"@graph\":[{\"@type\":[\"WebPage\",\"ItemPage\"],\"@id\":\"https:\/\/www.alternatievemiddelen.nl\/producten\/zechsal-magnesium-voetbadzout-navulling-4-kg\/\",\"url\":\"https:\/\/www.alternatievemiddelen.nl\/producten\/zechsal-magnesium-voetbadzout-navulling-4-kg\/\",\"name\":\"Zechsal Magnesium voetbadzout navulling 4 kg - Alternatievemiddelen.nl\",\"isPartOf\":{\"@id\":\"https:\/\/www.alternatievemiddelen.nl\/#website\"},\"primaryImageOfPage\":{\"@id\":\"https:\/\/www.alternatievemiddelen.nl\/producten\/zechsal-magnesium-voetbadzout-navulling-4-kg\/#primaryimage\"},\"image\":{\"@id\":\"https:\/\/www.alternatievemiddelen.nl\/producten\/zechsal-magnesium-voetbadzout-navulling-4-kg\/#primaryimage\"},\"thumbnailUrl\":\"https:\/\/www.alternatievemiddelen.nl\/wp-content\/uploads\/2023\/12\/Zechsal-Magnesium-voetbadzout-navulling-4kg.jpg\",\"datePublished\":\"2024-02-27T07:36:42+00:00\",\"dateModified\":\"2025-04-28T06:08:54+00:00\",\"description\":\"Zechsal Magnesium voetbadzout navulling (4kg) voor natuurlijke ontspanning, soepele spieren en gewrichten, goede nachtrust en effectief bij huidproblemen.\",\"breadcrumb\":{\"@id\":\"https:\/\/www.alternatievemiddelen.nl\/producten\/zechsal-magnesium-voetbadzout-navulling-4-kg\/#breadcrumb\"},\"inLanguage\":\"fr-FR\",\"potentialAction\":[{\"@type\":\"ReadAction\",\"target\":[\"https:\/\/www.alternatievemiddelen.nl\/producten\/zechsal-magnesium-voetbadzout-navulling-4-kg\/\"]}]},{\"@type\":\"ImageObject\",\"inLanguage\":\"fr-FR\",\"@id\":\"https:\/\/www.alternatievemiddelen.nl\/producten\/zechsal-magnesium-voetbadzout-navulling-4-kg\/#primaryimage\",\"url\":\"https:\/\/www.alternatievemiddelen.nl\/wp-content\/uploads\/2023\/12\/Zechsal-Magnesium-voetbadzout-navulling-4kg.jpg\",\"contentUrl\":\"https:\/\/www.alternatievemiddelen.nl\/wp-content\/uploads\/2023\/12\/Zechsal-Magnesium-voetbadzout-navulling-4kg.jpg\",\"width\":600,\"height\":800,\"caption\":\"navulling badzout pure magnesium Zechsal\"},{\"@type\":\"BreadcrumbList\",\"@id\":\"https:\/\/www.alternatievemiddelen.nl\/producten\/zechsal-magnesium-voetbadzout-navulling-4-kg\/#breadcrumb\",\"itemListElement\":[{\"@type\":\"ListItem\",\"position\":1,\"name\":\"Home\",\"item\":\"https:\/\/www.alternatievemiddelen.nl\/\"},{\"@type\":\"ListItem\",\"position\":2,\"name\":\"Producten\",\"item\":\"https:\/\/www.alternatievemiddelen.nl\/producten\/\"},{\"@type\":\"ListItem\",\"position\":3,\"name\":\"Zechsal Magnesium voetbadzout navulling 4 kg\"}]},{\"@type\":\"WebSite\",\"@id\":\"https:\/\/www.alternatievemiddelen.nl\/#website\",\"url\":\"https:\/\/www.alternatievemiddelen.nl\/\",\"name\":\"Alternatievemiddelen.nl\",\"description\":\"Webshop met gezonde, duurzame en ecologische alternatieve mogelijkheden in de hedendaagse levenstijl. Alles uit eigen ervaring.\",\"publisher\":{\"@id\":\"https:\/\/www.alternatievemiddelen.nl\/#organization\"},\"potentialAction\":[{\"@type\":\"SearchAction\",\"target\":{\"@type\":\"EntryPoint\",\"urlTemplate\":\"https:\/\/www.alternatievemiddelen.nl\/?s={search_term_string}\"},\"query-input\":{\"@type\":\"PropertyValueSpecification\",\"valueRequired\":true,\"valueName\":\"search_term_string\"}}],\"inLanguage\":\"fr-FR\"},{\"@type\":\"Organization\",\"@id\":\"https:\/\/www.alternatievemiddelen.nl\/#organization\",\"name\":\"Alternatievemiddelen.nl\",\"url\":\"https:\/\/www.alternatievemiddelen.nl\/\",\"logo\":{\"@type\":\"ImageObject\",\"inLanguage\":\"fr-FR\",\"@id\":\"https:\/\/www.alternatievemiddelen.nl\/#\/schema\/logo\/image\/\",\"url\":\"https:\/\/www.alternatievemiddelen.nl\/wp-content\/uploads\/2023\/10\/alternatievemiddelen-PNG-logo.png\",\"contentUrl\":\"https:\/\/www.alternatievemiddelen.nl\/wp-content\/uploads\/2023\/10\/alternatievemiddelen-PNG-logo.png\",\"width\":6400,\"height\":3062,\"caption\":\"Alternatievemiddelen.nl\"},\"image\":{\"@id\":\"https:\/\/www.alternatievemiddelen.nl\/#\/schema\/logo\/image\/\"}}]}<\/script>\n<!-- \/ Yoast SEO plugin. -->","yoast_head_json":{"title":"Zechsal Magnesium voetbadzout navulling 4 kg - Alternatievemiddelen.nl","description":"Zechsal Magnesium voetbadzout navulling (4kg) voor natuurlijke ontspanning, soepele spieren en gewrichten, goede nachtrust en effectief bij huidproblemen.","robots":{"index":"noindex","follow":"follow"},"og_locale":"fr_FR","og_type":"article","og_title":"Zechsal Magnesium voetbadzout navulling 4 kg - Alternatievemiddelen.nl","og_description":"Zechsal Magnesium voetbadzout navulling (4kg) voor natuurlijke ontspanning, soepele spieren en gewrichten, goede nachtrust en effectief bij huidproblemen.","og_url":"https:\/\/www.alternatievemiddelen.nl\/fr\/produits\/zechsal-sels-de-bain-de-pieds-au-magnesium-recharge-4-kg\/","og_site_name":"Alternatievemiddelen.nl","article_modified_time":"2025-04-28T06:08:54+00:00","og_image":[{"width":600,"height":800,"url":"\/wp-content\/uploads\/2023\/12\/Zechsal-Magnesium-voetbadzout-navulling-4kg.jpg","type":"image\/jpeg"}],"twitter_card":"summary_large_image","twitter_misc":{"Dur\u00e9e de lecture estim\u00e9e":"1 minute"},"schema":{"@context":"https:\/\/schema.org","@graph":[{"@type":["WebPage","ItemPage"],"@id":"https:\/\/www.alternatievemiddelen.nl\/producten\/zechsal-magnesium-voetbadzout-navulling-4-kg\/","url":"https:\/\/www.alternatievemiddelen.nl\/producten\/zechsal-magnesium-voetbadzout-navulling-4-kg\/","name":"Zechsal Magnesium voetbadzout navulling 4 kg - Alternatievemiddelen.nl","isPartOf":{"@id":"https:\/\/www.alternatievemiddelen.nl\/#website"},"primaryImageOfPage":{"@id":"https:\/\/www.alternatievemiddelen.nl\/producten\/zechsal-magnesium-voetbadzout-navulling-4-kg\/#primaryimage"},"image":{"@id":"https:\/\/www.alternatievemiddelen.nl\/producten\/zechsal-magnesium-voetbadzout-navulling-4-kg\/#primaryimage"},"thumbnailUrl":"https:\/\/www.alternatievemiddelen.nl\/wp-content\/uploads\/2023\/12\/Zechsal-Magnesium-voetbadzout-navulling-4kg.jpg","datePublished":"2024-02-27T07:36:42+00:00","dateModified":"2025-04-28T06:08:54+00:00","description":"Zechsal Magnesium voetbadzout navulling (4kg) voor natuurlijke ontspanning, soepele spieren en gewrichten, goede nachtrust en effectief bij huidproblemen.","breadcrumb":{"@id":"https:\/\/www.alternatievemiddelen.nl\/producten\/zechsal-magnesium-voetbadzout-navulling-4-kg\/#breadcrumb"},"inLanguage":"fr-FR","potentialAction":[{"@type":"ReadAction","target":["https:\/\/www.alternatievemiddelen.nl\/producten\/zechsal-magnesium-voetbadzout-navulling-4-kg\/"]}]},{"@type":"ImageObject","inLanguage":"fr-FR","@id":"https:\/\/www.alternatievemiddelen.nl\/producten\/zechsal-magnesium-voetbadzout-navulling-4-kg\/#primaryimage","url":"https:\/\/www.alternatievemiddelen.nl\/wp-content\/uploads\/2023\/12\/Zechsal-Magnesium-voetbadzout-navulling-4kg.jpg","contentUrl":"https:\/\/www.alternatievemiddelen.nl\/wp-content\/uploads\/2023\/12\/Zechsal-Magnesium-voetbadzout-navulling-4kg.jpg","width":600,"height":800,"caption":"navulling badzout pure magnesium Zechsal"},{"@type":"BreadcrumbList","@id":"https:\/\/www.alternatievemiddelen.nl\/producten\/zechsal-magnesium-voetbadzout-navulling-4-kg\/#breadcrumb","itemListElement":[{"@type":"ListItem","position":1,"name":"Home","item":"https:\/\/www.alternatievemiddelen.nl\/"},{"@type":"ListItem","position":2,"name":"Producten","item":"https:\/\/www.alternatievemiddelen.nl\/producten\/"},{"@type":"ListItem","position":3,"name":"Zechsal Magnesium voetbadzout navulling 4 kg"}]},{"@type":"WebSite","@id":"https:\/\/www.alternatievemiddelen.nl\/#website","url":"https:\/\/www.alternatievemiddelen.nl\/","name":"Alternatievemiddelen.nl","description":"Webshop met gezonde, duurzame en ecologische alternatieve mogelijkheden in de hedendaagse levenstijl. Alles uit eigen ervaring.","publisher":{"@id":"https:\/\/www.alternatievemiddelen.nl\/#organization"},"potentialAction":[{"@type":"SearchAction","target":{"@type":"EntryPoint","urlTemplate":"https:\/\/www.alternatievemiddelen.nl\/?s={search_term_string}"},"query-input":{"@type":"PropertyValueSpecification","valueRequired":true,"valueName":"search_term_string"}}],"inLanguage":"fr-FR"},{"@type":"Organization","@id":"https:\/\/www.alternatievemiddelen.nl\/#organization","name":"Alternatievemiddelen.nl","url":"https:\/\/www.alternatievemiddelen.nl\/","logo":{"@type":"ImageObject","inLanguage":"fr-FR","@id":"https:\/\/www.alternatievemiddelen.nl\/#\/schema\/logo\/image\/","url":"https:\/\/www.alternatievemiddelen.nl\/wp-content\/uploads\/2023\/10\/alternatievemiddelen-PNG-logo.png","contentUrl":"https:\/\/www.alternatievemiddelen.nl\/wp-content\/uploads\/2023\/10\/alternatievemiddelen-PNG-logo.png","width":6400,"height":3062,"caption":"Alternatievemiddelen.nl"},"image":{"@id":"https:\/\/www.alternatievemiddelen.nl\/#\/schema\/logo\/image\/"}}]}},"_links":{"self":[{"href":"https:\/\/www.alternatievemiddelen.nl\/fr\/wp-json\/wp\/v2\/product\/34459","targetHints":{"allow":["GET"]}}],"collection":[{"href":"https:\/\/www.alternatievemiddelen.nl\/fr\/wp-json\/wp\/v2\/product"}],"about":[{"href":"https:\/\/www.alternatievemiddelen.nl\/fr\/wp-json\/wp\/v2\/types\/product"}],"replies":[{"embeddable":true,"href":"https:\/\/www.alternatievemiddelen.nl\/fr\/wp-json\/wp\/v2\/comments?post=34459"}],"wp:featuredmedia":[{"embeddable":true,"href":"https:\/\/www.alternatievemiddelen.nl\/fr\/wp-json\/wp\/v2\/media\/31693"}],"wp:attachment":[{"href":"https:\/\/www.alternatievemiddelen.nl\/fr\/wp-json\/wp\/v2\/media?parent=34459"}],"wp:term":[{"taxonomy":"product_brand","embeddable":true,"href":"https:\/\/www.alternatievemiddelen.nl\/fr\/wp-json\/wp\/v2\/product_brand?post=34459"},{"taxonomy":"product_cat","embeddable":true,"href":"https:\/\/www.alternatievemiddelen.nl\/fr\/wp-json\/wp\/v2\/product_cat?post=34459"},{"taxonomy":"product_tag","embeddable":true,"href":"https:\/\/www.alternatievemiddelen.nl\/fr\/wp-json\/wp\/v2\/product_tag?post=34459"},{"taxonomy":"merk","embeddable":true,"href":"https:\/\/www.alternatievemiddelen.nl\/fr\/wp-json\/wp\/v2\/merk?post=34459"}],"curies":[{"name":"wp","href":"https:\/\/api.w.org\/{rel}","templated":true}]}}