{"id":34480,"date":"2024-02-27T08:38:57","date_gmt":"2024-02-27T07:38:57","guid":{"rendered":"https:\/\/www.alternatievemiddelen.nl\/?post_type=product&#038;p=34480"},"modified":"2025-09-03T06:22:29","modified_gmt":"2025-09-03T04:22:29","slug":"bo-bottle-sleeve-zwart","status":"publish","type":"product","link":"https:\/\/www.alternatievemiddelen.nl\/fr\/produits\/bo-bottle-sleeve-noir\/","title":{"rendered":"Bo-Bottle Manchon noir (thermique)"},"content":{"rendered":"<p>Cette pochette Bo-Bottle Sleeve noire s'adapte \u00e0 la taille de l'enfant. <a href=\"https:\/\/www.alternatievemiddelen.nl\/fr\/produits\/bo-bottle-380ultd-bouteille-a-boire\/\">Bo-Bottle 380ULTD<\/a>. La bouteille peut ainsi \u00eatre emport\u00e9e partout.<br \/>\nEn plus d'offrir une protection, le manchon est dot\u00e9 d'une couche int\u00e9rieure thermique qui permet de garder les boissons chaudes ou fra\u00eeches plus longtemps.<br \/>\n&nbsp;<\/p>\n<h4><u>Sp\u00e9cifications du Bo-Bottle Sleeve noir :<\/u><\/h4>\n<p>Couvercle de protection pour le Bo-Bottle<br \/>\n\u25cf Conserve les boissons \u00e0 la temp\u00e9rature souhait\u00e9e plus longtemps.<br \/>\n\u25cf Couche int\u00e9rieure thermique<br \/>\n\u25cf \u00c0 utiliser en combinaison avec <a href=\"https:\/\/www.alternatievemiddelen.nl\/fr\/produits\/bo-bottle-380ultd-bouteille-a-boire\/\">Bo-Bottle 380ULTD<\/a><br \/>\n&nbsp;<\/p>\n<h2>Plus d'informations sur les bouteilles Bo-Bottles<\/h2>\n<p>La premi\u00e8re bouteille en verre avec un fond vissable. Toutes les Bo-Bottles sont fabriqu\u00e9es en verre borosilicat\u00e9 dur et inrayable et sont donc durables. Le verre borosilicat\u00e9 est en effet un verre tr\u00e8s dur, r\u00e9sistant \u00e0 la chaleur et d'une dur\u00e9e de vie plus longue que les autres types de verre. Il reste donc beau m\u00eame en cas d'utilisation intensive et peut \u00e9galement supporter des coups. Le bouchon et le fond amovible sont en acier inoxydable durable. L'int\u00e9rieur des bouchons est en polypropyl\u00e8ne, un plastique dur non toxique qui r\u00e9siste \u00e0 la prolif\u00e9ration bact\u00e9rienne. C'est le seul plastique utilis\u00e9 dans la bouteille. \u00c0 l'int\u00e9rieur des deux bouchons se trouve une bague de fermeture en silicone amovible, et donc rempla\u00e7able, qui garantit l'\u00e9tanch\u00e9it\u00e9 de la bouteille 100%.<br \/>\n<u>Contribuer collectivement \u00e0 la r\u00e9duction du plastique :<\/u> L'objectif de Bo-Bottles est de remplacer les bouteilles en plastique r\u00e9utilisables et \u00e0 usage unique. Bien entendu, nous ne pouvons que nous en f\u00e9liciter !<br \/>\n&nbsp;<\/p>\n<h2>Tous les avantages des gourdes Bo-Bottles en un coup d'\u0153il :<\/h2>\n<p>\u2714 HEALTHY - La bouteille est fabriqu\u00e9e en verre borosilicat\u00e9 et non en plastique nocif.<br \/>\n\u2714 100% LEAKFREE - Gr\u00e2ce aux anneaux en silicone d\u00e9tachables et donc rempla\u00e7ables.<br \/>\n\u2714 NO BITE - Parce qu'elles sont en verre, les boissons conservent leur saveur originale.<br \/>\n\u2714 HYGI\u00c9NIQUE - Le couvercle et le fond viss\u00e9s facilitent le nettoyage de la Bo-Bottles. Ainsi, la bouteille peut \u00e9galement \u00eatre facilement mise au lave-vaisselle.<br \/>\n\u2714 DURABLE - Le verre Bo-Bottles r\u00e9duit la consommation de bouteilles en plastique, contribuant ainsi \u00e0 un monde plus durable. De plus, les Bo-Bottles sont con\u00e7us de mani\u00e8re \u00e0 ce que toutes les pi\u00e8ces soient rempla\u00e7ables.<br \/>\n\u2714 base amovible - Pour que la bouteille puisse \u00eatre remplie par le bas avec des gla\u00e7ons et des fruits frais, entre autres.<br \/>\n\u2714 CONCEPTION N\u00c9ERLANDAISE - Tous les composants du Bo-Bottles sont con\u00e7us aux Pays-Bas et r\u00e9pondent aux exigences \u00e9lev\u00e9es de la FDA am\u00e9ricaine et de l'AEM europ\u00e9enne (autorit\u00e9s charg\u00e9es des denr\u00e9es alimentaires et des m\u00e9dicaments).<br \/>\n\u2714 ACCESSOIRES - Avec un <a href=\"https:\/\/www.alternatievemiddelen.nl\/fr\/produits\/bec-de-bouteille-bo\/\">bec de li\u00e8ge<\/a> ou une coupe de fruits (disponible en <a href=\"https:\/\/www.alternatievemiddelen.nl\/fr\/produits\/bo-bottle-coupe-de-fruits-blue\/\">bleu<\/a>, <a href=\"https:\/\/www.alternatievemiddelen.nl\/fr\/produits\/bo-bottle-fruit-cup-green\/\">vert<\/a>, <a href=\"https:\/\/www.alternatievemiddelen.nl\/fr\/produits\/bo-bottle-fruit-cup-pink\/\">rose<\/a> et <a href=\"https:\/\/www.alternatievemiddelen.nl\/fr\/produits\/bo-bottle-fruit-cup-black\/\">noir<\/a>), les possibilit\u00e9s sont infinies.<\/p>","protected":false},"excerpt":{"rendered":"<p>Ce manchon Bo-Bottle noir pratique s'adapte autour du Bo-Bottle 380ULTD et permet de garder les boissons chaudes ou fra\u00eeches plus longtemps.<\/p>","protected":false},"featured_media":30962,"comment_status":"open","ping_status":"closed","template":"","meta":[],"product_brand":[],"product_cat":[2983,3148],"product_tag":[3112,3113,3114,3115,2975,2987,2929,3116,3117,2875,3118,3119,3120,3121,3004,2989,3122,2921,2879,2990,2880,2991,2967,3145,2992,3142,2885,2995,2998],"merk":[3451],"class_list":{"0":"post-34480","1":"product","2":"type-product","3":"status-publish","4":"has-post-thumbnail","6":"product_cat-drinkflessen","7":"product_cat-drinkfles-accessoires","8":"product_tag-afschroefbare-bodem","9":"product_tag-bo-bottle","10":"product_tag-bo-bottles","11":"product_tag-borosilicaat-glas","12":"product_tag-bpa-vrij","13":"product_tag-drinkfles","14":"product_tag-duurzaam","15":"product_tag-fruit","16":"product_tag-gezond","17":"product_tag-gezondheid","18":"product_tag-glas","19":"product_tag-glazen-drinkfles","20":"product_tag-glazen-fles","21":"product_tag-lekvrij","22":"product_tag-onderweg","23":"product_tag-outdoor","24":"product_tag-plasticreductie","25":"product_tag-reizen","26":"product_tag-roestvrij-staal","27":"product_tag-roestvrijstalen-waterfles","28":"product_tag-rvs","29":"product_tag-school","30":"product_tag-schoon","31":"product_tag-sleeve","32":"product_tag-sport","33":"product_tag-thermisch","34":"product_tag-water","35":"product_tag-werk","36":"product_tag-zwart","37":"merk-bo-bottles","39":"first","40":"instock","41":"taxable","42":"shipping-taxable","43":"purchasable","44":"product-type-simple"},"bundled_by":[],"bundle_stock_status":"instock","bundle_stock_quantity":null,"bundle_virtual":false,"bundle_layout":"","bundle_add_to_cart_form_location":"","bundle_editable_in_cart":false,"bundle_sold_individually_context":"","bundle_item_grouping":"","bundle_min_size":"","bundle_max_size":"","bundle_price":[],"bundled_items":[],"bundle_sell_ids":[44176],"yoast_head":"<!-- This site is optimized with the Yoast SEO plugin v26.1 - https:\/\/yoast.com\/wordpress\/plugins\/seo\/ -->\n<title>Bo-Bottle Sleeve zwart (thermisch) - Alternatievemiddelen.nl<\/title>\n<meta name=\"description\" content=\"Deze handige Bo-Bottle Sleeve zwart past om de Bo-Bottle 380ULTD en houdt dranken langer warm of juist koel.\" \/>\n<meta name=\"robots\" content=\"index, follow, max-snippet:-1, max-image-preview:large, max-video-preview:-1\" \/>\n<link rel=\"canonical\" href=\"https:\/\/www.alternatievemiddelen.nl\/fr\/wp-json\/wp\/v2\/product\/34480\" \/>\n<meta property=\"og:locale\" content=\"fr_FR\" \/>\n<meta property=\"og:type\" content=\"article\" \/>\n<meta property=\"og:title\" content=\"Bo-Bottle Sleeve zwart (thermisch) - Alternatievemiddelen.nl\" \/>\n<meta property=\"og:description\" content=\"Deze handige Bo-Bottle Sleeve zwart past om de Bo-Bottle 380ULTD en houdt dranken langer warm of juist koel.\" \/>\n<meta property=\"og:url\" content=\"https:\/\/www.alternatievemiddelen.nl\/fr\/produits\/bo-bottle-sleeve-noir\/\" \/>\n<meta property=\"og:site_name\" content=\"Alternatievemiddelen.nl\" \/>\n<meta property=\"article:modified_time\" content=\"2025-09-03T04:22:29+00:00\" \/>\n<meta property=\"og:image\" content=\"\/wp-content\/uploads\/2023\/12\/Bo-Bottle_sleeve-zwart-1.jpg\" \/>\n\t<meta property=\"og:image:width\" content=\"600\" \/>\n\t<meta property=\"og:image:height\" content=\"800\" \/>\n\t<meta property=\"og:image:type\" content=\"image\/jpeg\" \/>\n<meta name=\"twitter:card\" content=\"summary_large_image\" \/>\n<meta name=\"twitter:label1\" content=\"Dur\u00e9e de lecture estim\u00e9e\" \/>\n\t<meta name=\"twitter:data1\" content=\"3 minutes\" \/>\n<script type=\"application\/ld+json\" class=\"yoast-schema-graph\">{\"@context\":\"https:\/\/schema.org\",\"@graph\":[{\"@type\":[\"WebPage\",\"ItemPage\"],\"@id\":\"https:\/\/www.alternatievemiddelen.nl\/producten\/bo-bottle-sleeve-zwart\/\",\"url\":\"https:\/\/www.alternatievemiddelen.nl\/producten\/bo-bottle-sleeve-zwart\/\",\"name\":\"Bo-Bottle Sleeve zwart (thermisch) - Alternatievemiddelen.nl\",\"isPartOf\":{\"@id\":\"https:\/\/www.alternatievemiddelen.nl\/#website\"},\"primaryImageOfPage\":{\"@id\":\"https:\/\/www.alternatievemiddelen.nl\/producten\/bo-bottle-sleeve-zwart\/#primaryimage\"},\"image\":{\"@id\":\"https:\/\/www.alternatievemiddelen.nl\/producten\/bo-bottle-sleeve-zwart\/#primaryimage\"},\"thumbnailUrl\":\"https:\/\/www.alternatievemiddelen.nl\/wp-content\/uploads\/2023\/12\/Bo-Bottle_sleeve-zwart-1.jpg\",\"datePublished\":\"2024-02-27T07:38:57+00:00\",\"dateModified\":\"2025-09-03T04:22:29+00:00\",\"description\":\"Deze handige Bo-Bottle Sleeve zwart past om de Bo-Bottle 380ULTD en houdt dranken langer warm of juist koel.\",\"breadcrumb\":{\"@id\":\"https:\/\/www.alternatievemiddelen.nl\/producten\/bo-bottle-sleeve-zwart\/#breadcrumb\"},\"inLanguage\":\"fr-FR\",\"potentialAction\":[{\"@type\":\"ReadAction\",\"target\":[\"https:\/\/www.alternatievemiddelen.nl\/producten\/bo-bottle-sleeve-zwart\/\"]}]},{\"@type\":\"ImageObject\",\"inLanguage\":\"fr-FR\",\"@id\":\"https:\/\/www.alternatievemiddelen.nl\/producten\/bo-bottle-sleeve-zwart\/#primaryimage\",\"url\":\"https:\/\/www.alternatievemiddelen.nl\/wp-content\/uploads\/2023\/12\/Bo-Bottle_sleeve-zwart-1.jpg\",\"contentUrl\":\"https:\/\/www.alternatievemiddelen.nl\/wp-content\/uploads\/2023\/12\/Bo-Bottle_sleeve-zwart-1.jpg\",\"width\":600,\"height\":800,\"caption\":\"Bo-Bottle sleeve zwart\"},{\"@type\":\"BreadcrumbList\",\"@id\":\"https:\/\/www.alternatievemiddelen.nl\/producten\/bo-bottle-sleeve-zwart\/#breadcrumb\",\"itemListElement\":[{\"@type\":\"ListItem\",\"position\":1,\"name\":\"Home\",\"item\":\"https:\/\/www.alternatievemiddelen.nl\/\"},{\"@type\":\"ListItem\",\"position\":2,\"name\":\"Producten\",\"item\":\"https:\/\/www.alternatievemiddelen.nl\/producten\/\"},{\"@type\":\"ListItem\",\"position\":3,\"name\":\"Bo-Bottle Sleeve zwart (thermisch)\"}]},{\"@type\":\"WebSite\",\"@id\":\"https:\/\/www.alternatievemiddelen.nl\/#website\",\"url\":\"https:\/\/www.alternatievemiddelen.nl\/\",\"name\":\"Alternatievemiddelen.nl\",\"description\":\"Webshop met gezonde, duurzame en ecologische alternatieve mogelijkheden in de hedendaagse levenstijl. Alles uit eigen ervaring.\",\"publisher\":{\"@id\":\"https:\/\/www.alternatievemiddelen.nl\/#organization\"},\"potentialAction\":[{\"@type\":\"SearchAction\",\"target\":{\"@type\":\"EntryPoint\",\"urlTemplate\":\"https:\/\/www.alternatievemiddelen.nl\/?s={search_term_string}\"},\"query-input\":{\"@type\":\"PropertyValueSpecification\",\"valueRequired\":true,\"valueName\":\"search_term_string\"}}],\"inLanguage\":\"fr-FR\"},{\"@type\":\"Organization\",\"@id\":\"https:\/\/www.alternatievemiddelen.nl\/#organization\",\"name\":\"Alternatievemiddelen.nl\",\"url\":\"https:\/\/www.alternatievemiddelen.nl\/\",\"logo\":{\"@type\":\"ImageObject\",\"inLanguage\":\"fr-FR\",\"@id\":\"https:\/\/www.alternatievemiddelen.nl\/#\/schema\/logo\/image\/\",\"url\":\"https:\/\/www.alternatievemiddelen.nl\/wp-content\/uploads\/2023\/10\/alternatievemiddelen-PNG-logo.png\",\"contentUrl\":\"https:\/\/www.alternatievemiddelen.nl\/wp-content\/uploads\/2023\/10\/alternatievemiddelen-PNG-logo.png\",\"width\":6400,\"height\":3062,\"caption\":\"Alternatievemiddelen.nl\"},\"image\":{\"@id\":\"https:\/\/www.alternatievemiddelen.nl\/#\/schema\/logo\/image\/\"}}]}<\/script>\n<!-- \/ Yoast SEO plugin. -->","yoast_head_json":{"title":"Bo-Bottle Sleeve zwart (thermisch) - Alternatievemiddelen.nl","description":"Deze handige Bo-Bottle Sleeve zwart past om de Bo-Bottle 380ULTD en houdt dranken langer warm of juist koel.","robots":{"index":"index","follow":"follow","max-snippet":"max-snippet:-1","max-image-preview":"max-image-preview:large","max-video-preview":"max-video-preview:-1"},"canonical":"https:\/\/www.alternatievemiddelen.nl\/fr\/wp-json\/wp\/v2\/product\/34480","og_locale":"fr_FR","og_type":"article","og_title":"Bo-Bottle Sleeve zwart (thermisch) - Alternatievemiddelen.nl","og_description":"Deze handige Bo-Bottle Sleeve zwart past om de Bo-Bottle 380ULTD en houdt dranken langer warm of juist koel.","og_url":"https:\/\/www.alternatievemiddelen.nl\/fr\/produits\/bo-bottle-sleeve-noir\/","og_site_name":"Alternatievemiddelen.nl","article_modified_time":"2025-09-03T04:22:29+00:00","og_image":[{"width":600,"height":800,"url":"\/wp-content\/uploads\/2023\/12\/Bo-Bottle_sleeve-zwart-1.jpg","type":"image\/jpeg"}],"twitter_card":"summary_large_image","twitter_misc":{"Dur\u00e9e de lecture estim\u00e9e":"3 minutes"},"schema":{"@context":"https:\/\/schema.org","@graph":[{"@type":["WebPage","ItemPage"],"@id":"https:\/\/www.alternatievemiddelen.nl\/producten\/bo-bottle-sleeve-zwart\/","url":"https:\/\/www.alternatievemiddelen.nl\/producten\/bo-bottle-sleeve-zwart\/","name":"Bo-Bottle Sleeve zwart (thermisch) - Alternatievemiddelen.nl","isPartOf":{"@id":"https:\/\/www.alternatievemiddelen.nl\/#website"},"primaryImageOfPage":{"@id":"https:\/\/www.alternatievemiddelen.nl\/producten\/bo-bottle-sleeve-zwart\/#primaryimage"},"image":{"@id":"https:\/\/www.alternatievemiddelen.nl\/producten\/bo-bottle-sleeve-zwart\/#primaryimage"},"thumbnailUrl":"https:\/\/www.alternatievemiddelen.nl\/wp-content\/uploads\/2023\/12\/Bo-Bottle_sleeve-zwart-1.jpg","datePublished":"2024-02-27T07:38:57+00:00","dateModified":"2025-09-03T04:22:29+00:00","description":"Deze handige Bo-Bottle Sleeve zwart past om de Bo-Bottle 380ULTD en houdt dranken langer warm of juist koel.","breadcrumb":{"@id":"https:\/\/www.alternatievemiddelen.nl\/producten\/bo-bottle-sleeve-zwart\/#breadcrumb"},"inLanguage":"fr-FR","potentialAction":[{"@type":"ReadAction","target":["https:\/\/www.alternatievemiddelen.nl\/producten\/bo-bottle-sleeve-zwart\/"]}]},{"@type":"ImageObject","inLanguage":"fr-FR","@id":"https:\/\/www.alternatievemiddelen.nl\/producten\/bo-bottle-sleeve-zwart\/#primaryimage","url":"https:\/\/www.alternatievemiddelen.nl\/wp-content\/uploads\/2023\/12\/Bo-Bottle_sleeve-zwart-1.jpg","contentUrl":"https:\/\/www.alternatievemiddelen.nl\/wp-content\/uploads\/2023\/12\/Bo-Bottle_sleeve-zwart-1.jpg","width":600,"height":800,"caption":"Bo-Bottle sleeve zwart"},{"@type":"BreadcrumbList","@id":"https:\/\/www.alternatievemiddelen.nl\/producten\/bo-bottle-sleeve-zwart\/#breadcrumb","itemListElement":[{"@type":"ListItem","position":1,"name":"Home","item":"https:\/\/www.alternatievemiddelen.nl\/"},{"@type":"ListItem","position":2,"name":"Producten","item":"https:\/\/www.alternatievemiddelen.nl\/producten\/"},{"@type":"ListItem","position":3,"name":"Bo-Bottle Sleeve zwart (thermisch)"}]},{"@type":"WebSite","@id":"https:\/\/www.alternatievemiddelen.nl\/#website","url":"https:\/\/www.alternatievemiddelen.nl\/","name":"Alternatievemiddelen.nl","description":"Webshop met gezonde, duurzame en ecologische alternatieve mogelijkheden in de hedendaagse levenstijl. Alles uit eigen ervaring.","publisher":{"@id":"https:\/\/www.alternatievemiddelen.nl\/#organization"},"potentialAction":[{"@type":"SearchAction","target":{"@type":"EntryPoint","urlTemplate":"https:\/\/www.alternatievemiddelen.nl\/?s={search_term_string}"},"query-input":{"@type":"PropertyValueSpecification","valueRequired":true,"valueName":"search_term_string"}}],"inLanguage":"fr-FR"},{"@type":"Organization","@id":"https:\/\/www.alternatievemiddelen.nl\/#organization","name":"Alternatievemiddelen.nl","url":"https:\/\/www.alternatievemiddelen.nl\/","logo":{"@type":"ImageObject","inLanguage":"fr-FR","@id":"https:\/\/www.alternatievemiddelen.nl\/#\/schema\/logo\/image\/","url":"https:\/\/www.alternatievemiddelen.nl\/wp-content\/uploads\/2023\/10\/alternatievemiddelen-PNG-logo.png","contentUrl":"https:\/\/www.alternatievemiddelen.nl\/wp-content\/uploads\/2023\/10\/alternatievemiddelen-PNG-logo.png","width":6400,"height":3062,"caption":"Alternatievemiddelen.nl"},"image":{"@id":"https:\/\/www.alternatievemiddelen.nl\/#\/schema\/logo\/image\/"}}]}},"_links":{"self":[{"href":"https:\/\/www.alternatievemiddelen.nl\/fr\/wp-json\/wp\/v2\/product\/34480","targetHints":{"allow":["GET"]}}],"collection":[{"href":"https:\/\/www.alternatievemiddelen.nl\/fr\/wp-json\/wp\/v2\/product"}],"about":[{"href":"https:\/\/www.alternatievemiddelen.nl\/fr\/wp-json\/wp\/v2\/types\/product"}],"replies":[{"embeddable":true,"href":"https:\/\/www.alternatievemiddelen.nl\/fr\/wp-json\/wp\/v2\/comments?post=34480"}],"wp:featuredmedia":[{"embeddable":true,"href":"https:\/\/www.alternatievemiddelen.nl\/fr\/wp-json\/wp\/v2\/media\/30962"}],"wp:attachment":[{"href":"https:\/\/www.alternatievemiddelen.nl\/fr\/wp-json\/wp\/v2\/media?parent=34480"}],"wp:term":[{"taxonomy":"product_brand","embeddable":true,"href":"https:\/\/www.alternatievemiddelen.nl\/fr\/wp-json\/wp\/v2\/product_brand?post=34480"},{"taxonomy":"product_cat","embeddable":true,"href":"https:\/\/www.alternatievemiddelen.nl\/fr\/wp-json\/wp\/v2\/product_cat?post=34480"},{"taxonomy":"product_tag","embeddable":true,"href":"https:\/\/www.alternatievemiddelen.nl\/fr\/wp-json\/wp\/v2\/product_tag?post=34480"},{"taxonomy":"merk","embeddable":true,"href":"https:\/\/www.alternatievemiddelen.nl\/fr\/wp-json\/wp\/v2\/merk?post=34480"}],"curies":[{"name":"wp","href":"https:\/\/api.w.org\/{rel}","templated":true}]}}