{"id":34483,"date":"2024-02-27T08:39:22","date_gmt":"2024-02-27T07:39:22","guid":{"rendered":"https:\/\/www.alternatievemiddelen.nl\/?post_type=product&#038;p=34483"},"modified":"2025-07-04T15:28:33","modified_gmt":"2025-07-04T13:28:33","slug":"british-berkefeld-waterfilter-6l-set","status":"publish","type":"product","link":"https:\/\/www.alternatievemiddelen.nl\/fr\/produits\/set-filtre-a-eau-british-berkefeld-6l\/","title":{"rendered":"British Berkefeld 6L set : Filtre \u00e0 eau 6L (incluant 2x Ultra Sterasyl) + Voyant robinet plastique + Support"},"content":{"rendered":"<p>Le filtre \u00e0 eau British Berkefeld 6L est un syst\u00e8me compact et portable de filtrage de l'eau par gravit\u00e9, complet avec <a href=\"https:\/\/www.alternatievemiddelen.nl\/fr\/produits\/element-de-filtre-a-eau-ultra-sterasyl\/\">deux \u00e9l\u00e9ments filtrants Ultra Sterasyl (anciennement ATC Super Sterasyl)<\/a> pour r\u00e9duire les contaminants courants (notamment les bact\u00e9ries, les kystes, les algues, les r\u00e9sidus de m\u00e9dicaments, les microplastiques, le sable, les s\u00e9diments, les m\u00e9taux lourds (y compris le plomb)) et le chlore. C'est la solution id\u00e9ale pour obtenir de l'eau potable filtr\u00e9e au robinet ou en d\u00e9placement. Les filtres \u00e0 eau British Berkefeld sont \u00e9galement utilis\u00e9s, entre autres, par la Croix-Rouge, l'Unicef et d'autres organisations humanitaires pour garantir une quantit\u00e9 suffisante d'eau potable dans les zones d'urgence.<\/p>\n<h3>Informations sur le filtre \u00e0 eau British Berkefeld 6L<\/h3>\n<p>Le filtre \u00e0 eau British Berkefeld 6L est la solution id\u00e9ale pour fournir de l'eau potable propre et s\u00fbre en voyage, dans les endroits o\u00f9 l'approvisionnement en eau potable n'est pas fiable ou lorsqu'il n'y a pas de pression sur un approvisionnement en eau fiable. Il convient \u00e0 la maison, au camping, par exemple, ou en cas d'urgence.<br \/>\nCe filtre \u00e0 eau ne n\u00e9cessite aucune alimentation \u00e9lectrique ou autre. Vous le placez simplement sur votre plan de travail, sur une table ou une armoire, vous le remplissez d'eau et l'eau s'\u00e9coule par gravit\u00e9 dans la partie inf\u00e9rieure. L'eau s'\u00e9coule alors par gravit\u00e9 jusqu'\u00e0 la partie inf\u00e9rieure.<\/p>\n<p>Le filtre \u00e0 eau British Berkefeld 6L est si puissant qu'il est capable de purifier sans effort l'eau du sol, d'une rivi\u00e8re ou d'un foss\u00e9 pour en faire de l'eau potable. Plus de 99,99% des bact\u00e9ries sont arr\u00eat\u00e9es par les filtres ! De plus, ce filtre \u00e0 eau filtre le plomb et les autres m\u00e9taux lourds pr\u00e9sents dans l'eau !<\/p>\n<p>Trois mod\u00e8les sont disponibles et \u00e9galement dans ce set d'offres : <a href=\"https:\/\/www.alternatievemiddelen.nl\/fr\/produits\/set-filtre-a-eau-british-berkefeld-6l\/\">British Berkefeld Filtre \u00e0 eau 6L<\/a>, <a href=\"https:\/\/www.alternatievemiddelen.nl\/fr\/produits\/filtre-a-eau-britanique-berkefeld-8-5l-set\/\">British Berkefeld Filtre \u00e0 eau 8.5L<\/a> et <a href=\"https:\/\/www.alternatievemiddelen.nl\/fr\/produits\/british-berkefeld-water-filter-12l-set\/\">British Berkefeld Filtre \u00e0 eau 12L<\/a>. La performance du filtre de tous les mod\u00e8les est similaire, la diff\u00e9rence r\u00e9side dans le poids et la taille du filtre \u00e0 eau et dans la taille du r\u00e9servoir d'eau filtr\u00e9e.<\/p>\n<p>Le filtre \u00e0 eau British Berkefeld 6L a une capacit\u00e9 d'environ 6 litres d'eau et est livr\u00e9 avec <a href=\"https:\/\/www.alternatievemiddelen.nl\/fr\/produits\/element-de-filtre-a-eau-ultra-sterasyl\/\">2 \u00e9l\u00e9ments filtrants Ultra Sterasyl (anciennement ATC Super Sterasyl)<\/a>. Ils durent 6 mois ou 3000 litres au total. Chaque \u00e9l\u00e9ment filtrant peut purifier environ 20 litres par p\u00e9riode de 24 heures.<\/p>\n<p>Le bo\u00eetier est en acier inoxydable poli de haute qualit\u00e9.<\/p>\n<h3>Caract\u00e9ristiques British Berkefeld Filtre \u00e0 eau 6L<\/h3>\n<ul>\n<li>Le filtre \u00e0 eau id\u00e9al pour la maison et les voyages. Convient \u00e0 une utilisation par 1 ou 2 personnes<\/li>\n<li>Filtre les bact\u00e9ries, les kystes, les algues, les r\u00e9sidus de m\u00e9dicaments, les microplastiques, le sable, les s\u00e9diments, les m\u00e9taux lourds (y compris le plomb) et le chlore, entre autres.<\/li>\n<li>Facile \u00e0 utiliser<\/li>\n<li>Capacit\u00e9 de 6 litres<\/li>\n<li>Fourni en standard avec <a href=\"https:\/\/www.alternatievemiddelen.nl\/fr\/produits\/element-de-filtre-a-eau-ultra-sterasyl\/\">2 \u00e9l\u00e9ments filtrants Ultra Sterasyl (anciennement ATC Super Sterasyl)<\/a><\/li>\n<li>Tous <a href=\"https:\/\/www.alternatievemiddelen.nl\/fr\/produits\/element-de-filtre-a-eau-ultra-sterasyl\/\">\u00c9l\u00e9ment filtrant Ultra Sterasyl (anciennement ATC Super Sterasyl)<\/a> filtre jusqu'\u00e0 1 500 litres d'eau (ou jusqu'\u00e0 6 mois)<\/li>\n<li>Le <a href=\"https:\/\/www.alternatievemiddelen.nl\/fr\/produits\/element-de-filtre-a-eau-ultra-sterasyl\/\">\u00c9l\u00e9ments filtrants Ultra Sterasyl (anciennement ATC Super Sterasyl)<\/a> doit \u00eatre remplac\u00e9 tous les 6 mois<\/li>\n<li>Acier inoxydable poli de haute qualit\u00e9<\/li>\n<li>Filtre environ 3 litres par heure avec 2 \u00e9l\u00e9ments<\/li>\n<li>Hauteur : 47 cm<\/li>\n<li>Diam\u00e8tre : 19 cm<\/li>\n<li>Poids : 2 kg<\/li>\n<\/ul>\n<p>Le set British Berkefeld Water Filter 6L (en offre) est compos\u00e9 des produits list\u00e9s ci-dessous. Cliquez sur les num\u00e9ros d'article pour plus d'informations sur les produits individuels. Les produits du set :<\/p>\n<p>- British Berkefeld Filtre \u00e0 eau 6L (incluant 2x \u00e9l\u00e9ments filtrants Ultra Sterasyl) - ref. <a href=\"https:\/\/www.alternatievemiddelen.nl\/fr\/produits\/filtre-a-eau-british-berkefeld-6l\/\">W9361136<\/a><br \/>\n- Voyant robinet plastique pour British Berkefeld Filtre \u00e0 eau 6L - art.no. <a href=\"https:\/\/www.alternatievemiddelen.nl\/fr\/produits\/robinet-de-regard-plastique-pour-filtre-a-eau-british-berkefeld-6l-et-8-5l\/\">BRSG-7.5-BB<\/a><br \/>\n- Standard pour le filtre \u00e0 eau British Berkefeld 6L - art. no. <a href=\"https:\/\/www.alternatievemiddelen.nl\/fr\/produits\/support-pour-filtre-a-eau-british-berkefeld-6l\/\">BRSMLBASE-BB<\/a><\/p>\n<h3>Installation<\/h3>\n<p>Vous pouvez facilement assembler le filtre \u00e0 eau British Berkefeld 6L en quelques minutes, sans outils. Veillez \u00e0 nettoyer soigneusement les r\u00e9cipients, le couvercle et le robinet (ATTENTION ! PAS les \u00e9l\u00e9ments filtrants) avec de l'eau chaude et du d\u00e9tergent (de pr\u00e9f\u00e9rence un d\u00e9tergent doux et naturel). Rincez bien ces pi\u00e8ces pour \u00e9viter les r\u00e9sidus de savon. Rincez bri\u00e8vement les \u00e9l\u00e9ments filtrants sous un robinet d'eau froide pour \u00e9liminer la poussi\u00e8re de production. Placez ensuite les \u00e9l\u00e9ments filtrants dans le conteneur sup\u00e9rieur et remplissez ce dernier d'eau. Laissez couler l'eau, la vitesse du filtre augmentera au fur et \u00e0 mesure que les \u00e9l\u00e9ments filtrants se rempliront d'eau. Jetez toujours la premi\u00e8re eau qui s'\u00e9coule (ou donnez-la aux plantes). Vous \u00eates alors pr\u00eat \u00e0 l'utiliser !<\/p>\n<h3>Conseils d'entretien<\/h3>\n<p>Vous pouvez simplement nettoyer les r\u00e9cipients, le couvercle et le robinet du filtre \u00e0 eau British Berkefeld \u00e0 l'aide d'eau chaude et de d\u00e9tergent (de pr\u00e9f\u00e9rence un d\u00e9tergent doux et naturel). Veillez \u00e0 bien nettoyer l'ensemble (insistez \u00e9galement sur les bords) et \u00e0 bien rincer, afin qu'il ne reste aucun r\u00e9sidu de savon. En fonction de l'eau purifi\u00e9e, le nettoyage peut \u00eatre hebdomadaire ou mensuel.<br \/>\nLe <a href=\"https:\/\/www.alternatievemiddelen.nl\/fr\/produits\/element-de-filtre-a-eau-ultra-sterasyl\/\">\u00c9l\u00e9ments filtrants Ultra Sterasyl (anciennement ATC Super Sterasyl)<\/a> ou <a href=\"https:\/\/www.alternatievemiddelen.nl\/fr\/produits\/element-filtrant-de-leau-ultrafluoree\/\">\u00c9l\u00e9ments filtrants Ultra Fluoride<\/a> Il est pr\u00e9f\u00e9rable de les nettoyer une fois par mois \u00e0 l'aide d'une \u00e9ponge abrasive sous l'eau froide courante. Cette op\u00e9ration permet d'\u00e9liminer la couche de d\u00e9p\u00f4ts cr\u00e9\u00e9e par les substances \u00e9limin\u00e9es de l'eau et de r\u00e9tablir la fluidit\u00e9 des \u00e9l\u00e9ments filtrants. Encore une fois : en fonction de l'eau purifi\u00e9e, il est possible de proc\u00e9der \u00e0 un nettoyage plus fr\u00e9quent qu'une fois par mois.<\/p>","protected":false},"excerpt":{"rendered":"<p>British Berkefeld 6L set comprenant : British Berkefeld Filtre \u00e0 eau 6L (incluant 2x \u00e9l\u00e9ments Ultra Sterasyl), voyant, robinet en plastique et base (standard).<\/p>\n<p><span style=\"color: #274001;\"><strong>Cette offre combin\u00e9e comprend<\/strong><\/span><\/p>","protected":false},"featured_media":31005,"comment_status":"open","ping_status":"closed","template":"","meta":[],"product_brand":[],"product_cat":[2971,3478],"product_tag":[2936,3107,3165,2964,2976,2875,3033,3004,3010,2879,2967,3030,3106,3158,3159,3160,3161,2885,2979,2980,2981],"merk":[3450],"class_list":{"0":"post-34483","1":"product","2":"type-product","3":"status-publish","4":"has-post-thumbnail","6":"product_cat-waterfilters","7":"product_cat-combideals","8":"product_tag-aanbieding","9":"product_tag-british-berkefeld","10":"product_tag-british-berkefeld-waterfilter-6l","11":"product_tag-filter","12":"product_tag-filterelement","13":"product_tag-gezondheid","14":"product_tag-kijkglaskraantje","15":"product_tag-onderweg","16":"product_tag-roestvrij","17":"product_tag-roestvrij-staal","18":"product_tag-schoon","19":"product_tag-set","20":"product_tag-standaard","21":"product_tag-thuis","22":"product_tag-ultra-sterasyl","23":"product_tag-ultra-sterasyl-atc","24":"product_tag-ultra-sterasyl-atc-filterelementen","25":"product_tag-water","26":"product_tag-waterfilter","27":"product_tag-waterzuivering","28":"product_tag-zuiver","29":"merk-british-berkefeld","31":"first","32":"instock","33":"sale","34":"taxable","35":"shipping-taxable","36":"purchasable","37":"product-type-bundle"},"bundled_by":[],"bundle_stock_status":"insufficientstock","bundle_stock_quantity":0,"bundle_virtual":false,"bundle_layout":"tabular","bundle_add_to_cart_form_location":"default","bundle_editable_in_cart":false,"bundle_sold_individually_context":"product","bundle_item_grouping":"parent","bundle_min_size":3,"bundle_max_size":3,"bundle_price":{"price":{"min":{"incl_tax":"312.5","excl_tax":"258.264463"},"max":{"incl_tax":"312.5","excl_tax":"258.264463"}},"regular_price":{"min":{"incl_tax":"328.95","excl_tax":"271.859504"},"max":{"incl_tax":"328.95","excl_tax":"271.859504"}}},"bundled_items":[{"bundled_item_id":178,"product_id":34406,"menu_order":0,"quantity_min":1,"quantity_max":1,"quantity_default":1,"priced_individually":false,"shipped_individually":false,"override_title":false,"title":"British Berkefeld Waterfilter 6L","override_description":false,"description":"","optional":false,"hide_thumbnail":false,"discount":"","override_variations":true,"allowed_variations":[35871],"override_default_variation_attributes":false,"default_variation_attributes":[],"single_product_visibility":"visible","cart_visibility":"hidden","order_visibility":"hidden","single_product_price_visibility":"visible","cart_price_visibility":"visible","order_price_visibility":"visible","stock_status":"out_of_stock"},{"bundled_item_id":189,"product_id":34440,"menu_order":1,"quantity_min":1,"quantity_max":1,"quantity_default":1,"priced_individually":false,"shipped_individually":false,"override_title":false,"title":"Kijkglaskraantje plastic voor Travel Berkey- en Big Berkey waterfilter","override_description":true,"description":"","optional":false,"hide_thumbnail":false,"discount":"","override_variations":false,"allowed_variations":[],"override_default_variation_attributes":false,"default_variation_attributes":[],"single_product_visibility":"visible","cart_visibility":"hidden","order_visibility":"hidden","single_product_price_visibility":"visible","cart_price_visibility":"visible","order_price_visibility":"visible","stock_status":"in_stock"},{"bundled_item_id":190,"product_id":34577,"menu_order":2,"quantity_min":1,"quantity_max":1,"quantity_default":1,"priced_individually":false,"shipped_individually":false,"override_title":false,"title":"Standaard voor Travel Berkey, BOROUX Legacy\u2122 Compact en Pure Filters Voyager waterfilter","override_description":true,"description":"","optional":false,"hide_thumbnail":false,"discount":"","override_variations":false,"allowed_variations":[],"override_default_variation_attributes":false,"default_variation_attributes":[],"single_product_visibility":"visible","cart_visibility":"hidden","order_visibility":"hidden","single_product_price_visibility":"visible","cart_price_visibility":"visible","order_price_visibility":"visible","stock_status":"in_stock"}],"bundle_sell_ids":[],"yoast_head":"<!-- This site is optimized with the Yoast SEO plugin v26.1 - https:\/\/yoast.com\/wordpress\/plugins\/seo\/ -->\n<title>British Berkefeld 6L set: Waterfilter 6L (inclusief 2x Ultra Sterasyl) + Kijkglaskraantje plastic + Standaard - Alternatievemiddelen.nl<\/title>\n<meta name=\"description\" content=\"British Berkefeld 6L set inclusief: British Berkefeld Waterfilter 6L (inclusief 2x Ultra Sterasyl elementen), kijkglaskraantje plastic en basis (standaard).\" \/>\n<meta name=\"robots\" content=\"index, follow, max-snippet:-1, max-image-preview:large, max-video-preview:-1\" \/>\n<link rel=\"canonical\" href=\"https:\/\/www.alternatievemiddelen.nl\/fr\/wp-json\/wp\/v2\/product\/34483\" \/>\n<meta property=\"og:locale\" content=\"fr_FR\" \/>\n<meta property=\"og:type\" content=\"article\" \/>\n<meta property=\"og:title\" content=\"British Berkefeld 6L set: Waterfilter 6L (inclusief 2x Ultra Sterasyl) + Kijkglaskraantje plastic + Standaard - Alternatievemiddelen.nl\" \/>\n<meta property=\"og:description\" content=\"British Berkefeld 6L set inclusief: British Berkefeld Waterfilter 6L (inclusief 2x Ultra Sterasyl elementen), kijkglaskraantje plastic en basis (standaard).\" \/>\n<meta property=\"og:url\" content=\"https:\/\/www.alternatievemiddelen.nl\/fr\/produits\/set-filtre-a-eau-british-berkefeld-6l\/\" \/>\n<meta property=\"og:site_name\" content=\"Alternatievemiddelen.nl\" \/>\n<meta property=\"article:modified_time\" content=\"2025-07-04T13:28:33+00:00\" \/>\n<meta property=\"og:image\" content=\"\/wp-content\/uploads\/2023\/12\/British-Berkefeld-6L_set.jpg\" \/>\n\t<meta property=\"og:image:width\" content=\"600\" \/>\n\t<meta property=\"og:image:height\" content=\"800\" \/>\n\t<meta property=\"og:image:type\" content=\"image\/jpeg\" \/>\n<meta name=\"twitter:card\" content=\"summary_large_image\" \/>\n<meta name=\"twitter:label1\" content=\"Dur\u00e9e de lecture estim\u00e9e\" \/>\n\t<meta name=\"twitter:data1\" content=\"4 minutes\" \/>\n<script type=\"application\/ld+json\" class=\"yoast-schema-graph\">{\"@context\":\"https:\/\/schema.org\",\"@graph\":[{\"@type\":[\"WebPage\",\"ItemPage\"],\"@id\":\"https:\/\/www.alternatievemiddelen.nl\/producten\/british-berkefeld-waterfilter-6l-set\/\",\"url\":\"https:\/\/www.alternatievemiddelen.nl\/producten\/british-berkefeld-waterfilter-6l-set\/\",\"name\":\"British Berkefeld 6L set: Waterfilter 6L (inclusief 2x Ultra Sterasyl) + Kijkglaskraantje plastic + Standaard - Alternatievemiddelen.nl\",\"isPartOf\":{\"@id\":\"https:\/\/www.alternatievemiddelen.nl\/#website\"},\"primaryImageOfPage\":{\"@id\":\"https:\/\/www.alternatievemiddelen.nl\/producten\/british-berkefeld-waterfilter-6l-set\/#primaryimage\"},\"image\":{\"@id\":\"https:\/\/www.alternatievemiddelen.nl\/producten\/british-berkefeld-waterfilter-6l-set\/#primaryimage\"},\"thumbnailUrl\":\"https:\/\/www.alternatievemiddelen.nl\/wp-content\/uploads\/2023\/12\/British-Berkefeld-6L_set.jpg\",\"datePublished\":\"2024-02-27T07:39:22+00:00\",\"dateModified\":\"2025-07-04T13:28:33+00:00\",\"description\":\"British Berkefeld 6L set inclusief: British Berkefeld Waterfilter 6L (inclusief 2x Ultra Sterasyl elementen), kijkglaskraantje plastic en basis (standaard).\",\"breadcrumb\":{\"@id\":\"https:\/\/www.alternatievemiddelen.nl\/producten\/british-berkefeld-waterfilter-6l-set\/#breadcrumb\"},\"inLanguage\":\"fr-FR\",\"potentialAction\":[{\"@type\":\"ReadAction\",\"target\":[\"https:\/\/www.alternatievemiddelen.nl\/producten\/british-berkefeld-waterfilter-6l-set\/\"]}]},{\"@type\":\"ImageObject\",\"inLanguage\":\"fr-FR\",\"@id\":\"https:\/\/www.alternatievemiddelen.nl\/producten\/british-berkefeld-waterfilter-6l-set\/#primaryimage\",\"url\":\"https:\/\/www.alternatievemiddelen.nl\/wp-content\/uploads\/2023\/12\/British-Berkefeld-6L_set.jpg\",\"contentUrl\":\"https:\/\/www.alternatievemiddelen.nl\/wp-content\/uploads\/2023\/12\/British-Berkefeld-6L_set.jpg\",\"width\":600,\"height\":800,\"caption\":\"British Berkefeld 6L set Waterfilter, RVS kraantje, standaard\"},{\"@type\":\"BreadcrumbList\",\"@id\":\"https:\/\/www.alternatievemiddelen.nl\/producten\/british-berkefeld-waterfilter-6l-set\/#breadcrumb\",\"itemListElement\":[{\"@type\":\"ListItem\",\"position\":1,\"name\":\"Home\",\"item\":\"https:\/\/www.alternatievemiddelen.nl\/\"},{\"@type\":\"ListItem\",\"position\":2,\"name\":\"Producten\",\"item\":\"https:\/\/www.alternatievemiddelen.nl\/producten\/\"},{\"@type\":\"ListItem\",\"position\":3,\"name\":\"British Berkefeld 6L set: Waterfilter 6L (inclusief 2x Ultra Sterasyl) + Kijkglaskraantje plastic + Standaard\"}]},{\"@type\":\"WebSite\",\"@id\":\"https:\/\/www.alternatievemiddelen.nl\/#website\",\"url\":\"https:\/\/www.alternatievemiddelen.nl\/\",\"name\":\"Alternatievemiddelen.nl\",\"description\":\"Webshop met gezonde, duurzame en ecologische alternatieve mogelijkheden in de hedendaagse levenstijl. Alles uit eigen ervaring.\",\"publisher\":{\"@id\":\"https:\/\/www.alternatievemiddelen.nl\/#organization\"},\"potentialAction\":[{\"@type\":\"SearchAction\",\"target\":{\"@type\":\"EntryPoint\",\"urlTemplate\":\"https:\/\/www.alternatievemiddelen.nl\/?s={search_term_string}\"},\"query-input\":{\"@type\":\"PropertyValueSpecification\",\"valueRequired\":true,\"valueName\":\"search_term_string\"}}],\"inLanguage\":\"fr-FR\"},{\"@type\":\"Organization\",\"@id\":\"https:\/\/www.alternatievemiddelen.nl\/#organization\",\"name\":\"Alternatievemiddelen.nl\",\"url\":\"https:\/\/www.alternatievemiddelen.nl\/\",\"logo\":{\"@type\":\"ImageObject\",\"inLanguage\":\"fr-FR\",\"@id\":\"https:\/\/www.alternatievemiddelen.nl\/#\/schema\/logo\/image\/\",\"url\":\"https:\/\/www.alternatievemiddelen.nl\/wp-content\/uploads\/2023\/10\/alternatievemiddelen-PNG-logo.png\",\"contentUrl\":\"https:\/\/www.alternatievemiddelen.nl\/wp-content\/uploads\/2023\/10\/alternatievemiddelen-PNG-logo.png\",\"width\":6400,\"height\":3062,\"caption\":\"Alternatievemiddelen.nl\"},\"image\":{\"@id\":\"https:\/\/www.alternatievemiddelen.nl\/#\/schema\/logo\/image\/\"}}]}<\/script>\n<!-- \/ Yoast SEO plugin. -->","yoast_head_json":{"title":"British Berkefeld 6L set: Waterfilter 6L (inclusief 2x Ultra Sterasyl) + Kijkglaskraantje plastic + Standaard - Alternatievemiddelen.nl","description":"British Berkefeld 6L set inclusief: British Berkefeld Waterfilter 6L (inclusief 2x Ultra Sterasyl elementen), kijkglaskraantje plastic en basis (standaard).","robots":{"index":"index","follow":"follow","max-snippet":"max-snippet:-1","max-image-preview":"max-image-preview:large","max-video-preview":"max-video-preview:-1"},"canonical":"https:\/\/www.alternatievemiddelen.nl\/fr\/wp-json\/wp\/v2\/product\/34483","og_locale":"fr_FR","og_type":"article","og_title":"British Berkefeld 6L set: Waterfilter 6L (inclusief 2x Ultra Sterasyl) + Kijkglaskraantje plastic + Standaard - Alternatievemiddelen.nl","og_description":"British Berkefeld 6L set inclusief: British Berkefeld Waterfilter 6L (inclusief 2x Ultra Sterasyl elementen), kijkglaskraantje plastic en basis (standaard).","og_url":"https:\/\/www.alternatievemiddelen.nl\/fr\/produits\/set-filtre-a-eau-british-berkefeld-6l\/","og_site_name":"Alternatievemiddelen.nl","article_modified_time":"2025-07-04T13:28:33+00:00","og_image":[{"width":600,"height":800,"url":"\/wp-content\/uploads\/2023\/12\/British-Berkefeld-6L_set.jpg","type":"image\/jpeg"}],"twitter_card":"summary_large_image","twitter_misc":{"Dur\u00e9e de lecture estim\u00e9e":"4 minutes"},"schema":{"@context":"https:\/\/schema.org","@graph":[{"@type":["WebPage","ItemPage"],"@id":"https:\/\/www.alternatievemiddelen.nl\/producten\/british-berkefeld-waterfilter-6l-set\/","url":"https:\/\/www.alternatievemiddelen.nl\/producten\/british-berkefeld-waterfilter-6l-set\/","name":"British Berkefeld 6L set: Waterfilter 6L (inclusief 2x Ultra Sterasyl) + Kijkglaskraantje plastic + Standaard - Alternatievemiddelen.nl","isPartOf":{"@id":"https:\/\/www.alternatievemiddelen.nl\/#website"},"primaryImageOfPage":{"@id":"https:\/\/www.alternatievemiddelen.nl\/producten\/british-berkefeld-waterfilter-6l-set\/#primaryimage"},"image":{"@id":"https:\/\/www.alternatievemiddelen.nl\/producten\/british-berkefeld-waterfilter-6l-set\/#primaryimage"},"thumbnailUrl":"https:\/\/www.alternatievemiddelen.nl\/wp-content\/uploads\/2023\/12\/British-Berkefeld-6L_set.jpg","datePublished":"2024-02-27T07:39:22+00:00","dateModified":"2025-07-04T13:28:33+00:00","description":"British Berkefeld 6L set inclusief: British Berkefeld Waterfilter 6L (inclusief 2x Ultra Sterasyl elementen), kijkglaskraantje plastic en basis (standaard).","breadcrumb":{"@id":"https:\/\/www.alternatievemiddelen.nl\/producten\/british-berkefeld-waterfilter-6l-set\/#breadcrumb"},"inLanguage":"fr-FR","potentialAction":[{"@type":"ReadAction","target":["https:\/\/www.alternatievemiddelen.nl\/producten\/british-berkefeld-waterfilter-6l-set\/"]}]},{"@type":"ImageObject","inLanguage":"fr-FR","@id":"https:\/\/www.alternatievemiddelen.nl\/producten\/british-berkefeld-waterfilter-6l-set\/#primaryimage","url":"https:\/\/www.alternatievemiddelen.nl\/wp-content\/uploads\/2023\/12\/British-Berkefeld-6L_set.jpg","contentUrl":"https:\/\/www.alternatievemiddelen.nl\/wp-content\/uploads\/2023\/12\/British-Berkefeld-6L_set.jpg","width":600,"height":800,"caption":"British Berkefeld 6L set Waterfilter, RVS kraantje, standaard"},{"@type":"BreadcrumbList","@id":"https:\/\/www.alternatievemiddelen.nl\/producten\/british-berkefeld-waterfilter-6l-set\/#breadcrumb","itemListElement":[{"@type":"ListItem","position":1,"name":"Home","item":"https:\/\/www.alternatievemiddelen.nl\/"},{"@type":"ListItem","position":2,"name":"Producten","item":"https:\/\/www.alternatievemiddelen.nl\/producten\/"},{"@type":"ListItem","position":3,"name":"British Berkefeld 6L set: Waterfilter 6L (inclusief 2x Ultra Sterasyl) + Kijkglaskraantje plastic + Standaard"}]},{"@type":"WebSite","@id":"https:\/\/www.alternatievemiddelen.nl\/#website","url":"https:\/\/www.alternatievemiddelen.nl\/","name":"Alternatievemiddelen.nl","description":"Webshop met gezonde, duurzame en ecologische alternatieve mogelijkheden in de hedendaagse levenstijl. Alles uit eigen ervaring.","publisher":{"@id":"https:\/\/www.alternatievemiddelen.nl\/#organization"},"potentialAction":[{"@type":"SearchAction","target":{"@type":"EntryPoint","urlTemplate":"https:\/\/www.alternatievemiddelen.nl\/?s={search_term_string}"},"query-input":{"@type":"PropertyValueSpecification","valueRequired":true,"valueName":"search_term_string"}}],"inLanguage":"fr-FR"},{"@type":"Organization","@id":"https:\/\/www.alternatievemiddelen.nl\/#organization","name":"Alternatievemiddelen.nl","url":"https:\/\/www.alternatievemiddelen.nl\/","logo":{"@type":"ImageObject","inLanguage":"fr-FR","@id":"https:\/\/www.alternatievemiddelen.nl\/#\/schema\/logo\/image\/","url":"https:\/\/www.alternatievemiddelen.nl\/wp-content\/uploads\/2023\/10\/alternatievemiddelen-PNG-logo.png","contentUrl":"https:\/\/www.alternatievemiddelen.nl\/wp-content\/uploads\/2023\/10\/alternatievemiddelen-PNG-logo.png","width":6400,"height":3062,"caption":"Alternatievemiddelen.nl"},"image":{"@id":"https:\/\/www.alternatievemiddelen.nl\/#\/schema\/logo\/image\/"}}]}},"_links":{"self":[{"href":"https:\/\/www.alternatievemiddelen.nl\/fr\/wp-json\/wp\/v2\/product\/34483","targetHints":{"allow":["GET"]}}],"collection":[{"href":"https:\/\/www.alternatievemiddelen.nl\/fr\/wp-json\/wp\/v2\/product"}],"about":[{"href":"https:\/\/www.alternatievemiddelen.nl\/fr\/wp-json\/wp\/v2\/types\/product"}],"replies":[{"embeddable":true,"href":"https:\/\/www.alternatievemiddelen.nl\/fr\/wp-json\/wp\/v2\/comments?post=34483"}],"wp:featuredmedia":[{"embeddable":true,"href":"https:\/\/www.alternatievemiddelen.nl\/fr\/wp-json\/wp\/v2\/media\/31005"}],"wp:attachment":[{"href":"https:\/\/www.alternatievemiddelen.nl\/fr\/wp-json\/wp\/v2\/media?parent=34483"}],"wp:term":[{"taxonomy":"product_brand","embeddable":true,"href":"https:\/\/www.alternatievemiddelen.nl\/fr\/wp-json\/wp\/v2\/product_brand?post=34483"},{"taxonomy":"product_cat","embeddable":true,"href":"https:\/\/www.alternatievemiddelen.nl\/fr\/wp-json\/wp\/v2\/product_cat?post=34483"},{"taxonomy":"product_tag","embeddable":true,"href":"https:\/\/www.alternatievemiddelen.nl\/fr\/wp-json\/wp\/v2\/product_tag?post=34483"},{"taxonomy":"merk","embeddable":true,"href":"https:\/\/www.alternatievemiddelen.nl\/fr\/wp-json\/wp\/v2\/merk?post=34483"}],"curies":[{"name":"wp","href":"https:\/\/api.w.org\/{rel}","templated":true}]}}