{"id":34487,"date":"2024-02-27T08:39:24","date_gmt":"2024-02-27T07:39:24","guid":{"rendered":"https:\/\/www.alternatievemiddelen.nl\/?post_type=product&#038;p=34487"},"modified":"2025-05-28T06:54:33","modified_gmt":"2025-05-28T04:54:33","slug":"ultra-sterasyl-waterfilter-element","status":"publish","type":"product","link":"https:\/\/www.alternatievemiddelen.nl\/fr\/produits\/element-de-filtre-a-eau-ultra-sterasyl\/","title":{"rendered":"Ultra Sterasyl \u00c9l\u00e9ment filtrant pour l'eau"},"content":{"rendered":"<p>Filtre c\u00e9ramique de remplacement pour tous les filtres \u00e0 eau par gravit\u00e9 British Berkefeld : Ultra Sterasyl. Le microfiltre en c\u00e9ramique impr\u00e9gn\u00e9 d'argent avec charbon actif granulaire \u00e9limine les bact\u00e9ries, les produits chimiques et le chlore, ainsi que les m\u00e9taux lourds. L'\u00e9l\u00e9ment filtrant Ultra Sterasyl filtre des particules aussi petites que 0,5 micron (soit 500 nanom\u00e8tres) avec une efficacit\u00e9 aussi \u00e9lev\u00e9e que 99%.<\/p>\n<p>L'\u00e9l\u00e9ment filtrant pour eau Ultra Sterasyl (anciennement ATC Super Sterasyl) est fabriqu\u00e9 \u00e0 la main par des professionnels britanniques pour r\u00e9duire les contaminants courants tels que les bact\u00e9ries, le chlore et les m\u00e9taux lourds (y compris le plomb). Il est con\u00e7u pour am\u00e9liorer de mani\u00e8re significative la clart\u00e9, le go\u00fbt et l'odeur de l'eau potable. Cet \u00e9l\u00e9ment filtrant s'inspire de la nature et est fabriqu\u00e9 \u00e0 partir de mati\u00e8res premi\u00e8res naturelles pour offrir des d\u00e9bits sup\u00e9rieurs dans les filtres \u00e0 eau par gravit\u00e9, sans \u00e9liminer les min\u00e9raux naturellement pr\u00e9sents dans l'eau.<\/p>\n<p>L'\u00e9l\u00e9ment filtrant Ultra Sterasyl produit une eau potable s\u00fbre et savoureuse en \u00e9liminant jusqu'\u00e0 99,99% des contaminants courants. Chaque \u00e9l\u00e9ment Ultra Sterasyl filtre jusqu'\u00e0 1 500 litres d'eau. Vous pouvez \u00e9galement le remplacer au bout de 6 mois.<\/p>\n<p>Chaque filtre Ultra Sterasyl peut purifier environ 20 litres par \u00e9l\u00e9ment filtrant par p\u00e9riode de 24 heures. En outre, ils sont si puissants qu'ils sont capables de purifier sans effort les rivi\u00e8res, les foss\u00e9s et les nappes phr\u00e9atiques pour en faire de l'eau potable.<br \/>\n&nbsp;<\/p>\n<h3>Caract\u00e9ristiques du produit \u00c9l\u00e9ment filtrant pour eau Ultra Sterasyl :<\/h3>\n<p>- \u00c9limine jusqu'\u00e0 99,99% des contaminants courants<br \/>\n- Bons d\u00e9bits dans les syst\u00e8mes de filtration par gravit\u00e9<br \/>\n- L'\u00e9l\u00e9ment filtrant est fabriqu\u00e9 \u00e0 partir de mati\u00e8res premi\u00e8res naturelles 100%.<br \/>\n- Propri\u00e9t\u00e9s antibact\u00e9riennes et argent utilis\u00e9s pour emp\u00eacher les bact\u00e9ries de se r\u00e9g\u00e9n\u00e9rer sur l'\u00e9l\u00e9ment en c\u00e9ramique<br \/>\n- Tout en r\u00e9duisant les contaminants, il retient les min\u00e9raux naturels qui donnent \u00e0 l'eau un go\u00fbt d\u00e9licieux.<br \/>\n- Les \u00e9l\u00e9ments filtrants neufs qui n'ont pas encore \u00e9t\u00e9 utilis\u00e9s peuvent \u00eatre stock\u00e9s ind\u00e9finiment.<br \/>\n&nbsp;<\/p>\n<h3>Installation<\/h3>\n<p>Rincez bri\u00e8vement les \u00e9l\u00e9ments filtrants Ultra Sterasyl sous un robinet d'eau froide pour \u00e9liminer la poussi\u00e8re de production. Placez ensuite les \u00e9l\u00e9ments filtrants dans le conteneur sup\u00e9rieur et remplissez ce dernier d'eau. Laissez couler l'eau, la vitesse du filtre augmentera au fur et \u00e0 mesure que les \u00e9l\u00e9ments filtrants se rempliront d'eau. Jetez toujours la premi\u00e8re eau qui s'\u00e9coule (ou donnez-la aux plantes). Vous \u00eates alors pr\u00eat \u00e0 l'utiliser !<br \/>\n&nbsp;<\/p>\n<h3>Conseils d'entretien pour l'\u00e9l\u00e9ment filtrant Ultra Sterasyl<\/h3>\n<p>Il est pr\u00e9f\u00e9rable de nettoyer les \u00e9l\u00e9ments filtrants Ultra Sterasyl (anciennement ATC Super Sterasyl) une fois par mois \u00e0 l'aide d'une \u00e9ponge abrasive sous l'eau froide courante. Cette op\u00e9ration permet d'\u00e9liminer la couche de d\u00e9p\u00f4ts cr\u00e9\u00e9e par les substances \u00e9limin\u00e9es de l'eau et les \u00e9l\u00e9ments filtrants s'\u00e9coulent mieux \u00e0 nouveau. Encore une fois : en fonction de l'eau purifi\u00e9e, il est possible d'effectuer un nettoyage plus fr\u00e9quent qu'une fois par mois.<\/p>","protected":false},"excerpt":{"rendered":"<p>Ultra Sterasyl \u00e9l\u00e9ment filtrant pour l'eau - microfiltre en c\u00e9ramique avec charbon actif granul\u00e9 \u00e9limine les bact\u00e9ries, les produits chimiques et le chlore ainsi que les m\u00e9taux lourds.<\/p>","protected":false},"featured_media":31670,"comment_status":"open","ping_status":"closed","template":"","meta":[],"product_brand":[],"product_cat":[2971,3099],"product_tag":[3107,3385,3008,3100,2976,2967,3159,2885,2979,3012,2980,3101],"merk":[3450],"class_list":{"0":"post-34487","1":"product","2":"type-product","3":"status-publish","4":"has-post-thumbnail","6":"product_cat-waterfilters","7":"product_cat-waterfilter-elementen","8":"product_tag-british-berkefeld","9":"product_tag-doulton","10":"product_tag-drinkwater","11":"product_tag-elementen","12":"product_tag-filterelement","13":"product_tag-schoon","14":"product_tag-ultra-sterasyl","15":"product_tag-water","16":"product_tag-waterfilter","17":"product_tag-waterfilters","18":"product_tag-waterzuivering","19":"product_tag-zuiverelementen","20":"merk-british-berkefeld","22":"first","23":"outofstock","24":"taxable","25":"shipping-taxable","26":"purchasable","27":"product-type-simple"},"bundled_by":[],"bundle_stock_status":"outofstock","bundle_stock_quantity":0,"bundle_virtual":false,"bundle_layout":"","bundle_add_to_cart_form_location":"","bundle_editable_in_cart":false,"bundle_sold_individually_context":"","bundle_item_grouping":"","bundle_min_size":"","bundle_max_size":"","bundle_price":[],"bundled_items":[],"bundle_sell_ids":[44176],"yoast_head":"<!-- This site is optimized with the Yoast SEO plugin v26.1 - https:\/\/yoast.com\/wordpress\/plugins\/seo\/ -->\n<title>Ultra Sterasyl Waterfilter Element - Alternatievemiddelen.nl<\/title>\n<meta name=\"description\" content=\"Ultra Sterasyl waterfilter element - keramisch microfilter met granulaire actieve kool verwijdert naast zware metalen ook bacteri\u00ebn, chemicali\u00ebn en chloor.\" \/>\n<meta name=\"robots\" content=\"index, follow, max-snippet:-1, max-image-preview:large, max-video-preview:-1\" \/>\n<link rel=\"canonical\" href=\"https:\/\/www.alternatievemiddelen.nl\/fr\/wp-json\/wp\/v2\/product\/34487\" \/>\n<meta property=\"og:locale\" content=\"fr_FR\" \/>\n<meta property=\"og:type\" content=\"article\" \/>\n<meta property=\"og:title\" content=\"Ultra Sterasyl Waterfilter Element - Alternatievemiddelen.nl\" \/>\n<meta property=\"og:description\" content=\"Ultra Sterasyl waterfilter element - keramisch microfilter met granulaire actieve kool verwijdert naast zware metalen ook bacteri\u00ebn, chemicali\u00ebn en chloor.\" \/>\n<meta property=\"og:url\" content=\"https:\/\/www.alternatievemiddelen.nl\/fr\/produits\/element-de-filtre-a-eau-ultra-sterasyl\/\" \/>\n<meta property=\"og:site_name\" content=\"Alternatievemiddelen.nl\" \/>\n<meta property=\"article:modified_time\" content=\"2025-05-28T04:54:33+00:00\" \/>\n<meta property=\"og:image\" content=\"\/wp-content\/uploads\/2023\/12\/Ultra-Sterasyl-filterelement.jpg\" \/>\n\t<meta property=\"og:image:width\" content=\"600\" \/>\n\t<meta property=\"og:image:height\" content=\"800\" \/>\n\t<meta property=\"og:image:type\" content=\"image\/jpeg\" \/>\n<meta name=\"twitter:card\" content=\"summary_large_image\" \/>\n<meta name=\"twitter:label1\" content=\"Dur\u00e9e de lecture estim\u00e9e\" \/>\n\t<meta name=\"twitter:data1\" content=\"3 minutes\" \/>\n<script type=\"application\/ld+json\" class=\"yoast-schema-graph\">{\"@context\":\"https:\/\/schema.org\",\"@graph\":[{\"@type\":[\"WebPage\",\"ItemPage\"],\"@id\":\"https:\/\/www.alternatievemiddelen.nl\/producten\/ultra-sterasyl-waterfilter-element\/\",\"url\":\"https:\/\/www.alternatievemiddelen.nl\/producten\/ultra-sterasyl-waterfilter-element\/\",\"name\":\"Ultra Sterasyl Waterfilter Element - Alternatievemiddelen.nl\",\"isPartOf\":{\"@id\":\"https:\/\/www.alternatievemiddelen.nl\/#website\"},\"primaryImageOfPage\":{\"@id\":\"https:\/\/www.alternatievemiddelen.nl\/producten\/ultra-sterasyl-waterfilter-element\/#primaryimage\"},\"image\":{\"@id\":\"https:\/\/www.alternatievemiddelen.nl\/producten\/ultra-sterasyl-waterfilter-element\/#primaryimage\"},\"thumbnailUrl\":\"https:\/\/www.alternatievemiddelen.nl\/wp-content\/uploads\/2023\/12\/Ultra-Sterasyl-filterelement.jpg\",\"datePublished\":\"2024-02-27T07:39:24+00:00\",\"dateModified\":\"2025-05-28T04:54:33+00:00\",\"description\":\"Ultra Sterasyl waterfilter element - keramisch microfilter met granulaire actieve kool verwijdert naast zware metalen ook bacteri\u00ebn, chemicali\u00ebn en chloor.\",\"breadcrumb\":{\"@id\":\"https:\/\/www.alternatievemiddelen.nl\/producten\/ultra-sterasyl-waterfilter-element\/#breadcrumb\"},\"inLanguage\":\"fr-FR\",\"potentialAction\":[{\"@type\":\"ReadAction\",\"target\":[\"https:\/\/www.alternatievemiddelen.nl\/producten\/ultra-sterasyl-waterfilter-element\/\"]}]},{\"@type\":\"ImageObject\",\"inLanguage\":\"fr-FR\",\"@id\":\"https:\/\/www.alternatievemiddelen.nl\/producten\/ultra-sterasyl-waterfilter-element\/#primaryimage\",\"url\":\"https:\/\/www.alternatievemiddelen.nl\/wp-content\/uploads\/2023\/12\/Ultra-Sterasyl-filterelement.jpg\",\"contentUrl\":\"https:\/\/www.alternatievemiddelen.nl\/wp-content\/uploads\/2023\/12\/Ultra-Sterasyl-filterelement.jpg\",\"width\":600,\"height\":800,\"caption\":\"Ultra Sterasyl Waterfilter Element (1 stuk)\"},{\"@type\":\"BreadcrumbList\",\"@id\":\"https:\/\/www.alternatievemiddelen.nl\/producten\/ultra-sterasyl-waterfilter-element\/#breadcrumb\",\"itemListElement\":[{\"@type\":\"ListItem\",\"position\":1,\"name\":\"Home\",\"item\":\"https:\/\/www.alternatievemiddelen.nl\/\"},{\"@type\":\"ListItem\",\"position\":2,\"name\":\"Producten\",\"item\":\"https:\/\/www.alternatievemiddelen.nl\/producten\/\"},{\"@type\":\"ListItem\",\"position\":3,\"name\":\"Ultra Sterasyl Waterfilter Element\"}]},{\"@type\":\"WebSite\",\"@id\":\"https:\/\/www.alternatievemiddelen.nl\/#website\",\"url\":\"https:\/\/www.alternatievemiddelen.nl\/\",\"name\":\"Alternatievemiddelen.nl\",\"description\":\"Webshop met gezonde, duurzame en ecologische alternatieve mogelijkheden in de hedendaagse levenstijl. Alles uit eigen ervaring.\",\"publisher\":{\"@id\":\"https:\/\/www.alternatievemiddelen.nl\/#organization\"},\"potentialAction\":[{\"@type\":\"SearchAction\",\"target\":{\"@type\":\"EntryPoint\",\"urlTemplate\":\"https:\/\/www.alternatievemiddelen.nl\/?s={search_term_string}\"},\"query-input\":{\"@type\":\"PropertyValueSpecification\",\"valueRequired\":true,\"valueName\":\"search_term_string\"}}],\"inLanguage\":\"fr-FR\"},{\"@type\":\"Organization\",\"@id\":\"https:\/\/www.alternatievemiddelen.nl\/#organization\",\"name\":\"Alternatievemiddelen.nl\",\"url\":\"https:\/\/www.alternatievemiddelen.nl\/\",\"logo\":{\"@type\":\"ImageObject\",\"inLanguage\":\"fr-FR\",\"@id\":\"https:\/\/www.alternatievemiddelen.nl\/#\/schema\/logo\/image\/\",\"url\":\"https:\/\/www.alternatievemiddelen.nl\/wp-content\/uploads\/2023\/10\/alternatievemiddelen-PNG-logo.png\",\"contentUrl\":\"https:\/\/www.alternatievemiddelen.nl\/wp-content\/uploads\/2023\/10\/alternatievemiddelen-PNG-logo.png\",\"width\":6400,\"height\":3062,\"caption\":\"Alternatievemiddelen.nl\"},\"image\":{\"@id\":\"https:\/\/www.alternatievemiddelen.nl\/#\/schema\/logo\/image\/\"}}]}<\/script>\n<!-- \/ Yoast SEO plugin. -->","yoast_head_json":{"title":"Ultra Sterasyl Waterfilter Element - Alternatievemiddelen.nl","description":"Ultra Sterasyl waterfilter element - keramisch microfilter met granulaire actieve kool verwijdert naast zware metalen ook bacteri\u00ebn, chemicali\u00ebn en chloor.","robots":{"index":"index","follow":"follow","max-snippet":"max-snippet:-1","max-image-preview":"max-image-preview:large","max-video-preview":"max-video-preview:-1"},"canonical":"https:\/\/www.alternatievemiddelen.nl\/fr\/wp-json\/wp\/v2\/product\/34487","og_locale":"fr_FR","og_type":"article","og_title":"Ultra Sterasyl Waterfilter Element - Alternatievemiddelen.nl","og_description":"Ultra Sterasyl waterfilter element - keramisch microfilter met granulaire actieve kool verwijdert naast zware metalen ook bacteri\u00ebn, chemicali\u00ebn en chloor.","og_url":"https:\/\/www.alternatievemiddelen.nl\/fr\/produits\/element-de-filtre-a-eau-ultra-sterasyl\/","og_site_name":"Alternatievemiddelen.nl","article_modified_time":"2025-05-28T04:54:33+00:00","og_image":[{"width":600,"height":800,"url":"\/wp-content\/uploads\/2023\/12\/Ultra-Sterasyl-filterelement.jpg","type":"image\/jpeg"}],"twitter_card":"summary_large_image","twitter_misc":{"Dur\u00e9e de lecture estim\u00e9e":"3 minutes"},"schema":{"@context":"https:\/\/schema.org","@graph":[{"@type":["WebPage","ItemPage"],"@id":"https:\/\/www.alternatievemiddelen.nl\/producten\/ultra-sterasyl-waterfilter-element\/","url":"https:\/\/www.alternatievemiddelen.nl\/producten\/ultra-sterasyl-waterfilter-element\/","name":"Ultra Sterasyl Waterfilter Element - Alternatievemiddelen.nl","isPartOf":{"@id":"https:\/\/www.alternatievemiddelen.nl\/#website"},"primaryImageOfPage":{"@id":"https:\/\/www.alternatievemiddelen.nl\/producten\/ultra-sterasyl-waterfilter-element\/#primaryimage"},"image":{"@id":"https:\/\/www.alternatievemiddelen.nl\/producten\/ultra-sterasyl-waterfilter-element\/#primaryimage"},"thumbnailUrl":"https:\/\/www.alternatievemiddelen.nl\/wp-content\/uploads\/2023\/12\/Ultra-Sterasyl-filterelement.jpg","datePublished":"2024-02-27T07:39:24+00:00","dateModified":"2025-05-28T04:54:33+00:00","description":"Ultra Sterasyl waterfilter element - keramisch microfilter met granulaire actieve kool verwijdert naast zware metalen ook bacteri\u00ebn, chemicali\u00ebn en chloor.","breadcrumb":{"@id":"https:\/\/www.alternatievemiddelen.nl\/producten\/ultra-sterasyl-waterfilter-element\/#breadcrumb"},"inLanguage":"fr-FR","potentialAction":[{"@type":"ReadAction","target":["https:\/\/www.alternatievemiddelen.nl\/producten\/ultra-sterasyl-waterfilter-element\/"]}]},{"@type":"ImageObject","inLanguage":"fr-FR","@id":"https:\/\/www.alternatievemiddelen.nl\/producten\/ultra-sterasyl-waterfilter-element\/#primaryimage","url":"https:\/\/www.alternatievemiddelen.nl\/wp-content\/uploads\/2023\/12\/Ultra-Sterasyl-filterelement.jpg","contentUrl":"https:\/\/www.alternatievemiddelen.nl\/wp-content\/uploads\/2023\/12\/Ultra-Sterasyl-filterelement.jpg","width":600,"height":800,"caption":"Ultra Sterasyl Waterfilter Element (1 stuk)"},{"@type":"BreadcrumbList","@id":"https:\/\/www.alternatievemiddelen.nl\/producten\/ultra-sterasyl-waterfilter-element\/#breadcrumb","itemListElement":[{"@type":"ListItem","position":1,"name":"Home","item":"https:\/\/www.alternatievemiddelen.nl\/"},{"@type":"ListItem","position":2,"name":"Producten","item":"https:\/\/www.alternatievemiddelen.nl\/producten\/"},{"@type":"ListItem","position":3,"name":"Ultra Sterasyl Waterfilter Element"}]},{"@type":"WebSite","@id":"https:\/\/www.alternatievemiddelen.nl\/#website","url":"https:\/\/www.alternatievemiddelen.nl\/","name":"Alternatievemiddelen.nl","description":"Webshop met gezonde, duurzame en ecologische alternatieve mogelijkheden in de hedendaagse levenstijl. Alles uit eigen ervaring.","publisher":{"@id":"https:\/\/www.alternatievemiddelen.nl\/#organization"},"potentialAction":[{"@type":"SearchAction","target":{"@type":"EntryPoint","urlTemplate":"https:\/\/www.alternatievemiddelen.nl\/?s={search_term_string}"},"query-input":{"@type":"PropertyValueSpecification","valueRequired":true,"valueName":"search_term_string"}}],"inLanguage":"fr-FR"},{"@type":"Organization","@id":"https:\/\/www.alternatievemiddelen.nl\/#organization","name":"Alternatievemiddelen.nl","url":"https:\/\/www.alternatievemiddelen.nl\/","logo":{"@type":"ImageObject","inLanguage":"fr-FR","@id":"https:\/\/www.alternatievemiddelen.nl\/#\/schema\/logo\/image\/","url":"https:\/\/www.alternatievemiddelen.nl\/wp-content\/uploads\/2023\/10\/alternatievemiddelen-PNG-logo.png","contentUrl":"https:\/\/www.alternatievemiddelen.nl\/wp-content\/uploads\/2023\/10\/alternatievemiddelen-PNG-logo.png","width":6400,"height":3062,"caption":"Alternatievemiddelen.nl"},"image":{"@id":"https:\/\/www.alternatievemiddelen.nl\/#\/schema\/logo\/image\/"}}]}},"_links":{"self":[{"href":"https:\/\/www.alternatievemiddelen.nl\/fr\/wp-json\/wp\/v2\/product\/34487","targetHints":{"allow":["GET"]}}],"collection":[{"href":"https:\/\/www.alternatievemiddelen.nl\/fr\/wp-json\/wp\/v2\/product"}],"about":[{"href":"https:\/\/www.alternatievemiddelen.nl\/fr\/wp-json\/wp\/v2\/types\/product"}],"replies":[{"embeddable":true,"href":"https:\/\/www.alternatievemiddelen.nl\/fr\/wp-json\/wp\/v2\/comments?post=34487"}],"wp:featuredmedia":[{"embeddable":true,"href":"https:\/\/www.alternatievemiddelen.nl\/fr\/wp-json\/wp\/v2\/media\/31670"}],"wp:attachment":[{"href":"https:\/\/www.alternatievemiddelen.nl\/fr\/wp-json\/wp\/v2\/media?parent=34487"}],"wp:term":[{"taxonomy":"product_brand","embeddable":true,"href":"https:\/\/www.alternatievemiddelen.nl\/fr\/wp-json\/wp\/v2\/product_brand?post=34487"},{"taxonomy":"product_cat","embeddable":true,"href":"https:\/\/www.alternatievemiddelen.nl\/fr\/wp-json\/wp\/v2\/product_cat?post=34487"},{"taxonomy":"product_tag","embeddable":true,"href":"https:\/\/www.alternatievemiddelen.nl\/fr\/wp-json\/wp\/v2\/product_tag?post=34487"},{"taxonomy":"merk","embeddable":true,"href":"https:\/\/www.alternatievemiddelen.nl\/fr\/wp-json\/wp\/v2\/merk?post=34487"}],"curies":[{"name":"wp","href":"https:\/\/api.w.org\/{rel}","templated":true}]}}