{"id":34524,"date":"2024-02-27T08:45:31","date_gmt":"2024-02-27T07:45:31","guid":{"rendered":"https:\/\/www.alternatievemiddelen.nl\/?post_type=product&#038;p=34524"},"modified":"2026-04-18T18:09:57","modified_gmt":"2026-04-18T16:09:57","slug":"travel-berkey-waterfilter-beschadigd","status":"publish","type":"product","link":"https:\/\/www.alternatievemiddelen.nl\/fr\/produits\/filtre-a-eau-travel-berkey-endommage\/","title":{"rendered":"Travel Berkey Filtre \u00e0 eau Dommage 6L"},"content":{"rendered":"<p><strong>Travel Berkey Filtre \u00e0 eau DESTROY\u00c9 - m\u00eames performances, prix sp\u00e9cial !<\/strong><br \/>\n<strong><em>Les syst\u00e8mes Berkey endommag\u00e9s sont fournis avec le m\u00eame mat\u00e9riel ou un mat\u00e9riel enti\u00e8rement neuf. <a href=\"https:\/\/www.alternatievemiddelen.nl\/fr\/produits\/elements-de-filtre-a-eau-black-berkey\/\">\u00c9l\u00e9ments filtrants Berkey noirs<\/a>. Les dommages survenus au cours du processus de fabrication peuvent \u00eatre des rayures, des bosses, des taches ou des d\u00e9colorations sur l'enveloppe (les chambres sup\u00e9rieure et inf\u00e9rieure en acier inoxydable). <u>ET il s'agit de dommages l\u00e9gers<\/u>. Les filtres \u00e0 eau Travel Berkey DAMAGE sont marqu\u00e9s d'un \"B\" sur les chambres sup\u00e9rieures et inf\u00e9rieures en acier inoxydable, indiquant qu'AUCUNE garantie ne s'applique aux d\u00e9fauts esth\u00e9tiques des chambres. Sur toutes les autres pi\u00e8ces (y compris le <a href=\"https:\/\/www.alternatievemiddelen.nl\/fr\/produits\/elements-de-filtre-a-eau-black-berkey\/\">Purificateurs noirs Berkey<\/a>), la garantie standard s'applique bien entendu.<\/em><\/strong><\/p>\n<p>Nous recevons toujours un stock important de variantes endommag\u00e9es. Cependant, il est difficile de dire o\u00f9 se trouve le dommage dans chaque variante, car il se trouve \u00e0 un endroit diff\u00e9rent \u00e0 chaque fois. Pour nous, il n'est tout simplement pas possible de les d\u00e9baller tous et de d\u00e9terminer o\u00f9 se trouvent les dommages. Nous comptons sur cette compr\u00e9hension et nous avons d\u00e9j\u00e0 de nombreux clients satisfaits de ce produit. Sur les images, vous pouvez <u>exemples<\/u> des dommages. Parfois, un dommage se trouve \u00e0 l'int\u00e9rieur ou \u00e0 l'arri\u00e8re, mais il peut aussi \u00eatre plus visible. Ces exemples permettent de se faire une id\u00e9e \u00e0 l'avance.<br \/>\n&nbsp;<\/p>\n<h3>Informations sur le filtre \u00e0 eau Travel Berkey<\/h3>\n<p>Berkey est l'une des marques de filtres \u00e0 eau et de syst\u00e8mes de purification les plus vendues au monde. Elle est recommand\u00e9e par plusieurs magazines de sant\u00e9, laboratoires et sites Internet ind\u00e9pendants consacr\u00e9s \u00e0 la sant\u00e9. Elle compte des millions de clients satisfaits dans le monde entier.<\/p>\n<p>Les filtres \u00e0 eau Berkey filtrent plus de 99,9% du chlore, des virus, des bact\u00e9ries, des kystes, des r\u00e9sidus de m\u00e9dicaments, des parasites et des contaminants chimiques dangereux. Les m\u00e9taux lourds sont filtr\u00e9s pendant 95% (jusqu'\u00e0 pr\u00e8s de 100% m\u00eame avec un filtre \u00e0 eau de Berkey).\u00a0<a href=\"https:\/\/www.alternatievemiddelen.nl\/fr\/produits\/elements-filtrants-pour-le-fluorure-et-larsenic\/\">filtres \u00e0 fluorure et \u00e0 arsenic<\/a>). Cela permet de pr\u00e9server les min\u00e9raux essentiels dont votre corps a besoin.<\/p>\n<p>Le filtre \u00e0 eau Travel Berkey est livr\u00e9 avec 2 pi\u00e8ces d'origine <a href=\"https:\/\/www.alternatievemiddelen.nl\/fr\/produits\/elements-de-filtre-a-eau-black-berkey\/\">\u00c9l\u00e9ments filtrants Berkey noirs<\/a>. <a href=\"https:\/\/www.alternatievemiddelen.nl\/fr\/produits\/elements-de-filtre-a-eau-black-berkey\/\">\u00c9l\u00e9ments filtrants Berkey noirs<\/a> utilisent les derniers d\u00e9veloppements technologiques en mati\u00e8re de purification de l'eau. Les filtres \u00e0 eau Berkey sont donc consid\u00e9r\u00e9s comme les meilleurs et les plus durables syst\u00e8mes de filtration d'eau sur le march\u00e9 et sont les filtres \u00e0 eau portables les plus performants. Les \u00e9l\u00e9ments filtrants Black Berkey ont \u00e9t\u00e9 test\u00e9s par un laboratoire ind\u00e9pendant conform\u00e9ment aux normes 42 et 53 de la NSF\/ANSI. <a href=\"https:\/\/www.alternatievemiddelen.nl\/wp-content\/uploads\/2023\/07\/Testrapport-Black-Berkey-filterelementen.pdf\" target=\"_blank\" rel=\"noopener\">rapport de laboratoire<\/a> pour plus de d\u00e9tails.<\/p>\n<p>L'appareil a une capacit\u00e9 d'environ 6 litres d'eau, ce qui est largement suffisant pour la plupart des besoins. Vous pouvez utiliser les \u00e9l\u00e9ments filtrants Black Berkey pendant plusieurs ann\u00e9es, ce qui signifie que vous r\u00e9cup\u00e9rerez rapidement l'unit\u00e9 par rapport \u00e0 d'autres marques de filtres \u00e0 eau.<\/p>\n<p>Le bo\u00eetier est en acier inoxydable poli (304), pour une longue dur\u00e9e de vie.<br \/>\n&nbsp;<\/p>\n<h3>Caract\u00e9ristiques Travel Berkey Filtre \u00e0 eau<\/h3>\n<ul>\n<li>Le filtre \u00e0 eau id\u00e9al pour la maison et les voyages. Convient \u00e0 une utilisation par 1 ou 2 personnes<\/li>\n<li>Filtre les virus, les bact\u00e9ries, les kystes et les parasites pendant plus de 99,9%<\/li>\n<li>Filtre les pesticides et les r\u00e9sidus de m\u00e9dicaments si bien qu'il n'est plus mesurable<\/li>\n<li>Filtre les m\u00e9taux lourds pendant plus de 95% (jusqu'\u00e0 pr\u00e8s de 100% m\u00eame avec des filtres \u00e0 particules).\u00a0<a href=\"https:\/\/www.alternatievemiddelen.nl\/fr\/produits\/elements-filtrants-pour-le-fluorure-et-larsenic\/\">filtres \u00e0 fluorure et \u00e0 arsenic<\/a>)<\/li>\n<li>Facile \u00e0 utiliser<\/li>\n<li>Capacit\u00e9 de 6 litres<\/li>\n<li>Fourni en standard avec 2 <a href=\"https:\/\/www.alternatievemiddelen.nl\/fr\/produits\/elements-de-filtre-a-eau-black-berkey\/\">\u00c9l\u00e9ments filtrants Berkey noirs<\/a><\/li>\n<li>Acier inoxydable AISI 304 poli et tr\u00e8s durable<\/li>\n<li>Filtre 10,4 litres par heure avec 2 \u00e9l\u00e9ments<\/li>\n<li>Hauteur : 46 cm<\/li>\n<li>Diam\u00e8tre : 19 cm<\/li>\n<\/ul>\n<p>&nbsp;<\/p>\n<h3>Contenu de la bo\u00eete<\/h3>\n<p>La bo\u00eete du filtre \u00e0 eau Travel Berkey comprend : deux chambres en acier inoxydable (sup\u00e9rieure et inf\u00e9rieure), 2 \u00e9l\u00e9ments filtrants Black Berkey, 1 couvercle en acier inoxydable, 1 robinet en plastique (avec mat\u00e9riel de montage), 2 \u00e9crous \u00e0 oreilles (pour les \u00e9l\u00e9ments filtrants Black Berkey), 2 rondelles (pour les \u00e9l\u00e9ments filtrants Black Berkey) et 1 bouton d'amor\u00e7age (pour amorcer les \u00e9l\u00e9ments filtrants Black Berkey).<br \/>\n&nbsp;<\/p>\n<h3>Installation<\/h3>\n<p>Vous pouvez facilement assembler le Travel Berkey en quelques minutes sans outils. La premi\u00e8re \u00e9tape de la pr\u00e9paration d'un filtre \u00e0 eau Berkey est l'amor\u00e7age. <a href=\"https:\/\/www.alternatievemiddelen.nl\/fr\/produits\/elements-de-filtre-a-eau-black-berkey\/\">\u00c9l\u00e9ments filtrants Berkey noirs<\/a>. Il est important que cela soit fait correctement, sinon la purification de l'eau prendra beaucoup de temps. Pour toute information sur les filtres \u00e0 eau Berkey, veuillez vous r\u00e9f\u00e9rer \u00e0 notre site web <a href=\"https:\/\/www.alternatievemiddelen.nl\/fr\/la-bibliotheque\/\">biblioth\u00e8que<\/a>qui comprend des manuels, des vid\u00e9os d'instruction et des r\u00e9ponses aux questions les plus fr\u00e9quemment pos\u00e9es. En cas d'\u00e9chec de l'amor\u00e7age avec le robinet, un <a href=\"https:\/\/www.alternatievemiddelen.nl\/fr\/produits\/pompe-damorcage-de-filtre-automatique-boroux\/\">pompe d'amor\u00e7age automatique<\/a> ou <a href=\"https:\/\/www.alternatievemiddelen.nl\/fr\/produits\/amorce-black-berkey\/\">pompe d'amor\u00e7age manuelle<\/a> commander chez nous.<\/p>","protected":false},"excerpt":{"rendered":"<p>Filtre \u00e0 eau Travel Berkey DAMAG\u00c9 <b><u>avec 2 \u00e9l\u00e9ments filtrants Berkey noirs d'origine<\/u><\/b>. Le filtre \u00e0 eau id\u00e9al pour la maison ou les voyages. Convient pour 1 \u00e0 2 personnes.<\/p>","protected":false},"featured_media":50628,"comment_status":"open","ping_status":"closed","template":"","meta":[],"product_brand":[],"product_cat":[2971,2972],"product_tag":[2961,3035,2974,3036,3383,2921,2967,3384,3236,2979,3012,2980,2981,3101],"merk":[3432],"class_list":{"0":"post-34524","1":"product","2":"type-product","3":"status-publish","4":"has-post-thumbnail","6":"product_cat-waterfilters","7":"product_cat-waterfilter","8":"product_tag-berkey","9":"product_tag-beschadigd","10":"product_tag-black-berkey","11":"product_tag-blemished","12":"product_tag-op-reis","13":"product_tag-reizen","14":"product_tag-schoon","15":"product_tag-travel","16":"product_tag-travel-berkey","17":"product_tag-waterfilter","18":"product_tag-waterfilters","19":"product_tag-waterzuivering","20":"product_tag-zuiver","21":"product_tag-zuiverelementen","22":"merk-berkey","24":"first","25":"instock","26":"sale","27":"taxable","28":"shipping-taxable","29":"purchasable","30":"product-type-simple"},"bundled_by":[],"bundle_stock_status":"instock","bundle_stock_quantity":5,"bundle_virtual":false,"bundle_layout":"","bundle_add_to_cart_form_location":"","bundle_editable_in_cart":false,"bundle_sold_individually_context":"","bundle_item_grouping":"","bundle_min_size":"","bundle_max_size":"","bundle_price":[],"bundled_items":[],"bundle_sell_ids":[44176,34577,50681,34442,34440,34441,34339,47576,34415,48681,34414],"yoast_head":"<!-- This site is optimized with the Yoast SEO plugin v26.1 - https:\/\/yoast.com\/wordpress\/plugins\/seo\/ -->\n<title>Travel Berkey Waterfilter BESCHADIGD 6L - Alternatievemiddelen.nl<\/title>\n<meta name=\"description\" content=\"Travel Berkey waterfilter BESCHADIGD met 2 originele Black Berkey filterelementen. De ideale waterfilter voor thuis of op reis. Geschikt voor 1-2 personen.\" \/>\n<meta name=\"robots\" content=\"index, follow, max-snippet:-1, max-image-preview:large, max-video-preview:-1\" \/>\n<link rel=\"canonical\" href=\"https:\/\/www.alternatievemiddelen.nl\/fr\/wp-json\/wp\/v2\/product\/34524\" \/>\n<meta property=\"og:locale\" content=\"fr_FR\" \/>\n<meta property=\"og:type\" content=\"article\" \/>\n<meta property=\"og:title\" content=\"Travel Berkey Waterfilter BESCHADIGD 6L - Alternatievemiddelen.nl\" \/>\n<meta property=\"og:description\" content=\"Travel Berkey waterfilter BESCHADIGD met 2 originele Black Berkey filterelementen. De ideale waterfilter voor thuis of op reis. Geschikt voor 1-2 personen.\" \/>\n<meta property=\"og:url\" content=\"https:\/\/www.alternatievemiddelen.nl\/fr\/produits\/filtre-a-eau-travel-berkey-endommage\/\" \/>\n<meta property=\"og:site_name\" content=\"Alternatievemiddelen.nl\" \/>\n<meta property=\"article:modified_time\" content=\"2026-04-18T16:09:57+00:00\" \/>\n<meta property=\"og:image\" content=\"\/wp-content\/uploads\/2024\/02\/Travel-Berkey-BESCHADIGD-met-originele-black-berkey-filters.jpg\" \/>\n\t<meta property=\"og:image:width\" content=\"1200\" \/>\n\t<meta property=\"og:image:height\" content=\"1600\" \/>\n\t<meta property=\"og:image:type\" content=\"image\/jpeg\" \/>\n<meta name=\"twitter:card\" content=\"summary_large_image\" \/>\n<meta name=\"twitter:label1\" content=\"Dur\u00e9e de lecture estim\u00e9e\" \/>\n\t<meta name=\"twitter:data1\" content=\"4 minutes\" \/>\n<script type=\"application\/ld+json\" class=\"yoast-schema-graph\">{\"@context\":\"https:\/\/schema.org\",\"@graph\":[{\"@type\":[\"WebPage\",\"ItemPage\"],\"@id\":\"https:\/\/www.alternatievemiddelen.nl\/producten\/travel-berkey-waterfilter-beschadigd\/\",\"url\":\"https:\/\/www.alternatievemiddelen.nl\/producten\/travel-berkey-waterfilter-beschadigd\/\",\"name\":\"Travel Berkey Waterfilter BESCHADIGD 6L - Alternatievemiddelen.nl\",\"isPartOf\":{\"@id\":\"https:\/\/www.alternatievemiddelen.nl\/#website\"},\"primaryImageOfPage\":{\"@id\":\"https:\/\/www.alternatievemiddelen.nl\/producten\/travel-berkey-waterfilter-beschadigd\/#primaryimage\"},\"image\":{\"@id\":\"https:\/\/www.alternatievemiddelen.nl\/producten\/travel-berkey-waterfilter-beschadigd\/#primaryimage\"},\"thumbnailUrl\":\"https:\/\/www.alternatievemiddelen.nl\/wp-content\/uploads\/2024\/02\/Travel-Berkey-BESCHADIGD-met-originele-black-berkey-filters.jpg\",\"datePublished\":\"2024-02-27T07:45:31+00:00\",\"dateModified\":\"2026-04-18T16:09:57+00:00\",\"description\":\"Travel Berkey waterfilter BESCHADIGD met 2 originele Black Berkey filterelementen. De ideale waterfilter voor thuis of op reis. Geschikt voor 1-2 personen.\",\"breadcrumb\":{\"@id\":\"https:\/\/www.alternatievemiddelen.nl\/producten\/travel-berkey-waterfilter-beschadigd\/#breadcrumb\"},\"inLanguage\":\"fr-FR\",\"potentialAction\":[{\"@type\":\"ReadAction\",\"target\":[\"https:\/\/www.alternatievemiddelen.nl\/producten\/travel-berkey-waterfilter-beschadigd\/\"]}]},{\"@type\":\"ImageObject\",\"inLanguage\":\"fr-FR\",\"@id\":\"https:\/\/www.alternatievemiddelen.nl\/producten\/travel-berkey-waterfilter-beschadigd\/#primaryimage\",\"url\":\"https:\/\/www.alternatievemiddelen.nl\/wp-content\/uploads\/2024\/02\/Travel-Berkey-BESCHADIGD-met-originele-black-berkey-filters.jpg\",\"contentUrl\":\"https:\/\/www.alternatievemiddelen.nl\/wp-content\/uploads\/2024\/02\/Travel-Berkey-BESCHADIGD-met-originele-black-berkey-filters.jpg\",\"width\":1200,\"height\":1600,\"caption\":\"Travel Berkey BESCHADIGD met originele black berkey filters\"},{\"@type\":\"BreadcrumbList\",\"@id\":\"https:\/\/www.alternatievemiddelen.nl\/producten\/travel-berkey-waterfilter-beschadigd\/#breadcrumb\",\"itemListElement\":[{\"@type\":\"ListItem\",\"position\":1,\"name\":\"Home\",\"item\":\"https:\/\/www.alternatievemiddelen.nl\/\"},{\"@type\":\"ListItem\",\"position\":2,\"name\":\"Producten\",\"item\":\"https:\/\/www.alternatievemiddelen.nl\/producten\/\"},{\"@type\":\"ListItem\",\"position\":3,\"name\":\"Travel Berkey Waterfilter BESCHADIGD 6L\"}]},{\"@type\":\"WebSite\",\"@id\":\"https:\/\/www.alternatievemiddelen.nl\/#website\",\"url\":\"https:\/\/www.alternatievemiddelen.nl\/\",\"name\":\"Alternatievemiddelen.nl\",\"description\":\"Webshop met gezonde, duurzame en ecologische alternatieve mogelijkheden in de hedendaagse levenstijl. Alles uit eigen ervaring.\",\"publisher\":{\"@id\":\"https:\/\/www.alternatievemiddelen.nl\/#organization\"},\"potentialAction\":[{\"@type\":\"SearchAction\",\"target\":{\"@type\":\"EntryPoint\",\"urlTemplate\":\"https:\/\/www.alternatievemiddelen.nl\/?s={search_term_string}\"},\"query-input\":{\"@type\":\"PropertyValueSpecification\",\"valueRequired\":true,\"valueName\":\"search_term_string\"}}],\"inLanguage\":\"fr-FR\"},{\"@type\":\"Organization\",\"@id\":\"https:\/\/www.alternatievemiddelen.nl\/#organization\",\"name\":\"Alternatievemiddelen.nl\",\"url\":\"https:\/\/www.alternatievemiddelen.nl\/\",\"logo\":{\"@type\":\"ImageObject\",\"inLanguage\":\"fr-FR\",\"@id\":\"https:\/\/www.alternatievemiddelen.nl\/#\/schema\/logo\/image\/\",\"url\":\"https:\/\/www.alternatievemiddelen.nl\/wp-content\/uploads\/2023\/10\/alternatievemiddelen-PNG-logo.png\",\"contentUrl\":\"https:\/\/www.alternatievemiddelen.nl\/wp-content\/uploads\/2023\/10\/alternatievemiddelen-PNG-logo.png\",\"width\":6400,\"height\":3062,\"caption\":\"Alternatievemiddelen.nl\"},\"image\":{\"@id\":\"https:\/\/www.alternatievemiddelen.nl\/#\/schema\/logo\/image\/\"}}]}<\/script>\n<!-- \/ Yoast SEO plugin. -->","yoast_head_json":{"title":"Travel Berkey Waterfilter BESCHADIGD 6L - Alternatievemiddelen.nl","description":"Travel Berkey waterfilter BESCHADIGD met 2 originele Black Berkey filterelementen. De ideale waterfilter voor thuis of op reis. Geschikt voor 1-2 personen.","robots":{"index":"index","follow":"follow","max-snippet":"max-snippet:-1","max-image-preview":"max-image-preview:large","max-video-preview":"max-video-preview:-1"},"canonical":"https:\/\/www.alternatievemiddelen.nl\/fr\/wp-json\/wp\/v2\/product\/34524","og_locale":"fr_FR","og_type":"article","og_title":"Travel Berkey Waterfilter BESCHADIGD 6L - Alternatievemiddelen.nl","og_description":"Travel Berkey waterfilter BESCHADIGD met 2 originele Black Berkey filterelementen. De ideale waterfilter voor thuis of op reis. Geschikt voor 1-2 personen.","og_url":"https:\/\/www.alternatievemiddelen.nl\/fr\/produits\/filtre-a-eau-travel-berkey-endommage\/","og_site_name":"Alternatievemiddelen.nl","article_modified_time":"2026-04-18T16:09:57+00:00","og_image":[{"width":1200,"height":1600,"url":"\/wp-content\/uploads\/2024\/02\/Travel-Berkey-BESCHADIGD-met-originele-black-berkey-filters.jpg","type":"image\/jpeg"}],"twitter_card":"summary_large_image","twitter_misc":{"Dur\u00e9e de lecture estim\u00e9e":"4 minutes"},"schema":{"@context":"https:\/\/schema.org","@graph":[{"@type":["WebPage","ItemPage"],"@id":"https:\/\/www.alternatievemiddelen.nl\/producten\/travel-berkey-waterfilter-beschadigd\/","url":"https:\/\/www.alternatievemiddelen.nl\/producten\/travel-berkey-waterfilter-beschadigd\/","name":"Travel Berkey Waterfilter BESCHADIGD 6L - Alternatievemiddelen.nl","isPartOf":{"@id":"https:\/\/www.alternatievemiddelen.nl\/#website"},"primaryImageOfPage":{"@id":"https:\/\/www.alternatievemiddelen.nl\/producten\/travel-berkey-waterfilter-beschadigd\/#primaryimage"},"image":{"@id":"https:\/\/www.alternatievemiddelen.nl\/producten\/travel-berkey-waterfilter-beschadigd\/#primaryimage"},"thumbnailUrl":"https:\/\/www.alternatievemiddelen.nl\/wp-content\/uploads\/2024\/02\/Travel-Berkey-BESCHADIGD-met-originele-black-berkey-filters.jpg","datePublished":"2024-02-27T07:45:31+00:00","dateModified":"2026-04-18T16:09:57+00:00","description":"Travel Berkey waterfilter BESCHADIGD met 2 originele Black Berkey filterelementen. De ideale waterfilter voor thuis of op reis. Geschikt voor 1-2 personen.","breadcrumb":{"@id":"https:\/\/www.alternatievemiddelen.nl\/producten\/travel-berkey-waterfilter-beschadigd\/#breadcrumb"},"inLanguage":"fr-FR","potentialAction":[{"@type":"ReadAction","target":["https:\/\/www.alternatievemiddelen.nl\/producten\/travel-berkey-waterfilter-beschadigd\/"]}]},{"@type":"ImageObject","inLanguage":"fr-FR","@id":"https:\/\/www.alternatievemiddelen.nl\/producten\/travel-berkey-waterfilter-beschadigd\/#primaryimage","url":"https:\/\/www.alternatievemiddelen.nl\/wp-content\/uploads\/2024\/02\/Travel-Berkey-BESCHADIGD-met-originele-black-berkey-filters.jpg","contentUrl":"https:\/\/www.alternatievemiddelen.nl\/wp-content\/uploads\/2024\/02\/Travel-Berkey-BESCHADIGD-met-originele-black-berkey-filters.jpg","width":1200,"height":1600,"caption":"Travel Berkey BESCHADIGD met originele black berkey filters"},{"@type":"BreadcrumbList","@id":"https:\/\/www.alternatievemiddelen.nl\/producten\/travel-berkey-waterfilter-beschadigd\/#breadcrumb","itemListElement":[{"@type":"ListItem","position":1,"name":"Home","item":"https:\/\/www.alternatievemiddelen.nl\/"},{"@type":"ListItem","position":2,"name":"Producten","item":"https:\/\/www.alternatievemiddelen.nl\/producten\/"},{"@type":"ListItem","position":3,"name":"Travel Berkey Waterfilter BESCHADIGD 6L"}]},{"@type":"WebSite","@id":"https:\/\/www.alternatievemiddelen.nl\/#website","url":"https:\/\/www.alternatievemiddelen.nl\/","name":"Alternatievemiddelen.nl","description":"Webshop met gezonde, duurzame en ecologische alternatieve mogelijkheden in de hedendaagse levenstijl. Alles uit eigen ervaring.","publisher":{"@id":"https:\/\/www.alternatievemiddelen.nl\/#organization"},"potentialAction":[{"@type":"SearchAction","target":{"@type":"EntryPoint","urlTemplate":"https:\/\/www.alternatievemiddelen.nl\/?s={search_term_string}"},"query-input":{"@type":"PropertyValueSpecification","valueRequired":true,"valueName":"search_term_string"}}],"inLanguage":"fr-FR"},{"@type":"Organization","@id":"https:\/\/www.alternatievemiddelen.nl\/#organization","name":"Alternatievemiddelen.nl","url":"https:\/\/www.alternatievemiddelen.nl\/","logo":{"@type":"ImageObject","inLanguage":"fr-FR","@id":"https:\/\/www.alternatievemiddelen.nl\/#\/schema\/logo\/image\/","url":"https:\/\/www.alternatievemiddelen.nl\/wp-content\/uploads\/2023\/10\/alternatievemiddelen-PNG-logo.png","contentUrl":"https:\/\/www.alternatievemiddelen.nl\/wp-content\/uploads\/2023\/10\/alternatievemiddelen-PNG-logo.png","width":6400,"height":3062,"caption":"Alternatievemiddelen.nl"},"image":{"@id":"https:\/\/www.alternatievemiddelen.nl\/#\/schema\/logo\/image\/"}}]}},"_links":{"self":[{"href":"https:\/\/www.alternatievemiddelen.nl\/fr\/wp-json\/wp\/v2\/product\/34524","targetHints":{"allow":["GET"]}}],"collection":[{"href":"https:\/\/www.alternatievemiddelen.nl\/fr\/wp-json\/wp\/v2\/product"}],"about":[{"href":"https:\/\/www.alternatievemiddelen.nl\/fr\/wp-json\/wp\/v2\/types\/product"}],"replies":[{"embeddable":true,"href":"https:\/\/www.alternatievemiddelen.nl\/fr\/wp-json\/wp\/v2\/comments?post=34524"}],"wp:featuredmedia":[{"embeddable":true,"href":"https:\/\/www.alternatievemiddelen.nl\/fr\/wp-json\/wp\/v2\/media\/50628"}],"wp:attachment":[{"href":"https:\/\/www.alternatievemiddelen.nl\/fr\/wp-json\/wp\/v2\/media?parent=34524"}],"wp:term":[{"taxonomy":"product_brand","embeddable":true,"href":"https:\/\/www.alternatievemiddelen.nl\/fr\/wp-json\/wp\/v2\/product_brand?post=34524"},{"taxonomy":"product_cat","embeddable":true,"href":"https:\/\/www.alternatievemiddelen.nl\/fr\/wp-json\/wp\/v2\/product_cat?post=34524"},{"taxonomy":"product_tag","embeddable":true,"href":"https:\/\/www.alternatievemiddelen.nl\/fr\/wp-json\/wp\/v2\/product_tag?post=34524"},{"taxonomy":"merk","embeddable":true,"href":"https:\/\/www.alternatievemiddelen.nl\/fr\/wp-json\/wp\/v2\/merk?post=34524"}],"curies":[{"name":"wp","href":"https:\/\/api.w.org\/{rel}","templated":true}]}}