{"id":34530,"date":"2024-02-27T08:45:34","date_gmt":"2024-02-27T07:45:34","guid":{"rendered":"https:\/\/www.alternatievemiddelen.nl\/?post_type=product&#038;p=34530"},"modified":"2026-03-04T10:18:32","modified_gmt":"2026-03-04T09:18:32","slug":"onderdelenset-voor-berkey-waterfilters","status":"publish","type":"product","link":"https:\/\/www.alternatievemiddelen.nl\/fr\/produits\/jeu-de-pieces-detachees-pour-filtres-a-eau-berkey\/","title":{"rendered":"Jeu de pi\u00e8ces d\u00e9tach\u00e9es pour filtres \u00e0 eau Berkey"},"content":{"rendered":"<p>Jeu de pi\u00e8ces d\u00e9tach\u00e9es pour filtre \u00e0 eau en acier inoxydable Berkey avec <a href=\"https:\/\/www.alternatievemiddelen.nl\/fr\/produits\/elements-de-filtre-a-eau-black-berkey\/\">\u00c9l\u00e9ments noirs Berkey<\/a> contient :<br \/>\n&#8211; 2 <a href=\"https:\/\/www.alternatievemiddelen.nl\/fr\/produits\/anneau-pour-elements-filtrants-black-berkey\/\">Rondelles noires Berkey<\/a><br \/>\n&#8211; 2 <a href=\"https:\/\/www.alternatievemiddelen.nl\/fr\/produits\/ecrou-papillon-pour-elements-filtrants-black-berkey\/\">\u00e9crous \u00e0 oreilles<\/a><br \/>\n&#8211; 2 <a href=\"https:\/\/www.alternatievemiddelen.nl\/fr\/produits\/bouchon-de-blocage-pour-filtres-a-eau-berkey-liege\/\">bouchons de blocage<\/a><br \/>\n&#8211; 1 <a href=\"https:\/\/www.alternatievemiddelen.nl\/fr\/produits\/robinet-standard-systemes-berkey\/\">robinet de remplacement en plastique<\/a><br \/>\n- 1 \u00e9ponge Scotch Brite<\/p>\n<p>Convient aux mod\u00e8les de filtres \u00e0 eau suivants : <a href=\"https:\/\/www.alternatievemiddelen.nl\/fr\/produits\/filtre-a-eau-travel-berkey\/\">Travel Berkey<\/a>, <a href=\"https:\/\/www.alternatievemiddelen.nl\/fr\/produits\/filtre-a-eau-big-berkey\/\">Big Berkey<\/a>, <a href=\"https:\/\/www.alternatievemiddelen.nl\/fr\/produits\/filtre-a-eau-royal-berkey\/\">Royal Berkey<\/a>, <a href=\"https:\/\/www.alternatievemiddelen.nl\/fr\/produits\/filtre-a-eau-imperial-berkey\/\">Imperial Berkey<\/a>, <a href=\"https:\/\/www.alternatievemiddelen.nl\/fr\/produits\/filtre-a-eau-crown-berkey\/\">Crown Berkey<\/a>.<\/p>","protected":false},"excerpt":{"rendered":"<p>Jeu de pi\u00e8ces d\u00e9tach\u00e9es pour filtres \u00e0 eau en acier inoxydable Berkey avec \u00e9l\u00e9ments Berkey noirs. Convient pour : Travel-, Big-, Royal-, Imperial- et Crown Berkey.<\/p>","protected":false},"featured_media":31266,"comment_status":"open","ping_status":"closed","template":"","meta":[],"product_brand":[],"product_cat":[2971,3013],"product_tag":[2961,3102,2974,3305,3306,3008,2890,3104,3105,3026,2879,3106,2979,3012,2980],"merk":[3432],"class_list":{"0":"post-34530","1":"product","2":"type-product","3":"status-publish","4":"has-post-thumbnail","6":"product_cat-waterfilters","7":"product_cat-waterfilter-accessoires","8":"product_tag-berkey","9":"product_tag-berkey-systemen","10":"product_tag-black-berkey","11":"product_tag-black-berkey-elementen","12":"product_tag-button","13":"product_tag-drinkwater","14":"product_tag-kraan","15":"product_tag-plastic","16":"product_tag-plug","17":"product_tag-primen","18":"product_tag-roestvrij-staal","19":"product_tag-standaard","20":"product_tag-waterfilter","21":"product_tag-waterfilters","22":"product_tag-waterzuivering","23":"merk-berkey","25":"first","26":"instock","27":"taxable","28":"shipping-taxable","29":"purchasable","30":"product-type-simple"},"bundled_by":[],"bundle_stock_status":"instock","bundle_stock_quantity":null,"bundle_virtual":false,"bundle_layout":"","bundle_add_to_cart_form_location":"","bundle_editable_in_cart":false,"bundle_sold_individually_context":"","bundle_item_grouping":"","bundle_min_size":"","bundle_max_size":"","bundle_price":[],"bundled_items":[],"bundle_sell_ids":[44176],"yoast_head":"<!-- This site is optimized with the Yoast SEO plugin v26.1 - https:\/\/yoast.com\/wordpress\/plugins\/seo\/ -->\n<title>Onderdelenset voor Berkey waterfilters - Alternatievemiddelen.nl<\/title>\n<meta name=\"description\" content=\"Onderdelenset voor roestvrijstalen Berkey waterfilters met Black Berkey elementen. Geschikt voor: Travel-, Big-, Royal-, Imperial- en Crown Berkey.\" \/>\n<meta name=\"robots\" content=\"index, follow, max-snippet:-1, max-image-preview:large, max-video-preview:-1\" \/>\n<link rel=\"canonical\" href=\"https:\/\/www.alternatievemiddelen.nl\/fr\/wp-json\/wp\/v2\/product\/34530\" \/>\n<meta property=\"og:locale\" content=\"fr_FR\" \/>\n<meta property=\"og:type\" content=\"article\" \/>\n<meta property=\"og:title\" content=\"Onderdelenset voor Berkey waterfilters - Alternatievemiddelen.nl\" \/>\n<meta property=\"og:description\" content=\"Onderdelenset voor roestvrijstalen Berkey waterfilters met Black Berkey elementen. Geschikt voor: Travel-, Big-, Royal-, Imperial- en Crown Berkey.\" \/>\n<meta property=\"og:url\" content=\"https:\/\/www.alternatievemiddelen.nl\/fr\/produits\/jeu-de-pieces-detachees-pour-filtres-a-eau-berkey\/\" \/>\n<meta property=\"og:site_name\" content=\"Alternatievemiddelen.nl\" \/>\n<meta property=\"article:modified_time\" content=\"2026-03-04T09:18:32+00:00\" \/>\n<meta property=\"og:image\" content=\"\/wp-content\/uploads\/2023\/12\/onderdelenset-berkey.jpg\" \/>\n\t<meta property=\"og:image:width\" content=\"600\" \/>\n\t<meta property=\"og:image:height\" content=\"800\" \/>\n\t<meta property=\"og:image:type\" content=\"image\/jpeg\" \/>\n<meta name=\"twitter:card\" content=\"summary_large_image\" \/>\n<meta name=\"twitter:label1\" content=\"Dur\u00e9e de lecture estim\u00e9e\" \/>\n\t<meta name=\"twitter:data1\" content=\"1 minute\" \/>\n<script type=\"application\/ld+json\" class=\"yoast-schema-graph\">{\"@context\":\"https:\/\/schema.org\",\"@graph\":[{\"@type\":[\"WebPage\",\"ItemPage\"],\"@id\":\"https:\/\/www.alternatievemiddelen.nl\/producten\/onderdelenset-voor-berkey-waterfilters\/\",\"url\":\"https:\/\/www.alternatievemiddelen.nl\/producten\/onderdelenset-voor-berkey-waterfilters\/\",\"name\":\"Onderdelenset voor Berkey waterfilters - Alternatievemiddelen.nl\",\"isPartOf\":{\"@id\":\"https:\/\/www.alternatievemiddelen.nl\/#website\"},\"primaryImageOfPage\":{\"@id\":\"https:\/\/www.alternatievemiddelen.nl\/producten\/onderdelenset-voor-berkey-waterfilters\/#primaryimage\"},\"image\":{\"@id\":\"https:\/\/www.alternatievemiddelen.nl\/producten\/onderdelenset-voor-berkey-waterfilters\/#primaryimage\"},\"thumbnailUrl\":\"https:\/\/www.alternatievemiddelen.nl\/wp-content\/uploads\/2023\/12\/onderdelenset-berkey.jpg\",\"datePublished\":\"2024-02-27T07:45:34+00:00\",\"dateModified\":\"2026-03-04T09:18:32+00:00\",\"description\":\"Onderdelenset voor roestvrijstalen Berkey waterfilters met Black Berkey elementen. Geschikt voor: Travel-, Big-, Royal-, Imperial- en Crown Berkey.\",\"breadcrumb\":{\"@id\":\"https:\/\/www.alternatievemiddelen.nl\/producten\/onderdelenset-voor-berkey-waterfilters\/#breadcrumb\"},\"inLanguage\":\"fr-FR\",\"potentialAction\":[{\"@type\":\"ReadAction\",\"target\":[\"https:\/\/www.alternatievemiddelen.nl\/producten\/onderdelenset-voor-berkey-waterfilters\/\"]}]},{\"@type\":\"ImageObject\",\"inLanguage\":\"fr-FR\",\"@id\":\"https:\/\/www.alternatievemiddelen.nl\/producten\/onderdelenset-voor-berkey-waterfilters\/#primaryimage\",\"url\":\"https:\/\/www.alternatievemiddelen.nl\/wp-content\/uploads\/2023\/12\/onderdelenset-berkey.jpg\",\"contentUrl\":\"https:\/\/www.alternatievemiddelen.nl\/wp-content\/uploads\/2023\/12\/onderdelenset-berkey.jpg\",\"width\":600,\"height\":800,\"caption\":\"Set Berkey waterfilters onderdelen\"},{\"@type\":\"BreadcrumbList\",\"@id\":\"https:\/\/www.alternatievemiddelen.nl\/producten\/onderdelenset-voor-berkey-waterfilters\/#breadcrumb\",\"itemListElement\":[{\"@type\":\"ListItem\",\"position\":1,\"name\":\"Home\",\"item\":\"https:\/\/www.alternatievemiddelen.nl\/\"},{\"@type\":\"ListItem\",\"position\":2,\"name\":\"Producten\",\"item\":\"https:\/\/www.alternatievemiddelen.nl\/producten\/\"},{\"@type\":\"ListItem\",\"position\":3,\"name\":\"Onderdelenset voor Berkey waterfilters\"}]},{\"@type\":\"WebSite\",\"@id\":\"https:\/\/www.alternatievemiddelen.nl\/#website\",\"url\":\"https:\/\/www.alternatievemiddelen.nl\/\",\"name\":\"Alternatievemiddelen.nl\",\"description\":\"Webshop met gezonde, duurzame en ecologische alternatieve mogelijkheden in de hedendaagse levenstijl. Alles uit eigen ervaring.\",\"publisher\":{\"@id\":\"https:\/\/www.alternatievemiddelen.nl\/#organization\"},\"potentialAction\":[{\"@type\":\"SearchAction\",\"target\":{\"@type\":\"EntryPoint\",\"urlTemplate\":\"https:\/\/www.alternatievemiddelen.nl\/?s={search_term_string}\"},\"query-input\":{\"@type\":\"PropertyValueSpecification\",\"valueRequired\":true,\"valueName\":\"search_term_string\"}}],\"inLanguage\":\"fr-FR\"},{\"@type\":\"Organization\",\"@id\":\"https:\/\/www.alternatievemiddelen.nl\/#organization\",\"name\":\"Alternatievemiddelen.nl\",\"url\":\"https:\/\/www.alternatievemiddelen.nl\/\",\"logo\":{\"@type\":\"ImageObject\",\"inLanguage\":\"fr-FR\",\"@id\":\"https:\/\/www.alternatievemiddelen.nl\/#\/schema\/logo\/image\/\",\"url\":\"https:\/\/www.alternatievemiddelen.nl\/wp-content\/uploads\/2023\/10\/alternatievemiddelen-PNG-logo.png\",\"contentUrl\":\"https:\/\/www.alternatievemiddelen.nl\/wp-content\/uploads\/2023\/10\/alternatievemiddelen-PNG-logo.png\",\"width\":6400,\"height\":3062,\"caption\":\"Alternatievemiddelen.nl\"},\"image\":{\"@id\":\"https:\/\/www.alternatievemiddelen.nl\/#\/schema\/logo\/image\/\"}}]}<\/script>\n<!-- \/ Yoast SEO plugin. -->","yoast_head_json":{"title":"Onderdelenset voor Berkey waterfilters - Alternatievemiddelen.nl","description":"Onderdelenset voor roestvrijstalen Berkey waterfilters met Black Berkey elementen. Geschikt voor: Travel-, Big-, Royal-, Imperial- en Crown Berkey.","robots":{"index":"index","follow":"follow","max-snippet":"max-snippet:-1","max-image-preview":"max-image-preview:large","max-video-preview":"max-video-preview:-1"},"canonical":"https:\/\/www.alternatievemiddelen.nl\/fr\/wp-json\/wp\/v2\/product\/34530","og_locale":"fr_FR","og_type":"article","og_title":"Onderdelenset voor Berkey waterfilters - Alternatievemiddelen.nl","og_description":"Onderdelenset voor roestvrijstalen Berkey waterfilters met Black Berkey elementen. Geschikt voor: Travel-, Big-, Royal-, Imperial- en Crown Berkey.","og_url":"https:\/\/www.alternatievemiddelen.nl\/fr\/produits\/jeu-de-pieces-detachees-pour-filtres-a-eau-berkey\/","og_site_name":"Alternatievemiddelen.nl","article_modified_time":"2026-03-04T09:18:32+00:00","og_image":[{"width":600,"height":800,"url":"\/wp-content\/uploads\/2023\/12\/onderdelenset-berkey.jpg","type":"image\/jpeg"}],"twitter_card":"summary_large_image","twitter_misc":{"Dur\u00e9e de lecture estim\u00e9e":"1 minute"},"schema":{"@context":"https:\/\/schema.org","@graph":[{"@type":["WebPage","ItemPage"],"@id":"https:\/\/www.alternatievemiddelen.nl\/producten\/onderdelenset-voor-berkey-waterfilters\/","url":"https:\/\/www.alternatievemiddelen.nl\/producten\/onderdelenset-voor-berkey-waterfilters\/","name":"Onderdelenset voor Berkey waterfilters - Alternatievemiddelen.nl","isPartOf":{"@id":"https:\/\/www.alternatievemiddelen.nl\/#website"},"primaryImageOfPage":{"@id":"https:\/\/www.alternatievemiddelen.nl\/producten\/onderdelenset-voor-berkey-waterfilters\/#primaryimage"},"image":{"@id":"https:\/\/www.alternatievemiddelen.nl\/producten\/onderdelenset-voor-berkey-waterfilters\/#primaryimage"},"thumbnailUrl":"https:\/\/www.alternatievemiddelen.nl\/wp-content\/uploads\/2023\/12\/onderdelenset-berkey.jpg","datePublished":"2024-02-27T07:45:34+00:00","dateModified":"2026-03-04T09:18:32+00:00","description":"Onderdelenset voor roestvrijstalen Berkey waterfilters met Black Berkey elementen. Geschikt voor: Travel-, Big-, Royal-, Imperial- en Crown Berkey.","breadcrumb":{"@id":"https:\/\/www.alternatievemiddelen.nl\/producten\/onderdelenset-voor-berkey-waterfilters\/#breadcrumb"},"inLanguage":"fr-FR","potentialAction":[{"@type":"ReadAction","target":["https:\/\/www.alternatievemiddelen.nl\/producten\/onderdelenset-voor-berkey-waterfilters\/"]}]},{"@type":"ImageObject","inLanguage":"fr-FR","@id":"https:\/\/www.alternatievemiddelen.nl\/producten\/onderdelenset-voor-berkey-waterfilters\/#primaryimage","url":"https:\/\/www.alternatievemiddelen.nl\/wp-content\/uploads\/2023\/12\/onderdelenset-berkey.jpg","contentUrl":"https:\/\/www.alternatievemiddelen.nl\/wp-content\/uploads\/2023\/12\/onderdelenset-berkey.jpg","width":600,"height":800,"caption":"Set Berkey waterfilters onderdelen"},{"@type":"BreadcrumbList","@id":"https:\/\/www.alternatievemiddelen.nl\/producten\/onderdelenset-voor-berkey-waterfilters\/#breadcrumb","itemListElement":[{"@type":"ListItem","position":1,"name":"Home","item":"https:\/\/www.alternatievemiddelen.nl\/"},{"@type":"ListItem","position":2,"name":"Producten","item":"https:\/\/www.alternatievemiddelen.nl\/producten\/"},{"@type":"ListItem","position":3,"name":"Onderdelenset voor Berkey waterfilters"}]},{"@type":"WebSite","@id":"https:\/\/www.alternatievemiddelen.nl\/#website","url":"https:\/\/www.alternatievemiddelen.nl\/","name":"Alternatievemiddelen.nl","description":"Webshop met gezonde, duurzame en ecologische alternatieve mogelijkheden in de hedendaagse levenstijl. Alles uit eigen ervaring.","publisher":{"@id":"https:\/\/www.alternatievemiddelen.nl\/#organization"},"potentialAction":[{"@type":"SearchAction","target":{"@type":"EntryPoint","urlTemplate":"https:\/\/www.alternatievemiddelen.nl\/?s={search_term_string}"},"query-input":{"@type":"PropertyValueSpecification","valueRequired":true,"valueName":"search_term_string"}}],"inLanguage":"fr-FR"},{"@type":"Organization","@id":"https:\/\/www.alternatievemiddelen.nl\/#organization","name":"Alternatievemiddelen.nl","url":"https:\/\/www.alternatievemiddelen.nl\/","logo":{"@type":"ImageObject","inLanguage":"fr-FR","@id":"https:\/\/www.alternatievemiddelen.nl\/#\/schema\/logo\/image\/","url":"https:\/\/www.alternatievemiddelen.nl\/wp-content\/uploads\/2023\/10\/alternatievemiddelen-PNG-logo.png","contentUrl":"https:\/\/www.alternatievemiddelen.nl\/wp-content\/uploads\/2023\/10\/alternatievemiddelen-PNG-logo.png","width":6400,"height":3062,"caption":"Alternatievemiddelen.nl"},"image":{"@id":"https:\/\/www.alternatievemiddelen.nl\/#\/schema\/logo\/image\/"}}]}},"_links":{"self":[{"href":"https:\/\/www.alternatievemiddelen.nl\/fr\/wp-json\/wp\/v2\/product\/34530","targetHints":{"allow":["GET"]}}],"collection":[{"href":"https:\/\/www.alternatievemiddelen.nl\/fr\/wp-json\/wp\/v2\/product"}],"about":[{"href":"https:\/\/www.alternatievemiddelen.nl\/fr\/wp-json\/wp\/v2\/types\/product"}],"replies":[{"embeddable":true,"href":"https:\/\/www.alternatievemiddelen.nl\/fr\/wp-json\/wp\/v2\/comments?post=34530"}],"wp:featuredmedia":[{"embeddable":true,"href":"https:\/\/www.alternatievemiddelen.nl\/fr\/wp-json\/wp\/v2\/media\/31266"}],"wp:attachment":[{"href":"https:\/\/www.alternatievemiddelen.nl\/fr\/wp-json\/wp\/v2\/media?parent=34530"}],"wp:term":[{"taxonomy":"product_brand","embeddable":true,"href":"https:\/\/www.alternatievemiddelen.nl\/fr\/wp-json\/wp\/v2\/product_brand?post=34530"},{"taxonomy":"product_cat","embeddable":true,"href":"https:\/\/www.alternatievemiddelen.nl\/fr\/wp-json\/wp\/v2\/product_cat?post=34530"},{"taxonomy":"product_tag","embeddable":true,"href":"https:\/\/www.alternatievemiddelen.nl\/fr\/wp-json\/wp\/v2\/product_tag?post=34530"},{"taxonomy":"merk","embeddable":true,"href":"https:\/\/www.alternatievemiddelen.nl\/fr\/wp-json\/wp\/v2\/merk?post=34530"}],"curies":[{"name":"wp","href":"https:\/\/api.w.org\/{rel}","templated":true}]}}