{"id":34532,"date":"2024-02-27T08:45:35","date_gmt":"2024-02-27T07:45:35","guid":{"rendered":"https:\/\/www.alternatievemiddelen.nl\/?post_type=product&#038;p=34532"},"modified":"2026-03-22T07:35:02","modified_gmt":"2026-03-22T06:35:02","slug":"ring-voor-black-berkey-filterelementen","status":"publish","type":"product","link":"https:\/\/www.alternatievemiddelen.nl\/fr\/produits\/anneau-pour-elements-filtrants-black-berkey\/","title":{"rendered":"Bague pour filtres noirs Berkey et BOROUX Foundation\u2122 Black"},"content":{"rendered":"<p>Bague pour \u00e9l\u00e9ments filtrants Berkey- et BOROUX Foundation\u2122 Black caract\u00e9ristiques :<\/p>\n<ul>\n<li>Anneau (conforme aux exigences de s\u00e9curit\u00e9 alimentaire) utilis\u00e9 pour sceller le plateau inf\u00e9rieur et le plateau sup\u00e9rieur d'un filtre \u00e0 eau Berkey ou BOROUX lors de la fixation d'un \u00e9l\u00e9ment filtrant Black Berkey ou BOROUX Foundation\u2122 Black dans le syst\u00e8me.<\/li>\n<li>Chaque ensemble <a href=\"https:\/\/www.alternatievemiddelen.nl\/fr\/produits\/elements-de-filtre-a-eau-black-berkey\/\">\u00c9l\u00e9ments filtrants Berkey noirs<\/a> et <a href=\"https:\/\/www.alternatievemiddelen.nl\/fr\/produits\/elements-de-filtre-a-eau-boroux-foundation-black\/\">BOROUX Foundation\u2122 \u00c9l\u00e9ments filtrants noirs<\/a> Les anneaux sont livr\u00e9s en standard ; en cas de perte ou d'endommagement, vous pouvez les commander s\u00e9par\u00e9ment.<\/li>\n<li>Cette bague ne peut \u00eatre utilis\u00e9e qu'avec le <a href=\"https:\/\/www.alternatievemiddelen.nl\/fr\/produits\/elements-de-filtre-a-eau-black-berkey\/\">\u00c9l\u00e9ments filtrants Berkey noirs<\/a> ou <a href=\"https:\/\/www.alternatievemiddelen.nl\/fr\/produits\/elements-de-filtre-a-eau-boroux-foundation-black\/\">BOROUX Foundation\u2122 \u00c9l\u00e9ments filtrants noirs<\/a> et doit \u00eatre utilis\u00e9 en conjonction avec un <a href=\"https:\/\/www.alternatievemiddelen.nl\/fr\/produits\/ecrou-papillon-pour-elements-filtrants-black-berkey\/\">Ecrou \u00e0 oreilles pour filtres Black Berkey- et BOROUX Foundation\u2122 Black<\/a><\/li>\n<li>Cette bague ne peut pas \u00eatre remplac\u00e9e par une bague provenant d'autres types d'\u00e9l\u00e9ments filtrants.<\/li>\n<\/ul>","protected":false},"excerpt":{"rendered":"<p>L'anneau est utilis\u00e9 pour sceller le r\u00e9servoir inf\u00e9rieur et le r\u00e9servoir sup\u00e9rieur du filtre \u00e0 eau lors de la fixation de l'\u00e9l\u00e9ment filtrant Black Berkey- ou BOROUX Foundation\u2122 Black.<\/p>","protected":false},"featured_media":31449,"comment_status":"open","ping_status":"closed","template":"","meta":[],"product_brand":[],"product_cat":[2971,3099,3013],"product_tag":[2961,3102,3332,2974,3706,3008,2890,3333,3334,3106,2979,3012,2980],"merk":[3432,3702],"class_list":{"0":"post-34532","1":"product","2":"type-product","3":"status-publish","4":"has-post-thumbnail","6":"product_cat-waterfilters","7":"product_cat-waterfilter-elementen","8":"product_cat-waterfilter-accessoires","9":"product_tag-berkey","10":"product_tag-berkey-systemen","11":"product_tag-black-bekrey-filterelementen","12":"product_tag-black-berkey","13":"product_tag-boroux","14":"product_tag-drinkwater","15":"product_tag-kraan","16":"product_tag-ring","17":"product_tag-rubberen-ring","18":"product_tag-standaard","19":"product_tag-waterfilter","20":"product_tag-waterfilters","21":"product_tag-waterzuivering","22":"product_shipping_class-briefpost","23":"merk-berkey","24":"merk-boroux","26":"first","27":"instock","28":"taxable","29":"shipping-taxable","30":"purchasable","31":"product-type-simple"},"bundled_by":[],"bundle_stock_status":"instock","bundle_stock_quantity":null,"bundle_virtual":false,"bundle_layout":"","bundle_add_to_cart_form_location":"","bundle_editable_in_cart":false,"bundle_sold_individually_context":"","bundle_item_grouping":"","bundle_min_size":"","bundle_max_size":"","bundle_price":[],"bundled_items":[],"bundle_sell_ids":[44176,34533],"yoast_head":"<!-- This site is optimized with the Yoast SEO plugin v26.1 - https:\/\/yoast.com\/wordpress\/plugins\/seo\/ -->\n<title>Ring voor Black Berkey en BOROUX Foundation\u2122 Black filters - Alternatievemiddelen.nl<\/title>\n<meta name=\"description\" content=\"Ring wordt gebruikt om onderste bak en bovenste bak van waterfilter af te dichten bij bevestiging Black Berkey- of BOROUX Foundation\u2122 Black filterelement.\" \/>\n<meta name=\"robots\" content=\"index, follow, max-snippet:-1, max-image-preview:large, max-video-preview:-1\" \/>\n<link rel=\"canonical\" href=\"https:\/\/www.alternatievemiddelen.nl\/fr\/wp-json\/wp\/v2\/product\/34532\" \/>\n<meta property=\"og:locale\" content=\"fr_FR\" \/>\n<meta property=\"og:type\" content=\"article\" \/>\n<meta property=\"og:title\" content=\"Ring voor Black Berkey en BOROUX Foundation\u2122 Black filters - Alternatievemiddelen.nl\" \/>\n<meta property=\"og:description\" content=\"Ring wordt gebruikt om onderste bak en bovenste bak van waterfilter af te dichten bij bevestiging Black Berkey- of BOROUX Foundation\u2122 Black filterelement.\" \/>\n<meta property=\"og:url\" content=\"https:\/\/www.alternatievemiddelen.nl\/fr\/produits\/anneau-pour-elements-filtrants-black-berkey\/\" \/>\n<meta property=\"og:site_name\" content=\"Alternatievemiddelen.nl\" \/>\n<meta property=\"article:publisher\" content=\"https:\/\/www.facebook.com\/alternatievemiddelen\" \/>\n<meta property=\"article:modified_time\" content=\"2026-03-22T06:35:02+00:00\" \/>\n<meta property=\"og:image\" content=\"\/wp-content\/uploads\/2023\/12\/Ring_Black-Berkey.jpg\" \/>\n\t<meta property=\"og:image:width\" content=\"600\" \/>\n\t<meta property=\"og:image:height\" content=\"800\" \/>\n\t<meta property=\"og:image:type\" content=\"image\/jpeg\" \/>\n<meta name=\"twitter:card\" content=\"summary_large_image\" \/>\n<meta name=\"twitter:label1\" content=\"Dur\u00e9e de lecture estim\u00e9e\" \/>\n\t<meta name=\"twitter:data1\" content=\"1 minute\" \/>\n<script type=\"application\/ld+json\" class=\"yoast-schema-graph\">{\"@context\":\"https:\/\/schema.org\",\"@graph\":[{\"@type\":[\"WebPage\",\"ItemPage\"],\"@id\":\"https:\/\/www.alternatievemiddelen.nl\/producten\/ring-voor-black-berkey-filterelementen\/\",\"url\":\"https:\/\/www.alternatievemiddelen.nl\/producten\/ring-voor-black-berkey-filterelementen\/\",\"name\":\"Ring voor Black Berkey en BOROUX Foundation\u2122 Black filters - Alternatievemiddelen.nl\",\"isPartOf\":{\"@id\":\"https:\/\/www.alternatievemiddelen.nl\/#website\"},\"primaryImageOfPage\":{\"@id\":\"https:\/\/www.alternatievemiddelen.nl\/producten\/ring-voor-black-berkey-filterelementen\/#primaryimage\"},\"image\":{\"@id\":\"https:\/\/www.alternatievemiddelen.nl\/producten\/ring-voor-black-berkey-filterelementen\/#primaryimage\"},\"thumbnailUrl\":\"https:\/\/www.alternatievemiddelen.nl\/wp-content\/uploads\/2023\/12\/Ring_Black-Berkey.jpg\",\"datePublished\":\"2024-02-27T07:45:35+00:00\",\"dateModified\":\"2026-03-22T06:35:02+00:00\",\"description\":\"Ring wordt gebruikt om onderste bak en bovenste bak van waterfilter af te dichten bij bevestiging Black Berkey- of BOROUX Foundation\u2122 Black filterelement.\",\"breadcrumb\":{\"@id\":\"https:\/\/www.alternatievemiddelen.nl\/producten\/ring-voor-black-berkey-filterelementen\/#breadcrumb\"},\"inLanguage\":\"fr-FR\",\"potentialAction\":[{\"@type\":\"ReadAction\",\"target\":[\"https:\/\/www.alternatievemiddelen.nl\/producten\/ring-voor-black-berkey-filterelementen\/\"]}]},{\"@type\":\"ImageObject\",\"inLanguage\":\"fr-FR\",\"@id\":\"https:\/\/www.alternatievemiddelen.nl\/producten\/ring-voor-black-berkey-filterelementen\/#primaryimage\",\"url\":\"https:\/\/www.alternatievemiddelen.nl\/wp-content\/uploads\/2023\/12\/Ring_Black-Berkey.jpg\",\"contentUrl\":\"https:\/\/www.alternatievemiddelen.nl\/wp-content\/uploads\/2023\/12\/Ring_Black-Berkey.jpg\",\"width\":600,\"height\":800,\"caption\":\"zwarte ring\"},{\"@type\":\"BreadcrumbList\",\"@id\":\"https:\/\/www.alternatievemiddelen.nl\/producten\/ring-voor-black-berkey-filterelementen\/#breadcrumb\",\"itemListElement\":[{\"@type\":\"ListItem\",\"position\":1,\"name\":\"Home\",\"item\":\"https:\/\/www.alternatievemiddelen.nl\/\"},{\"@type\":\"ListItem\",\"position\":2,\"name\":\"Producten\",\"item\":\"https:\/\/www.alternatievemiddelen.nl\/producten\/\"},{\"@type\":\"ListItem\",\"position\":3,\"name\":\"Ring voor Black Berkey en BOROUX Foundation\u2122 Black filters\"}]},{\"@type\":\"WebSite\",\"@id\":\"https:\/\/www.alternatievemiddelen.nl\/#website\",\"url\":\"https:\/\/www.alternatievemiddelen.nl\/\",\"name\":\"Alternatievemiddelen.nl\",\"description\":\"Webshop met gezonde, duurzame en ecologische alternatieve mogelijkheden in de hedendaagse levenstijl. Alles uit eigen ervaring.\",\"publisher\":{\"@id\":\"https:\/\/www.alternatievemiddelen.nl\/#organization\"},\"alternateName\":\"Alternatieve Middelen\",\"potentialAction\":[{\"@type\":\"SearchAction\",\"target\":{\"@type\":\"EntryPoint\",\"urlTemplate\":\"https:\/\/www.alternatievemiddelen.nl\/?s={search_term_string}\"},\"query-input\":{\"@type\":\"PropertyValueSpecification\",\"valueRequired\":true,\"valueName\":\"search_term_string\"}}],\"inLanguage\":\"fr-FR\"},{\"@type\":\"Organization\",\"@id\":\"https:\/\/www.alternatievemiddelen.nl\/#organization\",\"name\":\"Alternatievemiddelen.nl\",\"alternateName\":\"Alternatieve Middelen\",\"url\":\"https:\/\/www.alternatievemiddelen.nl\/\",\"logo\":{\"@type\":\"ImageObject\",\"inLanguage\":\"fr-FR\",\"@id\":\"https:\/\/www.alternatievemiddelen.nl\/#\/schema\/logo\/image\/\",\"url\":\"https:\/\/www.alternatievemiddelen.nl\/wp-content\/uploads\/2023\/10\/alternatievemiddelen-PNG-logo.png\",\"contentUrl\":\"https:\/\/www.alternatievemiddelen.nl\/wp-content\/uploads\/2023\/10\/alternatievemiddelen-PNG-logo.png\",\"width\":6400,\"height\":3062,\"caption\":\"Alternatievemiddelen.nl\"},\"image\":{\"@id\":\"https:\/\/www.alternatievemiddelen.nl\/#\/schema\/logo\/image\/\"},\"sameAs\":[\"https:\/\/www.facebook.com\/alternatievemiddelen\",\"https:\/\/www.instagram.com\/alternatievemiddelen.nl\/\"]}]}<\/script>\n<!-- \/ Yoast SEO plugin. -->","yoast_head_json":{"title":"Ring voor Black Berkey en BOROUX Foundation\u2122 Black filters - Alternatievemiddelen.nl","description":"Ring wordt gebruikt om onderste bak en bovenste bak van waterfilter af te dichten bij bevestiging Black Berkey- of BOROUX Foundation\u2122 Black filterelement.","robots":{"index":"index","follow":"follow","max-snippet":"max-snippet:-1","max-image-preview":"max-image-preview:large","max-video-preview":"max-video-preview:-1"},"canonical":"https:\/\/www.alternatievemiddelen.nl\/fr\/wp-json\/wp\/v2\/product\/34532","og_locale":"fr_FR","og_type":"article","og_title":"Ring voor Black Berkey en BOROUX Foundation\u2122 Black filters - Alternatievemiddelen.nl","og_description":"Ring wordt gebruikt om onderste bak en bovenste bak van waterfilter af te dichten bij bevestiging Black Berkey- of BOROUX Foundation\u2122 Black filterelement.","og_url":"https:\/\/www.alternatievemiddelen.nl\/fr\/produits\/anneau-pour-elements-filtrants-black-berkey\/","og_site_name":"Alternatievemiddelen.nl","article_publisher":"https:\/\/www.facebook.com\/alternatievemiddelen","article_modified_time":"2026-03-22T06:35:02+00:00","og_image":[{"width":600,"height":800,"url":"\/wp-content\/uploads\/2023\/12\/Ring_Black-Berkey.jpg","type":"image\/jpeg"}],"twitter_card":"summary_large_image","twitter_misc":{"Dur\u00e9e de lecture estim\u00e9e":"1 minute"},"schema":{"@context":"https:\/\/schema.org","@graph":[{"@type":["WebPage","ItemPage"],"@id":"https:\/\/www.alternatievemiddelen.nl\/producten\/ring-voor-black-berkey-filterelementen\/","url":"https:\/\/www.alternatievemiddelen.nl\/producten\/ring-voor-black-berkey-filterelementen\/","name":"Ring voor Black Berkey en BOROUX Foundation\u2122 Black filters - Alternatievemiddelen.nl","isPartOf":{"@id":"https:\/\/www.alternatievemiddelen.nl\/#website"},"primaryImageOfPage":{"@id":"https:\/\/www.alternatievemiddelen.nl\/producten\/ring-voor-black-berkey-filterelementen\/#primaryimage"},"image":{"@id":"https:\/\/www.alternatievemiddelen.nl\/producten\/ring-voor-black-berkey-filterelementen\/#primaryimage"},"thumbnailUrl":"https:\/\/www.alternatievemiddelen.nl\/wp-content\/uploads\/2023\/12\/Ring_Black-Berkey.jpg","datePublished":"2024-02-27T07:45:35+00:00","dateModified":"2026-03-22T06:35:02+00:00","description":"Ring wordt gebruikt om onderste bak en bovenste bak van waterfilter af te dichten bij bevestiging Black Berkey- of BOROUX Foundation\u2122 Black filterelement.","breadcrumb":{"@id":"https:\/\/www.alternatievemiddelen.nl\/producten\/ring-voor-black-berkey-filterelementen\/#breadcrumb"},"inLanguage":"fr-FR","potentialAction":[{"@type":"ReadAction","target":["https:\/\/www.alternatievemiddelen.nl\/producten\/ring-voor-black-berkey-filterelementen\/"]}]},{"@type":"ImageObject","inLanguage":"fr-FR","@id":"https:\/\/www.alternatievemiddelen.nl\/producten\/ring-voor-black-berkey-filterelementen\/#primaryimage","url":"https:\/\/www.alternatievemiddelen.nl\/wp-content\/uploads\/2023\/12\/Ring_Black-Berkey.jpg","contentUrl":"https:\/\/www.alternatievemiddelen.nl\/wp-content\/uploads\/2023\/12\/Ring_Black-Berkey.jpg","width":600,"height":800,"caption":"zwarte ring"},{"@type":"BreadcrumbList","@id":"https:\/\/www.alternatievemiddelen.nl\/producten\/ring-voor-black-berkey-filterelementen\/#breadcrumb","itemListElement":[{"@type":"ListItem","position":1,"name":"Home","item":"https:\/\/www.alternatievemiddelen.nl\/"},{"@type":"ListItem","position":2,"name":"Producten","item":"https:\/\/www.alternatievemiddelen.nl\/producten\/"},{"@type":"ListItem","position":3,"name":"Ring voor Black Berkey en BOROUX Foundation\u2122 Black filters"}]},{"@type":"WebSite","@id":"https:\/\/www.alternatievemiddelen.nl\/#website","url":"https:\/\/www.alternatievemiddelen.nl\/","name":"Alternatievemiddelen.nl","description":"Webshop met gezonde, duurzame en ecologische alternatieve mogelijkheden in de hedendaagse levenstijl. Alles uit eigen ervaring.","publisher":{"@id":"https:\/\/www.alternatievemiddelen.nl\/#organization"},"alternateName":"Alternatieve Middelen","potentialAction":[{"@type":"SearchAction","target":{"@type":"EntryPoint","urlTemplate":"https:\/\/www.alternatievemiddelen.nl\/?s={search_term_string}"},"query-input":{"@type":"PropertyValueSpecification","valueRequired":true,"valueName":"search_term_string"}}],"inLanguage":"fr-FR"},{"@type":"Organization","@id":"https:\/\/www.alternatievemiddelen.nl\/#organization","name":"Alternatievemiddelen.nl","alternateName":"Alternatieve Middelen","url":"https:\/\/www.alternatievemiddelen.nl\/","logo":{"@type":"ImageObject","inLanguage":"fr-FR","@id":"https:\/\/www.alternatievemiddelen.nl\/#\/schema\/logo\/image\/","url":"https:\/\/www.alternatievemiddelen.nl\/wp-content\/uploads\/2023\/10\/alternatievemiddelen-PNG-logo.png","contentUrl":"https:\/\/www.alternatievemiddelen.nl\/wp-content\/uploads\/2023\/10\/alternatievemiddelen-PNG-logo.png","width":6400,"height":3062,"caption":"Alternatievemiddelen.nl"},"image":{"@id":"https:\/\/www.alternatievemiddelen.nl\/#\/schema\/logo\/image\/"},"sameAs":["https:\/\/www.facebook.com\/alternatievemiddelen","https:\/\/www.instagram.com\/alternatievemiddelen.nl\/"]}]}},"_links":{"self":[{"href":"https:\/\/www.alternatievemiddelen.nl\/fr\/wp-json\/wp\/v2\/product\/34532","targetHints":{"allow":["GET"]}}],"collection":[{"href":"https:\/\/www.alternatievemiddelen.nl\/fr\/wp-json\/wp\/v2\/product"}],"about":[{"href":"https:\/\/www.alternatievemiddelen.nl\/fr\/wp-json\/wp\/v2\/types\/product"}],"replies":[{"embeddable":true,"href":"https:\/\/www.alternatievemiddelen.nl\/fr\/wp-json\/wp\/v2\/comments?post=34532"}],"wp:featuredmedia":[{"embeddable":true,"href":"https:\/\/www.alternatievemiddelen.nl\/fr\/wp-json\/wp\/v2\/media\/31449"}],"wp:attachment":[{"href":"https:\/\/www.alternatievemiddelen.nl\/fr\/wp-json\/wp\/v2\/media?parent=34532"}],"wp:term":[{"taxonomy":"product_brand","embeddable":true,"href":"https:\/\/www.alternatievemiddelen.nl\/fr\/wp-json\/wp\/v2\/product_brand?post=34532"},{"taxonomy":"product_cat","embeddable":true,"href":"https:\/\/www.alternatievemiddelen.nl\/fr\/wp-json\/wp\/v2\/product_cat?post=34532"},{"taxonomy":"product_tag","embeddable":true,"href":"https:\/\/www.alternatievemiddelen.nl\/fr\/wp-json\/wp\/v2\/product_tag?post=34532"},{"taxonomy":"merk","embeddable":true,"href":"https:\/\/www.alternatievemiddelen.nl\/fr\/wp-json\/wp\/v2\/merk?post=34532"}],"curies":[{"name":"wp","href":"https:\/\/api.w.org\/{rel}","templated":true}]}}