{"id":34551,"date":"2024-02-27T08:52:58","date_gmt":"2024-02-27T07:52:58","guid":{"rendered":"https:\/\/www.alternatievemiddelen.nl\/?post_type=product&#038;p=34551"},"modified":"2025-04-28T08:07:29","modified_gmt":"2025-04-28T06:07:29","slug":"orthica-enzym-complex","status":"publish","type":"product","link":"https:\/\/www.alternatievemiddelen.nl\/fr\/produits\/complexe-enzymatique-orthica\/","title":{"rendered":"Orthica Enzyme Complex 120 comprim\u00e9s"},"content":{"rendered":"<p>Orthica Enzyme Complex - Complexe enzymatique compos\u00e9 de 4 types d'enzymes diff\u00e9rents. Contient de la lipase, de l'alpha-amylase, de la cellulase et de la prot\u00e9ase.<\/p>\n<p>Avec lipase, amylase, cellulase et prot\u00e9ase.<\/p>\n<p>Ne contient pas de saccharose, de conservateurs synth\u00e9tiques, de colorants, d'ar\u00f4mes et de parfums synth\u00e9tiques.<\/p>\n<p>Convient aux v\u00e9g\u00e9tariens et aux v\u00e9g\u00e9taliens.<\/p>\n<p><u><b>Composition par dose journali\u00e8re de 1 comprim\u00e9 :<\/b><\/u><\/p>\n<table>\n<tbody>\n<tr>\n<td>lipase<\/td>\n<td>300 LU*<\/td>\n<\/tr>\n<tr>\n<td>alpha-amylase<\/td>\n<td>40 FAU**<\/td>\n<\/tr>\n<tr>\n<td>cellulase<\/td>\n<td>17,5 EGU***<\/td>\n<\/tr>\n<tr>\n<td>prot\u00e9ase<\/td>\n<td>0,006 AU-N****<\/td>\n<\/tr>\n<\/tbody>\n<\/table>\n<p>* LU = Unit\u00e9s de lipase<br \/>\n** FAU = unit\u00e9s d'amylase fongique<br \/>\n*** EGU = Endo Glucanase Units (unit\u00e9s d'endoglucanase)<br \/>\n**** AU-N = Unit\u00e9s d'Anson<\/p>\n<p><u><b>Ingr\u00e9dients<\/b><\/u><br \/>\nagent de charge (cellulose microcristalline), complexe alpha-amylase, complexe prot\u00e9ase, anti-agglom\u00e9rant (st\u00e9arate de magn\u00e9sium, dioxyde de silicium), complexe cellulase (contient de la farine de bl\u00e9), complexe lipase (contient de la farine de bl\u00e9).<\/p>\n<p><u><b>Utilisation<\/b><\/u><br \/>\nEn entretien, la dose recommand\u00e9e est de 1 comprim\u00e9 par jour, \u00e0 prendre de pr\u00e9f\u00e9rence avant ou pendant un repas.<\/p>\n<p>La dose maximale est de 6 comprim\u00e9s r\u00e9partis dans la journ\u00e9e au cours des repas, sauf avis contraire.<\/p>\n<p>Ne pas utiliser en cas de grossesse ou d'allaitement.<\/p>\n<p>Conserver au sec et \u00e0 temp\u00e9rature ambiante<\/p>\n<p>Ce produit est un compl\u00e9ment alimentaire.<\/p>\n<p>Ne pas d\u00e9passer la dose recommand\u00e9e.<\/p>\n<p>Une alimentation vari\u00e9e et \u00e9quilibr\u00e9e et un mode de vie sain sont importants. Un compl\u00e9ment alimentaire ne remplace pas une alimentation vari\u00e9e.<\/p>\n<p>Tenir hors de port\u00e9e des jeunes enfants.<\/p>\n<p>Conserver au sec, ferm\u00e9 et \u00e0 temp\u00e9rature ambiante, sauf indication contraire sur l'\u00e9tiquette.<\/p>\n<p>Consultez un expert avant de prendre des suppl\u00e9ments en cas de grossesse, d'allaitement, de prise de m\u00e9dicaments et de maladie.<\/p>","protected":false},"excerpt":{"rendered":"<p>Orthica Enzyme Complex - Complexe enzymatique compos\u00e9 de 4 types d'enzymes diff\u00e9rents. Contient de la lipase, de l'alpha-amylase, de la cellulase et de la prot\u00e9ase.<\/p>","protected":false},"featured_media":31043,"comment_status":"open","ping_status":"closed","template":"","meta":[],"product_brand":[],"product_cat":[2938],"product_tag":[3307,3308,3309],"merk":[3435],"class_list":{"0":"post-34551","1":"product","2":"type-product","3":"status-publish","4":"has-post-thumbnail","6":"product_cat-vitamines-mineralen-en-supplementen","7":"product_tag-enzym-complex","8":"product_tag-orthica","9":"product_tag-orthica-enzym-complex","10":"merk-orthica","12":"first","13":"outofstock","14":"taxable","15":"shipping-taxable","16":"purchasable","17":"product-type-simple"},"bundled_by":[],"bundle_stock_status":"outofstock","bundle_stock_quantity":0,"bundle_virtual":false,"bundle_layout":"","bundle_add_to_cart_form_location":"","bundle_editable_in_cart":false,"bundle_sold_individually_context":"","bundle_item_grouping":"","bundle_min_size":"","bundle_max_size":"","bundle_price":[],"bundled_items":[],"bundle_sell_ids":[],"yoast_head":"<!-- This site is optimized with the Yoast SEO plugin v26.1 - https:\/\/yoast.com\/wordpress\/plugins\/seo\/ -->\n<title>Orthica Enzym Complex 120 tabletten - Alternatievemiddelen.nl<\/title>\n<meta name=\"description\" content=\"Orthica Enzym Complex - Enzymcomplex met 4 verschillende soorten enzymen. Bevat lipase, alfa-amylase, cellulase en protease.\" \/>\n<meta name=\"robots\" content=\"noindex, follow\" \/>\n<meta property=\"og:locale\" content=\"fr_FR\" \/>\n<meta property=\"og:type\" content=\"article\" \/>\n<meta property=\"og:title\" content=\"Orthica Enzym Complex 120 tabletten - Alternatievemiddelen.nl\" \/>\n<meta property=\"og:description\" content=\"Orthica Enzym Complex - Enzymcomplex met 4 verschillende soorten enzymen. Bevat lipase, alfa-amylase, cellulase en protease.\" \/>\n<meta property=\"og:url\" content=\"https:\/\/www.alternatievemiddelen.nl\/fr\/produits\/complexe-enzymatique-orthica\/\" \/>\n<meta property=\"og:site_name\" content=\"Alternatievemiddelen.nl\" \/>\n<meta property=\"article:modified_time\" content=\"2025-04-28T06:07:29+00:00\" \/>\n<meta property=\"og:image\" content=\"\/wp-content\/uploads\/2023\/12\/Orthica-Enzym-Complex.jpg\" \/>\n\t<meta property=\"og:image:width\" content=\"600\" \/>\n\t<meta property=\"og:image:height\" content=\"800\" \/>\n\t<meta property=\"og:image:type\" content=\"image\/jpeg\" \/>\n<meta name=\"twitter:card\" content=\"summary_large_image\" \/>\n<meta name=\"twitter:label1\" content=\"Dur\u00e9e de lecture estim\u00e9e\" \/>\n\t<meta name=\"twitter:data1\" content=\"2 minutes\" \/>\n<script type=\"application\/ld+json\" class=\"yoast-schema-graph\">{\"@context\":\"https:\/\/schema.org\",\"@graph\":[{\"@type\":[\"WebPage\",\"ItemPage\"],\"@id\":\"https:\/\/www.alternatievemiddelen.nl\/producten\/orthica-enzym-complex\/\",\"url\":\"https:\/\/www.alternatievemiddelen.nl\/producten\/orthica-enzym-complex\/\",\"name\":\"Orthica Enzym Complex 120 tabletten - Alternatievemiddelen.nl\",\"isPartOf\":{\"@id\":\"https:\/\/www.alternatievemiddelen.nl\/#website\"},\"primaryImageOfPage\":{\"@id\":\"https:\/\/www.alternatievemiddelen.nl\/producten\/orthica-enzym-complex\/#primaryimage\"},\"image\":{\"@id\":\"https:\/\/www.alternatievemiddelen.nl\/producten\/orthica-enzym-complex\/#primaryimage\"},\"thumbnailUrl\":\"https:\/\/www.alternatievemiddelen.nl\/wp-content\/uploads\/2023\/12\/Orthica-Enzym-Complex.jpg\",\"datePublished\":\"2024-02-27T07:52:58+00:00\",\"dateModified\":\"2025-04-28T06:07:29+00:00\",\"description\":\"Orthica Enzym Complex - Enzymcomplex met 4 verschillende soorten enzymen. Bevat lipase, alfa-amylase, cellulase en protease.\",\"breadcrumb\":{\"@id\":\"https:\/\/www.alternatievemiddelen.nl\/producten\/orthica-enzym-complex\/#breadcrumb\"},\"inLanguage\":\"fr-FR\",\"potentialAction\":[{\"@type\":\"ReadAction\",\"target\":[\"https:\/\/www.alternatievemiddelen.nl\/producten\/orthica-enzym-complex\/\"]}]},{\"@type\":\"ImageObject\",\"inLanguage\":\"fr-FR\",\"@id\":\"https:\/\/www.alternatievemiddelen.nl\/producten\/orthica-enzym-complex\/#primaryimage\",\"url\":\"https:\/\/www.alternatievemiddelen.nl\/wp-content\/uploads\/2023\/12\/Orthica-Enzym-Complex.jpg\",\"contentUrl\":\"https:\/\/www.alternatievemiddelen.nl\/wp-content\/uploads\/2023\/12\/Orthica-Enzym-Complex.jpg\",\"width\":600,\"height\":800,\"caption\":\"Orthica Enzym Complex\"},{\"@type\":\"BreadcrumbList\",\"@id\":\"https:\/\/www.alternatievemiddelen.nl\/producten\/orthica-enzym-complex\/#breadcrumb\",\"itemListElement\":[{\"@type\":\"ListItem\",\"position\":1,\"name\":\"Home\",\"item\":\"https:\/\/www.alternatievemiddelen.nl\/\"},{\"@type\":\"ListItem\",\"position\":2,\"name\":\"Producten\",\"item\":\"https:\/\/www.alternatievemiddelen.nl\/producten\/\"},{\"@type\":\"ListItem\",\"position\":3,\"name\":\"Orthica Enzym Complex 120 tabletten\"}]},{\"@type\":\"WebSite\",\"@id\":\"https:\/\/www.alternatievemiddelen.nl\/#website\",\"url\":\"https:\/\/www.alternatievemiddelen.nl\/\",\"name\":\"Alternatievemiddelen.nl\",\"description\":\"Webshop met gezonde, duurzame en ecologische alternatieve mogelijkheden in de hedendaagse levenstijl. Alles uit eigen ervaring.\",\"publisher\":{\"@id\":\"https:\/\/www.alternatievemiddelen.nl\/#organization\"},\"potentialAction\":[{\"@type\":\"SearchAction\",\"target\":{\"@type\":\"EntryPoint\",\"urlTemplate\":\"https:\/\/www.alternatievemiddelen.nl\/?s={search_term_string}\"},\"query-input\":{\"@type\":\"PropertyValueSpecification\",\"valueRequired\":true,\"valueName\":\"search_term_string\"}}],\"inLanguage\":\"fr-FR\"},{\"@type\":\"Organization\",\"@id\":\"https:\/\/www.alternatievemiddelen.nl\/#organization\",\"name\":\"Alternatievemiddelen.nl\",\"url\":\"https:\/\/www.alternatievemiddelen.nl\/\",\"logo\":{\"@type\":\"ImageObject\",\"inLanguage\":\"fr-FR\",\"@id\":\"https:\/\/www.alternatievemiddelen.nl\/#\/schema\/logo\/image\/\",\"url\":\"https:\/\/www.alternatievemiddelen.nl\/wp-content\/uploads\/2023\/10\/alternatievemiddelen-PNG-logo.png\",\"contentUrl\":\"https:\/\/www.alternatievemiddelen.nl\/wp-content\/uploads\/2023\/10\/alternatievemiddelen-PNG-logo.png\",\"width\":6400,\"height\":3062,\"caption\":\"Alternatievemiddelen.nl\"},\"image\":{\"@id\":\"https:\/\/www.alternatievemiddelen.nl\/#\/schema\/logo\/image\/\"}}]}<\/script>\n<!-- \/ Yoast SEO plugin. -->","yoast_head_json":{"title":"Orthica Enzym Complex 120 tabletten - Alternatievemiddelen.nl","description":"Orthica Enzym Complex - Enzymcomplex met 4 verschillende soorten enzymen. Bevat lipase, alfa-amylase, cellulase en protease.","robots":{"index":"noindex","follow":"follow"},"og_locale":"fr_FR","og_type":"article","og_title":"Orthica Enzym Complex 120 tabletten - Alternatievemiddelen.nl","og_description":"Orthica Enzym Complex - Enzymcomplex met 4 verschillende soorten enzymen. Bevat lipase, alfa-amylase, cellulase en protease.","og_url":"https:\/\/www.alternatievemiddelen.nl\/fr\/produits\/complexe-enzymatique-orthica\/","og_site_name":"Alternatievemiddelen.nl","article_modified_time":"2025-04-28T06:07:29+00:00","og_image":[{"width":600,"height":800,"url":"\/wp-content\/uploads\/2023\/12\/Orthica-Enzym-Complex.jpg","type":"image\/jpeg"}],"twitter_card":"summary_large_image","twitter_misc":{"Dur\u00e9e de lecture estim\u00e9e":"2 minutes"},"schema":{"@context":"https:\/\/schema.org","@graph":[{"@type":["WebPage","ItemPage"],"@id":"https:\/\/www.alternatievemiddelen.nl\/producten\/orthica-enzym-complex\/","url":"https:\/\/www.alternatievemiddelen.nl\/producten\/orthica-enzym-complex\/","name":"Orthica Enzym Complex 120 tabletten - Alternatievemiddelen.nl","isPartOf":{"@id":"https:\/\/www.alternatievemiddelen.nl\/#website"},"primaryImageOfPage":{"@id":"https:\/\/www.alternatievemiddelen.nl\/producten\/orthica-enzym-complex\/#primaryimage"},"image":{"@id":"https:\/\/www.alternatievemiddelen.nl\/producten\/orthica-enzym-complex\/#primaryimage"},"thumbnailUrl":"https:\/\/www.alternatievemiddelen.nl\/wp-content\/uploads\/2023\/12\/Orthica-Enzym-Complex.jpg","datePublished":"2024-02-27T07:52:58+00:00","dateModified":"2025-04-28T06:07:29+00:00","description":"Orthica Enzym Complex - Enzymcomplex met 4 verschillende soorten enzymen. Bevat lipase, alfa-amylase, cellulase en protease.","breadcrumb":{"@id":"https:\/\/www.alternatievemiddelen.nl\/producten\/orthica-enzym-complex\/#breadcrumb"},"inLanguage":"fr-FR","potentialAction":[{"@type":"ReadAction","target":["https:\/\/www.alternatievemiddelen.nl\/producten\/orthica-enzym-complex\/"]}]},{"@type":"ImageObject","inLanguage":"fr-FR","@id":"https:\/\/www.alternatievemiddelen.nl\/producten\/orthica-enzym-complex\/#primaryimage","url":"https:\/\/www.alternatievemiddelen.nl\/wp-content\/uploads\/2023\/12\/Orthica-Enzym-Complex.jpg","contentUrl":"https:\/\/www.alternatievemiddelen.nl\/wp-content\/uploads\/2023\/12\/Orthica-Enzym-Complex.jpg","width":600,"height":800,"caption":"Orthica Enzym Complex"},{"@type":"BreadcrumbList","@id":"https:\/\/www.alternatievemiddelen.nl\/producten\/orthica-enzym-complex\/#breadcrumb","itemListElement":[{"@type":"ListItem","position":1,"name":"Home","item":"https:\/\/www.alternatievemiddelen.nl\/"},{"@type":"ListItem","position":2,"name":"Producten","item":"https:\/\/www.alternatievemiddelen.nl\/producten\/"},{"@type":"ListItem","position":3,"name":"Orthica Enzym Complex 120 tabletten"}]},{"@type":"WebSite","@id":"https:\/\/www.alternatievemiddelen.nl\/#website","url":"https:\/\/www.alternatievemiddelen.nl\/","name":"Alternatievemiddelen.nl","description":"Webshop met gezonde, duurzame en ecologische alternatieve mogelijkheden in de hedendaagse levenstijl. Alles uit eigen ervaring.","publisher":{"@id":"https:\/\/www.alternatievemiddelen.nl\/#organization"},"potentialAction":[{"@type":"SearchAction","target":{"@type":"EntryPoint","urlTemplate":"https:\/\/www.alternatievemiddelen.nl\/?s={search_term_string}"},"query-input":{"@type":"PropertyValueSpecification","valueRequired":true,"valueName":"search_term_string"}}],"inLanguage":"fr-FR"},{"@type":"Organization","@id":"https:\/\/www.alternatievemiddelen.nl\/#organization","name":"Alternatievemiddelen.nl","url":"https:\/\/www.alternatievemiddelen.nl\/","logo":{"@type":"ImageObject","inLanguage":"fr-FR","@id":"https:\/\/www.alternatievemiddelen.nl\/#\/schema\/logo\/image\/","url":"https:\/\/www.alternatievemiddelen.nl\/wp-content\/uploads\/2023\/10\/alternatievemiddelen-PNG-logo.png","contentUrl":"https:\/\/www.alternatievemiddelen.nl\/wp-content\/uploads\/2023\/10\/alternatievemiddelen-PNG-logo.png","width":6400,"height":3062,"caption":"Alternatievemiddelen.nl"},"image":{"@id":"https:\/\/www.alternatievemiddelen.nl\/#\/schema\/logo\/image\/"}}]}},"_links":{"self":[{"href":"https:\/\/www.alternatievemiddelen.nl\/fr\/wp-json\/wp\/v2\/product\/34551","targetHints":{"allow":["GET"]}}],"collection":[{"href":"https:\/\/www.alternatievemiddelen.nl\/fr\/wp-json\/wp\/v2\/product"}],"about":[{"href":"https:\/\/www.alternatievemiddelen.nl\/fr\/wp-json\/wp\/v2\/types\/product"}],"replies":[{"embeddable":true,"href":"https:\/\/www.alternatievemiddelen.nl\/fr\/wp-json\/wp\/v2\/comments?post=34551"}],"wp:featuredmedia":[{"embeddable":true,"href":"https:\/\/www.alternatievemiddelen.nl\/fr\/wp-json\/wp\/v2\/media\/31043"}],"wp:attachment":[{"href":"https:\/\/www.alternatievemiddelen.nl\/fr\/wp-json\/wp\/v2\/media?parent=34551"}],"wp:term":[{"taxonomy":"product_brand","embeddable":true,"href":"https:\/\/www.alternatievemiddelen.nl\/fr\/wp-json\/wp\/v2\/product_brand?post=34551"},{"taxonomy":"product_cat","embeddable":true,"href":"https:\/\/www.alternatievemiddelen.nl\/fr\/wp-json\/wp\/v2\/product_cat?post=34551"},{"taxonomy":"product_tag","embeddable":true,"href":"https:\/\/www.alternatievemiddelen.nl\/fr\/wp-json\/wp\/v2\/product_tag?post=34551"},{"taxonomy":"merk","embeddable":true,"href":"https:\/\/www.alternatievemiddelen.nl\/fr\/wp-json\/wp\/v2\/merk?post=34551"}],"curies":[{"name":"wp","href":"https:\/\/api.w.org\/{rel}","templated":true}]}}