{"id":34552,"date":"2024-02-27T08:52:59","date_gmt":"2024-02-27T07:52:59","guid":{"rendered":"https:\/\/www.alternatievemiddelen.nl\/?post_type=product&#038;p=34552"},"modified":"2026-05-12T16:09:15","modified_gmt":"2026-05-12T14:09:15","slug":"proone-big-ii-waterfilter","status":"publish","type":"product","link":"https:\/\/www.alternatievemiddelen.nl\/fr\/produits\/filtre-a-eau-proone-big-ii\/","title":{"rendered":"ProOne Big II Filtre \u00e0 eau 9,5L (sac de transport inclus)"},"content":{"rendered":"<p>Que vous soyez en d\u00e9placement, en cas d'urgence ou pour un usage quotidien, le filtre \u00e0 eau ProOne Big II vous permettra de toujours disposer d'une eau potable propre. Il est facile \u00e0 assembler et ne n\u00e9cessite ni \u00e9lectricit\u00e9 ni plomberie. Vous pouvez l'utiliser \u00e0 partir de pratiquement n'importe quelle source d'eau (y compris l'eau des lacs, des rivi\u00e8res, des ruisseaux, des \u00e9tangs et l'eau de pluie), que ce soit \u00e0 la maison, au bureau, \u00e0 l'\u00e9cole, en camping ou en voyage.<\/p>\n<p>Le filtre \u00e0 eau ProOne Big II est dot\u00e9 d'un design exclusif qui permet de voir la quantit\u00e9 d'eau contenue dans le r\u00e9cipient inf\u00e9rieur en le regardant. Le filtre \u00e0 eau ProOne Big II est fabriqu\u00e9 en plastique robuste sans BPA, BPS et BPF pour une plus grande long\u00e9vit\u00e9 et dispose d'un robinet en plastique sans BPA. Il est livr\u00e9 avec un sac de transport.<\/p>\n<h3>Keuze uit 2 merken filterelementen bij de ProOne Big II Waterfilter 9,5L<\/h3>\n<p>Kies bij deze waterfilter voor 1 van de onderstaande merken filterelementen:<\/p>\n<p><b>Coldstream FTO PLUS waterfilter elementen<\/b><br \/>\nLe <a href=\"https:\/\/www.alternatievemiddelen.nl\/fr\/produits\/element-de-filtre-a-eau-coldstream-fto-plus\/\">El\u00e9ment filtrant Coldstream FTO PLUS<\/a> est certifi\u00e9e NSF (NSF\/ANSI 42) et test\u00e9e par un laboratoire d'analyse. <a href=\"https:\/\/forms.iapmo.org\/rtws\/listed_labs.asp?labid=0000102\" target=\"_blank\" rel=\"noopener\">laboratoire ind\u00e9pendant<\/a> Selon les normes NSF\/ANSI 42, 53 et P231. Voir les <a href=\"https:\/\/www.alternatievemiddelen.nl\/wp-content\/uploads\/2025\/03\/Coldstream-FTO-PLUS-filterelementen_testrapport.pdf\" target=\"_blank\" rel=\"noopener\">rapport de laboratoire<\/a> pour plus de d\u00e9tails et le site web de <a href=\"https:\/\/info.nsf.org\/Certified\/DWTU\/Listings.asp?Company=C0091750&amp;Standard=042\" target=\"_blank\" rel=\"noopener\">NSF<\/a>. Il est prouv\u00e9 que les \u00e9l\u00e9ments filtrants Coldstream FTO PLUS r\u00e9duisent\/\u00e9liminent plus de 200 contaminants, dont le fluorure, le chlore, les chloramines, les COV, les bact\u00e9ries, les produits pharmaceutiques, le plomb, les nitrates et les m\u00e9taux lourds, tout en laissant les min\u00e9raux et les \u00e9lectrolytes b\u00e9n\u00e9fiques dans l'eau.<\/p>\n<p><b>BOROUX Foundation\u2122 Filtres noirs<\/b><br \/>\nLe <a href=\"https:\/\/www.alternatievemiddelen.nl\/fr\/produits\/elements-de-filtre-a-eau-boroux-foundation-black\/\">BOROUX Foundation\u2122 Filtres noirs<\/a> bestaan \u200b\u200buit o.a. een speciale mix van actieve kool. De BOROUX Foundation\u2122 Black filterelementen bevatten zilver, een antimicrobieel middel, om te voorkomen dat micro-organismen het product zelf aantasten. Deze filters zijn niet bedoeld om micro-organismen te filteren.<br \/>\nEn outre, ils sont si puissants qu'ils peuvent \u00e9liminer les colorants rouges de l'eau sans \u00e9liminer les min\u00e9raux utiles dont votre corps a besoin.<\/p>\n<p>Les filtres BOROUX Foundation\u2122 Black ont \u00e9t\u00e9 test\u00e9s par un laboratoire ind\u00e9pendant (IAPMO R&amp;T Lab NJ, ISO\/IEC 17025) conform\u00e9ment aux normes NSF\/ANSI 42, 53 et 401. Voir tous <a href=\"https:\/\/www.alternatievemiddelen.nl\/fr\/ufaq\/resultats-des-essais-en-laboratoire-du-filtre-a-eau-boroux\/\" target=\"_blank\" rel=\"noopener\">rapports d'essais<\/a> pour plus de d\u00e9tails et, ce faisant, la clart\u00e9 et la transparence sont primordiales.<br \/>\nBOROUX est certifi\u00e9 NSF\/ANSI\/CAN par la Water Quality Association (WQA). Cette certification souligne l'engagement de BOROUX \u00e0 fournir des solutions de filtration de l'eau s\u00fbres, efficaces et de haute qualit\u00e9. Cette certification n'est pas un simple sceau d'approbation : elle indique que les produits BOROUX r\u00e9pondent aux normes rigoureuses de NSF International (NSF) et de l'American National Standards Institute (ANSI), organisations mondialement reconnues qui veillent \u00e0 la sant\u00e9 publique et \u00e0 la s\u00e9curit\u00e9 des produits de consommation.<\/p>\n<h4>Caract\u00e9ristiques ProOne Big II Filtre \u00e0 eau 9.5L :<\/h4>\n<ul>\n<li>Le filtre \u00e0 eau id\u00e9al pour les d\u00e9placements. Convient \u00e0 une utilisation par 1 \u00e0 5 personnes<\/li>\n<li>Plastique sans BPA, BPS et BPF pour une longue dur\u00e9e de vie<\/li>\n<li>Facile \u00e0 utiliser<\/li>\n<li>Pr\u00e9serve les min\u00e9raux sains et bons dont votre corps a besoin dans l'eau<\/li>\n<li>Ce filtre \u00e0 eau peut contenir jusqu'\u00e0 2 \u00e9l\u00e9ments filtrants<\/li>\n<li>Capacit\u00e9 : environ 9,5 litres<\/li>\n<li>Poids : environ 1,8 kg<\/li>\n<li>Hauteur : environ 53 cm<\/li>\n<li>Diam\u00e8tre : environ 24 cm<\/li>\n<\/ul>\n<p>&nbsp;<\/p>\n<h4>Contenu de la bo\u00eete :<\/h4>\n<p>Ce produit est livr\u00e9 avec :<br \/>\n&#8211; Het gewenste merk en aantal filterelementen, inclusief bevestigingsmateriaal.<br \/>\n- 2 r\u00e9cipients en plastique sans BPA, BPS et BPF (r\u00e9cipient inf\u00e9rieur et r\u00e9cipient sup\u00e9rieur).<br \/>\n- 1 Couvercle en plastique sans BPA, BPS et BPF.<br \/>\n- 1 robinet en plastique sans BPA.<br \/>\n- 1 tapis antid\u00e9rapant \u00e0 placer sous le filtre \u00e0 eau.<br \/>\n- 1 \u00e9tui de transport.<\/p>\n<h4>Premi\u00e8re utilisation :<\/h4>\n<p>De waterfilter is eenvoudig te installeren, zonder gereedschap of elektriciteit. Hieronder een kort stappenplan:<br \/>\n1. Retirez le produit de sa bo\u00eete et mettez le(s) \u00e9l\u00e9ment(s) filtrant(s) de c\u00f4t\u00e9 pour l'instant.<br \/>\n2. Nettoyez les plateaux, le couvercle et le robinet avec un d\u00e9tergent liquide doux. NE PAS METTRE AU LAVE-VAISSELLE ! S\u00e9cher avec un chiffon doux.<br \/>\n3. Fixez le robinet au plateau inf\u00e9rieur.<br \/>\n4. Haal het filterelement of de filterelementen uit de verpakking. Verwijder de vleugelmoer en de ring van de filtersteel. Maak de filterelementen klaar volgens de handleiding van de filterelementen.<br \/>\n5. Ins\u00e9rez la tige (avec la rondelle en caoutchouc) de l'\u00e9l\u00e9ment filtrant dans le trou du plateau sup\u00e9rieur. Serrez l'\u00e9crou \u00e0 oreilles situ\u00e9 sous le plateau sup\u00e9rieur. Ne pas trop serrer. Proc\u00e9dez ainsi avec tous les \u00e9l\u00e9ments filtrants que vous souhaitez utiliser ou bouchez les trous restants \u00e0 l'aide d'un bouchon de blocage.<br \/>\n6. Placez le plateau sup\u00e9rieur sur le plateau inf\u00e9rieur.<br \/>\n7. Remplir le r\u00e9cipient sup\u00e9rieur d'eau et placer le couvercle. NE PAS UTILISER D'EAU CHAUDE !<br \/>\n8. Jeter les deux ou trois premiers cycles d'eau filtr\u00e9e.<br \/>\n9. Vous \u00eates maintenant pr\u00eat \u00e0 utiliser l'eau filtr\u00e9e.<\/p>\n<p><b>ATTENTION : Ne pas placer ce filtre \u00e0 la lumi\u00e8re directe du soleil.<\/b><\/p>","protected":false},"excerpt":{"rendered":"<p>De ProOne Big II Waterfilter 9,5L met Coldstream FTO PLUS of BOROUX filterelementen is licht en ideaal voor onderweg. Altijd schoon drinkbaar water.<\/p>","protected":false},"featured_media":31808,"comment_status":"open","ping_status":"closed","template":"","meta":[],"product_brand":[],"product_cat":[2971,2972],"product_tag":[3311,3008,2976,3312,3232,3313,2967,2885,2979,3012,2980,3101],"merk":[3702,3621],"class_list":{"0":"post-34552","1":"product","2":"type-product","3":"status-publish","4":"has-post-thumbnail","6":"product_cat-waterfilters","7":"product_cat-waterfilter","8":"product_tag-big-ii","9":"product_tag-drinkwater","10":"product_tag-filterelement","11":"product_tag-g2-0","12":"product_tag-proone","13":"product_tag-proone-big-ii","14":"product_tag-schoon","15":"product_tag-water","16":"product_tag-waterfilter","17":"product_tag-waterfilters","18":"product_tag-waterzuivering","19":"product_tag-zuiverelementen","20":"merk-boroux","21":"merk-coldstream","23":"first","24":"outofstock","25":"taxable","26":"shipping-taxable","27":"purchasable","28":"product-type-variable","29":"has-default-attributes"},"bundled_by":[],"bundle_stock_status":"outofstock","bundle_stock_quantity":0,"bundle_virtual":false,"bundle_layout":"","bundle_add_to_cart_form_location":"","bundle_editable_in_cart":false,"bundle_sold_individually_context":"","bundle_item_grouping":"","bundle_min_size":"","bundle_max_size":"","bundle_price":[],"bundled_items":[],"bundle_sell_ids":[44176],"yoast_head":"<!-- This site is optimized with the Yoast SEO plugin v26.1 - https:\/\/yoast.com\/wordpress\/plugins\/seo\/ -->\n<title>ProOne Big II Waterfilter 9,5L (inclusief draagzak) - Alternatievemiddelen.nl<\/title>\n<meta name=\"description\" content=\"De ProOne Big II Waterfilter 9,5L met Coldstream FTO PLUS of BOROUX filterelementen is licht en ideaal voor onderweg. Altijd schoon drinkbaar water.\" \/>\n<meta name=\"robots\" content=\"index, follow, max-snippet:-1, max-image-preview:large, max-video-preview:-1\" \/>\n<link rel=\"canonical\" href=\"https:\/\/www.alternatievemiddelen.nl\/fr\/wp-json\/wp\/v2\/product\/34552\" \/>\n<meta property=\"og:locale\" content=\"fr_FR\" \/>\n<meta property=\"og:type\" content=\"article\" \/>\n<meta property=\"og:title\" content=\"ProOne Big II Waterfilter 9,5L (inclusief draagzak) - Alternatievemiddelen.nl\" \/>\n<meta property=\"og:description\" content=\"De ProOne Big II Waterfilter 9,5L met Coldstream FTO PLUS of BOROUX filterelementen is licht en ideaal voor onderweg. Altijd schoon drinkbaar water.\" \/>\n<meta property=\"og:url\" content=\"https:\/\/www.alternatievemiddelen.nl\/fr\/produits\/filtre-a-eau-proone-big-ii\/\" \/>\n<meta property=\"og:site_name\" content=\"Alternatievemiddelen.nl\" \/>\n<meta property=\"article:publisher\" content=\"https:\/\/www.facebook.com\/alternatievemiddelen\" \/>\n<meta property=\"article:modified_time\" content=\"2026-05-12T14:09:15+00:00\" \/>\n<meta property=\"og:image\" content=\"\/wp-content\/uploads\/2023\/12\/ProOne-Big-II-waterfilter.jpg\" \/>\n\t<meta property=\"og:image:width\" content=\"600\" \/>\n\t<meta property=\"og:image:height\" content=\"800\" \/>\n\t<meta property=\"og:image:type\" content=\"image\/jpeg\" \/>\n<meta name=\"twitter:card\" content=\"summary_large_image\" \/>\n<meta name=\"twitter:label1\" content=\"Dur\u00e9e de lecture estim\u00e9e\" \/>\n\t<meta name=\"twitter:data1\" content=\"4 minutes\" \/>\n<script type=\"application\/ld+json\" class=\"yoast-schema-graph\">{\"@context\":\"https:\/\/schema.org\",\"@graph\":[{\"@type\":[\"WebPage\",\"ItemPage\"],\"@id\":\"https:\/\/www.alternatievemiddelen.nl\/producten\/proone-big-ii-waterfilter\/\",\"url\":\"https:\/\/www.alternatievemiddelen.nl\/producten\/proone-big-ii-waterfilter\/\",\"name\":\"ProOne Big II Waterfilter 9,5L (inclusief draagzak) - Alternatievemiddelen.nl\",\"isPartOf\":{\"@id\":\"https:\/\/www.alternatievemiddelen.nl\/#website\"},\"primaryImageOfPage\":{\"@id\":\"https:\/\/www.alternatievemiddelen.nl\/producten\/proone-big-ii-waterfilter\/#primaryimage\"},\"image\":{\"@id\":\"https:\/\/www.alternatievemiddelen.nl\/producten\/proone-big-ii-waterfilter\/#primaryimage\"},\"thumbnailUrl\":\"https:\/\/www.alternatievemiddelen.nl\/wp-content\/uploads\/2023\/12\/ProOne-Big-II-waterfilter.jpg\",\"datePublished\":\"2024-02-27T07:52:59+00:00\",\"dateModified\":\"2026-05-12T14:09:15+00:00\",\"description\":\"De ProOne Big II Waterfilter 9,5L met Coldstream FTO PLUS of BOROUX filterelementen is licht en ideaal voor onderweg. Altijd schoon drinkbaar water.\",\"breadcrumb\":{\"@id\":\"https:\/\/www.alternatievemiddelen.nl\/producten\/proone-big-ii-waterfilter\/#breadcrumb\"},\"inLanguage\":\"fr-FR\",\"potentialAction\":[{\"@type\":\"ReadAction\",\"target\":[\"https:\/\/www.alternatievemiddelen.nl\/producten\/proone-big-ii-waterfilter\/\"]}]},{\"@type\":\"ImageObject\",\"inLanguage\":\"fr-FR\",\"@id\":\"https:\/\/www.alternatievemiddelen.nl\/producten\/proone-big-ii-waterfilter\/#primaryimage\",\"url\":\"https:\/\/www.alternatievemiddelen.nl\/wp-content\/uploads\/2023\/12\/ProOne-Big-II-waterfilter.jpg\",\"contentUrl\":\"https:\/\/www.alternatievemiddelen.nl\/wp-content\/uploads\/2023\/12\/ProOne-Big-II-waterfilter.jpg\",\"width\":600,\"height\":800,\"caption\":\"ProOne waterfilter met kraantje\"},{\"@type\":\"BreadcrumbList\",\"@id\":\"https:\/\/www.alternatievemiddelen.nl\/producten\/proone-big-ii-waterfilter\/#breadcrumb\",\"itemListElement\":[{\"@type\":\"ListItem\",\"position\":1,\"name\":\"Home\",\"item\":\"https:\/\/www.alternatievemiddelen.nl\/\"},{\"@type\":\"ListItem\",\"position\":2,\"name\":\"Producten\",\"item\":\"https:\/\/www.alternatievemiddelen.nl\/producten\/\"},{\"@type\":\"ListItem\",\"position\":3,\"name\":\"ProOne Big II Waterfilter 9,5L (inclusief draagzak)\"}]},{\"@type\":\"WebSite\",\"@id\":\"https:\/\/www.alternatievemiddelen.nl\/#website\",\"url\":\"https:\/\/www.alternatievemiddelen.nl\/\",\"name\":\"Alternatievemiddelen.nl\",\"description\":\"Webshop met gezonde, duurzame en ecologische alternatieve mogelijkheden in de hedendaagse levenstijl. Alles uit eigen ervaring.\",\"publisher\":{\"@id\":\"https:\/\/www.alternatievemiddelen.nl\/#organization\"},\"alternateName\":\"Alternatieve Middelen\",\"potentialAction\":[{\"@type\":\"SearchAction\",\"target\":{\"@type\":\"EntryPoint\",\"urlTemplate\":\"https:\/\/www.alternatievemiddelen.nl\/?s={search_term_string}\"},\"query-input\":{\"@type\":\"PropertyValueSpecification\",\"valueRequired\":true,\"valueName\":\"search_term_string\"}}],\"inLanguage\":\"fr-FR\"},{\"@type\":\"Organization\",\"@id\":\"https:\/\/www.alternatievemiddelen.nl\/#organization\",\"name\":\"Alternatievemiddelen.nl\",\"alternateName\":\"Alternatieve Middelen\",\"url\":\"https:\/\/www.alternatievemiddelen.nl\/\",\"logo\":{\"@type\":\"ImageObject\",\"inLanguage\":\"fr-FR\",\"@id\":\"https:\/\/www.alternatievemiddelen.nl\/#\/schema\/logo\/image\/\",\"url\":\"https:\/\/www.alternatievemiddelen.nl\/wp-content\/uploads\/2023\/10\/alternatievemiddelen-PNG-logo.png\",\"contentUrl\":\"https:\/\/www.alternatievemiddelen.nl\/wp-content\/uploads\/2023\/10\/alternatievemiddelen-PNG-logo.png\",\"width\":6400,\"height\":3062,\"caption\":\"Alternatievemiddelen.nl\"},\"image\":{\"@id\":\"https:\/\/www.alternatievemiddelen.nl\/#\/schema\/logo\/image\/\"},\"sameAs\":[\"https:\/\/www.facebook.com\/alternatievemiddelen\",\"https:\/\/www.instagram.com\/alternatievemiddelen.nl\/\"]}]}<\/script>\n<!-- \/ Yoast SEO plugin. -->","yoast_head_json":{"title":"ProOne Big II Waterfilter 9,5L (inclusief draagzak) - Alternatievemiddelen.nl","description":"De ProOne Big II Waterfilter 9,5L met Coldstream FTO PLUS of BOROUX filterelementen is licht en ideaal voor onderweg. Altijd schoon drinkbaar water.","robots":{"index":"index","follow":"follow","max-snippet":"max-snippet:-1","max-image-preview":"max-image-preview:large","max-video-preview":"max-video-preview:-1"},"canonical":"https:\/\/www.alternatievemiddelen.nl\/fr\/wp-json\/wp\/v2\/product\/34552","og_locale":"fr_FR","og_type":"article","og_title":"ProOne Big II Waterfilter 9,5L (inclusief draagzak) - Alternatievemiddelen.nl","og_description":"De ProOne Big II Waterfilter 9,5L met Coldstream FTO PLUS of BOROUX filterelementen is licht en ideaal voor onderweg. Altijd schoon drinkbaar water.","og_url":"https:\/\/www.alternatievemiddelen.nl\/fr\/produits\/filtre-a-eau-proone-big-ii\/","og_site_name":"Alternatievemiddelen.nl","article_publisher":"https:\/\/www.facebook.com\/alternatievemiddelen","article_modified_time":"2026-05-12T14:09:15+00:00","og_image":[{"width":600,"height":800,"url":"\/wp-content\/uploads\/2023\/12\/ProOne-Big-II-waterfilter.jpg","type":"image\/jpeg"}],"twitter_card":"summary_large_image","twitter_misc":{"Dur\u00e9e de lecture estim\u00e9e":"4 minutes"},"schema":{"@context":"https:\/\/schema.org","@graph":[{"@type":["WebPage","ItemPage"],"@id":"https:\/\/www.alternatievemiddelen.nl\/producten\/proone-big-ii-waterfilter\/","url":"https:\/\/www.alternatievemiddelen.nl\/producten\/proone-big-ii-waterfilter\/","name":"ProOne Big II Waterfilter 9,5L (inclusief draagzak) - Alternatievemiddelen.nl","isPartOf":{"@id":"https:\/\/www.alternatievemiddelen.nl\/#website"},"primaryImageOfPage":{"@id":"https:\/\/www.alternatievemiddelen.nl\/producten\/proone-big-ii-waterfilter\/#primaryimage"},"image":{"@id":"https:\/\/www.alternatievemiddelen.nl\/producten\/proone-big-ii-waterfilter\/#primaryimage"},"thumbnailUrl":"https:\/\/www.alternatievemiddelen.nl\/wp-content\/uploads\/2023\/12\/ProOne-Big-II-waterfilter.jpg","datePublished":"2024-02-27T07:52:59+00:00","dateModified":"2026-05-12T14:09:15+00:00","description":"De ProOne Big II Waterfilter 9,5L met Coldstream FTO PLUS of BOROUX filterelementen is licht en ideaal voor onderweg. Altijd schoon drinkbaar water.","breadcrumb":{"@id":"https:\/\/www.alternatievemiddelen.nl\/producten\/proone-big-ii-waterfilter\/#breadcrumb"},"inLanguage":"fr-FR","potentialAction":[{"@type":"ReadAction","target":["https:\/\/www.alternatievemiddelen.nl\/producten\/proone-big-ii-waterfilter\/"]}]},{"@type":"ImageObject","inLanguage":"fr-FR","@id":"https:\/\/www.alternatievemiddelen.nl\/producten\/proone-big-ii-waterfilter\/#primaryimage","url":"https:\/\/www.alternatievemiddelen.nl\/wp-content\/uploads\/2023\/12\/ProOne-Big-II-waterfilter.jpg","contentUrl":"https:\/\/www.alternatievemiddelen.nl\/wp-content\/uploads\/2023\/12\/ProOne-Big-II-waterfilter.jpg","width":600,"height":800,"caption":"ProOne waterfilter met kraantje"},{"@type":"BreadcrumbList","@id":"https:\/\/www.alternatievemiddelen.nl\/producten\/proone-big-ii-waterfilter\/#breadcrumb","itemListElement":[{"@type":"ListItem","position":1,"name":"Home","item":"https:\/\/www.alternatievemiddelen.nl\/"},{"@type":"ListItem","position":2,"name":"Producten","item":"https:\/\/www.alternatievemiddelen.nl\/producten\/"},{"@type":"ListItem","position":3,"name":"ProOne Big II Waterfilter 9,5L (inclusief draagzak)"}]},{"@type":"WebSite","@id":"https:\/\/www.alternatievemiddelen.nl\/#website","url":"https:\/\/www.alternatievemiddelen.nl\/","name":"Alternatievemiddelen.nl","description":"Webshop met gezonde, duurzame en ecologische alternatieve mogelijkheden in de hedendaagse levenstijl. Alles uit eigen ervaring.","publisher":{"@id":"https:\/\/www.alternatievemiddelen.nl\/#organization"},"alternateName":"Alternatieve Middelen","potentialAction":[{"@type":"SearchAction","target":{"@type":"EntryPoint","urlTemplate":"https:\/\/www.alternatievemiddelen.nl\/?s={search_term_string}"},"query-input":{"@type":"PropertyValueSpecification","valueRequired":true,"valueName":"search_term_string"}}],"inLanguage":"fr-FR"},{"@type":"Organization","@id":"https:\/\/www.alternatievemiddelen.nl\/#organization","name":"Alternatievemiddelen.nl","alternateName":"Alternatieve Middelen","url":"https:\/\/www.alternatievemiddelen.nl\/","logo":{"@type":"ImageObject","inLanguage":"fr-FR","@id":"https:\/\/www.alternatievemiddelen.nl\/#\/schema\/logo\/image\/","url":"https:\/\/www.alternatievemiddelen.nl\/wp-content\/uploads\/2023\/10\/alternatievemiddelen-PNG-logo.png","contentUrl":"https:\/\/www.alternatievemiddelen.nl\/wp-content\/uploads\/2023\/10\/alternatievemiddelen-PNG-logo.png","width":6400,"height":3062,"caption":"Alternatievemiddelen.nl"},"image":{"@id":"https:\/\/www.alternatievemiddelen.nl\/#\/schema\/logo\/image\/"},"sameAs":["https:\/\/www.facebook.com\/alternatievemiddelen","https:\/\/www.instagram.com\/alternatievemiddelen.nl\/"]}]}},"_links":{"self":[{"href":"https:\/\/www.alternatievemiddelen.nl\/fr\/wp-json\/wp\/v2\/product\/34552","targetHints":{"allow":["GET"]}}],"collection":[{"href":"https:\/\/www.alternatievemiddelen.nl\/fr\/wp-json\/wp\/v2\/product"}],"about":[{"href":"https:\/\/www.alternatievemiddelen.nl\/fr\/wp-json\/wp\/v2\/types\/product"}],"replies":[{"embeddable":true,"href":"https:\/\/www.alternatievemiddelen.nl\/fr\/wp-json\/wp\/v2\/comments?post=34552"}],"wp:featuredmedia":[{"embeddable":true,"href":"https:\/\/www.alternatievemiddelen.nl\/fr\/wp-json\/wp\/v2\/media\/31808"}],"wp:attachment":[{"href":"https:\/\/www.alternatievemiddelen.nl\/fr\/wp-json\/wp\/v2\/media?parent=34552"}],"wp:term":[{"taxonomy":"product_brand","embeddable":true,"href":"https:\/\/www.alternatievemiddelen.nl\/fr\/wp-json\/wp\/v2\/product_brand?post=34552"},{"taxonomy":"product_cat","embeddable":true,"href":"https:\/\/www.alternatievemiddelen.nl\/fr\/wp-json\/wp\/v2\/product_cat?post=34552"},{"taxonomy":"product_tag","embeddable":true,"href":"https:\/\/www.alternatievemiddelen.nl\/fr\/wp-json\/wp\/v2\/product_tag?post=34552"},{"taxonomy":"merk","embeddable":true,"href":"https:\/\/www.alternatievemiddelen.nl\/fr\/wp-json\/wp\/v2\/merk?post=34552"}],"curies":[{"name":"wp","href":"https:\/\/api.w.org\/{rel}","templated":true}]}}