{"id":34555,"date":"2024-02-27T08:53:00","date_gmt":"2024-02-27T07:53:00","guid":{"rendered":"https:\/\/www.alternatievemiddelen.nl\/?post_type=product&#038;p=34555"},"modified":"2025-08-07T06:38:23","modified_gmt":"2025-08-07T04:38:23","slug":"proone-g3-0-7-waterfilter-element","status":"publish","type":"product","link":"https:\/\/www.alternatievemiddelen.nl\/fr\/produits\/proone-g3-0-7-element-filtrant-pour-leau\/","title":{"rendered":"ProOne G3.0 7\u2033 \u00c9l\u00e9ment filtrant pour l'eau"},"content":{"rendered":"<p>ProOne G3.0 7\u2033 \u00e9l\u00e9ment filtrant pour l'eau - Les \u00e9l\u00e9ments filtrants pour l'eau ProOne G3.0 sont des \u00e9l\u00e9ments de filtration par gravit\u00e9 qui ont la certification NSF\/ANSI-42. Ils ont d'excellentes performances dans la r\u00e9duction de plus de 200 contaminants, y compris les m\u00e9taux lourds, le fluorure, les pesticides, les herbicides, le chlore, les chloramines, les bact\u00e9ries, les produits pharmaceutiques et bien plus encore ! Id\u00e9al pour l'eau du robinet et la plupart des sources naturelles d'eau potable (y compris l'eau des lacs, des rivi\u00e8res, des ruisseaux, des \u00e9tangs et l'eau de pluie).<br \/>\n&nbsp;<\/p>\n<h4>ProOne G3.0 \u00e9l\u00e9ments filtrants pour l'eau certifi\u00e9s NSF<\/h4>\n<p>L'\u00e9l\u00e9ment filtrant ProOne G3.0 7\u2033 est certifi\u00e9 NSF (NSF\/ANSI 42) et test\u00e9 par un laboratoire ind\u00e9pendant conform\u00e9ment aux normes NSF\/ANSI 42, 53, P231, P401 et P473. Voir le <a href=\"https:\/\/www.alternatievemiddelen.nl\/wp-content\/uploads\/2023\/05\/ProOne-G2-0-waterfilter-elementen_testrapport.pdf\" target=\"_blank\" rel=\"noopener\">rapport de laboratoire<\/a> pour plus de d\u00e9tails et la <a href=\"\/wp-content\/uploads\/2024\/10\/ProOne-G3-0-waterfilter-elementen_certificaat-NSF-ANSI-42.pdf\" target=\"_blank\" rel=\"noopener\">certificat<\/a>.<br \/>\n&nbsp;<\/p>\n<h4>Caract\u00e9ristiques ProOne G3.0 7\u2033 \u00e9l\u00e9ment filtrant pour l'eau :<\/h4>\n<ul>\n<li>Technologie de filtrage \"tout-en-un\" - AUCUN filtre suppl\u00e9mentaire n'est n\u00e9cessaire pour la r\u00e9duction du fluorure, par exemple.<\/li>\n<li>Enveloppe ext\u00e9rieure en c\u00e9ramique antibact\u00e9rienne infus\u00e9e et m\u00e9dia en vrac \u00e0 base de charbon actif brevet\u00e9 au c\u0153ur du filtre.<\/li>\n<li>Le pr\u00e9amor\u00e7age (pr\u00e9paration \u00e0 l'utilisation) n'est pas n\u00e9cessaire.<\/li>\n<li>Nettoyable et r\u00e9utilisable. Peut \u00eatre stock\u00e9 dans un endroit frais et sec lorsqu'il n'est pas utilis\u00e9. Il n'est donc pas n\u00e9cessaire qu'il reste humide (satur\u00e9) lorsqu'il n'est pas utilis\u00e9.<\/li>\n<li>Disponible en 4 variantes diff\u00e9rentes<\/li>\n<li>Voir ind\u00e9pendant <a href=\"https:\/\/www.alternatievemiddelen.nl\/wp-content\/uploads\/2023\/05\/ProOne-G2-0-waterfilter-elementen_testrapport.pdf\" target=\"_blank\" rel=\"noopener\">rapport de laboratoire<\/a>Test\u00e9 selon les normes NSF\/ANSI 42, 53, P231, P401 et P473<\/li>\n<li>Peut contenir de la noix de coco<\/li>\n<li>Pr\u00e9serve les min\u00e9raux sains et bons dont votre corps a besoin dans l'eau<\/li>\n<li>Taille : 17 cm<\/li>\n<li>Dur\u00e9e de vie : environ 3 400 litres ou 6 mois par \u00e9l\u00e9ment filtrant - soit 6 mois pour 1 \u00e9l\u00e9ment filtrant, 12 mois pour 2 \u00e9l\u00e9ments filtrants et m\u00eame 18 mois pour 3 \u00e9l\u00e9ments filtrants.<\/li>\n<\/ul>\n<p>&nbsp;<\/p>\n<h4>Tous les \u00e9l\u00e9ments filtrants ProOne en rang\u00e9e, \u00e9galement adapt\u00e9s \u00e0 d'autres marques de filtres \u00e0 eau<\/h4>\n<p>Les \u00e9l\u00e9ments filtrants ProOne sont disponibles en 4 variantes diff\u00e9rentes :<br \/>\n&#8211; <a href=\"https:\/\/www.alternatievemiddelen.nl\/fr\/produits\/proone-g3-0-m-element-filtrant-pour-leau\/\">ProOne G3.0 M \u00e9l\u00e9ment filtrant pour l'eau<\/a> (pour <a href=\"https:\/\/www.alternatievemiddelen.nl\/fr\/produits\/pichet-filtre-a-eau-proone\/\">ProOne carafe filtrante<\/a> et <a href=\"https:\/\/www.alternatievemiddelen.nl\/fr\/produits\/filtre-a-eau-proone-scout-ii\/\">Filtre \u00e0 eau ProOne Scout II<\/a>)<br \/>\n&#8211; <a href=\"https:\/\/www.alternatievemiddelen.nl\/fr\/produits\/proone-g3-0-5-element-filtrant-pour-leau\/\">ProOne G3.0 5\u2033 \u00e9l\u00e9ment filtrant pour l'eau<\/a> (principalement pour ProOne Traveler+ <a href=\"https:\/\/www.alternatievemiddelen.nl\/fr\/produits\/filtre-a-eau-proone-traveler-brillant\/\">poli<\/a> ou <a href=\"https:\/\/www.alternatievemiddelen.nl\/fr\/produits\/filtre-a-eau-proone-traveler-brosse\/\">bross\u00e9<\/a> et <a href=\"https:\/\/www.alternatievemiddelen.nl\/fr\/produits\/filtre-a-eau-proone-big-ii\/\">Big II<\/a> filtres \u00e0 eau)<br \/>\n&#8211; <a href=\"https:\/\/www.alternatievemiddelen.nl\/fr\/produits\/proone-g3-0-7-element-filtrant-pour-leau\/\">ProOne G3.0 7\u2033 \u00e9l\u00e9ment filtrant pour l'eau<\/a> (principalement pour ProOne Traveler+ <a href=\"https:\/\/www.alternatievemiddelen.nl\/fr\/produits\/filtre-a-eau-proone-traveler-brillant\/\">poli<\/a> ou <a href=\"https:\/\/www.alternatievemiddelen.nl\/fr\/produits\/filtre-a-eau-proone-traveler-brosse\/\">bross\u00e9<\/a>, ProOne Big+ <a href=\"https:\/\/www.alternatievemiddelen.nl\/fr\/produits\/filtre-a-eauproone-big-brillant\/\">poli<\/a> ou <a href=\"https:\/\/www.alternatievemiddelen.nl\/fr\/produits\/filtre-a-eau-proone-big-brosse\/\">bross\u00e9<\/a> et <a href=\"https:\/\/www.alternatievemiddelen.nl\/fr\/produits\/filtre-a-eau-proone-big-ii\/\">Big II<\/a> filtres \u00e0 eau)<br \/>\n&#8211; <a href=\"https:\/\/www.alternatievemiddelen.nl\/fr\/produits\/proone-g3-0-9-element-filtrant-pour-leau\/\">ProOne G3.0 9\u2033 \u00e9l\u00e9ment filtrant pour l'eau<\/a> (principalement pour ProOne Big+ <a href=\"https:\/\/www.alternatievemiddelen.nl\/fr\/produits\/filtre-a-eauproone-big-brillant\/\">poli<\/a> ou <a href=\"https:\/\/www.alternatievemiddelen.nl\/fr\/produits\/filtre-a-eau-proone-big-brosse\/\">bross\u00e9<\/a> filtres \u00e0 eau)<\/p>\n<p>Ils conviennent donc \u00e0 tous les syst\u00e8mes de filtration d'eau ProOne et \u00e0 la plupart des autres marques de filtres \u00e0 eau par gravit\u00e9 (y compris Berkey et British Berkefeld).<br \/>\n&nbsp;<\/p>\n<h4>Installation, nettoyage et remplacement<\/h4>\n<p>Les \u00e9l\u00e9ments filtrants ProOne G3.0 sont faciles \u00e0 installer, \u00e0 utiliser et \u00e0 nettoyer. L'amor\u00e7age n'est pas n\u00e9cessaire et aucun filtre suppl\u00e9mentaire n'est requis pour \u00e9liminer le fluorure. En outre, la p\u00e9riode de remplacement d\u00e9pend du nombre d'\u00e9l\u00e9ments filtrants utilis\u00e9s. Nous vous renvoyons donc \u00e0 notre <a href=\"https:\/\/www.alternatievemiddelen.nl\/fr\/la-bibliotheque\/\">biblioth\u00e8que<\/a>qui comprend des manuels, des vid\u00e9os d'instruction et des r\u00e9ponses aux questions les plus fr\u00e9quentes.<br \/>\n&nbsp;<\/p>\n<h4><b>-&gt; Vous pouvez \u00e9galement placer cet \u00e9l\u00e9ment filtrant dans un filtre \u00e0 eau Berkey et\/ou dans un filtre \u00e0 eau British Berkefeld.<\/b><\/h4>\n<p>&nbsp;<\/p>","protected":false},"excerpt":{"rendered":"<p>L'\u00e9l\u00e9ment filtrant ProOne G3.0 7\u2033, certifi\u00e9 NSF - Id\u00e9al pour les filtres \u00e0 eau ProOne Traveler+, Big II et Big+ et d'autres marques de filtres \u00e0 eau !<\/p>","protected":false},"featured_media":46662,"comment_status":"open","ping_status":"closed","template":"","meta":[],"product_brand":[],"product_cat":[2971,3099],"product_tag":[3008,3100,2976,3312,3232,3320,2967,2885,2979,3012,2980,3101],"merk":[3449],"class_list":{"0":"post-34555","1":"product","2":"type-product","3":"status-publish","4":"has-post-thumbnail","6":"product_cat-waterfilters","7":"product_cat-waterfilter-elementen","8":"product_tag-drinkwater","9":"product_tag-elementen","10":"product_tag-filterelement","11":"product_tag-g2-0","12":"product_tag-proone","13":"product_tag-proone-g2-0-7","14":"product_tag-schoon","15":"product_tag-water","16":"product_tag-waterfilter","17":"product_tag-waterfilters","18":"product_tag-waterzuivering","19":"product_tag-zuiverelementen","20":"merk-proone","22":"first","23":"outofstock","24":"taxable","25":"shipping-taxable","26":"purchasable","27":"product-type-simple"},"bundled_by":[],"bundle_stock_status":"outofstock","bundle_stock_quantity":0,"bundle_virtual":false,"bundle_layout":"","bundle_add_to_cart_form_location":"","bundle_editable_in_cart":false,"bundle_sold_individually_context":"","bundle_item_grouping":"","bundle_min_size":"","bundle_max_size":"","bundle_price":[],"bundled_items":[],"bundle_sell_ids":[44176],"yoast_head":"<!-- This site is optimized with the Yoast SEO plugin v26.1 - https:\/\/yoast.com\/wordpress\/plugins\/seo\/ -->\n<title>ProOne G3.0 7&quot; Waterfilter Element - Alternatievemiddelen.nl<\/title>\n<meta name=\"description\" content=\"Het ProOne G3.0 7&quot; waterfilter element, NSF-gecertificeerd - Ideaal voor voor ProOne Traveler+, Big II en Big+ waterfilters en andere merken waterfilters!\" \/>\n<meta name=\"robots\" content=\"index, follow, max-snippet:-1, max-image-preview:large, max-video-preview:-1\" \/>\n<link rel=\"canonical\" href=\"https:\/\/www.alternatievemiddelen.nl\/fr\/wp-json\/wp\/v2\/product\/34555\" \/>\n<meta property=\"og:locale\" content=\"fr_FR\" \/>\n<meta property=\"og:type\" content=\"article\" \/>\n<meta property=\"og:title\" content=\"ProOne G3.0 7&quot; Waterfilter Element - Alternatievemiddelen.nl\" \/>\n<meta property=\"og:description\" content=\"Het ProOne G3.0 7&quot; waterfilter element, NSF-gecertificeerd - Ideaal voor voor ProOne Traveler+, Big II en Big+ waterfilters en andere merken waterfilters!\" \/>\n<meta property=\"og:url\" content=\"https:\/\/www.alternatievemiddelen.nl\/fr\/produits\/proone-g3-0-7-element-filtrant-pour-leau\/\" \/>\n<meta property=\"og:site_name\" content=\"Alternatievemiddelen.nl\" \/>\n<meta property=\"article:publisher\" content=\"https:\/\/www.facebook.com\/alternatievemiddelen\" \/>\n<meta property=\"article:modified_time\" content=\"2025-08-07T04:38:23+00:00\" \/>\n<meta property=\"og:image\" content=\"\/wp-content\/uploads\/2024\/02\/ProOne-G3-0-7-inch-waterfilter-element.jpg\" \/>\n\t<meta property=\"og:image:width\" content=\"600\" \/>\n\t<meta property=\"og:image:height\" content=\"800\" \/>\n\t<meta property=\"og:image:type\" content=\"image\/jpeg\" \/>\n<meta name=\"twitter:card\" content=\"summary_large_image\" \/>\n<meta name=\"twitter:label1\" content=\"Dur\u00e9e de lecture estim\u00e9e\" \/>\n\t<meta name=\"twitter:data1\" content=\"3 minutes\" \/>\n<script type=\"application\/ld+json\" class=\"yoast-schema-graph\">{\"@context\":\"https:\/\/schema.org\",\"@graph\":[{\"@type\":[\"WebPage\",\"ItemPage\"],\"@id\":\"https:\/\/www.alternatievemiddelen.nl\/producten\/proone-g3-0-7-waterfilter-element\/\",\"url\":\"https:\/\/www.alternatievemiddelen.nl\/producten\/proone-g3-0-7-waterfilter-element\/\",\"name\":\"ProOne G3.0 7\\\" Waterfilter Element - Alternatievemiddelen.nl\",\"isPartOf\":{\"@id\":\"https:\/\/www.alternatievemiddelen.nl\/#website\"},\"primaryImageOfPage\":{\"@id\":\"https:\/\/www.alternatievemiddelen.nl\/producten\/proone-g3-0-7-waterfilter-element\/#primaryimage\"},\"image\":{\"@id\":\"https:\/\/www.alternatievemiddelen.nl\/producten\/proone-g3-0-7-waterfilter-element\/#primaryimage\"},\"thumbnailUrl\":\"https:\/\/www.alternatievemiddelen.nl\/wp-content\/uploads\/2024\/02\/ProOne-G3-0-7-inch-waterfilter-element.jpg\",\"datePublished\":\"2024-02-27T07:53:00+00:00\",\"dateModified\":\"2025-08-07T04:38:23+00:00\",\"description\":\"Het ProOne G3.0 7\\\" waterfilter element, NSF-gecertificeerd - Ideaal voor voor ProOne Traveler+, Big II en Big+ waterfilters en andere merken waterfilters!\",\"breadcrumb\":{\"@id\":\"https:\/\/www.alternatievemiddelen.nl\/producten\/proone-g3-0-7-waterfilter-element\/#breadcrumb\"},\"inLanguage\":\"fr-FR\",\"potentialAction\":[{\"@type\":\"ReadAction\",\"target\":[\"https:\/\/www.alternatievemiddelen.nl\/producten\/proone-g3-0-7-waterfilter-element\/\"]}]},{\"@type\":\"ImageObject\",\"inLanguage\":\"fr-FR\",\"@id\":\"https:\/\/www.alternatievemiddelen.nl\/producten\/proone-g3-0-7-waterfilter-element\/#primaryimage\",\"url\":\"https:\/\/www.alternatievemiddelen.nl\/wp-content\/uploads\/2024\/02\/ProOne-G3-0-7-inch-waterfilter-element.jpg\",\"contentUrl\":\"https:\/\/www.alternatievemiddelen.nl\/wp-content\/uploads\/2024\/02\/ProOne-G3-0-7-inch-waterfilter-element.jpg\",\"width\":600,\"height\":800,\"caption\":\"ProOne G3.0 7 inch waterfilter element\"},{\"@type\":\"BreadcrumbList\",\"@id\":\"https:\/\/www.alternatievemiddelen.nl\/producten\/proone-g3-0-7-waterfilter-element\/#breadcrumb\",\"itemListElement\":[{\"@type\":\"ListItem\",\"position\":1,\"name\":\"Home\",\"item\":\"https:\/\/www.alternatievemiddelen.nl\/\"},{\"@type\":\"ListItem\",\"position\":2,\"name\":\"Producten\",\"item\":\"https:\/\/www.alternatievemiddelen.nl\/producten\/\"},{\"@type\":\"ListItem\",\"position\":3,\"name\":\"ProOne G3.0 7&#8243; Waterfilter Element\"}]},{\"@type\":\"WebSite\",\"@id\":\"https:\/\/www.alternatievemiddelen.nl\/#website\",\"url\":\"https:\/\/www.alternatievemiddelen.nl\/\",\"name\":\"Alternatievemiddelen.nl\",\"description\":\"Webshop met gezonde, duurzame en ecologische alternatieve mogelijkheden in de hedendaagse levenstijl. Alles uit eigen ervaring.\",\"publisher\":{\"@id\":\"https:\/\/www.alternatievemiddelen.nl\/#organization\"},\"alternateName\":\"Alternatieve Middelen\",\"potentialAction\":[{\"@type\":\"SearchAction\",\"target\":{\"@type\":\"EntryPoint\",\"urlTemplate\":\"https:\/\/www.alternatievemiddelen.nl\/?s={search_term_string}\"},\"query-input\":{\"@type\":\"PropertyValueSpecification\",\"valueRequired\":true,\"valueName\":\"search_term_string\"}}],\"inLanguage\":\"fr-FR\"},{\"@type\":\"Organization\",\"@id\":\"https:\/\/www.alternatievemiddelen.nl\/#organization\",\"name\":\"Alternatievemiddelen.nl\",\"alternateName\":\"Alternatieve Middelen\",\"url\":\"https:\/\/www.alternatievemiddelen.nl\/\",\"logo\":{\"@type\":\"ImageObject\",\"inLanguage\":\"fr-FR\",\"@id\":\"https:\/\/www.alternatievemiddelen.nl\/#\/schema\/logo\/image\/\",\"url\":\"https:\/\/www.alternatievemiddelen.nl\/wp-content\/uploads\/2023\/10\/alternatievemiddelen-PNG-logo.png\",\"contentUrl\":\"https:\/\/www.alternatievemiddelen.nl\/wp-content\/uploads\/2023\/10\/alternatievemiddelen-PNG-logo.png\",\"width\":6400,\"height\":3062,\"caption\":\"Alternatievemiddelen.nl\"},\"image\":{\"@id\":\"https:\/\/www.alternatievemiddelen.nl\/#\/schema\/logo\/image\/\"},\"sameAs\":[\"https:\/\/www.facebook.com\/alternatievemiddelen\",\"https:\/\/www.instagram.com\/alternatievemiddelen.nl\/\"]}]}<\/script>\n<!-- \/ Yoast SEO plugin. -->","yoast_head_json":{"title":"ProOne G3.0 7\" Waterfilter Element - Alternatievemiddelen.nl","description":"Het ProOne G3.0 7\" waterfilter element, NSF-gecertificeerd - Ideaal voor voor ProOne Traveler+, Big II en Big+ waterfilters en andere merken waterfilters!","robots":{"index":"index","follow":"follow","max-snippet":"max-snippet:-1","max-image-preview":"max-image-preview:large","max-video-preview":"max-video-preview:-1"},"canonical":"https:\/\/www.alternatievemiddelen.nl\/fr\/wp-json\/wp\/v2\/product\/34555","og_locale":"fr_FR","og_type":"article","og_title":"ProOne G3.0 7\" Waterfilter Element - Alternatievemiddelen.nl","og_description":"Het ProOne G3.0 7\" waterfilter element, NSF-gecertificeerd - Ideaal voor voor ProOne Traveler+, Big II en Big+ waterfilters en andere merken waterfilters!","og_url":"https:\/\/www.alternatievemiddelen.nl\/fr\/produits\/proone-g3-0-7-element-filtrant-pour-leau\/","og_site_name":"Alternatievemiddelen.nl","article_publisher":"https:\/\/www.facebook.com\/alternatievemiddelen","article_modified_time":"2025-08-07T04:38:23+00:00","og_image":[{"width":600,"height":800,"url":"\/wp-content\/uploads\/2024\/02\/ProOne-G3-0-7-inch-waterfilter-element.jpg","type":"image\/jpeg"}],"twitter_card":"summary_large_image","twitter_misc":{"Dur\u00e9e de lecture estim\u00e9e":"3 minutes"},"schema":{"@context":"https:\/\/schema.org","@graph":[{"@type":["WebPage","ItemPage"],"@id":"https:\/\/www.alternatievemiddelen.nl\/producten\/proone-g3-0-7-waterfilter-element\/","url":"https:\/\/www.alternatievemiddelen.nl\/producten\/proone-g3-0-7-waterfilter-element\/","name":"ProOne G3.0 7\" Waterfilter Element - Alternatievemiddelen.nl","isPartOf":{"@id":"https:\/\/www.alternatievemiddelen.nl\/#website"},"primaryImageOfPage":{"@id":"https:\/\/www.alternatievemiddelen.nl\/producten\/proone-g3-0-7-waterfilter-element\/#primaryimage"},"image":{"@id":"https:\/\/www.alternatievemiddelen.nl\/producten\/proone-g3-0-7-waterfilter-element\/#primaryimage"},"thumbnailUrl":"https:\/\/www.alternatievemiddelen.nl\/wp-content\/uploads\/2024\/02\/ProOne-G3-0-7-inch-waterfilter-element.jpg","datePublished":"2024-02-27T07:53:00+00:00","dateModified":"2025-08-07T04:38:23+00:00","description":"Het ProOne G3.0 7\" waterfilter element, NSF-gecertificeerd - Ideaal voor voor ProOne Traveler+, Big II en Big+ waterfilters en andere merken waterfilters!","breadcrumb":{"@id":"https:\/\/www.alternatievemiddelen.nl\/producten\/proone-g3-0-7-waterfilter-element\/#breadcrumb"},"inLanguage":"fr-FR","potentialAction":[{"@type":"ReadAction","target":["https:\/\/www.alternatievemiddelen.nl\/producten\/proone-g3-0-7-waterfilter-element\/"]}]},{"@type":"ImageObject","inLanguage":"fr-FR","@id":"https:\/\/www.alternatievemiddelen.nl\/producten\/proone-g3-0-7-waterfilter-element\/#primaryimage","url":"https:\/\/www.alternatievemiddelen.nl\/wp-content\/uploads\/2024\/02\/ProOne-G3-0-7-inch-waterfilter-element.jpg","contentUrl":"https:\/\/www.alternatievemiddelen.nl\/wp-content\/uploads\/2024\/02\/ProOne-G3-0-7-inch-waterfilter-element.jpg","width":600,"height":800,"caption":"ProOne G3.0 7 inch waterfilter element"},{"@type":"BreadcrumbList","@id":"https:\/\/www.alternatievemiddelen.nl\/producten\/proone-g3-0-7-waterfilter-element\/#breadcrumb","itemListElement":[{"@type":"ListItem","position":1,"name":"Home","item":"https:\/\/www.alternatievemiddelen.nl\/"},{"@type":"ListItem","position":2,"name":"Producten","item":"https:\/\/www.alternatievemiddelen.nl\/producten\/"},{"@type":"ListItem","position":3,"name":"ProOne G3.0 7&#8243; Waterfilter Element"}]},{"@type":"WebSite","@id":"https:\/\/www.alternatievemiddelen.nl\/#website","url":"https:\/\/www.alternatievemiddelen.nl\/","name":"Alternatievemiddelen.nl","description":"Webshop met gezonde, duurzame en ecologische alternatieve mogelijkheden in de hedendaagse levenstijl. Alles uit eigen ervaring.","publisher":{"@id":"https:\/\/www.alternatievemiddelen.nl\/#organization"},"alternateName":"Alternatieve Middelen","potentialAction":[{"@type":"SearchAction","target":{"@type":"EntryPoint","urlTemplate":"https:\/\/www.alternatievemiddelen.nl\/?s={search_term_string}"},"query-input":{"@type":"PropertyValueSpecification","valueRequired":true,"valueName":"search_term_string"}}],"inLanguage":"fr-FR"},{"@type":"Organization","@id":"https:\/\/www.alternatievemiddelen.nl\/#organization","name":"Alternatievemiddelen.nl","alternateName":"Alternatieve Middelen","url":"https:\/\/www.alternatievemiddelen.nl\/","logo":{"@type":"ImageObject","inLanguage":"fr-FR","@id":"https:\/\/www.alternatievemiddelen.nl\/#\/schema\/logo\/image\/","url":"https:\/\/www.alternatievemiddelen.nl\/wp-content\/uploads\/2023\/10\/alternatievemiddelen-PNG-logo.png","contentUrl":"https:\/\/www.alternatievemiddelen.nl\/wp-content\/uploads\/2023\/10\/alternatievemiddelen-PNG-logo.png","width":6400,"height":3062,"caption":"Alternatievemiddelen.nl"},"image":{"@id":"https:\/\/www.alternatievemiddelen.nl\/#\/schema\/logo\/image\/"},"sameAs":["https:\/\/www.facebook.com\/alternatievemiddelen","https:\/\/www.instagram.com\/alternatievemiddelen.nl\/"]}]}},"_links":{"self":[{"href":"https:\/\/www.alternatievemiddelen.nl\/fr\/wp-json\/wp\/v2\/product\/34555","targetHints":{"allow":["GET"]}}],"collection":[{"href":"https:\/\/www.alternatievemiddelen.nl\/fr\/wp-json\/wp\/v2\/product"}],"about":[{"href":"https:\/\/www.alternatievemiddelen.nl\/fr\/wp-json\/wp\/v2\/types\/product"}],"replies":[{"embeddable":true,"href":"https:\/\/www.alternatievemiddelen.nl\/fr\/wp-json\/wp\/v2\/comments?post=34555"}],"wp:featuredmedia":[{"embeddable":true,"href":"https:\/\/www.alternatievemiddelen.nl\/fr\/wp-json\/wp\/v2\/media\/46662"}],"wp:attachment":[{"href":"https:\/\/www.alternatievemiddelen.nl\/fr\/wp-json\/wp\/v2\/media?parent=34555"}],"wp:term":[{"taxonomy":"product_brand","embeddable":true,"href":"https:\/\/www.alternatievemiddelen.nl\/fr\/wp-json\/wp\/v2\/product_brand?post=34555"},{"taxonomy":"product_cat","embeddable":true,"href":"https:\/\/www.alternatievemiddelen.nl\/fr\/wp-json\/wp\/v2\/product_cat?post=34555"},{"taxonomy":"product_tag","embeddable":true,"href":"https:\/\/www.alternatievemiddelen.nl\/fr\/wp-json\/wp\/v2\/product_tag?post=34555"},{"taxonomy":"merk","embeddable":true,"href":"https:\/\/www.alternatievemiddelen.nl\/fr\/wp-json\/wp\/v2\/merk?post=34555"}],"curies":[{"name":"wp","href":"https:\/\/api.w.org\/{rel}","templated":true}]}}