{"id":34566,"date":"2024-02-27T08:53:29","date_gmt":"2024-02-27T07:53:29","guid":{"rendered":"https:\/\/www.alternatievemiddelen.nl\/?post_type=product&#038;p=34566"},"modified":"2026-04-25T09:27:09","modified_gmt":"2026-04-25T07:27:09","slug":"royal-berkey-waterfilter-set","status":"publish","type":"product","link":"https:\/\/www.alternatievemiddelen.nl\/fr\/produits\/kit-de-filtration-deau-royal-berkey\/","title":{"rendered":"Kit Royal Berkey : Filtre \u00e0 eau 12,3L (comprenant 2x \u00e9l\u00e9ments Berkey noirs) + Voyant robinet plastique + Support"},"content":{"rendered":"<p>Royal Berkey Water Filter Set - Berkey est l'une des marques de filtres \u00e0 eau et de syst\u00e8mes de purification les plus vendues au monde. Elle est recommand\u00e9e par plusieurs magazines de sant\u00e9, laboratoires et sites Internet ind\u00e9pendants consacr\u00e9s \u00e0 la sant\u00e9. Elle compte des millions de clients satisfaits dans le monde entier.<br \/>\n&nbsp;<\/p>\n<h3>Informations sur le filtre \u00e0 eau Royal Berkey<\/h3>\n<p>Les filtres \u00e0 eau Berkey filtrent plus de 99,9% du chlore, des virus, des bact\u00e9ries, des kystes, des r\u00e9sidus de m\u00e9dicaments, des parasites et des contaminants chimiques dangereux. Les m\u00e9taux lourds sont filtr\u00e9s pendant 95% (jusqu'\u00e0 pr\u00e8s de 100% m\u00eame avec un filtre \u00e0 eau de Berkey).\u00a0<a href=\"https:\/\/www.alternatievemiddelen.nl\/fr\/produits\/elements-filtrants-pour-le-fluorure-et-larsenic\/\">filtres \u00e0 fluorure et \u00e0 arsenic<\/a>). Cela permet de pr\u00e9server les min\u00e9raux essentiels dont votre corps a besoin.<\/p>\n<p>Le filtre \u00e0 eau Royal Berkey est livr\u00e9 avec 2 pi\u00e8ces d'origine <a href=\"https:\/\/www.alternatievemiddelen.nl\/fr\/produits\/elements-de-filtre-a-eau-black-berkey\/\">\u00c9l\u00e9ments filtrants Berkey noirs<\/a> et peut \u00eatre \u00e9tendu \u00e0 quatre \u00e9l\u00e9ments. <a href=\"https:\/\/www.alternatievemiddelen.nl\/fr\/produits\/elements-de-filtre-a-eau-black-berkey\/\">\u00c9l\u00e9ments filtrants Berkey noirs<\/a> utilisent les derniers d\u00e9veloppements technologiques en mati\u00e8re de purification de l'eau. Les filtres \u00e0 eau Berkey sont donc consid\u00e9r\u00e9s comme les meilleurs et les plus durables syst\u00e8mes de filtration d'eau sur le march\u00e9 et sont les filtres \u00e0 eau portables les plus performants. Les \u00e9l\u00e9ments filtrants Black Berkey ont \u00e9t\u00e9 test\u00e9s par un laboratoire ind\u00e9pendant conform\u00e9ment aux normes 42 et 53 de la NSF\/ANSI. <a href=\"https:\/\/www.alternatievemiddelen.nl\/wp-content\/uploads\/2023\/07\/Testrapport-Black-Berkey-filterelementen.pdf\" target=\"_blank\" rel=\"noopener\">rapport de laboratoire<\/a> pour plus de d\u00e9tails.<\/p>\n<p>L'appareil a une capacit\u00e9 d'environ 12,3 litres d'eau, ce qui est largement suffisant pour la plupart des besoins. Vous pouvez utiliser les \u00e9l\u00e9ments filtrants Black Berkey pendant plusieurs ann\u00e9es, ce qui signifie que vous r\u00e9cup\u00e9rerez rapidement l'unit\u00e9 par rapport \u00e0 d'autres marques de filtres \u00e0 eau.<\/p>\n<p>Le bo\u00eetier est en acier inoxydable poli (304), pour une longue dur\u00e9e de vie.<br \/>\n&nbsp;<\/p>\n<h3>Caract\u00e9ristiques Royal Berkey Filtre \u00e0 eau<\/h3>\n<ul>\n<li>Le filtre \u00e0 eau id\u00e9al pour la maison et le bureau. Convient pour une utilisation par 2 \u00e0 6 personnes<\/li>\n<li>Filtre les virus, les bact\u00e9ries, les kystes et les parasites pendant plus de 99,9%<\/li>\n<li>Filtre les pesticides et les r\u00e9sidus de m\u00e9dicaments si bien qu'il n'est plus mesurable<\/li>\n<li>Filtre les m\u00e9taux lourds pendant plus de 95% (jusqu'\u00e0 pr\u00e8s de 100% m\u00eame avec des filtres \u00e0 particules).\u00a0<a href=\"https:\/\/www.alternatievemiddelen.nl\/fr\/produits\/elements-filtrants-pour-le-fluorure-et-larsenic\/\">filtres \u00e0 fluorure et \u00e0 arsenic<\/a>)<\/li>\n<li>Facile \u00e0 utiliser<\/li>\n<li>Capacit\u00e9 de 12,3 litres<\/li>\n<li>Fourni en standard avec 2 <a href=\"https:\/\/www.alternatievemiddelen.nl\/fr\/produits\/elements-de-filtre-a-eau-black-berkey\/\">\u00c9l\u00e9ments filtrants Berkey noirs<\/a><\/li>\n<li>Extensible jusqu'\u00e0 4\u00a0<a href=\"https:\/\/www.alternatievemiddelen.nl\/fr\/produits\/elements-de-filtre-a-eau-black-berkey\/\">\u00c9l\u00e9ments filtrants Berkey noirs<\/a><\/li>\n<li>Acier inoxydable AISI 304 poli et tr\u00e8s durable<\/li>\n<li>Filtre 15,1 litres par heure avec 2 \u00e9l\u00e9ments<\/li>\n<li>Filtre 30,2 litres par heure avec 4 \u00e9l\u00e9ments<\/li>\n<li>Hauteur : 58,4 cm<\/li>\n<li>Diam\u00e8tre : 24 cm<\/li>\n<\/ul>\n<p>&nbsp;<br \/>\nL'offre Royal Berkey est compos\u00e9e des produits list\u00e9s ci-dessous. Cliquez sur les num\u00e9ros d'articles pour plus d'informations sur les produits individuels. Les produits de l'offre :<\/p>\n<p>- Royal Berkey Filtre \u00e0 eau 12.3L (incluant 2x \u00e9l\u00e9ments noirs Berkey) - art.no. <a href=\"https:\/\/www.alternatievemiddelen.nl\/fr\/produits\/filtre-a-eau-royal-berkey\/\">BRRB4X2-BB<\/a><br \/>\n- Voyant robinet en plastique pour Royal Berkey - N\u00b0 d'art. <a href=\"https:\/\/www.alternatievemiddelen.nl\/fr\/produits\/robinet-de-regard-pour-filtre-a-eau-royal-berkey\/\">BRSG-10<\/a><br \/>\n- Support pour le filtre \u00e0 eau Royal Berkey - Art. no. <a href=\"https:\/\/www.alternatievemiddelen.nl\/fr\/produits\/standard-royal-berkey-pure-filters-family-water-filter\/\">BRLRGBASE<\/a><br \/>\n&nbsp;<\/p>\n<h3>Installation<\/h3>\n<p>Vous pouvez facilement assembler le Royal Berkey en quelques minutes sans outils. La premi\u00e8re \u00e9tape de la pr\u00e9paration d'un filtre \u00e0 eau Berkey est l'amor\u00e7age. <a href=\"https:\/\/www.alternatievemiddelen.nl\/fr\/produits\/elements-de-filtre-a-eau-black-berkey\/\">\u00c9l\u00e9ments filtrants Berkey noirs<\/a>. Il est important que cela soit fait correctement, sinon la purification de l'eau prendra beaucoup de temps. Pour toute information sur les filtres \u00e0 eau Berkey, veuillez vous r\u00e9f\u00e9rer \u00e0 notre site web <a href=\"https:\/\/www.alternatievemiddelen.nl\/fr\/la-bibliotheque\/\">biblioth\u00e8que<\/a>qui comprend des manuels, des vid\u00e9os d'instruction et des r\u00e9ponses aux questions les plus fr\u00e9quemment pos\u00e9es. En cas d'\u00e9chec de l'amor\u00e7age avec le robinet, un <a href=\"https:\/\/www.alternatievemiddelen.nl\/fr\/produits\/pompe-damorcage-de-filtre-automatique-boroux\/\">pompe d'amor\u00e7age automatique<\/a> ou <a href=\"https:\/\/www.alternatievemiddelen.nl\/fr\/produits\/amorce-black-berkey\/\">pompe d'amor\u00e7age manuelle<\/a> commander chez nous.<\/p>","protected":false},"excerpt":{"rendered":"<p>Kit Royal Berkey compos\u00e9 de : Royal Berkey Filtre \u00e0 eau 12.3L (incluant 2x \u00e9l\u00e9ments filtrants noirs Berkey), voyant, robinet en plastique et support en acier inoxydable.<\/p>\n<p><span style=\"color: #274001;\"><strong>Cette offre combin\u00e9e comprend<\/strong><\/span><\/p>","protected":false},"featured_media":44058,"comment_status":"open","ping_status":"closed","template":"","meta":[],"product_brand":[],"product_cat":[2971,3478],"product_tag":[2961,2974,2929,2976,2977,3010,3235,3030,2885,2979,2980,2981],"merk":[3432],"class_list":{"0":"post-34566","1":"product","2":"type-product","3":"status-publish","4":"has-post-thumbnail","6":"product_cat-waterfilters","7":"product_cat-combideals","8":"product_tag-berkey","9":"product_tag-black-berkey","10":"product_tag-duurzaam","11":"product_tag-filterelement","12":"product_tag-hormoonvrij","13":"product_tag-roestvrij","14":"product_tag-royal-berkey","15":"product_tag-set","16":"product_tag-water","17":"product_tag-waterfilter","18":"product_tag-waterzuivering","19":"product_tag-zuiver","20":"merk-berkey","22":"first","23":"instock","24":"sale","25":"taxable","26":"shipping-taxable","27":"purchasable","28":"product-type-bundle"},"bundled_by":[],"bundle_stock_status":"instock","bundle_stock_quantity":"","bundle_virtual":false,"bundle_layout":"tabular","bundle_add_to_cart_form_location":"default","bundle_editable_in_cart":false,"bundle_sold_individually_context":"product","bundle_item_grouping":"parent","bundle_min_size":3,"bundle_max_size":3,"bundle_price":{"price":{"min":{"incl_tax":"514.9","excl_tax":"425.53719"},"max":{"incl_tax":"514.9","excl_tax":"425.53719"}},"regular_price":{"min":{"incl_tax":"542","excl_tax":"447.933884"},"max":{"incl_tax":"542","excl_tax":"447.933884"}}},"bundled_items":[{"bundled_item_id":168,"product_id":34412,"menu_order":0,"quantity_min":1,"quantity_max":1,"quantity_default":1,"priced_individually":false,"shipped_individually":false,"override_title":false,"title":"Royal Berkey Waterfilter 12,3L","override_description":false,"description":"","optional":false,"hide_thumbnail":false,"discount":"","override_variations":true,"allowed_variations":[35794],"override_default_variation_attributes":false,"default_variation_attributes":[],"single_product_visibility":"visible","cart_visibility":"hidden","order_visibility":"hidden","single_product_price_visibility":"visible","cart_price_visibility":"visible","order_price_visibility":"visible","stock_status":"in_stock"},{"bundled_item_id":74,"product_id":34521,"menu_order":1,"quantity_min":1,"quantity_max":1,"quantity_default":1,"priced_individually":false,"shipped_individually":false,"override_title":false,"title":"Kijkglaskraantje plastic voor Royal Berkey waterfilter","override_description":true,"description":"","optional":false,"hide_thumbnail":false,"discount":"","override_variations":false,"allowed_variations":[],"override_default_variation_attributes":false,"default_variation_attributes":[],"single_product_visibility":"visible","cart_visibility":"hidden","order_visibility":"hidden","single_product_price_visibility":"visible","cart_price_visibility":"visible","order_price_visibility":"visible","stock_status":"in_stock"},{"bundled_item_id":75,"product_id":34567,"menu_order":2,"quantity_min":1,"quantity_max":1,"quantity_default":1,"priced_individually":false,"shipped_individually":false,"override_title":false,"title":"Standaard voor Royal Berkey en Pure Filters Family waterfilter","override_description":true,"description":"","optional":false,"hide_thumbnail":false,"discount":"","override_variations":false,"allowed_variations":[],"override_default_variation_attributes":false,"default_variation_attributes":[],"single_product_visibility":"visible","cart_visibility":"hidden","order_visibility":"hidden","single_product_price_visibility":"visible","cart_price_visibility":"visible","order_price_visibility":"visible","stock_status":"in_stock"}],"bundle_sell_ids":[],"yoast_head":"<!-- This site is optimized with the Yoast SEO plugin v26.1 - https:\/\/yoast.com\/wordpress\/plugins\/seo\/ -->\n<title>Royal Berkey set: Waterfilter 12,3L (inclusief 2x Black Berkey elementen) + Kijkglaskraantje plastic + Standaard - Alternatievemiddelen.nl<\/title>\n<meta name=\"description\" content=\"Royal Berkey set bestaande uit: Royal Berkey Waterfilter 12,3L (inclusief 2x Black Berkey filterelementen),\u00a0kijkglaskraantje plastic en\u00a0RVS standaard.\" \/>\n<meta name=\"robots\" content=\"index, follow, max-snippet:-1, max-image-preview:large, max-video-preview:-1\" \/>\n<link rel=\"canonical\" href=\"https:\/\/www.alternatievemiddelen.nl\/fr\/wp-json\/wp\/v2\/product\/34566\" \/>\n<meta property=\"og:locale\" content=\"fr_FR\" \/>\n<meta property=\"og:type\" content=\"article\" \/>\n<meta property=\"og:title\" content=\"Royal Berkey set: Waterfilter 12,3L (inclusief 2x Black Berkey elementen) + Kijkglaskraantje plastic + Standaard - Alternatievemiddelen.nl\" \/>\n<meta property=\"og:description\" content=\"Royal Berkey set bestaande uit: Royal Berkey Waterfilter 12,3L (inclusief 2x Black Berkey filterelementen),\u00a0kijkglaskraantje plastic en\u00a0RVS standaard.\" \/>\n<meta property=\"og:url\" content=\"https:\/\/www.alternatievemiddelen.nl\/fr\/produits\/kit-de-filtration-deau-royal-berkey\/\" \/>\n<meta property=\"og:site_name\" content=\"Alternatievemiddelen.nl\" \/>\n<meta property=\"article:modified_time\" content=\"2026-04-25T07:27:09+00:00\" \/>\n<meta property=\"og:image\" content=\"\/wp-content\/uploads\/2024\/02\/Royal_Berkey-set-nieuw.jpg\" \/>\n\t<meta property=\"og:image:width\" content=\"1200\" \/>\n\t<meta property=\"og:image:height\" content=\"1600\" \/>\n\t<meta property=\"og:image:type\" content=\"image\/jpeg\" \/>\n<meta name=\"twitter:card\" content=\"summary_large_image\" \/>\n<meta name=\"twitter:label1\" content=\"Dur\u00e9e de lecture estim\u00e9e\" \/>\n\t<meta name=\"twitter:data1\" content=\"3 minutes\" \/>\n<script type=\"application\/ld+json\" class=\"yoast-schema-graph\">{\"@context\":\"https:\/\/schema.org\",\"@graph\":[{\"@type\":[\"WebPage\",\"ItemPage\"],\"@id\":\"https:\/\/www.alternatievemiddelen.nl\/producten\/royal-berkey-waterfilter-set\/\",\"url\":\"https:\/\/www.alternatievemiddelen.nl\/producten\/royal-berkey-waterfilter-set\/\",\"name\":\"Royal Berkey set: Waterfilter 12,3L (inclusief 2x Black Berkey elementen) + Kijkglaskraantje plastic + Standaard - Alternatievemiddelen.nl\",\"isPartOf\":{\"@id\":\"https:\/\/www.alternatievemiddelen.nl\/#website\"},\"primaryImageOfPage\":{\"@id\":\"https:\/\/www.alternatievemiddelen.nl\/producten\/royal-berkey-waterfilter-set\/#primaryimage\"},\"image\":{\"@id\":\"https:\/\/www.alternatievemiddelen.nl\/producten\/royal-berkey-waterfilter-set\/#primaryimage\"},\"thumbnailUrl\":\"https:\/\/www.alternatievemiddelen.nl\/wp-content\/uploads\/2024\/02\/Royal_Berkey-set-nieuw.jpg\",\"datePublished\":\"2024-02-27T07:53:29+00:00\",\"dateModified\":\"2026-04-25T07:27:09+00:00\",\"description\":\"Royal Berkey set bestaande uit: Royal Berkey Waterfilter 12,3L (inclusief 2x Black Berkey filterelementen),\u00a0kijkglaskraantje plastic en\u00a0RVS standaard.\",\"breadcrumb\":{\"@id\":\"https:\/\/www.alternatievemiddelen.nl\/producten\/royal-berkey-waterfilter-set\/#breadcrumb\"},\"inLanguage\":\"fr-FR\",\"potentialAction\":[{\"@type\":\"ReadAction\",\"target\":[\"https:\/\/www.alternatievemiddelen.nl\/producten\/royal-berkey-waterfilter-set\/\"]}]},{\"@type\":\"ImageObject\",\"inLanguage\":\"fr-FR\",\"@id\":\"https:\/\/www.alternatievemiddelen.nl\/producten\/royal-berkey-waterfilter-set\/#primaryimage\",\"url\":\"https:\/\/www.alternatievemiddelen.nl\/wp-content\/uploads\/2024\/02\/Royal_Berkey-set-nieuw.jpg\",\"contentUrl\":\"https:\/\/www.alternatievemiddelen.nl\/wp-content\/uploads\/2024\/02\/Royal_Berkey-set-nieuw.jpg\",\"width\":1200,\"height\":1600,\"caption\":\"Royal Berkey set met kijkglaskraantje plastic\"},{\"@type\":\"BreadcrumbList\",\"@id\":\"https:\/\/www.alternatievemiddelen.nl\/producten\/royal-berkey-waterfilter-set\/#breadcrumb\",\"itemListElement\":[{\"@type\":\"ListItem\",\"position\":1,\"name\":\"Home\",\"item\":\"https:\/\/www.alternatievemiddelen.nl\/\"},{\"@type\":\"ListItem\",\"position\":2,\"name\":\"Producten\",\"item\":\"https:\/\/www.alternatievemiddelen.nl\/producten\/\"},{\"@type\":\"ListItem\",\"position\":3,\"name\":\"Royal Berkey set: Waterfilter 12,3L (inclusief 2x Black Berkey elementen) + Kijkglaskraantje plastic + Standaard\"}]},{\"@type\":\"WebSite\",\"@id\":\"https:\/\/www.alternatievemiddelen.nl\/#website\",\"url\":\"https:\/\/www.alternatievemiddelen.nl\/\",\"name\":\"Alternatievemiddelen.nl\",\"description\":\"Webshop met gezonde, duurzame en ecologische alternatieve mogelijkheden in de hedendaagse levenstijl. Alles uit eigen ervaring.\",\"publisher\":{\"@id\":\"https:\/\/www.alternatievemiddelen.nl\/#organization\"},\"potentialAction\":[{\"@type\":\"SearchAction\",\"target\":{\"@type\":\"EntryPoint\",\"urlTemplate\":\"https:\/\/www.alternatievemiddelen.nl\/?s={search_term_string}\"},\"query-input\":{\"@type\":\"PropertyValueSpecification\",\"valueRequired\":true,\"valueName\":\"search_term_string\"}}],\"inLanguage\":\"fr-FR\"},{\"@type\":\"Organization\",\"@id\":\"https:\/\/www.alternatievemiddelen.nl\/#organization\",\"name\":\"Alternatievemiddelen.nl\",\"url\":\"https:\/\/www.alternatievemiddelen.nl\/\",\"logo\":{\"@type\":\"ImageObject\",\"inLanguage\":\"fr-FR\",\"@id\":\"https:\/\/www.alternatievemiddelen.nl\/#\/schema\/logo\/image\/\",\"url\":\"https:\/\/www.alternatievemiddelen.nl\/wp-content\/uploads\/2023\/10\/alternatievemiddelen-PNG-logo.png\",\"contentUrl\":\"https:\/\/www.alternatievemiddelen.nl\/wp-content\/uploads\/2023\/10\/alternatievemiddelen-PNG-logo.png\",\"width\":6400,\"height\":3062,\"caption\":\"Alternatievemiddelen.nl\"},\"image\":{\"@id\":\"https:\/\/www.alternatievemiddelen.nl\/#\/schema\/logo\/image\/\"}}]}<\/script>\n<!-- \/ Yoast SEO plugin. -->","yoast_head_json":{"title":"Royal Berkey set: Waterfilter 12,3L (inclusief 2x Black Berkey elementen) + Kijkglaskraantje plastic + Standaard - Alternatievemiddelen.nl","description":"Royal Berkey set bestaande uit: Royal Berkey Waterfilter 12,3L (inclusief 2x Black Berkey filterelementen),\u00a0kijkglaskraantje plastic en\u00a0RVS standaard.","robots":{"index":"index","follow":"follow","max-snippet":"max-snippet:-1","max-image-preview":"max-image-preview:large","max-video-preview":"max-video-preview:-1"},"canonical":"https:\/\/www.alternatievemiddelen.nl\/fr\/wp-json\/wp\/v2\/product\/34566","og_locale":"fr_FR","og_type":"article","og_title":"Royal Berkey set: Waterfilter 12,3L (inclusief 2x Black Berkey elementen) + Kijkglaskraantje plastic + Standaard - Alternatievemiddelen.nl","og_description":"Royal Berkey set bestaande uit: Royal Berkey Waterfilter 12,3L (inclusief 2x Black Berkey filterelementen),\u00a0kijkglaskraantje plastic en\u00a0RVS standaard.","og_url":"https:\/\/www.alternatievemiddelen.nl\/fr\/produits\/kit-de-filtration-deau-royal-berkey\/","og_site_name":"Alternatievemiddelen.nl","article_modified_time":"2026-04-25T07:27:09+00:00","og_image":[{"width":1200,"height":1600,"url":"\/wp-content\/uploads\/2024\/02\/Royal_Berkey-set-nieuw.jpg","type":"image\/jpeg"}],"twitter_card":"summary_large_image","twitter_misc":{"Dur\u00e9e de lecture estim\u00e9e":"3 minutes"},"schema":{"@context":"https:\/\/schema.org","@graph":[{"@type":["WebPage","ItemPage"],"@id":"https:\/\/www.alternatievemiddelen.nl\/producten\/royal-berkey-waterfilter-set\/","url":"https:\/\/www.alternatievemiddelen.nl\/producten\/royal-berkey-waterfilter-set\/","name":"Royal Berkey set: Waterfilter 12,3L (inclusief 2x Black Berkey elementen) + Kijkglaskraantje plastic + Standaard - Alternatievemiddelen.nl","isPartOf":{"@id":"https:\/\/www.alternatievemiddelen.nl\/#website"},"primaryImageOfPage":{"@id":"https:\/\/www.alternatievemiddelen.nl\/producten\/royal-berkey-waterfilter-set\/#primaryimage"},"image":{"@id":"https:\/\/www.alternatievemiddelen.nl\/producten\/royal-berkey-waterfilter-set\/#primaryimage"},"thumbnailUrl":"https:\/\/www.alternatievemiddelen.nl\/wp-content\/uploads\/2024\/02\/Royal_Berkey-set-nieuw.jpg","datePublished":"2024-02-27T07:53:29+00:00","dateModified":"2026-04-25T07:27:09+00:00","description":"Royal Berkey set bestaande uit: Royal Berkey Waterfilter 12,3L (inclusief 2x Black Berkey filterelementen),\u00a0kijkglaskraantje plastic en\u00a0RVS standaard.","breadcrumb":{"@id":"https:\/\/www.alternatievemiddelen.nl\/producten\/royal-berkey-waterfilter-set\/#breadcrumb"},"inLanguage":"fr-FR","potentialAction":[{"@type":"ReadAction","target":["https:\/\/www.alternatievemiddelen.nl\/producten\/royal-berkey-waterfilter-set\/"]}]},{"@type":"ImageObject","inLanguage":"fr-FR","@id":"https:\/\/www.alternatievemiddelen.nl\/producten\/royal-berkey-waterfilter-set\/#primaryimage","url":"https:\/\/www.alternatievemiddelen.nl\/wp-content\/uploads\/2024\/02\/Royal_Berkey-set-nieuw.jpg","contentUrl":"https:\/\/www.alternatievemiddelen.nl\/wp-content\/uploads\/2024\/02\/Royal_Berkey-set-nieuw.jpg","width":1200,"height":1600,"caption":"Royal Berkey set met kijkglaskraantje plastic"},{"@type":"BreadcrumbList","@id":"https:\/\/www.alternatievemiddelen.nl\/producten\/royal-berkey-waterfilter-set\/#breadcrumb","itemListElement":[{"@type":"ListItem","position":1,"name":"Home","item":"https:\/\/www.alternatievemiddelen.nl\/"},{"@type":"ListItem","position":2,"name":"Producten","item":"https:\/\/www.alternatievemiddelen.nl\/producten\/"},{"@type":"ListItem","position":3,"name":"Royal Berkey set: Waterfilter 12,3L (inclusief 2x Black Berkey elementen) + Kijkglaskraantje plastic + Standaard"}]},{"@type":"WebSite","@id":"https:\/\/www.alternatievemiddelen.nl\/#website","url":"https:\/\/www.alternatievemiddelen.nl\/","name":"Alternatievemiddelen.nl","description":"Webshop met gezonde, duurzame en ecologische alternatieve mogelijkheden in de hedendaagse levenstijl. Alles uit eigen ervaring.","publisher":{"@id":"https:\/\/www.alternatievemiddelen.nl\/#organization"},"potentialAction":[{"@type":"SearchAction","target":{"@type":"EntryPoint","urlTemplate":"https:\/\/www.alternatievemiddelen.nl\/?s={search_term_string}"},"query-input":{"@type":"PropertyValueSpecification","valueRequired":true,"valueName":"search_term_string"}}],"inLanguage":"fr-FR"},{"@type":"Organization","@id":"https:\/\/www.alternatievemiddelen.nl\/#organization","name":"Alternatievemiddelen.nl","url":"https:\/\/www.alternatievemiddelen.nl\/","logo":{"@type":"ImageObject","inLanguage":"fr-FR","@id":"https:\/\/www.alternatievemiddelen.nl\/#\/schema\/logo\/image\/","url":"https:\/\/www.alternatievemiddelen.nl\/wp-content\/uploads\/2023\/10\/alternatievemiddelen-PNG-logo.png","contentUrl":"https:\/\/www.alternatievemiddelen.nl\/wp-content\/uploads\/2023\/10\/alternatievemiddelen-PNG-logo.png","width":6400,"height":3062,"caption":"Alternatievemiddelen.nl"},"image":{"@id":"https:\/\/www.alternatievemiddelen.nl\/#\/schema\/logo\/image\/"}}]}},"_links":{"self":[{"href":"https:\/\/www.alternatievemiddelen.nl\/fr\/wp-json\/wp\/v2\/product\/34566","targetHints":{"allow":["GET"]}}],"collection":[{"href":"https:\/\/www.alternatievemiddelen.nl\/fr\/wp-json\/wp\/v2\/product"}],"about":[{"href":"https:\/\/www.alternatievemiddelen.nl\/fr\/wp-json\/wp\/v2\/types\/product"}],"replies":[{"embeddable":true,"href":"https:\/\/www.alternatievemiddelen.nl\/fr\/wp-json\/wp\/v2\/comments?post=34566"}],"wp:featuredmedia":[{"embeddable":true,"href":"https:\/\/www.alternatievemiddelen.nl\/fr\/wp-json\/wp\/v2\/media\/44058"}],"wp:attachment":[{"href":"https:\/\/www.alternatievemiddelen.nl\/fr\/wp-json\/wp\/v2\/media?parent=34566"}],"wp:term":[{"taxonomy":"product_brand","embeddable":true,"href":"https:\/\/www.alternatievemiddelen.nl\/fr\/wp-json\/wp\/v2\/product_brand?post=34566"},{"taxonomy":"product_cat","embeddable":true,"href":"https:\/\/www.alternatievemiddelen.nl\/fr\/wp-json\/wp\/v2\/product_cat?post=34566"},{"taxonomy":"product_tag","embeddable":true,"href":"https:\/\/www.alternatievemiddelen.nl\/fr\/wp-json\/wp\/v2\/product_tag?post=34566"},{"taxonomy":"merk","embeddable":true,"href":"https:\/\/www.alternatievemiddelen.nl\/fr\/wp-json\/wp\/v2\/merk?post=34566"}],"curies":[{"name":"wp","href":"https:\/\/api.w.org\/{rel}","templated":true}]}}