{"id":34567,"date":"2024-02-27T08:53:54","date_gmt":"2024-02-27T07:53:54","guid":{"rendered":"https:\/\/www.alternatievemiddelen.nl\/?post_type=product&#038;p=34567"},"modified":"2026-03-28T14:28:35","modified_gmt":"2026-03-28T13:28:35","slug":"standaard-royal-berkey-pure-filters-family-waterfilter","status":"publish","type":"product","link":"https:\/\/www.alternatievemiddelen.nl\/fr\/produits\/standard-royal-berkey-pure-filters-family-water-filter\/","title":{"rendered":"Standard pour les filtres \u00e0 eau Royal Berkey et Pure Filters Family"},"content":{"rendered":"<p>Support pour le filtre \u00e0 eau Royal Berkey et Pure Filters Family. Ce support ajoute design et fonctionnalit\u00e9 \u00e0 votre <a href=\"https:\/\/www.alternatievemiddelen.nl\/fr\/produits\/filtre-a-eau-royal-berkey\/\">Royal Berkey<\/a> ou <a href=\"https:\/\/www.alternatievemiddelen.nl\/fr\/produits\/filtre-a-eau-pure-filters-family\/\">Pure Filters Filtre \u00e0 eau familial<\/a>. Le support est fabriqu\u00e9 en fil d'acier inoxydable poli et mesure environ 15 centim\u00e8tres de haut. Il est ainsi facile de placer un verre, une casserole ou une tasse sous le robinet. Le dessous des pieds est caoutchout\u00e9, ce qui emp\u00eache le support de s'ab\u00eemer et lui conf\u00e8re une durabilit\u00e9 et une stabilit\u00e9 accrues. Le support est disponible en 4 tailles, con\u00e7ues pour s'adapter \u00e0 toutes les tailles de filtres \u00e0 eau.<\/p>\n<p>Ce support convient aux filtres \u00e0 eau Royal Berkey et Pure Filters Family, ainsi qu'aux filtres \u00e0 eau de la gamme Pure Filters. <u><b>Relevez votre filtre \u00e0 eau d'environ 15 cm.<\/b><\/u><br \/>\n&nbsp;<\/p>\n<h3>Compl\u00e9ment \u00e0 votre filtre \u00e0 eau en acier inoxydable<\/h3>\n<p>Commandez-la donc facilement \u00e0 votre <a href=\"https:\/\/www.alternatievemiddelen.nl\/fr\/produits\/filtre-a-eau-royal-berkey\/\">Royal Berkey<\/a> ou <a href=\"https:\/\/www.alternatievemiddelen.nl\/fr\/produits\/filtre-a-eau-pure-filters-family\/\">Pure Filters Filtre \u00e0 eau familial<\/a>. Le support est un compl\u00e9ment tr\u00e8s appr\u00e9ci\u00e9 des filtres \u00e0 eau, c'est pourquoi nous avons compos\u00e9 des ensembles complets avec nos marques de filtres \u00e0 eau qui incluent ce support. Un set se compose donc d'un filtre \u00e0 eau, d'un support et d'un robinet (en acier inoxydable ou en verre). Vous b\u00e9n\u00e9ficiez bien entendu d'une remise sur le set. Vous trouverez ces sets avantageux sur notre site <a href=\"https:\/\/www.alternatievemiddelen.nl\/fr\/categorie-de-produits-2\/filtres-a-eau\/offres-combinees\/\">Page d'offres Combideals<\/a>.<br \/>\n&nbsp;<\/p>\n<h3>Aucun assemblage n'est n\u00e9cessaire<\/h3>\n<p>Il n'est pas n\u00e9cessaire d'assembler ce produit, car le support est d'une seule pi\u00e8ce. Il suffit d'enlever l'emballage et il est pr\u00eat \u00e0 recevoir un filtre \u00e0 eau.<\/p>","protected":false},"excerpt":{"rendered":"<p>Support en acier inoxydable pour les filtres \u00e0 eau Royal Berkey et Pure Filters Family, permettant de placer facilement un verre ou une casserole sous le robinet du filtre \u00e0 eau.<\/p>","protected":false},"featured_media":30902,"comment_status":"open","ping_status":"closed","template":"","meta":[],"product_brand":[],"product_cat":[2971,3013],"product_tag":[3362,2961,3645,3632,3646,3010,3235,3106,2885,2979],"merk":[3432,3630],"class_list":{"0":"post-34567","1":"product","2":"type-product","3":"status-publish","4":"has-post-thumbnail","6":"product_cat-waterfilters","7":"product_cat-waterfilter-accessoires","8":"product_tag-basis","9":"product_tag-berkey","10":"product_tag-family","11":"product_tag-pure-filters","12":"product_tag-pure-filters-family","13":"product_tag-roestvrij","14":"product_tag-royal-berkey","15":"product_tag-standaard","16":"product_tag-water","17":"product_tag-waterfilter","18":"merk-berkey","19":"merk-pure-filters","21":"first","22":"instock","23":"taxable","24":"shipping-taxable","25":"purchasable","26":"product-type-simple"},"bundled_by":["34412","34566","34471","34527","34481"],"bundle_stock_status":"instock","bundle_stock_quantity":null,"bundle_virtual":false,"bundle_layout":"","bundle_add_to_cart_form_location":"","bundle_editable_in_cart":false,"bundle_sold_individually_context":"","bundle_item_grouping":"","bundle_min_size":"","bundle_max_size":"","bundle_price":[],"bundled_items":[],"bundle_sell_ids":[44176],"yoast_head":"<!-- This site is optimized with the Yoast SEO plugin v26.1 - https:\/\/yoast.com\/wordpress\/plugins\/seo\/ -->\n<title>Standaard voor Royal Berkey en Pure Filters Family waterfilter - Alternatievemiddelen.nl<\/title>\n<meta name=\"description\" content=\"RVS standaard voor Royal Berkey en Pure Filters Family waterfilter, plaats hiermee makkelijk een glas of pan onder het kraantje van de waterfilter.\" \/>\n<meta name=\"robots\" content=\"index, follow, max-snippet:-1, max-image-preview:large, max-video-preview:-1\" \/>\n<link rel=\"canonical\" href=\"https:\/\/www.alternatievemiddelen.nl\/fr\/wp-json\/wp\/v2\/product\/34567\" \/>\n<meta property=\"og:locale\" content=\"fr_FR\" \/>\n<meta property=\"og:type\" content=\"article\" \/>\n<meta property=\"og:title\" content=\"Standaard voor Royal Berkey en Pure Filters Family waterfilter - Alternatievemiddelen.nl\" \/>\n<meta property=\"og:description\" content=\"RVS standaard voor Royal Berkey en Pure Filters Family waterfilter, plaats hiermee makkelijk een glas of pan onder het kraantje van de waterfilter.\" \/>\n<meta property=\"og:url\" content=\"https:\/\/www.alternatievemiddelen.nl\/fr\/produits\/standard-royal-berkey-pure-filters-family-water-filter\/\" \/>\n<meta property=\"og:site_name\" content=\"Alternatievemiddelen.nl\" \/>\n<meta property=\"article:modified_time\" content=\"2026-03-28T13:28:35+00:00\" \/>\n<meta property=\"og:image\" content=\"\/wp-content\/uploads\/2023\/12\/Berkey-Base-1.jpg\" \/>\n\t<meta property=\"og:image:width\" content=\"600\" \/>\n\t<meta property=\"og:image:height\" content=\"800\" \/>\n\t<meta property=\"og:image:type\" content=\"image\/jpeg\" \/>\n<meta name=\"twitter:card\" content=\"summary_large_image\" \/>\n<meta name=\"twitter:label1\" content=\"Dur\u00e9e de lecture estim\u00e9e\" \/>\n\t<meta name=\"twitter:data1\" content=\"2 minutes\" \/>\n<script type=\"application\/ld+json\" class=\"yoast-schema-graph\">{\"@context\":\"https:\/\/schema.org\",\"@graph\":[{\"@type\":[\"WebPage\",\"ItemPage\"],\"@id\":\"https:\/\/www.alternatievemiddelen.nl\/producten\/standaard-royal-berkey-pure-filters-family-waterfilter\/\",\"url\":\"https:\/\/www.alternatievemiddelen.nl\/producten\/standaard-royal-berkey-pure-filters-family-waterfilter\/\",\"name\":\"Standaard voor Royal Berkey en Pure Filters Family waterfilter - Alternatievemiddelen.nl\",\"isPartOf\":{\"@id\":\"https:\/\/www.alternatievemiddelen.nl\/#website\"},\"primaryImageOfPage\":{\"@id\":\"https:\/\/www.alternatievemiddelen.nl\/producten\/standaard-royal-berkey-pure-filters-family-waterfilter\/#primaryimage\"},\"image\":{\"@id\":\"https:\/\/www.alternatievemiddelen.nl\/producten\/standaard-royal-berkey-pure-filters-family-waterfilter\/#primaryimage\"},\"thumbnailUrl\":\"https:\/\/www.alternatievemiddelen.nl\/wp-content\/uploads\/2023\/12\/Berkey-Base-1.jpg\",\"datePublished\":\"2024-02-27T07:53:54+00:00\",\"dateModified\":\"2026-03-28T13:28:35+00:00\",\"description\":\"RVS standaard voor Royal Berkey en Pure Filters Family waterfilter, plaats hiermee makkelijk een glas of pan onder het kraantje van de waterfilter.\",\"breadcrumb\":{\"@id\":\"https:\/\/www.alternatievemiddelen.nl\/producten\/standaard-royal-berkey-pure-filters-family-waterfilter\/#breadcrumb\"},\"inLanguage\":\"fr-FR\",\"potentialAction\":[{\"@type\":\"ReadAction\",\"target\":[\"https:\/\/www.alternatievemiddelen.nl\/producten\/standaard-royal-berkey-pure-filters-family-waterfilter\/\"]}]},{\"@type\":\"ImageObject\",\"inLanguage\":\"fr-FR\",\"@id\":\"https:\/\/www.alternatievemiddelen.nl\/producten\/standaard-royal-berkey-pure-filters-family-waterfilter\/#primaryimage\",\"url\":\"https:\/\/www.alternatievemiddelen.nl\/wp-content\/uploads\/2023\/12\/Berkey-Base-1.jpg\",\"contentUrl\":\"https:\/\/www.alternatievemiddelen.nl\/wp-content\/uploads\/2023\/12\/Berkey-Base-1.jpg\",\"width\":600,\"height\":800,\"caption\":\"Standaard voor Big Berkey waterfilter\"},{\"@type\":\"BreadcrumbList\",\"@id\":\"https:\/\/www.alternatievemiddelen.nl\/producten\/standaard-royal-berkey-pure-filters-family-waterfilter\/#breadcrumb\",\"itemListElement\":[{\"@type\":\"ListItem\",\"position\":1,\"name\":\"Home\",\"item\":\"https:\/\/www.alternatievemiddelen.nl\/\"},{\"@type\":\"ListItem\",\"position\":2,\"name\":\"Producten\",\"item\":\"https:\/\/www.alternatievemiddelen.nl\/producten\/\"},{\"@type\":\"ListItem\",\"position\":3,\"name\":\"Standaard voor Royal Berkey en Pure Filters Family waterfilter\"}]},{\"@type\":\"WebSite\",\"@id\":\"https:\/\/www.alternatievemiddelen.nl\/#website\",\"url\":\"https:\/\/www.alternatievemiddelen.nl\/\",\"name\":\"Alternatievemiddelen.nl\",\"description\":\"Webshop met gezonde, duurzame en ecologische alternatieve mogelijkheden in de hedendaagse levenstijl. Alles uit eigen ervaring.\",\"publisher\":{\"@id\":\"https:\/\/www.alternatievemiddelen.nl\/#organization\"},\"potentialAction\":[{\"@type\":\"SearchAction\",\"target\":{\"@type\":\"EntryPoint\",\"urlTemplate\":\"https:\/\/www.alternatievemiddelen.nl\/?s={search_term_string}\"},\"query-input\":{\"@type\":\"PropertyValueSpecification\",\"valueRequired\":true,\"valueName\":\"search_term_string\"}}],\"inLanguage\":\"fr-FR\"},{\"@type\":\"Organization\",\"@id\":\"https:\/\/www.alternatievemiddelen.nl\/#organization\",\"name\":\"Alternatievemiddelen.nl\",\"url\":\"https:\/\/www.alternatievemiddelen.nl\/\",\"logo\":{\"@type\":\"ImageObject\",\"inLanguage\":\"fr-FR\",\"@id\":\"https:\/\/www.alternatievemiddelen.nl\/#\/schema\/logo\/image\/\",\"url\":\"https:\/\/www.alternatievemiddelen.nl\/wp-content\/uploads\/2023\/10\/alternatievemiddelen-PNG-logo.png\",\"contentUrl\":\"https:\/\/www.alternatievemiddelen.nl\/wp-content\/uploads\/2023\/10\/alternatievemiddelen-PNG-logo.png\",\"width\":6400,\"height\":3062,\"caption\":\"Alternatievemiddelen.nl\"},\"image\":{\"@id\":\"https:\/\/www.alternatievemiddelen.nl\/#\/schema\/logo\/image\/\"}}]}<\/script>\n<!-- \/ Yoast SEO plugin. -->","yoast_head_json":{"title":"Standaard voor Royal Berkey en Pure Filters Family waterfilter - Alternatievemiddelen.nl","description":"RVS standaard voor Royal Berkey en Pure Filters Family waterfilter, plaats hiermee makkelijk een glas of pan onder het kraantje van de waterfilter.","robots":{"index":"index","follow":"follow","max-snippet":"max-snippet:-1","max-image-preview":"max-image-preview:large","max-video-preview":"max-video-preview:-1"},"canonical":"https:\/\/www.alternatievemiddelen.nl\/fr\/wp-json\/wp\/v2\/product\/34567","og_locale":"fr_FR","og_type":"article","og_title":"Standaard voor Royal Berkey en Pure Filters Family waterfilter - Alternatievemiddelen.nl","og_description":"RVS standaard voor Royal Berkey en Pure Filters Family waterfilter, plaats hiermee makkelijk een glas of pan onder het kraantje van de waterfilter.","og_url":"https:\/\/www.alternatievemiddelen.nl\/fr\/produits\/standard-royal-berkey-pure-filters-family-water-filter\/","og_site_name":"Alternatievemiddelen.nl","article_modified_time":"2026-03-28T13:28:35+00:00","og_image":[{"width":600,"height":800,"url":"\/wp-content\/uploads\/2023\/12\/Berkey-Base-1.jpg","type":"image\/jpeg"}],"twitter_card":"summary_large_image","twitter_misc":{"Dur\u00e9e de lecture estim\u00e9e":"2 minutes"},"schema":{"@context":"https:\/\/schema.org","@graph":[{"@type":["WebPage","ItemPage"],"@id":"https:\/\/www.alternatievemiddelen.nl\/producten\/standaard-royal-berkey-pure-filters-family-waterfilter\/","url":"https:\/\/www.alternatievemiddelen.nl\/producten\/standaard-royal-berkey-pure-filters-family-waterfilter\/","name":"Standaard voor Royal Berkey en Pure Filters Family waterfilter - Alternatievemiddelen.nl","isPartOf":{"@id":"https:\/\/www.alternatievemiddelen.nl\/#website"},"primaryImageOfPage":{"@id":"https:\/\/www.alternatievemiddelen.nl\/producten\/standaard-royal-berkey-pure-filters-family-waterfilter\/#primaryimage"},"image":{"@id":"https:\/\/www.alternatievemiddelen.nl\/producten\/standaard-royal-berkey-pure-filters-family-waterfilter\/#primaryimage"},"thumbnailUrl":"https:\/\/www.alternatievemiddelen.nl\/wp-content\/uploads\/2023\/12\/Berkey-Base-1.jpg","datePublished":"2024-02-27T07:53:54+00:00","dateModified":"2026-03-28T13:28:35+00:00","description":"RVS standaard voor Royal Berkey en Pure Filters Family waterfilter, plaats hiermee makkelijk een glas of pan onder het kraantje van de waterfilter.","breadcrumb":{"@id":"https:\/\/www.alternatievemiddelen.nl\/producten\/standaard-royal-berkey-pure-filters-family-waterfilter\/#breadcrumb"},"inLanguage":"fr-FR","potentialAction":[{"@type":"ReadAction","target":["https:\/\/www.alternatievemiddelen.nl\/producten\/standaard-royal-berkey-pure-filters-family-waterfilter\/"]}]},{"@type":"ImageObject","inLanguage":"fr-FR","@id":"https:\/\/www.alternatievemiddelen.nl\/producten\/standaard-royal-berkey-pure-filters-family-waterfilter\/#primaryimage","url":"https:\/\/www.alternatievemiddelen.nl\/wp-content\/uploads\/2023\/12\/Berkey-Base-1.jpg","contentUrl":"https:\/\/www.alternatievemiddelen.nl\/wp-content\/uploads\/2023\/12\/Berkey-Base-1.jpg","width":600,"height":800,"caption":"Standaard voor Big Berkey waterfilter"},{"@type":"BreadcrumbList","@id":"https:\/\/www.alternatievemiddelen.nl\/producten\/standaard-royal-berkey-pure-filters-family-waterfilter\/#breadcrumb","itemListElement":[{"@type":"ListItem","position":1,"name":"Home","item":"https:\/\/www.alternatievemiddelen.nl\/"},{"@type":"ListItem","position":2,"name":"Producten","item":"https:\/\/www.alternatievemiddelen.nl\/producten\/"},{"@type":"ListItem","position":3,"name":"Standaard voor Royal Berkey en Pure Filters Family waterfilter"}]},{"@type":"WebSite","@id":"https:\/\/www.alternatievemiddelen.nl\/#website","url":"https:\/\/www.alternatievemiddelen.nl\/","name":"Alternatievemiddelen.nl","description":"Webshop met gezonde, duurzame en ecologische alternatieve mogelijkheden in de hedendaagse levenstijl. Alles uit eigen ervaring.","publisher":{"@id":"https:\/\/www.alternatievemiddelen.nl\/#organization"},"potentialAction":[{"@type":"SearchAction","target":{"@type":"EntryPoint","urlTemplate":"https:\/\/www.alternatievemiddelen.nl\/?s={search_term_string}"},"query-input":{"@type":"PropertyValueSpecification","valueRequired":true,"valueName":"search_term_string"}}],"inLanguage":"fr-FR"},{"@type":"Organization","@id":"https:\/\/www.alternatievemiddelen.nl\/#organization","name":"Alternatievemiddelen.nl","url":"https:\/\/www.alternatievemiddelen.nl\/","logo":{"@type":"ImageObject","inLanguage":"fr-FR","@id":"https:\/\/www.alternatievemiddelen.nl\/#\/schema\/logo\/image\/","url":"https:\/\/www.alternatievemiddelen.nl\/wp-content\/uploads\/2023\/10\/alternatievemiddelen-PNG-logo.png","contentUrl":"https:\/\/www.alternatievemiddelen.nl\/wp-content\/uploads\/2023\/10\/alternatievemiddelen-PNG-logo.png","width":6400,"height":3062,"caption":"Alternatievemiddelen.nl"},"image":{"@id":"https:\/\/www.alternatievemiddelen.nl\/#\/schema\/logo\/image\/"}}]}},"_links":{"self":[{"href":"https:\/\/www.alternatievemiddelen.nl\/fr\/wp-json\/wp\/v2\/product\/34567","targetHints":{"allow":["GET"]}}],"collection":[{"href":"https:\/\/www.alternatievemiddelen.nl\/fr\/wp-json\/wp\/v2\/product"}],"about":[{"href":"https:\/\/www.alternatievemiddelen.nl\/fr\/wp-json\/wp\/v2\/types\/product"}],"replies":[{"embeddable":true,"href":"https:\/\/www.alternatievemiddelen.nl\/fr\/wp-json\/wp\/v2\/comments?post=34567"}],"wp:featuredmedia":[{"embeddable":true,"href":"https:\/\/www.alternatievemiddelen.nl\/fr\/wp-json\/wp\/v2\/media\/30902"}],"wp:attachment":[{"href":"https:\/\/www.alternatievemiddelen.nl\/fr\/wp-json\/wp\/v2\/media?parent=34567"}],"wp:term":[{"taxonomy":"product_brand","embeddable":true,"href":"https:\/\/www.alternatievemiddelen.nl\/fr\/wp-json\/wp\/v2\/product_brand?post=34567"},{"taxonomy":"product_cat","embeddable":true,"href":"https:\/\/www.alternatievemiddelen.nl\/fr\/wp-json\/wp\/v2\/product_cat?post=34567"},{"taxonomy":"product_tag","embeddable":true,"href":"https:\/\/www.alternatievemiddelen.nl\/fr\/wp-json\/wp\/v2\/product_tag?post=34567"},{"taxonomy":"merk","embeddable":true,"href":"https:\/\/www.alternatievemiddelen.nl\/fr\/wp-json\/wp\/v2\/merk?post=34567"}],"curies":[{"name":"wp","href":"https:\/\/api.w.org\/{rel}","templated":true}]}}