{"id":34570,"date":"2024-02-27T08:53:55","date_gmt":"2024-02-27T07:53:55","guid":{"rendered":"https:\/\/www.alternatievemiddelen.nl\/?post_type=product&#038;p=34570"},"modified":"2024-11-15T11:55:33","modified_gmt":"2024-11-15T10:55:33","slug":"rubberen-rand-voor-travel-berkey-waterfilter","status":"publish","type":"product","link":"https:\/\/www.alternatievemiddelen.nl\/fr\/produits\/bord-en-caoutchouc-pour-le-filtre-a-eau-travel-berkey\/","title":{"rendered":"Jante en caoutchouc pour filtre \u00e0 eau Travel Berkey"},"content":{"rendered":"<p>Tous <a href=\"https:\/\/www.alternatievemiddelen.nl\/fr\/categorie-de-produits-2\/filtres-a-eau\/filtre-a-eau\/filtrer-les-resultats\/merk%3aberkey\/\">Filtres \u00e0 eau en acier inoxydable Berkey<\/a> sont livr\u00e9s en standard avec un rebord en caoutchouc noir pour le plateau inf\u00e9rieur. En cas de perte ou de d\u00e9t\u00e9rioration, cet article peut \u00eatre achet\u00e9 s\u00e9par\u00e9ment en remplacement. Ce produit concerne le rebord en caoutchouc du plateau inf\u00e9rieur. <a href=\"https:\/\/www.alternatievemiddelen.nl\/fr\/produits\/filtre-a-eau-travel-berkey\/\">Filtre \u00e0 eau Travel Berkey<\/a>.<\/p>\n<p><b>Caract\u00e9ristiques :<\/b><\/p>\n<ul>\n<li>Rebord en caoutchouc pour le dessous de votre filtre \u00e0 eau Travel Berkey.<\/li>\n<li>Ce bord en caoutchouc prot\u00e8ge le bo\u00eetier sur un plan de travail, une table ou un bureau. <a href=\"https:\/\/www.alternatievemiddelen.nl\/fr\/produits\/support-pour-filtre-a-eau-travel-berkey-3\/\">standard<\/a> contre d'\u00e9ventuelles rayures.<\/li>\n<\/ul>\n<p>&nbsp;<br \/>\nCe rebord en caoutchouc peut \u00eatre facilement gliss\u00e9 sur le plateau inf\u00e9rieur du Travel Berkey, vous n'avez donc besoin d'aucun outil pour le fixer.<\/p>","protected":false},"excerpt":{"rendered":"<p>En cas de perte ou d'endommagement, le bord en caoutchouc pour un filtre \u00e0 eau Travel Berkey peut \u00eatre achet\u00e9 s\u00e9par\u00e9ment comme pi\u00e8ce de rechange. Prot\u00e8ge contre les rayures.<\/p>","protected":false},"featured_media":31008,"comment_status":"open","ping_status":"closed","template":"","meta":[],"product_brand":[],"product_cat":[2971,3013],"product_tag":[2961,3102,3008,3337,2880,3236,2979,3012,2980],"merk":[3432],"class_list":{"0":"post-34570","1":"product","2":"type-product","3":"status-publish","4":"has-post-thumbnail","6":"product_cat-waterfilters","7":"product_cat-waterfilter-accessoires","8":"product_tag-berkey","9":"product_tag-berkey-systemen","10":"product_tag-drinkwater","11":"product_tag-rubberen-rand","12":"product_tag-rvs","13":"product_tag-travel-berkey","14":"product_tag-waterfilter","15":"product_tag-waterfilters","16":"product_tag-waterzuivering","17":"merk-berkey","19":"first","20":"instock","21":"taxable","22":"shipping-taxable","23":"purchasable","24":"product-type-simple"},"bundled_by":[],"bundle_stock_status":"instock","bundle_stock_quantity":null,"bundle_virtual":false,"bundle_layout":"","bundle_add_to_cart_form_location":"","bundle_editable_in_cart":false,"bundle_sold_individually_context":"","bundle_item_grouping":"","bundle_min_size":"","bundle_max_size":"","bundle_price":[],"bundled_items":[],"bundle_sell_ids":[44176],"yoast_head":"<!-- This site is optimized with the Yoast SEO plugin v26.1 - https:\/\/yoast.com\/wordpress\/plugins\/seo\/ -->\n<title>Rubberen rand voor Travel Berkey waterfilter - Alternatievemiddelen.nl<\/title>\n<meta name=\"description\" content=\"Bij verlies of beschadiging kan de rubberen rand voor een Travel Berkey waterfilter afzonderlijk worden gekocht als vervanging. Beschermt tegen krassen.\" \/>\n<meta name=\"robots\" content=\"index, follow, max-snippet:-1, max-image-preview:large, max-video-preview:-1\" \/>\n<link rel=\"canonical\" href=\"https:\/\/www.alternatievemiddelen.nl\/fr\/wp-json\/wp\/v2\/product\/34570\" \/>\n<meta property=\"og:locale\" content=\"fr_FR\" \/>\n<meta property=\"og:type\" content=\"article\" \/>\n<meta property=\"og:title\" content=\"Rubberen rand voor Travel Berkey waterfilter - Alternatievemiddelen.nl\" \/>\n<meta property=\"og:description\" content=\"Bij verlies of beschadiging kan de rubberen rand voor een Travel Berkey waterfilter afzonderlijk worden gekocht als vervanging. Beschermt tegen krassen.\" \/>\n<meta property=\"og:url\" content=\"https:\/\/www.alternatievemiddelen.nl\/fr\/produits\/bord-en-caoutchouc-pour-le-filtre-a-eau-travel-berkey\/\" \/>\n<meta property=\"og:site_name\" content=\"Alternatievemiddelen.nl\" \/>\n<meta property=\"article:publisher\" content=\"https:\/\/www.facebook.com\/alternatievemiddelen\" \/>\n<meta property=\"article:modified_time\" content=\"2024-11-15T10:55:33+00:00\" \/>\n<meta property=\"og:image\" content=\"\/wp-content\/uploads\/2023\/12\/Rubberen-rand-travel-berkey.jpg\" \/>\n\t<meta property=\"og:image:width\" content=\"600\" \/>\n\t<meta property=\"og:image:height\" content=\"800\" \/>\n\t<meta property=\"og:image:type\" content=\"image\/jpeg\" \/>\n<meta name=\"twitter:card\" content=\"summary_large_image\" \/>\n<meta name=\"twitter:label1\" content=\"Dur\u00e9e de lecture estim\u00e9e\" \/>\n\t<meta name=\"twitter:data1\" content=\"1 minute\" \/>\n<script type=\"application\/ld+json\" class=\"yoast-schema-graph\">{\"@context\":\"https:\/\/schema.org\",\"@graph\":[{\"@type\":[\"WebPage\",\"ItemPage\"],\"@id\":\"https:\/\/www.alternatievemiddelen.nl\/producten\/rubberen-rand-voor-travel-berkey-waterfilter\/\",\"url\":\"https:\/\/www.alternatievemiddelen.nl\/producten\/rubberen-rand-voor-travel-berkey-waterfilter\/\",\"name\":\"Rubberen rand voor Travel Berkey waterfilter - Alternatievemiddelen.nl\",\"isPartOf\":{\"@id\":\"https:\/\/www.alternatievemiddelen.nl\/#website\"},\"primaryImageOfPage\":{\"@id\":\"https:\/\/www.alternatievemiddelen.nl\/producten\/rubberen-rand-voor-travel-berkey-waterfilter\/#primaryimage\"},\"image\":{\"@id\":\"https:\/\/www.alternatievemiddelen.nl\/producten\/rubberen-rand-voor-travel-berkey-waterfilter\/#primaryimage\"},\"thumbnailUrl\":\"https:\/\/www.alternatievemiddelen.nl\/wp-content\/uploads\/2023\/12\/Rubberen-rand-travel-berkey.jpg\",\"datePublished\":\"2024-02-27T07:53:55+00:00\",\"dateModified\":\"2024-11-15T10:55:33+00:00\",\"description\":\"Bij verlies of beschadiging kan de rubberen rand voor een Travel Berkey waterfilter afzonderlijk worden gekocht als vervanging. Beschermt tegen krassen.\",\"breadcrumb\":{\"@id\":\"https:\/\/www.alternatievemiddelen.nl\/producten\/rubberen-rand-voor-travel-berkey-waterfilter\/#breadcrumb\"},\"inLanguage\":\"fr-FR\",\"potentialAction\":[{\"@type\":\"ReadAction\",\"target\":[\"https:\/\/www.alternatievemiddelen.nl\/producten\/rubberen-rand-voor-travel-berkey-waterfilter\/\"]}]},{\"@type\":\"ImageObject\",\"inLanguage\":\"fr-FR\",\"@id\":\"https:\/\/www.alternatievemiddelen.nl\/producten\/rubberen-rand-voor-travel-berkey-waterfilter\/#primaryimage\",\"url\":\"https:\/\/www.alternatievemiddelen.nl\/wp-content\/uploads\/2023\/12\/Rubberen-rand-travel-berkey.jpg\",\"contentUrl\":\"https:\/\/www.alternatievemiddelen.nl\/wp-content\/uploads\/2023\/12\/Rubberen-rand-travel-berkey.jpg\",\"width\":600,\"height\":800,\"caption\":\"Rubberen rand voor Travel Berkey\"},{\"@type\":\"BreadcrumbList\",\"@id\":\"https:\/\/www.alternatievemiddelen.nl\/producten\/rubberen-rand-voor-travel-berkey-waterfilter\/#breadcrumb\",\"itemListElement\":[{\"@type\":\"ListItem\",\"position\":1,\"name\":\"Home\",\"item\":\"https:\/\/www.alternatievemiddelen.nl\/\"},{\"@type\":\"ListItem\",\"position\":2,\"name\":\"Producten\",\"item\":\"https:\/\/www.alternatievemiddelen.nl\/producten\/\"},{\"@type\":\"ListItem\",\"position\":3,\"name\":\"Rubberen rand voor Travel Berkey waterfilter\"}]},{\"@type\":\"WebSite\",\"@id\":\"https:\/\/www.alternatievemiddelen.nl\/#website\",\"url\":\"https:\/\/www.alternatievemiddelen.nl\/\",\"name\":\"Alternatievemiddelen.nl\",\"description\":\"Webshop met gezonde, duurzame en ecologische alternatieve mogelijkheden in de hedendaagse levenstijl. Alles uit eigen ervaring.\",\"publisher\":{\"@id\":\"https:\/\/www.alternatievemiddelen.nl\/#organization\"},\"alternateName\":\"Alternatieve Middelen\",\"potentialAction\":[{\"@type\":\"SearchAction\",\"target\":{\"@type\":\"EntryPoint\",\"urlTemplate\":\"https:\/\/www.alternatievemiddelen.nl\/?s={search_term_string}\"},\"query-input\":{\"@type\":\"PropertyValueSpecification\",\"valueRequired\":true,\"valueName\":\"search_term_string\"}}],\"inLanguage\":\"fr-FR\"},{\"@type\":\"Organization\",\"@id\":\"https:\/\/www.alternatievemiddelen.nl\/#organization\",\"name\":\"Alternatievemiddelen.nl\",\"alternateName\":\"Alternatieve Middelen\",\"url\":\"https:\/\/www.alternatievemiddelen.nl\/\",\"logo\":{\"@type\":\"ImageObject\",\"inLanguage\":\"fr-FR\",\"@id\":\"https:\/\/www.alternatievemiddelen.nl\/#\/schema\/logo\/image\/\",\"url\":\"https:\/\/www.alternatievemiddelen.nl\/wp-content\/uploads\/2023\/10\/alternatievemiddelen-PNG-logo.png\",\"contentUrl\":\"https:\/\/www.alternatievemiddelen.nl\/wp-content\/uploads\/2023\/10\/alternatievemiddelen-PNG-logo.png\",\"width\":6400,\"height\":3062,\"caption\":\"Alternatievemiddelen.nl\"},\"image\":{\"@id\":\"https:\/\/www.alternatievemiddelen.nl\/#\/schema\/logo\/image\/\"},\"sameAs\":[\"https:\/\/www.facebook.com\/alternatievemiddelen\",\"https:\/\/www.instagram.com\/alternatievemiddelen.nl\/\"]}]}<\/script>\n<!-- \/ Yoast SEO plugin. -->","yoast_head_json":{"title":"Rubberen rand voor Travel Berkey waterfilter - Alternatievemiddelen.nl","description":"Bij verlies of beschadiging kan de rubberen rand voor een Travel Berkey waterfilter afzonderlijk worden gekocht als vervanging. Beschermt tegen krassen.","robots":{"index":"index","follow":"follow","max-snippet":"max-snippet:-1","max-image-preview":"max-image-preview:large","max-video-preview":"max-video-preview:-1"},"canonical":"https:\/\/www.alternatievemiddelen.nl\/fr\/wp-json\/wp\/v2\/product\/34570","og_locale":"fr_FR","og_type":"article","og_title":"Rubberen rand voor Travel Berkey waterfilter - Alternatievemiddelen.nl","og_description":"Bij verlies of beschadiging kan de rubberen rand voor een Travel Berkey waterfilter afzonderlijk worden gekocht als vervanging. Beschermt tegen krassen.","og_url":"https:\/\/www.alternatievemiddelen.nl\/fr\/produits\/bord-en-caoutchouc-pour-le-filtre-a-eau-travel-berkey\/","og_site_name":"Alternatievemiddelen.nl","article_publisher":"https:\/\/www.facebook.com\/alternatievemiddelen","article_modified_time":"2024-11-15T10:55:33+00:00","og_image":[{"width":600,"height":800,"url":"\/wp-content\/uploads\/2023\/12\/Rubberen-rand-travel-berkey.jpg","type":"image\/jpeg"}],"twitter_card":"summary_large_image","twitter_misc":{"Dur\u00e9e de lecture estim\u00e9e":"1 minute"},"schema":{"@context":"https:\/\/schema.org","@graph":[{"@type":["WebPage","ItemPage"],"@id":"https:\/\/www.alternatievemiddelen.nl\/producten\/rubberen-rand-voor-travel-berkey-waterfilter\/","url":"https:\/\/www.alternatievemiddelen.nl\/producten\/rubberen-rand-voor-travel-berkey-waterfilter\/","name":"Rubberen rand voor Travel Berkey waterfilter - Alternatievemiddelen.nl","isPartOf":{"@id":"https:\/\/www.alternatievemiddelen.nl\/#website"},"primaryImageOfPage":{"@id":"https:\/\/www.alternatievemiddelen.nl\/producten\/rubberen-rand-voor-travel-berkey-waterfilter\/#primaryimage"},"image":{"@id":"https:\/\/www.alternatievemiddelen.nl\/producten\/rubberen-rand-voor-travel-berkey-waterfilter\/#primaryimage"},"thumbnailUrl":"https:\/\/www.alternatievemiddelen.nl\/wp-content\/uploads\/2023\/12\/Rubberen-rand-travel-berkey.jpg","datePublished":"2024-02-27T07:53:55+00:00","dateModified":"2024-11-15T10:55:33+00:00","description":"Bij verlies of beschadiging kan de rubberen rand voor een Travel Berkey waterfilter afzonderlijk worden gekocht als vervanging. Beschermt tegen krassen.","breadcrumb":{"@id":"https:\/\/www.alternatievemiddelen.nl\/producten\/rubberen-rand-voor-travel-berkey-waterfilter\/#breadcrumb"},"inLanguage":"fr-FR","potentialAction":[{"@type":"ReadAction","target":["https:\/\/www.alternatievemiddelen.nl\/producten\/rubberen-rand-voor-travel-berkey-waterfilter\/"]}]},{"@type":"ImageObject","inLanguage":"fr-FR","@id":"https:\/\/www.alternatievemiddelen.nl\/producten\/rubberen-rand-voor-travel-berkey-waterfilter\/#primaryimage","url":"https:\/\/www.alternatievemiddelen.nl\/wp-content\/uploads\/2023\/12\/Rubberen-rand-travel-berkey.jpg","contentUrl":"https:\/\/www.alternatievemiddelen.nl\/wp-content\/uploads\/2023\/12\/Rubberen-rand-travel-berkey.jpg","width":600,"height":800,"caption":"Rubberen rand voor Travel Berkey"},{"@type":"BreadcrumbList","@id":"https:\/\/www.alternatievemiddelen.nl\/producten\/rubberen-rand-voor-travel-berkey-waterfilter\/#breadcrumb","itemListElement":[{"@type":"ListItem","position":1,"name":"Home","item":"https:\/\/www.alternatievemiddelen.nl\/"},{"@type":"ListItem","position":2,"name":"Producten","item":"https:\/\/www.alternatievemiddelen.nl\/producten\/"},{"@type":"ListItem","position":3,"name":"Rubberen rand voor Travel Berkey waterfilter"}]},{"@type":"WebSite","@id":"https:\/\/www.alternatievemiddelen.nl\/#website","url":"https:\/\/www.alternatievemiddelen.nl\/","name":"Alternatievemiddelen.nl","description":"Webshop met gezonde, duurzame en ecologische alternatieve mogelijkheden in de hedendaagse levenstijl. Alles uit eigen ervaring.","publisher":{"@id":"https:\/\/www.alternatievemiddelen.nl\/#organization"},"alternateName":"Alternatieve Middelen","potentialAction":[{"@type":"SearchAction","target":{"@type":"EntryPoint","urlTemplate":"https:\/\/www.alternatievemiddelen.nl\/?s={search_term_string}"},"query-input":{"@type":"PropertyValueSpecification","valueRequired":true,"valueName":"search_term_string"}}],"inLanguage":"fr-FR"},{"@type":"Organization","@id":"https:\/\/www.alternatievemiddelen.nl\/#organization","name":"Alternatievemiddelen.nl","alternateName":"Alternatieve Middelen","url":"https:\/\/www.alternatievemiddelen.nl\/","logo":{"@type":"ImageObject","inLanguage":"fr-FR","@id":"https:\/\/www.alternatievemiddelen.nl\/#\/schema\/logo\/image\/","url":"https:\/\/www.alternatievemiddelen.nl\/wp-content\/uploads\/2023\/10\/alternatievemiddelen-PNG-logo.png","contentUrl":"https:\/\/www.alternatievemiddelen.nl\/wp-content\/uploads\/2023\/10\/alternatievemiddelen-PNG-logo.png","width":6400,"height":3062,"caption":"Alternatievemiddelen.nl"},"image":{"@id":"https:\/\/www.alternatievemiddelen.nl\/#\/schema\/logo\/image\/"},"sameAs":["https:\/\/www.facebook.com\/alternatievemiddelen","https:\/\/www.instagram.com\/alternatievemiddelen.nl\/"]}]}},"_links":{"self":[{"href":"https:\/\/www.alternatievemiddelen.nl\/fr\/wp-json\/wp\/v2\/product\/34570","targetHints":{"allow":["GET"]}}],"collection":[{"href":"https:\/\/www.alternatievemiddelen.nl\/fr\/wp-json\/wp\/v2\/product"}],"about":[{"href":"https:\/\/www.alternatievemiddelen.nl\/fr\/wp-json\/wp\/v2\/types\/product"}],"replies":[{"embeddable":true,"href":"https:\/\/www.alternatievemiddelen.nl\/fr\/wp-json\/wp\/v2\/comments?post=34570"}],"wp:featuredmedia":[{"embeddable":true,"href":"https:\/\/www.alternatievemiddelen.nl\/fr\/wp-json\/wp\/v2\/media\/31008"}],"wp:attachment":[{"href":"https:\/\/www.alternatievemiddelen.nl\/fr\/wp-json\/wp\/v2\/media?parent=34570"}],"wp:term":[{"taxonomy":"product_brand","embeddable":true,"href":"https:\/\/www.alternatievemiddelen.nl\/fr\/wp-json\/wp\/v2\/product_brand?post=34570"},{"taxonomy":"product_cat","embeddable":true,"href":"https:\/\/www.alternatievemiddelen.nl\/fr\/wp-json\/wp\/v2\/product_cat?post=34570"},{"taxonomy":"product_tag","embeddable":true,"href":"https:\/\/www.alternatievemiddelen.nl\/fr\/wp-json\/wp\/v2\/product_tag?post=34570"},{"taxonomy":"merk","embeddable":true,"href":"https:\/\/www.alternatievemiddelen.nl\/fr\/wp-json\/wp\/v2\/merk?post=34570"}],"curies":[{"name":"wp","href":"https:\/\/api.w.org\/{rel}","templated":true}]}}