{"id":34575,"date":"2024-02-27T08:53:59","date_gmt":"2024-02-27T07:53:59","guid":{"rendered":"https:\/\/www.alternatievemiddelen.nl\/?post_type=product&#038;p=34575"},"modified":"2025-04-28T07:55:46","modified_gmt":"2025-04-28T05:55:46","slug":"schussler-zout-kalium-phosphoricum-5-d6-400","status":"publish","type":"product","link":"https:\/\/www.alternatievemiddelen.nl\/fr\/produits\/sel-de-schussler-phosphore-de-potassium-5-d6-400\/","title":{"rendered":"Sel de Sch\u00fcssler Potassium phosphoricum 5 D6 400 comprim\u00e9s"},"content":{"rendered":"<p>Sel de Sch\u00fcssler Potassium phosphoricum 5 D6 400 comprim\u00e9s<\/p>\n<p>M\u00e9dicament hom\u00e9opathique sans indication th\u00e9rapeutique sp\u00e9cifique appliqu\u00e9 selon les principes de la m\u00e9decine hom\u00e9opathique.<\/p>\n<p><u><b>Composition par comprim\u00e9<\/b><\/u><br \/>\nPotassium phosphorique D6 250 mg<\/p>\n<p><u><b>Excipients :<\/b><\/u><br \/>\nlactose, b\u00e9h\u00e9nate de calcium et amidon de pomme de terre.<\/p>\n<p><u><b>Informations sur les allerg\u00e8nes<\/b><\/u><br \/>\nContient du lactose.<\/p>\n<p><u><b>Utilisation<\/b><\/u><br \/>\nSauf dispositions contraires :<br \/>\nAdultes et enfants \u00e0 partir de 12 ans :<br \/>\nFaire fondre et avaler 2 comprim\u00e9s dans la bouche 3 fois par jour, jusqu'\u00e0 2 comprim\u00e9s suppl\u00e9mentaires 7 fois par jour si n\u00e9cessaire, avec un maximum de 20 comprim\u00e9s par jour.<br \/>\nEnfants de 6 \u00e0 12 ans :<br \/>\nFaire fondre et avaler 1 comprim\u00e9 dans la bouche 3 fois par jour, jusqu'\u00e0 1 comprim\u00e9 suppl\u00e9mentaire 7 fois par jour si n\u00e9cessaire, avec un maximum de 10 comprim\u00e9s par jour.<br \/>\nSi les sympt\u00f4mes persistent pendant l'utilisation de ce m\u00e9dicament hom\u00e9opathique, il est conseill\u00e9 de consulter un m\u00e9decin.<\/p>\n<p>Si vous avez oubli\u00e9 de prendre les comprim\u00e9s, ne prenez pas de dose suppl\u00e9mentaire, mais prenez la dose suivante \u00e0 l'heure habituelle.<\/p>\n<p>Aucun effet ind\u00e9sirable n'est attendu apr\u00e8s l'arr\u00eat du traitement.<\/p>\n<p>Aucun effet secondaire n'est connu. Si vous pensez que des effets secondaires sont apparus apr\u00e8s avoir pris ce m\u00e9dicament, veuillez en informer votre m\u00e9decin ou votre pharmacien.<\/p>","protected":false},"excerpt":{"rendered":"<p>Sel de Sch\u00fcssler Potassium phosphoricum 5 D6 400 comprim\u00e9s - M\u00e9dicament hom\u00e9opathique.<\/p>","protected":false},"featured_media":31081,"comment_status":"open","ping_status":"closed","template":"","meta":[],"product_brand":[],"product_cat":[2938],"product_tag":[3356,3347,3357,3349],"merk":[3441],"class_list":{"0":"post-34575","1":"product","2":"type-product","3":"status-publish","4":"has-post-thumbnail","6":"product_cat-vitamines-mineralen-en-supplementen","7":"product_tag-kalium-phosphoricum-5-d6","8":"product_tag-schussler-zout","9":"product_tag-schussler-zout-kalium-phosphoricum-5-d6-400-tabletten","10":"product_tag-schussler-zouten","11":"merk-schussler","13":"first","14":"instock","15":"taxable","16":"shipping-taxable","17":"purchasable","18":"product-type-simple"},"bundled_by":[],"bundle_stock_status":"instock","bundle_stock_quantity":null,"bundle_virtual":false,"bundle_layout":"","bundle_add_to_cart_form_location":"","bundle_editable_in_cart":false,"bundle_sold_individually_context":"","bundle_item_grouping":"","bundle_min_size":"","bundle_max_size":"","bundle_price":[],"bundled_items":[],"bundle_sell_ids":[],"yoast_head":"<!-- This site is optimized with the Yoast SEO plugin v26.1 - https:\/\/yoast.com\/wordpress\/plugins\/seo\/ -->\n<title>Sch\u00fcssler zout Kalium phosphoricum 5 D6 400 tabletten - Alternatievemiddelen.nl<\/title>\n<meta name=\"description\" content=\"Sch\u00fcssler zout Kalium phosphoricum 5 D6 400 tabletten - Homeopathisch geneesmiddel.\" \/>\n<meta name=\"robots\" content=\"noindex, follow\" \/>\n<meta property=\"og:locale\" content=\"fr_FR\" \/>\n<meta property=\"og:type\" content=\"article\" \/>\n<meta property=\"og:title\" content=\"Sch\u00fcssler zout Kalium phosphoricum 5 D6 400 tabletten - Alternatievemiddelen.nl\" \/>\n<meta property=\"og:description\" content=\"Sch\u00fcssler zout Kalium phosphoricum 5 D6 400 tabletten - Homeopathisch geneesmiddel.\" \/>\n<meta property=\"og:url\" content=\"https:\/\/www.alternatievemiddelen.nl\/fr\/produits\/sel-de-schussler-phosphore-de-potassium-5-d6-400\/\" \/>\n<meta property=\"og:site_name\" content=\"Alternatievemiddelen.nl\" \/>\n<meta property=\"article:modified_time\" content=\"2025-04-28T05:55:46+00:00\" \/>\n<meta property=\"og:image\" content=\"\/wp-content\/uploads\/2023\/12\/Schussler-zout-Kalium-phosphoricum-5-D6-400-tabletten.jpg\" \/>\n\t<meta property=\"og:image:width\" content=\"600\" \/>\n\t<meta property=\"og:image:height\" content=\"800\" \/>\n\t<meta property=\"og:image:type\" content=\"image\/jpeg\" \/>\n<meta name=\"twitter:card\" content=\"summary_large_image\" \/>\n<meta name=\"twitter:label1\" content=\"Dur\u00e9e de lecture estim\u00e9e\" \/>\n\t<meta name=\"twitter:data1\" content=\"2 minutes\" \/>\n<script type=\"application\/ld+json\" class=\"yoast-schema-graph\">{\"@context\":\"https:\/\/schema.org\",\"@graph\":[{\"@type\":[\"WebPage\",\"ItemPage\"],\"@id\":\"https:\/\/www.alternatievemiddelen.nl\/producten\/schussler-zout-kalium-phosphoricum-5-d6-400\/\",\"url\":\"https:\/\/www.alternatievemiddelen.nl\/producten\/schussler-zout-kalium-phosphoricum-5-d6-400\/\",\"name\":\"Sch\u00fcssler zout Kalium phosphoricum 5 D6 400 tabletten - Alternatievemiddelen.nl\",\"isPartOf\":{\"@id\":\"https:\/\/www.alternatievemiddelen.nl\/#website\"},\"primaryImageOfPage\":{\"@id\":\"https:\/\/www.alternatievemiddelen.nl\/producten\/schussler-zout-kalium-phosphoricum-5-d6-400\/#primaryimage\"},\"image\":{\"@id\":\"https:\/\/www.alternatievemiddelen.nl\/producten\/schussler-zout-kalium-phosphoricum-5-d6-400\/#primaryimage\"},\"thumbnailUrl\":\"https:\/\/www.alternatievemiddelen.nl\/wp-content\/uploads\/2023\/12\/Schussler-zout-Kalium-phosphoricum-5-D6-400-tabletten.jpg\",\"datePublished\":\"2024-02-27T07:53:59+00:00\",\"dateModified\":\"2025-04-28T05:55:46+00:00\",\"description\":\"Sch\u00fcssler zout Kalium phosphoricum 5 D6 400 tabletten - Homeopathisch geneesmiddel.\",\"breadcrumb\":{\"@id\":\"https:\/\/www.alternatievemiddelen.nl\/producten\/schussler-zout-kalium-phosphoricum-5-d6-400\/#breadcrumb\"},\"inLanguage\":\"fr-FR\",\"potentialAction\":[{\"@type\":\"ReadAction\",\"target\":[\"https:\/\/www.alternatievemiddelen.nl\/producten\/schussler-zout-kalium-phosphoricum-5-d6-400\/\"]}]},{\"@type\":\"ImageObject\",\"inLanguage\":\"fr-FR\",\"@id\":\"https:\/\/www.alternatievemiddelen.nl\/producten\/schussler-zout-kalium-phosphoricum-5-d6-400\/#primaryimage\",\"url\":\"https:\/\/www.alternatievemiddelen.nl\/wp-content\/uploads\/2023\/12\/Schussler-zout-Kalium-phosphoricum-5-D6-400-tabletten.jpg\",\"contentUrl\":\"https:\/\/www.alternatievemiddelen.nl\/wp-content\/uploads\/2023\/12\/Schussler-zout-Kalium-phosphoricum-5-D6-400-tabletten.jpg\",\"width\":600,\"height\":800,\"caption\":\"Schussler zout 5 Kalium phosphoricum D6\"},{\"@type\":\"BreadcrumbList\",\"@id\":\"https:\/\/www.alternatievemiddelen.nl\/producten\/schussler-zout-kalium-phosphoricum-5-d6-400\/#breadcrumb\",\"itemListElement\":[{\"@type\":\"ListItem\",\"position\":1,\"name\":\"Home\",\"item\":\"https:\/\/www.alternatievemiddelen.nl\/\"},{\"@type\":\"ListItem\",\"position\":2,\"name\":\"Producten\",\"item\":\"https:\/\/www.alternatievemiddelen.nl\/producten\/\"},{\"@type\":\"ListItem\",\"position\":3,\"name\":\"Sch\u00fcssler zout Kalium phosphoricum 5 D6 400 tabletten\"}]},{\"@type\":\"WebSite\",\"@id\":\"https:\/\/www.alternatievemiddelen.nl\/#website\",\"url\":\"https:\/\/www.alternatievemiddelen.nl\/\",\"name\":\"Alternatievemiddelen.nl\",\"description\":\"Webshop met gezonde, duurzame en ecologische alternatieve mogelijkheden in de hedendaagse levenstijl. Alles uit eigen ervaring.\",\"publisher\":{\"@id\":\"https:\/\/www.alternatievemiddelen.nl\/#organization\"},\"potentialAction\":[{\"@type\":\"SearchAction\",\"target\":{\"@type\":\"EntryPoint\",\"urlTemplate\":\"https:\/\/www.alternatievemiddelen.nl\/?s={search_term_string}\"},\"query-input\":{\"@type\":\"PropertyValueSpecification\",\"valueRequired\":true,\"valueName\":\"search_term_string\"}}],\"inLanguage\":\"fr-FR\"},{\"@type\":\"Organization\",\"@id\":\"https:\/\/www.alternatievemiddelen.nl\/#organization\",\"name\":\"Alternatievemiddelen.nl\",\"url\":\"https:\/\/www.alternatievemiddelen.nl\/\",\"logo\":{\"@type\":\"ImageObject\",\"inLanguage\":\"fr-FR\",\"@id\":\"https:\/\/www.alternatievemiddelen.nl\/#\/schema\/logo\/image\/\",\"url\":\"https:\/\/www.alternatievemiddelen.nl\/wp-content\/uploads\/2023\/10\/alternatievemiddelen-PNG-logo.png\",\"contentUrl\":\"https:\/\/www.alternatievemiddelen.nl\/wp-content\/uploads\/2023\/10\/alternatievemiddelen-PNG-logo.png\",\"width\":6400,\"height\":3062,\"caption\":\"Alternatievemiddelen.nl\"},\"image\":{\"@id\":\"https:\/\/www.alternatievemiddelen.nl\/#\/schema\/logo\/image\/\"}}]}<\/script>\n<!-- \/ Yoast SEO plugin. -->","yoast_head_json":{"title":"Sch\u00fcssler zout Kalium phosphoricum 5 D6 400 tabletten - Alternatievemiddelen.nl","description":"Sch\u00fcssler zout Kalium phosphoricum 5 D6 400 tabletten - Homeopathisch geneesmiddel.","robots":{"index":"noindex","follow":"follow"},"og_locale":"fr_FR","og_type":"article","og_title":"Sch\u00fcssler zout Kalium phosphoricum 5 D6 400 tabletten - Alternatievemiddelen.nl","og_description":"Sch\u00fcssler zout Kalium phosphoricum 5 D6 400 tabletten - Homeopathisch geneesmiddel.","og_url":"https:\/\/www.alternatievemiddelen.nl\/fr\/produits\/sel-de-schussler-phosphore-de-potassium-5-d6-400\/","og_site_name":"Alternatievemiddelen.nl","article_modified_time":"2025-04-28T05:55:46+00:00","og_image":[{"width":600,"height":800,"url":"\/wp-content\/uploads\/2023\/12\/Schussler-zout-Kalium-phosphoricum-5-D6-400-tabletten.jpg","type":"image\/jpeg"}],"twitter_card":"summary_large_image","twitter_misc":{"Dur\u00e9e de lecture estim\u00e9e":"2 minutes"},"schema":{"@context":"https:\/\/schema.org","@graph":[{"@type":["WebPage","ItemPage"],"@id":"https:\/\/www.alternatievemiddelen.nl\/producten\/schussler-zout-kalium-phosphoricum-5-d6-400\/","url":"https:\/\/www.alternatievemiddelen.nl\/producten\/schussler-zout-kalium-phosphoricum-5-d6-400\/","name":"Sch\u00fcssler zout Kalium phosphoricum 5 D6 400 tabletten - Alternatievemiddelen.nl","isPartOf":{"@id":"https:\/\/www.alternatievemiddelen.nl\/#website"},"primaryImageOfPage":{"@id":"https:\/\/www.alternatievemiddelen.nl\/producten\/schussler-zout-kalium-phosphoricum-5-d6-400\/#primaryimage"},"image":{"@id":"https:\/\/www.alternatievemiddelen.nl\/producten\/schussler-zout-kalium-phosphoricum-5-d6-400\/#primaryimage"},"thumbnailUrl":"https:\/\/www.alternatievemiddelen.nl\/wp-content\/uploads\/2023\/12\/Schussler-zout-Kalium-phosphoricum-5-D6-400-tabletten.jpg","datePublished":"2024-02-27T07:53:59+00:00","dateModified":"2025-04-28T05:55:46+00:00","description":"Sch\u00fcssler zout Kalium phosphoricum 5 D6 400 tabletten - Homeopathisch geneesmiddel.","breadcrumb":{"@id":"https:\/\/www.alternatievemiddelen.nl\/producten\/schussler-zout-kalium-phosphoricum-5-d6-400\/#breadcrumb"},"inLanguage":"fr-FR","potentialAction":[{"@type":"ReadAction","target":["https:\/\/www.alternatievemiddelen.nl\/producten\/schussler-zout-kalium-phosphoricum-5-d6-400\/"]}]},{"@type":"ImageObject","inLanguage":"fr-FR","@id":"https:\/\/www.alternatievemiddelen.nl\/producten\/schussler-zout-kalium-phosphoricum-5-d6-400\/#primaryimage","url":"https:\/\/www.alternatievemiddelen.nl\/wp-content\/uploads\/2023\/12\/Schussler-zout-Kalium-phosphoricum-5-D6-400-tabletten.jpg","contentUrl":"https:\/\/www.alternatievemiddelen.nl\/wp-content\/uploads\/2023\/12\/Schussler-zout-Kalium-phosphoricum-5-D6-400-tabletten.jpg","width":600,"height":800,"caption":"Schussler zout 5 Kalium phosphoricum D6"},{"@type":"BreadcrumbList","@id":"https:\/\/www.alternatievemiddelen.nl\/producten\/schussler-zout-kalium-phosphoricum-5-d6-400\/#breadcrumb","itemListElement":[{"@type":"ListItem","position":1,"name":"Home","item":"https:\/\/www.alternatievemiddelen.nl\/"},{"@type":"ListItem","position":2,"name":"Producten","item":"https:\/\/www.alternatievemiddelen.nl\/producten\/"},{"@type":"ListItem","position":3,"name":"Sch\u00fcssler zout Kalium phosphoricum 5 D6 400 tabletten"}]},{"@type":"WebSite","@id":"https:\/\/www.alternatievemiddelen.nl\/#website","url":"https:\/\/www.alternatievemiddelen.nl\/","name":"Alternatievemiddelen.nl","description":"Webshop met gezonde, duurzame en ecologische alternatieve mogelijkheden in de hedendaagse levenstijl. Alles uit eigen ervaring.","publisher":{"@id":"https:\/\/www.alternatievemiddelen.nl\/#organization"},"potentialAction":[{"@type":"SearchAction","target":{"@type":"EntryPoint","urlTemplate":"https:\/\/www.alternatievemiddelen.nl\/?s={search_term_string}"},"query-input":{"@type":"PropertyValueSpecification","valueRequired":true,"valueName":"search_term_string"}}],"inLanguage":"fr-FR"},{"@type":"Organization","@id":"https:\/\/www.alternatievemiddelen.nl\/#organization","name":"Alternatievemiddelen.nl","url":"https:\/\/www.alternatievemiddelen.nl\/","logo":{"@type":"ImageObject","inLanguage":"fr-FR","@id":"https:\/\/www.alternatievemiddelen.nl\/#\/schema\/logo\/image\/","url":"https:\/\/www.alternatievemiddelen.nl\/wp-content\/uploads\/2023\/10\/alternatievemiddelen-PNG-logo.png","contentUrl":"https:\/\/www.alternatievemiddelen.nl\/wp-content\/uploads\/2023\/10\/alternatievemiddelen-PNG-logo.png","width":6400,"height":3062,"caption":"Alternatievemiddelen.nl"},"image":{"@id":"https:\/\/www.alternatievemiddelen.nl\/#\/schema\/logo\/image\/"}}]}},"_links":{"self":[{"href":"https:\/\/www.alternatievemiddelen.nl\/fr\/wp-json\/wp\/v2\/product\/34575","targetHints":{"allow":["GET"]}}],"collection":[{"href":"https:\/\/www.alternatievemiddelen.nl\/fr\/wp-json\/wp\/v2\/product"}],"about":[{"href":"https:\/\/www.alternatievemiddelen.nl\/fr\/wp-json\/wp\/v2\/types\/product"}],"replies":[{"embeddable":true,"href":"https:\/\/www.alternatievemiddelen.nl\/fr\/wp-json\/wp\/v2\/comments?post=34575"}],"wp:featuredmedia":[{"embeddable":true,"href":"https:\/\/www.alternatievemiddelen.nl\/fr\/wp-json\/wp\/v2\/media\/31081"}],"wp:attachment":[{"href":"https:\/\/www.alternatievemiddelen.nl\/fr\/wp-json\/wp\/v2\/media?parent=34575"}],"wp:term":[{"taxonomy":"product_brand","embeddable":true,"href":"https:\/\/www.alternatievemiddelen.nl\/fr\/wp-json\/wp\/v2\/product_brand?post=34575"},{"taxonomy":"product_cat","embeddable":true,"href":"https:\/\/www.alternatievemiddelen.nl\/fr\/wp-json\/wp\/v2\/product_cat?post=34575"},{"taxonomy":"product_tag","embeddable":true,"href":"https:\/\/www.alternatievemiddelen.nl\/fr\/wp-json\/wp\/v2\/product_tag?post=34575"},{"taxonomy":"merk","embeddable":true,"href":"https:\/\/www.alternatievemiddelen.nl\/fr\/wp-json\/wp\/v2\/merk?post=34575"}],"curies":[{"name":"wp","href":"https:\/\/api.w.org\/{rel}","templated":true}]}}