{"id":34581,"date":"2024-02-27T08:54:50","date_gmt":"2024-02-27T07:54:50","guid":{"rendered":"https:\/\/www.alternatievemiddelen.nl\/?post_type=product&#038;p=34581"},"modified":"2025-04-28T07:54:26","modified_gmt":"2025-04-28T05:54:26","slug":"vitakruid-magnesium-200-complex-90-tabletten","status":"publish","type":"product","link":"https:\/\/www.alternatievemiddelen.nl\/fr\/produits\/vitakruid-magnesium-200-complex-90-comprimes\/","title":{"rendered":"Vitakruid Magnesium 200 Complex 90 comprim\u00e9s"},"content":{"rendered":"<p>Vitakruid Magnesium 200 Complex 90 comprim\u00e9s - Pr\u00e9paration min\u00e9rale<\/p>\n<p>Le magn\u00e9sium est \u00e0 la base de plus de 300 processus biochimiques dans notre corps. Un mauvais \u00e9quilibre en magn\u00e9sium peut donc se manifester d'innombrables fa\u00e7ons. C'est pourquoi nous avons d\u00e9cid\u00e9 de combiner toutes les formes de magn\u00e9sium organique que nous proposons s\u00e9par\u00e9ment en un seul suppl\u00e9ment. Nous combinons ainsi les applications sp\u00e9cifiques des diff\u00e9rentes formes, ce qui fait de Magnesium Complex un compl\u00e9ment largement applicable.<\/p>\n<p>Le bisglycinate de magn\u00e9sium est un compos\u00e9 entre le magn\u00e9sium et deux mol\u00e9cules (bis) de l'acide amin\u00e9 glycine. Le taurate de magn\u00e9sium est une combinaison d'une substance semblable \u00e0 un acide amin\u00e9, la l-taurine, et de magn\u00e9sium. Les liaisons avec la l-taurine et la glycine permettent au magn\u00e9sium de traverser plus facilement la barri\u00e8re h\u00e9mato-enc\u00e9phalique. Par cons\u00e9quent, l'absorption du taurate et du bisglycinate de magn\u00e9sium dans le tissu c\u00e9r\u00e9bral est \u00e9galement meilleure que celle des autres formes de magn\u00e9sium.<\/p>\n<p>Le malate de magn\u00e9sium est un compos\u00e9 de magn\u00e9sium et d'acide malique ; le citrate de magn\u00e9sium est quant \u00e0 lui li\u00e9 \u00e0 l'acide citrique. Ces deux acides font partie de ce que l'on appelle le cycle de l'acide citrique. Ce syst\u00e8me biochimique garantit la majeure partie de l'\u00e9nergie produite par notre corps dans les cellules. En outre, la recherche montre que notre tissu musculaire absorbe relativement bien le malate et le citrate de magn\u00e9sium par rapport \u00e0 d'autres compos\u00e9s de magn\u00e9sium.<\/p>\n<p><u>Formes organiques et ch\u00e9lat\u00e9es<\/u><br \/>\nLe malate, le taurate, le bisglycinate et le citrate de magn\u00e9sium sont des formes de magn\u00e9sium li\u00e9es organiquement. Les formes inorganiques de magn\u00e9sium telles que le chlorure de magn\u00e9sium, l'oxyde de magn\u00e9sium et le sulfate de magn\u00e9sium sont moins biodisponibles et donc moins bien absorb\u00e9es. Le sulfate de magn\u00e9sium, par exemple, n'a qu'une biodisponibilit\u00e9 de 4%. Cela signifie qu'une dose de 200 mg de sulfate de magn\u00e9sium n'est efficace que pour 8 mg.<\/p>\n<p>Notre alimentation quotidienne contient g\u00e9n\u00e9ralement du magn\u00e9sium inorganique. En effet, ce sont les formes que l'on trouve dans le sol et qui sont absorb\u00e9es par les plantes que nous mangeons tous les jours. L'oxyde de magn\u00e9sium et le carbonate de magn\u00e9sium en sont des exemples. Notre organisme n'absorbe donc qu'une petite partie du magn\u00e9sium contenu dans l'alimentation courante.<\/p>\n<p>Les meilleures formes que nous connaissons sont les ch\u00e9lates de magn\u00e9sium tels que le taurate de magn\u00e9sium, le malate de magn\u00e9sium et le bisglycinate de magn\u00e9sium. La structure d'un ch\u00e9late d'acide amin\u00e9 est si solide que notre suc gastrique ne peut pas diviser la forme. Cela est d\u00fb aux acides amin\u00e9s de la forme ch\u00e9lat\u00e9e, qui agissent pour ainsi dire comme une couche protectrice pour le magn\u00e9sium. Le bisglycinate de magn\u00e9sium arrive donc dans nos intestins sous forme d'\u00e9l\u00e9ment complet, o\u00f9 notre corps absorbe le pr\u00e9cieux min\u00e9ral. En outre, la nature ch\u00e9lat\u00e9e de l'acide amin\u00e9 garantit moins d'inconfort gastro-intestinal que les formes de magn\u00e9sium non ch\u00e9lat\u00e9es.<\/p>\n<p><u>Vitamine B6 sous forme de pyridoxal-5-phosphate<\/u><br \/>\nLa vitamine B6 am\u00e9liore l'absorption du magn\u00e9sium. En outre, cette vitamine a de nombreux effets b\u00e9n\u00e9fiques pour la sant\u00e9 de l'organisme, qui sont scientifiquement prouv\u00e9s. Le pyridoxal-5-phosphate (la forme coenzymatique biologiquement active de la vitamine B6) pr\u00e9sente une meilleure biodisponibilit\u00e9 et est plus s\u00fbr que la pyridoxine. Nous n'utilisons que la forme P-5-P dans nos produits.<\/p>\n<p>- Le magn\u00e9sium joue un r\u00f4le dans la formation des os et le maintien d'une ossature solide.<br \/>\n- Le magn\u00e9sium est b\u00e9n\u00e9fique pour le fonctionnement du cerveau, l'humeur, le processus de division cellulaire, la m\u00e9moire, les performances d'apprentissage et la concentration.<br \/>\n- Le magn\u00e9sium contribue au maintien d'une synth\u00e8se prot\u00e9ique normale, d'un bon \u00e9quilibre \u00e9lectrolytique et d'un m\u00e9tabolisme \u00e9nerg\u00e9tique normal.<br \/>\n- Le magn\u00e9sium est important pour la solidit\u00e9 des dents.<br \/>\n- Le magn\u00e9sium est b\u00e9n\u00e9fique pour les muscles et le syst\u00e8me nerveux.<br \/>\n- Le magn\u00e9sium est b\u00e9n\u00e9fique pour r\u00e9duire la fatigue et la l\u00e9thargie.<br \/>\n- La vitamine B6 contribue notamment \u00e0 la production de globules rouges, de prot\u00e9ines et de cyst\u00e9ine.<\/p>\n<table>\n<tbody>\n<tr>\n<td><u><b>Composition par dose journali\u00e8re de 1 comprim\u00e9 :<\/b><\/u><\/td>\n<td><\/td>\n<td><u><b>RI*<\/b><\/u><\/td>\n<\/tr>\n<tr>\n<td>Magn\u00e9sium (taurate)<\/td>\n<td>50 mg<\/td>\n<td>13,3%<\/td>\n<\/tr>\n<tr>\n<td>Magn\u00e9sium (malate)<\/td>\n<td>50 mg<\/td>\n<td>13,3%<\/td>\n<\/tr>\n<tr>\n<td>Magn\u00e9sium (bisglycinate)<\/td>\n<td>50 mg<\/td>\n<td>13,3%<\/td>\n<\/tr>\n<tr>\n<td>Magn\u00e9sium (citrate)<\/td>\n<td>50 mg<\/td>\n<td>13,3%<\/td>\n<\/tr>\n<tr>\n<td>L-Taurine<\/td>\n<td>522 mg<\/td>\n<td>**<\/td>\n<\/tr>\n<tr>\n<td>Vitamine B6 (pyridoxal-5-phosphate)<\/td>\n<td>0,7 mg<\/td>\n<td>50%<\/td>\n<\/tr>\n<\/tbody>\n<\/table>\n<p>* Apports de r\u00e9f\u00e9rence<br \/>\n** Pas de RI \u00e9tabli<\/p>\n<p><u><b>Ingr\u00e9dients<\/b><\/u><br \/>\nL-taurine, taurate de magn\u00e9sium, citrate de magn\u00e9sium, bisglycinate de magn\u00e9sium, malate de magn\u00e9sium, cellulose microcristalline (anti-agglom\u00e9rant), acide st\u00e9arique (anti-agglom\u00e9rant), HPMC (agent d'enrobage), glyc\u00e9rol (agent mouillant), vitamine B6 (pyridoxal-5-phosphate).<\/p>\n<p><u><b>Utilisation<\/b><\/u><br \/>\nPrendre 1 \u00e0 2 comprim\u00e9s par jour.<br \/>\nNe convient pas aux enfants de moins de 3 ans.<\/p>\n<p>Ce produit est un compl\u00e9ment alimentaire.<\/p>\n<p>Ne pas d\u00e9passer la dose recommand\u00e9e.<\/p>\n<p>Une alimentation vari\u00e9e et \u00e9quilibr\u00e9e et un mode de vie sain sont importants. Un compl\u00e9ment alimentaire ne remplace pas une alimentation vari\u00e9e.<\/p>\n<p>Tenir hors de port\u00e9e des jeunes enfants.<\/p>\n<p>Conserver au sec, ferm\u00e9 et \u00e0 temp\u00e9rature ambiante, sauf indication contraire sur l'\u00e9tiquette.<\/p>\n<p>Consultez un expert avant de prendre des suppl\u00e9ments en cas de grossesse, d'allaitement, de prise de m\u00e9dicaments et de maladie.<\/p>","protected":false},"excerpt":{"rendered":"<p>Vitakruid Magnesium 200 Complex 90 comprim\u00e9s - Pr\u00e9paration min\u00e9rale.<\/p>","protected":false},"featured_media":31083,"comment_status":"open","ping_status":"closed","template":"","meta":[],"product_brand":[],"product_cat":[2938],"product_tag":[3393,3388,3394],"merk":[3436],"class_list":{"0":"post-34581","1":"product","2":"type-product","3":"status-publish","4":"has-post-thumbnail","6":"product_cat-vitamines-mineralen-en-supplementen","7":"product_tag-magnesium-200-complex","8":"product_tag-vitakruid","9":"product_tag-vitakruid-magnesium-200-complex","10":"merk-vitakruid","12":"first","13":"instock","14":"taxable","15":"shipping-taxable","16":"purchasable","17":"product-type-simple"},"bundled_by":[],"bundle_stock_status":"instock","bundle_stock_quantity":null,"bundle_virtual":false,"bundle_layout":"","bundle_add_to_cart_form_location":"","bundle_editable_in_cart":false,"bundle_sold_individually_context":"","bundle_item_grouping":"","bundle_min_size":"","bundle_max_size":"","bundle_price":[],"bundled_items":[],"bundle_sell_ids":[],"yoast_head":"<!-- This site is optimized with the Yoast SEO plugin v26.1 - https:\/\/yoast.com\/wordpress\/plugins\/seo\/ -->\n<title>Vitakruid Magnesium 200 Complex 90 tabletten - Alternatievemiddelen.nl<\/title>\n<meta name=\"description\" content=\"Vitakruid Magnesium 200 Complex 90 tabletten - Mineralenpreparaat.\" \/>\n<meta name=\"robots\" content=\"noindex, follow\" \/>\n<meta property=\"og:locale\" content=\"fr_FR\" \/>\n<meta property=\"og:type\" content=\"article\" \/>\n<meta property=\"og:title\" content=\"Vitakruid Magnesium 200 Complex 90 tabletten - Alternatievemiddelen.nl\" \/>\n<meta property=\"og:description\" content=\"Vitakruid Magnesium 200 Complex 90 tabletten - Mineralenpreparaat.\" \/>\n<meta property=\"og:url\" content=\"https:\/\/www.alternatievemiddelen.nl\/fr\/produits\/vitakruid-magnesium-200-complex-90-comprimes\/\" \/>\n<meta property=\"og:site_name\" content=\"Alternatievemiddelen.nl\" \/>\n<meta property=\"article:modified_time\" content=\"2025-04-28T05:54:26+00:00\" \/>\n<meta property=\"og:image\" content=\"\/wp-content\/uploads\/2023\/12\/Vitakruid-Magnesium-200-Complex.jpg\" \/>\n\t<meta property=\"og:image:width\" content=\"600\" \/>\n\t<meta property=\"og:image:height\" content=\"800\" \/>\n\t<meta property=\"og:image:type\" content=\"image\/jpeg\" \/>\n<meta name=\"twitter:card\" content=\"summary_large_image\" \/>\n<meta name=\"twitter:label1\" content=\"Dur\u00e9e de lecture estim\u00e9e\" \/>\n\t<meta name=\"twitter:data1\" content=\"4 minutes\" \/>\n<script type=\"application\/ld+json\" class=\"yoast-schema-graph\">{\"@context\":\"https:\/\/schema.org\",\"@graph\":[{\"@type\":[\"WebPage\",\"ItemPage\"],\"@id\":\"https:\/\/www.alternatievemiddelen.nl\/producten\/vitakruid-magnesium-200-complex-90-tabletten\/\",\"url\":\"https:\/\/www.alternatievemiddelen.nl\/producten\/vitakruid-magnesium-200-complex-90-tabletten\/\",\"name\":\"Vitakruid Magnesium 200 Complex 90 tabletten - Alternatievemiddelen.nl\",\"isPartOf\":{\"@id\":\"https:\/\/www.alternatievemiddelen.nl\/#website\"},\"primaryImageOfPage\":{\"@id\":\"https:\/\/www.alternatievemiddelen.nl\/producten\/vitakruid-magnesium-200-complex-90-tabletten\/#primaryimage\"},\"image\":{\"@id\":\"https:\/\/www.alternatievemiddelen.nl\/producten\/vitakruid-magnesium-200-complex-90-tabletten\/#primaryimage\"},\"thumbnailUrl\":\"https:\/\/www.alternatievemiddelen.nl\/wp-content\/uploads\/2023\/12\/Vitakruid-Magnesium-200-Complex.jpg\",\"datePublished\":\"2024-02-27T07:54:50+00:00\",\"dateModified\":\"2025-04-28T05:54:26+00:00\",\"description\":\"Vitakruid Magnesium 200 Complex 90 tabletten - Mineralenpreparaat.\",\"breadcrumb\":{\"@id\":\"https:\/\/www.alternatievemiddelen.nl\/producten\/vitakruid-magnesium-200-complex-90-tabletten\/#breadcrumb\"},\"inLanguage\":\"fr-FR\",\"potentialAction\":[{\"@type\":\"ReadAction\",\"target\":[\"https:\/\/www.alternatievemiddelen.nl\/producten\/vitakruid-magnesium-200-complex-90-tabletten\/\"]}]},{\"@type\":\"ImageObject\",\"inLanguage\":\"fr-FR\",\"@id\":\"https:\/\/www.alternatievemiddelen.nl\/producten\/vitakruid-magnesium-200-complex-90-tabletten\/#primaryimage\",\"url\":\"https:\/\/www.alternatievemiddelen.nl\/wp-content\/uploads\/2023\/12\/Vitakruid-Magnesium-200-Complex.jpg\",\"contentUrl\":\"https:\/\/www.alternatievemiddelen.nl\/wp-content\/uploads\/2023\/12\/Vitakruid-Magnesium-200-Complex.jpg\",\"width\":600,\"height\":800,\"caption\":\"Vitakruid Magnesium 200 Complex 90 tabletten\"},{\"@type\":\"BreadcrumbList\",\"@id\":\"https:\/\/www.alternatievemiddelen.nl\/producten\/vitakruid-magnesium-200-complex-90-tabletten\/#breadcrumb\",\"itemListElement\":[{\"@type\":\"ListItem\",\"position\":1,\"name\":\"Home\",\"item\":\"https:\/\/www.alternatievemiddelen.nl\/\"},{\"@type\":\"ListItem\",\"position\":2,\"name\":\"Producten\",\"item\":\"https:\/\/www.alternatievemiddelen.nl\/producten\/\"},{\"@type\":\"ListItem\",\"position\":3,\"name\":\"Vitakruid Magnesium 200 Complex 90 tabletten\"}]},{\"@type\":\"WebSite\",\"@id\":\"https:\/\/www.alternatievemiddelen.nl\/#website\",\"url\":\"https:\/\/www.alternatievemiddelen.nl\/\",\"name\":\"Alternatievemiddelen.nl\",\"description\":\"Webshop met gezonde, duurzame en ecologische alternatieve mogelijkheden in de hedendaagse levenstijl. Alles uit eigen ervaring.\",\"publisher\":{\"@id\":\"https:\/\/www.alternatievemiddelen.nl\/#organization\"},\"potentialAction\":[{\"@type\":\"SearchAction\",\"target\":{\"@type\":\"EntryPoint\",\"urlTemplate\":\"https:\/\/www.alternatievemiddelen.nl\/?s={search_term_string}\"},\"query-input\":{\"@type\":\"PropertyValueSpecification\",\"valueRequired\":true,\"valueName\":\"search_term_string\"}}],\"inLanguage\":\"fr-FR\"},{\"@type\":\"Organization\",\"@id\":\"https:\/\/www.alternatievemiddelen.nl\/#organization\",\"name\":\"Alternatievemiddelen.nl\",\"url\":\"https:\/\/www.alternatievemiddelen.nl\/\",\"logo\":{\"@type\":\"ImageObject\",\"inLanguage\":\"fr-FR\",\"@id\":\"https:\/\/www.alternatievemiddelen.nl\/#\/schema\/logo\/image\/\",\"url\":\"https:\/\/www.alternatievemiddelen.nl\/wp-content\/uploads\/2023\/10\/alternatievemiddelen-PNG-logo.png\",\"contentUrl\":\"https:\/\/www.alternatievemiddelen.nl\/wp-content\/uploads\/2023\/10\/alternatievemiddelen-PNG-logo.png\",\"width\":6400,\"height\":3062,\"caption\":\"Alternatievemiddelen.nl\"},\"image\":{\"@id\":\"https:\/\/www.alternatievemiddelen.nl\/#\/schema\/logo\/image\/\"}}]}<\/script>\n<!-- \/ Yoast SEO plugin. -->","yoast_head_json":{"title":"Vitakruid Magnesium 200 Complex 90 tabletten - Alternatievemiddelen.nl","description":"Vitakruid Magnesium 200 Complex 90 tabletten - Mineralenpreparaat.","robots":{"index":"noindex","follow":"follow"},"og_locale":"fr_FR","og_type":"article","og_title":"Vitakruid Magnesium 200 Complex 90 tabletten - Alternatievemiddelen.nl","og_description":"Vitakruid Magnesium 200 Complex 90 tabletten - Mineralenpreparaat.","og_url":"https:\/\/www.alternatievemiddelen.nl\/fr\/produits\/vitakruid-magnesium-200-complex-90-comprimes\/","og_site_name":"Alternatievemiddelen.nl","article_modified_time":"2025-04-28T05:54:26+00:00","og_image":[{"width":600,"height":800,"url":"\/wp-content\/uploads\/2023\/12\/Vitakruid-Magnesium-200-Complex.jpg","type":"image\/jpeg"}],"twitter_card":"summary_large_image","twitter_misc":{"Dur\u00e9e de lecture estim\u00e9e":"4 minutes"},"schema":{"@context":"https:\/\/schema.org","@graph":[{"@type":["WebPage","ItemPage"],"@id":"https:\/\/www.alternatievemiddelen.nl\/producten\/vitakruid-magnesium-200-complex-90-tabletten\/","url":"https:\/\/www.alternatievemiddelen.nl\/producten\/vitakruid-magnesium-200-complex-90-tabletten\/","name":"Vitakruid Magnesium 200 Complex 90 tabletten - Alternatievemiddelen.nl","isPartOf":{"@id":"https:\/\/www.alternatievemiddelen.nl\/#website"},"primaryImageOfPage":{"@id":"https:\/\/www.alternatievemiddelen.nl\/producten\/vitakruid-magnesium-200-complex-90-tabletten\/#primaryimage"},"image":{"@id":"https:\/\/www.alternatievemiddelen.nl\/producten\/vitakruid-magnesium-200-complex-90-tabletten\/#primaryimage"},"thumbnailUrl":"https:\/\/www.alternatievemiddelen.nl\/wp-content\/uploads\/2023\/12\/Vitakruid-Magnesium-200-Complex.jpg","datePublished":"2024-02-27T07:54:50+00:00","dateModified":"2025-04-28T05:54:26+00:00","description":"Vitakruid Magnesium 200 Complex 90 tabletten - Mineralenpreparaat.","breadcrumb":{"@id":"https:\/\/www.alternatievemiddelen.nl\/producten\/vitakruid-magnesium-200-complex-90-tabletten\/#breadcrumb"},"inLanguage":"fr-FR","potentialAction":[{"@type":"ReadAction","target":["https:\/\/www.alternatievemiddelen.nl\/producten\/vitakruid-magnesium-200-complex-90-tabletten\/"]}]},{"@type":"ImageObject","inLanguage":"fr-FR","@id":"https:\/\/www.alternatievemiddelen.nl\/producten\/vitakruid-magnesium-200-complex-90-tabletten\/#primaryimage","url":"https:\/\/www.alternatievemiddelen.nl\/wp-content\/uploads\/2023\/12\/Vitakruid-Magnesium-200-Complex.jpg","contentUrl":"https:\/\/www.alternatievemiddelen.nl\/wp-content\/uploads\/2023\/12\/Vitakruid-Magnesium-200-Complex.jpg","width":600,"height":800,"caption":"Vitakruid Magnesium 200 Complex 90 tabletten"},{"@type":"BreadcrumbList","@id":"https:\/\/www.alternatievemiddelen.nl\/producten\/vitakruid-magnesium-200-complex-90-tabletten\/#breadcrumb","itemListElement":[{"@type":"ListItem","position":1,"name":"Home","item":"https:\/\/www.alternatievemiddelen.nl\/"},{"@type":"ListItem","position":2,"name":"Producten","item":"https:\/\/www.alternatievemiddelen.nl\/producten\/"},{"@type":"ListItem","position":3,"name":"Vitakruid Magnesium 200 Complex 90 tabletten"}]},{"@type":"WebSite","@id":"https:\/\/www.alternatievemiddelen.nl\/#website","url":"https:\/\/www.alternatievemiddelen.nl\/","name":"Alternatievemiddelen.nl","description":"Webshop met gezonde, duurzame en ecologische alternatieve mogelijkheden in de hedendaagse levenstijl. Alles uit eigen ervaring.","publisher":{"@id":"https:\/\/www.alternatievemiddelen.nl\/#organization"},"potentialAction":[{"@type":"SearchAction","target":{"@type":"EntryPoint","urlTemplate":"https:\/\/www.alternatievemiddelen.nl\/?s={search_term_string}"},"query-input":{"@type":"PropertyValueSpecification","valueRequired":true,"valueName":"search_term_string"}}],"inLanguage":"fr-FR"},{"@type":"Organization","@id":"https:\/\/www.alternatievemiddelen.nl\/#organization","name":"Alternatievemiddelen.nl","url":"https:\/\/www.alternatievemiddelen.nl\/","logo":{"@type":"ImageObject","inLanguage":"fr-FR","@id":"https:\/\/www.alternatievemiddelen.nl\/#\/schema\/logo\/image\/","url":"https:\/\/www.alternatievemiddelen.nl\/wp-content\/uploads\/2023\/10\/alternatievemiddelen-PNG-logo.png","contentUrl":"https:\/\/www.alternatievemiddelen.nl\/wp-content\/uploads\/2023\/10\/alternatievemiddelen-PNG-logo.png","width":6400,"height":3062,"caption":"Alternatievemiddelen.nl"},"image":{"@id":"https:\/\/www.alternatievemiddelen.nl\/#\/schema\/logo\/image\/"}}]}},"_links":{"self":[{"href":"https:\/\/www.alternatievemiddelen.nl\/fr\/wp-json\/wp\/v2\/product\/34581","targetHints":{"allow":["GET"]}}],"collection":[{"href":"https:\/\/www.alternatievemiddelen.nl\/fr\/wp-json\/wp\/v2\/product"}],"about":[{"href":"https:\/\/www.alternatievemiddelen.nl\/fr\/wp-json\/wp\/v2\/types\/product"}],"replies":[{"embeddable":true,"href":"https:\/\/www.alternatievemiddelen.nl\/fr\/wp-json\/wp\/v2\/comments?post=34581"}],"wp:featuredmedia":[{"embeddable":true,"href":"https:\/\/www.alternatievemiddelen.nl\/fr\/wp-json\/wp\/v2\/media\/31083"}],"wp:attachment":[{"href":"https:\/\/www.alternatievemiddelen.nl\/fr\/wp-json\/wp\/v2\/media?parent=34581"}],"wp:term":[{"taxonomy":"product_brand","embeddable":true,"href":"https:\/\/www.alternatievemiddelen.nl\/fr\/wp-json\/wp\/v2\/product_brand?post=34581"},{"taxonomy":"product_cat","embeddable":true,"href":"https:\/\/www.alternatievemiddelen.nl\/fr\/wp-json\/wp\/v2\/product_cat?post=34581"},{"taxonomy":"product_tag","embeddable":true,"href":"https:\/\/www.alternatievemiddelen.nl\/fr\/wp-json\/wp\/v2\/product_tag?post=34581"},{"taxonomy":"merk","embeddable":true,"href":"https:\/\/www.alternatievemiddelen.nl\/fr\/wp-json\/wp\/v2\/merk?post=34581"}],"curies":[{"name":"wp","href":"https:\/\/api.w.org\/{rel}","templated":true}]}}