{"id":34582,"date":"2024-02-27T08:55:12","date_gmt":"2024-02-27T07:55:12","guid":{"rendered":"https:\/\/www.alternatievemiddelen.nl\/?post_type=product&#038;p=34582"},"modified":"2025-04-28T07:54:13","modified_gmt":"2025-04-28T05:54:13","slug":"vitakruid-nac-600mg-n-acetyl-l-cysteine","status":"publish","type":"product","link":"https:\/\/www.alternatievemiddelen.nl\/fr\/produits\/vitakruid-nac-600mg-n-acetyl-l-cysteine\/","title":{"rendered":"Vitakruid NAC 600mg n-ac\u00e9tyl-l-cyst\u00e9ine 60 g\u00e9lules v\u00e9g\u00e9tales"},"content":{"rendered":"<p>Vitakruid NAC 600mg n-ac\u00e9tyl-l-cyst\u00e9ine 60 g\u00e9lules v\u00e9g\u00e9tales<\/p>\n<p><u>Un acide amin\u00e9 semi-essentiel<\/u><br \/>\nEn r\u00e8gle g\u00e9n\u00e9rale, notre corps forme l'acide amin\u00e9 semi-essentiel cyst\u00e9ine \u00e0 partir de la l-m\u00e9thionine, mais beaucoup de choses peuvent se passer dans ce processus de conversion. En outre, des facteurs tels qu'une intervention chirurgicale, un r\u00e9gime alimentaire, une croissance rapide ou un exercice physique intense peuvent faire en sorte qu'un acide amin\u00e9 semi-essentiel devienne essentiel. La vitesse d'absorption de l'acide amin\u00e9 par l'organisme n'est alors pas suffisante pour r\u00e9pondre \u00e0 nos besoins. Pour s'assurer que l'organisme dispose de suffisamment de cyst\u00e9ine dans de telles circonstances, une suppl\u00e9mentation en NAC 600 constitue une solution int\u00e9ressante.<\/p>\n<p><u>Bonne absorption gr\u00e2ce \u00e0 l'ac\u00e9tyl<\/u><br \/>\nL'ac\u00e9tyle est en effet une partie mol\u00e9culaire, le groupe ac\u00e9tyle n'est donc pas une mol\u00e9cule en soi. On peut faire la comparaison avec un bras ou une jambe, tr\u00e8s fonctionnel dans l'ensemble d'un corps, mais sans valeur en soi. N\u00e9anmoins, l'appariement de l'ac\u00e9tyle avec la cyst\u00e9ine a une grande valeur au sein de notre organisme. En effet, trois propri\u00e9t\u00e9s de la partie de la mol\u00e9cule assurent un passage plus efficace \u00e0 travers la membrane cellulaire.<\/p>\n<p>L'ac\u00e9tyle est un compos\u00e9 de type lipidique qui permet \u00e0 l'intestin d'absorber la mol\u00e9cule dans son ensemble. En outre, la liaison ac\u00e9tyle prot\u00e8ge la mol\u00e9cule de l'oxydation, ce qui permet une diffusion rapide dans la cellule. Par la suite, les enzymes pr\u00e9sentes dans la cellule peuvent couper la liaison \u00e0 la vitesse de l'\u00e9clair. Par cons\u00e9quent, l'organisme absorbe bien la n-ac\u00e9tyl-l-cyst\u00e9ine, contrairement \u00e0 la cyst\u00e9ine ordinaire.<\/p>\n<p><u>Substance pr\u00e9curseur du glutathion<\/u><br \/>\nLe glutathion est un compos\u00e9 de trois acides amin\u00e9s (tripeptide), que l'organisme produit \u00e0 partir de la cyst\u00e9ine, de la glutamine et de la glycine. Ces deux derniers sont tr\u00e8s accessibles par le biais de l'alimentation et ne posent donc pas de probl\u00e8me pour la formation du glutathion. La cyst\u00e9ine, en revanche, est plus difficile \u00e0 obtenir par l'alimentation, ce qui en fait le facteur limitant de ce compos\u00e9. De plus, la cyst\u00e9ine est la partie active de la mol\u00e9cule de glutathion.<\/p>\n<p>Mais si le glutathion est si important pour moi, pourquoi ne pas en prendre tout simplement ? Les recherches montrent que l'organisme n'absorbe pas, ou tr\u00e8s peu, le glutathion (r\u00e9duit). Le tractus gastro-intestinal d\u00e9truit tout simplement le nutriment. M\u00eame des doses de trois grammes n'augmentent pas le taux de glutathion dans l'organisme. Et comme notre organisme absorbe la forme ac\u00e9lys\u00e9e de la cyst\u00e9ine, la suppl\u00e9mentation en pr\u00e9curseur du glutathion est plus efficace que la prise de glutathion (r\u00e9duit).<\/p>\n<p><u>Stable dans le tractus gastro-intestinal gr\u00e2ce \u00e0 une capsule r\u00e9sistante \u00e0 l'acide gastrique<\/u><br \/>\nNous proposons la N-ac\u00e9tyl-l-cyst\u00e9ine dans une g\u00e9lule r\u00e9sistante \u00e0 l'estomac. En compl\u00e9tant cette poudre dans une g\u00e9lule, la formule reste r\u00e9sistante \u00e0 l'humidit\u00e9 et \u00e0 la lumi\u00e8re. En outre, l'enveloppe de g\u00e9latine garantit que la n-ac\u00e9tyl-l-cyst\u00e9ine r\u00e9siste \u00e0 l'acide gastrique. Ainsi, la poudre atteint sans probl\u00e8me le tractus gastro-intestinal, o\u00f9 la n-ac\u00e9tyl-l-cyst\u00e9ine atteint sa pleine maturit\u00e9 !<\/p>\n<table>\n<tbody>\n<tr>\n<td><u><b>Composition par dose (1 g\u00e9lule vega) :<\/b><\/u><\/td>\n<td><\/td>\n<\/tr>\n<tr>\n<td>N-ac\u00e9tyl-L-cyst\u00e9ine<\/td>\n<td>600 mg<\/td>\n<\/tr>\n<\/tbody>\n<\/table>\n<p><u><b>Ingr\u00e9dients<\/b><\/u><br \/>\nN-ac\u00e9tyl-L-cyst\u00e9ine, hypromellose (g\u00e9lule), amidon de riz, acide st\u00e9arique (anti-agglom\u00e9rant).<\/p>\n<p><u><b>Utilisation<\/b><\/u><br \/>\nPrendre 1 \u00e0 2 g\u00e9lules par jour. Prendre entre les repas avec de l'eau. En cas de digestion difficile, prendre avec des repas riches en hydrates de carbone.<\/p>\n<p>Ce produit est un compl\u00e9ment alimentaire.<\/p>\n<p>Ne pas d\u00e9passer la dose recommand\u00e9e.<\/p>\n<p>Une alimentation vari\u00e9e et \u00e9quilibr\u00e9e et un mode de vie sain sont importants. Un compl\u00e9ment alimentaire ne remplace pas une alimentation vari\u00e9e.<\/p>\n<p>Tenir hors de port\u00e9e des jeunes enfants.<\/p>\n<p>Conserver au sec, ferm\u00e9 et \u00e0 temp\u00e9rature ambiante, sauf indication contraire sur l'\u00e9tiquette.<\/p>\n<p>Consultez un expert avant de prendre des suppl\u00e9ments en cas de grossesse, d'allaitement, de prise de m\u00e9dicaments et de maladie.<\/p>","protected":false},"excerpt":{"rendered":"<p>Vitakruid NAC 600mg n-ac\u00e9tyl-l-cyst\u00e9ine 60 g\u00e9lules v\u00e9g\u00e9tales.<\/p>","protected":false},"featured_media":31059,"comment_status":"open","ping_status":"closed","template":"","meta":[],"product_brand":[],"product_cat":[2938],"product_tag":[3387,3398,3388,3399],"merk":[3436],"class_list":{"0":"post-34582","1":"product","2":"type-product","3":"status-publish","4":"has-post-thumbnail","6":"product_cat-vitamines-mineralen-en-supplementen","7":"product_tag-ashwagandha-ksm-66-bioperine","8":"product_tag-nac-600mg-n-acetyl-l-cysteine","9":"product_tag-vitakruid","10":"product_tag-vitakruid-nac-600mg-n-acetyl-l-cysteine","11":"merk-vitakruid","13":"first","14":"instock","15":"taxable","16":"shipping-taxable","17":"purchasable","18":"product-type-simple"},"bundled_by":[],"bundle_stock_status":"instock","bundle_stock_quantity":null,"bundle_virtual":false,"bundle_layout":"","bundle_add_to_cart_form_location":"","bundle_editable_in_cart":false,"bundle_sold_individually_context":"","bundle_item_grouping":"","bundle_min_size":"","bundle_max_size":"","bundle_price":[],"bundled_items":[],"bundle_sell_ids":[],"yoast_head":"<!-- This site is optimized with the Yoast SEO plugin v26.1 - https:\/\/yoast.com\/wordpress\/plugins\/seo\/ -->\n<title>Vitakruid NAC 600mg n-acetyl-l-cysteine 60 vegetarische capsules - Alternatievemiddelen.nl<\/title>\n<meta name=\"description\" content=\"Vitakruid NAC 600mg n-acetyl-l-cysteine 60 vegetarische capsules.\" \/>\n<meta name=\"robots\" content=\"noindex, follow\" \/>\n<meta property=\"og:locale\" content=\"fr_FR\" \/>\n<meta property=\"og:type\" content=\"article\" \/>\n<meta property=\"og:title\" content=\"Vitakruid NAC 600mg n-acetyl-l-cysteine 60 vegetarische capsules - Alternatievemiddelen.nl\" \/>\n<meta property=\"og:description\" content=\"Vitakruid NAC 600mg n-acetyl-l-cysteine 60 vegetarische capsules.\" \/>\n<meta property=\"og:url\" content=\"https:\/\/www.alternatievemiddelen.nl\/fr\/produits\/vitakruid-nac-600mg-n-acetyl-l-cysteine\/\" \/>\n<meta property=\"og:site_name\" content=\"Alternatievemiddelen.nl\" \/>\n<meta property=\"article:modified_time\" content=\"2025-04-28T05:54:13+00:00\" \/>\n<meta property=\"og:image\" content=\"\/wp-content\/uploads\/2023\/12\/Vitakruid-NAC-600mg-n-acetyl-l-cysteine.jpg\" \/>\n\t<meta property=\"og:image:width\" content=\"600\" \/>\n\t<meta property=\"og:image:height\" content=\"800\" \/>\n\t<meta property=\"og:image:type\" content=\"image\/jpeg\" \/>\n<meta name=\"twitter:card\" content=\"summary_large_image\" \/>\n<meta name=\"twitter:label1\" content=\"Dur\u00e9e de lecture estim\u00e9e\" \/>\n\t<meta name=\"twitter:data1\" content=\"3 minutes\" \/>\n<script type=\"application\/ld+json\" class=\"yoast-schema-graph\">{\"@context\":\"https:\/\/schema.org\",\"@graph\":[{\"@type\":[\"WebPage\",\"ItemPage\"],\"@id\":\"https:\/\/www.alternatievemiddelen.nl\/producten\/vitakruid-nac-600mg-n-acetyl-l-cysteine\/\",\"url\":\"https:\/\/www.alternatievemiddelen.nl\/producten\/vitakruid-nac-600mg-n-acetyl-l-cysteine\/\",\"name\":\"Vitakruid NAC 600mg n-acetyl-l-cysteine 60 vegetarische capsules - Alternatievemiddelen.nl\",\"isPartOf\":{\"@id\":\"https:\/\/www.alternatievemiddelen.nl\/#website\"},\"primaryImageOfPage\":{\"@id\":\"https:\/\/www.alternatievemiddelen.nl\/producten\/vitakruid-nac-600mg-n-acetyl-l-cysteine\/#primaryimage\"},\"image\":{\"@id\":\"https:\/\/www.alternatievemiddelen.nl\/producten\/vitakruid-nac-600mg-n-acetyl-l-cysteine\/#primaryimage\"},\"thumbnailUrl\":\"https:\/\/www.alternatievemiddelen.nl\/wp-content\/uploads\/2023\/12\/Vitakruid-NAC-600mg-n-acetyl-l-cysteine.jpg\",\"datePublished\":\"2024-02-27T07:55:12+00:00\",\"dateModified\":\"2025-04-28T05:54:13+00:00\",\"description\":\"Vitakruid NAC 600mg n-acetyl-l-cysteine 60 vegetarische capsules.\",\"breadcrumb\":{\"@id\":\"https:\/\/www.alternatievemiddelen.nl\/producten\/vitakruid-nac-600mg-n-acetyl-l-cysteine\/#breadcrumb\"},\"inLanguage\":\"fr-FR\",\"potentialAction\":[{\"@type\":\"ReadAction\",\"target\":[\"https:\/\/www.alternatievemiddelen.nl\/producten\/vitakruid-nac-600mg-n-acetyl-l-cysteine\/\"]}]},{\"@type\":\"ImageObject\",\"inLanguage\":\"fr-FR\",\"@id\":\"https:\/\/www.alternatievemiddelen.nl\/producten\/vitakruid-nac-600mg-n-acetyl-l-cysteine\/#primaryimage\",\"url\":\"https:\/\/www.alternatievemiddelen.nl\/wp-content\/uploads\/2023\/12\/Vitakruid-NAC-600mg-n-acetyl-l-cysteine.jpg\",\"contentUrl\":\"https:\/\/www.alternatievemiddelen.nl\/wp-content\/uploads\/2023\/12\/Vitakruid-NAC-600mg-n-acetyl-l-cysteine.jpg\",\"width\":600,\"height\":800,\"caption\":\"Vitakruid NAC 600mg N-Acetyl-L-Cyste\u00efne 60 capsules\"},{\"@type\":\"BreadcrumbList\",\"@id\":\"https:\/\/www.alternatievemiddelen.nl\/producten\/vitakruid-nac-600mg-n-acetyl-l-cysteine\/#breadcrumb\",\"itemListElement\":[{\"@type\":\"ListItem\",\"position\":1,\"name\":\"Home\",\"item\":\"https:\/\/www.alternatievemiddelen.nl\/\"},{\"@type\":\"ListItem\",\"position\":2,\"name\":\"Producten\",\"item\":\"https:\/\/www.alternatievemiddelen.nl\/producten\/\"},{\"@type\":\"ListItem\",\"position\":3,\"name\":\"Vitakruid NAC 600mg n-acetyl-l-cysteine 60 vegetarische capsules\"}]},{\"@type\":\"WebSite\",\"@id\":\"https:\/\/www.alternatievemiddelen.nl\/#website\",\"url\":\"https:\/\/www.alternatievemiddelen.nl\/\",\"name\":\"Alternatievemiddelen.nl\",\"description\":\"Webshop met gezonde, duurzame en ecologische alternatieve mogelijkheden in de hedendaagse levenstijl. Alles uit eigen ervaring.\",\"publisher\":{\"@id\":\"https:\/\/www.alternatievemiddelen.nl\/#organization\"},\"potentialAction\":[{\"@type\":\"SearchAction\",\"target\":{\"@type\":\"EntryPoint\",\"urlTemplate\":\"https:\/\/www.alternatievemiddelen.nl\/?s={search_term_string}\"},\"query-input\":{\"@type\":\"PropertyValueSpecification\",\"valueRequired\":true,\"valueName\":\"search_term_string\"}}],\"inLanguage\":\"fr-FR\"},{\"@type\":\"Organization\",\"@id\":\"https:\/\/www.alternatievemiddelen.nl\/#organization\",\"name\":\"Alternatievemiddelen.nl\",\"url\":\"https:\/\/www.alternatievemiddelen.nl\/\",\"logo\":{\"@type\":\"ImageObject\",\"inLanguage\":\"fr-FR\",\"@id\":\"https:\/\/www.alternatievemiddelen.nl\/#\/schema\/logo\/image\/\",\"url\":\"https:\/\/www.alternatievemiddelen.nl\/wp-content\/uploads\/2023\/10\/alternatievemiddelen-PNG-logo.png\",\"contentUrl\":\"https:\/\/www.alternatievemiddelen.nl\/wp-content\/uploads\/2023\/10\/alternatievemiddelen-PNG-logo.png\",\"width\":6400,\"height\":3062,\"caption\":\"Alternatievemiddelen.nl\"},\"image\":{\"@id\":\"https:\/\/www.alternatievemiddelen.nl\/#\/schema\/logo\/image\/\"}}]}<\/script>\n<!-- \/ Yoast SEO plugin. -->","yoast_head_json":{"title":"Vitakruid NAC 600mg n-acetyl-l-cysteine 60 vegetarische capsules - Alternatievemiddelen.nl","description":"Vitakruid NAC 600mg n-acetyl-l-cysteine 60 vegetarische capsules.","robots":{"index":"noindex","follow":"follow"},"og_locale":"fr_FR","og_type":"article","og_title":"Vitakruid NAC 600mg n-acetyl-l-cysteine 60 vegetarische capsules - Alternatievemiddelen.nl","og_description":"Vitakruid NAC 600mg n-acetyl-l-cysteine 60 vegetarische capsules.","og_url":"https:\/\/www.alternatievemiddelen.nl\/fr\/produits\/vitakruid-nac-600mg-n-acetyl-l-cysteine\/","og_site_name":"Alternatievemiddelen.nl","article_modified_time":"2025-04-28T05:54:13+00:00","og_image":[{"width":600,"height":800,"url":"\/wp-content\/uploads\/2023\/12\/Vitakruid-NAC-600mg-n-acetyl-l-cysteine.jpg","type":"image\/jpeg"}],"twitter_card":"summary_large_image","twitter_misc":{"Dur\u00e9e de lecture estim\u00e9e":"3 minutes"},"schema":{"@context":"https:\/\/schema.org","@graph":[{"@type":["WebPage","ItemPage"],"@id":"https:\/\/www.alternatievemiddelen.nl\/producten\/vitakruid-nac-600mg-n-acetyl-l-cysteine\/","url":"https:\/\/www.alternatievemiddelen.nl\/producten\/vitakruid-nac-600mg-n-acetyl-l-cysteine\/","name":"Vitakruid NAC 600mg n-acetyl-l-cysteine 60 vegetarische capsules - Alternatievemiddelen.nl","isPartOf":{"@id":"https:\/\/www.alternatievemiddelen.nl\/#website"},"primaryImageOfPage":{"@id":"https:\/\/www.alternatievemiddelen.nl\/producten\/vitakruid-nac-600mg-n-acetyl-l-cysteine\/#primaryimage"},"image":{"@id":"https:\/\/www.alternatievemiddelen.nl\/producten\/vitakruid-nac-600mg-n-acetyl-l-cysteine\/#primaryimage"},"thumbnailUrl":"https:\/\/www.alternatievemiddelen.nl\/wp-content\/uploads\/2023\/12\/Vitakruid-NAC-600mg-n-acetyl-l-cysteine.jpg","datePublished":"2024-02-27T07:55:12+00:00","dateModified":"2025-04-28T05:54:13+00:00","description":"Vitakruid NAC 600mg n-acetyl-l-cysteine 60 vegetarische capsules.","breadcrumb":{"@id":"https:\/\/www.alternatievemiddelen.nl\/producten\/vitakruid-nac-600mg-n-acetyl-l-cysteine\/#breadcrumb"},"inLanguage":"fr-FR","potentialAction":[{"@type":"ReadAction","target":["https:\/\/www.alternatievemiddelen.nl\/producten\/vitakruid-nac-600mg-n-acetyl-l-cysteine\/"]}]},{"@type":"ImageObject","inLanguage":"fr-FR","@id":"https:\/\/www.alternatievemiddelen.nl\/producten\/vitakruid-nac-600mg-n-acetyl-l-cysteine\/#primaryimage","url":"https:\/\/www.alternatievemiddelen.nl\/wp-content\/uploads\/2023\/12\/Vitakruid-NAC-600mg-n-acetyl-l-cysteine.jpg","contentUrl":"https:\/\/www.alternatievemiddelen.nl\/wp-content\/uploads\/2023\/12\/Vitakruid-NAC-600mg-n-acetyl-l-cysteine.jpg","width":600,"height":800,"caption":"Vitakruid NAC 600mg N-Acetyl-L-Cyste\u00efne 60 capsules"},{"@type":"BreadcrumbList","@id":"https:\/\/www.alternatievemiddelen.nl\/producten\/vitakruid-nac-600mg-n-acetyl-l-cysteine\/#breadcrumb","itemListElement":[{"@type":"ListItem","position":1,"name":"Home","item":"https:\/\/www.alternatievemiddelen.nl\/"},{"@type":"ListItem","position":2,"name":"Producten","item":"https:\/\/www.alternatievemiddelen.nl\/producten\/"},{"@type":"ListItem","position":3,"name":"Vitakruid NAC 600mg n-acetyl-l-cysteine 60 vegetarische capsules"}]},{"@type":"WebSite","@id":"https:\/\/www.alternatievemiddelen.nl\/#website","url":"https:\/\/www.alternatievemiddelen.nl\/","name":"Alternatievemiddelen.nl","description":"Webshop met gezonde, duurzame en ecologische alternatieve mogelijkheden in de hedendaagse levenstijl. Alles uit eigen ervaring.","publisher":{"@id":"https:\/\/www.alternatievemiddelen.nl\/#organization"},"potentialAction":[{"@type":"SearchAction","target":{"@type":"EntryPoint","urlTemplate":"https:\/\/www.alternatievemiddelen.nl\/?s={search_term_string}"},"query-input":{"@type":"PropertyValueSpecification","valueRequired":true,"valueName":"search_term_string"}}],"inLanguage":"fr-FR"},{"@type":"Organization","@id":"https:\/\/www.alternatievemiddelen.nl\/#organization","name":"Alternatievemiddelen.nl","url":"https:\/\/www.alternatievemiddelen.nl\/","logo":{"@type":"ImageObject","inLanguage":"fr-FR","@id":"https:\/\/www.alternatievemiddelen.nl\/#\/schema\/logo\/image\/","url":"https:\/\/www.alternatievemiddelen.nl\/wp-content\/uploads\/2023\/10\/alternatievemiddelen-PNG-logo.png","contentUrl":"https:\/\/www.alternatievemiddelen.nl\/wp-content\/uploads\/2023\/10\/alternatievemiddelen-PNG-logo.png","width":6400,"height":3062,"caption":"Alternatievemiddelen.nl"},"image":{"@id":"https:\/\/www.alternatievemiddelen.nl\/#\/schema\/logo\/image\/"}}]}},"_links":{"self":[{"href":"https:\/\/www.alternatievemiddelen.nl\/fr\/wp-json\/wp\/v2\/product\/34582","targetHints":{"allow":["GET"]}}],"collection":[{"href":"https:\/\/www.alternatievemiddelen.nl\/fr\/wp-json\/wp\/v2\/product"}],"about":[{"href":"https:\/\/www.alternatievemiddelen.nl\/fr\/wp-json\/wp\/v2\/types\/product"}],"replies":[{"embeddable":true,"href":"https:\/\/www.alternatievemiddelen.nl\/fr\/wp-json\/wp\/v2\/comments?post=34582"}],"wp:featuredmedia":[{"embeddable":true,"href":"https:\/\/www.alternatievemiddelen.nl\/fr\/wp-json\/wp\/v2\/media\/31059"}],"wp:attachment":[{"href":"https:\/\/www.alternatievemiddelen.nl\/fr\/wp-json\/wp\/v2\/media?parent=34582"}],"wp:term":[{"taxonomy":"product_brand","embeddable":true,"href":"https:\/\/www.alternatievemiddelen.nl\/fr\/wp-json\/wp\/v2\/product_brand?post=34582"},{"taxonomy":"product_cat","embeddable":true,"href":"https:\/\/www.alternatievemiddelen.nl\/fr\/wp-json\/wp\/v2\/product_cat?post=34582"},{"taxonomy":"product_tag","embeddable":true,"href":"https:\/\/www.alternatievemiddelen.nl\/fr\/wp-json\/wp\/v2\/product_tag?post=34582"},{"taxonomy":"merk","embeddable":true,"href":"https:\/\/www.alternatievemiddelen.nl\/fr\/wp-json\/wp\/v2\/merk?post=34582"}],"curies":[{"name":"wp","href":"https:\/\/api.w.org\/{rel}","templated":true}]}}