{"id":35331,"date":"2024-03-12T15:37:27","date_gmt":"2024-03-12T14:37:27","guid":{"rendered":"https:\/\/www.alternatievemiddelen.nl\/?post_type=product&#038;p=35331"},"modified":"2025-10-04T11:19:15","modified_gmt":"2025-10-04T09:19:15","slug":"deodorant-creme-orange-vanille-zonder-aluminium","status":"publish","type":"product","link":"https:\/\/www.alternatievemiddelen.nl\/fr\/produits\/creme-deodorante-orange-vanille-sans-aluminium\/","title":{"rendered":"D\u00e9odorant Cr\u00e8me Orange-Vanille (sans aluminium) 30 ml"},"content":{"rendered":"<p>La cr\u00e8me d\u00e9odorante Orange-Vanille de i+m Naturkosmetik Berlin d\u00e9sodorise la peau des aisselles de mani\u00e8re fiable et particuli\u00e8rement efficace pendant 24 heures. Apr\u00e8s application, la formule extra-forte offre une protection d\u00e9odorante durable en qualit\u00e9 biologique. Elle neutralise les odeurs corporelles existantes de mani\u00e8re efficace et s\u00fbre, \u00e0 tout moment. Le parfum naturel d'orange juteuse et de vanille d\u00e9licate sur la peau est un v\u00e9ritable plaisir pour les sens, jour apr\u00e8s jour.<br \/>\n&nbsp;<\/p>\n<h3>Une protection d\u00e9odorante efficace gr\u00e2ce \u00e0 la cr\u00e8me d\u00e9odorante<\/h3>\n<p>Gr\u00e2ce \u00e0 sa formule d\u00e9odorante naturelle \u00e0 base de noix de coco, de bicarbonate de soude et de zinc, le D\u00e9odorant Cr\u00e8me Orange-Vanille offre une protection instantan\u00e9e indispensable contre les odeurs d\u00e9sagr\u00e9ables des aisselles pendant des heures. L'oxyde de zinc anti-irritant apaise la peau sensible des aisselles, ce qui est particuli\u00e8rement agr\u00e9able apr\u00e8s le rasage. Les huiles d'amande et d'olive issues du commerce \u00e9quitable rendent la peau velout\u00e9e. La vitamine E nourrit et adoucit la peau des aisselles.<br \/>\n&nbsp;<\/p>\n<h3>Tentant ! - Laissez vos bras s'envoler avec le parfum orange-vanille<\/h3>\n<p>Le parfum d\u00e9odorant sensuel enchante les aisselles : la cr\u00e8me d\u00e9odorante velout\u00e9e associe une note d'orange agr\u00e9ablement sucr\u00e9e \u00e0 un parfum de vanille poudr\u00e9e. D\u00e8s que vous commencez \u00e0 transpirer, la peau de vos aisselles se languit du d\u00e9licieux parfum de la cr\u00e8me d\u00e9odorante \u00e0 l'orange et \u00e0 la vanille. En effet, avec sa note fruit\u00e9e et poudr\u00e9e, elle d\u00e9sodorise sans perturber la r\u00e9gulation naturelle de la transpiration de la peau par l'utilisation d'alcool, d'aluminium ou d'alun - pour une protection d\u00e9odorante fra\u00eeche sous chaque aisselle.<br \/>\n&nbsp;<\/p>\n<h3>Informations sur le d\u00e9odorant cr\u00e8me orange-vanille<\/h3>\n<p><u>Utilisation :<\/u> Si n\u00e9cessaire, appliquez une petite quantit\u00e9 de cr\u00e8me d\u00e9odorante orange-vanille sur les aisselles et profitez d'un rafra\u00eechissement naturel.<\/p>\n<p><b>Un avantage suppl\u00e9mentaire<\/b><br \/>\nLa Cr\u00e8me D\u00e9odorante Orange-Vanille neutralise \u00e9galement les odeurs corporelles d\u00e9j\u00e0 pr\u00e9sentes. Les premiers soins sont donc toujours \u00e0 port\u00e9e de main, m\u00eame lorsque vous \u00eates en d\u00e9placement.<\/p>\n<p><u>Contenu :<\/u> 30 ml<\/p>\n<p><u>Ingr\u00e9dients (en anglais) :<\/u> HUILE DE COCOS NUCIFERA* (<strong>NOIX DE COCO*<\/strong>), OXYDE DE ZINC, HUILE DE COLZA HYDROG\u00c9N\u00c9E (<strong>RAPESEED<\/strong>), HUILE DE PRUNUS AMYGDALUS DULCIS* (<strong>ALMOND*<\/strong>), OLEA EUROPAEA FRUIT OIL* (<strong>OLIVE*<\/strong>), TRIGLYC\u00c9RIDE CAPRYLIQUE\/CAPRIQUE, LAURATE D'ISOAMYLE, BICARBONATE DE SODIUM, RICINOL\u00c9ATE DE ZINC, AMIDON DE TAPIOCA*, PARFUM***, ACIDE POLYHYDROXYST\u00c9ARIQUE, POLYGLYC\u00c9RYL-3 POLYRINCINOL\u00c9ATE, TOCOPH\u00c9ROL (<strong>VITAMINE E<\/strong>), GLYCERYL CAPRYLATE, HELIANTHUS ANNUUS SEED OIL* (<strong>TOURNESOL*<\/strong>), CITRAL**, CITRONELLOL**, G\u00c9RANIOL**, FARN\u00c9SOL**, LIMON\u00c8NE**, LINALOL**.<br \/>\n<i>* agriculture biologique contr\u00f4l\u00e9e ** \u00e0 partir d'huiles essentielles naturelles *** parfum naturel<\/i><br \/>\n&nbsp;<\/p>\n<h4>\u00c0 propos de i+m Naturkosmetik Berlin<\/h4>\n<p>Nous sommes des gens bien : des ma\u00eetres dans la cr\u00e9ation des meilleurs cosm\u00e9tiques naturels, des pionniers du bio, des rebelles de la cosm\u00e9tique v\u00e9g\u00e9talienne, des fairplayers, des experts en \u00e9nergie v\u00e9g\u00e9tale, des utilisateurs respectueux des ressources pr\u00e9cieuses, des gens bien, des \u00e9cologistes neutres sur le plan climatique, des fans d'individualit\u00e9, des Berlinois depuis 78, des \u00e9vitants d\u00e9vou\u00e9s des d\u00e9chets et des laur\u00e9ats du Prix allemand du d\u00e9veloppement durable 2019 et 2020.<br \/>\n&nbsp;<\/p>\n<h4>Informations compl\u00e9mentaires :<\/h4>\n<p><b>Cr\u00e8mes d\u00e9odorantes contre d\u00e9odorants \u00e0 l'aluminium :<\/b> Les d\u00e9odorants conventionnels contenant des sels d'aluminium\/chlorure d'aluminium ou de l'alun r\u00e9tr\u00e9cissent et ferment les pores de la transpiration. Ils suppriment ainsi la formation naturelle de sueur et emp\u00eachent le refroidissement du corps. Avec les d\u00e9odorants de i+m Naturkosmetik Berlin, le syst\u00e8me de climatisation du corps peut continuer \u00e0 fonctionner - seule l'odeur est \u00e9vit\u00e9e.<br \/>\n<b>Patience dans le changement :<\/b> Lorsque l'on passe d'un d\u00e9odorant conventionnel \u00e0 un d\u00e9odorant cosm\u00e9tique naturel, il se peut que l'on transpire davantage dans un premier temps. Cependant, celle-ci se r\u00e9gule d'elle-m\u00eame pour revenir \u00e0 un niveau naturel une fois que les pores de la transpiration se sont habitu\u00e9s \u00e0 leur libert\u00e9 retrouv\u00e9e.<\/p>","protected":false},"excerpt":{"rendered":"<p>D\u00e9odorant Cr\u00e8me Orange-Vanille (i+m), velout\u00e9 \u00e0 l'orange et \u00e0 la vanille, neutralise efficacement les odeurs corporelles (24 heures), sans aluminium.<\/p>","protected":false},"featured_media":35348,"comment_status":"open","ping_status":"closed","template":"","meta":[],"product_brand":[],"product_cat":[2945,3174],"product_tag":[3175,3176,3177,3178,3179,3180,3182,3183,3184,3185,3186,3187,3466,3188,3189,3190,3060,3191,3192,3193,3194,3195,3196],"merk":[3454],"class_list":{"0":"post-35331","1":"product","2":"type-product","3":"status-publish","4":"has-post-thumbnail","6":"product_cat-natuurlijke-verzorging","7":"product_cat-deodorant","8":"product_tag-alcoholvrij","9":"product_tag-aluminiumvrij","10":"product_tag-bio","11":"product_tag-deodorant","12":"product_tag-deodorant-creme","13":"product_tag-dierproefvrij","14":"product_tag-fairtrade","15":"product_tag-glutenvrij","16":"product_tag-im","17":"product_tag-im-naturkosmetik-berlin","18":"product_tag-kleurstofvrij","19":"product_tag-lactosevrij","20":"product_tag-orange-vanille","21":"product_tag-organisch","22":"product_tag-peg-vrij","23":"product_tag-siliconenvrij","24":"product_tag-vegan","25":"product_tag-veganistisch","26":"product_tag-vrij-van-minerale-olien","27":"product_tag-vrij-van-nanodeeltjes","28":"product_tag-vrij-van-parabenen","29":"product_tag-vrij-van-paraffine","30":"product_tag-zonder-aluminium","31":"merk-im-naturkosmetik-berlin","33":"first","34":"instock","35":"taxable","36":"shipping-taxable","37":"purchasable","38":"product-type-simple"},"bundled_by":[],"bundle_stock_status":"instock","bundle_stock_quantity":null,"bundle_virtual":false,"bundle_layout":"","bundle_add_to_cart_form_location":"","bundle_editable_in_cart":false,"bundle_sold_individually_context":"","bundle_item_grouping":"","bundle_min_size":"","bundle_max_size":"","bundle_price":[],"bundled_items":[],"bundle_sell_ids":[44176,34333,34360,34364,34366,34380,34410,34388],"yoast_head":"<!-- This site is optimized with the Yoast SEO plugin v26.1 - https:\/\/yoast.com\/wordpress\/plugins\/seo\/ -->\n<title>Deodorant Creme Orange-Vanille (zonder aluminium) 30 ml - Alternatievemiddelen.nl<\/title>\n<meta name=\"description\" content=\"Deodorant Creme Orange-Vanille (i+m), fluweelzacht met sinaasappel &amp; vanille, neutraliseert effectief de lichaamsgeur (24 uur), geheel zonder aluminium.\" \/>\n<meta name=\"robots\" content=\"index, follow, max-snippet:-1, max-image-preview:large, max-video-preview:-1\" \/>\n<link rel=\"canonical\" href=\"https:\/\/www.alternatievemiddelen.nl\/fr\/wp-json\/wp\/v2\/product\/35331\" \/>\n<meta property=\"og:locale\" content=\"fr_FR\" \/>\n<meta property=\"og:type\" content=\"article\" \/>\n<meta property=\"og:title\" content=\"Deodorant Creme Orange-Vanille (zonder aluminium) 30 ml - Alternatievemiddelen.nl\" \/>\n<meta property=\"og:description\" content=\"Deodorant Creme Orange-Vanille (i+m), fluweelzacht met sinaasappel &amp; vanille, neutraliseert effectief de lichaamsgeur (24 uur), geheel zonder aluminium.\" \/>\n<meta property=\"og:url\" content=\"https:\/\/www.alternatievemiddelen.nl\/fr\/produits\/creme-deodorante-orange-vanille-sans-aluminium\/\" \/>\n<meta property=\"og:site_name\" content=\"Alternatievemiddelen.nl\" \/>\n<meta property=\"article:publisher\" content=\"https:\/\/www.facebook.com\/alternatievemiddelen\" \/>\n<meta property=\"article:modified_time\" content=\"2025-10-04T09:19:15+00:00\" \/>\n<meta property=\"og:image\" content=\"\/wp-content\/uploads\/2024\/03\/Deodorant-Creme-Orange-Vanille.jpg\" \/>\n\t<meta property=\"og:image:width\" content=\"600\" \/>\n\t<meta property=\"og:image:height\" content=\"800\" \/>\n\t<meta property=\"og:image:type\" content=\"image\/jpeg\" \/>\n<meta name=\"twitter:card\" content=\"summary_large_image\" \/>\n<meta name=\"twitter:label1\" content=\"Dur\u00e9e de lecture estim\u00e9e\" \/>\n\t<meta name=\"twitter:data1\" content=\"3 minutes\" \/>\n<script type=\"application\/ld+json\" class=\"yoast-schema-graph\">{\"@context\":\"https:\/\/schema.org\",\"@graph\":[{\"@type\":[\"WebPage\",\"ItemPage\"],\"@id\":\"https:\/\/www.alternatievemiddelen.nl\/producten\/deodorant-creme-orange-vanille-zonder-aluminium\/\",\"url\":\"https:\/\/www.alternatievemiddelen.nl\/producten\/deodorant-creme-orange-vanille-zonder-aluminium\/\",\"name\":\"Deodorant Creme Orange-Vanille (zonder aluminium) 30 ml - Alternatievemiddelen.nl\",\"isPartOf\":{\"@id\":\"https:\/\/www.alternatievemiddelen.nl\/#website\"},\"primaryImageOfPage\":{\"@id\":\"https:\/\/www.alternatievemiddelen.nl\/producten\/deodorant-creme-orange-vanille-zonder-aluminium\/#primaryimage\"},\"image\":{\"@id\":\"https:\/\/www.alternatievemiddelen.nl\/producten\/deodorant-creme-orange-vanille-zonder-aluminium\/#primaryimage\"},\"thumbnailUrl\":\"https:\/\/www.alternatievemiddelen.nl\/wp-content\/uploads\/2024\/03\/Deodorant-Creme-Orange-Vanille.jpg\",\"datePublished\":\"2024-03-12T14:37:27+00:00\",\"dateModified\":\"2025-10-04T09:19:15+00:00\",\"description\":\"Deodorant Creme Orange-Vanille (i+m), fluweelzacht met sinaasappel & vanille, neutraliseert effectief de lichaamsgeur (24 uur), geheel zonder aluminium.\",\"breadcrumb\":{\"@id\":\"https:\/\/www.alternatievemiddelen.nl\/producten\/deodorant-creme-orange-vanille-zonder-aluminium\/#breadcrumb\"},\"inLanguage\":\"fr-FR\",\"potentialAction\":[{\"@type\":\"ReadAction\",\"target\":[\"https:\/\/www.alternatievemiddelen.nl\/producten\/deodorant-creme-orange-vanille-zonder-aluminium\/\"]}]},{\"@type\":\"ImageObject\",\"inLanguage\":\"fr-FR\",\"@id\":\"https:\/\/www.alternatievemiddelen.nl\/producten\/deodorant-creme-orange-vanille-zonder-aluminium\/#primaryimage\",\"url\":\"https:\/\/www.alternatievemiddelen.nl\/wp-content\/uploads\/2024\/03\/Deodorant-Creme-Orange-Vanille.jpg\",\"contentUrl\":\"https:\/\/www.alternatievemiddelen.nl\/wp-content\/uploads\/2024\/03\/Deodorant-Creme-Orange-Vanille.jpg\",\"width\":600,\"height\":800,\"caption\":\"Deodorant Creme Orange-Vanille (zonder aluminium)\"},{\"@type\":\"BreadcrumbList\",\"@id\":\"https:\/\/www.alternatievemiddelen.nl\/producten\/deodorant-creme-orange-vanille-zonder-aluminium\/#breadcrumb\",\"itemListElement\":[{\"@type\":\"ListItem\",\"position\":1,\"name\":\"Home\",\"item\":\"https:\/\/www.alternatievemiddelen.nl\/\"},{\"@type\":\"ListItem\",\"position\":2,\"name\":\"Producten\",\"item\":\"https:\/\/www.alternatievemiddelen.nl\/producten\/\"},{\"@type\":\"ListItem\",\"position\":3,\"name\":\"Deodorant Creme Orange-Vanille (zonder aluminium) 30 ml\"}]},{\"@type\":\"WebSite\",\"@id\":\"https:\/\/www.alternatievemiddelen.nl\/#website\",\"url\":\"https:\/\/www.alternatievemiddelen.nl\/\",\"name\":\"Alternatievemiddelen.nl\",\"description\":\"Webshop met gezonde, duurzame en ecologische alternatieve mogelijkheden in de hedendaagse levenstijl. Alles uit eigen ervaring.\",\"publisher\":{\"@id\":\"https:\/\/www.alternatievemiddelen.nl\/#organization\"},\"alternateName\":\"Alternatieve Middelen\",\"potentialAction\":[{\"@type\":\"SearchAction\",\"target\":{\"@type\":\"EntryPoint\",\"urlTemplate\":\"https:\/\/www.alternatievemiddelen.nl\/?s={search_term_string}\"},\"query-input\":{\"@type\":\"PropertyValueSpecification\",\"valueRequired\":true,\"valueName\":\"search_term_string\"}}],\"inLanguage\":\"fr-FR\"},{\"@type\":\"Organization\",\"@id\":\"https:\/\/www.alternatievemiddelen.nl\/#organization\",\"name\":\"Alternatievemiddelen.nl\",\"alternateName\":\"Alternatieve Middelen\",\"url\":\"https:\/\/www.alternatievemiddelen.nl\/\",\"logo\":{\"@type\":\"ImageObject\",\"inLanguage\":\"fr-FR\",\"@id\":\"https:\/\/www.alternatievemiddelen.nl\/#\/schema\/logo\/image\/\",\"url\":\"https:\/\/www.alternatievemiddelen.nl\/wp-content\/uploads\/2023\/10\/alternatievemiddelen-PNG-logo.png\",\"contentUrl\":\"https:\/\/www.alternatievemiddelen.nl\/wp-content\/uploads\/2023\/10\/alternatievemiddelen-PNG-logo.png\",\"width\":6400,\"height\":3062,\"caption\":\"Alternatievemiddelen.nl\"},\"image\":{\"@id\":\"https:\/\/www.alternatievemiddelen.nl\/#\/schema\/logo\/image\/\"},\"sameAs\":[\"https:\/\/www.facebook.com\/alternatievemiddelen\",\"https:\/\/www.instagram.com\/alternatievemiddelen.nl\/\"]}]}<\/script>\n<!-- \/ Yoast SEO plugin. -->","yoast_head_json":{"title":"Deodorant Creme Orange-Vanille (zonder aluminium) 30 ml - Alternatievemiddelen.nl","description":"Deodorant Creme Orange-Vanille (i+m), fluweelzacht met sinaasappel & vanille, neutraliseert effectief de lichaamsgeur (24 uur), geheel zonder aluminium.","robots":{"index":"index","follow":"follow","max-snippet":"max-snippet:-1","max-image-preview":"max-image-preview:large","max-video-preview":"max-video-preview:-1"},"canonical":"https:\/\/www.alternatievemiddelen.nl\/fr\/wp-json\/wp\/v2\/product\/35331","og_locale":"fr_FR","og_type":"article","og_title":"Deodorant Creme Orange-Vanille (zonder aluminium) 30 ml - Alternatievemiddelen.nl","og_description":"Deodorant Creme Orange-Vanille (i+m), fluweelzacht met sinaasappel & vanille, neutraliseert effectief de lichaamsgeur (24 uur), geheel zonder aluminium.","og_url":"https:\/\/www.alternatievemiddelen.nl\/fr\/produits\/creme-deodorante-orange-vanille-sans-aluminium\/","og_site_name":"Alternatievemiddelen.nl","article_publisher":"https:\/\/www.facebook.com\/alternatievemiddelen","article_modified_time":"2025-10-04T09:19:15+00:00","og_image":[{"width":600,"height":800,"url":"\/wp-content\/uploads\/2024\/03\/Deodorant-Creme-Orange-Vanille.jpg","type":"image\/jpeg"}],"twitter_card":"summary_large_image","twitter_misc":{"Dur\u00e9e de lecture estim\u00e9e":"3 minutes"},"schema":{"@context":"https:\/\/schema.org","@graph":[{"@type":["WebPage","ItemPage"],"@id":"https:\/\/www.alternatievemiddelen.nl\/producten\/deodorant-creme-orange-vanille-zonder-aluminium\/","url":"https:\/\/www.alternatievemiddelen.nl\/producten\/deodorant-creme-orange-vanille-zonder-aluminium\/","name":"Deodorant Creme Orange-Vanille (zonder aluminium) 30 ml - Alternatievemiddelen.nl","isPartOf":{"@id":"https:\/\/www.alternatievemiddelen.nl\/#website"},"primaryImageOfPage":{"@id":"https:\/\/www.alternatievemiddelen.nl\/producten\/deodorant-creme-orange-vanille-zonder-aluminium\/#primaryimage"},"image":{"@id":"https:\/\/www.alternatievemiddelen.nl\/producten\/deodorant-creme-orange-vanille-zonder-aluminium\/#primaryimage"},"thumbnailUrl":"https:\/\/www.alternatievemiddelen.nl\/wp-content\/uploads\/2024\/03\/Deodorant-Creme-Orange-Vanille.jpg","datePublished":"2024-03-12T14:37:27+00:00","dateModified":"2025-10-04T09:19:15+00:00","description":"Deodorant Creme Orange-Vanille (i+m), fluweelzacht met sinaasappel & vanille, neutraliseert effectief de lichaamsgeur (24 uur), geheel zonder aluminium.","breadcrumb":{"@id":"https:\/\/www.alternatievemiddelen.nl\/producten\/deodorant-creme-orange-vanille-zonder-aluminium\/#breadcrumb"},"inLanguage":"fr-FR","potentialAction":[{"@type":"ReadAction","target":["https:\/\/www.alternatievemiddelen.nl\/producten\/deodorant-creme-orange-vanille-zonder-aluminium\/"]}]},{"@type":"ImageObject","inLanguage":"fr-FR","@id":"https:\/\/www.alternatievemiddelen.nl\/producten\/deodorant-creme-orange-vanille-zonder-aluminium\/#primaryimage","url":"https:\/\/www.alternatievemiddelen.nl\/wp-content\/uploads\/2024\/03\/Deodorant-Creme-Orange-Vanille.jpg","contentUrl":"https:\/\/www.alternatievemiddelen.nl\/wp-content\/uploads\/2024\/03\/Deodorant-Creme-Orange-Vanille.jpg","width":600,"height":800,"caption":"Deodorant Creme Orange-Vanille (zonder aluminium)"},{"@type":"BreadcrumbList","@id":"https:\/\/www.alternatievemiddelen.nl\/producten\/deodorant-creme-orange-vanille-zonder-aluminium\/#breadcrumb","itemListElement":[{"@type":"ListItem","position":1,"name":"Home","item":"https:\/\/www.alternatievemiddelen.nl\/"},{"@type":"ListItem","position":2,"name":"Producten","item":"https:\/\/www.alternatievemiddelen.nl\/producten\/"},{"@type":"ListItem","position":3,"name":"Deodorant Creme Orange-Vanille (zonder aluminium) 30 ml"}]},{"@type":"WebSite","@id":"https:\/\/www.alternatievemiddelen.nl\/#website","url":"https:\/\/www.alternatievemiddelen.nl\/","name":"Alternatievemiddelen.nl","description":"Webshop met gezonde, duurzame en ecologische alternatieve mogelijkheden in de hedendaagse levenstijl. Alles uit eigen ervaring.","publisher":{"@id":"https:\/\/www.alternatievemiddelen.nl\/#organization"},"alternateName":"Alternatieve Middelen","potentialAction":[{"@type":"SearchAction","target":{"@type":"EntryPoint","urlTemplate":"https:\/\/www.alternatievemiddelen.nl\/?s={search_term_string}"},"query-input":{"@type":"PropertyValueSpecification","valueRequired":true,"valueName":"search_term_string"}}],"inLanguage":"fr-FR"},{"@type":"Organization","@id":"https:\/\/www.alternatievemiddelen.nl\/#organization","name":"Alternatievemiddelen.nl","alternateName":"Alternatieve Middelen","url":"https:\/\/www.alternatievemiddelen.nl\/","logo":{"@type":"ImageObject","inLanguage":"fr-FR","@id":"https:\/\/www.alternatievemiddelen.nl\/#\/schema\/logo\/image\/","url":"https:\/\/www.alternatievemiddelen.nl\/wp-content\/uploads\/2023\/10\/alternatievemiddelen-PNG-logo.png","contentUrl":"https:\/\/www.alternatievemiddelen.nl\/wp-content\/uploads\/2023\/10\/alternatievemiddelen-PNG-logo.png","width":6400,"height":3062,"caption":"Alternatievemiddelen.nl"},"image":{"@id":"https:\/\/www.alternatievemiddelen.nl\/#\/schema\/logo\/image\/"},"sameAs":["https:\/\/www.facebook.com\/alternatievemiddelen","https:\/\/www.instagram.com\/alternatievemiddelen.nl\/"]}]}},"_links":{"self":[{"href":"https:\/\/www.alternatievemiddelen.nl\/fr\/wp-json\/wp\/v2\/product\/35331","targetHints":{"allow":["GET"]}}],"collection":[{"href":"https:\/\/www.alternatievemiddelen.nl\/fr\/wp-json\/wp\/v2\/product"}],"about":[{"href":"https:\/\/www.alternatievemiddelen.nl\/fr\/wp-json\/wp\/v2\/types\/product"}],"replies":[{"embeddable":true,"href":"https:\/\/www.alternatievemiddelen.nl\/fr\/wp-json\/wp\/v2\/comments?post=35331"}],"wp:featuredmedia":[{"embeddable":true,"href":"https:\/\/www.alternatievemiddelen.nl\/fr\/wp-json\/wp\/v2\/media\/35348"}],"wp:attachment":[{"href":"https:\/\/www.alternatievemiddelen.nl\/fr\/wp-json\/wp\/v2\/media?parent=35331"}],"wp:term":[{"taxonomy":"product_brand","embeddable":true,"href":"https:\/\/www.alternatievemiddelen.nl\/fr\/wp-json\/wp\/v2\/product_brand?post=35331"},{"taxonomy":"product_cat","embeddable":true,"href":"https:\/\/www.alternatievemiddelen.nl\/fr\/wp-json\/wp\/v2\/product_cat?post=35331"},{"taxonomy":"product_tag","embeddable":true,"href":"https:\/\/www.alternatievemiddelen.nl\/fr\/wp-json\/wp\/v2\/product_tag?post=35331"},{"taxonomy":"merk","embeddable":true,"href":"https:\/\/www.alternatievemiddelen.nl\/fr\/wp-json\/wp\/v2\/merk?post=35331"}],"curies":[{"name":"wp","href":"https:\/\/api.w.org\/{rel}","templated":true}]}}