{"id":44220,"date":"2024-07-04T11:26:16","date_gmt":"2024-07-04T09:26:16","guid":{"rendered":"https:\/\/www.alternatievemiddelen.nl\/?post_type=product&#038;p=44220"},"modified":"2025-07-04T15:20:05","modified_gmt":"2025-07-04T13:20:05","slug":"british-berkefeld-waterfilter-1l","status":"publish","type":"product","link":"https:\/\/www.alternatievemiddelen.nl\/fr\/produits\/filtre-a-eau-british-berkefeld-1l\/","title":{"rendered":"British Berkefeld Filtre \u00e0 eau 1L (avec sac de transport)"},"content":{"rendered":"<p>Le filtre \u00e0 eau British Berkefeld 1L est un syst\u00e8me compact et portable de filtrage de l'eau par gravit\u00e9, complet avec <a href=\"https:\/\/www.alternatievemiddelen.nl\/fr\/produits\/element-de-filtre-a-eau-ultra-sterasyl\/\">un \u00e9l\u00e9ment filtrant Ultra Sterasyl<\/a> pour r\u00e9duire les contaminants courants (notamment les bact\u00e9ries, les kystes, les algues, les r\u00e9sidus de m\u00e9dicaments, les microplastiques, le sable, les s\u00e9diments, les m\u00e9taux lourds (y compris le plomb)) et le chlore. C'est la solution id\u00e9ale pour obtenir de l'eau potable filtr\u00e9e au robinet ou en d\u00e9placement. Les filtres \u00e0 eau British Berkefeld sont \u00e9galement utilis\u00e9s, entre autres, par la Croix-Rouge, l'Unicef et d'autres organisations humanitaires pour garantir une quantit\u00e9 suffisante d'eau potable dans les zones d'urgence.<br \/>\n&nbsp;<\/p>\n<h3>Informations sur le filtre \u00e0 eau British Berkefeld 1L<\/h3>\n<p>Le filtre \u00e0 eau British Berkefeld 1L est la solution id\u00e9ale pour obtenir de l'eau potable propre et s\u00fbre en camping, dans le jardin ou en cas d'urgence. Ce filtre \u00e0 eau ne n\u00e9cessite aucune alimentation \u00e9lectrique ou autre. Vous le placez simplement sur votre comptoir, sur une table ou une armoire, vous le remplissez d'eau et l'eau s'\u00e9coule par gravit\u00e9 vers la partie inf\u00e9rieure. La partie inf\u00e9rieure est un grand gobelet en acier inoxydable.<\/p>\n<p>Le filtre \u00e0 eau British Berkefeld 1L est si puissant qu'il est capable de purifier sans effort l'eau du sol, d'une rivi\u00e8re ou d'un foss\u00e9 pour en faire de l'eau potable. Plus de 99,99% des bact\u00e9ries sont arr\u00eat\u00e9es par le filtre ! Ce filtre \u00e0 eau filtre \u00e9galement le plomb et d'autres m\u00e9taux lourds pr\u00e9sents dans l'eau !<\/p>\n<p>Trois mod\u00e8les plus grands de British Berkefeld sont \u00e9galement disponibles : <a href=\"https:\/\/www.alternatievemiddelen.nl\/fr\/produits\/filtre-a-eau-british-berkefeld-6l\/\">British Berkefeld Filtre \u00e0 eau 6L<\/a>, <a href=\"https:\/\/www.alternatievemiddelen.nl\/fr\/produits\/filtre-a-eau-british-berkefeld-8-5l\/\">British Berkefeld Filtre \u00e0 eau 8.5L<\/a> et <a href=\"https:\/\/www.alternatievemiddelen.nl\/fr\/produits\/filtre-a-eau-british-berkefeld-12l\/\">British Berkefeld Filtre \u00e0 eau 12L<\/a>. La performance du filtre de tous les mod\u00e8les est similaire, la diff\u00e9rence r\u00e9side dans le poids et la taille du filtre \u00e0 eau et dans la taille du r\u00e9servoir d'eau filtr\u00e9e.<\/p>\n<p>Le filtre \u00e0 eau British Berkefeld 1L a une capacit\u00e9 d'environ 1 litre d'eau et est livr\u00e9 avec <a href=\"https:\/\/www.alternatievemiddelen.nl\/fr\/produits\/element-de-filtre-a-eau-ultra-sterasyl\/\">un \u00e9l\u00e9ment filtrant Ultra Sterasyl<\/a>. Il dure 6 mois ou 1500 litres. Chaque \u00e9l\u00e9ment filtrant peut purifier environ 20 litres par p\u00e9riode de 24 heures.<\/p>\n<p>Le bo\u00eetier est en acier inoxydable poli de haute qualit\u00e9.<br \/>\n&nbsp;<\/p>\n<h3>Caract\u00e9ristiques British Berkefeld Filtre \u00e0 eau 1L<\/h3>\n<ul>\n<li>Le filtre \u00e0 eau id\u00e9al pour les voyages et les d\u00e9placements souterrains, ou compact \u00e0 la maison. Convient \u00e0 une utilisation par 1 ou 2 personnes<\/li>\n<li>Filtre les bact\u00e9ries, les kystes, les algues, les r\u00e9sidus de m\u00e9dicaments, les microplastiques, le sable, les s\u00e9diments, les m\u00e9taux lourds (y compris le plomb) et le chlore, entre autres.<\/li>\n<li>Facile \u00e0 utiliser<\/li>\n<li>Capacit\u00e9 pour 1 litre<\/li>\n<li>Fourni en standard avec <a href=\"https:\/\/www.alternatievemiddelen.nl\/fr\/produits\/element-de-filtre-a-eau-ultra-sterasyl\/\">1 Ultra Sterasyl \u00e9l\u00e9ment filtrant<\/a><\/li>\n<li>Chaque \u00e9l\u00e9ment filtrant British Berkefeld filtre jusqu'\u00e0 1 500 litres d'eau (ou jusqu'\u00e0 6 mois).<\/li>\n<li>L'\u00e9l\u00e9ment filtrant British Berkefeld doit \u00eatre remplac\u00e9 tous les 6 mois.<\/li>\n<li>Acier inoxydable poli de haute qualit\u00e9<\/li>\n<li>Hauteur : 35,5 cm<\/li>\n<li>Diam\u00e8tre : 10 cm<\/li>\n<li>Poids : 1 kg<\/li>\n<\/ul>\n<p>&nbsp;<\/p>\n<h3>Que contient la bo\u00eete ?<\/h3>\n<p>\u2713 British Berkefeld Filtre \u00e0 eau 1L - deux r\u00e9cipients et un couvercle<br \/>\n\u2713 1x <a href=\"https:\/\/www.alternatievemiddelen.nl\/fr\/produits\/element-de-filtre-a-eau-ultra-sterasyl\/\">Ultra Sterasyl \u00e9l\u00e9ment filtrant<\/a> avec rondelle et \u00e9crou papillon<br \/>\n\u2713 Porte-b\u00e9b\u00e9<br \/>\n\u2713 Manuel<br \/>\n&nbsp;<\/p>\n<h3>Installation<\/h3>\n<p>Vous pouvez facilement assembler le filtre \u00e0 eau British Berkefeld 1L en quelques minutes, sans outils. Veillez \u00e0 nettoyer soigneusement les r\u00e9cipients et le couvercle (ATTENTION ! PAS l'\u00e9l\u00e9ment filtrant) avec de l'eau chaude et du d\u00e9tergent (de pr\u00e9f\u00e9rence un d\u00e9tergent doux et naturel). Rincez bien ces pi\u00e8ces pour \u00e9viter les r\u00e9sidus de savon. Rincez bri\u00e8vement l'\u00e9l\u00e9ment filtrant sous un robinet d'eau froide pour \u00e9liminer la poussi\u00e8re de production. Placez ensuite l'\u00e9l\u00e9ment filtrant dans le r\u00e9cipient sup\u00e9rieur et remplissez ce dernier d'eau. Laissez couler l'eau, la vitesse du filtre augmentera au fur et \u00e0 mesure que l'\u00e9l\u00e9ment filtrant se remplit lentement d'eau. Jetez toujours la premi\u00e8re eau qui s'\u00e9coule (ou donnez-la aux plantes). Vous \u00eates alors pr\u00eat \u00e0 l'utiliser !<br \/>\n&nbsp;<\/p>\n<h3>Conseils d'entretien<\/h3>\n<p>Vous pouvez simplement nettoyer les r\u00e9cipients et le couvercle du filtre \u00e0 eau British Berkefeld avec de l'eau chaude et un d\u00e9tergent (de pr\u00e9f\u00e9rence un d\u00e9tergent doux et naturel). Veillez \u00e0 bien nettoyer l'ensemble (insistez \u00e9galement sur les bords) et \u00e0 bien rincer pendant un certain temps, afin qu'aucun r\u00e9sidu de savon ne subsiste. En fonction de l'eau purifi\u00e9e, le nettoyage peut \u00eatre hebdomadaire ou mensuel.<br \/>\nLe <a href=\"https:\/\/www.alternatievemiddelen.nl\/fr\/produits\/element-de-filtre-a-eau-ultra-sterasyl\/\">Ultra Sterasyl \u00e9l\u00e9ment filtrant<\/a> Il est pr\u00e9f\u00e9rable de le nettoyer une fois par mois \u00e0 l'aide d'une \u00e9ponge abrasive sous l'eau froide courante. Cette op\u00e9ration permet d'\u00e9liminer la couche de d\u00e9p\u00f4ts cr\u00e9\u00e9e par les substances \u00e9limin\u00e9es de l'eau et l'\u00e9l\u00e9ment filtrant retrouvera une meilleure fluidit\u00e9. Encore une fois : en fonction de l'eau purifi\u00e9e, il est possible de nettoyer le filtre plus souvent qu'une fois par mois.<\/p>","protected":false},"excerpt":{"rendered":"<p>Le filtre \u00e0 eau British Berkefeld 1L permet d'\u00e9conomiser de l'argent sur les bouteilles d'eau on\u00e9reuses. C'est la solution id\u00e9ale pour profiter d'une eau potable filtr\u00e9e \u00e0 l'ext\u00e9rieur.<\/p>","protected":false},"featured_media":44230,"comment_status":"open","ping_status":"closed","template":"","meta":[],"product_brand":[],"product_cat":[2971,2972],"product_tag":[3600,3107,3385,3601,3008,3004,2967,2979],"merk":[3450],"class_list":{"0":"post-44220","1":"product","2":"type-product","3":"status-publish","4":"has-post-thumbnail","6":"product_cat-waterfilters","7":"product_cat-waterfilter","8":"product_tag-1l","9":"product_tag-british-berkefeld","10":"product_tag-doulton","11":"product_tag-draagzak","12":"product_tag-drinkwater","13":"product_tag-onderweg","14":"product_tag-schoon","15":"product_tag-waterfilter","16":"merk-british-berkefeld","18":"first","19":"outofstock","20":"taxable","21":"shipping-taxable","22":"purchasable","23":"product-type-simple"},"bundled_by":[],"bundle_stock_status":"outofstock","bundle_stock_quantity":0,"bundle_virtual":false,"bundle_layout":"","bundle_add_to_cart_form_location":"","bundle_editable_in_cart":false,"bundle_sold_individually_context":"","bundle_item_grouping":"","bundle_min_size":"","bundle_max_size":"","bundle_price":[],"bundled_items":[],"bundle_sell_ids":[44176,34487],"yoast_head":"<!-- This site is optimized with the Yoast SEO plugin v26.1 - https:\/\/yoast.com\/wordpress\/plugins\/seo\/ -->\n<title>British Berkefeld Waterfilter 1L (inclusief draagzak) - Alternatievemiddelen.nl<\/title>\n<meta name=\"description\" content=\"Bespaar geld op duur flessenwater met de British Berkefeld waterfilter 1L - de ideale oplossing om ook buitenshuis te genieten van gefilterd drinkwater.\" \/>\n<meta name=\"robots\" content=\"index, follow, max-snippet:-1, max-image-preview:large, max-video-preview:-1\" \/>\n<link rel=\"canonical\" href=\"https:\/\/www.alternatievemiddelen.nl\/fr\/wp-json\/wp\/v2\/product\/44220\" \/>\n<meta property=\"og:locale\" content=\"fr_FR\" \/>\n<meta property=\"og:type\" content=\"article\" \/>\n<meta property=\"og:title\" content=\"British Berkefeld Waterfilter 1L (inclusief draagzak) - Alternatievemiddelen.nl\" \/>\n<meta property=\"og:description\" content=\"Bespaar geld op duur flessenwater met de British Berkefeld waterfilter 1L - de ideale oplossing om ook buitenshuis te genieten van gefilterd drinkwater.\" \/>\n<meta property=\"og:url\" content=\"https:\/\/www.alternatievemiddelen.nl\/fr\/produits\/filtre-a-eau-british-berkefeld-1l\/\" \/>\n<meta property=\"og:site_name\" content=\"Alternatievemiddelen.nl\" \/>\n<meta property=\"article:publisher\" content=\"https:\/\/www.facebook.com\/alternatievemiddelen\" \/>\n<meta property=\"article:modified_time\" content=\"2025-07-04T13:20:05+00:00\" \/>\n<meta property=\"og:image\" content=\"\/wp-content\/uploads\/2024\/07\/British-Berkefeld-Waterfilter-1L.jpg\" \/>\n\t<meta property=\"og:image:width\" content=\"600\" \/>\n\t<meta property=\"og:image:height\" content=\"800\" \/>\n\t<meta property=\"og:image:type\" content=\"image\/jpeg\" \/>\n<meta name=\"twitter:card\" content=\"summary_large_image\" \/>\n<meta name=\"twitter:label1\" content=\"Dur\u00e9e de lecture estim\u00e9e\" \/>\n\t<meta name=\"twitter:data1\" content=\"4 minutes\" \/>\n<script type=\"application\/ld+json\" class=\"yoast-schema-graph\">{\"@context\":\"https:\/\/schema.org\",\"@graph\":[{\"@type\":[\"WebPage\",\"ItemPage\"],\"@id\":\"https:\/\/www.alternatievemiddelen.nl\/producten\/british-berkefeld-waterfilter-1l\/\",\"url\":\"https:\/\/www.alternatievemiddelen.nl\/producten\/british-berkefeld-waterfilter-1l\/\",\"name\":\"British Berkefeld Waterfilter 1L (inclusief draagzak) - Alternatievemiddelen.nl\",\"isPartOf\":{\"@id\":\"https:\/\/www.alternatievemiddelen.nl\/#website\"},\"primaryImageOfPage\":{\"@id\":\"https:\/\/www.alternatievemiddelen.nl\/producten\/british-berkefeld-waterfilter-1l\/#primaryimage\"},\"image\":{\"@id\":\"https:\/\/www.alternatievemiddelen.nl\/producten\/british-berkefeld-waterfilter-1l\/#primaryimage\"},\"thumbnailUrl\":\"https:\/\/www.alternatievemiddelen.nl\/wp-content\/uploads\/2024\/07\/British-Berkefeld-Waterfilter-1L.jpg\",\"datePublished\":\"2024-07-04T09:26:16+00:00\",\"dateModified\":\"2025-07-04T13:20:05+00:00\",\"description\":\"Bespaar geld op duur flessenwater met de British Berkefeld waterfilter 1L - de ideale oplossing om ook buitenshuis te genieten van gefilterd drinkwater.\",\"breadcrumb\":{\"@id\":\"https:\/\/www.alternatievemiddelen.nl\/producten\/british-berkefeld-waterfilter-1l\/#breadcrumb\"},\"inLanguage\":\"fr-FR\",\"potentialAction\":[{\"@type\":\"ReadAction\",\"target\":[\"https:\/\/www.alternatievemiddelen.nl\/producten\/british-berkefeld-waterfilter-1l\/\"]}]},{\"@type\":\"ImageObject\",\"inLanguage\":\"fr-FR\",\"@id\":\"https:\/\/www.alternatievemiddelen.nl\/producten\/british-berkefeld-waterfilter-1l\/#primaryimage\",\"url\":\"https:\/\/www.alternatievemiddelen.nl\/wp-content\/uploads\/2024\/07\/British-Berkefeld-Waterfilter-1L.jpg\",\"contentUrl\":\"https:\/\/www.alternatievemiddelen.nl\/wp-content\/uploads\/2024\/07\/British-Berkefeld-Waterfilter-1L.jpg\",\"width\":600,\"height\":800,\"caption\":\"British Berkefeld Waterfilter 1L\"},{\"@type\":\"BreadcrumbList\",\"@id\":\"https:\/\/www.alternatievemiddelen.nl\/producten\/british-berkefeld-waterfilter-1l\/#breadcrumb\",\"itemListElement\":[{\"@type\":\"ListItem\",\"position\":1,\"name\":\"Home\",\"item\":\"https:\/\/www.alternatievemiddelen.nl\/\"},{\"@type\":\"ListItem\",\"position\":2,\"name\":\"Producten\",\"item\":\"https:\/\/www.alternatievemiddelen.nl\/producten\/\"},{\"@type\":\"ListItem\",\"position\":3,\"name\":\"British Berkefeld Waterfilter 1L (inclusief draagzak)\"}]},{\"@type\":\"WebSite\",\"@id\":\"https:\/\/www.alternatievemiddelen.nl\/#website\",\"url\":\"https:\/\/www.alternatievemiddelen.nl\/\",\"name\":\"Alternatievemiddelen.nl\",\"description\":\"Webshop met gezonde, duurzame en ecologische alternatieve mogelijkheden in de hedendaagse levenstijl. Alles uit eigen ervaring.\",\"publisher\":{\"@id\":\"https:\/\/www.alternatievemiddelen.nl\/#organization\"},\"alternateName\":\"Alternatieve Middelen\",\"potentialAction\":[{\"@type\":\"SearchAction\",\"target\":{\"@type\":\"EntryPoint\",\"urlTemplate\":\"https:\/\/www.alternatievemiddelen.nl\/?s={search_term_string}\"},\"query-input\":{\"@type\":\"PropertyValueSpecification\",\"valueRequired\":true,\"valueName\":\"search_term_string\"}}],\"inLanguage\":\"fr-FR\"},{\"@type\":\"Organization\",\"@id\":\"https:\/\/www.alternatievemiddelen.nl\/#organization\",\"name\":\"Alternatievemiddelen.nl\",\"alternateName\":\"Alternatieve Middelen\",\"url\":\"https:\/\/www.alternatievemiddelen.nl\/\",\"logo\":{\"@type\":\"ImageObject\",\"inLanguage\":\"fr-FR\",\"@id\":\"https:\/\/www.alternatievemiddelen.nl\/#\/schema\/logo\/image\/\",\"url\":\"https:\/\/www.alternatievemiddelen.nl\/wp-content\/uploads\/2023\/10\/alternatievemiddelen-PNG-logo.png\",\"contentUrl\":\"https:\/\/www.alternatievemiddelen.nl\/wp-content\/uploads\/2023\/10\/alternatievemiddelen-PNG-logo.png\",\"width\":6400,\"height\":3062,\"caption\":\"Alternatievemiddelen.nl\"},\"image\":{\"@id\":\"https:\/\/www.alternatievemiddelen.nl\/#\/schema\/logo\/image\/\"},\"sameAs\":[\"https:\/\/www.facebook.com\/alternatievemiddelen\",\"https:\/\/www.instagram.com\/alternatievemiddelen.nl\/\"]}]}<\/script>\n<!-- \/ Yoast SEO plugin. -->","yoast_head_json":{"title":"British Berkefeld Waterfilter 1L (inclusief draagzak) - Alternatievemiddelen.nl","description":"Bespaar geld op duur flessenwater met de British Berkefeld waterfilter 1L - de ideale oplossing om ook buitenshuis te genieten van gefilterd drinkwater.","robots":{"index":"index","follow":"follow","max-snippet":"max-snippet:-1","max-image-preview":"max-image-preview:large","max-video-preview":"max-video-preview:-1"},"canonical":"https:\/\/www.alternatievemiddelen.nl\/fr\/wp-json\/wp\/v2\/product\/44220","og_locale":"fr_FR","og_type":"article","og_title":"British Berkefeld Waterfilter 1L (inclusief draagzak) - Alternatievemiddelen.nl","og_description":"Bespaar geld op duur flessenwater met de British Berkefeld waterfilter 1L - de ideale oplossing om ook buitenshuis te genieten van gefilterd drinkwater.","og_url":"https:\/\/www.alternatievemiddelen.nl\/fr\/produits\/filtre-a-eau-british-berkefeld-1l\/","og_site_name":"Alternatievemiddelen.nl","article_publisher":"https:\/\/www.facebook.com\/alternatievemiddelen","article_modified_time":"2025-07-04T13:20:05+00:00","og_image":[{"width":600,"height":800,"url":"\/wp-content\/uploads\/2024\/07\/British-Berkefeld-Waterfilter-1L.jpg","type":"image\/jpeg"}],"twitter_card":"summary_large_image","twitter_misc":{"Dur\u00e9e de lecture estim\u00e9e":"4 minutes"},"schema":{"@context":"https:\/\/schema.org","@graph":[{"@type":["WebPage","ItemPage"],"@id":"https:\/\/www.alternatievemiddelen.nl\/producten\/british-berkefeld-waterfilter-1l\/","url":"https:\/\/www.alternatievemiddelen.nl\/producten\/british-berkefeld-waterfilter-1l\/","name":"British Berkefeld Waterfilter 1L (inclusief draagzak) - Alternatievemiddelen.nl","isPartOf":{"@id":"https:\/\/www.alternatievemiddelen.nl\/#website"},"primaryImageOfPage":{"@id":"https:\/\/www.alternatievemiddelen.nl\/producten\/british-berkefeld-waterfilter-1l\/#primaryimage"},"image":{"@id":"https:\/\/www.alternatievemiddelen.nl\/producten\/british-berkefeld-waterfilter-1l\/#primaryimage"},"thumbnailUrl":"https:\/\/www.alternatievemiddelen.nl\/wp-content\/uploads\/2024\/07\/British-Berkefeld-Waterfilter-1L.jpg","datePublished":"2024-07-04T09:26:16+00:00","dateModified":"2025-07-04T13:20:05+00:00","description":"Bespaar geld op duur flessenwater met de British Berkefeld waterfilter 1L - de ideale oplossing om ook buitenshuis te genieten van gefilterd drinkwater.","breadcrumb":{"@id":"https:\/\/www.alternatievemiddelen.nl\/producten\/british-berkefeld-waterfilter-1l\/#breadcrumb"},"inLanguage":"fr-FR","potentialAction":[{"@type":"ReadAction","target":["https:\/\/www.alternatievemiddelen.nl\/producten\/british-berkefeld-waterfilter-1l\/"]}]},{"@type":"ImageObject","inLanguage":"fr-FR","@id":"https:\/\/www.alternatievemiddelen.nl\/producten\/british-berkefeld-waterfilter-1l\/#primaryimage","url":"https:\/\/www.alternatievemiddelen.nl\/wp-content\/uploads\/2024\/07\/British-Berkefeld-Waterfilter-1L.jpg","contentUrl":"https:\/\/www.alternatievemiddelen.nl\/wp-content\/uploads\/2024\/07\/British-Berkefeld-Waterfilter-1L.jpg","width":600,"height":800,"caption":"British Berkefeld Waterfilter 1L"},{"@type":"BreadcrumbList","@id":"https:\/\/www.alternatievemiddelen.nl\/producten\/british-berkefeld-waterfilter-1l\/#breadcrumb","itemListElement":[{"@type":"ListItem","position":1,"name":"Home","item":"https:\/\/www.alternatievemiddelen.nl\/"},{"@type":"ListItem","position":2,"name":"Producten","item":"https:\/\/www.alternatievemiddelen.nl\/producten\/"},{"@type":"ListItem","position":3,"name":"British Berkefeld Waterfilter 1L (inclusief draagzak)"}]},{"@type":"WebSite","@id":"https:\/\/www.alternatievemiddelen.nl\/#website","url":"https:\/\/www.alternatievemiddelen.nl\/","name":"Alternatievemiddelen.nl","description":"Webshop met gezonde, duurzame en ecologische alternatieve mogelijkheden in de hedendaagse levenstijl. Alles uit eigen ervaring.","publisher":{"@id":"https:\/\/www.alternatievemiddelen.nl\/#organization"},"alternateName":"Alternatieve Middelen","potentialAction":[{"@type":"SearchAction","target":{"@type":"EntryPoint","urlTemplate":"https:\/\/www.alternatievemiddelen.nl\/?s={search_term_string}"},"query-input":{"@type":"PropertyValueSpecification","valueRequired":true,"valueName":"search_term_string"}}],"inLanguage":"fr-FR"},{"@type":"Organization","@id":"https:\/\/www.alternatievemiddelen.nl\/#organization","name":"Alternatievemiddelen.nl","alternateName":"Alternatieve Middelen","url":"https:\/\/www.alternatievemiddelen.nl\/","logo":{"@type":"ImageObject","inLanguage":"fr-FR","@id":"https:\/\/www.alternatievemiddelen.nl\/#\/schema\/logo\/image\/","url":"https:\/\/www.alternatievemiddelen.nl\/wp-content\/uploads\/2023\/10\/alternatievemiddelen-PNG-logo.png","contentUrl":"https:\/\/www.alternatievemiddelen.nl\/wp-content\/uploads\/2023\/10\/alternatievemiddelen-PNG-logo.png","width":6400,"height":3062,"caption":"Alternatievemiddelen.nl"},"image":{"@id":"https:\/\/www.alternatievemiddelen.nl\/#\/schema\/logo\/image\/"},"sameAs":["https:\/\/www.facebook.com\/alternatievemiddelen","https:\/\/www.instagram.com\/alternatievemiddelen.nl\/"]}]}},"_links":{"self":[{"href":"https:\/\/www.alternatievemiddelen.nl\/fr\/wp-json\/wp\/v2\/product\/44220","targetHints":{"allow":["GET"]}}],"collection":[{"href":"https:\/\/www.alternatievemiddelen.nl\/fr\/wp-json\/wp\/v2\/product"}],"about":[{"href":"https:\/\/www.alternatievemiddelen.nl\/fr\/wp-json\/wp\/v2\/types\/product"}],"replies":[{"embeddable":true,"href":"https:\/\/www.alternatievemiddelen.nl\/fr\/wp-json\/wp\/v2\/comments?post=44220"}],"wp:featuredmedia":[{"embeddable":true,"href":"https:\/\/www.alternatievemiddelen.nl\/fr\/wp-json\/wp\/v2\/media\/44230"}],"wp:attachment":[{"href":"https:\/\/www.alternatievemiddelen.nl\/fr\/wp-json\/wp\/v2\/media?parent=44220"}],"wp:term":[{"taxonomy":"product_brand","embeddable":true,"href":"https:\/\/www.alternatievemiddelen.nl\/fr\/wp-json\/wp\/v2\/product_brand?post=44220"},{"taxonomy":"product_cat","embeddable":true,"href":"https:\/\/www.alternatievemiddelen.nl\/fr\/wp-json\/wp\/v2\/product_cat?post=44220"},{"taxonomy":"product_tag","embeddable":true,"href":"https:\/\/www.alternatievemiddelen.nl\/fr\/wp-json\/wp\/v2\/product_tag?post=44220"},{"taxonomy":"merk","embeddable":true,"href":"https:\/\/www.alternatievemiddelen.nl\/fr\/wp-json\/wp\/v2\/merk?post=44220"}],"curies":[{"name":"wp","href":"https:\/\/api.w.org\/{rel}","templated":true}]}}