{"id":44830,"date":"2024-08-20T15:48:41","date_gmt":"2024-08-20T13:48:41","guid":{"rendered":"https:\/\/www.alternatievemiddelen.nl\/?post_type=product&#038;p=44830"},"modified":"2026-04-10T09:51:05","modified_gmt":"2026-04-10T07:51:05","slug":"berkey-primerrite-universal-primer-pf-2-adapter","status":"publish","type":"product","link":"https:\/\/www.alternatievemiddelen.nl\/fr\/produits\/berkey-primerrite-universal-primer-pf-2-adapter\/","title":{"rendered":"Berkey PrimeRite Universal Primer + adaptateur PF-2"},"content":{"rendered":"<p>Berkey PrimeRite Universal Primer + adaptateur PF-2 - Ces pi\u00e8ces sont id\u00e9ales pour les utilisateurs de Berkey afin de faciliter l'amor\u00e7age des \u00e9l\u00e9ments filtrants Berkey.<br \/>\n&nbsp;<\/p>\n<h4>Le produit contient les \u00e9l\u00e9ments suivants :<\/h4>\n<p>\u25cf 1x PrimeRite Universal Primer : outil pratique pour r\u00e9aliser les <a href=\"https:\/\/www.alternatievemiddelen.nl\/fr\/produits\/elements-de-filtre-a-eau-black-berkey\/\">\u00c9l\u00e9ments filtrants Berkey noirs<\/a> l'amor\u00e7age avec le robinet.<br \/>\n\u25cf 1x PrimeRite Fluoride &amp; Arsenic filter adapter : un adaptateur permettant d'utiliser \u00e9galement les filtres de la gamme PrimeRite Fluoride &amp; Arsenic. <a href=\"https:\/\/www.alternatievemiddelen.nl\/fr\/produits\/elements-filtrants-pour-le-fluorure-et-larsenic\/\">Filtres \u00e0 fluor et \u00e0 arsenic<\/a> facile \u00e0 appr\u00eater.<\/p>\n<p>En effet, la premi\u00e8re \u00e9tape de la pr\u00e9paration d'un filtre \u00e0 eau Berkey est l'amor\u00e7age <a href=\"https:\/\/www.alternatievemiddelen.nl\/fr\/produits\/elements-de-filtre-a-eau-black-berkey\/\">\u00c9l\u00e9ments filtrants Berkey noirs<\/a>. Il est important que cette op\u00e9ration soit effectu\u00e9e correctement, sinon la purification de l'eau prendra beaucoup de temps. L'amor\u00e7age doit \u00eatre effectu\u00e9 avant d'ins\u00e9rer les \u00e9l\u00e9ments Black Berkey dans le filtre \u00e0 eau Berkey. L'amor\u00e7age consiste \u00e0 faire passer un peu d'eau \u00e0 travers l'\u00e9l\u00e9ment sous une l\u00e9g\u00e8re pression pour s'assurer que l'\u00e9l\u00e9ment de purification Black Berkey est mouill\u00e9 \u00e0 l'int\u00e9rieur (l'air s'\u00e9chappe de l'\u00e9l\u00e9ment). Vous b\u00e9n\u00e9ficiez ainsi d'une vitesse de filtration \u00e9lev\u00e9e pour chaque \u00e9l\u00e9ment. Pour l'amor\u00e7age, vous pouvez utiliser un <a href=\"https:\/\/www.alternatievemiddelen.nl\/fr\/produits\/bouton-damorcage-black-berkey-elements\/\">Bouton d'amor\u00e7age<\/a>Il s'agit d'un petit anneau en caoutchouc qui permet de faire fonctionner l'\u00e9l\u00e9ment sur un robinet. Les \u00e9l\u00e9ments filtrants Berkey noirs sont toujours livr\u00e9s en standard dans la bo\u00eete. Ou bien vous utilisez ce Berkey PrimeRite Universal Primer. En outre, vous recevez un adaptateur pour l'\u00e9l\u00e9ment filtrant Berkey. <a href=\"https:\/\/www.alternatievemiddelen.nl\/fr\/produits\/elements-filtrants-pour-le-fluorure-et-larsenic\/\">Filtres \u00e0 fluor et \u00e0 arsenic<\/a>. En effet, ces filtres doivent \u00eatre soigneusement rinc\u00e9s avant d'\u00eatre utilis\u00e9s (on parle aussi d'amor\u00e7age), afin d'\u00e9liminer toutes les poussi\u00e8res de production.<\/p>\n<p><b>Le manuel d'application de ces composants peut \u00eatre t\u00e9l\u00e9charg\u00e9 ici : <a href=\"https:\/\/www.alternatievemiddelen.nl\/wp-content\/uploads\/2022\/04\/Handleiding-Berkey-Waterfilters-Priming-Starter-Kit.pdf\" target=\"_blank\" rel=\"noopener\">cliquez ici<\/a>.<\/b><\/p>","protected":false},"excerpt":{"rendered":"<p>Berkey PrimeRite Universal Primer + adaptateur PF-2, id\u00e9al pour les utilisateurs de Berkey afin de faciliter l'amor\u00e7age des \u00e9l\u00e9ments filtrants Berkey.<\/p>","protected":false},"featured_media":44832,"comment_status":"open","ping_status":"closed","template":"","meta":[],"product_brand":[],"product_cat":[2971,3099,3013],"product_tag":[2961,2974,3598,3599,3597,3026,3027,3595,3596],"merk":[3432,3702],"class_list":{"0":"post-44830","1":"product","2":"type-product","3":"status-publish","4":"has-post-thumbnail","6":"product_cat-waterfilters","7":"product_cat-waterfilter-elementen","8":"product_cat-waterfilter-accessoires","9":"product_tag-berkey","10":"product_tag-black-berkey","11":"product_tag-fluoride-arsenicum-filters","12":"product_tag-pf-2","13":"product_tag-pf-2-adapter","14":"product_tag-primen","15":"product_tag-primer","16":"product_tag-primerite","17":"product_tag-universal-primer","18":"merk-berkey","19":"merk-boroux","21":"first","22":"instock","23":"taxable","24":"shipping-taxable","25":"purchasable","26":"product-type-simple"},"bundled_by":[],"bundle_stock_status":"instock","bundle_stock_quantity":null,"bundle_virtual":false,"bundle_layout":"","bundle_add_to_cart_form_location":"","bundle_editable_in_cart":false,"bundle_sold_individually_context":"","bundle_item_grouping":"","bundle_min_size":"","bundle_max_size":"","bundle_price":[],"bundled_items":[],"bundle_sell_ids":[44176],"yoast_head":"<!-- This site is optimized with the Yoast SEO plugin v26.1 - https:\/\/yoast.com\/wordpress\/plugins\/seo\/ -->\n<title>Berkey PrimeRite Universal Primer + PF-2 adapter - Alternatievemiddelen.nl<\/title>\n<meta name=\"description\" content=\"Berkey PrimeRite Universal Primer + PF-2 adapter, ideaal voor Berkey-gebruikers om te helpen bij het primen van de Berkey filterelementen.\" \/>\n<meta name=\"robots\" content=\"index, follow, max-snippet:-1, max-image-preview:large, max-video-preview:-1\" \/>\n<link rel=\"canonical\" href=\"https:\/\/www.alternatievemiddelen.nl\/fr\/wp-json\/wp\/v2\/product\/44830\" \/>\n<meta property=\"og:locale\" content=\"fr_FR\" \/>\n<meta property=\"og:type\" content=\"article\" \/>\n<meta property=\"og:title\" content=\"Berkey PrimeRite Universal Primer + PF-2 adapter - Alternatievemiddelen.nl\" \/>\n<meta property=\"og:description\" content=\"Berkey PrimeRite Universal Primer + PF-2 adapter, ideaal voor Berkey-gebruikers om te helpen bij het primen van de Berkey filterelementen.\" \/>\n<meta property=\"og:url\" content=\"https:\/\/www.alternatievemiddelen.nl\/fr\/produits\/berkey-primerrite-universal-primer-pf-2-adapter\/\" \/>\n<meta property=\"og:site_name\" content=\"Alternatievemiddelen.nl\" \/>\n<meta property=\"article:publisher\" content=\"https:\/\/www.facebook.com\/alternatievemiddelen\" \/>\n<meta property=\"article:modified_time\" content=\"2026-04-10T07:51:05+00:00\" \/>\n<meta property=\"og:image\" content=\"\/wp-content\/uploads\/2024\/08\/Berkey-PrimeRite-Universal-Primer-PF-2-adapter.jpg\" \/>\n\t<meta property=\"og:image:width\" content=\"600\" \/>\n\t<meta property=\"og:image:height\" content=\"800\" \/>\n\t<meta property=\"og:image:type\" content=\"image\/jpeg\" \/>\n<meta name=\"twitter:card\" content=\"summary_large_image\" \/>\n<meta name=\"twitter:label1\" content=\"Dur\u00e9e de lecture estim\u00e9e\" \/>\n\t<meta name=\"twitter:data1\" content=\"2 minutes\" \/>\n<script type=\"application\/ld+json\" class=\"yoast-schema-graph\">{\"@context\":\"https:\/\/schema.org\",\"@graph\":[{\"@type\":[\"WebPage\",\"ItemPage\"],\"@id\":\"https:\/\/www.alternatievemiddelen.nl\/producten\/berkey-primerrite-universal-primer-pf-2-adapter\/\",\"url\":\"https:\/\/www.alternatievemiddelen.nl\/producten\/berkey-primerrite-universal-primer-pf-2-adapter\/\",\"name\":\"Berkey PrimeRite Universal Primer + PF-2 adapter - Alternatievemiddelen.nl\",\"isPartOf\":{\"@id\":\"https:\/\/www.alternatievemiddelen.nl\/#website\"},\"primaryImageOfPage\":{\"@id\":\"https:\/\/www.alternatievemiddelen.nl\/producten\/berkey-primerrite-universal-primer-pf-2-adapter\/#primaryimage\"},\"image\":{\"@id\":\"https:\/\/www.alternatievemiddelen.nl\/producten\/berkey-primerrite-universal-primer-pf-2-adapter\/#primaryimage\"},\"thumbnailUrl\":\"https:\/\/www.alternatievemiddelen.nl\/wp-content\/uploads\/2024\/08\/Berkey-PrimeRite-Universal-Primer-PF-2-adapter.jpg\",\"datePublished\":\"2024-08-20T13:48:41+00:00\",\"dateModified\":\"2026-04-10T07:51:05+00:00\",\"description\":\"Berkey PrimeRite Universal Primer + PF-2 adapter, ideaal voor Berkey-gebruikers om te helpen bij het primen van de Berkey filterelementen.\",\"breadcrumb\":{\"@id\":\"https:\/\/www.alternatievemiddelen.nl\/producten\/berkey-primerrite-universal-primer-pf-2-adapter\/#breadcrumb\"},\"inLanguage\":\"fr-FR\",\"potentialAction\":[{\"@type\":\"ReadAction\",\"target\":[\"https:\/\/www.alternatievemiddelen.nl\/producten\/berkey-primerrite-universal-primer-pf-2-adapter\/\"]}]},{\"@type\":\"ImageObject\",\"inLanguage\":\"fr-FR\",\"@id\":\"https:\/\/www.alternatievemiddelen.nl\/producten\/berkey-primerrite-universal-primer-pf-2-adapter\/#primaryimage\",\"url\":\"https:\/\/www.alternatievemiddelen.nl\/wp-content\/uploads\/2024\/08\/Berkey-PrimeRite-Universal-Primer-PF-2-adapter.jpg\",\"contentUrl\":\"https:\/\/www.alternatievemiddelen.nl\/wp-content\/uploads\/2024\/08\/Berkey-PrimeRite-Universal-Primer-PF-2-adapter.jpg\",\"width\":600,\"height\":800,\"caption\":\"Berkey PrimeRite Universal Primer + PF-2 adapter\"},{\"@type\":\"BreadcrumbList\",\"@id\":\"https:\/\/www.alternatievemiddelen.nl\/producten\/berkey-primerrite-universal-primer-pf-2-adapter\/#breadcrumb\",\"itemListElement\":[{\"@type\":\"ListItem\",\"position\":1,\"name\":\"Home\",\"item\":\"https:\/\/www.alternatievemiddelen.nl\/\"},{\"@type\":\"ListItem\",\"position\":2,\"name\":\"Producten\",\"item\":\"https:\/\/www.alternatievemiddelen.nl\/producten\/\"},{\"@type\":\"ListItem\",\"position\":3,\"name\":\"Berkey PrimeRite Universal Primer + PF-2 adapter\"}]},{\"@type\":\"WebSite\",\"@id\":\"https:\/\/www.alternatievemiddelen.nl\/#website\",\"url\":\"https:\/\/www.alternatievemiddelen.nl\/\",\"name\":\"Alternatievemiddelen.nl\",\"description\":\"Webshop met gezonde, duurzame en ecologische alternatieve mogelijkheden in de hedendaagse levenstijl. Alles uit eigen ervaring.\",\"publisher\":{\"@id\":\"https:\/\/www.alternatievemiddelen.nl\/#organization\"},\"alternateName\":\"Alternatieve Middelen\",\"potentialAction\":[{\"@type\":\"SearchAction\",\"target\":{\"@type\":\"EntryPoint\",\"urlTemplate\":\"https:\/\/www.alternatievemiddelen.nl\/?s={search_term_string}\"},\"query-input\":{\"@type\":\"PropertyValueSpecification\",\"valueRequired\":true,\"valueName\":\"search_term_string\"}}],\"inLanguage\":\"fr-FR\"},{\"@type\":\"Organization\",\"@id\":\"https:\/\/www.alternatievemiddelen.nl\/#organization\",\"name\":\"Alternatievemiddelen.nl\",\"alternateName\":\"Alternatieve Middelen\",\"url\":\"https:\/\/www.alternatievemiddelen.nl\/\",\"logo\":{\"@type\":\"ImageObject\",\"inLanguage\":\"fr-FR\",\"@id\":\"https:\/\/www.alternatievemiddelen.nl\/#\/schema\/logo\/image\/\",\"url\":\"https:\/\/www.alternatievemiddelen.nl\/wp-content\/uploads\/2023\/10\/alternatievemiddelen-PNG-logo.png\",\"contentUrl\":\"https:\/\/www.alternatievemiddelen.nl\/wp-content\/uploads\/2023\/10\/alternatievemiddelen-PNG-logo.png\",\"width\":6400,\"height\":3062,\"caption\":\"Alternatievemiddelen.nl\"},\"image\":{\"@id\":\"https:\/\/www.alternatievemiddelen.nl\/#\/schema\/logo\/image\/\"},\"sameAs\":[\"https:\/\/www.facebook.com\/alternatievemiddelen\",\"https:\/\/www.instagram.com\/alternatievemiddelen.nl\/\"]}]}<\/script>\n<!-- \/ Yoast SEO plugin. -->","yoast_head_json":{"title":"Berkey PrimeRite Universal Primer + PF-2 adapter - Alternatievemiddelen.nl","description":"Berkey PrimeRite Universal Primer + PF-2 adapter, ideaal voor Berkey-gebruikers om te helpen bij het primen van de Berkey filterelementen.","robots":{"index":"index","follow":"follow","max-snippet":"max-snippet:-1","max-image-preview":"max-image-preview:large","max-video-preview":"max-video-preview:-1"},"canonical":"https:\/\/www.alternatievemiddelen.nl\/fr\/wp-json\/wp\/v2\/product\/44830","og_locale":"fr_FR","og_type":"article","og_title":"Berkey PrimeRite Universal Primer + PF-2 adapter - Alternatievemiddelen.nl","og_description":"Berkey PrimeRite Universal Primer + PF-2 adapter, ideaal voor Berkey-gebruikers om te helpen bij het primen van de Berkey filterelementen.","og_url":"https:\/\/www.alternatievemiddelen.nl\/fr\/produits\/berkey-primerrite-universal-primer-pf-2-adapter\/","og_site_name":"Alternatievemiddelen.nl","article_publisher":"https:\/\/www.facebook.com\/alternatievemiddelen","article_modified_time":"2026-04-10T07:51:05+00:00","og_image":[{"width":600,"height":800,"url":"\/wp-content\/uploads\/2024\/08\/Berkey-PrimeRite-Universal-Primer-PF-2-adapter.jpg","type":"image\/jpeg"}],"twitter_card":"summary_large_image","twitter_misc":{"Dur\u00e9e de lecture estim\u00e9e":"2 minutes"},"schema":{"@context":"https:\/\/schema.org","@graph":[{"@type":["WebPage","ItemPage"],"@id":"https:\/\/www.alternatievemiddelen.nl\/producten\/berkey-primerrite-universal-primer-pf-2-adapter\/","url":"https:\/\/www.alternatievemiddelen.nl\/producten\/berkey-primerrite-universal-primer-pf-2-adapter\/","name":"Berkey PrimeRite Universal Primer + PF-2 adapter - Alternatievemiddelen.nl","isPartOf":{"@id":"https:\/\/www.alternatievemiddelen.nl\/#website"},"primaryImageOfPage":{"@id":"https:\/\/www.alternatievemiddelen.nl\/producten\/berkey-primerrite-universal-primer-pf-2-adapter\/#primaryimage"},"image":{"@id":"https:\/\/www.alternatievemiddelen.nl\/producten\/berkey-primerrite-universal-primer-pf-2-adapter\/#primaryimage"},"thumbnailUrl":"https:\/\/www.alternatievemiddelen.nl\/wp-content\/uploads\/2024\/08\/Berkey-PrimeRite-Universal-Primer-PF-2-adapter.jpg","datePublished":"2024-08-20T13:48:41+00:00","dateModified":"2026-04-10T07:51:05+00:00","description":"Berkey PrimeRite Universal Primer + PF-2 adapter, ideaal voor Berkey-gebruikers om te helpen bij het primen van de Berkey filterelementen.","breadcrumb":{"@id":"https:\/\/www.alternatievemiddelen.nl\/producten\/berkey-primerrite-universal-primer-pf-2-adapter\/#breadcrumb"},"inLanguage":"fr-FR","potentialAction":[{"@type":"ReadAction","target":["https:\/\/www.alternatievemiddelen.nl\/producten\/berkey-primerrite-universal-primer-pf-2-adapter\/"]}]},{"@type":"ImageObject","inLanguage":"fr-FR","@id":"https:\/\/www.alternatievemiddelen.nl\/producten\/berkey-primerrite-universal-primer-pf-2-adapter\/#primaryimage","url":"https:\/\/www.alternatievemiddelen.nl\/wp-content\/uploads\/2024\/08\/Berkey-PrimeRite-Universal-Primer-PF-2-adapter.jpg","contentUrl":"https:\/\/www.alternatievemiddelen.nl\/wp-content\/uploads\/2024\/08\/Berkey-PrimeRite-Universal-Primer-PF-2-adapter.jpg","width":600,"height":800,"caption":"Berkey PrimeRite Universal Primer + PF-2 adapter"},{"@type":"BreadcrumbList","@id":"https:\/\/www.alternatievemiddelen.nl\/producten\/berkey-primerrite-universal-primer-pf-2-adapter\/#breadcrumb","itemListElement":[{"@type":"ListItem","position":1,"name":"Home","item":"https:\/\/www.alternatievemiddelen.nl\/"},{"@type":"ListItem","position":2,"name":"Producten","item":"https:\/\/www.alternatievemiddelen.nl\/producten\/"},{"@type":"ListItem","position":3,"name":"Berkey PrimeRite Universal Primer + PF-2 adapter"}]},{"@type":"WebSite","@id":"https:\/\/www.alternatievemiddelen.nl\/#website","url":"https:\/\/www.alternatievemiddelen.nl\/","name":"Alternatievemiddelen.nl","description":"Webshop met gezonde, duurzame en ecologische alternatieve mogelijkheden in de hedendaagse levenstijl. Alles uit eigen ervaring.","publisher":{"@id":"https:\/\/www.alternatievemiddelen.nl\/#organization"},"alternateName":"Alternatieve Middelen","potentialAction":[{"@type":"SearchAction","target":{"@type":"EntryPoint","urlTemplate":"https:\/\/www.alternatievemiddelen.nl\/?s={search_term_string}"},"query-input":{"@type":"PropertyValueSpecification","valueRequired":true,"valueName":"search_term_string"}}],"inLanguage":"fr-FR"},{"@type":"Organization","@id":"https:\/\/www.alternatievemiddelen.nl\/#organization","name":"Alternatievemiddelen.nl","alternateName":"Alternatieve Middelen","url":"https:\/\/www.alternatievemiddelen.nl\/","logo":{"@type":"ImageObject","inLanguage":"fr-FR","@id":"https:\/\/www.alternatievemiddelen.nl\/#\/schema\/logo\/image\/","url":"https:\/\/www.alternatievemiddelen.nl\/wp-content\/uploads\/2023\/10\/alternatievemiddelen-PNG-logo.png","contentUrl":"https:\/\/www.alternatievemiddelen.nl\/wp-content\/uploads\/2023\/10\/alternatievemiddelen-PNG-logo.png","width":6400,"height":3062,"caption":"Alternatievemiddelen.nl"},"image":{"@id":"https:\/\/www.alternatievemiddelen.nl\/#\/schema\/logo\/image\/"},"sameAs":["https:\/\/www.facebook.com\/alternatievemiddelen","https:\/\/www.instagram.com\/alternatievemiddelen.nl\/"]}]}},"_links":{"self":[{"href":"https:\/\/www.alternatievemiddelen.nl\/fr\/wp-json\/wp\/v2\/product\/44830","targetHints":{"allow":["GET"]}}],"collection":[{"href":"https:\/\/www.alternatievemiddelen.nl\/fr\/wp-json\/wp\/v2\/product"}],"about":[{"href":"https:\/\/www.alternatievemiddelen.nl\/fr\/wp-json\/wp\/v2\/types\/product"}],"replies":[{"embeddable":true,"href":"https:\/\/www.alternatievemiddelen.nl\/fr\/wp-json\/wp\/v2\/comments?post=44830"}],"wp:featuredmedia":[{"embeddable":true,"href":"https:\/\/www.alternatievemiddelen.nl\/fr\/wp-json\/wp\/v2\/media\/44832"}],"wp:attachment":[{"href":"https:\/\/www.alternatievemiddelen.nl\/fr\/wp-json\/wp\/v2\/media?parent=44830"}],"wp:term":[{"taxonomy":"product_brand","embeddable":true,"href":"https:\/\/www.alternatievemiddelen.nl\/fr\/wp-json\/wp\/v2\/product_brand?post=44830"},{"taxonomy":"product_cat","embeddable":true,"href":"https:\/\/www.alternatievemiddelen.nl\/fr\/wp-json\/wp\/v2\/product_cat?post=44830"},{"taxonomy":"product_tag","embeddable":true,"href":"https:\/\/www.alternatievemiddelen.nl\/fr\/wp-json\/wp\/v2\/product_tag?post=44830"},{"taxonomy":"merk","embeddable":true,"href":"https:\/\/www.alternatievemiddelen.nl\/fr\/wp-json\/wp\/v2\/merk?post=44830"}],"curies":[{"name":"wp","href":"https:\/\/api.w.org\/{rel}","templated":true}]}}