{"id":44982,"date":"2024-09-03T15:00:52","date_gmt":"2024-09-03T13:00:52","guid":{"rendered":"https:\/\/www.alternatievemiddelen.nl\/?post_type=product&#038;p=44982"},"modified":"2026-03-28T07:58:33","modified_gmt":"2026-03-28T06:58:33","slug":"terrasana-tawashi-groenteborstel","status":"publish","type":"product","link":"https:\/\/www.alternatievemiddelen.nl\/fr\/produits\/terrasana-tawashi-brosse-a-legumes\/","title":{"rendered":"Brosse \u00e0 l\u00e9gumes TerraSana Tawashi"},"content":{"rendered":"<p>TerraSana Brosse \u00e0 l\u00e9gumes Tawashi - Brosse \u00e0 l\u00e9gumes Tawashi en fibre de coco pour nettoyer les fruits et l\u00e9gumes sans les \u00e9plucher et pr\u00e9server leurs vitamines. <\/p>\n<p><b><u>Composition<\/u><\/b><br \/>\nFibre de coco<\/p>\n<p><b><u>Utilisation<\/u><\/b><br \/>\nParticuli\u00e8rement adapt\u00e9 pour nettoyer correctement les l\u00e9gumes tubercules et racines \"sablonneux\", entre autres.<br \/>\nL'\u00e9pluchage n'est plus n\u00e9cessaire.<br \/>\nPar cons\u00e9quent, les valeurs nutritionnelles sont mieux conserv\u00e9es.<\/p>","protected":false},"excerpt":{"rendered":"<p>La brosse \u00e0 l\u00e9gumes TerraSana Tawashi en fibre de coco permet de nettoyer les fruits et l\u00e9gumes sans les \u00e9plucher et de pr\u00e9server leurs vitamines.<\/p>","protected":false},"featured_media":44983,"comment_status":"open","ping_status":"closed","template":"","meta":[],"product_brand":[],"product_cat":[2924,3569],"product_tag":[3587,3588,2930,2967,3586,3585],"merk":[3570],"class_list":{"0":"post-44982","1":"product","2":"type-product","3":"status-publish","4":"has-post-thumbnail","6":"product_cat-duurzame-huishoudelijke-producten","7":"product_cat-overige-duurzame-huishoudelijke-producten","8":"product_tag-groenteborstel","9":"product_tag-groenten","10":"product_tag-groenten-en-fruit","11":"product_tag-schoon","12":"product_tag-tawashi","13":"product_tag-terrasana","14":"merk-terrasana","16":"first","17":"instock","18":"taxable","19":"shipping-taxable","20":"purchasable","21":"product-type-simple"},"bundled_by":[],"bundle_stock_status":"instock","bundle_stock_quantity":null,"bundle_virtual":false,"bundle_layout":"","bundle_add_to_cart_form_location":"","bundle_editable_in_cart":false,"bundle_sold_individually_context":"","bundle_item_grouping":"","bundle_min_size":"","bundle_max_size":"","bundle_price":[],"bundled_items":[],"bundle_sell_ids":[44176,34374],"yoast_head":"<!-- This site is optimized with the Yoast SEO plugin v26.1 - https:\/\/yoast.com\/wordpress\/plugins\/seo\/ -->\n<title>TerraSana Tawashi groenteborstel - Alternatievemiddelen.nl<\/title>\n<meta name=\"description\" content=\"TerraSana Tawashi groenteborstel van kokosvezels om groenten en fruit schoon te maken zonder ze te schillen en om hun vitamines te behouden.\" \/>\n<meta name=\"robots\" content=\"index, follow, max-snippet:-1, max-image-preview:large, max-video-preview:-1\" \/>\n<link rel=\"canonical\" href=\"https:\/\/www.alternatievemiddelen.nl\/fr\/wp-json\/wp\/v2\/product\/44982\" \/>\n<meta property=\"og:locale\" content=\"fr_FR\" \/>\n<meta property=\"og:type\" content=\"article\" \/>\n<meta property=\"og:title\" content=\"TerraSana Tawashi groenteborstel - Alternatievemiddelen.nl\" \/>\n<meta property=\"og:description\" content=\"TerraSana Tawashi groenteborstel van kokosvezels om groenten en fruit schoon te maken zonder ze te schillen en om hun vitamines te behouden.\" \/>\n<meta property=\"og:url\" content=\"https:\/\/www.alternatievemiddelen.nl\/fr\/produits\/terrasana-tawashi-brosse-a-legumes\/\" \/>\n<meta property=\"og:site_name\" content=\"Alternatievemiddelen.nl\" \/>\n<meta property=\"article:modified_time\" content=\"2026-03-28T06:58:33+00:00\" \/>\n<meta property=\"og:image\" content=\"\/wp-content\/uploads\/2024\/09\/TerraSana-Tawashi-groenteborstel.jpg\" \/>\n\t<meta property=\"og:image:width\" content=\"600\" \/>\n\t<meta property=\"og:image:height\" content=\"800\" \/>\n\t<meta property=\"og:image:type\" content=\"image\/jpeg\" \/>\n<meta name=\"twitter:card\" content=\"summary_large_image\" \/>\n<meta name=\"twitter:label1\" content=\"Dur\u00e9e de lecture estim\u00e9e\" \/>\n\t<meta name=\"twitter:data1\" content=\"1 minute\" \/>\n<script type=\"application\/ld+json\" class=\"yoast-schema-graph\">{\"@context\":\"https:\/\/schema.org\",\"@graph\":[{\"@type\":[\"WebPage\",\"ItemPage\"],\"@id\":\"https:\/\/www.alternatievemiddelen.nl\/producten\/terrasana-tawashi-groenteborstel\/\",\"url\":\"https:\/\/www.alternatievemiddelen.nl\/producten\/terrasana-tawashi-groenteborstel\/\",\"name\":\"TerraSana Tawashi groenteborstel - Alternatievemiddelen.nl\",\"isPartOf\":{\"@id\":\"https:\/\/www.alternatievemiddelen.nl\/#website\"},\"primaryImageOfPage\":{\"@id\":\"https:\/\/www.alternatievemiddelen.nl\/producten\/terrasana-tawashi-groenteborstel\/#primaryimage\"},\"image\":{\"@id\":\"https:\/\/www.alternatievemiddelen.nl\/producten\/terrasana-tawashi-groenteborstel\/#primaryimage\"},\"thumbnailUrl\":\"https:\/\/www.alternatievemiddelen.nl\/wp-content\/uploads\/2024\/09\/TerraSana-Tawashi-groenteborstel.jpg\",\"datePublished\":\"2024-09-03T13:00:52+00:00\",\"dateModified\":\"2026-03-28T06:58:33+00:00\",\"description\":\"TerraSana Tawashi groenteborstel van kokosvezels om groenten en fruit schoon te maken zonder ze te schillen en om hun vitamines te behouden.\",\"breadcrumb\":{\"@id\":\"https:\/\/www.alternatievemiddelen.nl\/producten\/terrasana-tawashi-groenteborstel\/#breadcrumb\"},\"inLanguage\":\"fr-FR\",\"potentialAction\":[{\"@type\":\"ReadAction\",\"target\":[\"https:\/\/www.alternatievemiddelen.nl\/producten\/terrasana-tawashi-groenteborstel\/\"]}]},{\"@type\":\"ImageObject\",\"inLanguage\":\"fr-FR\",\"@id\":\"https:\/\/www.alternatievemiddelen.nl\/producten\/terrasana-tawashi-groenteborstel\/#primaryimage\",\"url\":\"https:\/\/www.alternatievemiddelen.nl\/wp-content\/uploads\/2024\/09\/TerraSana-Tawashi-groenteborstel.jpg\",\"contentUrl\":\"https:\/\/www.alternatievemiddelen.nl\/wp-content\/uploads\/2024\/09\/TerraSana-Tawashi-groenteborstel.jpg\",\"width\":600,\"height\":800,\"caption\":\"TerraSana Tawashi groenteborstel\"},{\"@type\":\"BreadcrumbList\",\"@id\":\"https:\/\/www.alternatievemiddelen.nl\/producten\/terrasana-tawashi-groenteborstel\/#breadcrumb\",\"itemListElement\":[{\"@type\":\"ListItem\",\"position\":1,\"name\":\"Home\",\"item\":\"https:\/\/www.alternatievemiddelen.nl\/\"},{\"@type\":\"ListItem\",\"position\":2,\"name\":\"Producten\",\"item\":\"https:\/\/www.alternatievemiddelen.nl\/producten\/\"},{\"@type\":\"ListItem\",\"position\":3,\"name\":\"TerraSana Tawashi groenteborstel\"}]},{\"@type\":\"WebSite\",\"@id\":\"https:\/\/www.alternatievemiddelen.nl\/#website\",\"url\":\"https:\/\/www.alternatievemiddelen.nl\/\",\"name\":\"Alternatievemiddelen.nl\",\"description\":\"Webshop met gezonde, duurzame en ecologische alternatieve mogelijkheden in de hedendaagse levenstijl. Alles uit eigen ervaring.\",\"publisher\":{\"@id\":\"https:\/\/www.alternatievemiddelen.nl\/#organization\"},\"potentialAction\":[{\"@type\":\"SearchAction\",\"target\":{\"@type\":\"EntryPoint\",\"urlTemplate\":\"https:\/\/www.alternatievemiddelen.nl\/?s={search_term_string}\"},\"query-input\":{\"@type\":\"PropertyValueSpecification\",\"valueRequired\":true,\"valueName\":\"search_term_string\"}}],\"inLanguage\":\"fr-FR\"},{\"@type\":\"Organization\",\"@id\":\"https:\/\/www.alternatievemiddelen.nl\/#organization\",\"name\":\"Alternatievemiddelen.nl\",\"url\":\"https:\/\/www.alternatievemiddelen.nl\/\",\"logo\":{\"@type\":\"ImageObject\",\"inLanguage\":\"fr-FR\",\"@id\":\"https:\/\/www.alternatievemiddelen.nl\/#\/schema\/logo\/image\/\",\"url\":\"https:\/\/www.alternatievemiddelen.nl\/wp-content\/uploads\/2023\/10\/alternatievemiddelen-PNG-logo.png\",\"contentUrl\":\"https:\/\/www.alternatievemiddelen.nl\/wp-content\/uploads\/2023\/10\/alternatievemiddelen-PNG-logo.png\",\"width\":6400,\"height\":3062,\"caption\":\"Alternatievemiddelen.nl\"},\"image\":{\"@id\":\"https:\/\/www.alternatievemiddelen.nl\/#\/schema\/logo\/image\/\"}}]}<\/script>\n<!-- \/ Yoast SEO plugin. -->","yoast_head_json":{"title":"TerraSana Tawashi groenteborstel - Alternatievemiddelen.nl","description":"TerraSana Tawashi groenteborstel van kokosvezels om groenten en fruit schoon te maken zonder ze te schillen en om hun vitamines te behouden.","robots":{"index":"index","follow":"follow","max-snippet":"max-snippet:-1","max-image-preview":"max-image-preview:large","max-video-preview":"max-video-preview:-1"},"canonical":"https:\/\/www.alternatievemiddelen.nl\/fr\/wp-json\/wp\/v2\/product\/44982","og_locale":"fr_FR","og_type":"article","og_title":"TerraSana Tawashi groenteborstel - Alternatievemiddelen.nl","og_description":"TerraSana Tawashi groenteborstel van kokosvezels om groenten en fruit schoon te maken zonder ze te schillen en om hun vitamines te behouden.","og_url":"https:\/\/www.alternatievemiddelen.nl\/fr\/produits\/terrasana-tawashi-brosse-a-legumes\/","og_site_name":"Alternatievemiddelen.nl","article_modified_time":"2026-03-28T06:58:33+00:00","og_image":[{"width":600,"height":800,"url":"\/wp-content\/uploads\/2024\/09\/TerraSana-Tawashi-groenteborstel.jpg","type":"image\/jpeg"}],"twitter_card":"summary_large_image","twitter_misc":{"Dur\u00e9e de lecture estim\u00e9e":"1 minute"},"schema":{"@context":"https:\/\/schema.org","@graph":[{"@type":["WebPage","ItemPage"],"@id":"https:\/\/www.alternatievemiddelen.nl\/producten\/terrasana-tawashi-groenteborstel\/","url":"https:\/\/www.alternatievemiddelen.nl\/producten\/terrasana-tawashi-groenteborstel\/","name":"TerraSana Tawashi groenteborstel - Alternatievemiddelen.nl","isPartOf":{"@id":"https:\/\/www.alternatievemiddelen.nl\/#website"},"primaryImageOfPage":{"@id":"https:\/\/www.alternatievemiddelen.nl\/producten\/terrasana-tawashi-groenteborstel\/#primaryimage"},"image":{"@id":"https:\/\/www.alternatievemiddelen.nl\/producten\/terrasana-tawashi-groenteborstel\/#primaryimage"},"thumbnailUrl":"https:\/\/www.alternatievemiddelen.nl\/wp-content\/uploads\/2024\/09\/TerraSana-Tawashi-groenteborstel.jpg","datePublished":"2024-09-03T13:00:52+00:00","dateModified":"2026-03-28T06:58:33+00:00","description":"TerraSana Tawashi groenteborstel van kokosvezels om groenten en fruit schoon te maken zonder ze te schillen en om hun vitamines te behouden.","breadcrumb":{"@id":"https:\/\/www.alternatievemiddelen.nl\/producten\/terrasana-tawashi-groenteborstel\/#breadcrumb"},"inLanguage":"fr-FR","potentialAction":[{"@type":"ReadAction","target":["https:\/\/www.alternatievemiddelen.nl\/producten\/terrasana-tawashi-groenteborstel\/"]}]},{"@type":"ImageObject","inLanguage":"fr-FR","@id":"https:\/\/www.alternatievemiddelen.nl\/producten\/terrasana-tawashi-groenteborstel\/#primaryimage","url":"https:\/\/www.alternatievemiddelen.nl\/wp-content\/uploads\/2024\/09\/TerraSana-Tawashi-groenteborstel.jpg","contentUrl":"https:\/\/www.alternatievemiddelen.nl\/wp-content\/uploads\/2024\/09\/TerraSana-Tawashi-groenteborstel.jpg","width":600,"height":800,"caption":"TerraSana Tawashi groenteborstel"},{"@type":"BreadcrumbList","@id":"https:\/\/www.alternatievemiddelen.nl\/producten\/terrasana-tawashi-groenteborstel\/#breadcrumb","itemListElement":[{"@type":"ListItem","position":1,"name":"Home","item":"https:\/\/www.alternatievemiddelen.nl\/"},{"@type":"ListItem","position":2,"name":"Producten","item":"https:\/\/www.alternatievemiddelen.nl\/producten\/"},{"@type":"ListItem","position":3,"name":"TerraSana Tawashi groenteborstel"}]},{"@type":"WebSite","@id":"https:\/\/www.alternatievemiddelen.nl\/#website","url":"https:\/\/www.alternatievemiddelen.nl\/","name":"Alternatievemiddelen.nl","description":"Webshop met gezonde, duurzame en ecologische alternatieve mogelijkheden in de hedendaagse levenstijl. Alles uit eigen ervaring.","publisher":{"@id":"https:\/\/www.alternatievemiddelen.nl\/#organization"},"potentialAction":[{"@type":"SearchAction","target":{"@type":"EntryPoint","urlTemplate":"https:\/\/www.alternatievemiddelen.nl\/?s={search_term_string}"},"query-input":{"@type":"PropertyValueSpecification","valueRequired":true,"valueName":"search_term_string"}}],"inLanguage":"fr-FR"},{"@type":"Organization","@id":"https:\/\/www.alternatievemiddelen.nl\/#organization","name":"Alternatievemiddelen.nl","url":"https:\/\/www.alternatievemiddelen.nl\/","logo":{"@type":"ImageObject","inLanguage":"fr-FR","@id":"https:\/\/www.alternatievemiddelen.nl\/#\/schema\/logo\/image\/","url":"https:\/\/www.alternatievemiddelen.nl\/wp-content\/uploads\/2023\/10\/alternatievemiddelen-PNG-logo.png","contentUrl":"https:\/\/www.alternatievemiddelen.nl\/wp-content\/uploads\/2023\/10\/alternatievemiddelen-PNG-logo.png","width":6400,"height":3062,"caption":"Alternatievemiddelen.nl"},"image":{"@id":"https:\/\/www.alternatievemiddelen.nl\/#\/schema\/logo\/image\/"}}]}},"_links":{"self":[{"href":"https:\/\/www.alternatievemiddelen.nl\/fr\/wp-json\/wp\/v2\/product\/44982","targetHints":{"allow":["GET"]}}],"collection":[{"href":"https:\/\/www.alternatievemiddelen.nl\/fr\/wp-json\/wp\/v2\/product"}],"about":[{"href":"https:\/\/www.alternatievemiddelen.nl\/fr\/wp-json\/wp\/v2\/types\/product"}],"replies":[{"embeddable":true,"href":"https:\/\/www.alternatievemiddelen.nl\/fr\/wp-json\/wp\/v2\/comments?post=44982"}],"wp:featuredmedia":[{"embeddable":true,"href":"https:\/\/www.alternatievemiddelen.nl\/fr\/wp-json\/wp\/v2\/media\/44983"}],"wp:attachment":[{"href":"https:\/\/www.alternatievemiddelen.nl\/fr\/wp-json\/wp\/v2\/media?parent=44982"}],"wp:term":[{"taxonomy":"product_brand","embeddable":true,"href":"https:\/\/www.alternatievemiddelen.nl\/fr\/wp-json\/wp\/v2\/product_brand?post=44982"},{"taxonomy":"product_cat","embeddable":true,"href":"https:\/\/www.alternatievemiddelen.nl\/fr\/wp-json\/wp\/v2\/product_cat?post=44982"},{"taxonomy":"product_tag","embeddable":true,"href":"https:\/\/www.alternatievemiddelen.nl\/fr\/wp-json\/wp\/v2\/product_tag?post=44982"},{"taxonomy":"merk","embeddable":true,"href":"https:\/\/www.alternatievemiddelen.nl\/fr\/wp-json\/wp\/v2\/merk?post=44982"}],"curies":[{"name":"wp","href":"https:\/\/api.w.org\/{rel}","templated":true}]}}