{"id":45003,"date":"2024-09-06T12:35:01","date_gmt":"2024-09-06T10:35:01","guid":{"rendered":"https:\/\/www.alternatievemiddelen.nl\/?post_type=product&#038;p=45003"},"modified":"2025-04-28T07:53:41","modified_gmt":"2025-04-28T05:53:41","slug":"bonusan-vitamine-b12-1000mcg-actief","status":"publish","type":"product","link":"https:\/\/www.alternatievemiddelen.nl\/fr\/produits\/bonusan-vitamine-b12-1000mcg-actif\/","title":{"rendered":"Bonusan Vitamine B12 1000mcg active 60 pastilles"},"content":{"rendered":"<p><b>Bonusan Vitamine B12 1000 mcg active 60 pastilles<\/b><br \/>\nLes pastilles Bonusan Vitamine B12 Active 1000 mcg fondent sous la langue, ce qui permet \u00e0 la vitamine B12 d'\u00eatre directement absorb\u00e9e par la muqueuse buccale. Elles sont donc id\u00e9ales si votre organisme a du mal \u00e0 absorber la vitamine B12.<\/p>\n<p>- Dosage d'entretien optimal avec la B12 active : m\u00e9thyl- et ad\u00e9nosylcobalamine<br \/>\n- La pastille au go\u00fbt agr\u00e9able est bien absorb\u00e9e par la muqueuse buccale<\/p>\n<p>- La vitamine B12 contribue au fonctionnement normal du syst\u00e8me immunitaire<br \/>\n- La vitamine B12 contribue \u00e0 r\u00e9duire la fatigue et l'\u00e9puisement.<br \/>\n- La vitamine B12 contribue \u00e0 une fonction psychologique normale<br \/>\n- La vitamine B12 contribue au fonctionnement normal du syst\u00e8me nerveux<br \/>\n- La vitamine B12 contribue au m\u00e9tabolisme normal de l'homocyst\u00e9ine.<br \/>\n- La vitamine B12 joue un r\u00f4le dans le processus de division cellulaire<\/p>\n<p><u><b>Composition<\/b><\/u><br \/>\n<b>Composition par dose journali\u00e8re de 1 pastille<\/b><br \/>\nVitamine B12 active (sous forme de m\u00e9thylcobalamine) 500 mcg 20000% RI*<\/p>\n<p>Vitamine B12 active (sous forme d'ad\u00e9nosylcobalamine\/dibencozide) 500 mcg 20000% RI*<\/p>\n<p>Folate actif (sous forme de sel de glucosamine du 5-m\u00e9thyl-t\u00e9trahydrofolate, Quatrefolic\u00ae) 200 mcg 100% RI*<br \/>\n*ARI = Apports de r\u00e9f\u00e9rence<\/p>\n<p><u><b>Ingr\u00e9dients<\/b><\/u><br \/>\n\u00c9dulcorant (dextrose, oligosaccharides), agent de charge (cellulose microcristalline (gel de cellulose)), anti-agglom\u00e9rant (st\u00e9arate de magn\u00e9sium), vitamine B12, ar\u00f4me naturel d'orange, folate.<\/p>\n<p><u><b>Utilisation<\/b><\/u><br \/>\nSauf avis contraire, 1 pastille 1 fois par jour, \u00e0 dissoudre compl\u00e8tement dans la bouche.<\/p>\n<p><u><b>Note de stockage<\/b><\/u><br \/>\nConserver au sec et \u00e0 temp\u00e9rature ambiante<\/p>\n<p>Ce produit est un compl\u00e9ment alimentaire.<\/p>\n<p>Ne pas d\u00e9passer la dose recommand\u00e9e.<\/p>\n<p>Une alimentation vari\u00e9e et \u00e9quilibr\u00e9e et un mode de vie sain sont importants. Un compl\u00e9ment alimentaire ne remplace pas une alimentation vari\u00e9e.<\/p>\n<p>Tenir hors de port\u00e9e des jeunes enfants.<\/p>\n<p>Conserver au sec, ferm\u00e9 et \u00e0 temp\u00e9rature ambiante, sauf indication contraire sur l'\u00e9tiquette.<\/p>\n<p>Consultez un expert avant de prendre des suppl\u00e9ments en cas de grossesse, d'allaitement, de prise de m\u00e9dicaments et de maladie.<\/p>","protected":false},"excerpt":{"rendered":"<p>Les pastilles Bonusan Vitamine B12 Active 1000 mcg fondent sous la langue, permettant \u00e0 la vitamine B12 d'\u00eatre directement absorb\u00e9e par la muqueuse buccale.<\/p>","protected":false},"featured_media":45004,"comment_status":"open","ping_status":"closed","template":"","meta":[],"product_brand":[],"product_cat":[2938],"product_tag":[3584,3581,3583,3579],"merk":[3573],"class_list":{"0":"post-45003","1":"product","2":"type-product","3":"status-publish","4":"has-post-thumbnail","6":"product_cat-vitamines-mineralen-en-supplementen","7":"product_tag-1000mcg","8":"product_tag-b12","9":"product_tag-bonusan","10":"product_tag-vitamine-b12","11":"merk-bonusan","13":"first","14":"instock","15":"taxable","16":"shipping-taxable","17":"purchasable","18":"product-type-simple"},"bundled_by":[],"bundle_stock_status":"instock","bundle_stock_quantity":null,"bundle_virtual":false,"bundle_layout":"","bundle_add_to_cart_form_location":"","bundle_editable_in_cart":false,"bundle_sold_individually_context":"","bundle_item_grouping":"","bundle_min_size":"","bundle_max_size":"","bundle_price":[],"bundled_items":[],"bundle_sell_ids":[],"yoast_head":"<!-- This site is optimized with the Yoast SEO plugin v26.1 - https:\/\/yoast.com\/wordpress\/plugins\/seo\/ -->\n<title>Bonusan Vitamine B12 1000mcg actief 60 zuigtabletten - Alternatievemiddelen.nl<\/title>\n<meta name=\"description\" content=\"Bonusan Vitamine B12 Actief 1000 mcg zuigtabletten smelten onder je tong waardoor de vitamine B12 direct wordt opgenomen door het mondslijmvlies.\" \/>\n<meta name=\"robots\" content=\"noindex, follow\" \/>\n<meta property=\"og:locale\" content=\"fr_FR\" \/>\n<meta property=\"og:type\" content=\"article\" \/>\n<meta property=\"og:title\" content=\"Bonusan Vitamine B12 1000mcg actief 60 zuigtabletten - Alternatievemiddelen.nl\" \/>\n<meta property=\"og:description\" content=\"Bonusan Vitamine B12 Actief 1000 mcg zuigtabletten smelten onder je tong waardoor de vitamine B12 direct wordt opgenomen door het mondslijmvlies.\" \/>\n<meta property=\"og:url\" content=\"https:\/\/www.alternatievemiddelen.nl\/fr\/produits\/bonusan-vitamine-b12-1000mcg-actif\/\" \/>\n<meta property=\"og:site_name\" content=\"Alternatievemiddelen.nl\" \/>\n<meta property=\"article:modified_time\" content=\"2025-04-28T05:53:41+00:00\" \/>\n<meta property=\"og:image\" content=\"\/wp-content\/uploads\/2024\/09\/Bonusan-Vitamine-B12-1000mcg-actief.jpg\" \/>\n\t<meta property=\"og:image:width\" content=\"600\" \/>\n\t<meta property=\"og:image:height\" content=\"800\" \/>\n\t<meta property=\"og:image:type\" content=\"image\/jpeg\" \/>\n<meta name=\"twitter:card\" content=\"summary_large_image\" \/>\n<meta name=\"twitter:label1\" content=\"Dur\u00e9e de lecture estim\u00e9e\" \/>\n\t<meta name=\"twitter:data1\" content=\"2 minutes\" \/>\n<script type=\"application\/ld+json\" class=\"yoast-schema-graph\">{\"@context\":\"https:\/\/schema.org\",\"@graph\":[{\"@type\":[\"WebPage\",\"ItemPage\"],\"@id\":\"https:\/\/www.alternatievemiddelen.nl\/producten\/bonusan-vitamine-b12-1000mcg-actief\/\",\"url\":\"https:\/\/www.alternatievemiddelen.nl\/producten\/bonusan-vitamine-b12-1000mcg-actief\/\",\"name\":\"Bonusan Vitamine B12 1000mcg actief 60 zuigtabletten - Alternatievemiddelen.nl\",\"isPartOf\":{\"@id\":\"https:\/\/www.alternatievemiddelen.nl\/#website\"},\"primaryImageOfPage\":{\"@id\":\"https:\/\/www.alternatievemiddelen.nl\/producten\/bonusan-vitamine-b12-1000mcg-actief\/#primaryimage\"},\"image\":{\"@id\":\"https:\/\/www.alternatievemiddelen.nl\/producten\/bonusan-vitamine-b12-1000mcg-actief\/#primaryimage\"},\"thumbnailUrl\":\"https:\/\/www.alternatievemiddelen.nl\/wp-content\/uploads\/2024\/09\/Bonusan-Vitamine-B12-1000mcg-actief.jpg\",\"datePublished\":\"2024-09-06T10:35:01+00:00\",\"dateModified\":\"2025-04-28T05:53:41+00:00\",\"description\":\"Bonusan Vitamine B12 Actief 1000 mcg zuigtabletten smelten onder je tong waardoor de vitamine B12 direct wordt opgenomen door het mondslijmvlies.\",\"breadcrumb\":{\"@id\":\"https:\/\/www.alternatievemiddelen.nl\/producten\/bonusan-vitamine-b12-1000mcg-actief\/#breadcrumb\"},\"inLanguage\":\"fr-FR\",\"potentialAction\":[{\"@type\":\"ReadAction\",\"target\":[\"https:\/\/www.alternatievemiddelen.nl\/producten\/bonusan-vitamine-b12-1000mcg-actief\/\"]}]},{\"@type\":\"ImageObject\",\"inLanguage\":\"fr-FR\",\"@id\":\"https:\/\/www.alternatievemiddelen.nl\/producten\/bonusan-vitamine-b12-1000mcg-actief\/#primaryimage\",\"url\":\"https:\/\/www.alternatievemiddelen.nl\/wp-content\/uploads\/2024\/09\/Bonusan-Vitamine-B12-1000mcg-actief.jpg\",\"contentUrl\":\"https:\/\/www.alternatievemiddelen.nl\/wp-content\/uploads\/2024\/09\/Bonusan-Vitamine-B12-1000mcg-actief.jpg\",\"width\":600,\"height\":800,\"caption\":\"Bonusan Vitamine B12 1000mcg actief\"},{\"@type\":\"BreadcrumbList\",\"@id\":\"https:\/\/www.alternatievemiddelen.nl\/producten\/bonusan-vitamine-b12-1000mcg-actief\/#breadcrumb\",\"itemListElement\":[{\"@type\":\"ListItem\",\"position\":1,\"name\":\"Home\",\"item\":\"https:\/\/www.alternatievemiddelen.nl\/\"},{\"@type\":\"ListItem\",\"position\":2,\"name\":\"Producten\",\"item\":\"https:\/\/www.alternatievemiddelen.nl\/producten\/\"},{\"@type\":\"ListItem\",\"position\":3,\"name\":\"Bonusan Vitamine B12 1000mcg actief 60 zuigtabletten\"}]},{\"@type\":\"WebSite\",\"@id\":\"https:\/\/www.alternatievemiddelen.nl\/#website\",\"url\":\"https:\/\/www.alternatievemiddelen.nl\/\",\"name\":\"Alternatievemiddelen.nl\",\"description\":\"Webshop met gezonde, duurzame en ecologische alternatieve mogelijkheden in de hedendaagse levenstijl. Alles uit eigen ervaring.\",\"publisher\":{\"@id\":\"https:\/\/www.alternatievemiddelen.nl\/#organization\"},\"potentialAction\":[{\"@type\":\"SearchAction\",\"target\":{\"@type\":\"EntryPoint\",\"urlTemplate\":\"https:\/\/www.alternatievemiddelen.nl\/?s={search_term_string}\"},\"query-input\":{\"@type\":\"PropertyValueSpecification\",\"valueRequired\":true,\"valueName\":\"search_term_string\"}}],\"inLanguage\":\"fr-FR\"},{\"@type\":\"Organization\",\"@id\":\"https:\/\/www.alternatievemiddelen.nl\/#organization\",\"name\":\"Alternatievemiddelen.nl\",\"url\":\"https:\/\/www.alternatievemiddelen.nl\/\",\"logo\":{\"@type\":\"ImageObject\",\"inLanguage\":\"fr-FR\",\"@id\":\"https:\/\/www.alternatievemiddelen.nl\/#\/schema\/logo\/image\/\",\"url\":\"https:\/\/www.alternatievemiddelen.nl\/wp-content\/uploads\/2023\/10\/alternatievemiddelen-PNG-logo.png\",\"contentUrl\":\"https:\/\/www.alternatievemiddelen.nl\/wp-content\/uploads\/2023\/10\/alternatievemiddelen-PNG-logo.png\",\"width\":6400,\"height\":3062,\"caption\":\"Alternatievemiddelen.nl\"},\"image\":{\"@id\":\"https:\/\/www.alternatievemiddelen.nl\/#\/schema\/logo\/image\/\"}}]}<\/script>\n<!-- \/ Yoast SEO plugin. -->","yoast_head_json":{"title":"Bonusan Vitamine B12 1000mcg actief 60 zuigtabletten - Alternatievemiddelen.nl","description":"Bonusan Vitamine B12 Actief 1000 mcg zuigtabletten smelten onder je tong waardoor de vitamine B12 direct wordt opgenomen door het mondslijmvlies.","robots":{"index":"noindex","follow":"follow"},"og_locale":"fr_FR","og_type":"article","og_title":"Bonusan Vitamine B12 1000mcg actief 60 zuigtabletten - Alternatievemiddelen.nl","og_description":"Bonusan Vitamine B12 Actief 1000 mcg zuigtabletten smelten onder je tong waardoor de vitamine B12 direct wordt opgenomen door het mondslijmvlies.","og_url":"https:\/\/www.alternatievemiddelen.nl\/fr\/produits\/bonusan-vitamine-b12-1000mcg-actif\/","og_site_name":"Alternatievemiddelen.nl","article_modified_time":"2025-04-28T05:53:41+00:00","og_image":[{"width":600,"height":800,"url":"\/wp-content\/uploads\/2024\/09\/Bonusan-Vitamine-B12-1000mcg-actief.jpg","type":"image\/jpeg"}],"twitter_card":"summary_large_image","twitter_misc":{"Dur\u00e9e de lecture estim\u00e9e":"2 minutes"},"schema":{"@context":"https:\/\/schema.org","@graph":[{"@type":["WebPage","ItemPage"],"@id":"https:\/\/www.alternatievemiddelen.nl\/producten\/bonusan-vitamine-b12-1000mcg-actief\/","url":"https:\/\/www.alternatievemiddelen.nl\/producten\/bonusan-vitamine-b12-1000mcg-actief\/","name":"Bonusan Vitamine B12 1000mcg actief 60 zuigtabletten - Alternatievemiddelen.nl","isPartOf":{"@id":"https:\/\/www.alternatievemiddelen.nl\/#website"},"primaryImageOfPage":{"@id":"https:\/\/www.alternatievemiddelen.nl\/producten\/bonusan-vitamine-b12-1000mcg-actief\/#primaryimage"},"image":{"@id":"https:\/\/www.alternatievemiddelen.nl\/producten\/bonusan-vitamine-b12-1000mcg-actief\/#primaryimage"},"thumbnailUrl":"https:\/\/www.alternatievemiddelen.nl\/wp-content\/uploads\/2024\/09\/Bonusan-Vitamine-B12-1000mcg-actief.jpg","datePublished":"2024-09-06T10:35:01+00:00","dateModified":"2025-04-28T05:53:41+00:00","description":"Bonusan Vitamine B12 Actief 1000 mcg zuigtabletten smelten onder je tong waardoor de vitamine B12 direct wordt opgenomen door het mondslijmvlies.","breadcrumb":{"@id":"https:\/\/www.alternatievemiddelen.nl\/producten\/bonusan-vitamine-b12-1000mcg-actief\/#breadcrumb"},"inLanguage":"fr-FR","potentialAction":[{"@type":"ReadAction","target":["https:\/\/www.alternatievemiddelen.nl\/producten\/bonusan-vitamine-b12-1000mcg-actief\/"]}]},{"@type":"ImageObject","inLanguage":"fr-FR","@id":"https:\/\/www.alternatievemiddelen.nl\/producten\/bonusan-vitamine-b12-1000mcg-actief\/#primaryimage","url":"https:\/\/www.alternatievemiddelen.nl\/wp-content\/uploads\/2024\/09\/Bonusan-Vitamine-B12-1000mcg-actief.jpg","contentUrl":"https:\/\/www.alternatievemiddelen.nl\/wp-content\/uploads\/2024\/09\/Bonusan-Vitamine-B12-1000mcg-actief.jpg","width":600,"height":800,"caption":"Bonusan Vitamine B12 1000mcg actief"},{"@type":"BreadcrumbList","@id":"https:\/\/www.alternatievemiddelen.nl\/producten\/bonusan-vitamine-b12-1000mcg-actief\/#breadcrumb","itemListElement":[{"@type":"ListItem","position":1,"name":"Home","item":"https:\/\/www.alternatievemiddelen.nl\/"},{"@type":"ListItem","position":2,"name":"Producten","item":"https:\/\/www.alternatievemiddelen.nl\/producten\/"},{"@type":"ListItem","position":3,"name":"Bonusan Vitamine B12 1000mcg actief 60 zuigtabletten"}]},{"@type":"WebSite","@id":"https:\/\/www.alternatievemiddelen.nl\/#website","url":"https:\/\/www.alternatievemiddelen.nl\/","name":"Alternatievemiddelen.nl","description":"Webshop met gezonde, duurzame en ecologische alternatieve mogelijkheden in de hedendaagse levenstijl. Alles uit eigen ervaring.","publisher":{"@id":"https:\/\/www.alternatievemiddelen.nl\/#organization"},"potentialAction":[{"@type":"SearchAction","target":{"@type":"EntryPoint","urlTemplate":"https:\/\/www.alternatievemiddelen.nl\/?s={search_term_string}"},"query-input":{"@type":"PropertyValueSpecification","valueRequired":true,"valueName":"search_term_string"}}],"inLanguage":"fr-FR"},{"@type":"Organization","@id":"https:\/\/www.alternatievemiddelen.nl\/#organization","name":"Alternatievemiddelen.nl","url":"https:\/\/www.alternatievemiddelen.nl\/","logo":{"@type":"ImageObject","inLanguage":"fr-FR","@id":"https:\/\/www.alternatievemiddelen.nl\/#\/schema\/logo\/image\/","url":"https:\/\/www.alternatievemiddelen.nl\/wp-content\/uploads\/2023\/10\/alternatievemiddelen-PNG-logo.png","contentUrl":"https:\/\/www.alternatievemiddelen.nl\/wp-content\/uploads\/2023\/10\/alternatievemiddelen-PNG-logo.png","width":6400,"height":3062,"caption":"Alternatievemiddelen.nl"},"image":{"@id":"https:\/\/www.alternatievemiddelen.nl\/#\/schema\/logo\/image\/"}}]}},"_links":{"self":[{"href":"https:\/\/www.alternatievemiddelen.nl\/fr\/wp-json\/wp\/v2\/product\/45003","targetHints":{"allow":["GET"]}}],"collection":[{"href":"https:\/\/www.alternatievemiddelen.nl\/fr\/wp-json\/wp\/v2\/product"}],"about":[{"href":"https:\/\/www.alternatievemiddelen.nl\/fr\/wp-json\/wp\/v2\/types\/product"}],"replies":[{"embeddable":true,"href":"https:\/\/www.alternatievemiddelen.nl\/fr\/wp-json\/wp\/v2\/comments?post=45003"}],"wp:featuredmedia":[{"embeddable":true,"href":"https:\/\/www.alternatievemiddelen.nl\/fr\/wp-json\/wp\/v2\/media\/45004"}],"wp:attachment":[{"href":"https:\/\/www.alternatievemiddelen.nl\/fr\/wp-json\/wp\/v2\/media?parent=45003"}],"wp:term":[{"taxonomy":"product_brand","embeddable":true,"href":"https:\/\/www.alternatievemiddelen.nl\/fr\/wp-json\/wp\/v2\/product_brand?post=45003"},{"taxonomy":"product_cat","embeddable":true,"href":"https:\/\/www.alternatievemiddelen.nl\/fr\/wp-json\/wp\/v2\/product_cat?post=45003"},{"taxonomy":"product_tag","embeddable":true,"href":"https:\/\/www.alternatievemiddelen.nl\/fr\/wp-json\/wp\/v2\/product_tag?post=45003"},{"taxonomy":"merk","embeddable":true,"href":"https:\/\/www.alternatievemiddelen.nl\/fr\/wp-json\/wp\/v2\/merk?post=45003"}],"curies":[{"name":"wp","href":"https:\/\/api.w.org\/{rel}","templated":true}]}}