{"id":45009,"date":"2024-09-06T13:10:29","date_gmt":"2024-09-06T11:10:29","guid":{"rendered":"https:\/\/www.alternatievemiddelen.nl\/?post_type=product&#038;p=45009"},"modified":"2025-06-22T07:53:25","modified_gmt":"2025-06-22T05:53:25","slug":"golden-naturals-vitamine-b12-3000mcg","status":"publish","type":"product","link":"https:\/\/www.alternatievemiddelen.nl\/fr\/produits\/golden-naturals-vitamine-b12-3000mcg\/","title":{"rendered":"Golden Naturals Vitamine B12 3000mcg 60 pastilles"},"content":{"rendered":"<p><b>Golden Naturals Vitamine B12 3000mcg 60 pastilles<\/b><br \/>\nGolden Naturals Vitamine B12 3000 mcg avec trois formes naturelles de vitamine B12.<\/p>\n<p>La vitamine B12 aide \u00e0 lutter contre la fatigue.<br \/>\nAvec de l'acide folique (vitamine B11) et de la vitamine B6 pour plus d'\u00e9nergie en cas de fatigue<br \/>\nLa vitamine B12 active l'\u00e9nergie naturelle dans l'organisme<br \/>\nLa vitamine B12 a un impact positif sur le syst\u00e8me immunitaire<\/p>\n<p><u><b>Composition<\/b><\/u><\/p>\n<table>\n<tbody>\n<tr>\n<td><u><b>Composition par dose journali\u00e8re (= 1 comprim\u00e9) :<\/b><\/u><\/td>\n<td><\/td>\n<td><u><b>%DRI<\/b><\/u><\/td>\n<\/tr>\n<tr>\n<td>Vitamine B12 (hydroxocobalamine)<\/td>\n<td>1500 mcg<\/td>\n<td>60.000<\/td>\n<\/tr>\n<tr>\n<td>Vitamine B12 (m\u00e9thylcobalamine)<\/td>\n<td>750 mcg<\/td>\n<td>30.000<\/td>\n<\/tr>\n<tr>\n<td>Vitamine B12 (ad\u00e9nosylcobalamine)<\/td>\n<td>750 mcg<\/td>\n<td>30.000<\/td>\n<\/tr>\n<tr>\n<td>Vitamine B6 (pyridoxal-5\u2032-phosphate)<\/td>\n<td>1,4 mg<\/td>\n<td>100<\/td>\n<\/tr>\n<tr>\n<td>Acide folique (folate)\/vitamine B11<br \/>\n(sel de glucosamine 5-MTHF, Quatrefolic\u00ae)<\/td>\n<td>400 mcg<\/td>\n<td>200<\/td>\n<\/tr>\n<\/tbody>\n<\/table>\n<p>ANREF : Apports journaliers de r\u00e9f\u00e9rence<\/p>\n<p><u><b>Ingr\u00e9dients<\/b><\/u><br \/>\nagent de charge (isomalt), \u00e9paississant (huile v\u00e9g\u00e9tale), vitamines, anti-agglom\u00e9rants (st\u00e9arate de magn\u00e9sium v\u00e9g\u00e9tal, dioxyde de silicium, talc), ar\u00f4me naturel (cerise, framboise), \u00e9dulcorant (glycosides de st\u00e9viol provenant de la st\u00e9via).<\/p>\n<p><u><b>Utilisation<\/b><\/u><br \/>\nPrendre 1 pastille 1x par jour. Convient aux enfants \u00e0 partir de 3 ans. Avec \u00e9dulcorant.<br \/>\nConsulter un expert avant utilisation en cas de grossesse et\/ou d'allaitement, de maladie ou de prise de m\u00e9dicaments.<\/p>\n<p><u><b>Note de stockage<\/b><\/u><br \/>\nConserver au frais, au sec et sous scell\u00e9s.<\/p>\n<p>Ce produit est un compl\u00e9ment alimentaire.<\/p>\n<p>Ne pas d\u00e9passer la dose recommand\u00e9e.<\/p>\n<p>Une alimentation vari\u00e9e et \u00e9quilibr\u00e9e et un mode de vie sain sont importants. Un compl\u00e9ment alimentaire ne remplace pas une alimentation vari\u00e9e.<\/p>\n<p>Tenir hors de port\u00e9e des jeunes enfants.<\/p>\n<p>Conserver au sec, ferm\u00e9 et \u00e0 temp\u00e9rature ambiante, sauf indication contraire sur l'\u00e9tiquette.<\/p>\n<p>Consultez un expert avant de prendre des suppl\u00e9ments en cas de grossesse, d'allaitement, de prise de m\u00e9dicaments et de maladie.<\/p>","protected":false},"excerpt":{"rendered":"<p>Golden Naturals Vitamine B12 3000 mcg 60 pastilles avec trois formes naturelles de vitamine B12.<\/p>","protected":false},"featured_media":45010,"comment_status":"open","ping_status":"closed","template":"","meta":[],"product_brand":[],"product_cat":[2938],"product_tag":[3580,3581,3578,3579],"merk":[3576],"class_list":{"0":"post-45009","1":"product","2":"type-product","3":"status-publish","4":"has-post-thumbnail","6":"product_cat-vitamines-mineralen-en-supplementen","7":"product_tag-3000mcg","8":"product_tag-b12","9":"product_tag-golden-naturals","10":"product_tag-vitamine-b12","11":"merk-golden-naturals","13":"first","14":"instock","15":"taxable","16":"shipping-taxable","17":"purchasable","18":"product-type-simple"},"bundled_by":[],"bundle_stock_status":"instock","bundle_stock_quantity":null,"bundle_virtual":false,"bundle_layout":"","bundle_add_to_cart_form_location":"","bundle_editable_in_cart":false,"bundle_sold_individually_context":"","bundle_item_grouping":"","bundle_min_size":"","bundle_max_size":"","bundle_price":[],"bundled_items":[],"bundle_sell_ids":[],"yoast_head":"<!-- This site is optimized with the Yoast SEO plugin v26.1 - https:\/\/yoast.com\/wordpress\/plugins\/seo\/ -->\n<title>Golden Naturals Vitamine B12 3000mcg 60 zuigtabletten - Alternatievemiddelen.nl<\/title>\n<meta name=\"description\" content=\"Golden Naturals Vitamine B12 3000 mcg 60 zuigtabletten met drie natuurlijke vormen van vitamine B12.\" \/>\n<meta name=\"robots\" content=\"noindex, follow\" \/>\n<meta property=\"og:locale\" content=\"fr_FR\" \/>\n<meta property=\"og:type\" content=\"article\" \/>\n<meta property=\"og:title\" content=\"Golden Naturals Vitamine B12 3000mcg 60 zuigtabletten - Alternatievemiddelen.nl\" \/>\n<meta property=\"og:description\" content=\"Golden Naturals Vitamine B12 3000 mcg 60 zuigtabletten met drie natuurlijke vormen van vitamine B12.\" \/>\n<meta property=\"og:url\" content=\"https:\/\/www.alternatievemiddelen.nl\/fr\/produits\/golden-naturals-vitamine-b12-3000mcg\/\" \/>\n<meta property=\"og:site_name\" content=\"Alternatievemiddelen.nl\" \/>\n<meta property=\"article:modified_time\" content=\"2025-06-22T05:53:25+00:00\" \/>\n<meta property=\"og:image\" content=\"\/wp-content\/uploads\/2024\/09\/Golden-Naturals-Vitamine-B12-3000mcg.jpg\" \/>\n\t<meta property=\"og:image:width\" content=\"600\" \/>\n\t<meta property=\"og:image:height\" content=\"800\" \/>\n\t<meta property=\"og:image:type\" content=\"image\/jpeg\" \/>\n<meta name=\"twitter:card\" content=\"summary_large_image\" \/>\n<meta name=\"twitter:label1\" content=\"Dur\u00e9e de lecture estim\u00e9e\" \/>\n\t<meta name=\"twitter:data1\" content=\"2 minutes\" \/>\n<script type=\"application\/ld+json\" class=\"yoast-schema-graph\">{\"@context\":\"https:\/\/schema.org\",\"@graph\":[{\"@type\":[\"WebPage\",\"ItemPage\"],\"@id\":\"https:\/\/www.alternatievemiddelen.nl\/producten\/golden-naturals-vitamine-b12-3000mcg\/\",\"url\":\"https:\/\/www.alternatievemiddelen.nl\/producten\/golden-naturals-vitamine-b12-3000mcg\/\",\"name\":\"Golden Naturals Vitamine B12 3000mcg 60 zuigtabletten - Alternatievemiddelen.nl\",\"isPartOf\":{\"@id\":\"https:\/\/www.alternatievemiddelen.nl\/#website\"},\"primaryImageOfPage\":{\"@id\":\"https:\/\/www.alternatievemiddelen.nl\/producten\/golden-naturals-vitamine-b12-3000mcg\/#primaryimage\"},\"image\":{\"@id\":\"https:\/\/www.alternatievemiddelen.nl\/producten\/golden-naturals-vitamine-b12-3000mcg\/#primaryimage\"},\"thumbnailUrl\":\"https:\/\/www.alternatievemiddelen.nl\/wp-content\/uploads\/2024\/09\/Golden-Naturals-Vitamine-B12-3000mcg.jpg\",\"datePublished\":\"2024-09-06T11:10:29+00:00\",\"dateModified\":\"2025-06-22T05:53:25+00:00\",\"description\":\"Golden Naturals Vitamine B12 3000 mcg 60 zuigtabletten met drie natuurlijke vormen van vitamine B12.\",\"breadcrumb\":{\"@id\":\"https:\/\/www.alternatievemiddelen.nl\/producten\/golden-naturals-vitamine-b12-3000mcg\/#breadcrumb\"},\"inLanguage\":\"fr-FR\",\"potentialAction\":[{\"@type\":\"ReadAction\",\"target\":[\"https:\/\/www.alternatievemiddelen.nl\/producten\/golden-naturals-vitamine-b12-3000mcg\/\"]}]},{\"@type\":\"ImageObject\",\"inLanguage\":\"fr-FR\",\"@id\":\"https:\/\/www.alternatievemiddelen.nl\/producten\/golden-naturals-vitamine-b12-3000mcg\/#primaryimage\",\"url\":\"https:\/\/www.alternatievemiddelen.nl\/wp-content\/uploads\/2024\/09\/Golden-Naturals-Vitamine-B12-3000mcg.jpg\",\"contentUrl\":\"https:\/\/www.alternatievemiddelen.nl\/wp-content\/uploads\/2024\/09\/Golden-Naturals-Vitamine-B12-3000mcg.jpg\",\"width\":600,\"height\":800,\"caption\":\"Golden Naturals Vitamine B12 3000mcg\"},{\"@type\":\"BreadcrumbList\",\"@id\":\"https:\/\/www.alternatievemiddelen.nl\/producten\/golden-naturals-vitamine-b12-3000mcg\/#breadcrumb\",\"itemListElement\":[{\"@type\":\"ListItem\",\"position\":1,\"name\":\"Home\",\"item\":\"https:\/\/www.alternatievemiddelen.nl\/\"},{\"@type\":\"ListItem\",\"position\":2,\"name\":\"Producten\",\"item\":\"https:\/\/www.alternatievemiddelen.nl\/producten\/\"},{\"@type\":\"ListItem\",\"position\":3,\"name\":\"Golden Naturals Vitamine B12 3000mcg 60 zuigtabletten\"}]},{\"@type\":\"WebSite\",\"@id\":\"https:\/\/www.alternatievemiddelen.nl\/#website\",\"url\":\"https:\/\/www.alternatievemiddelen.nl\/\",\"name\":\"Alternatievemiddelen.nl\",\"description\":\"Webshop met gezonde, duurzame en ecologische alternatieve mogelijkheden in de hedendaagse levenstijl. Alles uit eigen ervaring.\",\"publisher\":{\"@id\":\"https:\/\/www.alternatievemiddelen.nl\/#organization\"},\"potentialAction\":[{\"@type\":\"SearchAction\",\"target\":{\"@type\":\"EntryPoint\",\"urlTemplate\":\"https:\/\/www.alternatievemiddelen.nl\/?s={search_term_string}\"},\"query-input\":{\"@type\":\"PropertyValueSpecification\",\"valueRequired\":true,\"valueName\":\"search_term_string\"}}],\"inLanguage\":\"fr-FR\"},{\"@type\":\"Organization\",\"@id\":\"https:\/\/www.alternatievemiddelen.nl\/#organization\",\"name\":\"Alternatievemiddelen.nl\",\"url\":\"https:\/\/www.alternatievemiddelen.nl\/\",\"logo\":{\"@type\":\"ImageObject\",\"inLanguage\":\"fr-FR\",\"@id\":\"https:\/\/www.alternatievemiddelen.nl\/#\/schema\/logo\/image\/\",\"url\":\"https:\/\/www.alternatievemiddelen.nl\/wp-content\/uploads\/2023\/10\/alternatievemiddelen-PNG-logo.png\",\"contentUrl\":\"https:\/\/www.alternatievemiddelen.nl\/wp-content\/uploads\/2023\/10\/alternatievemiddelen-PNG-logo.png\",\"width\":6400,\"height\":3062,\"caption\":\"Alternatievemiddelen.nl\"},\"image\":{\"@id\":\"https:\/\/www.alternatievemiddelen.nl\/#\/schema\/logo\/image\/\"}}]}<\/script>\n<!-- \/ Yoast SEO plugin. -->","yoast_head_json":{"title":"Golden Naturals Vitamine B12 3000mcg 60 zuigtabletten - Alternatievemiddelen.nl","description":"Golden Naturals Vitamine B12 3000 mcg 60 zuigtabletten met drie natuurlijke vormen van vitamine B12.","robots":{"index":"noindex","follow":"follow"},"og_locale":"fr_FR","og_type":"article","og_title":"Golden Naturals Vitamine B12 3000mcg 60 zuigtabletten - Alternatievemiddelen.nl","og_description":"Golden Naturals Vitamine B12 3000 mcg 60 zuigtabletten met drie natuurlijke vormen van vitamine B12.","og_url":"https:\/\/www.alternatievemiddelen.nl\/fr\/produits\/golden-naturals-vitamine-b12-3000mcg\/","og_site_name":"Alternatievemiddelen.nl","article_modified_time":"2025-06-22T05:53:25+00:00","og_image":[{"width":600,"height":800,"url":"\/wp-content\/uploads\/2024\/09\/Golden-Naturals-Vitamine-B12-3000mcg.jpg","type":"image\/jpeg"}],"twitter_card":"summary_large_image","twitter_misc":{"Dur\u00e9e de lecture estim\u00e9e":"2 minutes"},"schema":{"@context":"https:\/\/schema.org","@graph":[{"@type":["WebPage","ItemPage"],"@id":"https:\/\/www.alternatievemiddelen.nl\/producten\/golden-naturals-vitamine-b12-3000mcg\/","url":"https:\/\/www.alternatievemiddelen.nl\/producten\/golden-naturals-vitamine-b12-3000mcg\/","name":"Golden Naturals Vitamine B12 3000mcg 60 zuigtabletten - Alternatievemiddelen.nl","isPartOf":{"@id":"https:\/\/www.alternatievemiddelen.nl\/#website"},"primaryImageOfPage":{"@id":"https:\/\/www.alternatievemiddelen.nl\/producten\/golden-naturals-vitamine-b12-3000mcg\/#primaryimage"},"image":{"@id":"https:\/\/www.alternatievemiddelen.nl\/producten\/golden-naturals-vitamine-b12-3000mcg\/#primaryimage"},"thumbnailUrl":"https:\/\/www.alternatievemiddelen.nl\/wp-content\/uploads\/2024\/09\/Golden-Naturals-Vitamine-B12-3000mcg.jpg","datePublished":"2024-09-06T11:10:29+00:00","dateModified":"2025-06-22T05:53:25+00:00","description":"Golden Naturals Vitamine B12 3000 mcg 60 zuigtabletten met drie natuurlijke vormen van vitamine B12.","breadcrumb":{"@id":"https:\/\/www.alternatievemiddelen.nl\/producten\/golden-naturals-vitamine-b12-3000mcg\/#breadcrumb"},"inLanguage":"fr-FR","potentialAction":[{"@type":"ReadAction","target":["https:\/\/www.alternatievemiddelen.nl\/producten\/golden-naturals-vitamine-b12-3000mcg\/"]}]},{"@type":"ImageObject","inLanguage":"fr-FR","@id":"https:\/\/www.alternatievemiddelen.nl\/producten\/golden-naturals-vitamine-b12-3000mcg\/#primaryimage","url":"https:\/\/www.alternatievemiddelen.nl\/wp-content\/uploads\/2024\/09\/Golden-Naturals-Vitamine-B12-3000mcg.jpg","contentUrl":"https:\/\/www.alternatievemiddelen.nl\/wp-content\/uploads\/2024\/09\/Golden-Naturals-Vitamine-B12-3000mcg.jpg","width":600,"height":800,"caption":"Golden Naturals Vitamine B12 3000mcg"},{"@type":"BreadcrumbList","@id":"https:\/\/www.alternatievemiddelen.nl\/producten\/golden-naturals-vitamine-b12-3000mcg\/#breadcrumb","itemListElement":[{"@type":"ListItem","position":1,"name":"Home","item":"https:\/\/www.alternatievemiddelen.nl\/"},{"@type":"ListItem","position":2,"name":"Producten","item":"https:\/\/www.alternatievemiddelen.nl\/producten\/"},{"@type":"ListItem","position":3,"name":"Golden Naturals Vitamine B12 3000mcg 60 zuigtabletten"}]},{"@type":"WebSite","@id":"https:\/\/www.alternatievemiddelen.nl\/#website","url":"https:\/\/www.alternatievemiddelen.nl\/","name":"Alternatievemiddelen.nl","description":"Webshop met gezonde, duurzame en ecologische alternatieve mogelijkheden in de hedendaagse levenstijl. Alles uit eigen ervaring.","publisher":{"@id":"https:\/\/www.alternatievemiddelen.nl\/#organization"},"potentialAction":[{"@type":"SearchAction","target":{"@type":"EntryPoint","urlTemplate":"https:\/\/www.alternatievemiddelen.nl\/?s={search_term_string}"},"query-input":{"@type":"PropertyValueSpecification","valueRequired":true,"valueName":"search_term_string"}}],"inLanguage":"fr-FR"},{"@type":"Organization","@id":"https:\/\/www.alternatievemiddelen.nl\/#organization","name":"Alternatievemiddelen.nl","url":"https:\/\/www.alternatievemiddelen.nl\/","logo":{"@type":"ImageObject","inLanguage":"fr-FR","@id":"https:\/\/www.alternatievemiddelen.nl\/#\/schema\/logo\/image\/","url":"https:\/\/www.alternatievemiddelen.nl\/wp-content\/uploads\/2023\/10\/alternatievemiddelen-PNG-logo.png","contentUrl":"https:\/\/www.alternatievemiddelen.nl\/wp-content\/uploads\/2023\/10\/alternatievemiddelen-PNG-logo.png","width":6400,"height":3062,"caption":"Alternatievemiddelen.nl"},"image":{"@id":"https:\/\/www.alternatievemiddelen.nl\/#\/schema\/logo\/image\/"}}]}},"_links":{"self":[{"href":"https:\/\/www.alternatievemiddelen.nl\/fr\/wp-json\/wp\/v2\/product\/45009","targetHints":{"allow":["GET"]}}],"collection":[{"href":"https:\/\/www.alternatievemiddelen.nl\/fr\/wp-json\/wp\/v2\/product"}],"about":[{"href":"https:\/\/www.alternatievemiddelen.nl\/fr\/wp-json\/wp\/v2\/types\/product"}],"replies":[{"embeddable":true,"href":"https:\/\/www.alternatievemiddelen.nl\/fr\/wp-json\/wp\/v2\/comments?post=45009"}],"wp:featuredmedia":[{"embeddable":true,"href":"https:\/\/www.alternatievemiddelen.nl\/fr\/wp-json\/wp\/v2\/media\/45010"}],"wp:attachment":[{"href":"https:\/\/www.alternatievemiddelen.nl\/fr\/wp-json\/wp\/v2\/media?parent=45009"}],"wp:term":[{"taxonomy":"product_brand","embeddable":true,"href":"https:\/\/www.alternatievemiddelen.nl\/fr\/wp-json\/wp\/v2\/product_brand?post=45009"},{"taxonomy":"product_cat","embeddable":true,"href":"https:\/\/www.alternatievemiddelen.nl\/fr\/wp-json\/wp\/v2\/product_cat?post=45009"},{"taxonomy":"product_tag","embeddable":true,"href":"https:\/\/www.alternatievemiddelen.nl\/fr\/wp-json\/wp\/v2\/product_tag?post=45009"},{"taxonomy":"merk","embeddable":true,"href":"https:\/\/www.alternatievemiddelen.nl\/fr\/wp-json\/wp\/v2\/merk?post=45009"}],"curies":[{"name":"wp","href":"https:\/\/api.w.org\/{rel}","templated":true}]}}