{"id":46890,"date":"2025-02-24T15:41:50","date_gmt":"2025-02-24T14:41:50","guid":{"rendered":"https:\/\/www.alternatievemiddelen.nl\/?post_type=product&#038;p=46890"},"modified":"2026-04-23T11:45:25","modified_gmt":"2026-04-23T09:45:25","slug":"pure-filters-voyager-waterfilter","status":"publish","type":"product","link":"https:\/\/www.alternatievemiddelen.nl\/fr\/produits\/filtre-a-eau-pure-filters-voyager\/","title":{"rendered":"Filtre \u00e0 eau Pure Filters Voyager 6L (avec 2 \u00e9l\u00e9ments filtrants Coldstream FTO PLUS)"},"content":{"rendered":"<p>Le filtre \u00e0 eau Pure Filters Voyager 6L est id\u00e9al pour une utilisation quotidienne \u00e0 la maison et en d\u00e9placement. D'une capacit\u00e9 de 6 litres, il convient aux couples et aux personnes seules. Les filtres \u00e0 eau uniques de Pure Filters avec <a href=\"https:\/\/www.alternatievemiddelen.nl\/fr\/produits\/element-de-filtre-a-eau-coldstream-fto-plus\/\">El\u00e9ments filtrants Coldstream FTO Plus<\/a> fournit une eau potable de haute qualit\u00e9, exempte de fluor, de chlore, de chloramines, de COV, de bact\u00e9ries, de protozoaires, de produits pharmaceutiques, de plomb, de nitrates, de m\u00e9taux lourds, de microplastiques, de PFAS et bien d'autres substances nocives ! Il transforme l'eau du robinet, l'eau de pluie, l'eau de rivi\u00e8re ou d'\u00e9tang en eau potable, sans \u00e9lectricit\u00e9 ni installation compliqu\u00e9e.<br \/>\n&nbsp;<\/p>\n<h3>Informations sur le filtre \u00e0 eau Pure Filters Voyager 6L<\/h3>\n<p>Vous pouvez facilement installer ce filtre \u00e0 eau sans raccordement \u00e0 l'\u00e9lectricit\u00e9 ou \u00e0 l'eau. L'eau est vers\u00e9e dans le r\u00e9cipient sup\u00e9rieur du filtre \u00e0 eau et s'\u00e9coule \u00e0 travers les pores microscopiques du filtre. <a href=\"https:\/\/www.alternatievemiddelen.nl\/fr\/produits\/element-de-filtre-a-eau-coldstream-fto-plus\/\">El\u00e9ment filtrant Coldstream FTO PLUS<\/a>Le r\u00e9servoir inf\u00e9rieur est \u00e9quip\u00e9 d'un filtre \u00e0 particules, qui emp\u00eache les contaminants et autres polluants de passer \u00e0 travers lui. Il ne reste donc que de l'eau propre et potable dans le r\u00e9servoir inf\u00e9rieur. Vous voulez savoir combien d'eau il reste dans le r\u00e9servoir ? Il suffit de soulever le r\u00e9servoir sup\u00e9rieur pour regarder dans le r\u00e9servoir inf\u00e9rieur ou de choisir, par exemple, l'option <a href=\"https:\/\/www.alternatievemiddelen.nl\/fr\/produits\/robinet-avec-temoin-de-niveau-deau-en-inox-pour-filtre-a-eau-pure-filters-voyager-pure-filters-home\/\">Robinet \u00e0 voyant en acier inoxydable de Pure Filters<\/a> en tant qu'accessoire suppl\u00e9mentaire.<\/p>\n<p>Id\u00e9al pour filtrer de grandes quantit\u00e9s d'eau sans avoir \u00e0 modifier une conduite d'eau, par exemple dans la cuisine. Les filtres gravitaires de comptoir se posent ind\u00e9pendamment sur un comptoir pour faciliter l'acc\u00e8s \u00e0 l'eau potable. Ils utilisent la pression de la gravit\u00e9 ainsi que le filtre pour \u00e9liminer les contaminants de l'eau, sans d\u00e9pendre de la plomberie ou de l'\u00e9lectricit\u00e9. Lorsque le bassin sup\u00e9rieur est rempli, la pression de l'eau et la gravit\u00e9 font que l'eau s'\u00e9coule \u00e0 travers les filtres dans le bassin inf\u00e9rieur.<br \/>\n&nbsp;<\/p>\n<h3>Conception en acier inoxydable - belle et durable<\/h3>\n<p>Le filtre \u00e0 eau Pure Filters Voyager 6L est fabriqu\u00e9 en acier inoxydable 304 pour une durabilit\u00e9 \u00e0 long terme. Les filtres \u00e0 eau en acier inoxydable sont tr\u00e8s populaires dans les foyers et les bureaux en raison de leur polyvalence, de leur facilit\u00e9 d'utilisation et de la r\u00e9duction des d\u00e9chets plastiques. Ils sont plus durables et plus esth\u00e9tiques que le plastique. Il s'agit d'une option plus hygi\u00e9nique que le plastique, moins sujette \u00e0 la prolif\u00e9ration de bact\u00e9ries ou de moisissures et plus r\u00e9sistante \u00e0 la corrosion.<\/p>\n<p>Ce filtre \u00e0 eau en acier inoxydable est \u00e9galement disponible en <a href=\"https:\/\/www.alternatievemiddelen.nl\/fr\/produits\/filtre-a-eau-pure-filters-home\/\">une variante de 9L (Pure Filters Home)<\/a> ou <a href=\"https:\/\/www.alternatievemiddelen.nl\/fr\/produits\/filtre-a-eau-pure-filters-family\/\">une variante de 12L (Pure Filters Family)<\/a>.<br \/>\n&nbsp;<\/p>\n<h4>El\u00e9ments filtrants Coldstream FTO PLUS certifi\u00e9s NSF<\/h4>\n<p>Le <a href=\"https:\/\/www.alternatievemiddelen.nl\/fr\/produits\/element-de-filtre-a-eau-coldstream-fto-plus\/\">El\u00e9ment filtrant Coldstream FTO PLUS<\/a> est certifi\u00e9e NSF (NSF\/ANSI 42) et test\u00e9e par un laboratoire d'analyse. <a href=\"https:\/\/forms.iapmo.org\/rtws\/listed_labs.asp?labid=0000102\" target=\"_blank\" rel=\"noopener\">laboratoire ind\u00e9pendant<\/a> Selon les normes NSF\/ANSI 42, 53 et P231. Voir les <a href=\"https:\/\/www.alternatievemiddelen.nl\/wp-content\/uploads\/2025\/03\/Coldstream-FTO-PLUS-filterelementen_testrapport.pdf\" target=\"_blank\" rel=\"noopener\">rapport de laboratoire<\/a> pour plus de d\u00e9tails et le site web de <a href=\"https:\/\/info.nsf.org\/Certified\/DWTU\/Listings.asp?Company=C0091750&amp;Standard=042\" target=\"_blank\" rel=\"noopener\">NSF<\/a>. Il est prouv\u00e9 que les \u00e9l\u00e9ments filtrants Coldstream FTO PLUS r\u00e9duisent\/\u00e9liminent plus de 200 contaminants, dont le fluorure, le chlore, les chloramines, les COV, les bact\u00e9ries, les produits pharmaceutiques, le plomb, les nitrates et les m\u00e9taux lourds, tout en laissant les min\u00e9raux et les \u00e9lectrolytes b\u00e9n\u00e9fiques dans l'eau.<br \/>\n&nbsp;<\/p>\n<h4>Caract\u00e9ristiques Pure Filters Voyager Water Filter 6L :<\/h4>\n<ul>\n<li>Le filtre \u00e0 eau id\u00e9al pour la maison et les voyages. Convient \u00e0 une utilisation par 1 ou 2 personnes<\/li>\n<li>Acier inoxydable 304 poli, tr\u00e8s durable<\/li>\n<li>Facile \u00e0 utiliser<\/li>\n<li>Pas d'alimentation \u00e9lectrique<\/li>\n<li>Comprend 2 <a href=\"https:\/\/www.alternatievemiddelen.nl\/fr\/produits\/element-de-filtre-a-eau-coldstream-fto-plus\/\">El\u00e9ments filtrants Coldstream FTO PLUS<\/a>Il s'agit d'une technologie de filtration \"tout-en-un\" - AUCUN filtre suppl\u00e9mentaire n'est n\u00e9cessaire pour la r\u00e9duction du fluorure, par exemple.<\/li>\n<li>L'ext\u00e9rieur des \u00e9l\u00e9ments filtrants Coldstream FTO PLUS est en c\u00e9ramique blanche, infus\u00e9e d'argent pour emp\u00eacher la croissance bact\u00e9rienne. Le c\u0153ur est constitu\u00e9 d'un m\u00e9dia brevet\u00e9 \u00e0 base de charbon actif en granul\u00e9s.<\/li>\n<li>Les \u00e9l\u00e9ments filtrants Coldstream FTO PLUS n'ont pas besoin d'\u00eatre amorc\u00e9s (pr\u00eats \u00e0 l'emploi) \u00e0 l'avance.<\/li>\n<li>Les \u00e9l\u00e9ments filtrants sont nettoyables et r\u00e9utilisables. Ils peuvent \u00eatre stock\u00e9s dans un endroit frais et sec lorsqu'ils ne sont pas utilis\u00e9s. Il n'est donc pas n\u00e9cessaire qu'ils restent humides (satur\u00e9s) lorsqu'ils ne sont pas utilis\u00e9s.<\/li>\n<li>Voir ind\u00e9pendant <a href=\"https:\/\/www.alternatievemiddelen.nl\/wp-content\/uploads\/2025\/03\/Coldstream-FTO-PLUS-filterelementen_testrapport.pdf\" target=\"_blank\" rel=\"noopener\">rapport de laboratoire<\/a>Test\u00e9 selon les normes NSF\/ANSI 42, 53 et P231<\/li>\n<li>Pr\u00e9serve les min\u00e9raux et \u00e9lectrolytes sains et bons dont votre corps a besoin dans l'eau<\/li>\n<li>Ce filtre \u00e0 eau peut contenir jusqu'\u00e0 2 \u00e9l\u00e9ments filtrants <b> et est donc livr\u00e9 en standard avec 2 <a href=\"https:\/\/www.alternatievemiddelen.nl\/fr\/produits\/element-de-filtre-a-eau-coldstream-fto-plus\/\">El\u00e9ments filtrants Coldstream FTO PLUS<\/a><\/b><\/li>\n<li>Capacit\u00e9 : environ 6 litres<\/li>\n<li>Poids : environ 3,7 kg<\/li>\n<li>Hauteur : environ 46 cm<\/li>\n<li>Diam\u00e8tre : environ 19,75 cm<\/li>\n<li>Dur\u00e9e de vie de l'\u00e9l\u00e9ment filtrant : 1 500 litres ou 6 mois<\/li>\n<\/ul>\n<p>&nbsp;<\/p>\n<h4>Contenu de la bo\u00eete :<\/h4>\n<p>Ce produit est livr\u00e9 avec :<br \/>\n- 2 \u00e9l\u00e9ments filtrants Coldstream FTO PLUS, y compris le mat\u00e9riel de montage et les bouchons d'obturation.<br \/>\n- 2 plateaux en acier inoxydable (plateau inf\u00e9rieur et plateau sup\u00e9rieur).<br \/>\n- 1 couvercle en acier inoxydable.<br \/>\n- 1 bouton pour le couvercle.<br \/>\n- 1 robinet en acier inoxydable.<br \/>\n- 1 rebord antid\u00e9rapant pour le plateau inf\u00e9rieur.<br \/>\n&nbsp;<\/p>\n<h4>Premi\u00e8re utilisation :<\/h4>\n<p>Le filtre \u00e0 eau Pure Filters est facile \u00e0 installer, sans outils ni \u00e9lectricit\u00e9. Nous nous r\u00e9f\u00e9rons \u00e0 notre <a href=\"https:\/\/www.alternatievemiddelen.nl\/fr\/la-bibliotheque\/\">biblioth\u00e8que<\/a>Vous trouverez ici des manuels, des vid\u00e9os d'instruction et des r\u00e9ponses aux questions les plus fr\u00e9quemment pos\u00e9es. Voici, par exemple, le manuel du filtre \u00e0 eau Pure Filters Voyager. Vous y trouverez \u00e9galement un petit guide \u00e9tape par \u00e9tape :<br \/>\n1. Retirez le produit de la bo\u00eete et mettez les \u00e9l\u00e9ments filtrants de c\u00f4t\u00e9 pour l'instant.<br \/>\n2. Nettoyez les plateaux, le couvercle et le robinet avec un d\u00e9tergent liquide doux. NE PAS METTRE AU LAVE-VAISSELLE ! S\u00e9cher avec un chiffon doux.<br \/>\n3. Fixer le robinet au plateau inf\u00e9rieur et fixer le bouton au couvercle.<br \/>\n4. Retirez les \u00e9l\u00e9ments filtrants de leur emballage. Si n\u00e9cessaire, retirez l'\u00e9crou \u00e0 oreilles et la rondelle de la tige du filtre. Tout en tenant la base en plastique de l'\u00e9l\u00e9ment filtrant d'une main, passez-le sous l'eau froide du robinet, rincez-le et frottez-le l\u00e9g\u00e8rement pendant 2 minutes \u00e0 l'aide d'une \u00e9ponge abrasive. ASSUREZ-VOUS QUE L'EAU NE P\u00c9N\u00c8TRE PAS DANS LA POIGN\u00c9E DE L'\u00c9L\u00c9MENT FILTRANT !<br \/>\n5. Ins\u00e9rez la tige (avec la rondelle en caoutchouc) de l'\u00e9l\u00e9ment filtrant dans le trou du plateau sup\u00e9rieur. Serrez l'\u00e9crou \u00e0 oreilles situ\u00e9 sous le plateau sup\u00e9rieur. Ne pas trop serrer. Proc\u00e9dez ainsi avec tous les \u00e9l\u00e9ments filtrants que vous souhaitez utiliser ou bouchez les trous restants \u00e0 l'aide d'un bouchon de blocage.<br \/>\n6. Placez le plateau sup\u00e9rieur sur le plateau inf\u00e9rieur.<br \/>\n7. Remplir le r\u00e9cipient sup\u00e9rieur d'eau et placer le couvercle. NE PAS UTILISER D'EAU CHAUDE !<br \/>\n8. Toujours jeter les deux premiers cycles d'eau filtr\u00e9e.<br \/>\n9. Vous \u00eates maintenant pr\u00eat \u00e0 utiliser l'eau filtr\u00e9e.<br \/>\nATTENTION : Ne pas placer ce filtre \u00e0 la lumi\u00e8re directe du soleil.<\/p>","protected":false},"excerpt":{"rendered":"<p>Le filtre \u00e0 eau Pure Filters Voyager 6L avec 2 \u00e9l\u00e9ments filtrants Coldstream FTO PLUS (NSF) est id\u00e9al pour la maison et les voyages. Convient pour une utilisation par 1 ou 2 personnes.<\/p>","protected":false},"featured_media":47301,"comment_status":"open","ping_status":"closed","template":"","meta":[],"product_brand":[],"product_cat":[2971,2972],"product_tag":[3651,3622,3625,3626,3008,2976,3632,3650,2880,2967,3649,2885,2979,3012,2980,3101,3634],"merk":[3621,3630],"class_list":{"0":"post-46890","1":"product","2":"type-product","3":"status-publish","4":"has-post-thumbnail","6":"product_cat-waterfilters","7":"product_cat-waterfilter","8":"product_tag-6l","9":"product_tag-coldstream","10":"product_tag-coldstream-fto-plus","11":"product_tag-coldstream-fto","12":"product_tag-drinkwater","13":"product_tag-filterelement","14":"product_tag-pure-filters","15":"product_tag-pure-filters-voyager","16":"product_tag-rvs","17":"product_tag-schoon","18":"product_tag-voyager","19":"product_tag-water","20":"product_tag-waterfilter","21":"product_tag-waterfilters","22":"product_tag-waterzuivering","23":"product_tag-zuiverelementen","24":"product_tag-zwaartekracht","25":"merk-coldstream","26":"merk-pure-filters","28":"first","29":"instock","30":"taxable","31":"shipping-taxable","32":"purchasable","33":"product-type-simple"},"bundled_by":[],"bundle_stock_status":"instock","bundle_stock_quantity":null,"bundle_virtual":false,"bundle_layout":"","bundle_add_to_cart_form_location":"","bundle_editable_in_cart":false,"bundle_sold_individually_context":"","bundle_item_grouping":"","bundle_min_size":"","bundle_max_size":"","bundle_price":[],"bundled_items":[],"bundle_sell_ids":[44176,34577,50681,46931,34339,46661],"yoast_head":"<!-- This site is optimized with the Yoast SEO plugin v26.1 - https:\/\/yoast.com\/wordpress\/plugins\/seo\/ -->\n<title>Pure Filters Voyager Waterfilter 6L (inclusief 2x Coldstream FTO PLUS filterelementen) - Alternatievemiddelen.nl<\/title>\n<meta name=\"description\" content=\"Pure Filters Voyager Waterfilter 6L met Coldstream FTO PLUS filterelementen (NSF) is ideaal voor thuis en op reis. Geschikt voor gebruik door 1-2 personen.\" \/>\n<meta name=\"robots\" content=\"index, follow, max-snippet:-1, max-image-preview:large, max-video-preview:-1\" \/>\n<link rel=\"canonical\" href=\"https:\/\/www.alternatievemiddelen.nl\/fr\/wp-json\/wp\/v2\/product\/46890\" \/>\n<meta property=\"og:locale\" content=\"fr_FR\" \/>\n<meta property=\"og:type\" content=\"article\" \/>\n<meta property=\"og:title\" content=\"Pure Filters Voyager Waterfilter 6L (inclusief 2x Coldstream FTO PLUS filterelementen) - Alternatievemiddelen.nl\" \/>\n<meta property=\"og:description\" content=\"Pure Filters Voyager Waterfilter 6L met Coldstream FTO PLUS filterelementen (NSF) is ideaal voor thuis en op reis. Geschikt voor gebruik door 1-2 personen.\" \/>\n<meta property=\"og:url\" content=\"https:\/\/www.alternatievemiddelen.nl\/fr\/produits\/filtre-a-eau-pure-filters-voyager\/\" \/>\n<meta property=\"og:site_name\" content=\"Alternatievemiddelen.nl\" \/>\n<meta property=\"article:modified_time\" content=\"2026-04-23T09:45:25+00:00\" \/>\n<meta property=\"og:image\" content=\"\/wp-content\/uploads\/2025\/02\/Pure-Filters-Voyager-waterfilter-met-Coldstream-filters.jpg\" \/>\n\t<meta property=\"og:image:width\" content=\"600\" \/>\n\t<meta property=\"og:image:height\" content=\"800\" \/>\n\t<meta property=\"og:image:type\" content=\"image\/jpeg\" \/>\n<meta name=\"twitter:card\" content=\"summary_large_image\" \/>\n<meta name=\"twitter:label1\" content=\"Dur\u00e9e de lecture estim\u00e9e\" \/>\n\t<meta name=\"twitter:data1\" content=\"5 minutes\" \/>\n<script type=\"application\/ld+json\" class=\"yoast-schema-graph\">{\"@context\":\"https:\/\/schema.org\",\"@graph\":[{\"@type\":[\"WebPage\",\"ItemPage\"],\"@id\":\"https:\/\/www.alternatievemiddelen.nl\/producten\/pure-filters-voyager-waterfilter\/\",\"url\":\"https:\/\/www.alternatievemiddelen.nl\/producten\/pure-filters-voyager-waterfilter\/\",\"name\":\"Pure Filters Voyager Waterfilter 6L (inclusief 2x Coldstream FTO PLUS filterelementen) - Alternatievemiddelen.nl\",\"isPartOf\":{\"@id\":\"https:\/\/www.alternatievemiddelen.nl\/#website\"},\"primaryImageOfPage\":{\"@id\":\"https:\/\/www.alternatievemiddelen.nl\/producten\/pure-filters-voyager-waterfilter\/#primaryimage\"},\"image\":{\"@id\":\"https:\/\/www.alternatievemiddelen.nl\/producten\/pure-filters-voyager-waterfilter\/#primaryimage\"},\"thumbnailUrl\":\"https:\/\/www.alternatievemiddelen.nl\/wp-content\/uploads\/2025\/02\/Pure-Filters-Voyager-waterfilter-met-Coldstream-filters.jpg\",\"datePublished\":\"2025-02-24T14:41:50+00:00\",\"dateModified\":\"2026-04-23T09:45:25+00:00\",\"description\":\"Pure Filters Voyager Waterfilter 6L met Coldstream FTO PLUS filterelementen (NSF) is ideaal voor thuis en op reis. Geschikt voor gebruik door 1-2 personen.\",\"breadcrumb\":{\"@id\":\"https:\/\/www.alternatievemiddelen.nl\/producten\/pure-filters-voyager-waterfilter\/#breadcrumb\"},\"inLanguage\":\"fr-FR\",\"potentialAction\":[{\"@type\":\"ReadAction\",\"target\":[\"https:\/\/www.alternatievemiddelen.nl\/producten\/pure-filters-voyager-waterfilter\/\"]}]},{\"@type\":\"ImageObject\",\"inLanguage\":\"fr-FR\",\"@id\":\"https:\/\/www.alternatievemiddelen.nl\/producten\/pure-filters-voyager-waterfilter\/#primaryimage\",\"url\":\"https:\/\/www.alternatievemiddelen.nl\/wp-content\/uploads\/2025\/02\/Pure-Filters-Voyager-waterfilter-met-Coldstream-filters.jpg\",\"contentUrl\":\"https:\/\/www.alternatievemiddelen.nl\/wp-content\/uploads\/2025\/02\/Pure-Filters-Voyager-waterfilter-met-Coldstream-filters.jpg\",\"width\":600,\"height\":800,\"caption\":\"Pure Filters Voyager waterfilter met Coldstream FTO PLUS filters\"},{\"@type\":\"BreadcrumbList\",\"@id\":\"https:\/\/www.alternatievemiddelen.nl\/producten\/pure-filters-voyager-waterfilter\/#breadcrumb\",\"itemListElement\":[{\"@type\":\"ListItem\",\"position\":1,\"name\":\"Home\",\"item\":\"https:\/\/www.alternatievemiddelen.nl\/\"},{\"@type\":\"ListItem\",\"position\":2,\"name\":\"Producten\",\"item\":\"https:\/\/www.alternatievemiddelen.nl\/producten\/\"},{\"@type\":\"ListItem\",\"position\":3,\"name\":\"Pure Filters Voyager Waterfilter 6L (inclusief 2x Coldstream FTO PLUS filterelementen)\"}]},{\"@type\":\"WebSite\",\"@id\":\"https:\/\/www.alternatievemiddelen.nl\/#website\",\"url\":\"https:\/\/www.alternatievemiddelen.nl\/\",\"name\":\"Alternatievemiddelen.nl\",\"description\":\"Webshop met gezonde, duurzame en ecologische alternatieve mogelijkheden in de hedendaagse levenstijl. Alles uit eigen ervaring.\",\"publisher\":{\"@id\":\"https:\/\/www.alternatievemiddelen.nl\/#organization\"},\"potentialAction\":[{\"@type\":\"SearchAction\",\"target\":{\"@type\":\"EntryPoint\",\"urlTemplate\":\"https:\/\/www.alternatievemiddelen.nl\/?s={search_term_string}\"},\"query-input\":{\"@type\":\"PropertyValueSpecification\",\"valueRequired\":true,\"valueName\":\"search_term_string\"}}],\"inLanguage\":\"fr-FR\"},{\"@type\":\"Organization\",\"@id\":\"https:\/\/www.alternatievemiddelen.nl\/#organization\",\"name\":\"Alternatievemiddelen.nl\",\"url\":\"https:\/\/www.alternatievemiddelen.nl\/\",\"logo\":{\"@type\":\"ImageObject\",\"inLanguage\":\"fr-FR\",\"@id\":\"https:\/\/www.alternatievemiddelen.nl\/#\/schema\/logo\/image\/\",\"url\":\"https:\/\/www.alternatievemiddelen.nl\/wp-content\/uploads\/2023\/10\/alternatievemiddelen-PNG-logo.png\",\"contentUrl\":\"https:\/\/www.alternatievemiddelen.nl\/wp-content\/uploads\/2023\/10\/alternatievemiddelen-PNG-logo.png\",\"width\":6400,\"height\":3062,\"caption\":\"Alternatievemiddelen.nl\"},\"image\":{\"@id\":\"https:\/\/www.alternatievemiddelen.nl\/#\/schema\/logo\/image\/\"}}]}<\/script>\n<!-- \/ Yoast SEO plugin. -->","yoast_head_json":{"title":"Pure Filters Voyager Waterfilter 6L (inclusief 2x Coldstream FTO PLUS filterelementen) - Alternatievemiddelen.nl","description":"Pure Filters Voyager Waterfilter 6L met Coldstream FTO PLUS filterelementen (NSF) is ideaal voor thuis en op reis. Geschikt voor gebruik door 1-2 personen.","robots":{"index":"index","follow":"follow","max-snippet":"max-snippet:-1","max-image-preview":"max-image-preview:large","max-video-preview":"max-video-preview:-1"},"canonical":"https:\/\/www.alternatievemiddelen.nl\/fr\/wp-json\/wp\/v2\/product\/46890","og_locale":"fr_FR","og_type":"article","og_title":"Pure Filters Voyager Waterfilter 6L (inclusief 2x Coldstream FTO PLUS filterelementen) - Alternatievemiddelen.nl","og_description":"Pure Filters Voyager Waterfilter 6L met Coldstream FTO PLUS filterelementen (NSF) is ideaal voor thuis en op reis. Geschikt voor gebruik door 1-2 personen.","og_url":"https:\/\/www.alternatievemiddelen.nl\/fr\/produits\/filtre-a-eau-pure-filters-voyager\/","og_site_name":"Alternatievemiddelen.nl","article_modified_time":"2026-04-23T09:45:25+00:00","og_image":[{"width":600,"height":800,"url":"\/wp-content\/uploads\/2025\/02\/Pure-Filters-Voyager-waterfilter-met-Coldstream-filters.jpg","type":"image\/jpeg"}],"twitter_card":"summary_large_image","twitter_misc":{"Dur\u00e9e de lecture estim\u00e9e":"5 minutes"},"schema":{"@context":"https:\/\/schema.org","@graph":[{"@type":["WebPage","ItemPage"],"@id":"https:\/\/www.alternatievemiddelen.nl\/producten\/pure-filters-voyager-waterfilter\/","url":"https:\/\/www.alternatievemiddelen.nl\/producten\/pure-filters-voyager-waterfilter\/","name":"Pure Filters Voyager Waterfilter 6L (inclusief 2x Coldstream FTO PLUS filterelementen) - Alternatievemiddelen.nl","isPartOf":{"@id":"https:\/\/www.alternatievemiddelen.nl\/#website"},"primaryImageOfPage":{"@id":"https:\/\/www.alternatievemiddelen.nl\/producten\/pure-filters-voyager-waterfilter\/#primaryimage"},"image":{"@id":"https:\/\/www.alternatievemiddelen.nl\/producten\/pure-filters-voyager-waterfilter\/#primaryimage"},"thumbnailUrl":"https:\/\/www.alternatievemiddelen.nl\/wp-content\/uploads\/2025\/02\/Pure-Filters-Voyager-waterfilter-met-Coldstream-filters.jpg","datePublished":"2025-02-24T14:41:50+00:00","dateModified":"2026-04-23T09:45:25+00:00","description":"Pure Filters Voyager Waterfilter 6L met Coldstream FTO PLUS filterelementen (NSF) is ideaal voor thuis en op reis. Geschikt voor gebruik door 1-2 personen.","breadcrumb":{"@id":"https:\/\/www.alternatievemiddelen.nl\/producten\/pure-filters-voyager-waterfilter\/#breadcrumb"},"inLanguage":"fr-FR","potentialAction":[{"@type":"ReadAction","target":["https:\/\/www.alternatievemiddelen.nl\/producten\/pure-filters-voyager-waterfilter\/"]}]},{"@type":"ImageObject","inLanguage":"fr-FR","@id":"https:\/\/www.alternatievemiddelen.nl\/producten\/pure-filters-voyager-waterfilter\/#primaryimage","url":"https:\/\/www.alternatievemiddelen.nl\/wp-content\/uploads\/2025\/02\/Pure-Filters-Voyager-waterfilter-met-Coldstream-filters.jpg","contentUrl":"https:\/\/www.alternatievemiddelen.nl\/wp-content\/uploads\/2025\/02\/Pure-Filters-Voyager-waterfilter-met-Coldstream-filters.jpg","width":600,"height":800,"caption":"Pure Filters Voyager waterfilter met Coldstream FTO PLUS filters"},{"@type":"BreadcrumbList","@id":"https:\/\/www.alternatievemiddelen.nl\/producten\/pure-filters-voyager-waterfilter\/#breadcrumb","itemListElement":[{"@type":"ListItem","position":1,"name":"Home","item":"https:\/\/www.alternatievemiddelen.nl\/"},{"@type":"ListItem","position":2,"name":"Producten","item":"https:\/\/www.alternatievemiddelen.nl\/producten\/"},{"@type":"ListItem","position":3,"name":"Pure Filters Voyager Waterfilter 6L (inclusief 2x Coldstream FTO PLUS filterelementen)"}]},{"@type":"WebSite","@id":"https:\/\/www.alternatievemiddelen.nl\/#website","url":"https:\/\/www.alternatievemiddelen.nl\/","name":"Alternatievemiddelen.nl","description":"Webshop met gezonde, duurzame en ecologische alternatieve mogelijkheden in de hedendaagse levenstijl. Alles uit eigen ervaring.","publisher":{"@id":"https:\/\/www.alternatievemiddelen.nl\/#organization"},"potentialAction":[{"@type":"SearchAction","target":{"@type":"EntryPoint","urlTemplate":"https:\/\/www.alternatievemiddelen.nl\/?s={search_term_string}"},"query-input":{"@type":"PropertyValueSpecification","valueRequired":true,"valueName":"search_term_string"}}],"inLanguage":"fr-FR"},{"@type":"Organization","@id":"https:\/\/www.alternatievemiddelen.nl\/#organization","name":"Alternatievemiddelen.nl","url":"https:\/\/www.alternatievemiddelen.nl\/","logo":{"@type":"ImageObject","inLanguage":"fr-FR","@id":"https:\/\/www.alternatievemiddelen.nl\/#\/schema\/logo\/image\/","url":"https:\/\/www.alternatievemiddelen.nl\/wp-content\/uploads\/2023\/10\/alternatievemiddelen-PNG-logo.png","contentUrl":"https:\/\/www.alternatievemiddelen.nl\/wp-content\/uploads\/2023\/10\/alternatievemiddelen-PNG-logo.png","width":6400,"height":3062,"caption":"Alternatievemiddelen.nl"},"image":{"@id":"https:\/\/www.alternatievemiddelen.nl\/#\/schema\/logo\/image\/"}}]}},"_links":{"self":[{"href":"https:\/\/www.alternatievemiddelen.nl\/fr\/wp-json\/wp\/v2\/product\/46890","targetHints":{"allow":["GET"]}}],"collection":[{"href":"https:\/\/www.alternatievemiddelen.nl\/fr\/wp-json\/wp\/v2\/product"}],"about":[{"href":"https:\/\/www.alternatievemiddelen.nl\/fr\/wp-json\/wp\/v2\/types\/product"}],"replies":[{"embeddable":true,"href":"https:\/\/www.alternatievemiddelen.nl\/fr\/wp-json\/wp\/v2\/comments?post=46890"}],"wp:featuredmedia":[{"embeddable":true,"href":"https:\/\/www.alternatievemiddelen.nl\/fr\/wp-json\/wp\/v2\/media\/47301"}],"wp:attachment":[{"href":"https:\/\/www.alternatievemiddelen.nl\/fr\/wp-json\/wp\/v2\/media?parent=46890"}],"wp:term":[{"taxonomy":"product_brand","embeddable":true,"href":"https:\/\/www.alternatievemiddelen.nl\/fr\/wp-json\/wp\/v2\/product_brand?post=46890"},{"taxonomy":"product_cat","embeddable":true,"href":"https:\/\/www.alternatievemiddelen.nl\/fr\/wp-json\/wp\/v2\/product_cat?post=46890"},{"taxonomy":"product_tag","embeddable":true,"href":"https:\/\/www.alternatievemiddelen.nl\/fr\/wp-json\/wp\/v2\/product_tag?post=46890"},{"taxonomy":"merk","embeddable":true,"href":"https:\/\/www.alternatievemiddelen.nl\/fr\/wp-json\/wp\/v2\/merk?post=46890"}],"curies":[{"name":"wp","href":"https:\/\/api.w.org\/{rel}","templated":true}]}}