{"id":46935,"date":"2025-02-27T11:07:48","date_gmt":"2025-02-27T10:07:48","guid":{"rendered":"https:\/\/www.alternatievemiddelen.nl\/?post_type=product&#038;p=46935"},"modified":"2025-02-27T11:18:21","modified_gmt":"2025-02-27T10:18:21","slug":"kijkglaskraantje-rvs-voor-pure-filters-family-waterfilter","status":"publish","type":"product","link":"https:\/\/www.alternatievemiddelen.nl\/fr\/produits\/robinet-avec-temoin-de-niveau-deau-en-inox-pour-filtre-a-eau-pure-filters-family\/","title":{"rendered":"Voyant en acier inoxydable pour filtre \u00e0 eau Pure Filters Family"},"content":{"rendered":"<p>Le robinet en verre en acier inoxydable pour Pure Filters Family est un accessoire qui ajoute \u00e0 la fois style et fonction. Il est assorti au design des filtres \u00e0 eau en acier inoxydable Pure Filters. Rempla\u00e7ant le robinet en acier inoxydable fourni en standard, ce robinet en acier inoxydable de haute qualit\u00e9 vous permet de lire instantan\u00e9ment le niveau d'eau dans le r\u00e9servoir inf\u00e9rieur de votre filtre \u00e0 eau Pure Filters. <a href=\"https:\/\/www.alternatievemiddelen.nl\/fr\/produits\/filtre-a-eau-pure-filters-family\/\">Pure Filters Filtre \u00e0 eau familial<\/a>. Vous saurez alors avec certitude qu'il est temps de remplir le plateau sup\u00e9rieur.<br \/>\n&nbsp;<\/p>\n<h3>(Multi)fonctionnel<\/h3>\n<p>La plupart des filtres \u00e0 eau \u00e0 gravit\u00e9 n\u00e9cessitent de soulever le r\u00e9cipient sup\u00e9rieur pour voir combien d'eau il reste dans le r\u00e9cipient inf\u00e9rieur. Mais un coup d'\u0153il rapide sur le couvercle en verre suffit pour d\u00e9terminer le niveau exact d'eau dans votre filtre \u00e0 eau en acier inoxydable Pure Filters (<a href=\"https:\/\/www.alternatievemiddelen.nl\/fr\/produits\/filtre-a-eau-pure-filters-family\/\">Pure Filters Filtre \u00e0 eau familial<\/a>).<\/p>\n<p>Cependant, le robinet de regard en acier inoxydable pour les filtres \u00e0 eau Pure Filters convient \u00e9galement \u00e0 la plupart des autres marques de syst\u00e8mes de filtration d'eau par gravit\u00e9, y compris Berkey, ProOne, British Berkefeld, Alexapure, Moderna, Aqua Logic, Boroux, AquaCera et Patriot Pure. N'oubliez pas qu'il doit s'agir de la variante de 12 litres.<br \/>\n&nbsp;<\/p>\n<h3>Mat\u00e9riau du voyant en acier inoxydable pour le filtre \u00e0 eau Pure Filters Family<\/h3>\n<p>Le bo\u00eetier est en acier inoxydable (304) et se compose d'un tube en verre qui vous permet de lire facilement et rapidement le niveau d'eau gr\u00e2ce \u00e0 la boule color\u00e9e. Ce robinet avec voyant est \u00e9quip\u00e9 d'une poign\u00e9e en plastique (approuv\u00e9e pour la s\u00e9curit\u00e9 alimentaire) \u00e0 2 positions et d'un voyant. Lorsqu'il est temps de nettoyer votre filtre \u00e0 eau en acier inoxydable, il suffit de retirer le robinet, d'enlever le verre via le bouchon situ\u00e9 sur le dessus et de rincer le tube en verre avec de l'eau et du savon. N'oubliez pas de ne pas perdre la petite boule ! Laissez-le ensuite s\u00e9cher \u00e0 l'air libre.<\/p>\n<p>Faites passer votre filtre \u00e0 eau en acier inoxydable au niveau sup\u00e9rieur de commodit\u00e9 avec la valve de regard en acier inoxydable pour le filtre \u00e0 eau Pure Filters Family !<br \/>\n&nbsp;<\/p>\n<h3>Contenu de la bo\u00eete<\/h3>\n<p>1x robinet en acier inoxydable (AISI 304) avec tube indicateur de niveau transparent et boule color\u00e9e pour une meilleure visibilit\u00e9.<br \/>\n2 anneaux en silicone de haute qualit\u00e9 pour une \u00e9tanch\u00e9it\u00e9 parfaite.<br \/>\n2x plaques de recouvrement en acier inoxydable pour les anneaux en silicone.<br \/>\n1x \u00e9crou papillon en acier inoxydable pour un montage s\u00fbr.<br \/>\n1x outil de serrage jaune, sp\u00e9cialement con\u00e7u pour faciliter le serrage des \u00e9crous, m\u00eame dans les endroits exigus.<br \/>\n&nbsp;<\/p>\n<h3>Installation du robinet de regard en acier inoxydable pour le filtre \u00e0 eau Pure Filters Family<\/h3>\n<p>1. Retirer l'\u00e9crou et \u00e9ventuellement les 4 pi\u00e8ces (plaques de recouvrement et rondelles blanches) de la tige filet\u00e9e du robinet.<br \/>\n2. Placer une plaque de recouvrement en acier inoxydable puis une bague blanche sur la tige filet\u00e9e du robinet.<br \/>\n3. Ins\u00e9rer la tige filet\u00e9e dans le trou du r\u00e9servoir inf\u00e9rieur du filtre \u00e0 eau.<br \/>\n4. Placez une rondelle blanche puis une plaque de recouvrement en acier inoxydable sur la tige filet\u00e9e \u00e0 l'int\u00e9rieur du plateau inf\u00e9rieur du filtre \u00e0 eau.<br \/>\n5. Fixez l'\u00e9crou. Il se peut que vous ayez besoin de l'outil de serrage pour serrer fermement. Vous pouvez \u00e9galement tenir l'\u00e9crou \u00e0 l'int\u00e9rieur et le tourner avec le robinet \u00e0 l'ext\u00e9rieur. Ne serrez pas trop, mais il ne doit pas y avoir de fuite.<\/p>","protected":false},"excerpt":{"rendered":"<p>Le robinet en verre en acier inoxydable pour le filtre \u00e0 eau Pure Filters Family, pour voir le niveau d'eau dans le r\u00e9servoir inf\u00e9rieur de votre filtre \u00e0 eau en acier inoxydable de 12 litres.<\/p>","protected":false},"featured_media":46937,"comment_status":"open","ping_status":"closed","template":"","meta":[],"product_brand":[],"product_cat":[2971,3013],"product_tag":[3230,3231,3228,3033,3009,3632,3646,2880,2885,2979,3012,3229,2980],"merk":[3630],"class_list":{"0":"post-46935","1":"product","2":"type-product","3":"status-publish","4":"has-post-thumbnail","6":"product_cat-waterfilters","7":"product_cat-waterfilter-accessoires","8":"product_tag-accessoire","9":"product_tag-accessoires","10":"product_tag-kijkglas","11":"product_tag-kijkglaskraantje","12":"product_tag-kraantje","13":"product_tag-pure-filters","14":"product_tag-pure-filters-family","15":"product_tag-rvs","16":"product_tag-water","17":"product_tag-waterfilter","18":"product_tag-waterfilters","19":"product_tag-waterniveau","20":"product_tag-waterzuivering","21":"merk-pure-filters","23":"first","24":"instock","25":"taxable","26":"shipping-taxable","27":"purchasable","28":"product-type-simple"},"bundled_by":[],"bundle_stock_status":"instock","bundle_stock_quantity":null,"bundle_virtual":false,"bundle_layout":"","bundle_add_to_cart_form_location":"","bundle_editable_in_cart":false,"bundle_sold_individually_context":"","bundle_item_grouping":"","bundle_min_size":"","bundle_max_size":"","bundle_price":[],"bundled_items":[],"bundle_sell_ids":[44176],"yoast_head":"<!-- This site is optimized with the Yoast SEO plugin v26.1 - https:\/\/yoast.com\/wordpress\/plugins\/seo\/ -->\n<title>Kijkglaskraantje RVS voor Pure Filters Family waterfilter - Alternatievemiddelen.nl<\/title>\n<meta name=\"description\" content=\"Het kijkglaskraantje RVS voor Pure Filters Family waterfilter, om het waterniveau te zien in de onderste bak van jouw RVS waterfilter van 12 liter.\" \/>\n<meta name=\"robots\" content=\"index, follow, max-snippet:-1, max-image-preview:large, max-video-preview:-1\" \/>\n<link rel=\"canonical\" href=\"https:\/\/www.alternatievemiddelen.nl\/fr\/wp-json\/wp\/v2\/product\/46935\" \/>\n<meta property=\"og:locale\" content=\"fr_FR\" \/>\n<meta property=\"og:type\" content=\"article\" \/>\n<meta property=\"og:title\" content=\"Kijkglaskraantje RVS voor Pure Filters Family waterfilter - Alternatievemiddelen.nl\" \/>\n<meta property=\"og:description\" content=\"Het kijkglaskraantje RVS voor Pure Filters Family waterfilter, om het waterniveau te zien in de onderste bak van jouw RVS waterfilter van 12 liter.\" \/>\n<meta property=\"og:url\" content=\"https:\/\/www.alternatievemiddelen.nl\/fr\/produits\/robinet-avec-temoin-de-niveau-deau-en-inox-pour-filtre-a-eau-pure-filters-family\/\" \/>\n<meta property=\"og:site_name\" content=\"Alternatievemiddelen.nl\" \/>\n<meta property=\"article:modified_time\" content=\"2025-02-27T10:18:21+00:00\" \/>\n<meta property=\"og:image\" content=\"\/wp-content\/uploads\/2025\/02\/Kijkglaskraantje-RVS-Pure-Filters-Family.jpg\" \/>\n\t<meta property=\"og:image:width\" content=\"600\" \/>\n\t<meta property=\"og:image:height\" content=\"800\" \/>\n\t<meta property=\"og:image:type\" content=\"image\/jpeg\" \/>\n<meta name=\"twitter:card\" content=\"summary_large_image\" \/>\n<meta name=\"twitter:label1\" content=\"Dur\u00e9e de lecture estim\u00e9e\" \/>\n\t<meta name=\"twitter:data1\" content=\"3 minutes\" \/>\n<script type=\"application\/ld+json\" class=\"yoast-schema-graph\">{\"@context\":\"https:\/\/schema.org\",\"@graph\":[{\"@type\":[\"WebPage\",\"ItemPage\"],\"@id\":\"https:\/\/www.alternatievemiddelen.nl\/producten\/kijkglaskraantje-rvs-voor-pure-filters-family-waterfilter\/\",\"url\":\"https:\/\/www.alternatievemiddelen.nl\/producten\/kijkglaskraantje-rvs-voor-pure-filters-family-waterfilter\/\",\"name\":\"Kijkglaskraantje RVS voor Pure Filters Family waterfilter - Alternatievemiddelen.nl\",\"isPartOf\":{\"@id\":\"https:\/\/www.alternatievemiddelen.nl\/#website\"},\"primaryImageOfPage\":{\"@id\":\"https:\/\/www.alternatievemiddelen.nl\/producten\/kijkglaskraantje-rvs-voor-pure-filters-family-waterfilter\/#primaryimage\"},\"image\":{\"@id\":\"https:\/\/www.alternatievemiddelen.nl\/producten\/kijkglaskraantje-rvs-voor-pure-filters-family-waterfilter\/#primaryimage\"},\"thumbnailUrl\":\"https:\/\/www.alternatievemiddelen.nl\/wp-content\/uploads\/2025\/02\/Kijkglaskraantje-RVS-Pure-Filters-Family.jpg\",\"datePublished\":\"2025-02-27T10:07:48+00:00\",\"dateModified\":\"2025-02-27T10:18:21+00:00\",\"description\":\"Het kijkglaskraantje RVS voor Pure Filters Family waterfilter, om het waterniveau te zien in de onderste bak van jouw RVS waterfilter van 12 liter.\",\"breadcrumb\":{\"@id\":\"https:\/\/www.alternatievemiddelen.nl\/producten\/kijkglaskraantje-rvs-voor-pure-filters-family-waterfilter\/#breadcrumb\"},\"inLanguage\":\"fr-FR\",\"potentialAction\":[{\"@type\":\"ReadAction\",\"target\":[\"https:\/\/www.alternatievemiddelen.nl\/producten\/kijkglaskraantje-rvs-voor-pure-filters-family-waterfilter\/\"]}]},{\"@type\":\"ImageObject\",\"inLanguage\":\"fr-FR\",\"@id\":\"https:\/\/www.alternatievemiddelen.nl\/producten\/kijkglaskraantje-rvs-voor-pure-filters-family-waterfilter\/#primaryimage\",\"url\":\"https:\/\/www.alternatievemiddelen.nl\/wp-content\/uploads\/2025\/02\/Kijkglaskraantje-RVS-Pure-Filters-Family.jpg\",\"contentUrl\":\"https:\/\/www.alternatievemiddelen.nl\/wp-content\/uploads\/2025\/02\/Kijkglaskraantje-RVS-Pure-Filters-Family.jpg\",\"width\":600,\"height\":800,\"caption\":\"Kijkglaskraantje RVS voor Pure Filters Family\"},{\"@type\":\"BreadcrumbList\",\"@id\":\"https:\/\/www.alternatievemiddelen.nl\/producten\/kijkglaskraantje-rvs-voor-pure-filters-family-waterfilter\/#breadcrumb\",\"itemListElement\":[{\"@type\":\"ListItem\",\"position\":1,\"name\":\"Home\",\"item\":\"https:\/\/www.alternatievemiddelen.nl\/\"},{\"@type\":\"ListItem\",\"position\":2,\"name\":\"Producten\",\"item\":\"https:\/\/www.alternatievemiddelen.nl\/producten\/\"},{\"@type\":\"ListItem\",\"position\":3,\"name\":\"Kijkglaskraantje RVS voor Pure Filters Family waterfilter\"}]},{\"@type\":\"WebSite\",\"@id\":\"https:\/\/www.alternatievemiddelen.nl\/#website\",\"url\":\"https:\/\/www.alternatievemiddelen.nl\/\",\"name\":\"Alternatievemiddelen.nl\",\"description\":\"Webshop met gezonde, duurzame en ecologische alternatieve mogelijkheden in de hedendaagse levenstijl. Alles uit eigen ervaring.\",\"publisher\":{\"@id\":\"https:\/\/www.alternatievemiddelen.nl\/#organization\"},\"potentialAction\":[{\"@type\":\"SearchAction\",\"target\":{\"@type\":\"EntryPoint\",\"urlTemplate\":\"https:\/\/www.alternatievemiddelen.nl\/?s={search_term_string}\"},\"query-input\":{\"@type\":\"PropertyValueSpecification\",\"valueRequired\":true,\"valueName\":\"search_term_string\"}}],\"inLanguage\":\"fr-FR\"},{\"@type\":\"Organization\",\"@id\":\"https:\/\/www.alternatievemiddelen.nl\/#organization\",\"name\":\"Alternatievemiddelen.nl\",\"url\":\"https:\/\/www.alternatievemiddelen.nl\/\",\"logo\":{\"@type\":\"ImageObject\",\"inLanguage\":\"fr-FR\",\"@id\":\"https:\/\/www.alternatievemiddelen.nl\/#\/schema\/logo\/image\/\",\"url\":\"https:\/\/www.alternatievemiddelen.nl\/wp-content\/uploads\/2023\/10\/alternatievemiddelen-PNG-logo.png\",\"contentUrl\":\"https:\/\/www.alternatievemiddelen.nl\/wp-content\/uploads\/2023\/10\/alternatievemiddelen-PNG-logo.png\",\"width\":6400,\"height\":3062,\"caption\":\"Alternatievemiddelen.nl\"},\"image\":{\"@id\":\"https:\/\/www.alternatievemiddelen.nl\/#\/schema\/logo\/image\/\"}}]}<\/script>\n<!-- \/ Yoast SEO plugin. -->","yoast_head_json":{"title":"Kijkglaskraantje RVS voor Pure Filters Family waterfilter - Alternatievemiddelen.nl","description":"Het kijkglaskraantje RVS voor Pure Filters Family waterfilter, om het waterniveau te zien in de onderste bak van jouw RVS waterfilter van 12 liter.","robots":{"index":"index","follow":"follow","max-snippet":"max-snippet:-1","max-image-preview":"max-image-preview:large","max-video-preview":"max-video-preview:-1"},"canonical":"https:\/\/www.alternatievemiddelen.nl\/fr\/wp-json\/wp\/v2\/product\/46935","og_locale":"fr_FR","og_type":"article","og_title":"Kijkglaskraantje RVS voor Pure Filters Family waterfilter - Alternatievemiddelen.nl","og_description":"Het kijkglaskraantje RVS voor Pure Filters Family waterfilter, om het waterniveau te zien in de onderste bak van jouw RVS waterfilter van 12 liter.","og_url":"https:\/\/www.alternatievemiddelen.nl\/fr\/produits\/robinet-avec-temoin-de-niveau-deau-en-inox-pour-filtre-a-eau-pure-filters-family\/","og_site_name":"Alternatievemiddelen.nl","article_modified_time":"2025-02-27T10:18:21+00:00","og_image":[{"width":600,"height":800,"url":"\/wp-content\/uploads\/2025\/02\/Kijkglaskraantje-RVS-Pure-Filters-Family.jpg","type":"image\/jpeg"}],"twitter_card":"summary_large_image","twitter_misc":{"Dur\u00e9e de lecture estim\u00e9e":"3 minutes"},"schema":{"@context":"https:\/\/schema.org","@graph":[{"@type":["WebPage","ItemPage"],"@id":"https:\/\/www.alternatievemiddelen.nl\/producten\/kijkglaskraantje-rvs-voor-pure-filters-family-waterfilter\/","url":"https:\/\/www.alternatievemiddelen.nl\/producten\/kijkglaskraantje-rvs-voor-pure-filters-family-waterfilter\/","name":"Kijkglaskraantje RVS voor Pure Filters Family waterfilter - Alternatievemiddelen.nl","isPartOf":{"@id":"https:\/\/www.alternatievemiddelen.nl\/#website"},"primaryImageOfPage":{"@id":"https:\/\/www.alternatievemiddelen.nl\/producten\/kijkglaskraantje-rvs-voor-pure-filters-family-waterfilter\/#primaryimage"},"image":{"@id":"https:\/\/www.alternatievemiddelen.nl\/producten\/kijkglaskraantje-rvs-voor-pure-filters-family-waterfilter\/#primaryimage"},"thumbnailUrl":"https:\/\/www.alternatievemiddelen.nl\/wp-content\/uploads\/2025\/02\/Kijkglaskraantje-RVS-Pure-Filters-Family.jpg","datePublished":"2025-02-27T10:07:48+00:00","dateModified":"2025-02-27T10:18:21+00:00","description":"Het kijkglaskraantje RVS voor Pure Filters Family waterfilter, om het waterniveau te zien in de onderste bak van jouw RVS waterfilter van 12 liter.","breadcrumb":{"@id":"https:\/\/www.alternatievemiddelen.nl\/producten\/kijkglaskraantje-rvs-voor-pure-filters-family-waterfilter\/#breadcrumb"},"inLanguage":"fr-FR","potentialAction":[{"@type":"ReadAction","target":["https:\/\/www.alternatievemiddelen.nl\/producten\/kijkglaskraantje-rvs-voor-pure-filters-family-waterfilter\/"]}]},{"@type":"ImageObject","inLanguage":"fr-FR","@id":"https:\/\/www.alternatievemiddelen.nl\/producten\/kijkglaskraantje-rvs-voor-pure-filters-family-waterfilter\/#primaryimage","url":"https:\/\/www.alternatievemiddelen.nl\/wp-content\/uploads\/2025\/02\/Kijkglaskraantje-RVS-Pure-Filters-Family.jpg","contentUrl":"https:\/\/www.alternatievemiddelen.nl\/wp-content\/uploads\/2025\/02\/Kijkglaskraantje-RVS-Pure-Filters-Family.jpg","width":600,"height":800,"caption":"Kijkglaskraantje RVS voor Pure Filters Family"},{"@type":"BreadcrumbList","@id":"https:\/\/www.alternatievemiddelen.nl\/producten\/kijkglaskraantje-rvs-voor-pure-filters-family-waterfilter\/#breadcrumb","itemListElement":[{"@type":"ListItem","position":1,"name":"Home","item":"https:\/\/www.alternatievemiddelen.nl\/"},{"@type":"ListItem","position":2,"name":"Producten","item":"https:\/\/www.alternatievemiddelen.nl\/producten\/"},{"@type":"ListItem","position":3,"name":"Kijkglaskraantje RVS voor Pure Filters Family waterfilter"}]},{"@type":"WebSite","@id":"https:\/\/www.alternatievemiddelen.nl\/#website","url":"https:\/\/www.alternatievemiddelen.nl\/","name":"Alternatievemiddelen.nl","description":"Webshop met gezonde, duurzame en ecologische alternatieve mogelijkheden in de hedendaagse levenstijl. Alles uit eigen ervaring.","publisher":{"@id":"https:\/\/www.alternatievemiddelen.nl\/#organization"},"potentialAction":[{"@type":"SearchAction","target":{"@type":"EntryPoint","urlTemplate":"https:\/\/www.alternatievemiddelen.nl\/?s={search_term_string}"},"query-input":{"@type":"PropertyValueSpecification","valueRequired":true,"valueName":"search_term_string"}}],"inLanguage":"fr-FR"},{"@type":"Organization","@id":"https:\/\/www.alternatievemiddelen.nl\/#organization","name":"Alternatievemiddelen.nl","url":"https:\/\/www.alternatievemiddelen.nl\/","logo":{"@type":"ImageObject","inLanguage":"fr-FR","@id":"https:\/\/www.alternatievemiddelen.nl\/#\/schema\/logo\/image\/","url":"https:\/\/www.alternatievemiddelen.nl\/wp-content\/uploads\/2023\/10\/alternatievemiddelen-PNG-logo.png","contentUrl":"https:\/\/www.alternatievemiddelen.nl\/wp-content\/uploads\/2023\/10\/alternatievemiddelen-PNG-logo.png","width":6400,"height":3062,"caption":"Alternatievemiddelen.nl"},"image":{"@id":"https:\/\/www.alternatievemiddelen.nl\/#\/schema\/logo\/image\/"}}]}},"_links":{"self":[{"href":"https:\/\/www.alternatievemiddelen.nl\/fr\/wp-json\/wp\/v2\/product\/46935","targetHints":{"allow":["GET"]}}],"collection":[{"href":"https:\/\/www.alternatievemiddelen.nl\/fr\/wp-json\/wp\/v2\/product"}],"about":[{"href":"https:\/\/www.alternatievemiddelen.nl\/fr\/wp-json\/wp\/v2\/types\/product"}],"replies":[{"embeddable":true,"href":"https:\/\/www.alternatievemiddelen.nl\/fr\/wp-json\/wp\/v2\/comments?post=46935"}],"wp:featuredmedia":[{"embeddable":true,"href":"https:\/\/www.alternatievemiddelen.nl\/fr\/wp-json\/wp\/v2\/media\/46937"}],"wp:attachment":[{"href":"https:\/\/www.alternatievemiddelen.nl\/fr\/wp-json\/wp\/v2\/media?parent=46935"}],"wp:term":[{"taxonomy":"product_brand","embeddable":true,"href":"https:\/\/www.alternatievemiddelen.nl\/fr\/wp-json\/wp\/v2\/product_brand?post=46935"},{"taxonomy":"product_cat","embeddable":true,"href":"https:\/\/www.alternatievemiddelen.nl\/fr\/wp-json\/wp\/v2\/product_cat?post=46935"},{"taxonomy":"product_tag","embeddable":true,"href":"https:\/\/www.alternatievemiddelen.nl\/fr\/wp-json\/wp\/v2\/product_tag?post=46935"},{"taxonomy":"merk","embeddable":true,"href":"https:\/\/www.alternatievemiddelen.nl\/fr\/wp-json\/wp\/v2\/merk?post=46935"}],"curies":[{"name":"wp","href":"https:\/\/api.w.org\/{rel}","templated":true}]}}